{"id":870,"date":"2024-10-07T06:38:17","date_gmt":"2024-10-07T06:38:17","guid":{"rendered":"https:\/\/www.starkhattabychtours.com\/it\/?page_id=870"},"modified":"2024-10-07T08:32:46","modified_gmt":"2024-10-07T08:32:46","slug":"marsa-alam","status":"publish","type":"page","link":"https:\/\/www.starkhattabychtours.com\/it\/marsa-alam","title":{"rendered":"Marsa Alam"},"content":{"rendered":"<section class=\"wpb-content-wrapper\"><p>[vc_section][vc_row][vc_column width=&#8221;1\/3&#8243;]<div id=\"kapee-button-92178\" class=\"kapee-element kapee-button text-inline fullb\">\n\t<a class=\"button btn-style-outline btn-shape-square btn-size-normal btn-color-default\" href=\"https:\/\/www.starkhattabychtours.com\/it\/tours\/historical-from-marsa-alam\" target=\"_self\">\n\t\tStorico\t<\/a>\n<\/div>\n[\/vc_column][vc_column width=&#8221;1\/3&#8243;]<div id=\"kapee-button-77494\" class=\"kapee-element kapee-button text-inline fullb\">\n\t<a class=\"button btn-style-outline btn-shape-square btn-size-normal btn-color-default\" href=\"https:\/\/www.starkhattabychtours.com\/it\/tours\/marsa-alam-sea-excursions\" target=\"_self\">\n\t\tmare\t<\/a>\n<\/div>\n[\/vc_column][vc_column width=&#8221;1\/3&#8243;]<div id=\"kapee-button-47310\" class=\"kapee-element kapee-button text-inline fullb\">\n\t<a class=\"button btn-style-outline btn-shape-square btn-size-normal btn-color-default\" href=\"https:\/\/www.starkhattabychtours.com\/it\/tours\/marsa-alam-safari\" target=\"_self\">\n\t\tSafari\t<\/a>\n<\/div>\n[\/vc_column][\/vc_row][vc_row][vc_column][vc_toggle title=&#8221;Mersa Alam&#8221;]<\/p>\n<table class=\"table-body\">\n<thead>\n<tr>\n<td>ESCURSIONE<\/td>\n<td>PREZZO<br \/>\n(adulti)<\/td>\n<td>PREZZO<br \/>\n(bambini)<\/td>\n<\/tr>\n<\/thead>\n<tbody>\n<tr>\n<td><a href=\"https:\/\/www.starkhattabychtours.com\/it\/tour\/marsa-mubarak-reserve-in-marsa-alam\/\">La Riserva di Marsa Mubarak (a Marsa Alam)<\/a><\/td>\n<td>$40<\/td>\n<td>$20<\/td>\n<\/tr>\n<tr>\n<td><a href=\"https:\/\/www.starkhattabychtours.com\/it\/tour\/dolphin-house-sataya-reef-in-marsa-alam\/\">La casa dei delfini (Sataya Reef) a Marsa Alam<\/a><\/td>\n<td>$55<\/td>\n<td>$28<\/td>\n<\/tr>\n<tr>\n<td><a href=\"https:\/\/www.starkhattabychtours.com\/it\/tour\/two-day-luxor-tour-from-marsa-alam\/\">Due-giorni Luxor Tour da Marsa Alam<\/a><\/td>\n<td>$65<\/td>\n<td>$33<\/td>\n<\/tr>\n<tr>\n<td><a href=\"https:\/\/www.starkhattabychtours.com\/it\/tour\/cairo-pyramids-from-marsa-alam\/\">Cairo, Piramidi da Marsa Alam<\/a><\/td>\n<td>$95<\/td>\n<td>$48<\/td>\n<\/tr>\n<tr>\n<td><a href=\"https:\/\/www.starkhattabychtours.com\/it\/tour\/motorcycle-safari-quad-bikes-in-marsa-alam\/\">Safari in moto (quad) a Marsa Alam<\/a><\/td>\n<td>$32<\/td>\n<td>$16<\/td>\n<\/tr>\n<tr>\n<td><a href=\"https:\/\/www.starkhattabychtours.com\/it\/tour\/super-safari-for-the-whole-family-in-marsa-alam\/\">Super safari per tutta la famiglia a Marsa Alam<\/a><\/td>\n<td>$45<\/td>\n<td>$23<\/td>\n<\/tr>\n<\/tbody>\n<\/table>\n<p>[\/vc_toggle][\/vc_column][\/vc_row][vc_row][vc_column]<div id=\"kapee-grid-slider68914\" class=\"kapee-element woocommerce\">\t\n\t\t<div class=\"products product-style-3 row grid-view products-wrap  product-cart-icon \">\n\n<div class=\"col-xl-3 col-lg-4 col-md-6 col-sm-6 col-6 product type-product post-636 status-publish first instock product_cat-marsa-alam-safari has-post-thumbnail shipping-taxable purchasable product-type-simple\">\n\t\t\t<div class=\"product-wrapper\">\r\n\t\t\t<div class=\"product-image\">\r\n\t\t\t<a href=\"https:\/\/www.starkhattabychtours.com\/it\/tour\/super-safari-for-the-whole-family-in-marsa-alam\" class=\"woocommerce-LoopProduct-link\" target=\"_self\"><img loading=\"lazy\" decoding=\"async\" width=\"300\" height=\"300\" src=\"https:\/\/www.starkhattabychtours.com\/it\/wp-content\/uploads\/sites\/5\/2024\/09\/75770704-f749-488a-9e8f-7546ac7bbef3_desert-super-safari-excursions-by-jeep-from-marsa-alam-xlarge-300x300.jpg\" class=\"attachment-woocommerce_thumbnail size-woocommerce_thumbnail front-image\" alt=\"\" srcset=\"https:\/\/www.starkhattabychtours.com\/it\/wp-content\/uploads\/sites\/5\/2024\/09\/75770704-f749-488a-9e8f-7546ac7bbef3_desert-super-safari-excursions-by-jeep-from-marsa-alam-xlarge-300x300.jpg 300w, https:\/\/www.starkhattabychtours.com\/it\/wp-content\/uploads\/sites\/5\/2024\/09\/75770704-f749-488a-9e8f-7546ac7bbef3_desert-super-safari-excursions-by-jeep-from-marsa-alam-xlarge-150x150.jpg 150w\" sizes=\"auto, (max-width: 300px) 100vw, 300px\" \/><\/a>\t\t <\/div>\r\n\t\t \t\t<div class=\"product-info\">\r\n\t\t\t<div class=\"product-title-rating\">\r\n\t\t\t\r\n\t\t<div class=\"product-cats\">\r\n\t\t\t<a href=\"https:\/\/www.starkhattabychtours.com\/it\/tours\/marsa-alam-safari\" rel=\"tag\">Safari Di Marsa Alam<\/a>\t\t<\/div>\r\n\t\t<h3 class=\"product-title\"><a href=\"https:\/\/www.starkhattabychtours.com\/it\/tour\/super-safari-for-the-whole-family-in-marsa-alam\" target=\"_self\">Super safari per tutta la famiglia a Marsa Alam<\/a><\/h3>\n<div class=\"woocommerce-product-details__short-description\">\n\t\t\t<span>Highlights:<\/span>\n\t\t<div class=\"short-description\">\n\t\t<ul>\n<li>Prenotazione in 3 minuti<\/li>\n<li>Nessun pagamento anticipato<\/li>\n<li>Transfer dall&#8217;hotel<\/li>\n<li>Assicurazione inclusa<\/li>\n<li>Guida turistica<\/li>\n<li>Nessun costo aggiuntivo o commissioni<\/li>\n<li>Foto e recensioni autentiche<\/li>\n<li>Assistenza di un responsabile personale<\/li>\n<\/ul>\n\t<\/div>\n<\/div>\n\t\t<\/div>\r\n\t\t\t<div class=\"product-price-buttons\">\r\n\t\t\t<div class=\"product-price\">\r\n\t\t\t\n\t<span class=\"price\"><span class=\"woocommerce-Price-amount amount\"><bdi><span class=\"woocommerce-Price-currencySymbol\">&#36;<\/span>50.00<\/bdi><\/span><\/span>\n\t\t <\/div>\r\n\t\t \t\t<div class=\"product-buttons-variations\">\r\n\t\t\t\t\t\r\n\t\t<div class=\"product-buttons\">\r\n\t\t\t\t\t <\/div>\r\n\t\t \t\t <\/div>\r\n\t\t \t\t<\/div>\r\n\t\t\t<\/div>\r\n\t\t\t<\/div>\r\n\t<\/div>\n<div class=\"col-xl-3 col-lg-4 col-md-6 col-sm-6 col-6 product type-product post-631 status-publish instock product_cat-marsa-alam-safari has-post-thumbnail shipping-taxable purchasable product-type-simple\">\n\t\t\t<div class=\"product-wrapper\">\r\n\t\t\t<div class=\"product-image\">\r\n\t\t\t<a href=\"https:\/\/www.starkhattabychtours.com\/it\/tour\/motorcycle-safari-quad-bikes-in-marsa-alam\" class=\"woocommerce-LoopProduct-link\" target=\"_self\"><img loading=\"lazy\" decoding=\"async\" width=\"300\" height=\"300\" src=\"https:\/\/www.starkhattabychtours.com\/it\/wp-content\/uploads\/sites\/5\/2024\/09\/2000x2000-0-70-e8136023a2fa0c3b0765ebe30efb0c09-300x300.jpg\" class=\"attachment-woocommerce_thumbnail size-woocommerce_thumbnail front-image\" alt=\"\" srcset=\"https:\/\/www.starkhattabychtours.com\/it\/wp-content\/uploads\/sites\/5\/2024\/09\/2000x2000-0-70-e8136023a2fa0c3b0765ebe30efb0c09-300x300.jpg 300w, https:\/\/www.starkhattabychtours.com\/it\/wp-content\/uploads\/sites\/5\/2024\/09\/2000x2000-0-70-e8136023a2fa0c3b0765ebe30efb0c09-150x150.jpg 150w\" sizes=\"auto, (max-width: 300px) 100vw, 300px\" \/><\/a>\t\t <\/div>\r\n\t\t \t\t<div class=\"product-info\">\r\n\t\t\t<div class=\"product-title-rating\">\r\n\t\t\t\r\n\t\t<div class=\"product-cats\">\r\n\t\t\t<a href=\"https:\/\/www.starkhattabychtours.com\/it\/tours\/marsa-alam-safari\" rel=\"tag\">Safari Di Marsa Alam<\/a>\t\t<\/div>\r\n\t\t<h3 class=\"product-title\"><a href=\"https:\/\/www.starkhattabychtours.com\/it\/tour\/motorcycle-safari-quad-bikes-in-marsa-alam\" target=\"_self\">Safari in moto (quad) a Marsa Alam<\/a><\/h3>\n<div class=\"woocommerce-product-details__short-description\">\n\t\t\t<span>Highlights:<\/span>\n\t\t<div class=\"short-description\">\n\t\t<p>Prezzo &#8211; Adulti (13+ anni): $32<br \/>\nPrezzo &#8211; Bambini (6-12 anni): $16<br \/>\nDurata stimata: 4-5 ore<br \/>\nGiorni di operazione: Quotidiano<\/p>\n<ul>\n<li>Prenota in 3 minuti<\/li>\n<li>Nessun pagamento anticipato richiesto<\/li>\n<li>Trasferimento in hotel incluso<\/li>\n<li>Assicurazione valida<\/li>\n<li>Servizio di guida fornito<\/li>\n<li>Nessuna tassa o commissione aggiuntiva<\/li>\n<li>Foto e recensioni reali<\/li>\n<li>Gestore personale<\/li>\n<\/ul>\n\t<\/div>\n<\/div>\n\t\t<\/div>\r\n\t\t\t<div class=\"product-price-buttons\">\r\n\t\t\t<div class=\"product-price\">\r\n\t\t\t\n\t<span class=\"price\"><span class=\"woocommerce-Price-amount amount\"><bdi><span class=\"woocommerce-Price-currencySymbol\">&#36;<\/span>32.00<\/bdi><\/span><\/span>\n\t\t <\/div>\r\n\t\t \t\t<div class=\"product-buttons-variations\">\r\n\t\t\t\t\t\r\n\t\t<div class=\"product-buttons\">\r\n\t\t\t\t\t <\/div>\r\n\t\t \t\t <\/div>\r\n\t\t \t\t<\/div>\r\n\t\t\t<\/div>\r\n\t\t\t<\/div>\r\n\t<\/div>\n<div class=\"col-xl-3 col-lg-4 col-md-6 col-sm-6 col-6 product type-product post-627 status-publish instock product_cat-marsa-alam-sea-excursions has-post-thumbnail shipping-taxable purchasable product-type-simple\">\n\t\t\t<div class=\"product-wrapper\">\r\n\t\t\t<div class=\"product-image\">\r\n\t\t\t<a href=\"https:\/\/www.starkhattabychtours.com\/it\/tour\/dolphin-house-sataya-reef-in-marsa-alam\" class=\"woocommerce-LoopProduct-link\" target=\"_self\"><img loading=\"lazy\" decoding=\"async\" width=\"300\" height=\"300\" src=\"https:\/\/www.starkhattabychtours.com\/it\/wp-content\/uploads\/sites\/5\/2024\/09\/image-05-02-23-00-10-2-1-300x300.jpeg\" class=\"attachment-woocommerce_thumbnail size-woocommerce_thumbnail front-image\" alt=\"\" srcset=\"https:\/\/www.starkhattabychtours.com\/it\/wp-content\/uploads\/sites\/5\/2024\/09\/image-05-02-23-00-10-2-1-300x300.jpeg 300w, https:\/\/www.starkhattabychtours.com\/it\/wp-content\/uploads\/sites\/5\/2024\/09\/image-05-02-23-00-10-2-1-150x150.jpeg 150w, https:\/\/www.starkhattabychtours.com\/it\/wp-content\/uploads\/sites\/5\/2024\/09\/image-05-02-23-00-10-2-1-768x768.jpeg 768w, https:\/\/www.starkhattabychtours.com\/it\/wp-content\/uploads\/sites\/5\/2024\/09\/image-05-02-23-00-10-2-1-600x600.jpeg 600w, https:\/\/www.starkhattabychtours.com\/it\/wp-content\/uploads\/sites\/5\/2024\/09\/image-05-02-23-00-10-2-1.jpeg 960w\" sizes=\"auto, (max-width: 300px) 100vw, 300px\" \/><\/a>\t\t <\/div>\r\n\t\t \t\t<div class=\"product-info\">\r\n\t\t\t<div class=\"product-title-rating\">\r\n\t\t\t\r\n\t\t<div class=\"product-cats\">\r\n\t\t\t<a href=\"https:\/\/www.starkhattabychtours.com\/it\/tours\/marsa-alam-sea-excursions\" rel=\"tag\">Mare Di Marsa Alam<\/a>\t\t<\/div>\r\n\t\t<h3 class=\"product-title\"><a href=\"https:\/\/www.starkhattabychtours.com\/it\/tour\/dolphin-house-sataya-reef-in-marsa-alam\" target=\"_self\">La casa dei delfini (Sataya Reef) a Marsa Alam<\/a><\/h3>\n<div class=\"woocommerce-product-details__short-description\">\n\t\t\t<span>Highlights:<\/span>\n\t\t<div class=\"short-description\">\n\t\t<p>Prezzo &#8211; Adulti (13+) $55<br \/>\nPrezzo &#8211; Bambini (6-12) $28<br \/>\nDurata prevista 11 ore<br \/>\nGiorni della settimana Luned\u00ec, Mercoled\u00ec, Venerd\u00ec<\/p>\n<ul>\n<li>Prenotazione in 3 minuti<\/li>\n<li>Nessun pagamento anticipato<\/li>\n<li>Trasferimento in hotel<\/li>\n<li>Assicurazione valida<\/li>\n<li>Guida accompagnatrice<\/li>\n<li>Nessuna tassa o commissione aggiuntiva<\/li>\n<li>Foto e recensioni reali<\/li>\n<li>Gestore personale<\/li>\n<\/ul>\n\t<\/div>\n<\/div>\n\t\t<\/div>\r\n\t\t\t<div class=\"product-price-buttons\">\r\n\t\t\t<div class=\"product-price\">\r\n\t\t\t\n\t<span class=\"price\"><span class=\"woocommerce-Price-amount amount\"><bdi><span class=\"woocommerce-Price-currencySymbol\">&#36;<\/span>55.00<\/bdi><\/span><\/span>\n\t\t <\/div>\r\n\t\t \t\t<div class=\"product-buttons-variations\">\r\n\t\t\t\t\t\r\n\t\t<div class=\"product-buttons\">\r\n\t\t\t\t\t <\/div>\r\n\t\t \t\t <\/div>\r\n\t\t \t\t<\/div>\r\n\t\t\t<\/div>\r\n\t\t\t<\/div>\r\n\t<\/div>\n<div class=\"col-xl-3 col-lg-4 col-md-6 col-sm-6 col-6 product type-product post-623 status-publish last instock product_cat-marsa-alam-sea-excursions has-post-thumbnail shipping-taxable purchasable product-type-simple\">\n\t\t\t<div class=\"product-wrapper\">\r\n\t\t\t<div class=\"product-image\">\r\n\t\t\t<a href=\"https:\/\/www.starkhattabychtours.com\/it\/tour\/marsa-mubarak-reserve-in-marsa-alam\" class=\"woocommerce-LoopProduct-link\" target=\"_self\"><img loading=\"lazy\" decoding=\"async\" width=\"300\" height=\"300\" src=\"https:\/\/www.starkhattabychtours.com\/it\/wp-content\/uploads\/sites\/5\/2024\/09\/o25s-300x300.jpg\" class=\"attachment-woocommerce_thumbnail size-woocommerce_thumbnail front-image\" alt=\"\" srcset=\"https:\/\/www.starkhattabychtours.com\/it\/wp-content\/uploads\/sites\/5\/2024\/09\/o25s-300x300.jpg 300w, https:\/\/www.starkhattabychtours.com\/it\/wp-content\/uploads\/sites\/5\/2024\/09\/o25s-150x150.jpg 150w\" sizes=\"auto, (max-width: 300px) 100vw, 300px\" \/><\/a>\t\t <\/div>\r\n\t\t \t\t<div class=\"product-info\">\r\n\t\t\t<div class=\"product-title-rating\">\r\n\t\t\t\r\n\t\t<div class=\"product-cats\">\r\n\t\t\t<a href=\"https:\/\/www.starkhattabychtours.com\/it\/tours\/marsa-alam-sea-excursions\" rel=\"tag\">Mare Di Marsa Alam<\/a>\t\t<\/div>\r\n\t\t<h3 class=\"product-title\"><a href=\"https:\/\/www.starkhattabychtours.com\/it\/tour\/marsa-mubarak-reserve-in-marsa-alam\" target=\"_self\">La Riserva di Marsa Mubarak (a Marsa Alam)<\/a><\/h3>\n<div class=\"woocommerce-product-details__short-description\">\n\t\t\t<span>Highlights:<\/span>\n\t\t<div class=\"short-description\">\n\t\t<p>Prezzo per adulti (13 anni e pi\u00f9) $40.<br \/>\nPrezzo per bambini (da 6 a 12 anni) $20.<br \/>\nDurata stimata 8 ore.<br \/>\nGiorni della settimana luned\u00ec, mercoled\u00ec e venerd\u00ec.<\/p>\n<ul>\n<li>Prenota in 3 minuti.<\/li>\n<li>Nessun pagamento anticipato richiesto.<\/li>\n<li>Trasferimento dall&#8217;hotel.<\/li>\n<li>Assicurazione valida.<\/li>\n<li>Guida accompagnatrice.<\/li>\n<li>Nessun pagamento o commissione aggiuntivo.<\/li>\n<li>Foto e recensioni reali.<\/li>\n<li>Gestore personale.<\/li>\n<\/ul>\n\t<\/div>\n<\/div>\n\t\t<\/div>\r\n\t\t\t<div class=\"product-price-buttons\">\r\n\t\t\t<div class=\"product-price\">\r\n\t\t\t\n\t<span class=\"price\"><span class=\"woocommerce-Price-amount amount\"><bdi><span class=\"woocommerce-Price-currencySymbol\">&#36;<\/span>40.00<\/bdi><\/span><\/span>\n\t\t <\/div>\r\n\t\t \t\t<div class=\"product-buttons-variations\">\r\n\t\t\t\t\t\r\n\t\t<div class=\"product-buttons\">\r\n\t\t\t\t\t <\/div>\r\n\t\t \t\t <\/div>\r\n\t\t \t\t<\/div>\r\n\t\t\t<\/div>\r\n\t\t\t<\/div>\r\n\t<\/div>\n<div class=\"col-xl-3 col-lg-4 col-md-6 col-sm-6 col-6 product type-product post-618 status-publish first instock product_cat-historical-from-marsa-alam has-post-thumbnail shipping-taxable purchasable product-type-simple\">\n\t\t\t<div class=\"product-wrapper\">\r\n\t\t\t<div class=\"product-image\">\r\n\t\t\t<a href=\"https:\/\/www.starkhattabychtours.com\/it\/tour\/cairo-pyramids-from-marsa-alam\" class=\"woocommerce-LoopProduct-link\" target=\"_self\"><img loading=\"lazy\" decoding=\"async\" width=\"300\" height=\"300\" src=\"https:\/\/www.starkhattabychtours.com\/it\/wp-content\/uploads\/sites\/5\/2024\/09\/1200-900-pyramids_lg-300x300.jpg\" class=\"attachment-woocommerce_thumbnail size-woocommerce_thumbnail front-image\" alt=\"\" srcset=\"https:\/\/www.starkhattabychtours.com\/it\/wp-content\/uploads\/sites\/5\/2024\/09\/1200-900-pyramids_lg-300x300.jpg 300w, https:\/\/www.starkhattabychtours.com\/it\/wp-content\/uploads\/sites\/5\/2024\/09\/1200-900-pyramids_lg-150x150.jpg 150w\" sizes=\"auto, (max-width: 300px) 100vw, 300px\" \/><\/a>\t\t <\/div>\r\n\t\t \t\t<div class=\"product-info\">\r\n\t\t\t<div class=\"product-title-rating\">\r\n\t\t\t\r\n\t\t<div class=\"product-cats\">\r\n\t\t\t<a href=\"https:\/\/www.starkhattabychtours.com\/it\/tours\/historical-from-marsa-alam\" rel=\"tag\">Storico Da Marsa Alam<\/a>\t\t<\/div>\r\n\t\t<h3 class=\"product-title\"><a href=\"https:\/\/www.starkhattabychtours.com\/it\/tour\/cairo-pyramids-from-marsa-alam\" target=\"_self\">Cairo, Piramidi da Marsa Alam<\/a><\/h3>\n<div class=\"woocommerce-product-details__short-description\">\n\t\t\t<span>Highlights:<\/span>\n\t\t<div class=\"short-description\">\n\t\t<p>Prezzo &#8211; adulti (13+) $95<br \/>\nPrezzo &#8211; bambini (6-12) $48<br \/>\nDurata stimata 26 ore<br \/>\nGiorni della settimana mercoled\u00ec, sabato<\/p>\n<ul>\n<li>Prenota in 3 minuti<\/li>\n<li>Nessun pagamento anticipato richiesto<\/li>\n<li>Trasferimento in hotel incluso<\/li>\n<li>Assicurazione valida<\/li>\n<li>Guida di lingua russa<\/li>\n<li>Nessuna spesa aggiuntiva o commissioni<\/li>\n<li>Foto e recensioni reali<\/li>\n<li>Manager personale<\/li>\n<\/ul>\n\t<\/div>\n<\/div>\n\t\t<\/div>\r\n\t\t\t<div class=\"product-price-buttons\">\r\n\t\t\t<div class=\"product-price\">\r\n\t\t\t\n\t<span class=\"price\"><span class=\"woocommerce-Price-amount amount\"><bdi><span class=\"woocommerce-Price-currencySymbol\">&#36;<\/span>95.00<\/bdi><\/span><\/span>\n\t\t <\/div>\r\n\t\t \t\t<div class=\"product-buttons-variations\">\r\n\t\t\t\t\t\r\n\t\t<div class=\"product-buttons\">\r\n\t\t\t\t\t <\/div>\r\n\t\t \t\t <\/div>\r\n\t\t \t\t<\/div>\r\n\t\t\t<\/div>\r\n\t\t\t<\/div>\r\n\t<\/div>\n<div class=\"col-xl-3 col-lg-4 col-md-6 col-sm-6 col-6 product type-product post-613 status-publish instock product_cat-historical-from-marsa-alam has-post-thumbnail shipping-taxable purchasable product-type-simple\">\n\t\t\t<div class=\"product-wrapper\">\r\n\t\t\t<div class=\"product-image\">\r\n\t\t\t<a href=\"https:\/\/www.starkhattabychtours.com\/it\/tour\/two-day-luxor-tour-from-marsa-alam\" class=\"woocommerce-LoopProduct-link\" target=\"_self\"><img loading=\"lazy\" decoding=\"async\" width=\"300\" height=\"300\" src=\"https:\/\/www.starkhattabychtours.com\/it\/wp-content\/uploads\/sites\/5\/2024\/09\/luxor-econo-1920-900_lg-300x300.jpg\" class=\"attachment-woocommerce_thumbnail size-woocommerce_thumbnail front-image\" alt=\"\" srcset=\"https:\/\/www.starkhattabychtours.com\/it\/wp-content\/uploads\/sites\/5\/2024\/09\/luxor-econo-1920-900_lg-300x300.jpg 300w, https:\/\/www.starkhattabychtours.com\/it\/wp-content\/uploads\/sites\/5\/2024\/09\/luxor-econo-1920-900_lg-150x150.jpg 150w\" sizes=\"auto, (max-width: 300px) 100vw, 300px\" \/><\/a>\t\t <\/div>\r\n\t\t \t\t<div class=\"product-info\">\r\n\t\t\t<div class=\"product-title-rating\">\r\n\t\t\t\r\n\t\t<div class=\"product-cats\">\r\n\t\t\t<a href=\"https:\/\/www.starkhattabychtours.com\/it\/tours\/historical-from-marsa-alam\" rel=\"tag\">Storico Da Marsa Alam<\/a>\t\t<\/div>\r\n\t\t<h3 class=\"product-title\"><a href=\"https:\/\/www.starkhattabychtours.com\/it\/tour\/two-day-luxor-tour-from-marsa-alam\" target=\"_self\">Due-giorni Luxor Tour da Marsa Alam<\/a><\/h3>\n<div class=\"woocommerce-product-details__short-description\">\n\t\t\t<span>Highlights:<\/span>\n\t\t<div class=\"short-description\">\n\t\t<p>Prezzo per adulti (13 anni e pi\u00f9): $65<br \/>\nPrezzo per bambini (da 6 a 12 anni): $33<br \/>\nDurata approssimativa: 18 ore<br \/>\nGiorni della settimana: luned\u00ec, mercoled\u00ec, sabato, domenica.<\/p>\n<ul>\n<li>Prenota in 3 minuti<\/li>\n<li>Nessun pagamento anticipato richiesto<\/li>\n<li>Trasferimento dal tuo hotel<\/li>\n<li>Assicurazione valida<\/li>\n<li>Guida di lingua russa<\/li>\n<li>Nessuna tassa o commissione aggiuntiva<\/li>\n<li>Foto e recensioni reali<\/li>\n<li>Gestore personale<\/li>\n<\/ul>\n\t<\/div>\n<\/div>\n\t\t<\/div>\r\n\t\t\t<div class=\"product-price-buttons\">\r\n\t\t\t<div class=\"product-price\">\r\n\t\t\t\n\t<span class=\"price\"><span class=\"woocommerce-Price-amount amount\"><bdi><span class=\"woocommerce-Price-currencySymbol\">&#36;<\/span>65.00<\/bdi><\/span><\/span>\n\t\t <\/div>\r\n\t\t \t\t<div class=\"product-buttons-variations\">\r\n\t\t\t\t\t\r\n\t\t<div class=\"product-buttons\">\r\n\t\t\t\t\t <\/div>\r\n\t\t \t\t <\/div>\r\n\t\t \t\t<\/div>\r\n\t\t\t<\/div>\r\n\t\t\t<\/div>\r\n\t<\/div>\n\n\t<\/div>\n\t\n<\/div>[\/vc_column][\/vc_row][\/vc_section]<\/p>\n<\/section>","protected":false},"excerpt":{"rendered":"<p>[vc_section][vc_row][vc_column width=&#8221;1\/3&#8243;][\/vc_column][vc_column width=&#8221;1\/3&#8243;][\/vc_column][vc_column width=&#8221;1\/3&#8243;][\/vc_column][\/vc_row][vc_row][vc_column][vc_toggle title=&#8221;Mersa Alam&#8221;] ESCURSIONE PREZZO (adulti) PREZZO (bambini) La Riserva di Marsa Mubarak (a Marsa Alam) $40 $20 La casa dei delfini (Sataya Reef) a Marsa Alam<\/p>\n","protected":false},"author":2,"featured_media":0,"parent":0,"menu_order":0,"comment_status":"closed","ping_status":"closed","template":"","meta":{"footnotes":""},"class_list":["post-870","page","type-page","status-publish","hentry"],"_links":{"self":[{"href":"https:\/\/www.starkhattabychtours.com\/it\/wp-json\/wp\/v2\/pages\/870","targetHints":{"allow":["GET"]}}],"collection":[{"href":"https:\/\/www.starkhattabychtours.com\/it\/wp-json\/wp\/v2\/pages"}],"about":[{"href":"https:\/\/www.starkhattabychtours.com\/it\/wp-json\/wp\/v2\/types\/page"}],"author":[{"embeddable":true,"href":"https:\/\/www.starkhattabychtours.com\/it\/wp-json\/wp\/v2\/users\/2"}],"replies":[{"embeddable":true,"href":"https:\/\/www.starkhattabychtours.com\/it\/wp-json\/wp\/v2\/comments?post=870"}],"version-history":[{"count":5,"href":"https:\/\/www.starkhattabychtours.com\/it\/wp-json\/wp\/v2\/pages\/870\/revisions"}],"predecessor-version":[{"id":888,"href":"https:\/\/www.starkhattabychtours.com\/it\/wp-json\/wp\/v2\/pages\/870\/revisions\/888"}],"wp:attachment":[{"href":"https:\/\/www.starkhattabychtours.com\/it\/wp-json\/wp\/v2\/media?parent=870"}],"curies":[{"name":"wp","href":"https:\/\/api.w.org\/{rel}","templated":true}]}}