{"id":111,"date":"2024-09-04T10:46:39","date_gmt":"2024-09-04T10:46:39","guid":{"rendered":"https:\/\/www.starkhattabychtours.com\/it\/?post_type=product&#038;p=111"},"modified":"2024-10-05T10:16:06","modified_gmt":"2024-10-05T10:16:06","slug":"yacht-rental-in-hurghada-individual-day","status":"publish","type":"product","link":"https:\/\/www.starkhattabychtours.com\/it\/tour\/yacht-rental-in-hurghada-individual-day","title":{"rendered":"Noleggio yacht a Hurghada (individuale, al giorno)"},"content":{"rendered":"<section class=\"wpb-content-wrapper\"><p>[vc_section][vc_row][vc_column][vc_column_text]Noleggio yacht privato in Hurghada &#8211; la migliore escursione marina in Egitto!<\/p>\n<p>Questa \u00e8 una meravigliosa opportunit\u00e0 per partecipare a qualsiasi programma marino esclusivamente con la tua compagnia, senza altri turisti. L&#8217;intero equipaggio della nave lavorer\u00e0 solo per te. Puoi facilmente creare il tuo programma utilizzando un metodo costruttore e calcolare facilmente il prezzo finale. E i nostri prezzi sono pi\u00f9 che democratici!<\/p>\n<p>Offriamo una selezione di varie navi private per qualsiasi budget, da $100 a $450 per l&#8217;intera giornata per l&#8217;intera compagnia (escluse richieste aggiuntive, ulteriori informazioni di seguito)[\/vc_column_text][\/vc_column][\/vc_row][vc_row][vc_column width=&#8221;1\/2&#8243;][vc_column_text]<\/p>\n<h3>Cosa \u00e8 incluso nel programma di noleggio dello yacht:<\/h3>\n<ul>\n<li>Prelievo dall&#8217;hotel intorno alle 8:00 AM (l&#8217;ora esatta verr\u00e0 confermata dopo la prenotazione; il viaggio fino al porto dura 15-40 minuti, a seconda della posizione dell&#8217;hotel);<\/li>\n<li>Partenza dal porto intorno alle 9:30-10:00 AM (dipende dal permesso della polizia, a volte prima);<\/li>\n<li>Visita a varie baie dove \u00e8 possibile incontrare i delfini (se si \u00e8 fortunati, si pu\u00f2 nuotare con loro);<\/li>\n<li>Due soste per lo snorkeling in interessanti barriere coralline, ciascuna della durata di circa un&#8217;ora (decise sul posto);<\/li>\n<li>Pesca (facoltativa; canna da pesca e esca forniti, se disponibili);<\/li>\n<li>Pranzo sullo yacht (buffet: pollo, salsicce, riso, patate, pasta, insalate) + bibite durante il giorno (t\u00e8, caff\u00e8 solubile, bibite gassate);<br \/>\n*Ritorno al porto e trasferimento di ritorno all&#8217;hotel intorno alle 4:00 PM<\/li>\n<\/ul>\n<p>[\/vc_column_text][\/vc_column][vc_column width=&#8221;1\/2&#8243;][vc_column_text]<\/p>\n<h3>Prezzi per il noleggio di yacht (yacht nella foto sopra, sotto i nomi):<\/h3>\n<h4>Il prezzo \u00e8 per yacht:<\/h4>\n<ul>\n<li>Saida = $100, fino a 3 persone (per la pesca);<\/li>\n<li>Sia Rose = $140, fino a 5 persone;<\/li>\n<li>Matrix = $150, fino a 6 persone;<\/li>\n<li>Amina = $150, fino a 6 persone;<\/li>\n<li>Tilia = $160, fino a 8 persone;<\/li>\n<li>Mirage = $180, fino a 10 persone;<\/li>\n<li>Habiba = $200, fino a 10 persone;<\/li>\n<li>Yacht pi\u00f9 grandi e pi\u00f9 lussuosi = da $300 (foto disponibili su richiesta).<\/li>\n<\/ul>\n<p>Sono disponibili anche altri yacht a prezzi diversi (a seconda della disponibilit\u00e0). Se lo yacht che hai prenotato \u00e8 stato prenotato da altri turisti immediatamente dopo il tuo prepagamento (questo a volte accade, la domanda \u00e8 alta, le informazioni non ci raggiungono sempre rapidamente) e non sei soddisfatto di uno yacht simile (invieremo le foto in anticipo), il tuo prepagamento verr\u00e0 rimborsato[\/vc_column_text][\/vc_column][\/vc_row][vc_row][vc_column][vc_column_text]<\/p>\n<h2 data-sourcepos=\"3:1-3:61\">Cosa \u00e8 incluso nel prezzo dell&#8217;affitto (qualsiasi barca):<\/h2>\n<ul data-sourcepos=\"5:1-10:0\">\n<li data-sourcepos=\"5:1-5:95\">Pranzo e bevande standard sullo yacht (frutti di mare possono essere ordinati separatamente);<\/li>\n<li data-sourcepos=\"6:1-6:89\">Attrezzatura per lo snorkeling (attrezzatura da sub pu\u00f2 essere ordinata separatamente);<\/li>\n<li data-sourcepos=\"7:1-7:38\">Servizi dell&#8217;equipaggio dello yacht;<\/li>\n<li data-sourcepos=\"8:1-8:74\">Pesca con la canna (se disponibile sullo yacht, verificare in anticipo);<\/li>\n<li data-sourcepos=\"9:1-10:0\">Trasporto ad Hurghada. (Aree: El Gouna, Sahl Hasheesh e Makadi &#8211; costo aggiuntivo di $10* in entrambe le direzioni. Aree di Soma Bay e Safaga &#8211; costo aggiuntivo di $20* in entrambe le direzioni. *Il prezzo \u00e8 indicato per una prenotazione in entrambe le direzioni, fino a 6 persone. Il trasferimento pu\u00f2 essere di gruppo.)<\/li>\n<\/ul>\n<h3 data-sourcepos=\"11:1-11:34\"><strong>Prezzi per servizi aggiuntivi:<\/strong><\/h3>\n<ul data-sourcepos=\"13:1-20:0\">\n<li data-sourcepos=\"13:1-13:84\">+$10\/persona &#8211; costo della visita di Paradise Island, Orange Bay, Nemo o Magawish;<\/li>\n<li data-sourcepos=\"14:1-14:80\">+$5\/persona &#8211; aggiunta di frutti di mare al pranzo (solo per tutti i turisti);<\/li>\n<li data-sourcepos=\"15:1-15:56\">+$5\/persona &#8211; pesca con la canna da pesca (mulinello);<\/li>\n<li data-sourcepos=\"16:1-16:346\">+$10\/persona &#8211; immersioni, una immersione con un istruttore fino a 15 minuti, fino ad una profondit\u00e0 di 7 metri (il prezzo \u00e8 indicato da 4 persone; se una persona si immerge &#8211; $25\/persona, se due persone si immergono &#8211; $15\/persona, se tre persone si immergono &#8211; $12\/persona). A volte le immersioni possono essere effettuate su uno yacht vicino;<\/li>\n<li data-sourcepos=\"17:1-17:148\">+$25 &#8211; guida su una banana gonfiabile e un ciambella per tutte le persone a bordo, giro standard su ogni gonfiabile (arriva una barca aggiuntiva);<\/li>\n<li data-sourcepos=\"18:1-18:48\">+$10 &#8211; decorazione dello yacht con palloncini;<\/li>\n<li data-sourcepos=\"19:1-20:0\">+$10 &#8211; una torta o un bouquet di fiori. *Deve essere prenotato in anticipo, almeno 1 giorno prima della partenza. Se rifiutate il servizio il giorno del programma, il costo dei servizi rimane lo stesso.<\/li>\n<\/ul>\n<h3 data-sourcepos=\"21:1-21:28\"><strong>Informazioni aggiuntive:<\/strong><\/h3>\n<ul data-sourcepos=\"23:1-26:211\">\n<li data-sourcepos=\"23:1-23:307\">Il pagamento anticipato per qualsiasi yacht \u00e8 di $50. Viene restituito se si annulla pi\u00f9 di 24 ore prima della data dell&#8217;escursione (se lo yacht non \u00e8 disponibile per qualsiasi motivo o se viene effettuata una sostituzione con uno yacht non adatto, il pagamento anticipato viene rimborsato completamente);<\/li>\n<li data-sourcepos=\"24:1-24:112\">Si consiglia di prenotare uno yacht con qualche giorno di anticipo, prima \u00e8 meglio (alta domanda in stagione);<\/li>\n<li data-sourcepos=\"25:1-25:150\">\u00c8 necessario inviare le foto dei passaporti di tutte le persone per organizzare un permesso turistico per le immersioni presso la polizia turistica;<\/li>\n<li data-sourcepos=\"26:1-26:211\">Importante! Vi preghiamo gentilmente di non salire sul ponte superiore bagnati. Prima di farlo, dovete asciugarvi con un asciugamano. Questo \u00e8 necessario per motivi di sicurezza, per non scivolare sulle scale.<\/li>\n<\/ul>\n<p>[\/vc_column_text][\/vc_column][\/vc_row][\/vc_section][vc_section][vc_row][vc_column]<div id=\"kapee-header-3344\" class=\"kapee-element kapee-heading text-left kapee-width-100 separator-none separator-between-heading\">\t\n\t\t\t\n\t\t\t<div class=\"heading-wrap\">\n\t\t\t<span class=\"separator-left\"><\/span>\n\t\t\t<h2 class=\"heading-title\">Domande frequenti (FAQ): <\/h2>\t\t\t<span class=\"separator-right\"><\/span>\n\t\t\t\t\t<\/div>\n\t\t\n    <\/div>[vc_toggle title=&#8221;Il vostro prezzo \u00e8 cos\u00ec basso&#8230; Probabilmente state facendo un servizio di bassa qualit\u00e0?&#8221; style=&#8221;square_outline&#8221; color=&#8221;sky&#8221;]Offriamo davvero alcuni dei prezzi pi\u00f9 bassi mantenendo un alto livello di servizio. Il motivo \u00e8 che siamo una societ\u00e0 di prenotazioni online per grandi operatori turistici in Egitto, il che ci consente di offrire prezzi molto competitivi grazie al nostro ampio volume di turisti. Prenotando con noi, ricevi un servizio di alta qualit\u00e0 senza pagare eccessivamente gli intermediari.[\/vc_toggle][vc_toggle title=&#8221;Che tipo di autobus e trasferimenti avete?&#8221; style=&#8221;square_outline&#8221; color=&#8221;sky&#8221;]Una variet\u00e0 di trasporti \u00e8 disponibile per l&#8217;uso degli organizzatori dell&#8217;evento all&#8217;interno del parco, tra cui auto, minivan e comodi autobus. Tutti i veicoli sono dotati di aria condizionata e sistemi di sicurezza. Per viaggi pi\u00f9 lunghi, vengono forniti autobus con servizi igienici. Inoltre, tutti i veicoli vengono sottoposti a regolari controlli di manutenzione e sanificazione, e possiedono le necessarie autorizzazioni turistiche. Inoltre, i conducenti vengono sottoposti a ispezioni dalla polizia turistica prima di ogni lungo viaggio.[\/vc_toggle][vc_toggle title=&#8221;Come e quando pago per il tour?&#8221; style=&#8221;square_outline&#8221; color=&#8221;sky&#8221;]Lavoriamo senza pagamento anticipato. Tutti i tour di gruppo vengono pagati sull&#8217;autobus o durante il tour stesso. Le eccezioni sono i pagamenti anticipati per i tour privati e i tour che richiedono l&#8217;acquisto di biglietti aerei o l&#8217;elaborazione di documenti. I nostri programmi principali vengono pagati direttamente durante il trasferimento o all&#8217;inizio del tour. Non \u00e8 necessario cercare qualcuno per pagare il tour. Un dipendente dell&#8217;organizzatore si avviciner\u00e0 a te. Puoi pagare in contanti in dollari USA, euro o sterline egiziane. Per la tua comodit\u00e0, offriamo anche la possibilit\u00e0 di trasferire fondi su una carta bancaria in rubli, grivnie ed euro al tasso di cambio o su un portafoglio di criptovaluta in USDT, prima del tour. Per informazioni pi\u00f9 dettagliate sui metodi di pagamento e sui rimborsi, consulta qui.[\/vc_toggle][vc_toggle title=&#8221;Hai una licenza turistica?&#8221; style=&#8221;square_outline&#8221; color=&#8221;sky&#8221;]L&#8217;Egitto \u00e8 un paese altamente regolamentato, specialmente quando si tratta di turismo. Affinch\u00e9 qualsiasi veicolo o yacht possa partire per un&#8217;escursione, \u00e8 necessario ottenere permessi giornalieri sia dalla polizia che dai militari. Se gli operatori turistici non hanno una valida licenza turistica, naturalmente non gli verranno concessi questi permessi. Ecco perch\u00e9 per alcune escursioni, potremmo richiedere copie dei vostri voucher e passaporti (questo vale per le escursioni marine a Sharm El-Sheikh, i tour privati e alcuni tour di gruppo se coinvolgono l&#8217;uscita dalla citt\u00e0. Per altre escursioni, i permessi vengono semplicemente rilasciati in base al numero di persone e non sono necessari i dettagli del passaporto).[\/vc_toggle][vc_toggle title=&#8221;Siamo assicurati durante l&#8217;escursione?&#8221; style=&#8221;square_outline&#8221; color=&#8221;sky&#8221;]<\/p>\n<p data-sourcepos=\"3:1-3:250\">Sfortunatamente, alcune guide degli hotel cercano di convincere i turisti che la loro assicurazione di viaggio \u00e8 presumibilmente invalida se prenotano escursioni con operatori turistici esterni, invece della loro stessa compagnia. Questo non \u00e8 vero.<\/p>\n<p data-sourcepos=\"5:1-5:148\">Innanzitutto, la tua assicurazione di viaggio \u00e8 valida in tutto l&#8217;Egitto, proprio come lo sarebbe se prenotassi con la compagnia di tour dell&#8217;hotel.<\/p>\n<p data-sourcepos=\"7:1-7:381\">In secondo luogo, se sei su una barca, un autobus o un altro mezzo di trasporto, l&#8217;organizzatore si assume la piena responsabilit\u00e0 assicurativa nei confronti dei passeggeri. Altrimenti, semplicemente non sarebbero in grado di ottenere un permesso per condurre attivit\u00e0 turistiche. L&#8217;Egitto ha regolamenti turistici piuttosto rigidi e sono necessari permessi prima di ogni viaggio.<\/p>\n<p>[\/vc_toggle][vc_toggle title=&#8221;Come posso recuperare un oggetto perso durante un tour?&#8221; style=&#8221;square_outline&#8221; color=&#8221;sky&#8221;]Ricordiamo sempre ai nostri ospiti di controllare attentamente di avere con s\u00e9 tutti i loro effetti personali prima di uscire dall&#8217;autobus o dallo yacht alla fine del tour. Sfortunatamente, recuperare oggetti smarriti pu\u00f2 essere piuttosto difficile a causa della partenza immediata dei veicoli per la pulizia e le complessit\u00e0 della logistica egiziana. Sebbene faremo il possibile per aiutarti a ritrovare i tuoi effetti personali, non possiamo garantire un tasso di recupero del 100%. Se riusciamo a trovare il tuo oggetto, ci sar\u00e0 una tassa di consegna di $5-10. Si prega di prestare attenzione ai propri effetti personali![\/vc_toggle][vc_toggle title=&#8221;Dovrei modificare i miei piani o aspettare per il tour?&#8221; style=&#8221;square_outline&#8221; color=&#8221;sky&#8221;]Abbiamo un significativo afflusso giornaliero di richieste di prenotazione per i nostri programmi da parte dei turisti. Di conseguenza, la maggior parte delle escursioni vengono organizzate quotidianamente o in specifici giorni della settimana seguendo un programma dettagliato fornito nella descrizione di ciascun programma. Dopo la prenotazione, ti invieremo l&#8217;ora esatta del prelievo dal tuo hotel. Molti tour saranno condotti con piccoli gruppi provenienti da vari hotel che hanno acquistato escursioni attraverso gli operatori turistici. L&#8217;unica differenza \u00e8 che i nostri prezzi sono del 40-60% pi\u00f9 bassi (i nostri organizzatori conducono tutte le principali escursioni a Hurghada e Sharm El-Sheikh per turisti di lingua russa).[\/vc_toggle][vc_toggle title=&#8221;Dove posso trovare il fotografo che ha scattato le foto durante il tour?&#8221; style=&#8221;square_outline&#8221; color=&#8221;sky&#8221;]Vorremmo informarvi che i fotografi che vi accompagnano durante le escursioni agiscono come rappresentanti indipendenti dei loro studi fotografici. Non fanno parte del nostro servizio online o del team organizzatore del programma. Tutti i termini e le condizioni relativi al servizio fotografico e al suo pagamento vengono discussi e concordati direttamente tra voi e il fotografo. Consigliamo di avvicinarsi ai pagamenti anticipati con cautela e di assicurarsi l&#8217;affidabilit\u00e0 dei servizi, nonch\u00e9 di ottenere tutte le informazioni di contatto del fotografo prima di effettuare qualsiasi pagamento.[\/vc_toggle][\/vc_column][\/vc_row][\/vc_section]<\/p>\n<\/section>","protected":false},"excerpt":{"rendered":"<p>Prezzo: Adulti (per yacht) a partire da $100<br \/>\nPagamento anticipato: (per yacht) $50<br \/>\nDurata approssimativa: 7 ore<br \/>\nGiorni della settimana: Su richiesta<\/p>\n<ul>\n<li>Hotel transfer<\/li>\n<li>Assicurazione valida<\/li>\n<li>Nessuna tassa o commissione aggiuntiva<\/li>\n<li>Foto e recensioni reali<\/li>\n<li>Gestore personale<\/li>\n<\/ul>\n","protected":false},"featured_media":313,"template":"","meta":[],"product_cat":[20,21],"product_tag":[],"class_list":{"0":"post-111","1":"product","2":"type-product","3":"status-publish","4":"has-post-thumbnail","6":"product_cat-hurghada-individual-excursions","7":"product_cat-hurghada-transfer","9":"first","10":"instock","11":"shipping-taxable","12":"purchasable","13":"product-type-simple"},"_links":{"self":[{"href":"https:\/\/www.starkhattabychtours.com\/it\/wp-json\/wp\/v2\/product\/111","targetHints":{"allow":["GET"]}}],"collection":[{"href":"https:\/\/www.starkhattabychtours.com\/it\/wp-json\/wp\/v2\/product"}],"about":[{"href":"https:\/\/www.starkhattabychtours.com\/it\/wp-json\/wp\/v2\/types\/product"}],"wp:featuredmedia":[{"embeddable":true,"href":"https:\/\/www.starkhattabychtours.com\/it\/wp-json\/wp\/v2\/media\/313"}],"wp:attachment":[{"href":"https:\/\/www.starkhattabychtours.com\/it\/wp-json\/wp\/v2\/media?parent=111"}],"wp:term":[{"taxonomy":"product_cat","embeddable":true,"href":"https:\/\/www.starkhattabychtours.com\/it\/wp-json\/wp\/v2\/product_cat?post=111"},{"taxonomy":"product_tag","embeddable":true,"href":"https:\/\/www.starkhattabychtours.com\/it\/wp-json\/wp\/v2\/product_tag?post=111"}],"curies":[{"name":"wp","href":"https:\/\/api.w.org\/{rel}","templated":true}]}}