{"id":40,"date":"2024-09-03T09:05:31","date_gmt":"2024-09-03T09:05:31","guid":{"rendered":"https:\/\/www.starkhattabychtours.com\/it\/?post_type=product&#038;p=40"},"modified":"2024-10-05T16:50:31","modified_gmt":"2024-10-05T16:50:31","slug":"luxor-varoius-program-banana-island-as-a-gift","status":"publish","type":"product","link":"https:\/\/www.starkhattabychtours.com\/it\/tour\/luxor-varoius-program-banana-island-as-a-gift","title":{"rendered":"Luxor (Vari Programmi) + Isola di Banana in regalo"},"content":{"rendered":"<section class=\"wpb-content-wrapper\"><p>[vc_section][vc_row][vc_column width=&#8221;1\/2&#8243;][vc_column_text]Un&#8217;escursione in autobus da Hurghada a Luxor \u00e8 un&#8217;esperienza straordinaria ed emozionante che non dovresti perderti se sei in vacanza in Egitto. Luxor \u00e8 un&#8217;antica citt\u00e0 che ancora conserva al suo interno incredibili meraviglie che attirano migliaia di turisti ogni anno.<\/p>\n<ul>\n<li data-sourcepos=\"3:1-3:116\">Ci sono vari programmi di escursione da Hurghada a Luxor, e puoi trovare una panoramica dettagliata qui sotto.<\/li>\n<li data-sourcepos=\"4:1-4:365\">La destinazione principale per i gruppi che viaggiano da Hurghada a Luxor \u00e8 il complesso templare di Karnak. \u00c8 il pi\u00f9 grande tempio antico d&#8217;Egitto e il pi\u00f9 grande museo all&#8217;aperto del mondo. Qui, scoprirai un vasto complesso dedicato agli dei Amun, Osiride e Khonsu. La grandiosit\u00e0 del tempio \u00e8 evidente nelle sue massicce colonne e nelle intriganti piscine.<\/li>\n<li data-sourcepos=\"4:1-4:365\">Un altro sito da non perdere da Hurghada \u00e8 il Tempio della Regina Hatshepsut, uno dei faraoni pi\u00f9 potenti dell&#8217;Antico Egitto. Scavato nella parete di una scogliera, \u00e8 una meraviglia architettonica che non dimenticherai facilmente.<\/li>\n<\/ul>\n<p>[\/vc_column_text][\/vc_column][vc_column width=&#8221;1\/2&#8243;][vc_images_carousel images=&#8221;597,596&#8243; img_size=&#8221;full&#8221; onclick=&#8221;link_no&#8221;][\/vc_column][\/vc_row][\/vc_section][vc_section][vc_row][vc_column][vc_column_text]<\/p>\n<ul>\n<li data-sourcepos=\"6:1-6:176\">I Colossi di Memnon sono un altro spettacolo impressionante a Luxor. Queste due statue colossali, alte oltre 18 metri, raffigurano il dio Amun e il faraone Amenhotep III.<\/li>\n<li data-sourcepos=\"7:1-7:151\">Visiterai anche l&#8217;Isola di Banana a Luxor, dove potrai assaporare frutta fresca e goderti un autentico giro in motoscafo sul maestoso fiume Nilo.<\/li>\n<li data-sourcepos=\"8:1-8:272\">La Valle dei Re e la Valle delle Regine sono veri e propri tesori a Luxor. Qui sono state scoperte le tombe dei faraoni e di altre importanti figure. Vedrai incredibili dipinti e architetture scavate nella roccia che probabilmente hai letto solo nei libri di storia.<\/li>\n<li data-sourcepos=\"9:1-9:250\">Un&#8217;escursione da Hurghada a Luxor in autobus \u00e8 un viaggio affascinante ed educativo dove imparerai molto sulla storia e la cultura dell&#8217;Antico Egitto. Sei sicuro di rimanere profondamente impressionato e di vivere un&#8217;esperienza indimenticabile.<\/li>\n<\/ul>\n<p>[\/vc_column_text][\/vc_column][\/vc_row][\/vc_section][vc_section][vc_row][vc_column width=&#8221;1\/2&#8243;][vc_single_image image=&#8221;595&#8243; img_size=&#8221;700&#215;600&#8243;][\/vc_column][vc_column width=&#8221;1\/2&#8243;]<div id=\"kapee-header-6385\" class=\"kapee-element kapee-heading text-left kapee-width-100 separator-none separator-between-heading\">\t\n\t\t\t\n\t\t\t<div class=\"heading-wrap\">\n\t\t\t<span class=\"separator-left\"><\/span>\n\t\t\t<h2 class=\"heading-title\">Offriamo sei programmi per Luxor da Hurghada tra cui scegliere: <\/h2>\t\t\t<span class=\"separator-right\"><\/span>\n\t\t\t\t\t<\/div>\n\t\t\n    <\/div>[vc_column_text]<\/p>\n<p data-sourcepos=\"3:1-4:35\"><strong>Programma 1: Luxor Standard = $35, bambini $18 (senza la Valle dei Re e delle Regine) &#8211; descrizione del programma qui sotto<\/strong> <strong>Giorni del viaggio: Quotidiano;<\/strong><\/p>\n<p data-sourcepos=\"6:1-7:34\"><strong>Programma 2: Luxor + Valle delle Regine = $40, bambini $20 &#8211; descrizione del programma qui sotto<\/strong> <strong>Giorni del viaggio: Quotidiano<\/strong><\/p>\n<p data-sourcepos=\"9:1-10:35\"><strong>Programma 3: Luxor + Valle dei Re = $55, bambini $28 &#8211; descrizione del programma qui sotto<\/strong> <strong>Giorni del viaggio: Quotidiano;<\/strong><\/p>\n<p data-sourcepos=\"12:1-13:40\"><strong>Programma 4: Nuova Luxor (Tempio di Luxor) &#8211; descrizione del programma qui = $35, bambini $18<\/strong> <strong>Giorni del viaggio: Luned\u00ec, Gioved\u00ec;<\/strong><\/p>\n<p data-sourcepos=\"15:1-16:44\"><strong>Programma 5: Super Nuova Luxor + Dendera (2 giorni) &#8211; descrizione del programma qui = $100, bambini $50<\/strong> <strong>Giorni del viaggio: Mercoled\u00ec, Domenica.<\/strong><\/p>\n<p data-sourcepos=\"18:1-19:44\"><strong>Programma 6: oppure, puoi andare a Luxor senza visitare i negozi e invece vedere il tempio della dea dell&#8217;amore e della bellezza Hathor, Dendera &#8211; per $50, bambini $25. Descrizione qui<\/strong> <strong>Giorni del viaggio: Mercoled\u00ec, Domenica.<\/strong><\/p>\n<p data-sourcepos=\"21:1-21:141\"><strong>Un viaggio a Luxor da Hurghada pu\u00f2 essere organizzato individualmente. Per maggiori dettagli, consulta la sezione &#8216;Individuale&#8217; del menu.<\/strong><\/p>\n<p data-sourcepos=\"23:1-23:96\"><strong>Offriamo anche un programma con un incontro all&#8217;alba su una mongolfiera a Luxor da Hurghada.<\/strong><\/p>\n<p>[\/vc_column_text][\/vc_column][\/vc_row][\/vc_section][vc_section][vc_row][vc_column width=&#8221;1\/2&#8243;][vc_column_text]<\/p>\n<h3 data-sourcepos=\"3:1-3:61\"><strong>Nel costo dell&#8217;escursione da Hurghada a Luxor \u00e8 incluso:<\/strong><\/h3>\n<ul data-sourcepos=\"5:1-10:0\">\n<li data-sourcepos=\"5:1-5:60\"><strong>Ingressi:<\/strong> ai siti archeologici previsti dal programma;<\/li>\n<li data-sourcepos=\"6:1-6:98\"><strong>Trasporto:<\/strong> traversata del Nilo in barca (+Isola di Banana &#8211; per la durata della promozione);<\/li>\n<li data-sourcepos=\"7:1-7:23\"><strong>Pranzo:<\/strong> a buffet;<\/li>\n<li data-sourcepos=\"8:1-8:62\"><strong>Guida:<\/strong> assistenza di una guida turistica parlante russo;<\/li>\n<li data-sourcepos=\"9:1-10:0\"><strong>Trasporto:<\/strong> servizio di trasporto a Hurghada (aree: El Gouna e Sahl Hasheesh &#8211; supplemento di $10 a tratta per auto fino a 6 persone (per singola prenotazione, il trasferimento pu\u00f2 essere condiviso)).<\/li>\n<\/ul>\n<p>[\/vc_column_text][\/vc_column][vc_column width=&#8221;1\/2&#8243;][vc_column_text]<\/p>\n<h3 data-sourcepos=\"3:1-3:70\"><strong>Cosa non \u00e8 incluso nel prezzo dell&#8217;escursione da Hurghada a Luxor:<\/strong><\/h3>\n<ul data-sourcepos=\"5:1-8:0\">\n<li data-sourcepos=\"5:1-5:150\"><strong>Isola di Banana:<\/strong> Visita facoltativa (prenotazione e pagamento in loco con la guida, +10$ in contanti &#8211; gratuita durante la promozione in corso);<\/li>\n<li data-sourcepos=\"6:1-6:32\"><strong>Bevande durante il pranzo.<\/strong><\/li>\n<\/ul>\n<p><strong>Bambini: I bambini fino a 5 anni compresi sono gratuiti.<\/strong>[\/vc_column_text][\/vc_column][\/vc_row][\/vc_section][vc_section][vc_row][vc_column][vc_column_text]<\/p>\n<h2 data-sourcepos=\"3:1-3:28\"><strong>Informazioni aggiuntive:<\/strong><\/h2>\n<ul data-sourcepos=\"5:1-13:0\">\n<li data-sourcepos=\"5:1-5:148\"><strong>Trasporto:<\/strong> Viaggio a bordo di un comodo autobus dotato di due autisti, servizio di sicurezza, aria condizionata, prese di corrente e toilette.<\/li>\n<li data-sourcepos=\"6:1-6:125\"><strong>Isola di Banana:<\/strong> I turisti che non prenotano la visita all&#8217;isola aspetteranno a bordo del bus durante il trasferimento.<\/li>\n<li data-sourcepos=\"7:1-7:240\"><strong>Valli dei Re e delle Regine:<\/strong> Saranno visitate tre tombe principali. \u00c8 possibile visitare tombe aggiuntive con un supplemento da pagare presso la biglietteria (inclusa la tomba di Tutankhamon, circa $20, pagabili in sterline egiziane).<\/li>\n<li data-sourcepos=\"8:1-8:198\"><strong>Vendita di souvenir:<\/strong> \u00c8 consuetudine in Egitto che le guide offrano souvenir in vendita. Si prega di notare che il nostro servizio online non controlla la qualit\u00e0 e i prezzi di questi prodotti.<\/li>\n<li data-sourcepos=\"9:1-9:408\"><strong>Servizio igienico:<\/strong> Per motivi igienici, il bagno del bus potrebbe essere chiuso dall&#8217;autista. Si consiglia di utilizzare i servizi igienici disponibili nelle aree di sosta e nei siti turistici (costo circa 10 sterline egiziane); a pranzo e sull&#8217;Isola di Banana i servizi igienici sono gratuiti. In caso di emergenza e se il bagno del bus \u00e8 chiuso, si prega di contattare il nostro ufficio prenotazioni.<\/li>\n<li data-sourcepos=\"10:1-10:491\"><strong>Giorni consigliati:<\/strong> I primi tre programmi sono consigliati il luned\u00ec, il gioved\u00ec e il venerd\u00ec (questi giorni includono gruppi di lingua russa e accesso gratuito all&#8217;Isola di Banana). Gli altri giorni (marted\u00ec, mercoled\u00ec, sabato, domenica) potrebbero esserci turisti europei con la propria guida, l&#8217;Isola di Banana \u00e8 a pagamento aggiuntivo e la qualit\u00e0 del tour potrebbe essere leggermente inferiore. La guida per il gruppo di lingua russa \u00e8 di lingua russa. Il prezzo rimane invariato.<\/li>\n<li data-sourcepos=\"11:1-11:339\"><strong>Operatori turistici:<\/strong> Ci sono solo tre operatori turistici nel mercato turistico egiziano che offrono escursioni a Luxor in diversi giorni della settimana. Collaboriamo con tutti loro e non esiste un&#8217;opportunit\u00e0 speciale per scegliere. Vi informiamo in anticipo sui giorni consigliati affinch\u00e9 possiate godervi al meglio il programma.<\/li>\n<li data-sourcepos=\"12:1-13:0\"><strong>Prenotazione:<\/strong> Per prenotare un&#8217;escursione da Hurghada a Luxor, clicca sull&#8217;icona del messenger che ti \u00e8 pi\u00f9 conveniente sul lato destro dello schermo e scrivici.<\/li>\n<\/ul>\n<p>[\/vc_column_text][\/vc_column][\/vc_row][\/vc_section][vc_section][vc_row][vc_column]<div id=\"kapee-header-79212\" class=\"kapee-element kapee-heading text-left kapee-width-100 separator-none separator-between-heading\">\t\n\t\t\t\n\t\t\t<div class=\"heading-wrap\">\n\t\t\t<span class=\"separator-left\"><\/span>\n\t\t\t<h2 class=\"heading-title\">Domande frequenti (FAQ): <\/h2>\t\t\t<span class=\"separator-right\"><\/span>\n\t\t\t\t\t<\/div>\n\t\t\n    <\/div>[vc_toggle title=&#8221;Il vostro prezzo \u00e8 cos\u00ec basso&#8230; Probabilmente state facendo un servizio di bassa qualit\u00e0?&#8221; style=&#8221;square_outline&#8221; color=&#8221;sky&#8221;]Offriamo davvero alcuni dei prezzi pi\u00f9 bassi mantenendo un alto livello di servizio. Il motivo \u00e8 che siamo una societ\u00e0 di prenotazioni online per grandi operatori turistici in Egitto, il che ci consente di offrire prezzi molto competitivi grazie al nostro ampio volume di turisti. Prenotando con noi, ricevi un servizio di alta qualit\u00e0 senza pagare eccessivamente gli intermediari.[\/vc_toggle][vc_toggle title=&#8221;Che tipo di autobus e trasferimenti avete?&#8221; style=&#8221;square_outline&#8221; color=&#8221;sky&#8221;]Una variet\u00e0 di trasporti \u00e8 disponibile per l&#8217;uso degli organizzatori dell&#8217;evento all&#8217;interno del parco, tra cui auto, minivan e comodi autobus. Tutti i veicoli sono dotati di aria condizionata e sistemi di sicurezza. Per viaggi pi\u00f9 lunghi, vengono forniti autobus con servizi igienici. Inoltre, tutti i veicoli vengono sottoposti a regolari controlli di manutenzione e sanificazione, e possiedono le necessarie autorizzazioni turistiche. Inoltre, i conducenti vengono sottoposti a ispezioni dalla polizia turistica prima di ogni lungo viaggio.[\/vc_toggle][vc_toggle title=&#8221;Come e quando pago per il tour?&#8221; style=&#8221;square_outline&#8221; color=&#8221;sky&#8221;]Lavoriamo senza pagamento anticipato. Tutti i tour di gruppo vengono pagati sull&#8217;autobus o durante il tour stesso. Le eccezioni sono i pagamenti anticipati per i tour privati e i tour che richiedono l&#8217;acquisto di biglietti aerei o l&#8217;elaborazione di documenti. I nostri programmi principali vengono pagati direttamente durante il trasferimento o all&#8217;inizio del tour. Non \u00e8 necessario cercare qualcuno per pagare il tour. Un dipendente dell&#8217;organizzatore si avviciner\u00e0 a te. Puoi pagare in contanti in dollari USA, euro o sterline egiziane. Per la tua comodit\u00e0, offriamo anche la possibilit\u00e0 di trasferire fondi su una carta bancaria in rubli, grivnie ed euro al tasso di cambio o su un portafoglio di criptovaluta in USDT, prima del tour. Per informazioni pi\u00f9 dettagliate sui metodi di pagamento e sui rimborsi, consulta qui.[\/vc_toggle][vc_toggle title=&#8221;Hai una licenza turistica?&#8221; style=&#8221;square_outline&#8221; color=&#8221;sky&#8221;]L&#8217;Egitto \u00e8 un paese altamente regolamentato, specialmente quando si tratta di turismo. Affinch\u00e9 qualsiasi veicolo o yacht possa partire per un&#8217;escursione, \u00e8 necessario ottenere permessi giornalieri sia dalla polizia che dai militari. Se gli operatori turistici non hanno una valida licenza turistica, naturalmente non gli verranno concessi questi permessi. Ecco perch\u00e9 per alcune escursioni, potremmo richiedere copie dei vostri voucher e passaporti (questo vale per le escursioni marine a Sharm El-Sheikh, i tour privati e alcuni tour di gruppo se coinvolgono l&#8217;uscita dalla citt\u00e0. Per altre escursioni, i permessi vengono semplicemente rilasciati in base al numero di persone e non sono necessari i dettagli del passaporto).[\/vc_toggle][vc_toggle title=&#8221;Siamo assicurati durante l&#8217;escursione?&#8221; style=&#8221;square_outline&#8221; color=&#8221;sky&#8221;]<\/p>\n<p data-sourcepos=\"3:1-3:250\">Sfortunatamente, alcune guide degli hotel cercano di convincere i turisti che la loro assicurazione di viaggio \u00e8 presumibilmente invalida se prenotano escursioni con operatori turistici esterni, invece della loro stessa compagnia. Questo non \u00e8 vero.<\/p>\n<p data-sourcepos=\"5:1-5:148\">Innanzitutto, la tua assicurazione di viaggio \u00e8 valida in tutto l&#8217;Egitto, proprio come lo sarebbe se prenotassi con la compagnia di tour dell&#8217;hotel.<\/p>\n<p data-sourcepos=\"7:1-7:381\">In secondo luogo, se sei su una barca, un autobus o un altro mezzo di trasporto, l&#8217;organizzatore si assume la piena responsabilit\u00e0 assicurativa nei confronti dei passeggeri. Altrimenti, semplicemente non sarebbero in grado di ottenere un permesso per condurre attivit\u00e0 turistiche. L&#8217;Egitto ha regolamenti turistici piuttosto rigidi e sono necessari permessi prima di ogni viaggio.<\/p>\n<p>[\/vc_toggle][vc_toggle title=&#8221;Come posso recuperare un oggetto perso durante un tour?&#8221; style=&#8221;square_outline&#8221; color=&#8221;sky&#8221;]Ricordiamo sempre ai nostri ospiti di controllare attentamente di avere con s\u00e9 tutti i loro effetti personali prima di uscire dall&#8217;autobus o dallo yacht alla fine del tour. Sfortunatamente, recuperare oggetti smarriti pu\u00f2 essere piuttosto difficile a causa della partenza immediata dei veicoli per la pulizia e le complessit\u00e0 della logistica egiziana. Sebbene faremo il possibile per aiutarti a ritrovare i tuoi effetti personali, non possiamo garantire un tasso di recupero del 100%. Se riusciamo a trovare il tuo oggetto, ci sar\u00e0 una tassa di consegna di $5-10. Si prega di prestare attenzione ai propri effetti personali![\/vc_toggle][vc_toggle title=&#8221;Dovrei modificare i miei piani o aspettare per il tour?&#8221; style=&#8221;square_outline&#8221; color=&#8221;sky&#8221;]Abbiamo un significativo afflusso giornaliero di richieste di prenotazione per i nostri programmi da parte dei turisti. Di conseguenza, la maggior parte delle escursioni vengono organizzate quotidianamente o in specifici giorni della settimana seguendo un programma dettagliato fornito nella descrizione di ciascun programma. Dopo la prenotazione, ti invieremo l&#8217;ora esatta del prelievo dal tuo hotel. Molti tour saranno condotti con piccoli gruppi provenienti da vari hotel che hanno acquistato escursioni attraverso gli operatori turistici. L&#8217;unica differenza \u00e8 che i nostri prezzi sono del 40-60% pi\u00f9 bassi (i nostri organizzatori conducono tutte le principali escursioni a Hurghada e Sharm El-Sheikh per turisti di lingua russa).[\/vc_toggle][vc_toggle title=&#8221;Dove posso trovare il fotografo che ha scattato le foto durante il tour?&#8221; style=&#8221;square_outline&#8221; color=&#8221;sky&#8221;]Vorremmo informarvi che i fotografi che vi accompagnano durante le escursioni agiscono come rappresentanti indipendenti dei loro studi fotografici. Non fanno parte del nostro servizio online o del team organizzatore del programma. Tutti i termini e le condizioni relativi al servizio fotografico e al suo pagamento vengono discussi e concordati direttamente tra voi e il fotografo. Consigliamo di avvicinarsi ai pagamenti anticipati con cautela e di assicurarsi l&#8217;affidabilit\u00e0 dei servizi, nonch\u00e9 di ottenere tutte le informazioni di contatto del fotografo prima di effettuare qualsiasi pagamento.[\/vc_toggle][\/vc_column][\/vc_row][\/vc_section]<\/p>\n<\/section>","protected":false},"excerpt":{"rendered":"<ul>\n<li><strong>Prezzo &#8211; Adulti (13+)<\/strong> $35<\/li>\n<li><strong>Prezzo &#8211; Bambini (6-12)<\/strong> da $18<\/li>\n<li><strong> Durata stimata<\/strong> 18 ore<\/li>\n<li><strong> Giorni della settimana<\/strong> (Quotidiano)<\/li>\n<\/ul>\n<p>&nbsp;<\/p>\n<ul>\n<li data-sourcepos=\"3:1-3:30\">Prenotazione in 3 minuti<\/li>\n<li data-sourcepos=\"4:1-4:33\">Nessun pagamento anticipato<\/li>\n<li data-sourcepos=\"5:1-5:30\">Trasferimento dall&#8217;hotel<\/li>\n<li data-sourcepos=\"6:1-6:26\">Assicurazione valida<\/li>\n<li data-sourcepos=\"7:1-7:26\">Guida parlante russo<\/li>\n<li data-sourcepos=\"8:1-8:47\">Nessun pagamento aggiuntivo o commissioni<\/li>\n<li data-sourcepos=\"9:1-9:29\">Foto e recensioni reali<\/li>\n<li data-sourcepos=\"10:1-11:0\">Gestore personale<\/li>\n<\/ul>\n","protected":false},"featured_media":213,"template":"","meta":[],"product_cat":[16],"product_tag":[],"class_list":{"0":"post-40","1":"product","2":"type-product","3":"status-publish","4":"has-post-thumbnail","6":"product_cat-historical-from-hurghada","8":"first","9":"instock","10":"shipping-taxable","11":"purchasable","12":"product-type-simple"},"_links":{"self":[{"href":"https:\/\/www.starkhattabychtours.com\/it\/wp-json\/wp\/v2\/product\/40","targetHints":{"allow":["GET"]}}],"collection":[{"href":"https:\/\/www.starkhattabychtours.com\/it\/wp-json\/wp\/v2\/product"}],"about":[{"href":"https:\/\/www.starkhattabychtours.com\/it\/wp-json\/wp\/v2\/types\/product"}],"wp:featuredmedia":[{"embeddable":true,"href":"https:\/\/www.starkhattabychtours.com\/it\/wp-json\/wp\/v2\/media\/213"}],"wp:attachment":[{"href":"https:\/\/www.starkhattabychtours.com\/it\/wp-json\/wp\/v2\/media?parent=40"}],"wp:term":[{"taxonomy":"product_cat","embeddable":true,"href":"https:\/\/www.starkhattabychtours.com\/it\/wp-json\/wp\/v2\/product_cat?post=40"},{"taxonomy":"product_tag","embeddable":true,"href":"https:\/\/www.starkhattabychtours.com\/it\/wp-json\/wp\/v2\/product_tag?post=40"}],"curies":[{"name":"wp","href":"https:\/\/api.w.org\/{rel}","templated":true}]}}