{"id":434,"date":"2024-09-25T06:19:36","date_gmt":"2024-09-25T06:19:36","guid":{"rendered":"https:\/\/www.starkhattabychtours.com\/it\/?post_type=product&#038;p=434"},"modified":"2024-10-05T11:11:08","modified_gmt":"2024-10-05T11:11:08","slug":"cairo-the-pyramids-by-bus","status":"publish","type":"product","link":"https:\/\/www.starkhattabychtours.com\/it\/tour\/cairo-the-pyramids-by-bus","title":{"rendered":"Da Il Cairo alle Piramidi in autobus"},"content":{"rendered":"<section class=\"wpb-content-wrapper\"><p>[vc_section][vc_row][vc_column width=&#8221;1\/2&#8243;][vc_column_text]Un viaggio al Cairo per vedere le piramidi \u00e8 un&#8217;esperienza indimenticabile che ti permette di conoscere l&#8217;antica e misteriosa cultura del popolo egizio. Le piramidi sono un simbolo dell&#8217;Egitto e sono una delle pi\u00f9 grandi meraviglie del mondo antico.<\/p>\n<p>Il Cairo \u00e8 la capitale dell&#8217;Egitto, situata sulle rive del fiume Nilo. \u00c8 la citt\u00e0 pi\u00f9 grande dell&#8217;Africa, al 13\u00b0 posto al mondo per popolazione con oltre 20 milioni di abitanti. La citt\u00e0 \u00e8 famosa per la sua ricca storia. Il suo paesaggio urbano presenta strutture dell&#8217;antica era dei faraoni, monumenti del cristianesimo egizio antico e magnifici esempi di architettura islamica medievale.<\/p>\n<p>Durante l&#8217;escursione, potrai godere di viste mozzafiato sulle piramidi, conoscere la loro storia e costruzione, visitare il museo nazionale con antichi artefatti e ascoltare molti fatti interessanti sulla vita degli antichi egizi.[\/vc_column_text][\/vc_column][vc_column width=&#8221;1\/2&#8243;][vc_single_image image=&#8221;436&#8243; img_size=&#8221;full&#8221;][\/vc_column][\/vc_row][vc_row][vc_column width=&#8221;1\/2&#8243;][vc_column_text]<\/p>\n<h3>Cosa \u00e8 incluso nel tour:<\/h3>\n<ul>\n<li>Partenza: Partenza da Sharm El Sheikh alle 00:30, a seconda della posizione del vostro hotel (il viaggio verso il Cairo dura circa 8 ore, talvolta fino a 10 ore in un senso, a seconda delle scorte della polizia &#8211; se questo \u00e8 importante per voi, vi consigliamo di scegliere il tour del Cairo e delle Piramidi in aereo);<\/li>\n<li>Museo Egizio: Visita alla pi\u00f9 grande collezione al mondo di antichi artefatti egizi, con oltre 160.000 esposizioni di tutti i periodi della storia egizia;<\/li>\n<li>Piramidi di Giza: Esplorazione delle piramidi di Khufu, Khafre e Menkaure;<\/li>\n<li>Grande Sfinge: Visione dell&#8217;iconica Grande Sfinge;<\/li>\n<li>Istituto del papiro e fabbrica dell&#8217;olio: Visita all&#8217;istituto del papiro e a una fabbrica dell&#8217;olio;<\/li>\n<li>Crociera sul Nilo: Goditi un giro in barca sul fiume Nilo (opzionale, costo aggiuntivo di $10, pagabile direttamente alla guida sull&#8217;autobus);<\/li>\n<li>Pranzo: Pranzo a buffet;<\/li>\n<li>Trasferimento di ritorno: Ritorno al vostro hotel intorno alle 01:00 (la partenza dal Cairo \u00e8 prevista tra le 16:00 e le 17:00. A volte il ritorno potrebbe essere pi\u00f9 tardi, a seconda della situazione del traffico e dei posti di blocco della polizia).<\/li>\n<\/ul>\n<h5>Si prega di notare che l&#8217;ordine del programma pu\u00f2 variare a seconda della decisione della guida e del flusso turistico nelle attrazioni.<\/h5>\n<p>[\/vc_column_text][\/vc_column][vc_column width=&#8221;1\/2&#8243;][vc_column_text]<\/p>\n<h3 data-sourcepos=\"5:1-5:32\">Incluso nel prezzo del tour:<\/h3>\n<ul data-sourcepos=\"6:1-10:0\">\n<li data-sourcepos=\"6:1-6:47\">Tutti i biglietti d&#8217;ingresso alle attrazioni;<\/li>\n<li data-sourcepos=\"7:1-7:12\">Trasporto;<\/li>\n<li data-sourcepos=\"8:1-8:20\">Pranzo (a buffet);<\/li>\n<li data-sourcepos=\"9:1-10:0\">Servizi di una guida di lingua russa.<\/li>\n<\/ul>\n<h3 data-sourcepos=\"11:1-11:36\">Non incluso nel prezzo del tour:<\/h3>\n<ul data-sourcepos=\"12:1-14:0\">\n<li data-sourcepos=\"12:1-12:102\">Giro in barca sul Nilo (facoltativo, $10 aggiuntivi, pagabili direttamente alla guida sull&#8217;autobus);<\/li>\n<li data-sourcepos=\"13:1-14:0\">Bevande durante il pranzo.<\/li>\n<\/ul>\n<h5 data-sourcepos=\"15:1-15:138\">Importante! I bambini fino a 4 anni sono gratuiti. Se occupano un posto a sedere separato sull&#8217;autobus, si applica una tariffa di $15.<\/h5>\n<p>[\/vc_column_text][\/vc_column][\/vc_row][vc_row][vc_column][vc_column_text]<\/p>\n<h2 data-sourcepos=\"3:1-3:28\">Informazioni Aggiuntive:<\/h2>\n<p data-sourcepos=\"5:1-5:435\"><strong>Requisiti per il Visto:<\/strong> Per questo tour \u00e8 richiesto un visto egiziano. Se hai solo un timbro del Sinai e hai bisogno di assistenza per ottenere un visto, possiamo aiutarti a processarlo immediatamente prima del tour. La tassa per il visto \u00e8 di $25, pi\u00f9 una tassa di servizio di $5, per un totale di $30. Si prega di notare che a causa dell&#8217;elaborazione del visto, l&#8217;orario di ritiro dall&#8217;hotel potrebbe essere di circa 1 ora prima.<\/p>\n<p data-sourcepos=\"7:1-7:138\"><strong>Trasporto:<\/strong> Un comodo autobus di grandi dimensioni con due conducenti, sicurezza, aria condizionata e toilette ti trasporter\u00e0 al Cairo.<\/p>\n<p data-sourcepos=\"9:1-9:233\"><strong>Piramide di Khufu:<\/strong> L&#8217;ingresso alla Piramide di Khufu non \u00e8 incluso nel prezzo del tour. Se desideri entrare nella piramide (tempo permettendo), i biglietti possono essere acquistati all&#8217;ingresso per 1000 sterline egiziane (~$20).<\/p>\n<p data-sourcepos=\"11:1-11:144\"><strong>Crociera sul Nilo:<\/strong> I turisti che non partecipano alla crociera sul Nilo aspetteranno nell&#8217;autobus, secondo le normative turistiche egiziane.<\/p>\n<p data-sourcepos=\"13:1-13:215\"><strong>Shopping:<\/strong> Si prega di notare che le nostre guide turistiche potrebbero offrire souvenir in vendita, una pratica comune in Egitto. Il nostro servizio online non controlla la qualit\u00e0 o i prezzi di questi articoli.<\/p>\n<p data-sourcepos=\"15:1-15:443\"><strong>Toilette:<\/strong> Per evitare odori sgradevoli, la toilette dell&#8217;autobus potrebbe essere chiusa dall&#8217;autista sotto il pretesto di un malfunzionamento. Si consiglia di utilizzare i bagni alle fermate e vicino alle attrazioni (la tassa \u00e8 di circa 10 sterline egiziane). I bagni sono gratuiti presso il luogo di pranzo. In caso di necessit\u00e0 urgente e toilette dell&#8217;autobus chiusa, si prega di contattare il nostro reparto prenotazioni per assistenza.<\/p>\n<p data-sourcepos=\"17:1-17:336\"><strong>Tour Privato:<\/strong> Il programma del tour pu\u00f2 essere personalizzato per un tour privato con un&#8217;auto personale e una guida. Ci\u00f2 consente un itinerario pi\u00f9 flessibile e adattamenti alle tue preferenze. Il costo per un&#8217;auto (minivan) con conducente e guida \u00e8 di $270, pi\u00f9 $35 aggiuntivi ($20 per bambini) a persona per il programma standard<\/p>\n<p>[\/vc_column_text][\/vc_column][\/vc_row][\/vc_section][vc_section][vc_row][vc_column]<div id=\"kapee-header-71887\" class=\"kapee-element kapee-heading text-left kapee-width-100 separator-none separator-between-heading\">\t\n\t\t\t\n\t\t\t<div class=\"heading-wrap\">\n\t\t\t<span class=\"separator-left\"><\/span>\n\t\t\t<h2 class=\"heading-title\">Domande frequenti (FAQ): <\/h2>\t\t\t<span class=\"separator-right\"><\/span>\n\t\t\t\t\t<\/div>\n\t\t\n    <\/div>[vc_toggle title=&#8221;Il vostro prezzo \u00e8 cos\u00ec basso&#8230; Probabilmente state facendo un servizio di bassa qualit\u00e0?&#8221; style=&#8221;square_outline&#8221; color=&#8221;sky&#8221;]Offriamo davvero alcuni dei prezzi pi\u00f9 bassi mantenendo un alto livello di servizio. Il motivo \u00e8 che siamo una societ\u00e0 di prenotazioni online per grandi operatori turistici in Egitto, il che ci consente di offrire prezzi molto competitivi grazie al nostro ampio volume di turisti. Prenotando con noi, ricevi un servizio di alta qualit\u00e0 senza pagare eccessivamente gli intermediari.[\/vc_toggle][vc_toggle title=&#8221;Che tipo di autobus e trasferimenti avete?&#8221; style=&#8221;square_outline&#8221; color=&#8221;sky&#8221;]Una variet\u00e0 di trasporti \u00e8 disponibile per l&#8217;uso degli organizzatori dell&#8217;evento all&#8217;interno del parco, tra cui auto, minivan e comodi autobus. Tutti i veicoli sono dotati di aria condizionata e sistemi di sicurezza. Per viaggi pi\u00f9 lunghi, vengono forniti autobus con servizi igienici. Inoltre, tutti i veicoli vengono sottoposti a regolari controlli di manutenzione e sanificazione, e possiedono le necessarie autorizzazioni turistiche. Inoltre, i conducenti vengono sottoposti a ispezioni dalla polizia turistica prima di ogni lungo viaggio.[\/vc_toggle][vc_toggle title=&#8221;Come e quando pago per il tour?&#8221; style=&#8221;square_outline&#8221; color=&#8221;sky&#8221;]Lavoriamo senza pagamento anticipato. Tutti i tour di gruppo vengono pagati sull&#8217;autobus o durante il tour stesso. Le eccezioni sono i pagamenti anticipati per i tour privati e i tour che richiedono l&#8217;acquisto di biglietti aerei o l&#8217;elaborazione di documenti. I nostri programmi principali vengono pagati direttamente durante il trasferimento o all&#8217;inizio del tour. Non \u00e8 necessario cercare qualcuno per pagare il tour. Un dipendente dell&#8217;organizzatore si avviciner\u00e0 a te. Puoi pagare in contanti in dollari USA, euro o sterline egiziane. Per la tua comodit\u00e0, offriamo anche la possibilit\u00e0 di trasferire fondi su una carta bancaria in rubli, grivnie ed euro al tasso di cambio o su un portafoglio di criptovaluta in USDT, prima del tour. Per informazioni pi\u00f9 dettagliate sui metodi di pagamento e sui rimborsi, consulta qui.[\/vc_toggle][vc_toggle title=&#8221;Hai una licenza turistica?&#8221; style=&#8221;square_outline&#8221; color=&#8221;sky&#8221;]L&#8217;Egitto \u00e8 un paese altamente regolamentato, specialmente quando si tratta di turismo. Affinch\u00e9 qualsiasi veicolo o yacht possa partire per un&#8217;escursione, \u00e8 necessario ottenere permessi giornalieri sia dalla polizia che dai militari. Se gli operatori turistici non hanno una valida licenza turistica, naturalmente non gli verranno concessi questi permessi. Ecco perch\u00e9 per alcune escursioni, potremmo richiedere copie dei vostri voucher e passaporti (questo vale per le escursioni marine a Sharm El-Sheikh, i tour privati e alcuni tour di gruppo se coinvolgono l&#8217;uscita dalla citt\u00e0. Per altre escursioni, i permessi vengono semplicemente rilasciati in base al numero di persone e non sono necessari i dettagli del passaporto).[\/vc_toggle][vc_toggle title=&#8221;Siamo assicurati durante l&#8217;escursione?&#8221; style=&#8221;square_outline&#8221; color=&#8221;sky&#8221;]<\/p>\n<p data-sourcepos=\"3:1-3:250\">Sfortunatamente, alcune guide degli hotel cercano di convincere i turisti che la loro assicurazione di viaggio \u00e8 presumibilmente invalida se prenotano escursioni con operatori turistici esterni, invece della loro stessa compagnia. Questo non \u00e8 vero.<\/p>\n<p data-sourcepos=\"5:1-5:148\">Innanzitutto, la tua assicurazione di viaggio \u00e8 valida in tutto l&#8217;Egitto, proprio come lo sarebbe se prenotassi con la compagnia di tour dell&#8217;hotel.<\/p>\n<p data-sourcepos=\"7:1-7:381\">In secondo luogo, se sei su una barca, un autobus o un altro mezzo di trasporto, l&#8217;organizzatore si assume la piena responsabilit\u00e0 assicurativa nei confronti dei passeggeri. Altrimenti, semplicemente non sarebbero in grado di ottenere un permesso per condurre attivit\u00e0 turistiche. L&#8217;Egitto ha regolamenti turistici piuttosto rigidi e sono necessari permessi prima di ogni viaggio.<\/p>\n<p>[\/vc_toggle][vc_toggle title=&#8221;Come posso recuperare un oggetto perso durante un tour?&#8221; style=&#8221;square_outline&#8221; color=&#8221;sky&#8221;]Ricordiamo sempre ai nostri ospiti di controllare attentamente di avere con s\u00e9 tutti i loro effetti personali prima di uscire dall&#8217;autobus o dallo yacht alla fine del tour. Sfortunatamente, recuperare oggetti smarriti pu\u00f2 essere piuttosto difficile a causa della partenza immediata dei veicoli per la pulizia e le complessit\u00e0 della logistica egiziana. Sebbene faremo il possibile per aiutarti a ritrovare i tuoi effetti personali, non possiamo garantire un tasso di recupero del 100%. Se riusciamo a trovare il tuo oggetto, ci sar\u00e0 una tassa di consegna di $5-10. Si prega di prestare attenzione ai propri effetti personali![\/vc_toggle][vc_toggle title=&#8221;Dovrei modificare i miei piani o aspettare per il tour?&#8221; style=&#8221;square_outline&#8221; color=&#8221;sky&#8221;]Abbiamo un significativo afflusso giornaliero di richieste di prenotazione per i nostri programmi da parte dei turisti. Di conseguenza, la maggior parte delle escursioni vengono organizzate quotidianamente o in specifici giorni della settimana seguendo un programma dettagliato fornito nella descrizione di ciascun programma. Dopo la prenotazione, ti invieremo l&#8217;ora esatta del prelievo dal tuo hotel. Molti tour saranno condotti con piccoli gruppi provenienti da vari hotel che hanno acquistato escursioni attraverso gli operatori turistici. L&#8217;unica differenza \u00e8 che i nostri prezzi sono del 40-60% pi\u00f9 bassi (i nostri organizzatori conducono tutte le principali escursioni a Hurghada e Sharm El-Sheikh per turisti di lingua russa).[\/vc_toggle][vc_toggle title=&#8221;Dove posso trovare il fotografo che ha scattato le foto durante il tour?&#8221; style=&#8221;square_outline&#8221; color=&#8221;sky&#8221;]Vorremmo informarvi che i fotografi che vi accompagnano durante le escursioni agiscono come rappresentanti indipendenti dei loro studi fotografici. Non fanno parte del nostro servizio online o del team organizzatore del programma. Tutti i termini e le condizioni relativi al servizio fotografico e al suo pagamento vengono discussi e concordati direttamente tra voi e il fotografo. Consigliamo di avvicinarsi ai pagamenti anticipati con cautela e di assicurarsi l&#8217;affidabilit\u00e0 dei servizi, nonch\u00e9 di ottenere tutte le informazioni di contatto del fotografo prima di effettuare qualsiasi pagamento.[\/vc_toggle][\/vc_column][\/vc_row][\/vc_section]<\/p>\n<\/section>","protected":false},"excerpt":{"rendered":"<p>Prezzo &#8211; adulti (12+ anni) $42<br \/>\nPrezzo &#8211; bambini (5-11 anni) $34<br \/>\nDurata stimata 24 ore<br \/>\nGiorni della settimana Quotidiano<\/p>\n<ul>\n<li>Prenota in 3 minuti<\/li>\n<li>Nessun pagamento anticipato richiesto<\/li>\n<li>Prelievo dall&#8217;hotel<\/li>\n<li>Assicurazione inclusa<\/li>\n<li>Guida di lingua russa<\/li>\n<li>Nessuna tassa o commissione aggiuntiva<\/li>\n<li>Foto e recensioni reali<\/li>\n<li>Gestore personale<\/li>\n<\/ul>\n","protected":false},"featured_media":435,"template":"","meta":[],"product_cat":[28],"product_tag":[],"class_list":{"0":"post-434","1":"product","2":"type-product","3":"status-publish","4":"has-post-thumbnail","6":"product_cat-historical-from-sharm","8":"first","9":"instock","10":"shipping-taxable","11":"purchasable","12":"product-type-simple"},"_links":{"self":[{"href":"https:\/\/www.starkhattabychtours.com\/it\/wp-json\/wp\/v2\/product\/434","targetHints":{"allow":["GET"]}}],"collection":[{"href":"https:\/\/www.starkhattabychtours.com\/it\/wp-json\/wp\/v2\/product"}],"about":[{"href":"https:\/\/www.starkhattabychtours.com\/it\/wp-json\/wp\/v2\/types\/product"}],"wp:featuredmedia":[{"embeddable":true,"href":"https:\/\/www.starkhattabychtours.com\/it\/wp-json\/wp\/v2\/media\/435"}],"wp:attachment":[{"href":"https:\/\/www.starkhattabychtours.com\/it\/wp-json\/wp\/v2\/media?parent=434"}],"wp:term":[{"taxonomy":"product_cat","embeddable":true,"href":"https:\/\/www.starkhattabychtours.com\/it\/wp-json\/wp\/v2\/product_cat?post=434"},{"taxonomy":"product_tag","embeddable":true,"href":"https:\/\/www.starkhattabychtours.com\/it\/wp-json\/wp\/v2\/product_tag?post=434"}],"curies":[{"name":"wp","href":"https:\/\/api.w.org\/{rel}","templated":true}]}}