{"id":439,"date":"2024-09-26T05:18:58","date_gmt":"2024-09-26T05:18:58","guid":{"rendered":"https:\/\/www.starkhattabychtours.com\/it\/?post_type=product&#038;p=439"},"modified":"2024-10-05T11:18:02","modified_gmt":"2024-10-05T11:18:02","slug":"cairo-and-the-pyramids-by-plane","status":"publish","type":"product","link":"https:\/\/www.starkhattabychtours.com\/it\/tour\/cairo-and-the-pyramids-by-plane","title":{"rendered":"Il Cairo, le Piramidi (in aereo)"},"content":{"rendered":"<section class=\"wpb-content-wrapper\"><p>[vc_section][vc_row][vc_column width=&#8221;1\/2&#8243;][vc_column_text]Il Cairo da Sharm el-Sheikh in aereo \u00e8 il modo pi\u00f9 veloce per fare la classica escursione alle piramidi da Sharm alla capitale egiziana senza un lungo viaggio.<br \/>\nImportante! Si consiglia di prenotare l&#8217;escursione almeno 4 giorni (a volte 7 giorni) prima, poich\u00e9 i biglietti aerei si esauriscono rapidamente.<\/p>\n<h2>Cosa include il programma del tour:<\/h2>\n<ul>\n<li>Partenza dall&#8217;hotel: Circa alle 4:30 AM (l&#8217;ora esatta verr\u00e0 comunicata dopo la prenotazione);<\/li>\n<li>Volo per il Cairo: Secondo l&#8217;orario della compagnia aerea, la durata del volo sar\u00e0 di 50 minuti;<\/li>\n<li>Incontro e accoglienza all&#8217;aeroporto del Cairo: Una guida di lingua russa vi incontrer\u00e0 all&#8217;aeroporto del Cairo e vi accompagner\u00e0 per tutta la giornata, presentandovi i luoghi di interesse del Cairo;<\/li>\n<\/ul>\n<p>[\/vc_column_text][\/vc_column][vc_column width=&#8221;1\/2&#8243;][vc_single_image image=&#8221;442&#8243; img_size=&#8221;full&#8221;][\/vc_column][\/vc_row][vc_row][vc_column][vc_column_text]<\/p>\n<ul>\n<li>Museo Egizio: Visita al famoso museo.<\/li>\n<li>Le Grandi Piramidi di Giza: Ammira le iconiche piramidi antiche.<\/li>\n<li>La Grande Sfinge: Ammira l&#8217;enigmatica statua.<\/li>\n<li>Istituto del papiro e fabbrica dell&#8217;olio: Scopri gli antichi mestieri egizi.<\/li>\n<li>Crociera sul Nilo: Giro in barca opzionale sul Nilo (costo aggiuntivo di $10-$20, pagabile alla guida sull&#8217;autobus);<\/li>\n<li>Pranzo: Goditi un pranzo a buffet.<\/li>\n<li>Fine del programma: Circa alle 5:00 PM;<\/li>\n<li>Trasferimento all&#8217;aeroporto del Cairo: Ritorno all&#8217;aeroporto del Cairo per il volo di ritorno.<\/li>\n<li>Arrivo a Sharm El Sheikh: Un rappresentante vi incontrer\u00e0 e vi trasferir\u00e0 al vostro hotel.<\/li>\n<\/ul>\n<h5>Si prega di notare che l&#8217;ordine del programma pu\u00f2 cambiare, a seconda della decisione della guida e del numero di turisti in ogni sito.<\/h5>\n<p>[\/vc_column_text][\/vc_column][\/vc_row][vc_row][vc_column width=&#8221;1\/2&#8243;][vc_column_text]<\/p>\n<h3 data-sourcepos=\"5:1-5:29\">Il prezzo del tour include:<\/h3>\n<ul data-sourcepos=\"7:1-11:0\">\n<li data-sourcepos=\"7:1-7:47\">Tutti i biglietti d&#8217;ingresso alle attrazioni;<\/li>\n<li data-sourcepos=\"8:1-8:12\">Trasporto;<\/li>\n<li data-sourcepos=\"9:1-9:20\">Pranzo (a buffet);<\/li>\n<li data-sourcepos=\"10:1-11:0\">Servizi di una guida di lingua russa.<\/li>\n<\/ul>\n<p>[\/vc_column_text][\/vc_column][vc_column width=&#8221;1\/2&#8243;][vc_column_text]<\/p>\n<h3 data-sourcepos=\"3:1-3:40\">Cosa non \u00e8 incluso nel prezzo del tour:<\/h3>\n<p data-sourcepos=\"5:1-5:131\">Crociera sul Nilo: Giro in barca opzionale sul Nilo (costo aggiuntivo da $10 a $20, pagabile direttamente alla guida sull&#8217;autobus);<\/p>\n<p data-sourcepos=\"7:1-7:35\">Bevande: Bevande durante il pranzo.<\/p>\n<h6 data-sourcepos=\"9:1-9:197\">Importante: I bambini di 2 anni e sotto sono gratuiti. Se occupano un posto a sedere separato sull&#8217;aereo e sull&#8217;autobus, o se i bambini hanno da 3 a 5 anni, \u00e8 previsto un costo aggiuntivo di $160<\/h6>\n<p>[\/vc_column_text][\/vc_column][\/vc_row][vc_row][vc_column][vc_column_text]<\/p>\n<h2 data-sourcepos=\"5:1-5:28\">Informazioni Aggiuntive:<\/h2>\n<ul data-sourcepos=\"7:1-15:203\">\n<li data-sourcepos=\"7:1-7:371\"><strong>Visto Egizio:<\/strong> Per questo tour \u00e8 necessario un visto egizio. Se hai solo un timbro del Sinai e hai bisogno di assistenza per ottenere un visto, possiamo aiutarti a processarlo prima del tour. La tassa del visto \u00e8 di $25, pi\u00f9 la nostra tassa di servizio di $5, per un totale di $30. Questo potrebbe richiedere una partenza anticipata dall&#8217;hotel di circa 30-60 minuti.<\/li>\n<li data-sourcepos=\"8:1-8:120\"><strong>Trasporto:<\/strong> Per gli spostamenti all&#8217;interno del Cairo verr\u00e0 utilizzato un comodo autobus climatizzato con toilette.<\/li>\n<li data-sourcepos=\"9:1-9:167\"><strong>Crociera sul Nilo:<\/strong> I turisti che scelgono di non fare la crociera sul Nilo aspetteranno sull&#8217;autobus o nelle vicinanze, secondo le normative turistiche egiziane.<\/li>\n<li data-sourcepos=\"10:1-10:232\"><strong>Deposito:<\/strong> \u00c8 richiesto un deposito di $150 per acquistare il biglietto aereo. Questo deposito \u00e8 non rimborsabile in caso di annullamento. Il saldo rimanente per il tour pu\u00f2 essere pagato durante il trasferimento prima del volo.<\/li>\n<li data-sourcepos=\"11:1-11:189\"><strong>Foto Passaporto:<\/strong> Si prega di inviare foto passaporto di tutti i partecipanti per il trattamento di un permesso turistico con la polizia turistica e per l&#8217;acquisto dei biglietti aerei.<\/li>\n<li data-sourcepos=\"12:1-12:155\"><strong>Biglietti Aerei:<\/strong> I biglietti saranno acquistati su voli charter disponibili. Si prega di notare che i voli serali potrebbero subire ritardi al Cairo.<\/li>\n<li data-sourcepos=\"13:1-13:205\"><strong>Aeroporto del Cairo:<\/strong> Le opzioni di cibo all&#8217;aeroporto del Cairo sono limitate. Si consiglia di portare snack o acquistare cibo in anticipo in caso di ritardi o se il vostro volo \u00e8 in programma tardi.<\/li>\n<li data-sourcepos=\"14:1-14:219\"><strong>Souvenir:<\/strong> Le guide turistiche potrebbero offrire souvenir in vendita. Questa \u00e8 una pratica comune in Egitto. Si prega di notare che il nostro servizio online non controlla la qualit\u00e0 o i prezzi di questi articoli.<\/li>\n<li data-sourcepos=\"15:1-15:203\"><strong>Piramide di Cheope:<\/strong> L&#8217;ingresso alla Piramide di Cheope non \u00e8 incluso nel prezzo del tour. Se il tempo lo permette, \u00e8 possibile acquistare i biglietti all&#8217;ingresso per 1000 sterline egiziane (~$20)<\/li>\n<\/ul>\n<p>[\/vc_column_text][\/vc_column][\/vc_row][\/vc_section][vc_section][vc_row][vc_column]<div id=\"kapee-header-70565\" class=\"kapee-element kapee-heading text-left kapee-width-100 separator-none separator-between-heading\">\t\n\t\t\t\n\t\t\t<div class=\"heading-wrap\">\n\t\t\t<span class=\"separator-left\"><\/span>\n\t\t\t<h2 class=\"heading-title\">Domande frequenti (FAQ): <\/h2>\t\t\t<span class=\"separator-right\"><\/span>\n\t\t\t\t\t<\/div>\n\t\t\n    <\/div>[vc_toggle title=&#8221;Il vostro prezzo \u00e8 cos\u00ec basso&#8230; Probabilmente state facendo un servizio di bassa qualit\u00e0?&#8221; style=&#8221;square_outline&#8221; color=&#8221;sky&#8221;]Offriamo davvero alcuni dei prezzi pi\u00f9 bassi mantenendo un alto livello di servizio. Il motivo \u00e8 che siamo una societ\u00e0 di prenotazioni online per grandi operatori turistici in Egitto, il che ci consente di offrire prezzi molto competitivi grazie al nostro ampio volume di turisti. Prenotando con noi, ricevi un servizio di alta qualit\u00e0 senza pagare eccessivamente gli intermediari.[\/vc_toggle][vc_toggle title=&#8221;Che tipo di autobus e trasferimenti avete?&#8221; style=&#8221;square_outline&#8221; color=&#8221;sky&#8221;]Una variet\u00e0 di trasporti \u00e8 disponibile per l&#8217;uso degli organizzatori dell&#8217;evento all&#8217;interno del parco, tra cui auto, minivan e comodi autobus. Tutti i veicoli sono dotati di aria condizionata e sistemi di sicurezza. Per viaggi pi\u00f9 lunghi, vengono forniti autobus con servizi igienici. Inoltre, tutti i veicoli vengono sottoposti a regolari controlli di manutenzione e sanificazione, e possiedono le necessarie autorizzazioni turistiche. Inoltre, i conducenti vengono sottoposti a ispezioni dalla polizia turistica prima di ogni lungo viaggio.[\/vc_toggle][vc_toggle title=&#8221;Come e quando pago per il tour?&#8221; style=&#8221;square_outline&#8221; color=&#8221;sky&#8221;]Lavoriamo senza pagamento anticipato. Tutti i tour di gruppo vengono pagati sull&#8217;autobus o durante il tour stesso. Le eccezioni sono i pagamenti anticipati per i tour privati e i tour che richiedono l&#8217;acquisto di biglietti aerei o l&#8217;elaborazione di documenti. I nostri programmi principali vengono pagati direttamente durante il trasferimento o all&#8217;inizio del tour. Non \u00e8 necessario cercare qualcuno per pagare il tour. Un dipendente dell&#8217;organizzatore si avviciner\u00e0 a te. Puoi pagare in contanti in dollari USA, euro o sterline egiziane. Per la tua comodit\u00e0, offriamo anche la possibilit\u00e0 di trasferire fondi su una carta bancaria in rubli, grivnie ed euro al tasso di cambio o su un portafoglio di criptovaluta in USDT, prima del tour. Per informazioni pi\u00f9 dettagliate sui metodi di pagamento e sui rimborsi, consulta qui.[\/vc_toggle][vc_toggle title=&#8221;Hai una licenza turistica?&#8221; style=&#8221;square_outline&#8221; color=&#8221;sky&#8221;]L&#8217;Egitto \u00e8 un paese altamente regolamentato, specialmente quando si tratta di turismo. Affinch\u00e9 qualsiasi veicolo o yacht possa partire per un&#8217;escursione, \u00e8 necessario ottenere permessi giornalieri sia dalla polizia che dai militari. Se gli operatori turistici non hanno una valida licenza turistica, naturalmente non gli verranno concessi questi permessi. Ecco perch\u00e9 per alcune escursioni, potremmo richiedere copie dei vostri voucher e passaporti (questo vale per le escursioni marine a Sharm El-Sheikh, i tour privati e alcuni tour di gruppo se coinvolgono l&#8217;uscita dalla citt\u00e0. Per altre escursioni, i permessi vengono semplicemente rilasciati in base al numero di persone e non sono necessari i dettagli del passaporto).[\/vc_toggle][vc_toggle title=&#8221;Siamo assicurati durante l&#8217;escursione?&#8221; style=&#8221;square_outline&#8221; color=&#8221;sky&#8221;]<\/p>\n<p data-sourcepos=\"3:1-3:250\">Sfortunatamente, alcune guide degli hotel cercano di convincere i turisti che la loro assicurazione di viaggio \u00e8 presumibilmente invalida se prenotano escursioni con operatori turistici esterni, invece della loro stessa compagnia. Questo non \u00e8 vero.<\/p>\n<p data-sourcepos=\"5:1-5:148\">Innanzitutto, la tua assicurazione di viaggio \u00e8 valida in tutto l&#8217;Egitto, proprio come lo sarebbe se prenotassi con la compagnia di tour dell&#8217;hotel.<\/p>\n<p data-sourcepos=\"7:1-7:381\">In secondo luogo, se sei su una barca, un autobus o un altro mezzo di trasporto, l&#8217;organizzatore si assume la piena responsabilit\u00e0 assicurativa nei confronti dei passeggeri. Altrimenti, semplicemente non sarebbero in grado di ottenere un permesso per condurre attivit\u00e0 turistiche. L&#8217;Egitto ha regolamenti turistici piuttosto rigidi e sono necessari permessi prima di ogni viaggio.<\/p>\n<p>[\/vc_toggle][vc_toggle title=&#8221;Come posso recuperare un oggetto perso durante un tour?&#8221; style=&#8221;square_outline&#8221; color=&#8221;sky&#8221;]Ricordiamo sempre ai nostri ospiti di controllare attentamente di avere con s\u00e9 tutti i loro effetti personali prima di uscire dall&#8217;autobus o dallo yacht alla fine del tour. Sfortunatamente, recuperare oggetti smarriti pu\u00f2 essere piuttosto difficile a causa della partenza immediata dei veicoli per la pulizia e le complessit\u00e0 della logistica egiziana. Sebbene faremo il possibile per aiutarti a ritrovare i tuoi effetti personali, non possiamo garantire un tasso di recupero del 100%. Se riusciamo a trovare il tuo oggetto, ci sar\u00e0 una tassa di consegna di $5-10. Si prega di prestare attenzione ai propri effetti personali![\/vc_toggle][vc_toggle title=&#8221;Dovrei modificare i miei piani o aspettare per il tour?&#8221; style=&#8221;square_outline&#8221; color=&#8221;sky&#8221;]Abbiamo un significativo afflusso giornaliero di richieste di prenotazione per i nostri programmi da parte dei turisti. Di conseguenza, la maggior parte delle escursioni vengono organizzate quotidianamente o in specifici giorni della settimana seguendo un programma dettagliato fornito nella descrizione di ciascun programma. Dopo la prenotazione, ti invieremo l&#8217;ora esatta del prelievo dal tuo hotel. Molti tour saranno condotti con piccoli gruppi provenienti da vari hotel che hanno acquistato escursioni attraverso gli operatori turistici. L&#8217;unica differenza \u00e8 che i nostri prezzi sono del 40-60% pi\u00f9 bassi (i nostri organizzatori conducono tutte le principali escursioni a Hurghada e Sharm El-Sheikh per turisti di lingua russa).[\/vc_toggle][vc_toggle title=&#8221;Dove posso trovare il fotografo che ha scattato le foto durante il tour?&#8221; style=&#8221;square_outline&#8221; color=&#8221;sky&#8221;]Vorremmo informarvi che i fotografi che vi accompagnano durante le escursioni agiscono come rappresentanti indipendenti dei loro studi fotografici. Non fanno parte del nostro servizio online o del team organizzatore del programma. Tutti i termini e le condizioni relativi al servizio fotografico e al suo pagamento vengono discussi e concordati direttamente tra voi e il fotografo. Consigliamo di avvicinarsi ai pagamenti anticipati con cautela e di assicurarsi l&#8217;affidabilit\u00e0 dei servizi, nonch\u00e9 di ottenere tutte le informazioni di contatto del fotografo prima di effettuare qualsiasi pagamento.[\/vc_toggle][\/vc_column][\/vc_row][\/vc_section]<\/p>\n<\/section>","protected":false},"excerpt":{"rendered":"<ul>\n<li data-sourcepos=\"5:1-5:43\"><strong>Prezzo:<\/strong> Adulti (12 anni e pi\u00f9): $190<\/li>\n<li data-sourcepos=\"6:1-6:40\"><strong>Prezzo:<\/strong> Bambini (6-11 anni): $180<\/li>\n<li data-sourcepos=\"7:1-7:29\"><strong>Durata stimata:<\/strong> 17 ore<\/li>\n<li data-sourcepos=\"8:1-8:43\"><strong>Giorni della settimana:<\/strong> Su richiesta<\/li>\n<\/ul>\n<p>&nbsp;<\/p>\n<ul>\n<li>Prenota in 3 minuti.<\/li>\n<li>Trasferimento in hotel.<\/li>\n<li>Assicurazione valida.<\/li>\n<li>Guida di lingua russa.<\/li>\n<li>Nessun pagamento o commissione aggiuntiva.<\/li>\n<li>Foto e recensioni reali.<\/li>\n<li>Gestore personale.<\/li>\n<\/ul>\n","protected":false},"featured_media":443,"template":"","meta":[],"product_cat":[28],"product_tag":[],"class_list":{"0":"post-439","1":"product","2":"type-product","3":"status-publish","4":"has-post-thumbnail","6":"product_cat-historical-from-sharm","8":"first","9":"instock","10":"shipping-taxable","11":"purchasable","12":"product-type-simple"},"_links":{"self":[{"href":"https:\/\/www.starkhattabychtours.com\/it\/wp-json\/wp\/v2\/product\/439","targetHints":{"allow":["GET"]}}],"collection":[{"href":"https:\/\/www.starkhattabychtours.com\/it\/wp-json\/wp\/v2\/product"}],"about":[{"href":"https:\/\/www.starkhattabychtours.com\/it\/wp-json\/wp\/v2\/types\/product"}],"wp:featuredmedia":[{"embeddable":true,"href":"https:\/\/www.starkhattabychtours.com\/it\/wp-json\/wp\/v2\/media\/443"}],"wp:attachment":[{"href":"https:\/\/www.starkhattabychtours.com\/it\/wp-json\/wp\/v2\/media?parent=439"}],"wp:term":[{"taxonomy":"product_cat","embeddable":true,"href":"https:\/\/www.starkhattabychtours.com\/it\/wp-json\/wp\/v2\/product_cat?post=439"},{"taxonomy":"product_tag","embeddable":true,"href":"https:\/\/www.starkhattabychtours.com\/it\/wp-json\/wp\/v2\/product_tag?post=439"}],"curies":[{"name":"wp","href":"https:\/\/api.w.org\/{rel}","templated":true}]}}