{"id":451,"date":"2024-09-26T07:33:24","date_gmt":"2024-09-26T07:33:24","guid":{"rendered":"https:\/\/www.starkhattabychtours.com\/it\/?post_type=product&#038;p=451"},"modified":"2024-10-05T11:23:55","modified_gmt":"2024-10-05T11:23:55","slug":"ancient-petra-jordan","status":"publish","type":"product","link":"https:\/\/www.starkhattabychtours.com\/it\/tour\/ancient-petra-jordan","title":{"rendered":"Antica Petra (Giordania)"},"content":{"rendered":"<section class=\"wpb-content-wrapper\"><p>[vc_section][vc_row][vc_column width=&#8221;1\/2&#8243;][vc_column_text]Una gita a Petra da Sharm El Sheikh \u00e8 una delle escursioni pi\u00f9 popolari e uniche. Il tuo viaggio inizia di notte quando parti dal tuo hotel in autobus verso il confine israeliano.<\/p>\n<p data-sourcepos=\"5:1-5:331\">Petra \u00e8 un&#8217;antica citt\u00e0 della Giordania, scavata nella roccia, e rappresenta una delle Nuove Sette Meraviglie del Mondo. La sua principale attrazione \u00e8 Al-Khazneh (Il Tesoro), rinomata per la sua magnifica architettura. Altri luoghi imperdibili includono il Monastero, l&#8217;Anfiteatro, le Tombe Reali e altre straordinarie strutture.<\/p>\n<p data-sourcepos=\"7:1-7:247\">Il viaggio prosegue verso il piccolo villaggio di Wadi Musa, sede del Parco Archeologico di Petra, patrimonio mondiale dell&#8217;UNESCO famoso per i suoi bellissimi canyon, gole e il vasto patrimonio culturale dell&#8217;altamente sviluppata civilt\u00e0 nabatea.<\/p>\n<p data-sourcepos=\"9:1-9:365\">Al loro arrivo a Petra, i turisti possono sentire lo spirito dell&#8217;antichit\u00e0 e camminare sulle orme di coloro che hanno vissuto qui oltre 2000 anni fa. Una delle principali attrazioni \u00e8 il grandioso Khazneh, spesso chiamato il tesoro della capitale nabatea. Questa meraviglia architettonica, scolpita nel rosso arenaria, \u00e8 sorprendente per la sua bellezza e potenza.<\/p>\n<p data-sourcepos=\"9:1-9:365\">I turisti possono anche intraprendere un&#8217;escursione sul Monte Aaron, da dove possono godere di viste mozzafiato sulla citt\u00e0 di Petra. Il ritorno a Sharm El-Sheikh \u00e8 previsto per la sera, lasciando tutti gli ospiti sbalorditi per aver raggiunto il loro obiettivo di vedere e apprezzare la bellezza dell&#8217;antica cultura che prosper\u00f2 in queste terre per molti secoli.<\/p>\n<p>[\/vc_column_text][\/vc_column][vc_column width=&#8221;1\/2&#8243;][vc_images_carousel images=&#8221;452&#8243; img_size=&#8221;full&#8221;][\/vc_column][\/vc_row][vc_row][vc_column][vc_column_text]<\/p>\n<p data-sourcepos=\"13:1-13:192\">Quando si visita Petra, si consiglia di indossare scarpe e abbigliamento comodi, nonch\u00e9 di portare protezione solare, acqua e una macchina fotografica per immortalare momenti indimenticabili.<\/p>\n<p>[\/vc_column_text][\/vc_column][\/vc_row][vc_row][vc_column width=&#8221;1\/2&#8243;][vc_column_text]<\/p>\n<h3>Cosa \u00e8 incluso nel tour:<\/h3>\n<ul>\n<li>Partenza dal tuo hotel per la citt\u00e0 di Taba intorno alle 00:00 (l&#8217;ora esatta verr\u00e0 comunicata dopo la prenotazione; il viaggio fino al punto di attraversamento del traghetto dura circa 3 ore, a seconda della posizione del tuo hotel);<\/li>\n<li>Trasferimento in traghetto alla citt\u00e0 giordana di Aqaba (passaggio di frontiera);<\/li>\n<li>Viaggio in autobus verso la citt\u00e0 di Wadi Musa con una fermata in un negozio di souvenir (circa 3 ore);<\/li>\n<li>Tour a piedi dell&#8217;antica citt\u00e0 di Petra attraverso la gola del Siq (circa 1 km);<\/li>\n<li>Visita al palazzo Al-Khazneh (una delle attrazioni pi\u00f9 popolari);<\/li>\n<li>Giro a cavallo di circa 800 metri (circa 25 minuti, mancia obbligatoria ai beduini, $2-3);<\/li>\n<li>Visita di altre attrazioni (Teatro Romano, tombe reali, monumenti e obelischi);<\/li>\n<li>Passeggiata lungo il colonnato romano-bizantino;<\/li>\n<li>Tempo libero, salita sul Monte Al-Habis fino alla fortezza crociata e vista panoramica;<\/li>\n<li>Pranzo in un ristorante;<\/li>\n<li>Ritorno alla citt\u00e0 di Aqaba (tempo libero, un po&#8217; di shopping nei negozi);<\/li>\n<li>Viaggio di ritorno a Sharm El-Sheikh, arrivando al tuo hotel entro le 01:00 del giorno successivo.<\/li>\n<\/ul>\n<p>[\/vc_column_text][\/vc_column][vc_column width=&#8221;1\/2&#8243;][vc_column_text]<\/p>\n<h3 data-sourcepos=\"5:1-5:32\">Incluso nel prezzo del tour:<\/h3>\n<ul data-sourcepos=\"6:1-12:0\">\n<li data-sourcepos=\"6:1-6:28\">Ingressi come da programma<\/li>\n<li data-sourcepos=\"7:1-7:25\">Biglietto del traghetto<\/li>\n<li data-sourcepos=\"8:1-8:24\">Visto per la Giordania<\/li>\n<li data-sourcepos=\"9:1-9:25\">Pranzo in un ristorante<\/li>\n<li data-sourcepos=\"10:1-10:38\">Servizi di una guida di lingua russa<\/li>\n<li data-sourcepos=\"11:1-12:0\">Trasporto in un veicolo confortevole<\/li>\n<\/ul>\n<h3 data-sourcepos=\"13:1-13:36\">Non incluso nel prezzo del tour:<\/h3>\n<ul data-sourcepos=\"14:1-18:0\">\n<li data-sourcepos=\"14:1-14:27\">Bevande durante il pranzo<\/li>\n<li data-sourcepos=\"15:1-15:95\">Passeggiate su asino, cammello o carrozza (nella gola di Petra, opzionale, pagamento in loco)<\/li>\n<li data-sourcepos=\"16:1-16:78\">Mance per i cavalieri beduini ($2-3) e altro personale, a vostra discrezione<\/li>\n<li data-sourcepos=\"17:1-18:0\">Costo per i bambini sotto i 2 anni &#8211; $65<\/li>\n<\/ul>\n<p>[\/vc_column_text][\/vc_column][\/vc_row][vc_row][vc_column][vc_column_text]<\/p>\n<h2>Informazioni aggiuntive:<\/h2>\n<ul>\n<li>La partenza avviene nella notte tra marted\u00ec e mercoled\u00ec o tra venerd\u00ec e sabato.<\/li>\n<li>\u00c8 richiesto un acconto di $10 a persona (solo tramite bonifico bancario) per elaborare il permesso, prenotare il posto e verr\u00e0 rimborsato se si annulla almeno un giorno prima della data di partenza. Il pagamento completo rimanente viene effettuato durante il trasferimento.<\/li>\n<li>Il trasporto viene fornito da un grande autobus o da un minibus in caso di gruppo piccolo, fino al punto di attraversamento della frontiera nella citt\u00e0 di Taba. All&#8217;arrivo in Giordania, i turisti saranno accolti da un altro autobus fornito dalla societ\u00e0 ospitante (l&#8217;unico organizzatore di tour di gruppo in lingua russa in questo paese).<\/li>\n<li>\u00c8 necessario inviare una foto di tutti i passaporti per richiedere un permesso turistico presso la polizia turistica.<\/li>\n<li>Non \u00e8 richiesto un visto per visitare la Giordania con questo tour (il visto egiziano non viene annullato; \u00e8 sufficiente un timbro del Sinai).<br \/>\nI cittadini di Kazakistan, Uzbekistan, Kirghizistan, Turkmenistan,<\/li>\n<li>Azerbaigian, Tagikistan, Georgia e Armenia potrebbero essere negati l&#8217;ingresso in Giordania. Si prega di contattare il Ministero degli Esteri o il consolato del proprio paese o della Giordania per informazioni dettagliate, poich\u00e9 non le abbiamo. Se si decide di andare comunque, a rischio di essere negati l&#8217;ingresso alla frontiera, verranno detratti $105 dalle spese. Si verr\u00e0 riportati al proprio hotel la sera dello stesso giorno e si passer\u00e0 l&#8217;intera giornata sul traghetto.<\/li>\n<li>Si prega di notare che la logistica \u00e8 piuttosto lunga e che i turisti trascorrono circa 4 ore nella stessa Petra.<\/li>\n<li>Non ci sono costi nascosti o commissioni; il prezzo \u00e8 definitivo<\/li>\n<\/ul>\n<p>[\/vc_column_text][\/vc_column][\/vc_row][\/vc_section][vc_section][vc_row][vc_column]<div id=\"kapee-header-21664\" class=\"kapee-element kapee-heading text-left kapee-width-100 separator-none separator-between-heading\">\t\n\t\t\t\n\t\t\t<div class=\"heading-wrap\">\n\t\t\t<span class=\"separator-left\"><\/span>\n\t\t\t<h2 class=\"heading-title\">Domande frequenti (FAQ): <\/h2>\t\t\t<span class=\"separator-right\"><\/span>\n\t\t\t\t\t<\/div>\n\t\t\n    <\/div>[vc_toggle title=&#8221;Il vostro prezzo \u00e8 cos\u00ec basso&#8230; Probabilmente state facendo un servizio di bassa qualit\u00e0?&#8221; style=&#8221;square_outline&#8221; color=&#8221;sky&#8221;]Offriamo davvero alcuni dei prezzi pi\u00f9 bassi mantenendo un alto livello di servizio. Il motivo \u00e8 che siamo una societ\u00e0 di prenotazioni online per grandi operatori turistici in Egitto, il che ci consente di offrire prezzi molto competitivi grazie al nostro ampio volume di turisti. Prenotando con noi, ricevi un servizio di alta qualit\u00e0 senza pagare eccessivamente gli intermediari.[\/vc_toggle][vc_toggle title=&#8221;Che tipo di autobus e trasferimenti avete?&#8221; style=&#8221;square_outline&#8221; color=&#8221;sky&#8221;]Una variet\u00e0 di trasporti \u00e8 disponibile per l&#8217;uso degli organizzatori dell&#8217;evento all&#8217;interno del parco, tra cui auto, minivan e comodi autobus. Tutti i veicoli sono dotati di aria condizionata e sistemi di sicurezza. Per viaggi pi\u00f9 lunghi, vengono forniti autobus con servizi igienici. Inoltre, tutti i veicoli vengono sottoposti a regolari controlli di manutenzione e sanificazione, e possiedono le necessarie autorizzazioni turistiche. Inoltre, i conducenti vengono sottoposti a ispezioni dalla polizia turistica prima di ogni lungo viaggio.[\/vc_toggle][vc_toggle title=&#8221;Come e quando pago per il tour?&#8221; style=&#8221;square_outline&#8221; color=&#8221;sky&#8221;]Lavoriamo senza pagamento anticipato. Tutti i tour di gruppo vengono pagati sull&#8217;autobus o durante il tour stesso. Le eccezioni sono i pagamenti anticipati per i tour privati e i tour che richiedono l&#8217;acquisto di biglietti aerei o l&#8217;elaborazione di documenti. I nostri programmi principali vengono pagati direttamente durante il trasferimento o all&#8217;inizio del tour. Non \u00e8 necessario cercare qualcuno per pagare il tour. Un dipendente dell&#8217;organizzatore si avviciner\u00e0 a te. Puoi pagare in contanti in dollari USA, euro o sterline egiziane. Per la tua comodit\u00e0, offriamo anche la possibilit\u00e0 di trasferire fondi su una carta bancaria in rubli, grivnie ed euro al tasso di cambio o su un portafoglio di criptovaluta in USDT, prima del tour. Per informazioni pi\u00f9 dettagliate sui metodi di pagamento e sui rimborsi, consulta qui.[\/vc_toggle][vc_toggle title=&#8221;Hai una licenza turistica?&#8221; style=&#8221;square_outline&#8221; color=&#8221;sky&#8221;]L&#8217;Egitto \u00e8 un paese altamente regolamentato, specialmente quando si tratta di turismo. Affinch\u00e9 qualsiasi veicolo o yacht possa partire per un&#8217;escursione, \u00e8 necessario ottenere permessi giornalieri sia dalla polizia che dai militari. Se gli operatori turistici non hanno una valida licenza turistica, naturalmente non gli verranno concessi questi permessi. Ecco perch\u00e9 per alcune escursioni, potremmo richiedere copie dei vostri voucher e passaporti (questo vale per le escursioni marine a Sharm El-Sheikh, i tour privati e alcuni tour di gruppo se coinvolgono l&#8217;uscita dalla citt\u00e0. Per altre escursioni, i permessi vengono semplicemente rilasciati in base al numero di persone e non sono necessari i dettagli del passaporto).[\/vc_toggle][vc_toggle title=&#8221;Siamo assicurati durante l&#8217;escursione?&#8221; style=&#8221;square_outline&#8221; color=&#8221;sky&#8221;]<\/p>\n<p data-sourcepos=\"3:1-3:250\">Sfortunatamente, alcune guide degli hotel cercano di convincere i turisti che la loro assicurazione di viaggio \u00e8 presumibilmente invalida se prenotano escursioni con operatori turistici esterni, invece della loro stessa compagnia. Questo non \u00e8 vero.<\/p>\n<p data-sourcepos=\"5:1-5:148\">Innanzitutto, la tua assicurazione di viaggio \u00e8 valida in tutto l&#8217;Egitto, proprio come lo sarebbe se prenotassi con la compagnia di tour dell&#8217;hotel.<\/p>\n<p data-sourcepos=\"7:1-7:381\">In secondo luogo, se sei su una barca, un autobus o un altro mezzo di trasporto, l&#8217;organizzatore si assume la piena responsabilit\u00e0 assicurativa nei confronti dei passeggeri. Altrimenti, semplicemente non sarebbero in grado di ottenere un permesso per condurre attivit\u00e0 turistiche. L&#8217;Egitto ha regolamenti turistici piuttosto rigidi e sono necessari permessi prima di ogni viaggio.<\/p>\n<p>[\/vc_toggle][vc_toggle title=&#8221;Come posso recuperare un oggetto perso durante un tour?&#8221; style=&#8221;square_outline&#8221; color=&#8221;sky&#8221;]Ricordiamo sempre ai nostri ospiti di controllare attentamente di avere con s\u00e9 tutti i loro effetti personali prima di uscire dall&#8217;autobus o dallo yacht alla fine del tour. Sfortunatamente, recuperare oggetti smarriti pu\u00f2 essere piuttosto difficile a causa della partenza immediata dei veicoli per la pulizia e le complessit\u00e0 della logistica egiziana. Sebbene faremo il possibile per aiutarti a ritrovare i tuoi effetti personali, non possiamo garantire un tasso di recupero del 100%. Se riusciamo a trovare il tuo oggetto, ci sar\u00e0 una tassa di consegna di $5-10. Si prega di prestare attenzione ai propri effetti personali![\/vc_toggle][vc_toggle title=&#8221;Dovrei modificare i miei piani o aspettare per il tour?&#8221; style=&#8221;square_outline&#8221; color=&#8221;sky&#8221;]Abbiamo un significativo afflusso giornaliero di richieste di prenotazione per i nostri programmi da parte dei turisti. Di conseguenza, la maggior parte delle escursioni vengono organizzate quotidianamente o in specifici giorni della settimana seguendo un programma dettagliato fornito nella descrizione di ciascun programma. Dopo la prenotazione, ti invieremo l&#8217;ora esatta del prelievo dal tuo hotel. Molti tour saranno condotti con piccoli gruppi provenienti da vari hotel che hanno acquistato escursioni attraverso gli operatori turistici. L&#8217;unica differenza \u00e8 che i nostri prezzi sono del 40-60% pi\u00f9 bassi (i nostri organizzatori conducono tutte le principali escursioni a Hurghada e Sharm El-Sheikh per turisti di lingua russa).[\/vc_toggle][vc_toggle title=&#8221;Dove posso trovare il fotografo che ha scattato le foto durante il tour?&#8221; style=&#8221;square_outline&#8221; color=&#8221;sky&#8221;]Vorremmo informarvi che i fotografi che vi accompagnano durante le escursioni agiscono come rappresentanti indipendenti dei loro studi fotografici. Non fanno parte del nostro servizio online o del team organizzatore del programma. Tutti i termini e le condizioni relativi al servizio fotografico e al suo pagamento vengono discussi e concordati direttamente tra voi e il fotografo. Consigliamo di avvicinarsi ai pagamenti anticipati con cautela e di assicurarsi l&#8217;affidabilit\u00e0 dei servizi, nonch\u00e9 di ottenere tutte le informazioni di contatto del fotografo prima di effettuare qualsiasi pagamento.[\/vc_toggle][\/vc_column][\/vc_row][\/vc_section]<\/p>\n<\/section>","protected":false},"excerpt":{"rendered":"<p>Prezzo &#8211; adulti (12 anni e pi\u00f9) $205<br \/>\nPrezzo &#8211; bambini (3-11 anni) $165<br \/>\nDurata stimata 24 ore<br \/>\nGiorni della settimana mercoled\u00ec, sabato<\/p>\n<ul data-sourcepos=\"7:1-11:1\">\n<li data-sourcepos=\"8:1-8:23\">Prenota in 3 minuti<\/li>\n<li data-sourcepos=\"8:1-8:23\">Trasferimento dall&#8217;hotel<\/li>\n<li data-sourcepos=\"8:1-8:23\">Assicurazione inclusa<\/li>\n<li data-sourcepos=\"8:1-8:23\">Guida di lingua russa<\/li>\n<li data-sourcepos=\"8:1-8:23\">Nessuna tassa nascosta<\/li>\n<li data-sourcepos=\"8:1-8:23\">Foto e recensioni reali<\/li>\n<li data-sourcepos=\"8:1-8:23\">Gestore personale<\/li>\n<\/ul>\n","protected":false},"featured_media":452,"template":"","meta":[],"product_cat":[28],"product_tag":[],"class_list":{"0":"post-451","1":"product","2":"type-product","3":"status-publish","4":"has-post-thumbnail","6":"product_cat-historical-from-sharm","8":"first","9":"instock","10":"shipping-taxable","11":"purchasable","12":"product-type-simple"},"_links":{"self":[{"href":"https:\/\/www.starkhattabychtours.com\/it\/wp-json\/wp\/v2\/product\/451","targetHints":{"allow":["GET"]}}],"collection":[{"href":"https:\/\/www.starkhattabychtours.com\/it\/wp-json\/wp\/v2\/product"}],"about":[{"href":"https:\/\/www.starkhattabychtours.com\/it\/wp-json\/wp\/v2\/types\/product"}],"wp:featuredmedia":[{"embeddable":true,"href":"https:\/\/www.starkhattabychtours.com\/it\/wp-json\/wp\/v2\/media\/452"}],"wp:attachment":[{"href":"https:\/\/www.starkhattabychtours.com\/it\/wp-json\/wp\/v2\/media?parent=451"}],"wp:term":[{"taxonomy":"product_cat","embeddable":true,"href":"https:\/\/www.starkhattabychtours.com\/it\/wp-json\/wp\/v2\/product_cat?post=451"},{"taxonomy":"product_tag","embeddable":true,"href":"https:\/\/www.starkhattabychtours.com\/it\/wp-json\/wp\/v2\/product_tag?post=451"}],"curies":[{"name":"wp","href":"https:\/\/api.w.org\/{rel}","templated":true}]}}