{"id":464,"date":"2024-09-26T08:24:20","date_gmt":"2024-09-26T08:24:20","guid":{"rendered":"https:\/\/www.starkhattabychtours.com\/it\/?post_type=product&#038;p=464"},"modified":"2024-10-05T11:33:56","modified_gmt":"2024-10-05T11:33:56","slug":"cairo-and-alexandria-from-sharm-bus-2-days","status":"publish","type":"product","link":"https:\/\/www.starkhattabychtours.com\/it\/tour\/cairo-and-alexandria-from-sharm-bus-2-days","title":{"rendered":"Cairo e Alessandria da Sharm (autobus) 2 giorni"},"content":{"rendered":"<section class=\"wpb-content-wrapper\"><p>[vc_section][vc_row][vc_column width=&#8221;1\/2&#8243;][vc_column_text]<\/p>\n<p data-sourcepos=\"5:1-5:166\">Un&#8217;escursione da Sharm El Sheikh al Cairo e ad Alessandria \u00e8 un&#8217;avventura di due giorni che ti permette di esplorare i pi\u00f9 importanti monumenti del nord dell&#8217;Egitto.<\/p>\n<p data-sourcepos=\"7:1-7:250\">Se sei a Sharm El Sheikh, un viaggio al Cairo e ad Alessandria potrebbe sembrare un lungo percorso, ma ne vale la pena. La distanza tra Sharm El Sheikh e il Cairo \u00e8 di circa 500 chilometri, mentre tra il Cairo e Alessandria \u00e8 di circa 220 chilometri.<\/p>\n<p data-sourcepos=\"9:1-9:210\">Nella capitale dell&#8217;Egitto troverai numerose attrazioni, tra cui le Piramidi di Giza, la Sfinge, il Museo Egizio, il Quartiere Islamico e molto altro. Il Cairo \u00e8 una citt\u00e0 vivace con una ricca storia e cultura.<\/p>\n<p data-sourcepos=\"11:1-11:266\">Alessandria, la seconda citt\u00e0 pi\u00f9 grande dell&#8217;Egitto, \u00e8 nota per i suoi monumenti storici e la bellissima costa mediterranea. Qui puoi visitare la Cittadella di Qaitbay, la Colonna di Pompeo, le Catacombe di Kom el-Shoqafa, la biblioteca e altri luoghi interessanti.<\/p>\n<p>[\/vc_column_text][\/vc_column][vc_column width=&#8221;1\/2&#8243;][vc_images_carousel images=&#8221;465,467&#8243; img_size=&#8221;full&#8221; autoplay=&#8221;yes&#8221; wrap=&#8221;yes&#8221;][\/vc_column][\/vc_row][vc_row][vc_column][vc_column_text]<\/p>\n<p data-sourcepos=\"13:1-13:383\">Giorno 1: La nostra prima tappa saranno le Grandi Piramidi di Giza &#8211; Khufu, Khafre e Menkaure &#8211; una delle Sette Meraviglie del Mondo Antico. Poi, ci dirigeremo verso la Grande Sfinge, il guardiano simbolico delle piramidi. Al Cairo, visiteremo anche il Museo Egizio, che ospita una vasta collezione di artefatti, tra cui la maschera di Tutankhamon e artefatti dell&#8217;epoca dei faraoni.<\/p>\n<p data-sourcepos=\"15:1-15:342\">Giorno 2: Successivamente, viaggeremo ad Alessandria, dove visiteremo la Cittadella di Qaitbay, un castello storico sul Mar Mediterraneo. La Moschea di Abu al-Abbas ti impressioner\u00e0 con la sua tranquillit\u00e0. Visiteremo anche le vicinanze della Biblioteca di Alessandria, una delle pi\u00f9 grandi biblioteche del mondo con oltre 5 milioni di libri.<\/p>\n<p data-sourcepos=\"17:1-17:257\">Le nostre guide sono sempre disponibili a condividere le loro conoscenze e fatti interessanti sulla storia dell&#8217;Egitto. Durante il tour, avrai una meravigliosa opportunit\u00e0 di immergerti nell&#8217;atmosfera unica dei tempi antichi e raccogliere molte impressioni.<\/p>\n<p data-sourcepos=\"19:1-19:157\">Questo viaggio promette di essere una vera avventura per qualsiasi viaggiatore, e possiamo affermare con sicurezza che sarai felice di aver deciso di farlo.<\/p>\n<p>[\/vc_column_text][\/vc_column][\/vc_row][vc_row][vc_column]<div id=\"kapee-header-92018\" class=\"kapee-element kapee-heading text-left kapee-width-100 separator-none separator-between-heading\">\t\n\t\t\t\n\t\t\t<div class=\"heading-wrap\">\n\t\t\t<span class=\"separator-left\"><\/span>\n\t\t\t<h2 class=\"heading-title\">Che cosa \u00e8 incluso nel tour? <\/h2>\t\t\t<span class=\"separator-right\"><\/span>\n\t\t\t\t\t<\/div>\n\t\t\n    <\/div>[\/vc_column][\/vc_row][vc_row][vc_column width=&#8221;1\/2&#8243;][vc_column_text]<\/p>\n<h3>Giorno 1 \u2013 Cairo:<\/h3>\n<ul>\n<li>Partenza da Sharm El Sheikh intorno alle 00:30 (a seconda della posizione del tuo hotel; il viaggio per il Cairo \u00e8 di circa 8-9 ore, a seconda delle scorte della polizia);<\/li>\n<li>Il Museo Nazionale della Civilt\u00e0 Egizia;<\/li>\n<li>La Grande Sfinge;<\/li>\n<li>Le Piramidi di Giza: Khufu, Khafre e Menkaure;<\/li>\n<li>L&#8217;Istituto del Papiro e la fabbrica di olio;<\/li>\n<li>Una crociera sul Nilo su una motonave (opzionale, costo aggiuntivo di<\/li>\n<li>$10, pagabile direttamente alla guida sull&#8217;autobus);<\/li>\n<li>Pranzo (a buffet);<\/li>\n<li>Trasferimento in hotel e cena<\/li>\n<\/ul>\n<p>[\/vc_column_text][\/vc_column][vc_column width=&#8221;1\/2&#8243;][vc_column_text]<\/p>\n<h3 data-sourcepos=\"3:1-3:27\">Giorno 2 \u2013 Alessandria:<\/h3>\n<ul data-sourcepos=\"5:1-11:0\">\n<li data-sourcepos=\"5:1-5:25\">Moschea di Abu al-Abbas<\/li>\n<li data-sourcepos=\"6:1-6:15\">Forte Qaitbay<\/li>\n<li data-sourcepos=\"7:1-7:24\">Chiesa copta ortodossa<\/li>\n<li data-sourcepos=\"8:1-8:19\">Pranzo (a buffet)<\/li>\n<li data-sourcepos=\"9:1-9:138\">Biblioteca di Alessandria (solo vista esterna; l&#8217;accesso all&#8217;interno pu\u00f2 essere organizzato con la guida, chiusa il venerd\u00ec e il sabato)<\/li>\n<li data-sourcepos=\"10:1-11:0\">Ritorno a Sharm El Sheikh intorno alle 00:00.<\/li>\n<\/ul>\n<h5 data-sourcepos=\"12:1-12:131\">Si prega di notare che l&#8217;ordine dell&#8217;itinerario pu\u00f2 variare a seconda della decisione della guida e dell&#8217;affluenza alle attrazioni<\/h5>\n<p>[\/vc_column_text][\/vc_column][\/vc_row][vc_row][vc_column][vc_column_text]<\/p>\n<h2 data-sourcepos=\"5:1-5:30\">Incluso nel prezzo del tour:<\/h2>\n<ul data-sourcepos=\"6:1-10:0\">\n<li data-sourcepos=\"6:1-6:47\">Tutti i biglietti d&#8217;ingresso alle attrazioni;<\/li>\n<li data-sourcepos=\"7:1-7:39\">Servizi di una guida di lingua russa;<\/li>\n<li data-sourcepos=\"8:1-8:20\">Pranzi (a buffet);<\/li>\n<li data-sourcepos=\"9:1-10:0\">Trasporto.<\/li>\n<\/ul>\n<h3 data-sourcepos=\"11:1-11:34\">Non incluso nel prezzo del tour:<\/h3>\n<ul data-sourcepos=\"12:1-13:123\">\n<li data-sourcepos=\"12:1-12:38\">Bevande durante il pranzo e la cena;<\/li>\n<li data-sourcepos=\"13:1-13:123\">Crociera sul Nilo su un motoscafo (facoltativa, costo aggiuntivo di $10, pagabile direttamente alla guida sull&#8217;autobus)<\/li>\n<\/ul>\n<p>[\/vc_column_text][\/vc_column][\/vc_row][\/vc_section][vc_section][vc_row][vc_column]<div id=\"kapee-header-14956\" class=\"kapee-element kapee-heading text-left kapee-width-100 separator-none separator-between-heading\">\t\n\t\t\t\n\t\t\t<div class=\"heading-wrap\">\n\t\t\t<span class=\"separator-left\"><\/span>\n\t\t\t<h2 class=\"heading-title\">Domande frequenti (FAQ): <\/h2>\t\t\t<span class=\"separator-right\"><\/span>\n\t\t\t\t\t<\/div>\n\t\t\n    <\/div>[vc_toggle title=&#8221;Il vostro prezzo \u00e8 cos\u00ec basso&#8230; Probabilmente state facendo un servizio di bassa qualit\u00e0?&#8221; style=&#8221;square_outline&#8221; color=&#8221;sky&#8221;]Offriamo davvero alcuni dei prezzi pi\u00f9 bassi mantenendo un alto livello di servizio. Il motivo \u00e8 che siamo una societ\u00e0 di prenotazioni online per grandi operatori turistici in Egitto, il che ci consente di offrire prezzi molto competitivi grazie al nostro ampio volume di turisti. Prenotando con noi, ricevi un servizio di alta qualit\u00e0 senza pagare eccessivamente gli intermediari.[\/vc_toggle][vc_toggle title=&#8221;Che tipo di autobus e trasferimenti avete?&#8221; style=&#8221;square_outline&#8221; color=&#8221;sky&#8221;]Una variet\u00e0 di trasporti \u00e8 disponibile per l&#8217;uso degli organizzatori dell&#8217;evento all&#8217;interno del parco, tra cui auto, minivan e comodi autobus. Tutti i veicoli sono dotati di aria condizionata e sistemi di sicurezza. Per viaggi pi\u00f9 lunghi, vengono forniti autobus con servizi igienici. Inoltre, tutti i veicoli vengono sottoposti a regolari controlli di manutenzione e sanificazione, e possiedono le necessarie autorizzazioni turistiche. Inoltre, i conducenti vengono sottoposti a ispezioni dalla polizia turistica prima di ogni lungo viaggio.[\/vc_toggle][vc_toggle title=&#8221;Come e quando pago per il tour?&#8221; style=&#8221;square_outline&#8221; color=&#8221;sky&#8221;]Lavoriamo senza pagamento anticipato. Tutti i tour di gruppo vengono pagati sull&#8217;autobus o durante il tour stesso. Le eccezioni sono i pagamenti anticipati per i tour privati e i tour che richiedono l&#8217;acquisto di biglietti aerei o l&#8217;elaborazione di documenti. I nostri programmi principali vengono pagati direttamente durante il trasferimento o all&#8217;inizio del tour. Non \u00e8 necessario cercare qualcuno per pagare il tour. Un dipendente dell&#8217;organizzatore si avviciner\u00e0 a te. Puoi pagare in contanti in dollari USA, euro o sterline egiziane. Per la tua comodit\u00e0, offriamo anche la possibilit\u00e0 di trasferire fondi su una carta bancaria in rubli, grivnie ed euro al tasso di cambio o su un portafoglio di criptovaluta in USDT, prima del tour. Per informazioni pi\u00f9 dettagliate sui metodi di pagamento e sui rimborsi, consulta qui.[\/vc_toggle][vc_toggle title=&#8221;Hai una licenza turistica?&#8221; style=&#8221;square_outline&#8221; color=&#8221;sky&#8221;]L&#8217;Egitto \u00e8 un paese altamente regolamentato, specialmente quando si tratta di turismo. Affinch\u00e9 qualsiasi veicolo o yacht possa partire per un&#8217;escursione, \u00e8 necessario ottenere permessi giornalieri sia dalla polizia che dai militari. Se gli operatori turistici non hanno una valida licenza turistica, naturalmente non gli verranno concessi questi permessi. Ecco perch\u00e9 per alcune escursioni, potremmo richiedere copie dei vostri voucher e passaporti (questo vale per le escursioni marine a Sharm El-Sheikh, i tour privati e alcuni tour di gruppo se coinvolgono l&#8217;uscita dalla citt\u00e0. Per altre escursioni, i permessi vengono semplicemente rilasciati in base al numero di persone e non sono necessari i dettagli del passaporto).[\/vc_toggle][vc_toggle title=&#8221;Siamo assicurati durante l&#8217;escursione?&#8221; style=&#8221;square_outline&#8221; color=&#8221;sky&#8221;]<\/p>\n<p data-sourcepos=\"3:1-3:250\">Sfortunatamente, alcune guide degli hotel cercano di convincere i turisti che la loro assicurazione di viaggio \u00e8 presumibilmente invalida se prenotano escursioni con operatori turistici esterni, invece della loro stessa compagnia. Questo non \u00e8 vero.<\/p>\n<p data-sourcepos=\"5:1-5:148\">Innanzitutto, la tua assicurazione di viaggio \u00e8 valida in tutto l&#8217;Egitto, proprio come lo sarebbe se prenotassi con la compagnia di tour dell&#8217;hotel.<\/p>\n<p data-sourcepos=\"7:1-7:381\">In secondo luogo, se sei su una barca, un autobus o un altro mezzo di trasporto, l&#8217;organizzatore si assume la piena responsabilit\u00e0 assicurativa nei confronti dei passeggeri. Altrimenti, semplicemente non sarebbero in grado di ottenere un permesso per condurre attivit\u00e0 turistiche. L&#8217;Egitto ha regolamenti turistici piuttosto rigidi e sono necessari permessi prima di ogni viaggio.<\/p>\n<p>[\/vc_toggle][vc_toggle title=&#8221;Come posso recuperare un oggetto perso durante un tour?&#8221; style=&#8221;square_outline&#8221; color=&#8221;sky&#8221;]Ricordiamo sempre ai nostri ospiti di controllare attentamente di avere con s\u00e9 tutti i loro effetti personali prima di uscire dall&#8217;autobus o dallo yacht alla fine del tour. Sfortunatamente, recuperare oggetti smarriti pu\u00f2 essere piuttosto difficile a causa della partenza immediata dei veicoli per la pulizia e le complessit\u00e0 della logistica egiziana. Sebbene faremo il possibile per aiutarti a ritrovare i tuoi effetti personali, non possiamo garantire un tasso di recupero del 100%. Se riusciamo a trovare il tuo oggetto, ci sar\u00e0 una tassa di consegna di $5-10. Si prega di prestare attenzione ai propri effetti personali![\/vc_toggle][vc_toggle title=&#8221;Dovrei modificare i miei piani o aspettare per il tour?&#8221; style=&#8221;square_outline&#8221; color=&#8221;sky&#8221;]Abbiamo un significativo afflusso giornaliero di richieste di prenotazione per i nostri programmi da parte dei turisti. Di conseguenza, la maggior parte delle escursioni vengono organizzate quotidianamente o in specifici giorni della settimana seguendo un programma dettagliato fornito nella descrizione di ciascun programma. Dopo la prenotazione, ti invieremo l&#8217;ora esatta del prelievo dal tuo hotel. Molti tour saranno condotti con piccoli gruppi provenienti da vari hotel che hanno acquistato escursioni attraverso gli operatori turistici. L&#8217;unica differenza \u00e8 che i nostri prezzi sono del 40-60% pi\u00f9 bassi (i nostri organizzatori conducono tutte le principali escursioni a Hurghada e Sharm El-Sheikh per turisti di lingua russa).[\/vc_toggle][vc_toggle title=&#8221;Dove posso trovare il fotografo che ha scattato le foto durante il tour?&#8221; style=&#8221;square_outline&#8221; color=&#8221;sky&#8221;]Vorremmo informarvi che i fotografi che vi accompagnano durante le escursioni agiscono come rappresentanti indipendenti dei loro studi fotografici. Non fanno parte del nostro servizio online o del team organizzatore del programma. Tutti i termini e le condizioni relativi al servizio fotografico e al suo pagamento vengono discussi e concordati direttamente tra voi e il fotografo. Consigliamo di avvicinarsi ai pagamenti anticipati con cautela e di assicurarsi l&#8217;affidabilit\u00e0 dei servizi, nonch\u00e9 di ottenere tutte le informazioni di contatto del fotografo prima di effettuare qualsiasi pagamento.[\/vc_toggle][\/vc_column][\/vc_row][\/vc_section]<\/p>\n<\/section>","protected":false},"excerpt":{"rendered":"<p>Prezzo &#8211; adulti (12 anni e pi\u00f9) $140<br \/>\nPrezzo &#8211; bambini (5-11 anni) $130<br \/>\nDurata stimata 2 giorni<br \/>\nGiorni della settimana mercoled\u00ec, sabato<\/p>\n<ul>\n<li>Prenota in 3 minuti<\/li>\n<li>Nessun pagamento anticipato<\/li>\n<li>Trasferimento in hotel<\/li>\n<li>Assicurazione inclusa<\/li>\n<li>Nessuna tassa o commissione aggiuntiva<\/li>\n<li>Guide di lingua russa<\/li>\n<li>Foto e recensioni reali<\/li>\n<li>Gestore personale<\/li>\n<\/ul>\n","protected":false},"featured_media":468,"template":"","meta":[],"product_cat":[28],"product_tag":[],"class_list":{"0":"post-464","1":"product","2":"type-product","3":"status-publish","4":"has-post-thumbnail","6":"product_cat-historical-from-sharm","8":"first","9":"instock","10":"shipping-taxable","11":"purchasable","12":"product-type-simple"},"_links":{"self":[{"href":"https:\/\/www.starkhattabychtours.com\/it\/wp-json\/wp\/v2\/product\/464","targetHints":{"allow":["GET"]}}],"collection":[{"href":"https:\/\/www.starkhattabychtours.com\/it\/wp-json\/wp\/v2\/product"}],"about":[{"href":"https:\/\/www.starkhattabychtours.com\/it\/wp-json\/wp\/v2\/types\/product"}],"wp:featuredmedia":[{"embeddable":true,"href":"https:\/\/www.starkhattabychtours.com\/it\/wp-json\/wp\/v2\/media\/468"}],"wp:attachment":[{"href":"https:\/\/www.starkhattabychtours.com\/it\/wp-json\/wp\/v2\/media?parent=464"}],"wp:term":[{"taxonomy":"product_cat","embeddable":true,"href":"https:\/\/www.starkhattabychtours.com\/it\/wp-json\/wp\/v2\/product_cat?post=464"},{"taxonomy":"product_tag","embeddable":true,"href":"https:\/\/www.starkhattabychtours.com\/it\/wp-json\/wp\/v2\/product_tag?post=464"}],"curies":[{"name":"wp","href":"https:\/\/api.w.org\/{rel}","templated":true}]}}