{"id":469,"date":"2024-09-26T09:03:22","date_gmt":"2024-09-26T09:03:22","guid":{"rendered":"https:\/\/www.starkhattabychtours.com\/it\/?post_type=product&#038;p=469"},"modified":"2024-10-05T12:01:37","modified_gmt":"2024-10-05T12:01:37","slug":"ras-mohammed-national-park-by-bus","status":"publish","type":"product","link":"https:\/\/www.starkhattabychtours.com\/it\/tour\/ras-mohammed-national-park-by-bus","title":{"rendered":"Parco Nazionale Ras Mohammed in autobus"},"content":{"rendered":"<section class=\"wpb-content-wrapper\"><p>[vc_section][vc_row][vc_column][vc_column_text]Immergiti nel mondo naturale del magnifico Parco Nazionale di Ras Mohammed da Sharm El Sheikh. Questa escursione sar\u00e0 un&#8217;avventura indimenticabile per gli amanti della natura e dell&#8217;ecologia.<\/p>\n<p data-sourcepos=\"5:1-5:186\">Il Parco Nazionale di Ras Mohammed a Sharm El Sheikh \u00e8 un angolo magico dell&#8217;Egitto. Chiunque sia stato qui parla ammirato della bellezza e dei paesaggi unici di questo parco nazionale.<\/p>\n<p data-sourcepos=\"7:1-7:378\">Ras Mohammed \u00e8 il luogo dove passa il confine tra il Golfo di Aqaba e il Golfo di Suez. \u00c8 considerato una riserva naturale. \u00c8 l\u00ec che puoi vedere le pi\u00f9 belle barriere coralline, il maggior numero di pesci esotici e animali marini. La composizione specifica dell&#8217;acqua rende il nuoto nel mare e nel Lago dei Desideri non solo piacevole ma anche con alcuni benefici per la salute.<\/p>\n<p data-sourcepos=\"9:1-9:300\">Potrai ammirare magnifici paesaggi, vedere la maestosa catena montuosa, la sorprendente flora e fauna, e nuotare nelle acque cristalline del Mar Rosso. La riserva ospita oltre 100 specie di pesci, molti tipi di stelle marine, ricci di mare, nonch\u00e9 delfini, tartarughe e molte altre specie di animali.<\/p>\n<p data-sourcepos=\"11:1-11:162\">Il Parco Nazionale di Ras Mohammed a Sharm El Sheikh \u00e8 una vera oasi per gli amanti della natura e dell&#8217;ecologia. Vivi emozioni indimenticabili con i nostri tour!<\/p>\n<p data-sourcepos=\"13:1-13:121\">Esplora il nostro catalogo completo di escursioni marine da Sharm El Sheikh e ottieni ancora pi\u00f9 emozioni e impressioni.<\/p>\n<p>[\/vc_column_text][\/vc_column][\/vc_row][\/vc_section][vc_row][vc_column width=&#8221;1\/2&#8243;][vc_column_text]<\/p>\n<h3 data-sourcepos=\"5:1-5:42\">Cosa \u00e8 incluso nel programma del tour:<\/h3>\n<ul data-sourcepos=\"7:1-17:0\">\n<li data-sourcepos=\"7:1-7:166\">\n<p data-sourcepos=\"7:3-7:166\">Partenza dall&#8217;hotel: Circa 8:30 AM (l&#8217;ora esatta sar\u00e0 comunicata dopo la prenotazione, il viaggio dura circa 30-50 minuti, a seconda della posizione del tuo hotel);<\/p>\n<\/li>\n<li data-sourcepos=\"8:1-8:163\">\n<p data-sourcepos=\"8:3-8:163\">Punto d&#8217;incontro: Intorno alle 9:00-9:30 AM, incontra la tua guida vicino al noleggio dell&#8217;attrezzatura per lo snorkeling e ricevi una breve panoramica del tour;<\/p>\n<\/li>\n<li data-sourcepos=\"9:1-9:66\">\n<p data-sourcepos=\"9:3-9:66\">Arrivo alla riserva: Visita le Porte di Allah per scattare foto;<\/p>\n<\/li>\n<li data-sourcepos=\"10:1-10:229\">\n<p data-sourcepos=\"10:3-10:229\">Snorkeling: Circa 40-60 minuti di snorkeling sulle barriere coralline costiere. Importante: devi avere un giubbotto di salvataggio, maschera e pinne. Lo snorkeling \u00e8 vietato senza questa attrezzatura. Il noleggio \u00e8 disponibile.<\/p>\n<\/li>\n<li data-sourcepos=\"11:1-11:61\">\n<p data-sourcepos=\"11:3-11:61\">Foresta di mangrovie: Tempo per una passeggiata tranquilla;<\/p>\n<\/li>\n<li data-sourcepos=\"12:1-12:70\">\n<p data-sourcepos=\"12:3-12:70\">Faglia sismica: Visita una faglia geologica formata da un terremoto;<\/p>\n<\/li>\n<li data-sourcepos=\"13:1-13:92\">\n<p data-sourcepos=\"13:3-13:92\">Lago dei desideri: Nuota nelle acque calde e ricche di minerali di questo bellissimo lago;<\/p>\n<\/li>\n<li data-sourcepos=\"14:1-15:0\">\n<p data-sourcepos=\"14:3-14:72\">Ritorno in hotel: Circa 1:00 PM, arrivo in hotel intorno alle 2:00 PM.<\/p>\n<\/li>\n<li data-sourcepos=\"16:1-17:0\">\n<p data-sourcepos=\"16:3-16:139\">Si prega di notare che l&#8217;ordine del programma pu\u00f2 variare a seconda della decisione della guida e del flusso di turisti nelle attrazioni.<\/p>\n<\/li>\n<\/ul>\n<p data-sourcepos=\"18:1-18:187\"><strong>Requisito della polizia turistica:<\/strong> Se non hai bisogno dell&#8217;attrezzatura di cui sopra, devi informare la guida e firmare un documento accettando la responsabilit\u00e0 in caso di incidente<\/p>\n<p>[\/vc_column_text][\/vc_column][vc_column width=&#8221;1\/2&#8243;][vc_column_text]<\/p>\n<h3 data-sourcepos=\"3:1-3:32\">Incluso nel prezzo del tour:<\/h3>\n<ul data-sourcepos=\"5:1-7:0\">\n<li data-sourcepos=\"5:1-5:11\">Trasporto<\/li>\n<li data-sourcepos=\"6:1-7:0\">Servizi di una guida di lingua russa<\/li>\n<\/ul>\n<h3 data-sourcepos=\"8:1-8:36\">Non incluso nel prezzo del tour:<\/h3>\n<ul data-sourcepos=\"10:1-11:0\">\n<li data-sourcepos=\"10:1-11:0\">Maschere, pinne e giubbotti di salvataggio (possono essere noleggiati in loco per $3-4 a articolo, si prega di verificare il prezzo esatto in loco).<\/li>\n<\/ul>\n<h5 data-sourcepos=\"12:1-12:38\">I bambini fino a 4 anni sono gratuiti.<\/h5>\n<p>[\/vc_column_text][vc_column_text]<\/p>\n<h3>Incluso nel prezzo del tour:<\/h3>\n<ul>\n<li>Servizi di trasporto;<\/li>\n<li>Servizi di una guida di lingua russa.<\/li>\n<\/ul>\n<p>[\/vc_column_text][\/vc_column][\/vc_row][vc_row][vc_column][vc_column_text]Cosa non \u00e8 incluso nel prezzo del tour<br \/>\nMaschere, pinne e giubbotti di salvataggio (possono essere noleggiati in loco per $ 3-4 per articolo, si prega di verificare il prezzo esatto in loco).<\/p>\n<p>Bambini fino a 4 anni inclusi &#8211; Gratuito.[\/vc_column_text][vc_column_text]<\/p>\n<h2>Informazioni aggiuntive:<\/h2>\n<p>Trasporto: Forniremo comodi minibus climatizzati per il trasporto da e verso il luogo dell&#8217;escursione.<br \/>\nCosa indossare: Per vivere al meglio l&#8217;esperienza, consigliamo di indossare il costume da bagno immediatamente prima della partenza. Ci\u00f2 ti far\u00e0 risparmiare tempo e ti permetter\u00e0 di tuffarti subito in acqua al nostro arrivo.[\/vc_column_text][\/vc_column][\/vc_row][vc_section][vc_row][vc_column]<div id=\"kapee-header-63880\" class=\"kapee-element kapee-heading text-left kapee-width-100 separator-none separator-between-heading\">\t\n\t\t\t\n\t\t\t<div class=\"heading-wrap\">\n\t\t\t<span class=\"separator-left\"><\/span>\n\t\t\t<h2 class=\"heading-title\">Domande frequenti (FAQ): <\/h2>\t\t\t<span class=\"separator-right\"><\/span>\n\t\t\t\t\t<\/div>\n\t\t\n    <\/div>[vc_toggle title=&#8221;Il vostro prezzo \u00e8 cos\u00ec basso&#8230; Probabilmente state facendo un servizio di bassa qualit\u00e0?&#8221; style=&#8221;square_outline&#8221; color=&#8221;sky&#8221;]Offriamo davvero alcuni dei prezzi pi\u00f9 bassi mantenendo un alto livello di servizio. Il motivo \u00e8 che siamo una societ\u00e0 di prenotazioni online per grandi operatori turistici in Egitto, il che ci consente di offrire prezzi molto competitivi grazie al nostro ampio volume di turisti. Prenotando con noi, ricevi un servizio di alta qualit\u00e0 senza pagare eccessivamente gli intermediari.[\/vc_toggle][vc_toggle title=&#8221;Che tipo di autobus e trasferimenti avete?&#8221; style=&#8221;square_outline&#8221; color=&#8221;sky&#8221;]Una variet\u00e0 di trasporti \u00e8 disponibile per l&#8217;uso degli organizzatori dell&#8217;evento all&#8217;interno del parco, tra cui auto, minivan e comodi autobus. Tutti i veicoli sono dotati di aria condizionata e sistemi di sicurezza. Per viaggi pi\u00f9 lunghi, vengono forniti autobus con servizi igienici. Inoltre, tutti i veicoli vengono sottoposti a regolari controlli di manutenzione e sanificazione, e possiedono le necessarie autorizzazioni turistiche. Inoltre, i conducenti vengono sottoposti a ispezioni dalla polizia turistica prima di ogni lungo viaggio.[\/vc_toggle][vc_toggle title=&#8221;Come e quando pago per il tour?&#8221; style=&#8221;square_outline&#8221; color=&#8221;sky&#8221;]Lavoriamo senza pagamento anticipato. Tutti i tour di gruppo vengono pagati sull&#8217;autobus o durante il tour stesso. Le eccezioni sono i pagamenti anticipati per i tour privati e i tour che richiedono l&#8217;acquisto di biglietti aerei o l&#8217;elaborazione di documenti. I nostri programmi principali vengono pagati direttamente durante il trasferimento o all&#8217;inizio del tour. Non \u00e8 necessario cercare qualcuno per pagare il tour. Un dipendente dell&#8217;organizzatore si avviciner\u00e0 a te. Puoi pagare in contanti in dollari USA, euro o sterline egiziane. Per la tua comodit\u00e0, offriamo anche la possibilit\u00e0 di trasferire fondi su una carta bancaria in rubli, grivnie ed euro al tasso di cambio o su un portafoglio di criptovaluta in USDT, prima del tour. Per informazioni pi\u00f9 dettagliate sui metodi di pagamento e sui rimborsi, consulta qui.[\/vc_toggle][vc_toggle title=&#8221;Hai una licenza turistica?&#8221; style=&#8221;square_outline&#8221; color=&#8221;sky&#8221;]L&#8217;Egitto \u00e8 un paese altamente regolamentato, specialmente quando si tratta di turismo. Affinch\u00e9 qualsiasi veicolo o yacht possa partire per un&#8217;escursione, \u00e8 necessario ottenere permessi giornalieri sia dalla polizia che dai militari. Se gli operatori turistici non hanno una valida licenza turistica, naturalmente non gli verranno concessi questi permessi. Ecco perch\u00e9 per alcune escursioni, potremmo richiedere copie dei vostri voucher e passaporti (questo vale per le escursioni marine a Sharm El-Sheikh, i tour privati e alcuni tour di gruppo se coinvolgono l&#8217;uscita dalla citt\u00e0. Per altre escursioni, i permessi vengono semplicemente rilasciati in base al numero di persone e non sono necessari i dettagli del passaporto).[\/vc_toggle][vc_toggle title=&#8221;Siamo assicurati durante l&#8217;escursione?&#8221; style=&#8221;square_outline&#8221; color=&#8221;sky&#8221;]<\/p>\n<p data-sourcepos=\"3:1-3:250\">Sfortunatamente, alcune guide degli hotel cercano di convincere i turisti che la loro assicurazione di viaggio \u00e8 presumibilmente invalida se prenotano escursioni con operatori turistici esterni, invece della loro stessa compagnia. Questo non \u00e8 vero.<\/p>\n<p data-sourcepos=\"5:1-5:148\">Innanzitutto, la tua assicurazione di viaggio \u00e8 valida in tutto l&#8217;Egitto, proprio come lo sarebbe se prenotassi con la compagnia di tour dell&#8217;hotel.<\/p>\n<p data-sourcepos=\"7:1-7:381\">In secondo luogo, se sei su una barca, un autobus o un altro mezzo di trasporto, l&#8217;organizzatore si assume la piena responsabilit\u00e0 assicurativa nei confronti dei passeggeri. Altrimenti, semplicemente non sarebbero in grado di ottenere un permesso per condurre attivit\u00e0 turistiche. L&#8217;Egitto ha regolamenti turistici piuttosto rigidi e sono necessari permessi prima di ogni viaggio.<\/p>\n<p>[\/vc_toggle][vc_toggle title=&#8221;Come posso recuperare un oggetto perso durante un tour?&#8221; style=&#8221;square_outline&#8221; color=&#8221;sky&#8221;]Ricordiamo sempre ai nostri ospiti di controllare attentamente di avere con s\u00e9 tutti i loro effetti personali prima di uscire dall&#8217;autobus o dallo yacht alla fine del tour. Sfortunatamente, recuperare oggetti smarriti pu\u00f2 essere piuttosto difficile a causa della partenza immediata dei veicoli per la pulizia e le complessit\u00e0 della logistica egiziana. Sebbene faremo il possibile per aiutarti a ritrovare i tuoi effetti personali, non possiamo garantire un tasso di recupero del 100%. Se riusciamo a trovare il tuo oggetto, ci sar\u00e0 una tassa di consegna di $5-10. Si prega di prestare attenzione ai propri effetti personali![\/vc_toggle][vc_toggle title=&#8221;Dovrei modificare i miei piani o aspettare per il tour?&#8221; style=&#8221;square_outline&#8221; color=&#8221;sky&#8221;]Abbiamo un significativo afflusso giornaliero di richieste di prenotazione per i nostri programmi da parte dei turisti. Di conseguenza, la maggior parte delle escursioni vengono organizzate quotidianamente o in specifici giorni della settimana seguendo un programma dettagliato fornito nella descrizione di ciascun programma. Dopo la prenotazione, ti invieremo l&#8217;ora esatta del prelievo dal tuo hotel. Molti tour saranno condotti con piccoli gruppi provenienti da vari hotel che hanno acquistato escursioni attraverso gli operatori turistici. L&#8217;unica differenza \u00e8 che i nostri prezzi sono del 40-60% pi\u00f9 bassi (i nostri organizzatori conducono tutte le principali escursioni a Hurghada e Sharm El-Sheikh per turisti di lingua russa).[\/vc_toggle][vc_toggle title=&#8221;Dove posso trovare il fotografo che ha scattato le foto durante il tour?&#8221; style=&#8221;square_outline&#8221; color=&#8221;sky&#8221;]Vorremmo informarvi che i fotografi che vi accompagnano durante le escursioni agiscono come rappresentanti indipendenti dei loro studi fotografici. Non fanno parte del nostro servizio online o del team organizzatore del programma. Tutti i termini e le condizioni relativi al servizio fotografico e al suo pagamento vengono discussi e concordati direttamente tra voi e il fotografo. Consigliamo di avvicinarsi ai pagamenti anticipati con cautela e di assicurarsi l&#8217;affidabilit\u00e0 dei servizi, nonch\u00e9 di ottenere tutte le informazioni di contatto del fotografo prima di effettuare qualsiasi pagamento.[\/vc_toggle][\/vc_column][\/vc_row][\/vc_section]<\/p>\n<\/section>","protected":false},"excerpt":{"rendered":"<ul>\n<li data-sourcepos=\"5:1-5:45\"><strong>Prezzo per adulti (12 anni e pi\u00f9):<\/strong> $15<\/li>\n<li data-sourcepos=\"6:1-6:47\"><strong>Prezzo per bambini (da 5 a 11 anni):<\/strong> $10<\/li>\n<li data-sourcepos=\"7:1-7:28\"><strong>Durata stimata:<\/strong> 6 ore<\/li>\n<li data-sourcepos=\"8:1-8:45\"><strong>Giorni della settimana:<\/strong> Tutti i giorni<\/li>\n<\/ul>\n<p>&nbsp;<\/p>\n<ul>\n<li>Prenota in 3 minuti<\/li>\n<li>Nessun pagamento anticipato richiesto<\/li>\n<li>Trasferimento dall&#8217;hotel incluso<\/li>\n<li>Assicurazione in vigore<\/li>\n<li>Guida di lingua russa<\/li>\n<li>Nessuna tassa o commissione aggiuntiva<\/li>\n<li>Foto e recensioni reali<\/li>\n<li>Gestore personale<\/li>\n<\/ul>\n","protected":false},"featured_media":471,"template":"","meta":[],"product_cat":[31,29],"product_tag":[],"class_list":{"0":"post-469","1":"product","2":"type-product","3":"status-publish","4":"has-post-thumbnail","6":"product_cat-sharm-entertainment","7":"product_cat-sharm-sea","9":"first","10":"instock","11":"shipping-taxable","12":"purchasable","13":"product-type-simple"},"_links":{"self":[{"href":"https:\/\/www.starkhattabychtours.com\/it\/wp-json\/wp\/v2\/product\/469","targetHints":{"allow":["GET"]}}],"collection":[{"href":"https:\/\/www.starkhattabychtours.com\/it\/wp-json\/wp\/v2\/product"}],"about":[{"href":"https:\/\/www.starkhattabychtours.com\/it\/wp-json\/wp\/v2\/types\/product"}],"wp:featuredmedia":[{"embeddable":true,"href":"https:\/\/www.starkhattabychtours.com\/it\/wp-json\/wp\/v2\/media\/471"}],"wp:attachment":[{"href":"https:\/\/www.starkhattabychtours.com\/it\/wp-json\/wp\/v2\/media?parent=469"}],"wp:term":[{"taxonomy":"product_cat","embeddable":true,"href":"https:\/\/www.starkhattabychtours.com\/it\/wp-json\/wp\/v2\/product_cat?post=469"},{"taxonomy":"product_tag","embeddable":true,"href":"https:\/\/www.starkhattabychtours.com\/it\/wp-json\/wp\/v2\/product_tag?post=469"}],"curies":[{"name":"wp","href":"https:\/\/api.w.org\/{rel}","templated":true}]}}