{"id":472,"date":"2024-09-26T10:06:27","date_gmt":"2024-09-26T10:06:27","guid":{"rendered":"https:\/\/www.starkhattabychtours.com\/it\/?post_type=product&#038;p=472"},"modified":"2024-10-05T12:03:40","modified_gmt":"2024-10-05T12:03:40","slug":"ras-mohammed-and-white-island-diving-available","status":"publish","type":"product","link":"https:\/\/www.starkhattabychtours.com\/it\/tour\/ras-mohammed-and-white-island-diving-available","title":{"rendered":"Ras Mohammed e White Island Diving Disponibile"},"content":{"rendered":"<section class=\"wpb-content-wrapper\"><p>[vc_row][vc_column width=&#8221;1\/2&#8243;][vc_column_text]<\/p>\n<p data-sourcepos=\"5:1-5:175\">Una gita in yacht da Sharm El Sheikh al Parco Nazionale di Ras Mohammed e White Island \u00e8 un&#8217;avventura indimenticabile per gli amanti della natura marina e dei viaggi in mare.<\/p>\n<p data-sourcepos=\"7:1-7:189\">Ras Mohammed \u00e8 una delle destinazioni turistiche pi\u00f9 popolari in Egitto. Questo luogo \u00e8 una riserva naturale unica, grazie alla sua abbondanza di colorati reef, coralli e altra vita marina.<\/p>\n<p data-sourcepos=\"9:1-9:239\">White Island \u00e8 una piccola isola nel Mar Rosso che \u00e8 anche un posto meraviglioso, che periodicamente va sott&#8217;acqua a una profondit\u00e0 bassa durante le alte maree. Qui puoi goderti l&#8217;acqua cristallina, prendere il sole e fare foto magnifiche.<\/p>\n<p data-sourcepos=\"11:1-11:228\">Molte compagnie offrono eccellenti condizioni per i viaggi in yacht, a differenza delle barche tradizionali. Gli yacht sono generalmente pi\u00f9 confortevoli, offrendo snack e bevande. Inoltre, puoi goderti appieno la natura marina.<\/p>\n<p>[\/vc_column_text][\/vc_column][vc_column width=&#8221;1\/2&#8243;][vc_single_image image=&#8221;474&#8243; img_size=&#8221;full&#8221;][\/vc_column][\/vc_row][vc_row][vc_column][vc_column_text]<\/p>\n<p data-sourcepos=\"13:1-13:222\">Ogni anno, molte persone visitano questa incredibile riserva e isola. Questa \u00e8 un&#8217;escursione indimenticabile da Sharm El Sheikh e un ottimo modo per godere della bellezza del mare e della natura che l&#8217;Egitto ha da offrire.<\/p>\n<p data-sourcepos=\"15:1-15:149\">Il programma pu\u00f2 essere organizzato con immersioni per un costo aggiuntivo di $7 per un&#8217;immersione e $14 per due (maggiori informazioni di seguito).<\/p>\n<p>[\/vc_column_text][vc_column_text]<\/p>\n<h2 data-sourcepos=\"5:1-5:18\">Incluso nel tour:<\/h2>\n<ul data-sourcepos=\"7:1-15:123\">\n<li data-sourcepos=\"7:1-7:191\">Prelievo dall&#8217;hotel alle circa 8:00 AM (l&#8217;orario esatto verr\u00e0 confermato dopo la prenotazione; il tempo di viaggio fino al porto \u00e8 di 15-60 minuti, a seconda della posizione del tuo hotel).<\/li>\n<li data-sourcepos=\"8:1-8:132\">Noleggio attrezzatura al porto: maschere, pinne e giubbotti di salvataggio sono disponibili per il noleggio a un costo aggiuntivo.<\/li>\n<li data-sourcepos=\"9:1-9:106\">Partenza dalla marina centrale verso la riserva alle circa 10:00 AM (soggetto a permesso della polizia).<\/li>\n<li data-sourcepos=\"10:1-10:56\">Crociera in yacht di una giornata intera in alto mare.<\/li>\n<li data-sourcepos=\"11:1-11:461\">Fermata per snorkeling o immersioni alla barriera corallina per circa un&#8217;ora (la durata pu\u00f2 variare a seconda della decisione della guida sul posto, con la possibilit\u00e0 di due fermate di un&#8217;ora o una fermata pi\u00f9 lunga di 1,5-2 ore). La guida ti mostrer\u00e0 e ti parler\u00e0 della vita marina direttamente in acqua, rendendola adatta anche ai bambini con un giubbotto di salvataggio. (Le immersioni sono disponibili a un costo aggiuntivo &#8211; prezzo indicato di seguito).<\/li>\n<li data-sourcepos=\"12:1-12:121\">Fermata all&#8217;Isola Bianca (accesso a nuoto circa 20 metri). Servizio fotografico e relax sull&#8217;isola per circa 30 minuti.<\/li>\n<li data-sourcepos=\"13:1-13:88\">Pranzo a bordo (a buffet) + bibite illimitate (t\u00e8, caff\u00e8, soda) per tutta la giornata.<\/li>\n<li data-sourcepos=\"14:1-14:40\">Ritorno al porto intorno alle 5:00 PM.<\/li>\n<li data-sourcepos=\"15:1-15:123\">Rientro in hotel intorno alle 6:00 PM (pu\u00f2 variare a seconda della posizione del tuo hotel e potrebbe essere pi\u00f9 tardi).<\/li>\n<\/ul>\n<p>[\/vc_column_text][\/vc_column][\/vc_row][vc_row][vc_column][vc_column_text]<\/p>\n<h3>Il prezzo del tour include:<\/h3>\n<ul>\n<li>Servizi di trasporto;<\/li>\n<li>Servizi di una guida di lingua russa;<\/li>\n<li>Pranzo e bevande sullo yacht.<\/li>\n<\/ul>\n<p>[\/vc_column_text][vc_column_text]<\/p>\n<h3 data-sourcepos=\"5:1-5:31\">Il prezzo del tour non include:<\/h3>\n<ul data-sourcepos=\"7:1-10:0\">\n<li data-sourcepos=\"7:1-8:0\">\n<p data-sourcepos=\"7:3-7:167\">Attrezzatura per snorkeling: Maschere, pinne e giubbotti di salvataggio (possono essere noleggiati in loco per $2-4 a articolo. Verificare il prezzo esatto in loco);<\/p>\n<\/li>\n<li data-sourcepos=\"9:1-10:0\">\n<p data-sourcepos=\"9:3-9:380\">Immersioni: Costo aggiuntivo di $7 per un&#8217;immersione e $14 per due immersioni. Questo prezzo \u00e8 valido solo con la prenotazione online. I prezzi in loco sono pi\u00f9 alti, intorno a $15-20 per immersione. Ogni immersione dura fino a 15 minuti a persona (compresa la preparazione) e ha una profondit\u00e0 massima di 7 metri. Importante: Tutte le immersioni si svolgono nello stesso luogo.<\/p>\n<\/li>\n<\/ul>\n<h5 data-sourcepos=\"11:1-11:42\">I bambini di 4 anni e sotto sono gratuiti.<\/h5>\n<p>[\/vc_column_text][\/vc_column][\/vc_row][vc_row][vc_column][vc_column_text]<\/p>\n<h2 data-sourcepos=\"3:1-3:26\">Additional Information<\/h2>\n<ul data-sourcepos=\"5:1-11:196\">\n<li data-sourcepos=\"5:1-5:307\"><strong>Diving for PADI Open Water certified divers:<\/strong> \u00c8 richiesto un supplemento di $50 a immersione o $55 per due immersioni su richiesta. Questo prezzo \u00e8 valido solo con prenotazione online; i prezzi in loco sono pi\u00f9 alti. Ogni immersione dura fino a 40 minuti e raggiunge una profondit\u00e0 massima di 25 metri.<\/li>\n<li data-sourcepos=\"6:1-6:104\"><strong>Nota:<\/strong> Se annulli un&#8217;immersione prenotata il giorno dell&#8217;attivit\u00e0, il pagamento non \u00e8 rimborsabile.<\/li>\n<li data-sourcepos=\"7:1-7:158\"><strong>Foto passaporto:<\/strong> \u00c8 necessario inviare foto passaporto di tutti i partecipanti per il rilascio di un permesso turistico da parte della polizia turistica.<\/li>\n<li data-sourcepos=\"8:1-8:176\"><strong>Capacit\u00e0 dello yacht:<\/strong> I nostri yacht possono ospitare da 20 a 40 persone. Sono spaziosi e hanno ampio spazio per tutti, ma la capacit\u00e0 \u00e8 limitata dalla polizia turistica.<\/li>\n<li data-sourcepos=\"9:1-9:65\"><strong>No alcol:<\/strong> Le bevande alcoliche non sono consentite a bordo.<\/li>\n<li data-sourcepos=\"10:1-10:234\"><strong>Importante:<\/strong> Si prega di non salire sul ponte superiore quando si \u00e8 bagnati. \u00c8 necessario asciugarsi completamente con un asciugamano prima di salire. Questa \u00e8 una misura di sicurezza per prevenire scivolate e cadute sulle scale.<\/li>\n<li data-sourcepos=\"11:1-11:196\"><strong>Noleggio privato dello yacht:<\/strong> \u00c8 possibile prenotare questo programma privatamente noleggiando uno yacht per l&#8217;intera giornata a partire da $260. Maggiori dettagli possono essere trovati qui<\/li>\n<\/ul>\n<p>[\/vc_column_text][\/vc_column][\/vc_row][vc_section][vc_row][vc_column]<div id=\"kapee-header-48361\" class=\"kapee-element kapee-heading text-left kapee-width-100 separator-none separator-between-heading\">\t\n\t\t\t\n\t\t\t<div class=\"heading-wrap\">\n\t\t\t<span class=\"separator-left\"><\/span>\n\t\t\t<h2 class=\"heading-title\">Domande frequenti (FAQ): <\/h2>\t\t\t<span class=\"separator-right\"><\/span>\n\t\t\t\t\t<\/div>\n\t\t\n    <\/div>[vc_toggle title=&#8221;Il vostro prezzo \u00e8 cos\u00ec basso&#8230; Probabilmente state facendo un servizio di bassa qualit\u00e0?&#8221; style=&#8221;square_outline&#8221; color=&#8221;sky&#8221;]Offriamo davvero alcuni dei prezzi pi\u00f9 bassi mantenendo un alto livello di servizio. Il motivo \u00e8 che siamo una societ\u00e0 di prenotazioni online per grandi operatori turistici in Egitto, il che ci consente di offrire prezzi molto competitivi grazie al nostro ampio volume di turisti. Prenotando con noi, ricevi un servizio di alta qualit\u00e0 senza pagare eccessivamente gli intermediari.[\/vc_toggle][vc_toggle title=&#8221;Che tipo di autobus e trasferimenti avete?&#8221; style=&#8221;square_outline&#8221; color=&#8221;sky&#8221;]Una variet\u00e0 di trasporti \u00e8 disponibile per l&#8217;uso degli organizzatori dell&#8217;evento all&#8217;interno del parco, tra cui auto, minivan e comodi autobus. Tutti i veicoli sono dotati di aria condizionata e sistemi di sicurezza. Per viaggi pi\u00f9 lunghi, vengono forniti autobus con servizi igienici. Inoltre, tutti i veicoli vengono sottoposti a regolari controlli di manutenzione e sanificazione, e possiedono le necessarie autorizzazioni turistiche. Inoltre, i conducenti vengono sottoposti a ispezioni dalla polizia turistica prima di ogni lungo viaggio.[\/vc_toggle][vc_toggle title=&#8221;Come e quando pago per il tour?&#8221; style=&#8221;square_outline&#8221; color=&#8221;sky&#8221;]Lavoriamo senza pagamento anticipato. Tutti i tour di gruppo vengono pagati sull&#8217;autobus o durante il tour stesso. Le eccezioni sono i pagamenti anticipati per i tour privati e i tour che richiedono l&#8217;acquisto di biglietti aerei o l&#8217;elaborazione di documenti. I nostri programmi principali vengono pagati direttamente durante il trasferimento o all&#8217;inizio del tour. Non \u00e8 necessario cercare qualcuno per pagare il tour. Un dipendente dell&#8217;organizzatore si avviciner\u00e0 a te. Puoi pagare in contanti in dollari USA, euro o sterline egiziane. Per la tua comodit\u00e0, offriamo anche la possibilit\u00e0 di trasferire fondi su una carta bancaria in rubli, grivnie ed euro al tasso di cambio o su un portafoglio di criptovaluta in USDT, prima del tour. Per informazioni pi\u00f9 dettagliate sui metodi di pagamento e sui rimborsi, consulta qui.[\/vc_toggle][vc_toggle title=&#8221;Hai una licenza turistica?&#8221; style=&#8221;square_outline&#8221; color=&#8221;sky&#8221;]L&#8217;Egitto \u00e8 un paese altamente regolamentato, specialmente quando si tratta di turismo. Affinch\u00e9 qualsiasi veicolo o yacht possa partire per un&#8217;escursione, \u00e8 necessario ottenere permessi giornalieri sia dalla polizia che dai militari. Se gli operatori turistici non hanno una valida licenza turistica, naturalmente non gli verranno concessi questi permessi. Ecco perch\u00e9 per alcune escursioni, potremmo richiedere copie dei vostri voucher e passaporti (questo vale per le escursioni marine a Sharm El-Sheikh, i tour privati e alcuni tour di gruppo se coinvolgono l&#8217;uscita dalla citt\u00e0. Per altre escursioni, i permessi vengono semplicemente rilasciati in base al numero di persone e non sono necessari i dettagli del passaporto).[\/vc_toggle][vc_toggle title=&#8221;Siamo assicurati durante l&#8217;escursione?&#8221; style=&#8221;square_outline&#8221; color=&#8221;sky&#8221;]<\/p>\n<p data-sourcepos=\"3:1-3:250\">Sfortunatamente, alcune guide degli hotel cercano di convincere i turisti che la loro assicurazione di viaggio \u00e8 presumibilmente invalida se prenotano escursioni con operatori turistici esterni, invece della loro stessa compagnia. Questo non \u00e8 vero.<\/p>\n<p data-sourcepos=\"5:1-5:148\">Innanzitutto, la tua assicurazione di viaggio \u00e8 valida in tutto l&#8217;Egitto, proprio come lo sarebbe se prenotassi con la compagnia di tour dell&#8217;hotel.<\/p>\n<p data-sourcepos=\"7:1-7:381\">In secondo luogo, se sei su una barca, un autobus o un altro mezzo di trasporto, l&#8217;organizzatore si assume la piena responsabilit\u00e0 assicurativa nei confronti dei passeggeri. Altrimenti, semplicemente non sarebbero in grado di ottenere un permesso per condurre attivit\u00e0 turistiche. L&#8217;Egitto ha regolamenti turistici piuttosto rigidi e sono necessari permessi prima di ogni viaggio.<\/p>\n<p>[\/vc_toggle][vc_toggle title=&#8221;Come posso recuperare un oggetto perso durante un tour?&#8221; style=&#8221;square_outline&#8221; color=&#8221;sky&#8221;]Ricordiamo sempre ai nostri ospiti di controllare attentamente di avere con s\u00e9 tutti i loro effetti personali prima di uscire dall&#8217;autobus o dallo yacht alla fine del tour. Sfortunatamente, recuperare oggetti smarriti pu\u00f2 essere piuttosto difficile a causa della partenza immediata dei veicoli per la pulizia e le complessit\u00e0 della logistica egiziana. Sebbene faremo il possibile per aiutarti a ritrovare i tuoi effetti personali, non possiamo garantire un tasso di recupero del 100%. Se riusciamo a trovare il tuo oggetto, ci sar\u00e0 una tassa di consegna di $5-10. Si prega di prestare attenzione ai propri effetti personali![\/vc_toggle][vc_toggle title=&#8221;Dovrei modificare i miei piani o aspettare per il tour?&#8221; style=&#8221;square_outline&#8221; color=&#8221;sky&#8221;]Abbiamo un significativo afflusso giornaliero di richieste di prenotazione per i nostri programmi da parte dei turisti. Di conseguenza, la maggior parte delle escursioni vengono organizzate quotidianamente o in specifici giorni della settimana seguendo un programma dettagliato fornito nella descrizione di ciascun programma. Dopo la prenotazione, ti invieremo l&#8217;ora esatta del prelievo dal tuo hotel. Molti tour saranno condotti con piccoli gruppi provenienti da vari hotel che hanno acquistato escursioni attraverso gli operatori turistici. L&#8217;unica differenza \u00e8 che i nostri prezzi sono del 40-60% pi\u00f9 bassi (i nostri organizzatori conducono tutte le principali escursioni a Hurghada e Sharm El-Sheikh per turisti di lingua russa).[\/vc_toggle][vc_toggle title=&#8221;Dove posso trovare il fotografo che ha scattato le foto durante il tour?&#8221; style=&#8221;square_outline&#8221; color=&#8221;sky&#8221;]Vorremmo informarvi che i fotografi che vi accompagnano durante le escursioni agiscono come rappresentanti indipendenti dei loro studi fotografici. Non fanno parte del nostro servizio online o del team organizzatore del programma. Tutti i termini e le condizioni relativi al servizio fotografico e al suo pagamento vengono discussi e concordati direttamente tra voi e il fotografo. Consigliamo di avvicinarsi ai pagamenti anticipati con cautela e di assicurarsi l&#8217;affidabilit\u00e0 dei servizi, nonch\u00e9 di ottenere tutte le informazioni di contatto del fotografo prima di effettuare qualsiasi pagamento.[\/vc_toggle][\/vc_column][\/vc_row][\/vc_section]<\/p>\n<\/section>","protected":false},"excerpt":{"rendered":"<p>Prezzo &#8211; Adulti (12 anni e pi\u00f9) $23<br \/>\nPrezzo &#8211; Bambini (5-11 anni) $12<br \/>\nDurata stimata 9 ore<br \/>\nGiorni della settimana Giornaliero<\/p>\n<ul>\n<li>Prenota in 3 minuti<\/li>\n<li>Nessun pagamento anticipato richiesto<\/li>\n<li>Prelievo dall&#8217;hotel<\/li>\n<li>Assicurazione inclusa<\/li>\n<li>Guida di lingua russa<\/li>\n<li>Nessuna tassa o commissione aggiuntiva<\/li>\n<li>Foto e recensioni reali<\/li>\n<li>Gestore personale<\/li>\n<\/ul>\n","protected":false},"featured_media":475,"template":"","meta":[],"product_cat":[29],"product_tag":[],"class_list":{"0":"post-472","1":"product","2":"type-product","3":"status-publish","4":"has-post-thumbnail","6":"product_cat-sharm-sea","8":"first","9":"instock","10":"shipping-taxable","11":"purchasable","12":"product-type-simple"},"_links":{"self":[{"href":"https:\/\/www.starkhattabychtours.com\/it\/wp-json\/wp\/v2\/product\/472","targetHints":{"allow":["GET"]}}],"collection":[{"href":"https:\/\/www.starkhattabychtours.com\/it\/wp-json\/wp\/v2\/product"}],"about":[{"href":"https:\/\/www.starkhattabychtours.com\/it\/wp-json\/wp\/v2\/types\/product"}],"wp:featuredmedia":[{"embeddable":true,"href":"https:\/\/www.starkhattabychtours.com\/it\/wp-json\/wp\/v2\/media\/475"}],"wp:attachment":[{"href":"https:\/\/www.starkhattabychtours.com\/it\/wp-json\/wp\/v2\/media?parent=472"}],"wp:term":[{"taxonomy":"product_cat","embeddable":true,"href":"https:\/\/www.starkhattabychtours.com\/it\/wp-json\/wp\/v2\/product_cat?post=472"},{"taxonomy":"product_tag","embeddable":true,"href":"https:\/\/www.starkhattabychtours.com\/it\/wp-json\/wp\/v2\/product_tag?post=472"}],"curies":[{"name":"wp","href":"https:\/\/api.w.org\/{rel}","templated":true}]}}