{"id":476,"date":"2024-09-26T11:19:27","date_gmt":"2024-09-26T11:19:27","guid":{"rendered":"https:\/\/www.starkhattabychtours.com\/it\/?post_type=product&#038;p=476"},"modified":"2024-10-05T12:06:28","modified_gmt":"2024-10-05T12:06:28","slug":"yacht-trip-to-tiran-island-with-diving","status":"publish","type":"product","link":"https:\/\/www.starkhattabychtours.com\/it\/tour\/yacht-trip-to-tiran-island-with-diving","title":{"rendered":"Viaggio in yacht all&#8217;isola di Tiran con immersioni"},"content":{"rendered":"<section class=\"wpb-content-wrapper\"><p>[vc_row][vc_column width=&#8221;1\/2&#8243;][vc_column_text]<\/p>\n<p data-sourcepos=\"5:1-5:228\">L&#8217;isola di Tiran si trova a Sharm El Sheikh, una citt\u00e0 turistica sulla costa del Mar Rosso in Egitto. \u00c8 situata nella parte nord-orientale del Mar Rosso ed \u00e8 una popolare destinazione per i turisti che visitano Sharm El Sheikh.<\/p>\n<p data-sourcepos=\"7:1-7:318\">L&#8217;isola di Tiran \u00e8 famosa per la sua natura unica e il ricco mondo sottomarino. Fa parte del Parco Nazionale di Ras Mohammed, riconosciuto come uno dei luoghi pi\u00f9 belli per lo snorkeling e le immersioni. Queste aree ospitano molte barriere coralline, attirando subacquei e appassionati di snorkeling da tutto il mondo.<\/p>\n<p data-sourcepos=\"9:1-9:304\">In passato, l&#8217;isola di Tiran \u00e8 stata oggetto di dispute territoriali tra Egitto e Arabia Saudita. Tuttavia, nel 2017, Egitto e Arabia Saudita hanno raggiunto un accordo in base al quale l&#8217;isola \u00e8 stata trasferita all&#8217;Arabia Saudita. Questo accordo \u00e8 stato raggiunto dopo lunghi negoziati tra i due paesi.<\/p>\n<p data-sourcepos=\"11:1-11:180\">Vedrete anche l&#8217;intera costa di Sharm El Sheikh e il luogo del naufragio della nave mercantile cipriota &#8220;Lara&#8221;, affondata su una barriera corallina tra la costa e l&#8217;isola nel 1985.<\/p>\n<p>[\/vc_column_text][\/vc_column][vc_column width=&#8221;1\/2&#8243;][vc_single_image image=&#8221;475&#8243; img_size=&#8221;full&#8221;][\/vc_column][\/vc_row][vc_row][vc_column][vc_column_text]<\/p>\n<p data-sourcepos=\"13:1-13:241\">La giornata sar\u00e0 dedicata al relax, al godimento dell&#8217;aria fresca e all&#8217;ammirazione del mondo sottomarino con un istruttore professionista. Si prega di notare che lo sbarco sull&#8217;isola non \u00e8 possibile in quanto \u00e8 territorio di un altro stato.<\/p>\n<p data-sourcepos=\"15:1-15:148\">Il programma pu\u00f2 essere organizzato con immersioni per un costo aggiuntivo di $7 per un&#8217;immersione, $14 per due (maggiori informazioni di seguito).<\/p>\n<p>[\/vc_column_text][\/vc_column][\/vc_row][vc_row][vc_column][vc_column_text]<\/p>\n<h2 data-sourcepos=\"5:1-5:25\">Cosa \u00e8 incluso nel tour:<\/h2>\n<ul data-sourcepos=\"7:1-15:0\">\n<li data-sourcepos=\"7:1-7:201\"><strong>Trasferimento dal tuo hotel:<\/strong> Circa alle 8:00 AM (l&#8217;ora esatta verr\u00e0 confermata dopo la prenotazione; il tempo di viaggio fino al porto \u00e8 di 15-60 minuti, a seconda della posizione del tuo hotel);<\/li>\n<li data-sourcepos=\"8:1-8:142\"><strong>Noleggio dell&#8217;attrezzatura:<\/strong> Al porto, puoi noleggiare maschere, pinne e giubbotti di salvataggio (se necessario, a un costo aggiuntivo);<\/li>\n<li data-sourcepos=\"9:1-9:137\"><strong>Partenza dal marina:<\/strong> Lo yacht parte dal marina centrale verso l&#8217;isola intorno alle 10:00 AM (a seconda del permesso della polizia);<\/li>\n<li data-sourcepos=\"10:1-10:90\"><strong>Giorno intero di yacht trip:<\/strong> Goditi una giornata intera di navigazione in alto mare;<\/li>\n<li data-sourcepos=\"11:1-11:404\"><strong>Fermate per lo snorkeling:<\/strong> Due fermate per lo snorkeling alle barriere coralline, ciascuna della durata di circa un&#8217;ora (a seconda della decisione della guida sul posto). La guida ti mostrer\u00e0 e ti parler\u00e0 della vita marina direttamente in acqua, anche un bambino pu\u00f2 gestirlo con un giubbotto di salvataggio. (Le immersioni sono disponibili a un costo aggiuntivo &#8211; il prezzo \u00e8 indicato di seguito);<\/li>\n<li data-sourcepos=\"12:1-12:137\"><strong>Pranzo e bevande:<\/strong> Pranzo sullo yacht (a buffet) + bevande analcoliche illimitate per tutta la giornata (t\u00e8, caff\u00e8, bibite gassate);<\/li>\n<li data-sourcepos=\"13:1-13:43\"><strong>Ritorno al porto:<\/strong> Circa alle 5:00 PM;<\/li>\n<li data-sourcepos=\"14:1-15:0\"><strong>Trasferimento di ritorno al tuo hotel:<\/strong> Circa alle 6:00 PM (a seconda della posizione del tuo hotel).<\/li>\n<\/ul>\n<p>[\/vc_column_text][\/vc_column][\/vc_row][vc_row][vc_column][vc_column_text]<\/p>\n<h2>Incluso nel prezzo del tour:<\/h2>\n<ul>\n<li>Trasporto da e verso il porto<\/li>\n<li>Una guida che parla inglese<\/li>\n<li>Cibo e bevande durante il viaggio in yacht<\/li>\n<\/ul>\n<p>[\/vc_column_text][\/vc_column][\/vc_row][vc_row][vc_column][vc_column_text]<\/p>\n<h2>Non incluso nel prezzo del tour:<\/h2>\n<p>Attrezzatura per lo snorkeling: maschere, pinne e giubbotti di salvataggio (possono essere noleggiati in loco per $2-4 a articolo. I prezzi esatti possono essere confermati in loco).<\/p>\n<p>Immersioni: si applicano costi aggiuntivi per le immersioni. Un&#8217;immersione costa $7 e due immersioni costano $14. Si prega di notare che questi prezzi sono validi solo quando si prenota online. I prezzi in loco sono pi\u00f9 alti, intorno a $15-$20 per immersione. Ogni immersione, compresa la preparazione, dura fino a 15 minuti e ha una profondit\u00e0 massima di 7 metri.<\/p>\n<h4>Bambini fino a 5 anni: gratuito.<\/h4>\n<p>[\/vc_column_text][\/vc_column][\/vc_row][vc_row][vc_column][vc_column_text]<\/p>\n<h2 data-sourcepos=\"3:1-3:26\">Additional Information<\/h2>\n<p data-sourcepos=\"5:1-5:231\"><strong>Group Size:<\/strong> Si prega di notare che a volte i gruppi per questo tour specifico potrebbero non essere formati, specialmente durante la stagione invernale. I tour a Ras Mohammed e White Island hanno sempre abbastanza partecipanti.<\/p>\n<p data-sourcepos=\"7:1-7:383\"><strong>Diving:<\/strong> Le immersioni sono disponibili per coloro che sono in possesso di una certificazione PADI Open Water. Un&#8217;immersione costa $50 aggiuntivi su richiesta, e due immersioni costano $55 su richiesta. Questi prezzi sono validi solo se prenotati online; i prezzi in loco sono pi\u00f9 alti. Ogni immersione pu\u00f2 durare fino a 40 minuti e raggiungere una profondit\u00e0 massima di 25 metri.<\/p>\n<p data-sourcepos=\"9:1-9:145\"><strong>Cancellation Policy:<\/strong> Si prega di notare che se si annulla un&#8217;immersione precedentemente prenotata sul posto, il pagamento non \u00e8 rimborsabile.<\/p>\n<p data-sourcepos=\"11:1-11:156\"><strong>Foto dei Passaporti:<\/strong> Si prega di inviare una foto del passaporto di ogni partecipante per organizzare un permesso turistico presso la polizia turistica.<\/p>\n<p data-sourcepos=\"13:1-13:200\"><strong>Capacit\u00e0 dello Yacht:<\/strong> I nostri yacht possono ospitare tra le 20 e le 40 persone. Sono spaziosi e c&#8217;\u00e8 molto spazio per tutti. Tuttavia, ci sono limiti di capacit\u00e0 stabiliti dalla polizia turistica.<\/p>\n<p data-sourcepos=\"15:1-15:76\"><strong>Nessun Alcol a Bordo:<\/strong> Si prega di non portare a bordo bevande alcoliche.<\/p>\n<p data-sourcepos=\"17:1-17:224\"><strong>Misure di Sicurezza:<\/strong> Per la vostra sicurezza, si prega di assicurarsi di essere completamente asciutti prima di salire sul ponte superiore. \u00c8 importante asciugarsi con un asciugamano per evitare di scivolare sulle scale.<\/p>\n<p data-sourcepos=\"19:1-19:141\"><strong>Noleggio Privato:<\/strong> \u00c8 anche possibile prenotare questo programma privatamente noleggiando lo yacht per l&#8217;intera giornata a partire da $260<\/p>\n<p>[\/vc_column_text][\/vc_column][\/vc_row][vc_section][vc_row][vc_column]<div id=\"kapee-header-26353\" class=\"kapee-element kapee-heading text-left kapee-width-100 separator-none separator-between-heading\">\t\n\t\t\t\n\t\t\t<div class=\"heading-wrap\">\n\t\t\t<span class=\"separator-left\"><\/span>\n\t\t\t<h2 class=\"heading-title\">Domande frequenti (FAQ): <\/h2>\t\t\t<span class=\"separator-right\"><\/span>\n\t\t\t\t\t<\/div>\n\t\t\n    <\/div>[vc_toggle title=&#8221;Il vostro prezzo \u00e8 cos\u00ec basso&#8230; Probabilmente state facendo un servizio di bassa qualit\u00e0?&#8221; style=&#8221;square_outline&#8221; color=&#8221;sky&#8221;]Offriamo davvero alcuni dei prezzi pi\u00f9 bassi mantenendo un alto livello di servizio. Il motivo \u00e8 che siamo una societ\u00e0 di prenotazioni online per grandi operatori turistici in Egitto, il che ci consente di offrire prezzi molto competitivi grazie al nostro ampio volume di turisti. Prenotando con noi, ricevi un servizio di alta qualit\u00e0 senza pagare eccessivamente gli intermediari.[\/vc_toggle][vc_toggle title=&#8221;Che tipo di autobus e trasferimenti avete?&#8221; style=&#8221;square_outline&#8221; color=&#8221;sky&#8221;]Una variet\u00e0 di trasporti \u00e8 disponibile per l&#8217;uso degli organizzatori dell&#8217;evento all&#8217;interno del parco, tra cui auto, minivan e comodi autobus. Tutti i veicoli sono dotati di aria condizionata e sistemi di sicurezza. Per viaggi pi\u00f9 lunghi, vengono forniti autobus con servizi igienici. Inoltre, tutti i veicoli vengono sottoposti a regolari controlli di manutenzione e sanificazione, e possiedono le necessarie autorizzazioni turistiche. Inoltre, i conducenti vengono sottoposti a ispezioni dalla polizia turistica prima di ogni lungo viaggio.[\/vc_toggle][vc_toggle title=&#8221;Come e quando pago per il tour?&#8221; style=&#8221;square_outline&#8221; color=&#8221;sky&#8221;]Lavoriamo senza pagamento anticipato. Tutti i tour di gruppo vengono pagati sull&#8217;autobus o durante il tour stesso. Le eccezioni sono i pagamenti anticipati per i tour privati e i tour che richiedono l&#8217;acquisto di biglietti aerei o l&#8217;elaborazione di documenti. I nostri programmi principali vengono pagati direttamente durante il trasferimento o all&#8217;inizio del tour. Non \u00e8 necessario cercare qualcuno per pagare il tour. Un dipendente dell&#8217;organizzatore si avviciner\u00e0 a te. Puoi pagare in contanti in dollari USA, euro o sterline egiziane. Per la tua comodit\u00e0, offriamo anche la possibilit\u00e0 di trasferire fondi su una carta bancaria in rubli, grivnie ed euro al tasso di cambio o su un portafoglio di criptovaluta in USDT, prima del tour. Per informazioni pi\u00f9 dettagliate sui metodi di pagamento e sui rimborsi, consulta qui.[\/vc_toggle][vc_toggle title=&#8221;Hai una licenza turistica?&#8221; style=&#8221;square_outline&#8221; color=&#8221;sky&#8221;]L&#8217;Egitto \u00e8 un paese altamente regolamentato, specialmente quando si tratta di turismo. Affinch\u00e9 qualsiasi veicolo o yacht possa partire per un&#8217;escursione, \u00e8 necessario ottenere permessi giornalieri sia dalla polizia che dai militari. Se gli operatori turistici non hanno una valida licenza turistica, naturalmente non gli verranno concessi questi permessi. Ecco perch\u00e9 per alcune escursioni, potremmo richiedere copie dei vostri voucher e passaporti (questo vale per le escursioni marine a Sharm El-Sheikh, i tour privati e alcuni tour di gruppo se coinvolgono l&#8217;uscita dalla citt\u00e0. Per altre escursioni, i permessi vengono semplicemente rilasciati in base al numero di persone e non sono necessari i dettagli del passaporto).[\/vc_toggle][vc_toggle title=&#8221;Siamo assicurati durante l&#8217;escursione?&#8221; style=&#8221;square_outline&#8221; color=&#8221;sky&#8221;]<\/p>\n<p data-sourcepos=\"3:1-3:250\">Sfortunatamente, alcune guide degli hotel cercano di convincere i turisti che la loro assicurazione di viaggio \u00e8 presumibilmente invalida se prenotano escursioni con operatori turistici esterni, invece della loro stessa compagnia. Questo non \u00e8 vero.<\/p>\n<p data-sourcepos=\"5:1-5:148\">Innanzitutto, la tua assicurazione di viaggio \u00e8 valida in tutto l&#8217;Egitto, proprio come lo sarebbe se prenotassi con la compagnia di tour dell&#8217;hotel.<\/p>\n<p data-sourcepos=\"7:1-7:381\">In secondo luogo, se sei su una barca, un autobus o un altro mezzo di trasporto, l&#8217;organizzatore si assume la piena responsabilit\u00e0 assicurativa nei confronti dei passeggeri. Altrimenti, semplicemente non sarebbero in grado di ottenere un permesso per condurre attivit\u00e0 turistiche. L&#8217;Egitto ha regolamenti turistici piuttosto rigidi e sono necessari permessi prima di ogni viaggio.<\/p>\n<p>[\/vc_toggle][vc_toggle title=&#8221;Come posso recuperare un oggetto perso durante un tour?&#8221; style=&#8221;square_outline&#8221; color=&#8221;sky&#8221;]Ricordiamo sempre ai nostri ospiti di controllare attentamente di avere con s\u00e9 tutti i loro effetti personali prima di uscire dall&#8217;autobus o dallo yacht alla fine del tour. Sfortunatamente, recuperare oggetti smarriti pu\u00f2 essere piuttosto difficile a causa della partenza immediata dei veicoli per la pulizia e le complessit\u00e0 della logistica egiziana. Sebbene faremo il possibile per aiutarti a ritrovare i tuoi effetti personali, non possiamo garantire un tasso di recupero del 100%. Se riusciamo a trovare il tuo oggetto, ci sar\u00e0 una tassa di consegna di $5-10. Si prega di prestare attenzione ai propri effetti personali![\/vc_toggle][vc_toggle title=&#8221;Dovrei modificare i miei piani o aspettare per il tour?&#8221; style=&#8221;square_outline&#8221; color=&#8221;sky&#8221;]Abbiamo un significativo afflusso giornaliero di richieste di prenotazione per i nostri programmi da parte dei turisti. Di conseguenza, la maggior parte delle escursioni vengono organizzate quotidianamente o in specifici giorni della settimana seguendo un programma dettagliato fornito nella descrizione di ciascun programma. Dopo la prenotazione, ti invieremo l&#8217;ora esatta del prelievo dal tuo hotel. Molti tour saranno condotti con piccoli gruppi provenienti da vari hotel che hanno acquistato escursioni attraverso gli operatori turistici. L&#8217;unica differenza \u00e8 che i nostri prezzi sono del 40-60% pi\u00f9 bassi (i nostri organizzatori conducono tutte le principali escursioni a Hurghada e Sharm El-Sheikh per turisti di lingua russa).[\/vc_toggle][vc_toggle title=&#8221;Dove posso trovare il fotografo che ha scattato le foto durante il tour?&#8221; style=&#8221;square_outline&#8221; color=&#8221;sky&#8221;]Vorremmo informarvi che i fotografi che vi accompagnano durante le escursioni agiscono come rappresentanti indipendenti dei loro studi fotografici. Non fanno parte del nostro servizio online o del team organizzatore del programma. Tutti i termini e le condizioni relativi al servizio fotografico e al suo pagamento vengono discussi e concordati direttamente tra voi e il fotografo. Consigliamo di avvicinarsi ai pagamenti anticipati con cautela e di assicurarsi l&#8217;affidabilit\u00e0 dei servizi, nonch\u00e9 di ottenere tutte le informazioni di contatto del fotografo prima di effettuare qualsiasi pagamento.[\/vc_toggle][\/vc_column][\/vc_row][\/vc_section]<\/p>\n<\/section>","protected":false},"excerpt":{"rendered":"<ul>\n<li data-sourcepos=\"5:1-5:45\"><strong>Prezzo per adulti (12 anni e pi\u00f9):<\/strong> $23<\/li>\n<li data-sourcepos=\"6:1-6:42\"><strong>Prezzo per bambini (6-11 anni):<\/strong> $12<\/li>\n<li data-sourcepos=\"7:1-7:28\"><strong>Durata stimata:<\/strong> 9 ore<\/li>\n<li data-sourcepos=\"8:1-8:45\"><strong>Giorni della settimana:<\/strong> Tutti i giorni<\/li>\n<\/ul>\n<p>&nbsp;<\/p>\n<ul>\n<li>Prenota in 3 minuti<\/li>\n<li>Nessun pagamento anticipato richiesto<\/li>\n<li>Trasferimento in hotel incluso<\/li>\n<li>Assicurazione in vigore<\/li>\n<li>Guida di lingua russa<\/li>\n<li>Nessuna tassa o commissione aggiuntiva<\/li>\n<li>Foto e recensioni reali<\/li>\n<li>Gestore personale<\/li>\n<\/ul>\n","protected":false},"featured_media":478,"template":"","meta":[],"product_cat":[29],"product_tag":[],"class_list":{"0":"post-476","1":"product","2":"type-product","3":"status-publish","4":"has-post-thumbnail","6":"product_cat-sharm-sea","8":"first","9":"instock","10":"shipping-taxable","11":"purchasable","12":"product-type-simple"},"_links":{"self":[{"href":"https:\/\/www.starkhattabychtours.com\/it\/wp-json\/wp\/v2\/product\/476","targetHints":{"allow":["GET"]}}],"collection":[{"href":"https:\/\/www.starkhattabychtours.com\/it\/wp-json\/wp\/v2\/product"}],"about":[{"href":"https:\/\/www.starkhattabychtours.com\/it\/wp-json\/wp\/v2\/types\/product"}],"wp:featuredmedia":[{"embeddable":true,"href":"https:\/\/www.starkhattabychtours.com\/it\/wp-json\/wp\/v2\/media\/478"}],"wp:attachment":[{"href":"https:\/\/www.starkhattabychtours.com\/it\/wp-json\/wp\/v2\/media?parent=476"}],"wp:term":[{"taxonomy":"product_cat","embeddable":true,"href":"https:\/\/www.starkhattabychtours.com\/it\/wp-json\/wp\/v2\/product_cat?post=476"},{"taxonomy":"product_tag","embeddable":true,"href":"https:\/\/www.starkhattabychtours.com\/it\/wp-json\/wp\/v2\/product_tag?post=476"}],"curies":[{"name":"wp","href":"https:\/\/api.w.org\/{rel}","templated":true}]}}