{"id":479,"date":"2024-09-26T12:02:34","date_gmt":"2024-09-26T12:02:34","guid":{"rendered":"https:\/\/www.starkhattabychtours.com\/it\/?post_type=product&#038;p=479"},"modified":"2024-10-05T10:58:26","modified_gmt":"2024-10-05T10:58:26","slug":"yacht-rental-in-sharm-individual","status":"publish","type":"product","link":"https:\/\/www.starkhattabychtours.com\/it\/tour\/yacht-rental-in-sharm-individual","title":{"rendered":"Noleggio Yacht a Sharm individuale"},"content":{"rendered":"<section class=\"wpb-content-wrapper\"><p>[vc_section][vc_row][vc_column width=&#8221;1\/2&#8243;][vc_column_text]Noleggiare uno yacht privato a Sharm El Sheikh \u00e8 un vero paradiso per gli amanti delle avventure marine e dell&#8217;esplorazione. Sharm El Sheikh \u00e8 un luogo meraviglioso per una crociera in yacht, poich\u00e9 vanta una delle pi\u00f9 magnifiche barriere coralline del mondo, oltre a numerose baie e isole pittoresche. Affittare uno yacht a Sharm El Sheikh \u00e8 l&#8217;opportunit\u00e0 di godere di acque cristalline, una fresca brezza, il sole caldo e tramonti indimenticabili.<br \/>\nPuoi scegliere uno yacht richiedendolo al dipartimento prenotazioni, e ti verranno fornite foto delle imbarcazioni disponibili. Le foto sopra mostrano vari yacht che i nostri partner hanno. Sono tutti pi\u00f9 o meno allo stesso livello e nella stessa categoria di prezzo, a partire da $ 285 per l&#8217;intera giornata, a seconda dello yacht. Noleggiare uno yacht a Sharm El Sheikh ti permette di godere di splendidi paesaggi, una fresca brezza marina e un&#8217;atmosfera accogliente. Puoi anche godere delle meraviglie del mondo sottomarino che si aprir\u00e0 a te durante lo snorkeling o le immersioni. Se stai cercando esperienze indimenticabili e una vacanza insolita, noleggiare uno yacht a Sharm El Sheikh \u00e8 esattamente ci\u00f2 che ti serve![\/vc_column_text][\/vc_column][vc_column width=&#8221;1\/2&#8243;][vc_single_image image=&#8221;481&#8243; img_size=&#8221;full&#8221;][\/vc_column][\/vc_row][vc_row][vc_column width=&#8221;1\/2&#8243;][vc_column_text]<\/p>\n<h3 data-sourcepos=\"1:1-1:67\">Ecco una descrizione di ci\u00f2 che \u00e8 incluso nel noleggio dello yacht:<\/h3>\n<p data-sourcepos=\"3:1-3:189\"><strong>Prelievo dall&#8217;hotel:<\/strong> Circa alle 8:30 AM (l&#8217;ora esatta verr\u00e0 confermata dopo la prenotazione). Il tragitto fino al porto dura circa 15-30 minuti, a seconda della posizione del tuo hotel.<\/p>\n<p data-sourcepos=\"5:1-5:105\"><strong>Ora di partenza:<\/strong> Lo yacht salpa intorno alle 9:30-10:00 AM (soggetto all&#8217;approvazione della polizia).<\/p>\n<p data-sourcepos=\"7:1-7:109\"><strong>Crociera di un giorno intero:<\/strong> Goditi una giornata intera in mare con la possibilit\u00e0 di avvistare delfini.<\/p>\n<p data-sourcepos=\"9:1-9:191\"><strong>Fermate per snorkeling o immersioni:<\/strong> Due fermate per lo snorkeling o le immersioni in bellissime barriere coralline, ciascuna della durata di circa un&#8217;ora (decise sul posto con la guida).<\/p>\n<p data-sourcepos=\"11:1-11:207\"><strong>Parco Nazionale Ras Mohammed o Isola di Tiran:<\/strong> Puoi scegliere tra visitare il Parco Nazionale Ras Mohammed e White Island o dirigirti verso l&#8217;Isola di Tiran (la tua scelta al momento della prenotazione).<\/p>\n<p data-sourcepos=\"13:1-13:202\"><strong>Pranzo a bordo:<\/strong> Goditi un pranzo sullo yacht che include pollo, salsicce, riso, patate, pasta e insalate. Le bevande analcoliche (t\u00e8, caff\u00e8 istantaneo, soda) saranno disponibili per tutto il giorno.<\/p>\n<p data-sourcepos=\"15:1-15:99\"><strong>Ritorno:<\/strong> Lo yacht torna al porto intorno alle 4:00 PM e sarai trasferito di nuovo al tuo hotel<\/p>\n<p>[\/vc_column_text][\/vc_column][vc_column width=&#8221;1\/2&#8243;][vc_column_text]<\/p>\n<h3 data-sourcepos=\"3:1-3:61\">Incluso nel prezzo dell&#8217;affitto (qualsiasi imbarcazione):<\/h3>\n<ul data-sourcepos=\"5:1-9:0\">\n<li data-sourcepos=\"5:1-5:36\">Pranzo e bevande standard a bordo;<\/li>\n<li data-sourcepos=\"6:1-6:43\">Attrezzatura da subacquea (su richiesta);<\/li>\n<li data-sourcepos=\"7:1-7:55\">Servizi di una guida e un equipaggio di lingua russa;<\/li>\n<li data-sourcepos=\"8:1-9:0\">Trasporto all&#8217;interno di Sharm El Sheikh.<\/li>\n<\/ul>\n<h3 data-sourcepos=\"10:1-10:36\">Non incluso nel prezzo del tour:<\/h3>\n<ul data-sourcepos=\"12:1-13:0\">\n<li data-sourcepos=\"12:1-13:0\">Maschere, pinne e giubbotti di salvataggio (possono essere noleggiati a terra presso un centro immersioni per $2-4 a pezzo. Si prega di verificare il prezzo esatto in loco.)<\/li>\n<\/ul>\n<p>[\/vc_column_text][\/vc_column][\/vc_row][vc_row][vc_column][vc_column_text]<\/p>\n<h2 data-sourcepos=\"3:1-3:32\">Il prezzo \u00e8 facile da calcolare:<\/h2>\n<p data-sourcepos=\"5:1-5:70\">$ 275 (Manta-5) e $ 325 (altri yacht) &#8211; Tassa di noleggio dello yacht;<\/p>\n<ul data-sourcepos=\"6:1-10:0\">\n<li data-sourcepos=\"6:1-6:17\">$ 10 a persona;<\/li>\n<li data-sourcepos=\"7:1-7:99\">$ 15 per 1 kg (per articolo) &#8211; Aggiungi frutti di mare a pranzo (gamberi, calamari, pesce, ecc.);<\/li>\n<li data-sourcepos=\"8:1-8:167\">$ 10 a immersione &#8211; Immersioni, una immersione con un istruttore fino a 15 minuti, fino a una profondit\u00e0 di 7 metri (il prezzo \u00e8 indicato da 2 immersioni per yacht);<\/li>\n<li data-sourcepos=\"9:1-10:0\">$ 10 &#8211; Torta o fiori per una celebrazione.<\/li>\n<\/ul>\n<ul data-sourcepos=\"11:1-11:125\">\n<li data-sourcepos=\"11:1-11:125\">Deve essere prenotato in anticipo. Se rifiuti il \u200b\u200bservizio il giorno del programma, il costo dei servizi rimane lo stesso<\/li>\n<\/ul>\n<p>[\/vc_column_text][vc_column_text]<\/p>\n<h2 data-sourcepos=\"5:1-5:27\">Informazioni Aggiuntive<\/h2>\n<ul data-sourcepos=\"7:1-11:200\">\n<li data-sourcepos=\"7:1-7:340\"><strong>Deposito:<\/strong> \u00c8 richiesto un deposito di $100 per qualsiasi yacht. Questo deposito \u00e8 rimborsabile se annulli pi\u00f9 di due giorni prima della data del tour (se lo yacht non \u00e8 disponibile per qualsiasi motivo dopo che il deposito \u00e8 stato effettuato, o se uno yacht sostitutivo non \u00e8 adatto, il deposito verr\u00e0 rimborsato in qualsiasi momento).<\/li>\n<li data-sourcepos=\"8:1-8:148\"><strong>Prenotazione anticipata:<\/strong> Si consiglia di prenotare lo yacht con diversi giorni di anticipo, prima meglio \u00e8 (alta domanda durante la stagione).<\/li>\n<li data-sourcepos=\"9:1-9:75\"><strong>Vietato l&#8217;alcol a bordo:<\/strong> \u00c8 vietato portare bevande alcoliche a bordo.<\/li>\n<li data-sourcepos=\"10:1-10:151\"><strong>Foto passaporto:<\/strong> Si prega di inviare le foto del passaporto di tutti i passeggeri per organizzare un permesso turistico con la polizia turistica.<\/li>\n<li data-sourcepos=\"11:1-11:200\"><strong>Importante:<\/strong> Si prega di non salire sul ponte superiore bagnati. Si prega di asciugarsi con un asciugamano prima di farlo. Questo \u00e8 un requisito di sicurezza per evitare di scivolare sulle scale<\/li>\n<\/ul>\n<p>[\/vc_column_text][\/vc_column][\/vc_row][\/vc_section][vc_section][vc_row][vc_column]<div id=\"kapee-header-41629\" class=\"kapee-element kapee-heading text-left kapee-width-100 separator-none separator-between-heading\">\t\n\t\t\t\n\t\t\t<div class=\"heading-wrap\">\n\t\t\t<span class=\"separator-left\"><\/span>\n\t\t\t<h2 class=\"heading-title\">Domande frequenti (FAQ): <\/h2>\t\t\t<span class=\"separator-right\"><\/span>\n\t\t\t\t\t<\/div>\n\t\t\n    <\/div>[vc_toggle title=&#8221;Il vostro prezzo \u00e8 cos\u00ec basso&#8230; Probabilmente state facendo un servizio di bassa qualit\u00e0?&#8221; style=&#8221;square_outline&#8221; color=&#8221;sky&#8221;]Offriamo davvero alcuni dei prezzi pi\u00f9 bassi mantenendo un alto livello di servizio. Il motivo \u00e8 che siamo una societ\u00e0 di prenotazioni online per grandi operatori turistici in Egitto, il che ci consente di offrire prezzi molto competitivi grazie al nostro ampio volume di turisti. Prenotando con noi, ricevi un servizio di alta qualit\u00e0 senza pagare eccessivamente gli intermediari.[\/vc_toggle][vc_toggle title=&#8221;Che tipo di autobus e trasferimenti avete?&#8221; style=&#8221;square_outline&#8221; color=&#8221;sky&#8221;]Una variet\u00e0 di trasporti \u00e8 disponibile per l&#8217;uso degli organizzatori dell&#8217;evento all&#8217;interno del parco, tra cui auto, minivan e comodi autobus. Tutti i veicoli sono dotati di aria condizionata e sistemi di sicurezza. Per viaggi pi\u00f9 lunghi, vengono forniti autobus con servizi igienici. Inoltre, tutti i veicoli vengono sottoposti a regolari controlli di manutenzione e sanificazione, e possiedono le necessarie autorizzazioni turistiche. Inoltre, i conducenti vengono sottoposti a ispezioni dalla polizia turistica prima di ogni lungo viaggio.[\/vc_toggle][vc_toggle title=&#8221;Come e quando pago per il tour?&#8221; style=&#8221;square_outline&#8221; color=&#8221;sky&#8221;]Lavoriamo senza pagamento anticipato. Tutti i tour di gruppo vengono pagati sull&#8217;autobus o durante il tour stesso. Le eccezioni sono i pagamenti anticipati per i tour privati e i tour che richiedono l&#8217;acquisto di biglietti aerei o l&#8217;elaborazione di documenti. I nostri programmi principali vengono pagati direttamente durante il trasferimento o all&#8217;inizio del tour. Non \u00e8 necessario cercare qualcuno per pagare il tour. Un dipendente dell&#8217;organizzatore si avviciner\u00e0 a te. Puoi pagare in contanti in dollari USA, euro o sterline egiziane. Per la tua comodit\u00e0, offriamo anche la possibilit\u00e0 di trasferire fondi su una carta bancaria in rubli, grivnie ed euro al tasso di cambio o su un portafoglio di criptovaluta in USDT, prima del tour. Per informazioni pi\u00f9 dettagliate sui metodi di pagamento e sui rimborsi, consulta qui.[\/vc_toggle][vc_toggle title=&#8221;Hai una licenza turistica?&#8221; style=&#8221;square_outline&#8221; color=&#8221;sky&#8221;]L&#8217;Egitto \u00e8 un paese altamente regolamentato, specialmente quando si tratta di turismo. Affinch\u00e9 qualsiasi veicolo o yacht possa partire per un&#8217;escursione, \u00e8 necessario ottenere permessi giornalieri sia dalla polizia che dai militari. Se gli operatori turistici non hanno una valida licenza turistica, naturalmente non gli verranno concessi questi permessi. Ecco perch\u00e9 per alcune escursioni, potremmo richiedere copie dei vostri voucher e passaporti (questo vale per le escursioni marine a Sharm El-Sheikh, i tour privati e alcuni tour di gruppo se coinvolgono l&#8217;uscita dalla citt\u00e0. Per altre escursioni, i permessi vengono semplicemente rilasciati in base al numero di persone e non sono necessari i dettagli del passaporto).[\/vc_toggle][vc_toggle title=&#8221;Siamo assicurati durante l&#8217;escursione?&#8221; style=&#8221;square_outline&#8221; color=&#8221;sky&#8221;]<\/p>\n<p data-sourcepos=\"3:1-3:250\">Sfortunatamente, alcune guide degli hotel cercano di convincere i turisti che la loro assicurazione di viaggio \u00e8 presumibilmente invalida se prenotano escursioni con operatori turistici esterni, invece della loro stessa compagnia. Questo non \u00e8 vero.<\/p>\n<p data-sourcepos=\"5:1-5:148\">Innanzitutto, la tua assicurazione di viaggio \u00e8 valida in tutto l&#8217;Egitto, proprio come lo sarebbe se prenotassi con la compagnia di tour dell&#8217;hotel.<\/p>\n<p data-sourcepos=\"7:1-7:381\">In secondo luogo, se sei su una barca, un autobus o un altro mezzo di trasporto, l&#8217;organizzatore si assume la piena responsabilit\u00e0 assicurativa nei confronti dei passeggeri. Altrimenti, semplicemente non sarebbero in grado di ottenere un permesso per condurre attivit\u00e0 turistiche. L&#8217;Egitto ha regolamenti turistici piuttosto rigidi e sono necessari permessi prima di ogni viaggio.<\/p>\n<p>[\/vc_toggle][vc_toggle title=&#8221;Come posso recuperare un oggetto perso durante un tour?&#8221; style=&#8221;square_outline&#8221; color=&#8221;sky&#8221;]Ricordiamo sempre ai nostri ospiti di controllare attentamente di avere con s\u00e9 tutti i loro effetti personali prima di uscire dall&#8217;autobus o dallo yacht alla fine del tour. Sfortunatamente, recuperare oggetti smarriti pu\u00f2 essere piuttosto difficile a causa della partenza immediata dei veicoli per la pulizia e le complessit\u00e0 della logistica egiziana. Sebbene faremo il possibile per aiutarti a ritrovare i tuoi effetti personali, non possiamo garantire un tasso di recupero del 100%. Se riusciamo a trovare il tuo oggetto, ci sar\u00e0 una tassa di consegna di $5-10. Si prega di prestare attenzione ai propri effetti personali![\/vc_toggle][vc_toggle title=&#8221;Dovrei modificare i miei piani o aspettare per il tour?&#8221; style=&#8221;square_outline&#8221; color=&#8221;sky&#8221;]Abbiamo un significativo afflusso giornaliero di richieste di prenotazione per i nostri programmi da parte dei turisti. Di conseguenza, la maggior parte delle escursioni vengono organizzate quotidianamente o in specifici giorni della settimana seguendo un programma dettagliato fornito nella descrizione di ciascun programma. Dopo la prenotazione, ti invieremo l&#8217;ora esatta del prelievo dal tuo hotel. Molti tour saranno condotti con piccoli gruppi provenienti da vari hotel che hanno acquistato escursioni attraverso gli operatori turistici. L&#8217;unica differenza \u00e8 che i nostri prezzi sono del 40-60% pi\u00f9 bassi (i nostri organizzatori conducono tutte le principali escursioni a Hurghada e Sharm El-Sheikh per turisti di lingua russa).[\/vc_toggle][vc_toggle title=&#8221;Dove posso trovare il fotografo che ha scattato le foto durante il tour?&#8221; style=&#8221;square_outline&#8221; color=&#8221;sky&#8221;]Vorremmo informarvi che i fotografi che vi accompagnano durante le escursioni agiscono come rappresentanti indipendenti dei loro studi fotografici. Non fanno parte del nostro servizio online o del team organizzatore del programma. Tutti i termini e le condizioni relativi al servizio fotografico e al suo pagamento vengono discussi e concordati direttamente tra voi e il fotografo. Consigliamo di avvicinarsi ai pagamenti anticipati con cautela e di assicurarsi l&#8217;affidabilit\u00e0 dei servizi, nonch\u00e9 di ottenere tutte le informazioni di contatto del fotografo prima di effettuare qualsiasi pagamento.[\/vc_toggle][\/vc_column][\/vc_row][\/vc_section]<\/p>\n<\/section>","protected":false},"excerpt":{"rendered":"<p>Prezzo &#8211; Adulti (per yacht) a partire da $285<br \/>\nPagamento anticipato (per yacht) $100<br \/>\nDurata approssimativa 7 ore<br \/>\nGiorni della settimana Su richiesta<\/p>\n<ul>\n<li>Foto reali<\/li>\n<li>Trasferimento in hotel<\/li>\n<li>Assicurazione inclusa<\/li>\n<li>Guida di lingua russa<\/li>\n<li>Nessuna spesa aggiuntiva o commissione<\/li>\n<li>Gestore personale<\/li>\n<\/ul>\n","protected":false},"featured_media":480,"template":"","meta":[],"product_cat":[29,32],"product_tag":[],"class_list":{"0":"post-479","1":"product","2":"type-product","3":"status-publish","4":"has-post-thumbnail","6":"product_cat-sharm-sea","7":"product_cat-sharm-transfer","9":"first","10":"instock","11":"shipping-taxable","12":"purchasable","13":"product-type-simple"},"_links":{"self":[{"href":"https:\/\/www.starkhattabychtours.com\/it\/wp-json\/wp\/v2\/product\/479","targetHints":{"allow":["GET"]}}],"collection":[{"href":"https:\/\/www.starkhattabychtours.com\/it\/wp-json\/wp\/v2\/product"}],"about":[{"href":"https:\/\/www.starkhattabychtours.com\/it\/wp-json\/wp\/v2\/types\/product"}],"wp:featuredmedia":[{"embeddable":true,"href":"https:\/\/www.starkhattabychtours.com\/it\/wp-json\/wp\/v2\/media\/480"}],"wp:attachment":[{"href":"https:\/\/www.starkhattabychtours.com\/it\/wp-json\/wp\/v2\/media?parent=479"}],"wp:term":[{"taxonomy":"product_cat","embeddable":true,"href":"https:\/\/www.starkhattabychtours.com\/it\/wp-json\/wp\/v2\/product_cat?post=479"},{"taxonomy":"product_tag","embeddable":true,"href":"https:\/\/www.starkhattabychtours.com\/it\/wp-json\/wp\/v2\/product_tag?post=479"}],"curies":[{"name":"wp","href":"https:\/\/api.w.org\/{rel}","templated":true}]}}