{"id":483,"date":"2024-09-27T15:45:52","date_gmt":"2024-09-27T15:45:52","guid":{"rendered":"https:\/\/www.starkhattabychtours.com\/it\/?post_type=product&#038;p=483"},"modified":"2024-10-05T12:09:27","modified_gmt":"2024-10-05T12:09:27","slug":"diving-from-the-shore-in-sharm-el-sheikh","status":"publish","type":"product","link":"https:\/\/www.starkhattabychtours.com\/it\/tour\/diving-from-the-shore-in-sharm-el-sheikh","title":{"rendered":"Immersioni dalla riva a Sharm El Sheikh"},"content":{"rendered":"<section class=\"wpb-content-wrapper\"><p>[vc_section][vc_row][vc_column width=&#8221;1\/2&#8243;][vc_column_text]Immersioni dalla riva a Sharm El Sheikh sono un&#8217;escursione affascinante, soprattutto per principianti o coloro che non hanno ancora ottenuto un brevetto subacqueo.<\/p>\n<p data-sourcepos=\"5:1-5:305\">Per iniziare, il nostro team ti fornir\u00e0 tutta l&#8217;attrezzatura da subacquea necessaria e ti condurr\u00e0 una breve sessione di addestramento per assicurarti di avere le competenze necessarie per una immersione sicura. Il tuo istruttore sar\u00e0 un professionista esperto che sar\u00e0 con te durante tutta l&#8217;immersione.<\/p>\n<p data-sourcepos=\"7:1-7:340\">Il sito di immersione dipender\u00e0 dalla posizione del tuo hotel. Il nostro centro diving si trova vicino a Naama Bay e Soho Square, alcune delle aree sottomarine pi\u00f9 belle e biologicamente diverse di Sharm El Sheikh. L&#8217;acqua in queste baie \u00e8 limpida e calda, permettendoti di vedere una variet\u00e0 di pesci, coralli e altre forme di vita marina.<\/p>\n<p>[\/vc_column_text][\/vc_column][vc_column width=&#8221;1\/2&#8243;][vc_single_image image=&#8221;486&#8243; img_size=&#8221;full&#8221;][\/vc_column][\/vc_row][vc_row][vc_column][vc_column_text]<\/p>\n<p data-sourcepos=\"11:1-11:155\">Inizieremo la nostra avventura sottomarina da un pontone per una discesa facile e confortevole. Rimarrai stupito dalla bellezza e dalla diversit\u00e0 del mondo sottomarino, inclusi coralli vibranti, pesci di varie dimensioni e specie e una fauna straordinaria.<\/p>\n<p data-sourcepos=\"11:1-11:155\">Durante l&#8217;immersione, il tuo istruttore ti accompagner\u00e0, indicandoti i luoghi pi\u00f9 interessanti e fornendoti informazioni sulla vita marina che incontrerai.<\/p>\n<p data-sourcepos=\"13:1-13:180\">Dopo la nostra esplorazione sottomarina, torneremo al pontone dove potrai condividere le tue esperienze con altri subacquei mentre ti godi le splendide viste della bellissima baia.<\/p>\n<p data-sourcepos=\"15:1-15:385\">Le immersioni dalla riva a una profondit\u00e0 di 7 metri nelle baie di Sharm El Sheikh sono perfette per i subacquei principianti e per coloro che vogliono sperimentare il meraviglioso mondo sottomarino del Mar Rosso. Anche se non \u00e8 mai possibile prevedere esattamente cosa vedrai durante un&#8217;immersione, ti garantiamo che questa escursione ti lascer\u00e0 stupito e con ricordi indimenticabili.<\/p>\n<p data-sourcepos=\"17:1-17:117\">Preparati per un&#8217;avventura indimenticabile e immergiti nel mondo sottomarino dell&#8217;Egitto con Albatross Travel Egypt!<\/p>\n<p>[\/vc_column_text][\/vc_column][\/vc_row][vc_row][vc_column][vc_column_text]<\/p>\n<h2 data-sourcepos=\"5:1-5:42\"><strong>Cosa \u00e8 incluso nel programma del tour:<\/strong><\/h2>\n<ul data-sourcepos=\"6:1-10:0\">\n<li data-sourcepos=\"6:1-6:109\">Trasferimento al centro immersioni intorno alle 10:00 AM (l&#8217;ora esatta dipende dalla posizione dell&#8217;hotel);<\/li>\n<li data-sourcepos=\"7:1-7:44\">Briefing e assemblaggio dell&#8217;attrezzatura;<\/li>\n<li data-sourcepos=\"8:1-8:78\">Immersione a una profondit\u00e0 di 7-8 metri, della durata massima di 15 minuti;<\/li>\n<li data-sourcepos=\"9:1-10:0\">Ritorno in hotel.<\/li>\n<\/ul>\n<h3 data-sourcepos=\"11:1-11:31\"><strong>Il prezzo del tour include:<\/strong><\/h3>\n<ul data-sourcepos=\"12:1-15:0\">\n<li data-sourcepos=\"12:1-12:28\">Attrezzatura da subacquea;<\/li>\n<li data-sourcepos=\"13:1-13:12\">Trasporto;<\/li>\n<li data-sourcepos=\"14:1-15:0\">Servizi di un istruttore di lingua russa.<\/li>\n<\/ul>\n<p data-sourcepos=\"16:1-16:53\"><strong>I bambini sotto i 10 anni non possono immergersi.<\/strong><\/p>\n<h3 data-sourcepos=\"18:1-18:28\"><strong>Informazioni aggiuntive:<\/strong><\/h3>\n<ul data-sourcepos=\"19:1-21:55\">\n<li data-sourcepos=\"19:1-19:74\">Importante! \u00c8 necessario avere con s\u00e9 una copia cartacea del passaporto;<\/li>\n<li data-sourcepos=\"20:1-20:105\">Potrebbe esserci un costo aggiuntivo di +$5 se una persona viaggia da sola e non ci sono altri turisti;<\/li>\n<li data-sourcepos=\"21:1-21:55\">Costo aggiuntivo per una persona accompagnatrice +$5<\/li>\n<\/ul>\n<p>[\/vc_column_text][\/vc_column][\/vc_row][\/vc_section][vc_section][vc_row][vc_column]<div id=\"kapee-header-93860\" class=\"kapee-element kapee-heading text-left kapee-width-100 separator-none separator-between-heading\">\t\n\t\t\t\n\t\t\t<div class=\"heading-wrap\">\n\t\t\t<span class=\"separator-left\"><\/span>\n\t\t\t<h2 class=\"heading-title\">Domande frequenti (FAQ): <\/h2>\t\t\t<span class=\"separator-right\"><\/span>\n\t\t\t\t\t<\/div>\n\t\t\n    <\/div>[vc_toggle title=&#8221;Il vostro prezzo \u00e8 cos\u00ec basso&#8230; Probabilmente state facendo un servizio di bassa qualit\u00e0?&#8221; style=&#8221;square_outline&#8221; color=&#8221;sky&#8221;]Offriamo davvero alcuni dei prezzi pi\u00f9 bassi mantenendo un alto livello di servizio. Il motivo \u00e8 che siamo una societ\u00e0 di prenotazioni online per grandi operatori turistici in Egitto, il che ci consente di offrire prezzi molto competitivi grazie al nostro ampio volume di turisti. Prenotando con noi, ricevi un servizio di alta qualit\u00e0 senza pagare eccessivamente gli intermediari.[\/vc_toggle][vc_toggle title=&#8221;Che tipo di autobus e trasferimenti avete?&#8221; style=&#8221;square_outline&#8221; color=&#8221;sky&#8221;]Una variet\u00e0 di trasporti \u00e8 disponibile per l&#8217;uso degli organizzatori dell&#8217;evento all&#8217;interno del parco, tra cui auto, minivan e comodi autobus. Tutti i veicoli sono dotati di aria condizionata e sistemi di sicurezza. Per viaggi pi\u00f9 lunghi, vengono forniti autobus con servizi igienici. Inoltre, tutti i veicoli vengono sottoposti a regolari controlli di manutenzione e sanificazione, e possiedono le necessarie autorizzazioni turistiche. Inoltre, i conducenti vengono sottoposti a ispezioni dalla polizia turistica prima di ogni lungo viaggio.[\/vc_toggle][vc_toggle title=&#8221;Come e quando pago per il tour?&#8221; style=&#8221;square_outline&#8221; color=&#8221;sky&#8221;]Lavoriamo senza pagamento anticipato. Tutti i tour di gruppo vengono pagati sull&#8217;autobus o durante il tour stesso. Le eccezioni sono i pagamenti anticipati per i tour privati e i tour che richiedono l&#8217;acquisto di biglietti aerei o l&#8217;elaborazione di documenti. I nostri programmi principali vengono pagati direttamente durante il trasferimento o all&#8217;inizio del tour. Non \u00e8 necessario cercare qualcuno per pagare il tour. Un dipendente dell&#8217;organizzatore si avviciner\u00e0 a te. Puoi pagare in contanti in dollari USA, euro o sterline egiziane. Per la tua comodit\u00e0, offriamo anche la possibilit\u00e0 di trasferire fondi su una carta bancaria in rubli, grivnie ed euro al tasso di cambio o su un portafoglio di criptovaluta in USDT, prima del tour. Per informazioni pi\u00f9 dettagliate sui metodi di pagamento e sui rimborsi, consulta qui.[\/vc_toggle][vc_toggle title=&#8221;Hai una licenza turistica?&#8221; style=&#8221;square_outline&#8221; color=&#8221;sky&#8221;]L&#8217;Egitto \u00e8 un paese altamente regolamentato, specialmente quando si tratta di turismo. Affinch\u00e9 qualsiasi veicolo o yacht possa partire per un&#8217;escursione, \u00e8 necessario ottenere permessi giornalieri sia dalla polizia che dai militari. Se gli operatori turistici non hanno una valida licenza turistica, naturalmente non gli verranno concessi questi permessi. Ecco perch\u00e9 per alcune escursioni, potremmo richiedere copie dei vostri voucher e passaporti (questo vale per le escursioni marine a Sharm El-Sheikh, i tour privati e alcuni tour di gruppo se coinvolgono l&#8217;uscita dalla citt\u00e0. Per altre escursioni, i permessi vengono semplicemente rilasciati in base al numero di persone e non sono necessari i dettagli del passaporto).[\/vc_toggle][vc_toggle title=&#8221;Siamo assicurati durante l&#8217;escursione?&#8221; style=&#8221;square_outline&#8221; color=&#8221;sky&#8221;]<\/p>\n<p data-sourcepos=\"3:1-3:250\">Sfortunatamente, alcune guide degli hotel cercano di convincere i turisti che la loro assicurazione di viaggio \u00e8 presumibilmente invalida se prenotano escursioni con operatori turistici esterni, invece della loro stessa compagnia. Questo non \u00e8 vero.<\/p>\n<p data-sourcepos=\"5:1-5:148\">Innanzitutto, la tua assicurazione di viaggio \u00e8 valida in tutto l&#8217;Egitto, proprio come lo sarebbe se prenotassi con la compagnia di tour dell&#8217;hotel.<\/p>\n<p data-sourcepos=\"7:1-7:381\">In secondo luogo, se sei su una barca, un autobus o un altro mezzo di trasporto, l&#8217;organizzatore si assume la piena responsabilit\u00e0 assicurativa nei confronti dei passeggeri. Altrimenti, semplicemente non sarebbero in grado di ottenere un permesso per condurre attivit\u00e0 turistiche. L&#8217;Egitto ha regolamenti turistici piuttosto rigidi e sono necessari permessi prima di ogni viaggio.<\/p>\n<p>[\/vc_toggle][vc_toggle title=&#8221;Come posso recuperare un oggetto perso durante un tour?&#8221; style=&#8221;square_outline&#8221; color=&#8221;sky&#8221;]Ricordiamo sempre ai nostri ospiti di controllare attentamente di avere con s\u00e9 tutti i loro effetti personali prima di uscire dall&#8217;autobus o dallo yacht alla fine del tour. Sfortunatamente, recuperare oggetti smarriti pu\u00f2 essere piuttosto difficile a causa della partenza immediata dei veicoli per la pulizia e le complessit\u00e0 della logistica egiziana. Sebbene faremo il possibile per aiutarti a ritrovare i tuoi effetti personali, non possiamo garantire un tasso di recupero del 100%. Se riusciamo a trovare il tuo oggetto, ci sar\u00e0 una tassa di consegna di $5-10. Si prega di prestare attenzione ai propri effetti personali![\/vc_toggle][vc_toggle title=&#8221;Dovrei modificare i miei piani o aspettare per il tour?&#8221; style=&#8221;square_outline&#8221; color=&#8221;sky&#8221;]Abbiamo un significativo afflusso giornaliero di richieste di prenotazione per i nostri programmi da parte dei turisti. Di conseguenza, la maggior parte delle escursioni vengono organizzate quotidianamente o in specifici giorni della settimana seguendo un programma dettagliato fornito nella descrizione di ciascun programma. Dopo la prenotazione, ti invieremo l&#8217;ora esatta del prelievo dal tuo hotel. Molti tour saranno condotti con piccoli gruppi provenienti da vari hotel che hanno acquistato escursioni attraverso gli operatori turistici. L&#8217;unica differenza \u00e8 che i nostri prezzi sono del 40-60% pi\u00f9 bassi (i nostri organizzatori conducono tutte le principali escursioni a Hurghada e Sharm El-Sheikh per turisti di lingua russa).[\/vc_toggle][vc_toggle title=&#8221;Dove posso trovare il fotografo che ha scattato le foto durante il tour?&#8221; style=&#8221;square_outline&#8221; color=&#8221;sky&#8221;]Vorremmo informarvi che i fotografi che vi accompagnano durante le escursioni agiscono come rappresentanti indipendenti dei loro studi fotografici. Non fanno parte del nostro servizio online o del team organizzatore del programma. Tutti i termini e le condizioni relativi al servizio fotografico e al suo pagamento vengono discussi e concordati direttamente tra voi e il fotografo. Consigliamo di avvicinarsi ai pagamenti anticipati con cautela e di assicurarsi l&#8217;affidabilit\u00e0 dei servizi, nonch\u00e9 di ottenere tutte le informazioni di contatto del fotografo prima di effettuare qualsiasi pagamento.[\/vc_toggle][\/vc_column][\/vc_row][\/vc_section]<\/p>\n<\/section>","protected":false},"excerpt":{"rendered":"<p>Prezzo: Adulti (10 anni e pi\u00f9) $21<br \/>\nAccompagnamento (senza immersioni): $5<br \/>\nDurata stimata: 1-1,5 ore<br \/>\nGiorni della settimana: Mercoled\u00ec, Sabato<\/p>\n<ul>\n<li>Prenota in 3 minuti<\/li>\n<li>Nessun pagamento anticipato richiesto<\/li>\n<li>Trasferimento in hotel incluso<\/li>\n<li>Assicurazione valida<\/li>\n<li>Guida di lingua russa<\/li>\n<li>Nessuna tassa o commissione aggiuntiva<\/li>\n<\/ul>\n","protected":false},"featured_media":485,"template":"","meta":[],"product_cat":[29],"product_tag":[],"class_list":{"0":"post-483","1":"product","2":"type-product","3":"status-publish","4":"has-post-thumbnail","6":"product_cat-sharm-sea","8":"first","9":"instock","10":"shipping-taxable","11":"purchasable","12":"product-type-simple"},"_links":{"self":[{"href":"https:\/\/www.starkhattabychtours.com\/it\/wp-json\/wp\/v2\/product\/483","targetHints":{"allow":["GET"]}}],"collection":[{"href":"https:\/\/www.starkhattabychtours.com\/it\/wp-json\/wp\/v2\/product"}],"about":[{"href":"https:\/\/www.starkhattabychtours.com\/it\/wp-json\/wp\/v2\/types\/product"}],"wp:featuredmedia":[{"embeddable":true,"href":"https:\/\/www.starkhattabychtours.com\/it\/wp-json\/wp\/v2\/media\/485"}],"wp:attachment":[{"href":"https:\/\/www.starkhattabychtours.com\/it\/wp-json\/wp\/v2\/media?parent=483"}],"wp:term":[{"taxonomy":"product_cat","embeddable":true,"href":"https:\/\/www.starkhattabychtours.com\/it\/wp-json\/wp\/v2\/product_cat?post=483"},{"taxonomy":"product_tag","embeddable":true,"href":"https:\/\/www.starkhattabychtours.com\/it\/wp-json\/wp\/v2\/product_tag?post=483"}],"curies":[{"name":"wp","href":"https:\/\/api.w.org\/{rel}","templated":true}]}}