{"id":490,"date":"2024-09-27T16:46:05","date_gmt":"2024-09-27T16:46:05","guid":{"rendered":"https:\/\/www.starkhattabychtours.com\/it\/?post_type=product&#038;p=490"},"modified":"2024-10-05T12:12:34","modified_gmt":"2024-10-05T12:12:34","slug":"blue-hole-abu-galum-canyon-different-programs","status":"publish","type":"product","link":"https:\/\/www.starkhattabychtours.com\/it\/tour\/blue-hole-abu-galum-canyon-different-programs","title":{"rendered":"Blue Hole Abu Galum + Canyon (programmi diversi)"},"content":{"rendered":"<section class=\"wpb-content-wrapper\"><p>[vc_section][vc_row][vc_column width=&#8221;1\/2&#8243;][vc_column_text]Il Blue Hole \u00e8 un luogo incredibile a Dahab che attira subacquei professionisti e apneisti da tutto il mondo per immergersi nelle profondit\u00e0 di questa insolita meraviglia naturale. Questo sinkhole \u00e8 profondo circa 100 metri e ha un diametro di circa 50 metri. Dal mare, la profondit\u00e0 scende bruscamente a 1000 metri. Le acque di questa meravigliosa zona sono ricche di pesci di barriera corallina e vari coralli. Ha preso il nome dal colore blu dell&#8217;acqua all&#8217;interno del pozzo. Questa unica formazione naturale attrae subacquei da tutto il mondo con la sua bellezza e l&#8217;opportunit\u00e0 di esplorare le sue profondit\u00e0 sottomarine.<\/p>\n<p>I subacquei possono immergersi nel Blue Hole di Abu Galum ed esplorare le sue pareti, abitate da una variet\u00e0 di vita marina. Le acque intorno al Blue Hole abbondano di colorate barriere coralline, pesci e altra vita sottomarina. Questo luogo \u00e8 considerato uno dei luoghi di immersione pi\u00f9 popolari del Mar Rosso.<\/p>\n<p>[\/vc_column_text][\/vc_column][vc_column width=&#8221;1\/2&#8243;][vc_single_image image=&#8221;813&#8243; img_size=&#8221;full&#8221;][\/vc_column][\/vc_row][vc_row][vc_column][vc_column_text]Ti aspetta un&#8217;emozionante escursione di un&#8217;intera giornata, dove potrai fare snorkeling nella riserva di Abu Galum, scegliere attivit\u00e0 aggiuntive e trascorrere una giornata attiva in compagnia di una guida di lingua russa e altri turisti. Conoscerai la meravigliosa natura della penisola del Sinai e diversificherai le tue vacanze a Sharm[\/vc_column_text][\/vc_column][\/vc_row][vc_row][vc_column][vc_column_text]<\/p>\n<h2>Cosa \u00e8 incluso nel tour:<\/h2>\n<ul>\n<li>Trasferimento dal tuo hotel a Dahab: Approssimativamente alle 8:00 AM (l&#8217;ora esatta verr\u00e0 confermata dopo la prenotazione; il viaggio dura circa 2 ore, a seconda della posizione del tuo hotel).<\/li>\n<li>Noleggio dell&#8217;attrezzatura: Ci sar\u00e0 una sosta presso un punto di noleggio per ottenere l&#8217;attrezzatura da snorkeling (maschera e boccaglio).<\/li>\n<li>Giro in cammello: Un breve giro in cammello lungo la spiaggia per circa 10-15 minuti.<\/li>\n<li>Quad biking: Un giro in quad di circa 20 minuti (solo nei programmi #2 e #4).<\/li>\n<li>Snorkeling nella riserva di Abu Galum: \u00c8 obbligatorio indossare un giubbotto di salvataggio e pinne durante lo snorkeling in quest&#8217;area. Il noleggio \u00e8 disponibile.<\/li>\n<li>Pausa pranzo: Goditi un pasto in un caff\u00e8 sulla spiaggia (pollo, riso, insalata).<\/li>\n<li>Planet Canyon: Una passeggiata attraverso il canyon naturale.<\/li>\n<li>Potrebbe essere offerto t\u00e8 beduino se c&#8217;\u00e8 tempo (solo nei programmi #1 e #2).<\/li>\n<li>Colorful Canyon Salam: Un giro in jeep al Colorful Canyon e una passeggiata di 45-60 minuti con opportunit\u00e0 fotografiche (solo nei programmi #3 e #4).<\/li>\n<li>Shopping: Una sosta in un&#8217;area commerciale dove \u00e8 possibile acquistare souvenir, oli o gioielli (a discrezione della guida. Nessun obbligo di acquisto).<\/li>\n<li>Trasferimento di ritorno: Ritorno a Sharm El Sheikh intorno alle 6:00 PM (5:00 PM in inverno).<\/li>\n<li>Si prega di notare che l&#8217;ordine delle attivit\u00e0 pu\u00f2 cambiare in base alla decisione della guida.<\/li>\n<\/ul>\n<h5>Nota importante della polizia turistica: Se non hai bisogno dell&#8217;attrezzatura fornita (giubbotto di salvataggio e pinne), devi informare la tua guida e firmare una rinuncia.<\/h5>\n<p>[\/vc_column_text][\/vc_column][\/vc_row][vc_row][vc_column width=&#8221;1\/2&#8243;][vc_column_text]<\/p>\n<h3>Included in the tour price:<\/h3>\n<ul>\n<li>Transportation<\/li>\n<li>Services of a Russian-speaking guide<\/li>\n<li>Camel riding<\/li>\n<li>Quad biking (in programs #2 and #4)<\/li>\n<li>Entrance to the Abu Galum reserve<\/li>\n<li>Entrance to the canyons<\/li>\n<li>Lunch at a beachside cafe<\/li>\n<\/ul>\n<p>[\/vc_column_text][\/vc_column][vc_column width=&#8221;1\/2&#8243;][vc_column_text]<\/p>\n<h3>Offriamo quattro programmi tra cui scegliere:<\/h3>\n<ul>\n<li>Programma n. 1, Blue Hole: $23, bambini $12 Giorni del viaggio: Giornaliero<\/li>\n<li>Programma n. 2, Blue Hole + Quad biking: $26, bambini $13 Giorni del viaggio: Giornaliero<\/li>\n<li>Programma n. 3, Blue Hole + Salam Canyon: $27, bambini $14 Giorni del viaggio: Marted\u00ec, Mercoled\u00ec, Venerd\u00ec, Domenica<\/li>\n<li>Programma n. 4, Blue Hole + Salam Canyon + Quad biking: $32, bambini $16 Giorni del viaggio: Marted\u00ec, Mercoled\u00ec, Venerd\u00ec, Domenica<\/li>\n<\/ul>\n<p>[\/vc_column_text][\/vc_column][\/vc_row][vc_row][vc_column width=&#8221;1\/2&#8243;][vc_column_text]<\/p>\n<h3>Non incluso nel prezzo del tour:<\/h3>\n<ul>\n<li>Attrezzatura per lo snorkeling: Maschera e boccaglio ($2-3), pinne ($3), giubbotto di salvataggio ($4), muta ($5) \u2013 possono essere noleggiate in loco. I prezzi esatti possono variare e sono soggetti a modifiche. Se le guide insistono sul noleggio di una muta, si prega di contattare immediatamente il nostro reparto prenotazioni affinch\u00e9 possiamo informare la direzione e risolvere il problema.<\/li>\n<li>Bevande durante il pranzo: $1-3.<\/li>\n<\/ul>\n<h5>Bambini di et\u00e0 inferiore ai 5 anni: Gratuito.<\/h5>\n<p>[\/vc_column_text][\/vc_column][vc_column width=&#8221;1\/2&#8243;][vc_column_text]<\/p>\n<h3>Queste informazioni aggiuntive forniscono alcuni consigli pratici per il tour:<\/h3>\n<ul>\n<li>Passaporto: \u00c8 essenziale portare sia l&#8217;originale che una copia del passaporto per motivi di sicurezza.<\/li>\n<li>Limite di et\u00e0 per il quad biking: I ragazzi dai 15 anni circa possono guidare i quad.<\/li>\n<li>Regali per i beduini: Si suggerisce di portare piccoli regali come caramelle o qualche moneta per interagire con i bambini beduini locali.<\/li>\n<li>Trasporto: I veicoli di trasferimento sono comodi minibus dotati di aria condizionata.<\/li>\n<\/ul>\n<p>[\/vc_column_text][\/vc_column][\/vc_row][\/vc_section][vc_section][vc_row][vc_column]<div id=\"kapee-header-45560\" class=\"kapee-element kapee-heading text-left kapee-width-100 separator-none separator-between-heading\">\t\n\t\t\t\n\t\t\t<div class=\"heading-wrap\">\n\t\t\t<span class=\"separator-left\"><\/span>\n\t\t\t<h2 class=\"heading-title\">Domande frequenti (FAQ): <\/h2>\t\t\t<span class=\"separator-right\"><\/span>\n\t\t\t\t\t<\/div>\n\t\t\n    <\/div>[vc_toggle title=&#8221;Il vostro prezzo \u00e8 cos\u00ec basso&#8230; Probabilmente state facendo un servizio di bassa qualit\u00e0?&#8221; style=&#8221;square_outline&#8221; color=&#8221;sky&#8221;]Offriamo davvero alcuni dei prezzi pi\u00f9 bassi mantenendo un alto livello di servizio. Il motivo \u00e8 che siamo una societ\u00e0 di prenotazioni online per grandi operatori turistici in Egitto, il che ci consente di offrire prezzi molto competitivi grazie al nostro ampio volume di turisti. Prenotando con noi, ricevi un servizio di alta qualit\u00e0 senza pagare eccessivamente gli intermediari.[\/vc_toggle][vc_toggle title=&#8221;Che tipo di autobus e trasferimenti avete?&#8221; style=&#8221;square_outline&#8221; color=&#8221;sky&#8221;]Una variet\u00e0 di trasporti \u00e8 disponibile per l&#8217;uso degli organizzatori dell&#8217;evento all&#8217;interno del parco, tra cui auto, minivan e comodi autobus. Tutti i veicoli sono dotati di aria condizionata e sistemi di sicurezza. Per viaggi pi\u00f9 lunghi, vengono forniti autobus con servizi igienici. Inoltre, tutti i veicoli vengono sottoposti a regolari controlli di manutenzione e sanificazione, e possiedono le necessarie autorizzazioni turistiche. Inoltre, i conducenti vengono sottoposti a ispezioni dalla polizia turistica prima di ogni lungo viaggio.[\/vc_toggle][vc_toggle title=&#8221;Come e quando pago per il tour?&#8221; style=&#8221;square_outline&#8221; color=&#8221;sky&#8221;]Lavoriamo senza pagamento anticipato. Tutti i tour di gruppo vengono pagati sull&#8217;autobus o durante il tour stesso. Le eccezioni sono i pagamenti anticipati per i tour privati e i tour che richiedono l&#8217;acquisto di biglietti aerei o l&#8217;elaborazione di documenti. I nostri programmi principali vengono pagati direttamente durante il trasferimento o all&#8217;inizio del tour. Non \u00e8 necessario cercare qualcuno per pagare il tour. Un dipendente dell&#8217;organizzatore si avviciner\u00e0 a te. Puoi pagare in contanti in dollari USA, euro o sterline egiziane. Per la tua comodit\u00e0, offriamo anche la possibilit\u00e0 di trasferire fondi su una carta bancaria in rubli, grivnie ed euro al tasso di cambio o su un portafoglio di criptovaluta in USDT, prima del tour. Per informazioni pi\u00f9 dettagliate sui metodi di pagamento e sui rimborsi, consulta qui.[\/vc_toggle][vc_toggle title=&#8221;Hai una licenza turistica?&#8221; style=&#8221;square_outline&#8221; color=&#8221;sky&#8221;]L&#8217;Egitto \u00e8 un paese altamente regolamentato, specialmente quando si tratta di turismo. Affinch\u00e9 qualsiasi veicolo o yacht possa partire per un&#8217;escursione, \u00e8 necessario ottenere permessi giornalieri sia dalla polizia che dai militari. Se gli operatori turistici non hanno una valida licenza turistica, naturalmente non gli verranno concessi questi permessi. Ecco perch\u00e9 per alcune escursioni, potremmo richiedere copie dei vostri voucher e passaporti (questo vale per le escursioni marine a Sharm El-Sheikh, i tour privati e alcuni tour di gruppo se coinvolgono l&#8217;uscita dalla citt\u00e0. Per altre escursioni, i permessi vengono semplicemente rilasciati in base al numero di persone e non sono necessari i dettagli del passaporto).[\/vc_toggle][vc_toggle title=&#8221;Siamo assicurati durante l&#8217;escursione?&#8221; style=&#8221;square_outline&#8221; color=&#8221;sky&#8221;]<\/p>\n<p data-sourcepos=\"3:1-3:250\">Sfortunatamente, alcune guide degli hotel cercano di convincere i turisti che la loro assicurazione di viaggio \u00e8 presumibilmente invalida se prenotano escursioni con operatori turistici esterni, invece della loro stessa compagnia. Questo non \u00e8 vero.<\/p>\n<p data-sourcepos=\"5:1-5:148\">Innanzitutto, la tua assicurazione di viaggio \u00e8 valida in tutto l&#8217;Egitto, proprio come lo sarebbe se prenotassi con la compagnia di tour dell&#8217;hotel.<\/p>\n<p data-sourcepos=\"7:1-7:381\">In secondo luogo, se sei su una barca, un autobus o un altro mezzo di trasporto, l&#8217;organizzatore si assume la piena responsabilit\u00e0 assicurativa nei confronti dei passeggeri. Altrimenti, semplicemente non sarebbero in grado di ottenere un permesso per condurre attivit\u00e0 turistiche. L&#8217;Egitto ha regolamenti turistici piuttosto rigidi e sono necessari permessi prima di ogni viaggio.<\/p>\n<p>[\/vc_toggle][vc_toggle title=&#8221;Come posso recuperare un oggetto perso durante un tour?&#8221; style=&#8221;square_outline&#8221; color=&#8221;sky&#8221;]Ricordiamo sempre ai nostri ospiti di controllare attentamente di avere con s\u00e9 tutti i loro effetti personali prima di uscire dall&#8217;autobus o dallo yacht alla fine del tour. Sfortunatamente, recuperare oggetti smarriti pu\u00f2 essere piuttosto difficile a causa della partenza immediata dei veicoli per la pulizia e le complessit\u00e0 della logistica egiziana. Sebbene faremo il possibile per aiutarti a ritrovare i tuoi effetti personali, non possiamo garantire un tasso di recupero del 100%. Se riusciamo a trovare il tuo oggetto, ci sar\u00e0 una tassa di consegna di $5-10. Si prega di prestare attenzione ai propri effetti personali![\/vc_toggle][vc_toggle title=&#8221;Dovrei modificare i miei piani o aspettare per il tour?&#8221; style=&#8221;square_outline&#8221; color=&#8221;sky&#8221;]Abbiamo un significativo afflusso giornaliero di richieste di prenotazione per i nostri programmi da parte dei turisti. Di conseguenza, la maggior parte delle escursioni vengono organizzate quotidianamente o in specifici giorni della settimana seguendo un programma dettagliato fornito nella descrizione di ciascun programma. Dopo la prenotazione, ti invieremo l&#8217;ora esatta del prelievo dal tuo hotel. Molti tour saranno condotti con piccoli gruppi provenienti da vari hotel che hanno acquistato escursioni attraverso gli operatori turistici. L&#8217;unica differenza \u00e8 che i nostri prezzi sono del 40-60% pi\u00f9 bassi (i nostri organizzatori conducono tutte le principali escursioni a Hurghada e Sharm El-Sheikh per turisti di lingua russa).[\/vc_toggle][vc_toggle title=&#8221;Dove posso trovare il fotografo che ha scattato le foto durante il tour?&#8221; style=&#8221;square_outline&#8221; color=&#8221;sky&#8221;]Vorremmo informarvi che i fotografi che vi accompagnano durante le escursioni agiscono come rappresentanti indipendenti dei loro studi fotografici. Non fanno parte del nostro servizio online o del team organizzatore del programma. Tutti i termini e le condizioni relativi al servizio fotografico e al suo pagamento vengono discussi e concordati direttamente tra voi e il fotografo. Consigliamo di avvicinarsi ai pagamenti anticipati con cautela e di assicurarsi l&#8217;affidabilit\u00e0 dei servizi, nonch\u00e9 di ottenere tutte le informazioni di contatto del fotografo prima di effettuare qualsiasi pagamento.[\/vc_toggle][\/vc_column][\/vc_row][\/vc_section]<\/p>\n<\/section>","protected":false},"excerpt":{"rendered":"<p>Prezzo: Adulti (12+) $23<br \/>\nPrezzo: Bambini (5-11) da $12<br \/>\nDurata stimata: 9 ore<br \/>\nGiorni: Quotidiano.<\/p>\n<ul>\n<li>Prenota in 3 minuti<\/li>\n<li>Nessun pagamento anticipato<\/li>\n<li>Trasferimento in hotel<\/li>\n<li>Assicurazione valida<\/li>\n<li>Guida di lingua russa<\/li>\n<li>Nessun pagamento o tassa aggiuntiva<\/li>\n<li>Foto e recensioni reali<\/li>\n<li>Gestore personale<\/li>\n<\/ul>\n","protected":false},"featured_media":492,"template":"","meta":[],"product_cat":[29],"product_tag":[],"class_list":{"0":"post-490","1":"product","2":"type-product","3":"status-publish","4":"has-post-thumbnail","6":"product_cat-sharm-sea","8":"first","9":"instock","10":"shipping-taxable","11":"purchasable","12":"product-type-simple"},"_links":{"self":[{"href":"https:\/\/www.starkhattabychtours.com\/it\/wp-json\/wp\/v2\/product\/490","targetHints":{"allow":["GET"]}}],"collection":[{"href":"https:\/\/www.starkhattabychtours.com\/it\/wp-json\/wp\/v2\/product"}],"about":[{"href":"https:\/\/www.starkhattabychtours.com\/it\/wp-json\/wp\/v2\/types\/product"}],"wp:featuredmedia":[{"embeddable":true,"href":"https:\/\/www.starkhattabychtours.com\/it\/wp-json\/wp\/v2\/media\/492"}],"wp:attachment":[{"href":"https:\/\/www.starkhattabychtours.com\/it\/wp-json\/wp\/v2\/media?parent=490"}],"wp:term":[{"taxonomy":"product_cat","embeddable":true,"href":"https:\/\/www.starkhattabychtours.com\/it\/wp-json\/wp\/v2\/product_cat?post=490"},{"taxonomy":"product_tag","embeddable":true,"href":"https:\/\/www.starkhattabychtours.com\/it\/wp-json\/wp\/v2\/product_tag?post=490"}],"curies":[{"name":"wp","href":"https:\/\/api.w.org\/{rel}","templated":true}]}}