{"id":504,"date":"2024-09-27T18:13:00","date_gmt":"2024-09-27T18:13:00","guid":{"rendered":"https:\/\/www.starkhattabychtours.com\/it\/?post_type=product&#038;p=504"},"modified":"2024-10-05T16:31:58","modified_gmt":"2024-10-05T16:31:58","slug":"quad-bike-safari-camel","status":"publish","type":"product","link":"https:\/\/www.starkhattabychtours.com\/it\/tour\/quad-bike-safari-camel","title":{"rendered":"Safari in quad + cammello"},"content":{"rendered":"<section class=\"wpb-content-wrapper\"><p>[vc_section][vc_row][vc_column width=&#8221;1\/2&#8243;][vc_column_text]<\/p>\n<p data-sourcepos=\"5:1-5:187\">Safari in quad a Sharm El Sheikh \u00e8 una delle attivit\u00e0 turistiche pi\u00f9 popolari nel deserto. \u00c8 un ottimo modo per esplorare il deserto sabbioso e incredibilmente bello del Sinai su un ATV.<\/p>\n<p data-sourcepos=\"7:1-7:336\">Il deserto del Sinai, con le sue sabbie mobili e gli splendidi paesaggi, attira costantemente turisti da tutto il mondo. I visitatori vengono per sperimentare la libert\u00e0 e godersi la vita al massimo. I panorami romantici, le imponenti montagne di pietra e il sereno cielo offrono tutto ci\u00f2 che serve per rilassarsi e apprezzare la vita.<\/p>\n<p data-sourcepos=\"9:1-9:172\">Per coloro che preferiscono una vacanza pi\u00f9 attiva, il quad biking \u00e8 la soluzione perfetta. \u00c8 un ottimo modo per risparmiare tempo e sperimentare pi\u00f9 attrazioni e emozioni.<\/p>\n<p data-sourcepos=\"11:1-11:239\">Ma non \u00e8 tutto. Un safari in quad a Sharm El Sheikh ti d\u00e0 anche l&#8217;opportunit\u00e0 di conoscere la cultura e le tradizioni locali. Puoi visitare un villaggio beduino, provare il t\u00e8 tradizionale e persino fare un giro di cammello se lo desideri.<\/p>\n<p data-sourcepos=\"13:1-13:252\">Quindi, un safari in quad non \u00e8 solo un&#8217;avventura emozionante nel deserto, ma anche un ottimo modo per esplorare la cultura e le tradizioni di questo luogo misterioso e leggendario. Non perdere l&#8217;occasione di provare qualcosa di nuovo ed entusiasmante!<\/p>\n<p data-sourcepos=\"15:1-15:77\">Per ancora pi\u00f9 emozioni e impressioni, prova altri safari a Sharm El Sheikh.<\/p>\n<h3>Costo<\/h3>\n<p>$15 &#8211; un quad per una persona;<br \/>\n$19 &#8211; un quad per due persone (prezzo totale, purch\u00e9 il peso totale non superi i 150 kg).<br \/>\nAttenzione! Non ci sono sconti per i bambini. Il prezzo \u00e8 pagato per quad.<\/p>\n<p>\u00c8 possibile organizzare un tour privato per un costo aggiuntivo di $10 (vedi informazioni aggiuntive di seguito).[\/vc_column_text][vc_column_text]<\/p>\n<h3>Orari dei tour disponibili<\/h3>\n<p>3:30 AM (4:30 AM &#8211; ora invernale, il gruppo potrebbe non essere formato) &#8211; alba;<br \/>\n8:30 AM &#8211; di giorno;<br \/>\n3:30 PM (1:30 PM &#8211; ora invernale) &#8211; pi\u00f9 vicino al tramonto (l&#8217;ora esatta verr\u00e0 comunicata dopo la prenotazione, il viaggio dura circa 20-40 minuti, a seconda della posizione dell&#8217;hotel e del ritiro dei turisti)[\/vc_column_text][\/vc_column][vc_column width=&#8221;1\/2&#8243;][vc_images_carousel images=&#8221;507&#8243; img_size=&#8221;full&#8221; autoplay=&#8221;yes&#8221; wrap=&#8221;yes&#8221;][\/vc_column][\/vc_row][vc_row][vc_column][vc_column_text]<\/p>\n<h3>Cosa \u00e8 incluso nel tour<\/h3>\n<ul>\n<li>Trasferimento alla base dei quad: il tempo approssimativo \u00e8 indicato sopra.<\/li>\n<li>Arrivo alla base, breve istruzione su come guidare i quad (controllo manuale, molto semplice).<\/li>\n<li>Giro in quad nel deserto per circa un&#8217;ora con soste per foto e una visita ai beduini.<\/li>\n<li>Riposo in un villaggio beduino (degustazione di t\u00e8 beduino).<\/li>\n<li>Giro in cammello e foto per circa 5 minuti.<\/li>\n<li>Ritorno alla base dei quad.<\/li>\n<li>Trasferimento di ritorno all&#8217;hotel.<\/li>\n<\/ul>\n<h3>Il prezzo del tour include<\/h3>\n<ul>\n<li>Servizi di trasporto; Giro in cammello.<\/li>\n<li>Degustazione di t\u00e8 in un villaggio beduino.<\/li>\n<li>Servizi di una guida di lingua russa<\/li>\n<\/ul>\n<p>[\/vc_column_text][\/vc_column][\/vc_row][vc_row][vc_column][vc_column_text]<\/p>\n<h2 data-sourcepos=\"3:1-3:43\">Cosa non \u00e8 incluso nel prezzo del tour:<\/h2>\n<ul data-sourcepos=\"5:1-8:0\">\n<li data-sourcepos=\"5:1-5:67\"><strong>Shemagh (foulard):<\/strong> Disponibile per l&#8217;acquisto in loco ($2-3).<\/li>\n<li data-sourcepos=\"6:1-6:73\"><strong>Occhiali protettivi:<\/strong> Disponibili per l&#8217;acquisto in loco (circa $5).<\/li>\n<li data-sourcepos=\"7:1-8:0\"><strong>Bevande presso la base dei quad bike.<\/strong><\/li>\n<\/ul>\n<h3 data-sourcepos=\"9:1-9:28\">Informazioni aggiuntive:<\/h3>\n<ul data-sourcepos=\"11:1-18:0\">\n<li data-sourcepos=\"11:1-11:81\"><strong>Dimensione del gruppo:<\/strong> I gruppi possono essere costituiti da 10-20 veicoli.<\/li>\n<li data-sourcepos=\"12:1-12:257\"><strong>Giro in cammello:<\/strong> Se desideri fare un giro in cammello, informa la guida o rivolgiti direttamente ai beduini (potrebbero richiedere una mancia, a tua discrezione). Se ti viene chiesto un pagamento aggiuntivo, ti preghiamo di informarci immediatamente.<\/li>\n<li data-sourcepos=\"13:1-13:462\"><strong>Restrizioni di peso:<\/strong> Se hai prenotato un quad bike per due persone e il peso combinato supera i 150 kg, ti verr\u00e0 offerto un quad bike separato con un costo aggiuntivo per la differenza di prezzo. In alternativa, una persona pu\u00f2 rimanere alla base e l&#8217;importo pagato non verr\u00e0 rimborsato. Se una persona non \u00e8 in grado di guidare un quad bike separato, verr\u00e0 trasferita come passeggero alla seconda persona o all&#8217;istruttore, e il costo non verr\u00e0 rimborsato.<\/li>\n<li data-sourcepos=\"14:1-14:205\"><strong>Restrizioni di et\u00e0:<\/strong> Secondo la legge egiziana, solo le persone di et\u00e0 superiore ai 15 anni sono autorizzate a guidare veicoli (se sei pi\u00f9 giovane ma hai esperienza, puoi provare a negoziare in loco).<\/li>\n<li data-sourcepos=\"15:1-15:192\"><strong>Quad bike:<\/strong> Tutti i quad bike in Egitto sono standardizzati e non sono divisi in modelli monoposto e biplace. Il prezzo \u00e8 per chiarezza e include il trasferimento da e verso l&#8217;escursione.<\/li>\n<li data-sourcepos=\"16:1-16:560\"><strong>Condizione del veicolo:<\/strong> A causa della situazione economica in Egitto, \u00e8 difficile per tutti gli organizzatori aggiornare il loro parco veicoli. Tuttavia, le condizioni dell&#8217;attrezzatura vengono costantemente monitorate e vengono adottate tutte le misure possibili per mantenerla in buone condizioni. Se ti viene offerto un&#8217;attrezzatura che non soddisfa gli standard di operativit\u00e0, ti preghiamo di contattare immediatamente il nostro reparto prenotazioni. Contatteremo immediatamente la direzione dell&#8217;organizzatore per risolvere questo problema in loco.<\/li>\n<li data-sourcepos=\"17:1-18:0\"><strong>Tour privati:<\/strong> \u00c8 possibile organizzare un tour privato per un costo aggiuntivo di $10, indipendentemente dal numero di persone. Viaggerai senza un gruppo al tuo ritmo, secondo un accordo con l&#8217;accompagnatore (trasferimento di gruppo all&#8217;escursione). \u00c8 richiesto un istruttore di lingua russa alla base per spiegare come utilizzare il veicolo. Un accompagnatore individuale verr\u00e0 fornito per il viaggio.<\/li>\n<\/ul>\n<h5 data-sourcepos=\"19:1-19:143\">In sostanza, questa sezione descrive costi aggiuntivi, limiti di et\u00e0, limiti di peso e altri dettagli importanti relativi al tour in quad bike.<\/h5>\n<p>[\/vc_column_text][\/vc_column][\/vc_row][\/vc_section][vc_section][vc_row][vc_column]<div id=\"kapee-header-16642\" class=\"kapee-element kapee-heading text-left kapee-width-100 separator-none separator-between-heading\">\t\n\t\t\t\n\t\t\t<div class=\"heading-wrap\">\n\t\t\t<span class=\"separator-left\"><\/span>\n\t\t\t<h2 class=\"heading-title\">Domande frequenti (FAQ): <\/h2>\t\t\t<span class=\"separator-right\"><\/span>\n\t\t\t\t\t<\/div>\n\t\t\n    <\/div>[vc_toggle title=&#8221;Il vostro prezzo \u00e8 cos\u00ec basso&#8230; Probabilmente state facendo un servizio di bassa qualit\u00e0?&#8221; style=&#8221;square_outline&#8221; color=&#8221;sky&#8221;]Offriamo davvero alcuni dei prezzi pi\u00f9 bassi mantenendo un alto livello di servizio. Il motivo \u00e8 che siamo una societ\u00e0 di prenotazioni online per grandi operatori turistici in Egitto, il che ci consente di offrire prezzi molto competitivi grazie al nostro ampio volume di turisti. Prenotando con noi, ricevi un servizio di alta qualit\u00e0 senza pagare eccessivamente gli intermediari.[\/vc_toggle][vc_toggle title=&#8221;Che tipo di autobus e trasferimenti avete?&#8221; style=&#8221;square_outline&#8221; color=&#8221;sky&#8221;]Una variet\u00e0 di trasporti \u00e8 disponibile per l&#8217;uso degli organizzatori dell&#8217;evento all&#8217;interno del parco, tra cui auto, minivan e comodi autobus. Tutti i veicoli sono dotati di aria condizionata e sistemi di sicurezza. Per viaggi pi\u00f9 lunghi, vengono forniti autobus con servizi igienici. Inoltre, tutti i veicoli vengono sottoposti a regolari controlli di manutenzione e sanificazione, e possiedono le necessarie autorizzazioni turistiche. Inoltre, i conducenti vengono sottoposti a ispezioni dalla polizia turistica prima di ogni lungo viaggio.[\/vc_toggle][vc_toggle title=&#8221;Come e quando pago per il tour?&#8221; style=&#8221;square_outline&#8221; color=&#8221;sky&#8221;]Lavoriamo senza pagamento anticipato. Tutti i tour di gruppo vengono pagati sull&#8217;autobus o durante il tour stesso. Le eccezioni sono i pagamenti anticipati per i tour privati e i tour che richiedono l&#8217;acquisto di biglietti aerei o l&#8217;elaborazione di documenti. I nostri programmi principali vengono pagati direttamente durante il trasferimento o all&#8217;inizio del tour. Non \u00e8 necessario cercare qualcuno per pagare il tour. Un dipendente dell&#8217;organizzatore si avviciner\u00e0 a te. Puoi pagare in contanti in dollari USA, euro o sterline egiziane. Per la tua comodit\u00e0, offriamo anche la possibilit\u00e0 di trasferire fondi su una carta bancaria in rubli, grivnie ed euro al tasso di cambio o su un portafoglio di criptovaluta in USDT, prima del tour. Per informazioni pi\u00f9 dettagliate sui metodi di pagamento e sui rimborsi, consulta qui.[\/vc_toggle][vc_toggle title=&#8221;Hai una licenza turistica?&#8221; style=&#8221;square_outline&#8221; color=&#8221;sky&#8221;]L&#8217;Egitto \u00e8 un paese altamente regolamentato, specialmente quando si tratta di turismo. Affinch\u00e9 qualsiasi veicolo o yacht possa partire per un&#8217;escursione, \u00e8 necessario ottenere permessi giornalieri sia dalla polizia che dai militari. Se gli operatori turistici non hanno una valida licenza turistica, naturalmente non gli verranno concessi questi permessi. Ecco perch\u00e9 per alcune escursioni, potremmo richiedere copie dei vostri voucher e passaporti (questo vale per le escursioni marine a Sharm El-Sheikh, i tour privati e alcuni tour di gruppo se coinvolgono l&#8217;uscita dalla citt\u00e0. Per altre escursioni, i permessi vengono semplicemente rilasciati in base al numero di persone e non sono necessari i dettagli del passaporto).[\/vc_toggle][vc_toggle title=&#8221;Siamo assicurati durante l&#8217;escursione?&#8221; style=&#8221;square_outline&#8221; color=&#8221;sky&#8221;]<\/p>\n<p data-sourcepos=\"3:1-3:250\">Sfortunatamente, alcune guide degli hotel cercano di convincere i turisti che la loro assicurazione di viaggio \u00e8 presumibilmente invalida se prenotano escursioni con operatori turistici esterni, invece della loro stessa compagnia. Questo non \u00e8 vero.<\/p>\n<p data-sourcepos=\"5:1-5:148\">Innanzitutto, la tua assicurazione di viaggio \u00e8 valida in tutto l&#8217;Egitto, proprio come lo sarebbe se prenotassi con la compagnia di tour dell&#8217;hotel.<\/p>\n<p data-sourcepos=\"7:1-7:381\">In secondo luogo, se sei su una barca, un autobus o un altro mezzo di trasporto, l&#8217;organizzatore si assume la piena responsabilit\u00e0 assicurativa nei confronti dei passeggeri. Altrimenti, semplicemente non sarebbero in grado di ottenere un permesso per condurre attivit\u00e0 turistiche. L&#8217;Egitto ha regolamenti turistici piuttosto rigidi e sono necessari permessi prima di ogni viaggio.<\/p>\n<p>[\/vc_toggle][vc_toggle title=&#8221;Come posso recuperare un oggetto perso durante un tour?&#8221; style=&#8221;square_outline&#8221; color=&#8221;sky&#8221;]Ricordiamo sempre ai nostri ospiti di controllare attentamente di avere con s\u00e9 tutti i loro effetti personali prima di uscire dall&#8217;autobus o dallo yacht alla fine del tour. Sfortunatamente, recuperare oggetti smarriti pu\u00f2 essere piuttosto difficile a causa della partenza immediata dei veicoli per la pulizia e le complessit\u00e0 della logistica egiziana. Sebbene faremo il possibile per aiutarti a ritrovare i tuoi effetti personali, non possiamo garantire un tasso di recupero del 100%. Se riusciamo a trovare il tuo oggetto, ci sar\u00e0 una tassa di consegna di $5-10. Si prega di prestare attenzione ai propri effetti personali![\/vc_toggle][vc_toggle title=&#8221;Dovrei modificare i miei piani o aspettare per il tour?&#8221; style=&#8221;square_outline&#8221; color=&#8221;sky&#8221;]Abbiamo un significativo afflusso giornaliero di richieste di prenotazione per i nostri programmi da parte dei turisti. Di conseguenza, la maggior parte delle escursioni vengono organizzate quotidianamente o in specifici giorni della settimana seguendo un programma dettagliato fornito nella descrizione di ciascun programma. Dopo la prenotazione, ti invieremo l&#8217;ora esatta del prelievo dal tuo hotel. Molti tour saranno condotti con piccoli gruppi provenienti da vari hotel che hanno acquistato escursioni attraverso gli operatori turistici. L&#8217;unica differenza \u00e8 che i nostri prezzi sono del 40-60% pi\u00f9 bassi (i nostri organizzatori conducono tutte le principali escursioni a Hurghada e Sharm El-Sheikh per turisti di lingua russa).[\/vc_toggle][vc_toggle title=&#8221;Dove posso trovare il fotografo che ha scattato le foto durante il tour?&#8221; style=&#8221;square_outline&#8221; color=&#8221;sky&#8221;]Vorremmo informarvi che i fotografi che vi accompagnano durante le escursioni agiscono come rappresentanti indipendenti dei loro studi fotografici. Non fanno parte del nostro servizio online o del team organizzatore del programma. Tutti i termini e le condizioni relativi al servizio fotografico e al suo pagamento vengono discussi e concordati direttamente tra voi e il fotografo. Consigliamo di avvicinarsi ai pagamenti anticipati con cautela e di assicurarsi l&#8217;affidabilit\u00e0 dei servizi, nonch\u00e9 di ottenere tutte le informazioni di contatto del fotografo prima di effettuare qualsiasi pagamento.[\/vc_toggle][\/vc_column][\/vc_row][\/vc_section]<\/p>\n<\/section>","protected":false},"excerpt":{"rendered":"<p>Prezzo &#8211; Singolo Rider (1 persona = 1 quad) $15<br \/>\nDouble Rider (prezzo per 2 persone) $19<br \/>\nDurata stimata: 2,5 ore<br \/>\nGiorni della settimana: Quotidiano<\/p>\n<ul>\n<li>Prenota in 3 minuti<\/li>\n<li>Nessun pagamento anticipato<\/li>\n<li>Trasferimento in hotel<\/li>\n<li>Assicurazione valida<\/li>\n<li>Guida di lingua russa<\/li>\n<li>Nessun pagamento o commissione aggiuntiva<\/li>\n<li>Foto e recensioni reali<\/li>\n<li>Gestore personale<\/li>\n<\/ul>\n<p>&nbsp;<\/p>\n","protected":false},"featured_media":505,"template":"","meta":[],"product_cat":[30],"product_tag":[],"class_list":{"0":"post-504","1":"product","2":"type-product","3":"status-publish","4":"has-post-thumbnail","6":"product_cat-sharm-safari","8":"first","9":"instock","10":"shipping-taxable","11":"purchasable","12":"product-type-simple"},"_links":{"self":[{"href":"https:\/\/www.starkhattabychtours.com\/it\/wp-json\/wp\/v2\/product\/504","targetHints":{"allow":["GET"]}}],"collection":[{"href":"https:\/\/www.starkhattabychtours.com\/it\/wp-json\/wp\/v2\/product"}],"about":[{"href":"https:\/\/www.starkhattabychtours.com\/it\/wp-json\/wp\/v2\/types\/product"}],"wp:featuredmedia":[{"embeddable":true,"href":"https:\/\/www.starkhattabychtours.com\/it\/wp-json\/wp\/v2\/media\/505"}],"wp:attachment":[{"href":"https:\/\/www.starkhattabychtours.com\/it\/wp-json\/wp\/v2\/media?parent=504"}],"wp:term":[{"taxonomy":"product_cat","embeddable":true,"href":"https:\/\/www.starkhattabychtours.com\/it\/wp-json\/wp\/v2\/product_cat?post=504"},{"taxonomy":"product_tag","embeddable":true,"href":"https:\/\/www.starkhattabychtours.com\/it\/wp-json\/wp\/v2\/product_tag?post=504"}],"curies":[{"name":"wp","href":"https:\/\/api.w.org\/{rel}","templated":true}]}}