{"id":509,"date":"2024-09-27T18:34:32","date_gmt":"2024-09-27T18:34:32","guid":{"rendered":"https:\/\/www.starkhattabychtours.com\/it\/?post_type=product&#038;p=509"},"modified":"2024-10-05T12:31:16","modified_gmt":"2024-10-05T12:31:16","slug":"safari-on-buggy-camel","status":"publish","type":"product","link":"https:\/\/www.starkhattabychtours.com\/it\/tour\/safari-on-buggy-camel","title":{"rendered":"Safari su buggy + cammello"},"content":{"rendered":"<section class=\"wpb-content-wrapper\"><p>[vc_section][vc_row][vc_column width=&#8221;1\/2&#8243;][vc_column_text]Un safari nel deserto su una buggy a Sharm El Sheikh \u00e8 un&#8217;avventura indimenticabile per coloro che amano guidare e desiderano provare l&#8217;adrenalina delle corse ad alta velocit\u00e0.<\/p>\n<p>Una buggy \u00e8 un potente veicolo fuoristrada con una carrozzeria aperta, progettato per viaggiare su diversi tipi di terreno. Sono generalmente di piccole dimensioni, leggere e dotate di un motore potente, rendendole ideali per guidare sulle dune di sabbia del deserto o in altre condizioni impegnative fuoristrada.<\/p>\n<p>La tua avventura inizia con un comodo viaggio in minibus nel cuore del deserto, dove potrai ammirare splendidi panorami della natura desertica e della citt\u00e0.<\/p>\n<p>Una volta arrivati, riceverai una breve sessione di formazione dai nostri istruttori esperti su come guidare il tuo buggy. Questi veicoli facili da guidare sono progettati sia per principianti che per conducenti esperti.<\/p>\n<p>Preparati per un&#8217;esperienza elettrizzante mentre esplori il deserto e le aree circostanti di Sharm El Sheikh a bordo del tuo buggy. Senti l&#8217;adrenalina mentre sfrecci attraverso il terreno sabbioso e ammira lo scenario mozzafiato.<\/p>\n<p>Se preferisci un&#8217;esperienza pi\u00f9 rilassante, puoi sederti e goderti il \u200b\u200bviaggio come passeggero. I nostri buggy offrono ampio spazio sia per il conducente che per un accompagnatore per ammirare la bellezza del deserto.[\/vc_column_text][\/vc_column][vc_column width=&#8221;1\/2&#8243;][vc_single_image image=&#8221;511&#8243; img_size=&#8221;full&#8221;][\/vc_column][\/vc_row][vc_row][vc_column][vc_column_text]Per un&#8217;esperienza indimenticabile, considera di prenotare un safari all&#8217;alba o al tramonto. Assistere alla trasformazione del deserto con la luce mutevole \u00e8 davvero magico.<\/p>\n<p>Il nostro safari in buggy \u00e8 il modo perfetto per fuggire dal trambusto della vita quotidiana e immergersi nell&#8217;avventura del deserto. Sperimenta l&#8217;emozione, la bellezza e la tranquillit\u00e0 del deserto in questa escursione unica[\/vc_column_text][\/vc_column][\/vc_row][vc_row][vc_column width=&#8221;1\/2&#8243;][vc_column_text]<\/p>\n<h3>Prezzi:<\/h3>\n<p>$30: Per una carrozzina, fino a due persone (prezzo totale)<br \/>\n$45: Per una carrozzina, fino a quattro persone (prezzo totale)<br \/>\nSi prega di notare: Non ci sono sconti per i bambini. Il prezzo \u00e8 per carrozzina.<br \/>\nSe una persona viaggia da sola, si applica il prezzo intero della carrozzina. Il prezzo base a persona \u00e8 di $15 quando si condivide una carrozzina con un&#8217;altra persona.<\/p>\n<p>\u00c8 possibile organizzare tour individuali per un costo aggiuntivo di $10 (vedi informazioni aggiuntive di seguito).<\/p>\n<h3>Orari disponibili:<\/h3>\n<p>3:30 AM (4:30 AM &#8211; ora invernale, gruppo potrebbe non essere formato) &#8211; alba;<br \/>\n8:30 AM &#8211; di giorno;<br \/>\n3:30 PM (2:30 PM &#8211; ora invernale) &#8211; pi\u00f9 vicino al tramonto.<br \/>\nSi prega di notare che gli orari sono approssimativi e possono variare a seconda della posizione del vostro hotel[\/vc_column_text][\/vc_column][vc_column width=&#8221;1\/2&#8243;][vc_column_text]<\/p>\n<h3 data-sourcepos=\"5:1-5:28\">Cosa \u00e8 incluso nel tour:<\/h3>\n<ul data-sourcepos=\"6:1-13:0\">\n<li data-sourcepos=\"6:1-6:217\">Trasporto: Pick-up e drop-off dal tuo hotel (il tempo approssimativo \u00e8 indicato sopra, l&#8217;ora esatta verr\u00e0 confermata dopo la prenotazione, il viaggio dura circa 20-40 minuti a seconda della posizione del tuo hotel);<\/li>\n<li data-sourcepos=\"7:1-7:81\">Arrivo alla base, brevi istruzioni di guida per il buggy (\u00e8 facile da guidare);<\/li>\n<li data-sourcepos=\"8:1-8:77\">Un giro in buggy di circa un&#8217;ora attraverso il deserto, con soste per foto;<\/li>\n<li data-sourcepos=\"9:1-9:57\">Relax in un villaggio beduino (assaggiando t\u00e8 beduino);<\/li>\n<li data-sourcepos=\"10:1-10:58\">Giro in cammello e opportunit\u00e0 per foto, circa 5 minuti;<\/li>\n<li data-sourcepos=\"11:1-11:30\">Ritorno alla base del buggy;<\/li>\n<li data-sourcepos=\"12:1-13:0\">Trasferimento di ritorno all&#8217;hotel.<\/li>\n<\/ul>\n<h3 data-sourcepos=\"14:1-14:31\">Il prezzo del tour include:<\/h3>\n<ul data-sourcepos=\"15:1-18:37\">\n<li data-sourcepos=\"15:1-15:35\">Trasporto: Da e verso il deserto.<\/li>\n<li data-sourcepos=\"16:1-16:55\">Giro in cammello: Una breve cavalcata su un cammello.<\/li>\n<li data-sourcepos=\"17:1-17:58\">T\u00e8 beduino: Una degustazione tradizionale di t\u00e8 beduino.<\/li>\n<li data-sourcepos=\"18:1-18:37\">Guida anglofone: Per tutto il tour.<\/li>\n<\/ul>\n<p>[\/vc_column_text][\/vc_column][\/vc_row][vc_row][vc_column][vc_column_text]<\/p>\n<h2>Cosa non \u00e8 incluso nel prezzo del tour:<\/h2>\n<p>Shemagh (sciarpa per testa e viso): Disponibile per l&#8217;acquisto in loco a circa $2-3.<br \/>\nOcchiali protettivi: Disponibili per l&#8217;acquisto in loco a circa $5.<br \/>\nBevande: Non fornite alla base dei buggy.<\/p>\n<h3>Informazioni aggiuntive:<\/h3>\n<ul>\n<li>Dimensione del gruppo: Il gruppo del tour potrebbe consistere di 10-20 veicoli.<\/li>\n<li>Passeggiate a dorso di cammello: Se desideri fare una passeggiata a dorso di cammello, informa la tua guida o rivolgiti direttamente ai beduini (i suggerimenti per i beduini sono opzionali). Se ti viene chiesto di pagare una tassa aggiuntiva, contattaci immediatamente.<\/li>\n<li>Manutenzione dei veicoli: A causa della situazione economica in<\/li>\n<li>Egitto, pu\u00f2 essere difficile mantenere una flotta di buggy. Tuttavia, ispezioniamo regolarmente i nostri veicoli e adottiamo tutte le misure necessarie per garantire che siano in buone condizioni di lavoro. Se ritieni che un veicolo non sia in condizioni adeguate, contatta immediatamente il nostro reparto prenotazioni. Affronteremo il problema con l&#8217;operatore turistico in loco.<\/li>\n<li>Tour privati: I tour privati sono disponibili per un costo aggiuntivo di $10, indipendentemente dal numero di persone. Avrai il tuo buggy e potrai guidare al tuo ritmo, accompagnato da una guida. Il trasporto di gruppo al punto di partenza \u00e8 incluso. Un istruttore di lingua russa sar\u00e0 disponibile alla base per spiegare come utilizzare il buggy. Una guida dedicata ti accompagner\u00e0 per tutto il tour privato<\/li>\n<\/ul>\n<p>[\/vc_column_text][\/vc_column][\/vc_row][\/vc_section][vc_section][vc_row][vc_column]<div id=\"kapee-header-33734\" class=\"kapee-element kapee-heading text-left kapee-width-100 separator-none separator-between-heading\">\t\n\t\t\t\n\t\t\t<div class=\"heading-wrap\">\n\t\t\t<span class=\"separator-left\"><\/span>\n\t\t\t<h2 class=\"heading-title\">Domande frequenti (FAQ): <\/h2>\t\t\t<span class=\"separator-right\"><\/span>\n\t\t\t\t\t<\/div>\n\t\t\n    <\/div>[vc_toggle title=&#8221;Il vostro prezzo \u00e8 cos\u00ec basso&#8230; Probabilmente state facendo un servizio di bassa qualit\u00e0?&#8221; style=&#8221;square_outline&#8221; color=&#8221;sky&#8221;]Offriamo davvero alcuni dei prezzi pi\u00f9 bassi mantenendo un alto livello di servizio. Il motivo \u00e8 che siamo una societ\u00e0 di prenotazioni online per grandi operatori turistici in Egitto, il che ci consente di offrire prezzi molto competitivi grazie al nostro ampio volume di turisti. Prenotando con noi, ricevi un servizio di alta qualit\u00e0 senza pagare eccessivamente gli intermediari.[\/vc_toggle][vc_toggle title=&#8221;Che tipo di autobus e trasferimenti avete?&#8221; style=&#8221;square_outline&#8221; color=&#8221;sky&#8221;]Una variet\u00e0 di trasporti \u00e8 disponibile per l&#8217;uso degli organizzatori dell&#8217;evento all&#8217;interno del parco, tra cui auto, minivan e comodi autobus. Tutti i veicoli sono dotati di aria condizionata e sistemi di sicurezza. Per viaggi pi\u00f9 lunghi, vengono forniti autobus con servizi igienici. Inoltre, tutti i veicoli vengono sottoposti a regolari controlli di manutenzione e sanificazione, e possiedono le necessarie autorizzazioni turistiche. Inoltre, i conducenti vengono sottoposti a ispezioni dalla polizia turistica prima di ogni lungo viaggio.[\/vc_toggle][vc_toggle title=&#8221;Come e quando pago per il tour?&#8221; style=&#8221;square_outline&#8221; color=&#8221;sky&#8221;]Lavoriamo senza pagamento anticipato. Tutti i tour di gruppo vengono pagati sull&#8217;autobus o durante il tour stesso. Le eccezioni sono i pagamenti anticipati per i tour privati e i tour che richiedono l&#8217;acquisto di biglietti aerei o l&#8217;elaborazione di documenti. I nostri programmi principali vengono pagati direttamente durante il trasferimento o all&#8217;inizio del tour. Non \u00e8 necessario cercare qualcuno per pagare il tour. Un dipendente dell&#8217;organizzatore si avviciner\u00e0 a te. Puoi pagare in contanti in dollari USA, euro o sterline egiziane. Per la tua comodit\u00e0, offriamo anche la possibilit\u00e0 di trasferire fondi su una carta bancaria in rubli, grivnie ed euro al tasso di cambio o su un portafoglio di criptovaluta in USDT, prima del tour. Per informazioni pi\u00f9 dettagliate sui metodi di pagamento e sui rimborsi, consulta qui.[\/vc_toggle][vc_toggle title=&#8221;Hai una licenza turistica?&#8221; style=&#8221;square_outline&#8221; color=&#8221;sky&#8221;]L&#8217;Egitto \u00e8 un paese altamente regolamentato, specialmente quando si tratta di turismo. Affinch\u00e9 qualsiasi veicolo o yacht possa partire per un&#8217;escursione, \u00e8 necessario ottenere permessi giornalieri sia dalla polizia che dai militari. Se gli operatori turistici non hanno una valida licenza turistica, naturalmente non gli verranno concessi questi permessi. Ecco perch\u00e9 per alcune escursioni, potremmo richiedere copie dei vostri voucher e passaporti (questo vale per le escursioni marine a Sharm El-Sheikh, i tour privati e alcuni tour di gruppo se coinvolgono l&#8217;uscita dalla citt\u00e0. Per altre escursioni, i permessi vengono semplicemente rilasciati in base al numero di persone e non sono necessari i dettagli del passaporto).[\/vc_toggle][vc_toggle title=&#8221;Siamo assicurati durante l&#8217;escursione?&#8221; style=&#8221;square_outline&#8221; color=&#8221;sky&#8221;]<\/p>\n<p data-sourcepos=\"3:1-3:250\">Sfortunatamente, alcune guide degli hotel cercano di convincere i turisti che la loro assicurazione di viaggio \u00e8 presumibilmente invalida se prenotano escursioni con operatori turistici esterni, invece della loro stessa compagnia. Questo non \u00e8 vero.<\/p>\n<p data-sourcepos=\"5:1-5:148\">Innanzitutto, la tua assicurazione di viaggio \u00e8 valida in tutto l&#8217;Egitto, proprio come lo sarebbe se prenotassi con la compagnia di tour dell&#8217;hotel.<\/p>\n<p data-sourcepos=\"7:1-7:381\">In secondo luogo, se sei su una barca, un autobus o un altro mezzo di trasporto, l&#8217;organizzatore si assume la piena responsabilit\u00e0 assicurativa nei confronti dei passeggeri. Altrimenti, semplicemente non sarebbero in grado di ottenere un permesso per condurre attivit\u00e0 turistiche. L&#8217;Egitto ha regolamenti turistici piuttosto rigidi e sono necessari permessi prima di ogni viaggio.<\/p>\n<p>[\/vc_toggle][vc_toggle title=&#8221;Come posso recuperare un oggetto perso durante un tour?&#8221; style=&#8221;square_outline&#8221; color=&#8221;sky&#8221;]Ricordiamo sempre ai nostri ospiti di controllare attentamente di avere con s\u00e9 tutti i loro effetti personali prima di uscire dall&#8217;autobus o dallo yacht alla fine del tour. Sfortunatamente, recuperare oggetti smarriti pu\u00f2 essere piuttosto difficile a causa della partenza immediata dei veicoli per la pulizia e le complessit\u00e0 della logistica egiziana. Sebbene faremo il possibile per aiutarti a ritrovare i tuoi effetti personali, non possiamo garantire un tasso di recupero del 100%. Se riusciamo a trovare il tuo oggetto, ci sar\u00e0 una tassa di consegna di $5-10. Si prega di prestare attenzione ai propri effetti personali![\/vc_toggle][vc_toggle title=&#8221;Dovrei modificare i miei piani o aspettare per il tour?&#8221; style=&#8221;square_outline&#8221; color=&#8221;sky&#8221;]Abbiamo un significativo afflusso giornaliero di richieste di prenotazione per i nostri programmi da parte dei turisti. Di conseguenza, la maggior parte delle escursioni vengono organizzate quotidianamente o in specifici giorni della settimana seguendo un programma dettagliato fornito nella descrizione di ciascun programma. Dopo la prenotazione, ti invieremo l&#8217;ora esatta del prelievo dal tuo hotel. Molti tour saranno condotti con piccoli gruppi provenienti da vari hotel che hanno acquistato escursioni attraverso gli operatori turistici. L&#8217;unica differenza \u00e8 che i nostri prezzi sono del 40-60% pi\u00f9 bassi (i nostri organizzatori conducono tutte le principali escursioni a Hurghada e Sharm El-Sheikh per turisti di lingua russa).[\/vc_toggle][vc_toggle title=&#8221;Dove posso trovare il fotografo che ha scattato le foto durante il tour?&#8221; style=&#8221;square_outline&#8221; color=&#8221;sky&#8221;]Vorremmo informarvi che i fotografi che vi accompagnano durante le escursioni agiscono come rappresentanti indipendenti dei loro studi fotografici. Non fanno parte del nostro servizio online o del team organizzatore del programma. Tutti i termini e le condizioni relativi al servizio fotografico e al suo pagamento vengono discussi e concordati direttamente tra voi e il fotografo. Consigliamo di avvicinarsi ai pagamenti anticipati con cautela e di assicurarsi l&#8217;affidabilit\u00e0 dei servizi, nonch\u00e9 di ottenere tutte le informazioni di contatto del fotografo prima di effettuare qualsiasi pagamento.[\/vc_toggle][\/vc_column][\/vc_row][\/vc_section]<\/p>\n<\/section>","protected":false},"excerpt":{"rendered":"<p>Prezzo Adulto (1 persona): $15<br \/>\nUn passeggino (2 persone): $30<br \/>\nDurata stimata: 2,5 ore<br \/>\nGiorni della settimana: Quotidiano<\/p>\n<ul>\n<li>Prenotazione in 3 minuti<\/li>\n<li>Nessun pagamento anticipato<\/li>\n<li>Trasferimento dall&#8217;hotel<\/li>\n<li>Assicurazione valida<\/li>\n<li>Guida parlante russo<\/li>\n<li>Nessun costo aggiuntivo o commissioni<\/li>\n<li>Foto e recensioni autentiche<\/li>\n<li>Gestore personale<\/li>\n<\/ul>\n","protected":false},"featured_media":510,"template":"","meta":[],"product_cat":[30],"product_tag":[],"class_list":{"0":"post-509","1":"product","2":"type-product","3":"status-publish","4":"has-post-thumbnail","6":"product_cat-sharm-safari","8":"first","9":"instock","10":"shipping-taxable","11":"purchasable","12":"product-type-simple"},"_links":{"self":[{"href":"https:\/\/www.starkhattabychtours.com\/it\/wp-json\/wp\/v2\/product\/509","targetHints":{"allow":["GET"]}}],"collection":[{"href":"https:\/\/www.starkhattabychtours.com\/it\/wp-json\/wp\/v2\/product"}],"about":[{"href":"https:\/\/www.starkhattabychtours.com\/it\/wp-json\/wp\/v2\/types\/product"}],"wp:featuredmedia":[{"embeddable":true,"href":"https:\/\/www.starkhattabychtours.com\/it\/wp-json\/wp\/v2\/media\/510"}],"wp:attachment":[{"href":"https:\/\/www.starkhattabychtours.com\/it\/wp-json\/wp\/v2\/media?parent=509"}],"wp:term":[{"taxonomy":"product_cat","embeddable":true,"href":"https:\/\/www.starkhattabychtours.com\/it\/wp-json\/wp\/v2\/product_cat?post=509"},{"taxonomy":"product_tag","embeddable":true,"href":"https:\/\/www.starkhattabychtours.com\/it\/wp-json\/wp\/v2\/product_tag?post=509"}],"curies":[{"name":"wp","href":"https:\/\/api.w.org\/{rel}","templated":true}]}}