{"id":522,"date":"2024-09-28T05:08:25","date_gmt":"2024-09-28T05:08:25","guid":{"rendered":"https:\/\/www.starkhattabychtours.com\/it\/?post_type=product&#038;p=522"},"modified":"2024-10-05T16:36:25","modified_gmt":"2024-10-05T16:36:25","slug":"blue-hole-of-abu-galum-canyon-different-programs","status":"publish","type":"product","link":"https:\/\/www.starkhattabychtours.com\/it\/tour\/blue-hole-of-abu-galum-canyon-different-programs","title":{"rendered":"Buco blu del canyon di abu galum diversi programmi"},"content":{"rendered":"<section class=\"wpb-content-wrapper\"><p>[vc_section][vc_row][vc_column width=&#8221;1\/2&#8243;][vc_column_text]Il Blue Hole \u00e8 un luogo incredibile a Dahab che attira sub e apneisti professionisti da tutto il mondo, tentandoli di immergersi nelle profondit\u00e0 di questa meraviglia naturale unica.<\/p>\n<p data-sourcepos=\"5:1-5:493\">Questo sinkhole ha una profondit\u00e0 di circa 100 metri e un diametro di circa 50 metri. La profondit\u00e0 scende drasticamente a 1000 metri sul lato rivolto verso il mare. Le acque di questa straordinaria zona sono piene di pesci di barriera corallina e una variet\u00e0 di coralli. Deve il suo nome al profondo colore blu dell&#8217;acqua all&#8217;interno del pozzo. Questa unica formazione naturale attrae subacquei da tutto il mondo con la sua bellezza e l&#8217;opportunit\u00e0 di esplorare le sue profondit\u00e0 sottomarine.<\/p>\n<p data-sourcepos=\"7:1-7:318\">I subacquei possono immergersi nel Blue Hole di Abu Galum ed esplorare le sue pareti, abitate da una variet\u00e0 di vita marina. Le acque intorno al Blue Hole sono abbondanti di colorate barriere coralline, pesci e altra vita sottomarina. Questo luogo \u00e8 considerato uno dei luoghi di immersione pi\u00f9 popolari del Mar Rosso.<\/p>\n<p>[\/vc_column_text][\/vc_column][vc_column width=&#8221;1\/2&#8243;][vc_single_image image=&#8221;524&#8243; img_size=&#8221;full&#8221;][\/vc_column][\/vc_row][vc_row][vc_column][vc_column_text]Ti aspetta un&#8217;emozionante escursione di una giornata intera, durante la quale potrai fare snorkeling nella Riserva Naturale di Abu Galum, scegliere attivit\u00e0 aggiuntive e trascorrere una giornata attiva in compagnia di una guida di lingua russa e altri turisti. Conoscerai l&#8217;incredibile natura della penisola del Sinai e diversificherai la tua vacanza a Sharm[\/vc_column_text][\/vc_column][\/vc_row][vc_row][vc_column width=&#8221;1\/2&#8243;][vc_column_text]<\/p>\n<h3>Cosa \u00e8 incluso nel tour<\/h3>\n<ul>\n<li>Prelievo dall&#8217;hotel: Verrai prelevato dal tuo hotel a Sharm El Sheikh intorno alle 8:00 AM (l&#8217;ora esatta verr\u00e0 confermata dopo la prenotazione). Il viaggio per Dahab dura circa 2 ore, a seconda della posizione del tuo hotel.<\/li>\n<li>Noleggio attrezzatura per lo snorkeling: Ti fermerai in un punto di noleggio per prendere l&#8217;attrezzatura per lo snorkeling (maschera e boccaglio).<\/li>\n<li>Giro in cammello: Goditi un breve giro in cammello lungo la spiaggia (circa 10-15 minuti).<\/li>\n<li>Quad biking: Circa 20 minuti di quad biking (disponibile nei Programmi 2 e 4).<\/li>\n<li>Snorkeling ad Abu Galum: Lo snorkeling nella Riserva Naturale di Abu<\/li>\n<li>Galum \u00e8 obbligatorio. Devi indossare un giubbotto di salvataggio e pinne (noleggio disponibile).<\/li>\n<li>Pranzo: Goditi un pranzo di pollo, riso e insalata in un caff\u00e8 sulla spiaggia.<\/li>\n<li>Planet Canyon: Fai una passeggiata attraverso il Canyon naturale del<\/li>\n<li>Pianeta e potresti essere offerto del t\u00e8 dai beduini locali (disponibile nei Programmi 1 e 2).<\/li>\n<li>Colorful Canyon: Giro in jeep al Colorful Canyon (Salam) e una passeggiata di 45-60 minuti con opportunit\u00e0 per foto uniche (disponibile nei Programmi 3 e 4).<\/li>\n<li>Shopping: Visita una zona commerciale per acquistare souvenir, oli aromatici o gioielli (a discrezione della guida).<\/li>\n<li>Trasferimento di ritorno: Verrai riaccompagnato al tuo hotel a Sharm<\/li>\n<li>El Sheikh intorno alle 6:00 PM (5:00 PM in inverno).<\/li>\n<li>Si prega di notare che l&#8217;ordine delle attivit\u00e0 pu\u00f2 variare a seconda della decisione della guida.<\/li>\n<\/ul>\n<p>[\/vc_column_text][\/vc_column][vc_column width=&#8221;1\/2&#8243;][vc_column_text]<\/p>\n<h3>Offriamo quattro programmi di tour tra cui scegliere:<\/h3>\n<ul>\n<li>Programma #1: Blue Hole = $23, bambini $12<\/li>\n<li>Partenze giornaliere<\/li>\n<li>Programma #2: Blue Hole + Quad Bikes = $26, bambini $13<\/li>\n<li>Partenze giornaliere<\/li>\n<li>Programma #3: Blue Hole + Salam Canyon = $27, bambini $14<\/li>\n<li>Partenze marted\u00ec, mercoled\u00ec, venerd\u00ec e domenica<\/li>\n<li>Programma #4: Blue Hole + Salam Canyon + Quad Bikes = $32, bambini $16<\/li>\n<li>Partenze marted\u00ec, mercoled\u00ec, venerd\u00ec e domenica<\/li>\n<\/ul>\n<h3>Incluso nel prezzo del tour:<\/h3>\n<ul>\n<li>Trasporto<\/li>\n<li>Guida di lingua russa<\/li>\n<li>Giro in cammello<\/li>\n<li>Quad biking (per i Programmi 2 e 4)<\/li>\n<\/ul>\n<p>Non incluso nel prezzo del tour:<\/p>\n<p>Tassa d&#8217;ingresso alla Riserva Naturale di Abu Galum<br \/>\nTassa d&#8217;ingresso ai canyon<br \/>\nPranzo in un caff\u00e8 sul mare[\/vc_column_text][\/vc_column][\/vc_row][vc_row][vc_column][vc_column_text]<\/p>\n<h2>Informazioni Aggiuntive:<\/h2>\n<p>Noleggio Attrezzatura: Potrete noleggiare l&#8217;attrezzatura da snorkeling in loco, incluso maschera e boccaglio ($2-3), pinne ($3), giubbotto di salvataggio ($4) e muta ($5). I prezzi esatti potrebbero variare, quindi vi preghiamo di verificare in loco (questi prezzi sono al di fuori del nostro controllo). Se le guide insistono sul fatto che noleggiate una muta, vi preghiamo di contattare immediatamente il nostro reparto prenotazioni affinch\u00e9 possiamo informare la direzione e risolvere il problema.<\/p>\n<p>Bevande: Durante il pranzo saranno disponibili bevande da acquistare ($1-3).<\/p>\n<p>Bambini: I bambini fino a 5 anni sono gratuiti.<\/p>\n<h3>Note Importanti:<\/h3>\n<p>Passaporto: Vi preghiamo di portare l&#8217;originale e una copia del vostro passaporto. Questo \u00e8 spesso richiesto dalla polizia quando si lascia Sharm.<\/p>\n<p>Quad Biking: Solo gli adolescenti di circa 15 anni o pi\u00f9 possono guidare i quad.<\/p>\n<p>Souvenir: Vi consigliamo di portare piccole caramelle o monete per i bambini beduini che vendono artigianato fatto a mano per $1-2.[\/vc_column_text][\/vc_column][\/vc_row][\/vc_section][vc_section][vc_row][vc_column]<div id=\"kapee-header-75017\" class=\"kapee-element kapee-heading text-left kapee-width-100 separator-none separator-between-heading\">\t\n\t\t\t\n\t\t\t<div class=\"heading-wrap\">\n\t\t\t<span class=\"separator-left\"><\/span>\n\t\t\t<h2 class=\"heading-title\">Domande frequenti (FAQ): <\/h2>\t\t\t<span class=\"separator-right\"><\/span>\n\t\t\t\t\t<\/div>\n\t\t\n    <\/div>[vc_toggle title=&#8221;Il vostro prezzo \u00e8 cos\u00ec basso&#8230; Probabilmente state facendo un servizio di bassa qualit\u00e0?&#8221; style=&#8221;square_outline&#8221; color=&#8221;sky&#8221;]Offriamo davvero alcuni dei prezzi pi\u00f9 bassi mantenendo un alto livello di servizio. Il motivo \u00e8 che siamo una societ\u00e0 di prenotazioni online per grandi operatori turistici in Egitto, il che ci consente di offrire prezzi molto competitivi grazie al nostro ampio volume di turisti. Prenotando con noi, ricevi un servizio di alta qualit\u00e0 senza pagare eccessivamente gli intermediari.[\/vc_toggle][vc_toggle title=&#8221;Che tipo di autobus e trasferimenti avete?&#8221; style=&#8221;square_outline&#8221; color=&#8221;sky&#8221;]Una variet\u00e0 di trasporti \u00e8 disponibile per l&#8217;uso degli organizzatori dell&#8217;evento all&#8217;interno del parco, tra cui auto, minivan e comodi autobus. Tutti i veicoli sono dotati di aria condizionata e sistemi di sicurezza. Per viaggi pi\u00f9 lunghi, vengono forniti autobus con servizi igienici. Inoltre, tutti i veicoli vengono sottoposti a regolari controlli di manutenzione e sanificazione, e possiedono le necessarie autorizzazioni turistiche. Inoltre, i conducenti vengono sottoposti a ispezioni dalla polizia turistica prima di ogni lungo viaggio.[\/vc_toggle][vc_toggle title=&#8221;Come e quando pago per il tour?&#8221; style=&#8221;square_outline&#8221; color=&#8221;sky&#8221;]Lavoriamo senza pagamento anticipato. Tutti i tour di gruppo vengono pagati sull&#8217;autobus o durante il tour stesso. Le eccezioni sono i pagamenti anticipati per i tour privati e i tour che richiedono l&#8217;acquisto di biglietti aerei o l&#8217;elaborazione di documenti. I nostri programmi principali vengono pagati direttamente durante il trasferimento o all&#8217;inizio del tour. Non \u00e8 necessario cercare qualcuno per pagare il tour. Un dipendente dell&#8217;organizzatore si avviciner\u00e0 a te. Puoi pagare in contanti in dollari USA, euro o sterline egiziane. Per la tua comodit\u00e0, offriamo anche la possibilit\u00e0 di trasferire fondi su una carta bancaria in rubli, grivnie ed euro al tasso di cambio o su un portafoglio di criptovaluta in USDT, prima del tour. Per informazioni pi\u00f9 dettagliate sui metodi di pagamento e sui rimborsi, consulta qui.[\/vc_toggle][vc_toggle title=&#8221;Hai una licenza turistica?&#8221; style=&#8221;square_outline&#8221; color=&#8221;sky&#8221;]L&#8217;Egitto \u00e8 un paese altamente regolamentato, specialmente quando si tratta di turismo. Affinch\u00e9 qualsiasi veicolo o yacht possa partire per un&#8217;escursione, \u00e8 necessario ottenere permessi giornalieri sia dalla polizia che dai militari. Se gli operatori turistici non hanno una valida licenza turistica, naturalmente non gli verranno concessi questi permessi. Ecco perch\u00e9 per alcune escursioni, potremmo richiedere copie dei vostri voucher e passaporti (questo vale per le escursioni marine a Sharm El-Sheikh, i tour privati e alcuni tour di gruppo se coinvolgono l&#8217;uscita dalla citt\u00e0. Per altre escursioni, i permessi vengono semplicemente rilasciati in base al numero di persone e non sono necessari i dettagli del passaporto).[\/vc_toggle][vc_toggle title=&#8221;Siamo assicurati durante l&#8217;escursione?&#8221; style=&#8221;square_outline&#8221; color=&#8221;sky&#8221;]<\/p>\n<p data-sourcepos=\"3:1-3:250\">Sfortunatamente, alcune guide degli hotel cercano di convincere i turisti che la loro assicurazione di viaggio \u00e8 presumibilmente invalida se prenotano escursioni con operatori turistici esterni, invece della loro stessa compagnia. Questo non \u00e8 vero.<\/p>\n<p data-sourcepos=\"5:1-5:148\">Innanzitutto, la tua assicurazione di viaggio \u00e8 valida in tutto l&#8217;Egitto, proprio come lo sarebbe se prenotassi con la compagnia di tour dell&#8217;hotel.<\/p>\n<p data-sourcepos=\"7:1-7:381\">In secondo luogo, se sei su una barca, un autobus o un altro mezzo di trasporto, l&#8217;organizzatore si assume la piena responsabilit\u00e0 assicurativa nei confronti dei passeggeri. Altrimenti, semplicemente non sarebbero in grado di ottenere un permesso per condurre attivit\u00e0 turistiche. L&#8217;Egitto ha regolamenti turistici piuttosto rigidi e sono necessari permessi prima di ogni viaggio.<\/p>\n<p>[\/vc_toggle][vc_toggle title=&#8221;Come posso recuperare un oggetto perso durante un tour?&#8221; style=&#8221;square_outline&#8221; color=&#8221;sky&#8221;]Ricordiamo sempre ai nostri ospiti di controllare attentamente di avere con s\u00e9 tutti i loro effetti personali prima di uscire dall&#8217;autobus o dallo yacht alla fine del tour. Sfortunatamente, recuperare oggetti smarriti pu\u00f2 essere piuttosto difficile a causa della partenza immediata dei veicoli per la pulizia e le complessit\u00e0 della logistica egiziana. Sebbene faremo il possibile per aiutarti a ritrovare i tuoi effetti personali, non possiamo garantire un tasso di recupero del 100%. Se riusciamo a trovare il tuo oggetto, ci sar\u00e0 una tassa di consegna di $5-10. Si prega di prestare attenzione ai propri effetti personali![\/vc_toggle][vc_toggle title=&#8221;Dovrei modificare i miei piani o aspettare per il tour?&#8221; style=&#8221;square_outline&#8221; color=&#8221;sky&#8221;]Abbiamo un significativo afflusso giornaliero di richieste di prenotazione per i nostri programmi da parte dei turisti. Di conseguenza, la maggior parte delle escursioni vengono organizzate quotidianamente o in specifici giorni della settimana seguendo un programma dettagliato fornito nella descrizione di ciascun programma. Dopo la prenotazione, ti invieremo l&#8217;ora esatta del prelievo dal tuo hotel. Molti tour saranno condotti con piccoli gruppi provenienti da vari hotel che hanno acquistato escursioni attraverso gli operatori turistici. L&#8217;unica differenza \u00e8 che i nostri prezzi sono del 40-60% pi\u00f9 bassi (i nostri organizzatori conducono tutte le principali escursioni a Hurghada e Sharm El-Sheikh per turisti di lingua russa).[\/vc_toggle][vc_toggle title=&#8221;Dove posso trovare il fotografo che ha scattato le foto durante il tour?&#8221; style=&#8221;square_outline&#8221; color=&#8221;sky&#8221;]Vorremmo informarvi che i fotografi che vi accompagnano durante le escursioni agiscono come rappresentanti indipendenti dei loro studi fotografici. Non fanno parte del nostro servizio online o del team organizzatore del programma. Tutti i termini e le condizioni relativi al servizio fotografico e al suo pagamento vengono discussi e concordati direttamente tra voi e il fotografo. Consigliamo di avvicinarsi ai pagamenti anticipati con cautela e di assicurarsi l&#8217;affidabilit\u00e0 dei servizi, nonch\u00e9 di ottenere tutte le informazioni di contatto del fotografo prima di effettuare qualsiasi pagamento.[\/vc_toggle][\/vc_column][\/vc_row][\/vc_section]<\/p>\n<\/section>","protected":false},"excerpt":{"rendered":"<p>Prezzo: Adulti (12 anni e pi\u00f9) a partire da $23<br \/>\nPrezzo: Bambini (5-11 anni) a partire da $12<br \/>\nDurata approssimativa: 9 ore<br \/>\nGiorni della settimana: Quotidiano.<\/p>\n<ul>\n<li>Prenota in 3 minuti<\/li>\n<li>Nessun pagamento anticipato richiesto<\/li>\n<li>Prelievo dall&#8217;hotel<\/li>\n<li>Assicurazione inclusa<\/li>\n<li>Guida di lingua russa<\/li>\n<li>Nessuna tassa o commissione aggiuntiva<\/li>\n<li>Foto e recensioni reali<\/li>\n<li>Gestore personale<\/li>\n<\/ul>\n","protected":false},"featured_media":523,"template":"","meta":[],"product_cat":[30],"product_tag":[],"class_list":{"0":"post-522","1":"product","2":"type-product","3":"status-publish","4":"has-post-thumbnail","6":"product_cat-sharm-safari","8":"first","9":"instock","10":"shipping-taxable","11":"purchasable","12":"product-type-simple"},"_links":{"self":[{"href":"https:\/\/www.starkhattabychtours.com\/it\/wp-json\/wp\/v2\/product\/522","targetHints":{"allow":["GET"]}}],"collection":[{"href":"https:\/\/www.starkhattabychtours.com\/it\/wp-json\/wp\/v2\/product"}],"about":[{"href":"https:\/\/www.starkhattabychtours.com\/it\/wp-json\/wp\/v2\/types\/product"}],"wp:featuredmedia":[{"embeddable":true,"href":"https:\/\/www.starkhattabychtours.com\/it\/wp-json\/wp\/v2\/media\/523"}],"wp:attachment":[{"href":"https:\/\/www.starkhattabychtours.com\/it\/wp-json\/wp\/v2\/media?parent=522"}],"wp:term":[{"taxonomy":"product_cat","embeddable":true,"href":"https:\/\/www.starkhattabychtours.com\/it\/wp-json\/wp\/v2\/product_cat?post=522"},{"taxonomy":"product_tag","embeddable":true,"href":"https:\/\/www.starkhattabychtours.com\/it\/wp-json\/wp\/v2\/product_tag?post=522"}],"curies":[{"name":"wp","href":"https:\/\/api.w.org\/{rel}","templated":true}]}}