{"id":527,"date":"2024-09-28T08:50:10","date_gmt":"2024-09-28T08:50:10","guid":{"rendered":"https:\/\/www.starkhattabychtours.com\/it\/?post_type=product&#038;p=527"},"modified":"2024-10-05T16:38:47","modified_gmt":"2024-10-05T16:38:47","slug":"safari-buggy-quad-bike","status":"publish","type":"product","link":"https:\/\/www.starkhattabychtours.com\/it\/tour\/safari-buggy-quad-bike","title":{"rendered":"Safari Buggy + Quad"},"content":{"rendered":"<section class=\"wpb-content-wrapper\"><p>[vc_section][vc_row][vc_column width=&#8221;1\/2&#8243;][vc_column_text]<\/p>\n<p data-sourcepos=\"3:1-3:178\">Questo tour \u00e8 progettato per due persone (o qualsiasi numero pari), con una persona che guida un quad e l&#8217;altra un buggy in una direzione, e poi scambiando i veicoli al ritorno.<\/p>\n<p data-sourcepos=\"5:1-5:88\">Puoi provare ancora pi\u00f9 emozioni e impressioni con altri safari tour a Sharm El Sheikh<\/p>\n<p>[\/vc_column_text][vc_column_text]<\/p>\n<h2 data-sourcepos=\"5:1-5:8\">Costo:<\/h2>\n<ul data-sourcepos=\"7:1-10:0\">\n<li data-sourcepos=\"7:1-8:0\">\n<p data-sourcepos=\"7:3-7:141\">$40 &#8211; un buggy e un quad bike per due persone (prezzo totale, senza sconti per bambini. A condizione che il peso totale non superi 150 kg);<\/p>\n<\/li>\n<li data-sourcepos=\"9:1-10:0\">\n<p data-sourcepos=\"9:3-9:60\">$30 &#8211; se solo una persona sta guidando, senza un compagno.<\/p>\n<\/li>\n<\/ul>\n<p data-sourcepos=\"11:1-11:256\">*Si prega di notare! Non ci sono sconti per i bambini. Il prezzo \u00e8 per un buggy e un quad bike. Se una persona sta guidando da sola, viene pagato il prezzo intero per il buggy. Il prezzo \u00e8 indicato a persona per un doppio posto su un&#8217;unit\u00e0 di attrezzatura.<\/p>\n<p>[\/vc_column_text][\/vc_column][vc_column width=&#8221;1\/2&#8243;][vc_images_carousel images=&#8221;529,577&#8243; img_size=&#8221;full&#8221; autoplay=&#8221;yes&#8221; wrap=&#8221;yes&#8221;][\/vc_column][\/vc_row][vc_row][vc_column][vc_column_text]<\/p>\n<h3>Il tour pu\u00f2 essere organizzato individualmente per un costo aggiuntivo di $10 (vedi informazioni aggiuntive di seguito)<\/h3>\n<p>[\/vc_column_text][\/vc_column][\/vc_row][vc_row][vc_column width=&#8221;1\/2&#8243;][vc_column_text]<\/p>\n<h3 data-sourcepos=\"5:1-5:19\"><strong>Orari del tour:<\/strong><\/h3>\n<ul data-sourcepos=\"7:1-8:0\">\n<li data-sourcepos=\"7:1-8:0\">3:30 AM (4:30 AM &#8211; ora invernale, il gruppo potrebbe non essere sufficiente) &#8211; alba; 8:30 AM &#8211; di giorno; 3:30 PM (2:30 PM &#8211; ora invernale) &#8211; vicino al tramonto.<\/li>\n<\/ul>\n<p data-sourcepos=\"9:1-9:117\">Si prega di notare che questi orari sono approssimativi e possono variare a seconda della posizione del vostro hotel.<\/p>\n<h3 data-sourcepos=\"11:1-11:28\"><strong>Cosa \u00e8 incluso nel tour:<\/strong><\/h3>\n<ul data-sourcepos=\"13:1-19:48\">\n<li data-sourcepos=\"13:1-13:257\"><strong>Trasporto:<\/strong> Prelievo dal vostro hotel alla base dei buggy e quad bike (tempo approssimativo indicato sopra; l&#8217;ora esatta sar\u00e0 confermata dopo la prenotazione; il tempo di percorrenza \u00e8 di circa 20-30 minuti, a seconda della posizione del vostro hotel).<\/li>\n<li data-sourcepos=\"14:1-14:76\"><strong>Arrivo alla base:<\/strong> Breve istruzione di guida (l&#8217;operazione \u00e8 semplice).<\/li>\n<li data-sourcepos=\"15:1-15:145\"><strong>Giro nel deserto:<\/strong> Circa un&#8217;ora di guida di buggy e quad bike attraverso il deserto, con soste per foto e una visita a un villaggio beduino.<\/li>\n<li data-sourcepos=\"16:1-16:62\"><strong>Villaggio beduino:<\/strong> Rilassatevi e godetevi il t\u00e8 beduino.<\/li>\n<li data-sourcepos=\"17:1-17:82\"><strong>Giro in cammello:<\/strong> Circa 5 minuti di giro in cammello e opportunit\u00e0 per foto.<\/li>\n<li data-sourcepos=\"18:1-18:65\"><strong>Ritorno alla base:<\/strong> Ritorno alla base dei buggy e quad bike.<\/li>\n<li data-sourcepos=\"19:1-19:48\"><strong>Ritorno in hotel:<\/strong> Rientro al vostro hotel<\/li>\n<\/ul>\n<p>[\/vc_column_text][\/vc_column][vc_column width=&#8221;1\/2&#8243;][vc_column_text]<\/p>\n<h3 data-sourcepos=\"3:1-3:32\">Incluso nel prezzo del tour:<\/h3>\n<ul data-sourcepos=\"5:1-9:0\">\n<li data-sourcepos=\"5:1-5:11\">Trasporto<\/li>\n<li data-sourcepos=\"6:1-6:18\">Giro in cammello<\/li>\n<li data-sourcepos=\"7:1-7:36\">T\u00e8 beduino in un villaggio beduino<\/li>\n<li data-sourcepos=\"8:1-9:0\">Servizi di una guida di lingua russa<\/li>\n<\/ul>\n<h3 data-sourcepos=\"10:1-10:36\">Non incluso nel prezzo del tour:<\/h3>\n<ul data-sourcepos=\"12:1-14:33\">\n<li data-sourcepos=\"12:1-12:77\">Shemagh (una sciarpa per la testa e il viso) &#8211; acquistabile in loco ($ 2-3)<\/li>\n<li data-sourcepos=\"13:1-13:57\">Occhiali antipolvere &#8211; acquistabili in loco (circa $ 5)<\/li>\n<li data-sourcepos=\"14:1-14:33\">Bevande alla base dei quad bike<\/li>\n<\/ul>\n<p>[\/vc_column_text][\/vc_column][\/vc_row][vc_row][vc_column][vc_column_text]<\/p>\n<h2 data-sourcepos=\"5:1-5:24\">Informazioni aggiuntive:<\/h2>\n<p data-sourcepos=\"7:1-12:379\">Il gruppo pu\u00f2 essere composto da un massimo di 10-20 veicoli. Importante: Se desideri cavalcare un cammello, ti preghiamo di informare la guida o di andare direttamente dai beduini (i beduini potrebbero chiedere una mancia, a tua discrezione). Se ti viene richiesto un pagamento aggiuntivo, ti preghiamo di informarci immediatamente. Importante: Se hai ordinato un quad per due persone e il peso combinato delle due persone supera i 150 kg, verr\u00e0 offerto un quad separato con un costo aggiuntivo per la differenza di costo; oppure una persona rimane alla base e l&#8217;importo pagato non viene rimborsato; se una persona non pu\u00f2 gestire la guida di un quad separato, verr\u00e0 trasferita alla seconda persona come passeggero o all&#8217;istruttore &#8211; il costo non \u00e8 rimborsabile; In Egitto, tutti i quad sono standardizzati e non sono divisi in monoposto e biposto. Il prezzo \u00e8 indicato per chiarezza e include il trasferimento da e per l&#8217;escursione; Vorremmo sottolineare che nell&#8217;attuale situazione economica in Egitto, l&#8217;aggiornamento della flotta \u00e8 una sfida per tutti gli organizzatori. Tuttavia, le condizioni delle attrezzature vengono costantemente monitorate e vengono adottate tutte le misure possibili per mantenerle in buone condizioni. Se ti vengono offerte attrezzature che non soddisfano gli standard di operativit\u00e0, ti preghiamo di contattare immediatamente il nostro reparto prenotazioni. Contatteremo immediatamente la direzione dell&#8217;organizzatore per risolvere questo problema sul posto; \u00c8 possibile organizzare un tour individuale &#8211; il costo \u00e8 di $10 aggiuntivi, indipendentemente dal numero di persone. Potrai guidare senza un gruppo al tuo ritmo, previo accordo con la guida (trasferimento di gruppo all&#8217;escursione). Un istruttore di lingua russa \u00e8 richiesto alla base per spiegare come utilizzare l&#8217;attrezzatura. Una guida individuale sar\u00e0 fornita per il viaggio.<\/p>\n<p>[\/vc_column_text][\/vc_column][\/vc_row][\/vc_section][vc_section][vc_row][vc_column]<div id=\"kapee-header-14926\" class=\"kapee-element kapee-heading text-left kapee-width-100 separator-none separator-between-heading\">\t\n\t\t\t\n\t\t\t<div class=\"heading-wrap\">\n\t\t\t<span class=\"separator-left\"><\/span>\n\t\t\t<h2 class=\"heading-title\">Domande frequenti (FAQ): <\/h2>\t\t\t<span class=\"separator-right\"><\/span>\n\t\t\t\t\t<\/div>\n\t\t\n    <\/div>[vc_toggle title=&#8221;Il vostro prezzo \u00e8 cos\u00ec basso&#8230; Probabilmente state facendo un servizio di bassa qualit\u00e0?&#8221; style=&#8221;square_outline&#8221; color=&#8221;sky&#8221;]Offriamo davvero alcuni dei prezzi pi\u00f9 bassi mantenendo un alto livello di servizio. Il motivo \u00e8 che siamo una societ\u00e0 di prenotazioni online per grandi operatori turistici in Egitto, il che ci consente di offrire prezzi molto competitivi grazie al nostro ampio volume di turisti. Prenotando con noi, ricevi un servizio di alta qualit\u00e0 senza pagare eccessivamente gli intermediari.[\/vc_toggle][vc_toggle title=&#8221;Che tipo di autobus e trasferimenti avete?&#8221; style=&#8221;square_outline&#8221; color=&#8221;sky&#8221;]Una variet\u00e0 di trasporti \u00e8 disponibile per l&#8217;uso degli organizzatori dell&#8217;evento all&#8217;interno del parco, tra cui auto, minivan e comodi autobus. Tutti i veicoli sono dotati di aria condizionata e sistemi di sicurezza. Per viaggi pi\u00f9 lunghi, vengono forniti autobus con servizi igienici. Inoltre, tutti i veicoli vengono sottoposti a regolari controlli di manutenzione e sanificazione, e possiedono le necessarie autorizzazioni turistiche. Inoltre, i conducenti vengono sottoposti a ispezioni dalla polizia turistica prima di ogni lungo viaggio.[\/vc_toggle][vc_toggle title=&#8221;Come e quando pago per il tour?&#8221; style=&#8221;square_outline&#8221; color=&#8221;sky&#8221;]Lavoriamo senza pagamento anticipato. Tutti i tour di gruppo vengono pagati sull&#8217;autobus o durante il tour stesso. Le eccezioni sono i pagamenti anticipati per i tour privati e i tour che richiedono l&#8217;acquisto di biglietti aerei o l&#8217;elaborazione di documenti. I nostri programmi principali vengono pagati direttamente durante il trasferimento o all&#8217;inizio del tour. Non \u00e8 necessario cercare qualcuno per pagare il tour. Un dipendente dell&#8217;organizzatore si avviciner\u00e0 a te. Puoi pagare in contanti in dollari USA, euro o sterline egiziane. Per la tua comodit\u00e0, offriamo anche la possibilit\u00e0 di trasferire fondi su una carta bancaria in rubli, grivnie ed euro al tasso di cambio o su un portafoglio di criptovaluta in USDT, prima del tour. Per informazioni pi\u00f9 dettagliate sui metodi di pagamento e sui rimborsi, consulta qui.[\/vc_toggle][vc_toggle title=&#8221;Hai una licenza turistica?&#8221; style=&#8221;square_outline&#8221; color=&#8221;sky&#8221;]L&#8217;Egitto \u00e8 un paese altamente regolamentato, specialmente quando si tratta di turismo. Affinch\u00e9 qualsiasi veicolo o yacht possa partire per un&#8217;escursione, \u00e8 necessario ottenere permessi giornalieri sia dalla polizia che dai militari. Se gli operatori turistici non hanno una valida licenza turistica, naturalmente non gli verranno concessi questi permessi. Ecco perch\u00e9 per alcune escursioni, potremmo richiedere copie dei vostri voucher e passaporti (questo vale per le escursioni marine a Sharm El-Sheikh, i tour privati e alcuni tour di gruppo se coinvolgono l&#8217;uscita dalla citt\u00e0. Per altre escursioni, i permessi vengono semplicemente rilasciati in base al numero di persone e non sono necessari i dettagli del passaporto).[\/vc_toggle][vc_toggle title=&#8221;Siamo assicurati durante l&#8217;escursione?&#8221; style=&#8221;square_outline&#8221; color=&#8221;sky&#8221;]<\/p>\n<p data-sourcepos=\"3:1-3:250\">Sfortunatamente, alcune guide degli hotel cercano di convincere i turisti che la loro assicurazione di viaggio \u00e8 presumibilmente invalida se prenotano escursioni con operatori turistici esterni, invece della loro stessa compagnia. Questo non \u00e8 vero.<\/p>\n<p data-sourcepos=\"5:1-5:148\">Innanzitutto, la tua assicurazione di viaggio \u00e8 valida in tutto l&#8217;Egitto, proprio come lo sarebbe se prenotassi con la compagnia di tour dell&#8217;hotel.<\/p>\n<p data-sourcepos=\"7:1-7:381\">In secondo luogo, se sei su una barca, un autobus o un altro mezzo di trasporto, l&#8217;organizzatore si assume la piena responsabilit\u00e0 assicurativa nei confronti dei passeggeri. Altrimenti, semplicemente non sarebbero in grado di ottenere un permesso per condurre attivit\u00e0 turistiche. L&#8217;Egitto ha regolamenti turistici piuttosto rigidi e sono necessari permessi prima di ogni viaggio.<\/p>\n<p>[\/vc_toggle][vc_toggle title=&#8221;Come posso recuperare un oggetto perso durante un tour?&#8221; style=&#8221;square_outline&#8221; color=&#8221;sky&#8221;]Ricordiamo sempre ai nostri ospiti di controllare attentamente di avere con s\u00e9 tutti i loro effetti personali prima di uscire dall&#8217;autobus o dallo yacht alla fine del tour. Sfortunatamente, recuperare oggetti smarriti pu\u00f2 essere piuttosto difficile a causa della partenza immediata dei veicoli per la pulizia e le complessit\u00e0 della logistica egiziana. Sebbene faremo il possibile per aiutarti a ritrovare i tuoi effetti personali, non possiamo garantire un tasso di recupero del 100%. Se riusciamo a trovare il tuo oggetto, ci sar\u00e0 una tassa di consegna di $5-10. Si prega di prestare attenzione ai propri effetti personali![\/vc_toggle][vc_toggle title=&#8221;Dovrei modificare i miei piani o aspettare per il tour?&#8221; style=&#8221;square_outline&#8221; color=&#8221;sky&#8221;]Abbiamo un significativo afflusso giornaliero di richieste di prenotazione per i nostri programmi da parte dei turisti. Di conseguenza, la maggior parte delle escursioni vengono organizzate quotidianamente o in specifici giorni della settimana seguendo un programma dettagliato fornito nella descrizione di ciascun programma. Dopo la prenotazione, ti invieremo l&#8217;ora esatta del prelievo dal tuo hotel. Molti tour saranno condotti con piccoli gruppi provenienti da vari hotel che hanno acquistato escursioni attraverso gli operatori turistici. L&#8217;unica differenza \u00e8 che i nostri prezzi sono del 40-60% pi\u00f9 bassi (i nostri organizzatori conducono tutte le principali escursioni a Hurghada e Sharm El-Sheikh per turisti di lingua russa).[\/vc_toggle][vc_toggle title=&#8221;Dove posso trovare il fotografo che ha scattato le foto durante il tour?&#8221; style=&#8221;square_outline&#8221; color=&#8221;sky&#8221;]Vorremmo informarvi che i fotografi che vi accompagnano durante le escursioni agiscono come rappresentanti indipendenti dei loro studi fotografici. Non fanno parte del nostro servizio online o del team organizzatore del programma. Tutti i termini e le condizioni relativi al servizio fotografico e al suo pagamento vengono discussi e concordati direttamente tra voi e il fotografo. Consigliamo di avvicinarsi ai pagamenti anticipati con cautela e di assicurarsi l&#8217;affidabilit\u00e0 dei servizi, nonch\u00e9 di ottenere tutte le informazioni di contatto del fotografo prima di effettuare qualsiasi pagamento.[\/vc_toggle][\/vc_column][\/vc_row][\/vc_section]<\/p>\n<\/section>","protected":false},"excerpt":{"rendered":"<p>Prezzo adulti (1 persona) $ 20<br \/>\nUn passeggino + quad (2 persone) $ 40<br \/>\nDurata approssimativa: 2,5 ore<br \/>\nGiorni della settimana: Quotidiano<\/p>\n<ul>\n<li>Prenota in 3 minuti.<\/li>\n<li>Nessun pagamento anticipato richiesto.<\/li>\n<li>Trasferimento dall&#8217;hotel incluso.<\/li>\n<li>L&#8217;assicurazione \u00e8 valida.<\/li>\n<li>Guida di lingua russa.<\/li>\n<li>Nessuna tassa o commissione aggiuntiva.<\/li>\n<li>Foto e recensioni reali.<\/li>\n<li>Manager personale.<\/li>\n<\/ul>\n","protected":false},"featured_media":528,"template":"","meta":[],"product_cat":[30],"product_tag":[],"class_list":{"0":"post-527","1":"product","2":"type-product","3":"status-publish","4":"has-post-thumbnail","6":"product_cat-sharm-safari","8":"first","9":"instock","10":"shipping-taxable","11":"purchasable","12":"product-type-simple"},"_links":{"self":[{"href":"https:\/\/www.starkhattabychtours.com\/it\/wp-json\/wp\/v2\/product\/527","targetHints":{"allow":["GET"]}}],"collection":[{"href":"https:\/\/www.starkhattabychtours.com\/it\/wp-json\/wp\/v2\/product"}],"about":[{"href":"https:\/\/www.starkhattabychtours.com\/it\/wp-json\/wp\/v2\/types\/product"}],"wp:featuredmedia":[{"embeddable":true,"href":"https:\/\/www.starkhattabychtours.com\/it\/wp-json\/wp\/v2\/media\/528"}],"wp:attachment":[{"href":"https:\/\/www.starkhattabychtours.com\/it\/wp-json\/wp\/v2\/media?parent=527"}],"wp:term":[{"taxonomy":"product_cat","embeddable":true,"href":"https:\/\/www.starkhattabychtours.com\/it\/wp-json\/wp\/v2\/product_cat?post=527"},{"taxonomy":"product_tag","embeddable":true,"href":"https:\/\/www.starkhattabychtours.com\/it\/wp-json\/wp\/v2\/product_tag?post=527"}],"curies":[{"name":"wp","href":"https:\/\/api.w.org\/{rel}","templated":true}]}}