{"id":531,"date":"2024-09-28T09:03:22","date_gmt":"2024-09-28T09:03:22","guid":{"rendered":"https:\/\/www.starkhattabychtours.com\/it\/?post_type=product&#038;p=531"},"modified":"2024-10-05T16:40:29","modified_gmt":"2024-10-05T16:40:29","slug":"safari-with-dinner-and-show-quad-or-buggy","status":"publish","type":"product","link":"https:\/\/www.starkhattabychtours.com\/it\/tour\/safari-with-dinner-and-show-quad-or-buggy","title":{"rendered":"Safari con cena e spettacolo (quad o buggy)"},"content":{"rendered":"<section class=\"wpb-content-wrapper\"><p>[vc_section][vc_row][vc_column width=&#8221;1\/2&#8243;][vc_column_text]<\/p>\n<p data-sourcepos=\"5:1-5:269\">Questo \u00e8 un viaggio emozionante che ti porter\u00e0 nel profondo cuore del deserto del Sinai. Alla fine della giornata, ti offriamo un&#8217;esperienza unica di guida di quad o buggy. Sentirai l&#8217;adrenalina e l&#8217;eccitazione mentre ammiri gli splendidi paesaggi desertici e montani.<\/p>\n<p data-sourcepos=\"7:1-7:268\">Durante il tour, viaggerai attraverso il deserto, fermandoti in luoghi panoramici per scattare foto. Avrai l&#8217;opportunit\u00e0 di assaggiare la cucina beduina, di vivere l&#8217;atmosfera di un tradizionale campo beduino e di conoscere di pi\u00f9 la loro cultura e le loro tradizioni.<\/p>\n<p data-sourcepos=\"9:1-9:221\">Un safari \u00e8 un&#8217;avventura indimenticabile che creer\u00e0 ricordi duraturi. Sentirai lo spirito del deserto del Sinai, incontrerai i beduini e imparerai il loro affascinante modo di vivere in questa terra remota ed inesplorata.<\/p>\n<p data-sourcepos=\"11:1-11:330\">Il deserto egiziano \u00e8 mozzafiato con la sua vasta distesa, le montagne uniche e ultraterrene, e i vivaci colori del giallo, del marrone e dell&#8217;arancio. Avrai l&#8217;opportunit\u00e0 di scattare foto incredibili con lo sfondo del deserto e delle montagne del Sinai, dipinte in incredibili sfumature di arancione e rosso dal sole al tramonto.<\/p>\n<p>[\/vc_column_text][\/vc_column][vc_column width=&#8221;1\/2&#8243;][vc_images_carousel images=&#8221;533,578&#8243; img_size=&#8221;full&#8221; autoplay=&#8221;yes&#8221; wrap=&#8221;yes&#8221;][\/vc_column][\/vc_row][vc_row][vc_column][vc_column_text]<\/p>\n<p data-sourcepos=\"13:1-13:183\">Non perdere questa occasione di visitare uno dei luoghi pi\u00f9 incredibili della Terra! Il tour &#8220;Super Safari&#8221; a Sharm El Sheikh \u00e8 un&#8217;esperienza elettrizzante che non dimenticherai mai!<\/p>\n<p>[\/vc_column_text][\/vc_column][\/vc_row][vc_row][vc_column width=&#8221;1\/2&#8243;][vc_column_text]<\/p>\n<h3>Costo:<\/h3>\n<ul>\n<li>$20: Un quad per una persona.<\/li>\n<li>$28: Un quad per due persone (prezzo totale; $14 a persona, con un limite di peso combinato di 150 kg).<\/li>\n<li>$35: Un buggy per una persona.<\/li>\n<li>$40: Un buggy per due persone (prezzo totale).<\/li>\n<li>$60: Un buggy per quattro persone ($55 per tre persone) (prezzo totale).<\/li>\n<\/ul>\n<h5>Si prega di notare: Non ci sono sconti per i bambini. Il prezzo \u00e8 per veicolo<\/h5>\n<p>[\/vc_column_text][\/vc_column][vc_column width=&#8221;1\/2&#8243;][vc_column_text]<\/p>\n<h3>Cosa \u00e8 incluso nel tour:<\/h3>\n<ul>\n<li>Trasferimento alla base dei quad bike: Circa alle 16:30 (15:30 in inverno), a seconda della posizione del tuo hotel (l&#8217;orario esatto verr\u00e0 confermato dopo la prenotazione). Il viaggio dura circa 20-30 minuti.<\/li>\n<li>Arrivo alla base: Breve istruzione su come utilizzare i veicoli (cambio manuale, molto semplice).<\/li>\n<li>Giro in quad bike\/buggy: Circa un&#8217;ora di guida attraverso il deserto con soste per le foto.<\/li>\n<li>Giro in cammello: Circa 5 minuti di giro in cammello e foto.<\/li>\n<li>Cena e spettacolo in un villaggio beduino: Goditi una cena di pollo, riso e insalata, seguita da uno spettacolo con danza del ventre, un atto di fakir e una danza della gonna vorticosa.<\/li>\n<li>Ritorno alla base del safari.<\/li>\n<li>Trasferimento di ritorno al tuo hotel: Circa alle 21:30 (20:30 in inverno), a seconda della posizione del tuo hotel<\/li>\n<\/ul>\n<p>[\/vc_column_text][\/vc_column][\/vc_row][vc_row][vc_column][vc_column_text]<\/p>\n<h2 data-sourcepos=\"3:1-3:31\"><strong>Included in the tour price:<\/strong><\/h2>\n<ul data-sourcepos=\"4:1-7:0\">\n<li data-sourcepos=\"4:1-4:69\">Trasporto: trasporto di andata e ritorno dal luogo dell&#8217;escursione.<\/li>\n<li data-sourcepos=\"5:1-5:68\">Giro di cammello: una breve esperienza di equitazione su cammello.<\/li>\n<li data-sourcepos=\"6:1-7:0\">Guida di lingua russa: una guida che parla russo accompagner\u00e0 il gruppo.<\/li>\n<\/ul>\n<h3 data-sourcepos=\"8:1-8:35\"><strong>Not included in the tour price:<\/strong><\/h3>\n<ul data-sourcepos=\"9:1-12:0\">\n<li data-sourcepos=\"9:1-9:65\">Bevande durante la cena: le bevande non sono incluse nel pasto.<\/li>\n<li data-sourcepos=\"10:1-10:106\">Arafah (foulard): un tradizionale foulard per testa e viso pu\u00f2 essere acquistato in loco per circa $2-3.<\/li>\n<li data-sourcepos=\"11:1-12:0\">Occhiali anti-polvere: gli occhiali protettivi possono essere acquistati in loco per circa $5.<\/li>\n<\/ul>\n<h3 data-sourcepos=\"13:1-13:28\"><strong>Informazioni aggiuntive:<\/strong><\/h3>\n<ul data-sourcepos=\"14:1-18:96\">\n<li data-sourcepos=\"14:1-14:365\">Restrizioni di peso per i quad: se due persone condividono un quad e il loro peso combinato supera i 150 kg, verr\u00e0 applicato un costo aggiuntivo per un secondo quad. In alternativa, una persona pu\u00f2 rimanere alla base, ma il pagamento non verr\u00e0 rimborsato. Se una persona non pu\u00f2 guidare un quad separato, sar\u00e0 un passeggero con l&#8217;altra persona o con l&#8217;istruttore.<\/li>\n<li data-sourcepos=\"15:1-15:376\">Considerazioni per la stagione invernale: durante l&#8217;inverno potrebbe esserci un&#8217;attesa fino a 1-2 ore per la cena dopo il safari. Questo perch\u00e9 gli organizzatori cercano di programmare la parte di equitazione durante le ore diurne e tutti i gruppi cenano ad un orario prestabilito. Se questo periodo di attesa \u00e8 una preoccupazione, considera di scegliere un tour senza cena.<\/li>\n<li data-sourcepos=\"16:1-16:203\">Standardizzazione dei quad: tutti i quad in Egitto sono standardizzati e non sono classificati come monoposto o biposto. Il prezzo \u00e8 indicato per chiarezza e include cena, trasporto da e verso il tour.<\/li>\n<li data-sourcepos=\"17:1-17:310\">Manutenzione dell&#8217;attrezzatura: a causa delle condizioni economiche in Egitto, potrebbe essere difficile effettuare aggiornamenti frequenti alla flotta. Tuttavia, l&#8217;attrezzatura viene regolarmente ispezionata e mantenuta. Se riscontri problemi con il veicolo, contatta immediatamente il reparto prenotazioni.<\/li>\n<li data-sourcepos=\"18:1-18:96\">Dimensione del gruppo: ogni gruppo di tour pu\u00f2 essere composto da un massimo di 10-20 veicoli<\/li>\n<\/ul>\n<p>[\/vc_column_text][\/vc_column][\/vc_row][\/vc_section][vc_section][vc_row][vc_column]<div id=\"kapee-header-96869\" class=\"kapee-element kapee-heading text-left kapee-width-100 separator-none separator-between-heading\">\t\n\t\t\t\n\t\t\t<div class=\"heading-wrap\">\n\t\t\t<span class=\"separator-left\"><\/span>\n\t\t\t<h2 class=\"heading-title\">Domande frequenti (FAQ): <\/h2>\t\t\t<span class=\"separator-right\"><\/span>\n\t\t\t\t\t<\/div>\n\t\t\n    <\/div>[vc_toggle title=&#8221;Il vostro prezzo \u00e8 cos\u00ec basso&#8230; Probabilmente state facendo un servizio di bassa qualit\u00e0?&#8221; style=&#8221;square_outline&#8221; color=&#8221;sky&#8221;]Offriamo davvero alcuni dei prezzi pi\u00f9 bassi mantenendo un alto livello di servizio. Il motivo \u00e8 che siamo una societ\u00e0 di prenotazioni online per grandi operatori turistici in Egitto, il che ci consente di offrire prezzi molto competitivi grazie al nostro ampio volume di turisti. Prenotando con noi, ricevi un servizio di alta qualit\u00e0 senza pagare eccessivamente gli intermediari.[\/vc_toggle][vc_toggle title=&#8221;Che tipo di autobus e trasferimenti avete?&#8221; style=&#8221;square_outline&#8221; color=&#8221;sky&#8221;]Una variet\u00e0 di trasporti \u00e8 disponibile per l&#8217;uso degli organizzatori dell&#8217;evento all&#8217;interno del parco, tra cui auto, minivan e comodi autobus. Tutti i veicoli sono dotati di aria condizionata e sistemi di sicurezza. Per viaggi pi\u00f9 lunghi, vengono forniti autobus con servizi igienici. Inoltre, tutti i veicoli vengono sottoposti a regolari controlli di manutenzione e sanificazione, e possiedono le necessarie autorizzazioni turistiche. Inoltre, i conducenti vengono sottoposti a ispezioni dalla polizia turistica prima di ogni lungo viaggio.[\/vc_toggle][vc_toggle title=&#8221;Come e quando pago per il tour?&#8221; style=&#8221;square_outline&#8221; color=&#8221;sky&#8221;]Lavoriamo senza pagamento anticipato. Tutti i tour di gruppo vengono pagati sull&#8217;autobus o durante il tour stesso. Le eccezioni sono i pagamenti anticipati per i tour privati e i tour che richiedono l&#8217;acquisto di biglietti aerei o l&#8217;elaborazione di documenti. I nostri programmi principali vengono pagati direttamente durante il trasferimento o all&#8217;inizio del tour. Non \u00e8 necessario cercare qualcuno per pagare il tour. Un dipendente dell&#8217;organizzatore si avviciner\u00e0 a te. Puoi pagare in contanti in dollari USA, euro o sterline egiziane. Per la tua comodit\u00e0, offriamo anche la possibilit\u00e0 di trasferire fondi su una carta bancaria in rubli, grivnie ed euro al tasso di cambio o su un portafoglio di criptovaluta in USDT, prima del tour. Per informazioni pi\u00f9 dettagliate sui metodi di pagamento e sui rimborsi, consulta qui.[\/vc_toggle][vc_toggle title=&#8221;Hai una licenza turistica?&#8221; style=&#8221;square_outline&#8221; color=&#8221;sky&#8221;]L&#8217;Egitto \u00e8 un paese altamente regolamentato, specialmente quando si tratta di turismo. Affinch\u00e9 qualsiasi veicolo o yacht possa partire per un&#8217;escursione, \u00e8 necessario ottenere permessi giornalieri sia dalla polizia che dai militari. Se gli operatori turistici non hanno una valida licenza turistica, naturalmente non gli verranno concessi questi permessi. Ecco perch\u00e9 per alcune escursioni, potremmo richiedere copie dei vostri voucher e passaporti (questo vale per le escursioni marine a Sharm El-Sheikh, i tour privati e alcuni tour di gruppo se coinvolgono l&#8217;uscita dalla citt\u00e0. Per altre escursioni, i permessi vengono semplicemente rilasciati in base al numero di persone e non sono necessari i dettagli del passaporto).[\/vc_toggle][vc_toggle title=&#8221;Siamo assicurati durante l&#8217;escursione?&#8221; style=&#8221;square_outline&#8221; color=&#8221;sky&#8221;]<\/p>\n<p data-sourcepos=\"3:1-3:250\">Sfortunatamente, alcune guide degli hotel cercano di convincere i turisti che la loro assicurazione di viaggio \u00e8 presumibilmente invalida se prenotano escursioni con operatori turistici esterni, invece della loro stessa compagnia. Questo non \u00e8 vero.<\/p>\n<p data-sourcepos=\"5:1-5:148\">Innanzitutto, la tua assicurazione di viaggio \u00e8 valida in tutto l&#8217;Egitto, proprio come lo sarebbe se prenotassi con la compagnia di tour dell&#8217;hotel.<\/p>\n<p data-sourcepos=\"7:1-7:381\">In secondo luogo, se sei su una barca, un autobus o un altro mezzo di trasporto, l&#8217;organizzatore si assume la piena responsabilit\u00e0 assicurativa nei confronti dei passeggeri. Altrimenti, semplicemente non sarebbero in grado di ottenere un permesso per condurre attivit\u00e0 turistiche. L&#8217;Egitto ha regolamenti turistici piuttosto rigidi e sono necessari permessi prima di ogni viaggio.<\/p>\n<p>[\/vc_toggle][vc_toggle title=&#8221;Come posso recuperare un oggetto perso durante un tour?&#8221; style=&#8221;square_outline&#8221; color=&#8221;sky&#8221;]Ricordiamo sempre ai nostri ospiti di controllare attentamente di avere con s\u00e9 tutti i loro effetti personali prima di uscire dall&#8217;autobus o dallo yacht alla fine del tour. Sfortunatamente, recuperare oggetti smarriti pu\u00f2 essere piuttosto difficile a causa della partenza immediata dei veicoli per la pulizia e le complessit\u00e0 della logistica egiziana. Sebbene faremo il possibile per aiutarti a ritrovare i tuoi effetti personali, non possiamo garantire un tasso di recupero del 100%. Se riusciamo a trovare il tuo oggetto, ci sar\u00e0 una tassa di consegna di $5-10. Si prega di prestare attenzione ai propri effetti personali![\/vc_toggle][vc_toggle title=&#8221;Dovrei modificare i miei piani o aspettare per il tour?&#8221; style=&#8221;square_outline&#8221; color=&#8221;sky&#8221;]Abbiamo un significativo afflusso giornaliero di richieste di prenotazione per i nostri programmi da parte dei turisti. Di conseguenza, la maggior parte delle escursioni vengono organizzate quotidianamente o in specifici giorni della settimana seguendo un programma dettagliato fornito nella descrizione di ciascun programma. Dopo la prenotazione, ti invieremo l&#8217;ora esatta del prelievo dal tuo hotel. Molti tour saranno condotti con piccoli gruppi provenienti da vari hotel che hanno acquistato escursioni attraverso gli operatori turistici. L&#8217;unica differenza \u00e8 che i nostri prezzi sono del 40-60% pi\u00f9 bassi (i nostri organizzatori conducono tutte le principali escursioni a Hurghada e Sharm El-Sheikh per turisti di lingua russa).[\/vc_toggle][vc_toggle title=&#8221;Dove posso trovare il fotografo che ha scattato le foto durante il tour?&#8221; style=&#8221;square_outline&#8221; color=&#8221;sky&#8221;]Vorremmo informarvi che i fotografi che vi accompagnano durante le escursioni agiscono come rappresentanti indipendenti dei loro studi fotografici. Non fanno parte del nostro servizio online o del team organizzatore del programma. Tutti i termini e le condizioni relativi al servizio fotografico e al suo pagamento vengono discussi e concordati direttamente tra voi e il fotografo. Consigliamo di avvicinarsi ai pagamenti anticipati con cautela e di assicurarsi l&#8217;affidabilit\u00e0 dei servizi, nonch\u00e9 di ottenere tutte le informazioni di contatto del fotografo prima di effettuare qualsiasi pagamento.[\/vc_toggle][\/vc_column][\/vc_row][\/vc_section]<\/p>\n<\/section>","protected":false},"excerpt":{"rendered":"<p>Prezzo:<\/p>\n<p>Adulti (1 persona = 1 quad bike) da $14<br \/>\nBuggy (2 persone = 1 buggy) $35<br \/>\nDurata approssimativa: 5 ore<br \/>\nGiorni della settimana: Quotidiano<\/p>\n<ul>\n<li>Prenota in 3 minuti<\/li>\n<li>Nessun pagamento anticipato<\/li>\n<li>Trasferimento dal tuo hotel<\/li>\n<li>Assicurazione inclusa<\/li>\n<li>Guida di lingua russa<\/li>\n<li>Nessuna tassa o commissione aggiuntiva<\/li>\n<li>Foto e recensioni reali<\/li>\n<li>Gestore personale<\/li>\n<\/ul>\n","protected":false},"featured_media":532,"template":"","meta":[],"product_cat":[30],"product_tag":[],"class_list":{"0":"post-531","1":"product","2":"type-product","3":"status-publish","4":"has-post-thumbnail","6":"product_cat-sharm-safari","8":"first","9":"instock","10":"shipping-taxable","11":"purchasable","12":"product-type-simple"},"_links":{"self":[{"href":"https:\/\/www.starkhattabychtours.com\/it\/wp-json\/wp\/v2\/product\/531","targetHints":{"allow":["GET"]}}],"collection":[{"href":"https:\/\/www.starkhattabychtours.com\/it\/wp-json\/wp\/v2\/product"}],"about":[{"href":"https:\/\/www.starkhattabychtours.com\/it\/wp-json\/wp\/v2\/types\/product"}],"wp:featuredmedia":[{"embeddable":true,"href":"https:\/\/www.starkhattabychtours.com\/it\/wp-json\/wp\/v2\/media\/532"}],"wp:attachment":[{"href":"https:\/\/www.starkhattabychtours.com\/it\/wp-json\/wp\/v2\/media?parent=531"}],"wp:term":[{"taxonomy":"product_cat","embeddable":true,"href":"https:\/\/www.starkhattabychtours.com\/it\/wp-json\/wp\/v2\/product_cat?post=531"},{"taxonomy":"product_tag","embeddable":true,"href":"https:\/\/www.starkhattabychtours.com\/it\/wp-json\/wp\/v2\/product_tag?post=531"}],"curies":[{"name":"wp","href":"https:\/\/api.w.org\/{rel}","templated":true}]}}