{"id":535,"date":"2024-09-28T09:15:34","date_gmt":"2024-09-28T09:15:34","guid":{"rendered":"https:\/\/www.starkhattabychtours.com\/it\/?post_type=product&#038;p=535"},"modified":"2024-10-05T16:42:29","modified_gmt":"2024-10-05T16:42:29","slug":"colorful-canyon-of-salama-various-programs","status":"publish","type":"product","link":"https:\/\/www.starkhattabychtours.com\/it\/tour\/colorful-canyon-of-salama-various-programs","title":{"rendered":"Canyon Colorato di Salama (vari programmi)"},"content":{"rendered":"<section class=\"wpb-content-wrapper\"><p>[vc_section][vc_row][vc_column width=&#8221;1\/2&#8243;][vc_column_text]La Colorata Canyon di Salala \u00e8 una canyon insolito, spesso molto richiesto dai turisti. Si \u00e8 probabilmente formato a seguito di un terremoto nelle scogliere sabbiose (un tempo fondale marino) nella parte sud-orientale della penisola del Sinai, non lontano dalla citt\u00e0 di Nuweiba. Nel corso di diversi secoli, l&#8217;acqua piovana ha scavato una depressione. Le arenarie che costituiscono il canyon sono colorate in varie tonalit\u00e0 &#8211; rosso, rosa, giallo, grigio, viola, bianco, e sono anche presenti antichi coralli.<\/p>\n<p>Offriamo un programma \u043d\u0430\u0441\u044b\u0449\u0435\u043d\u043d\u0430\u044f (ricco e vario) da Sharm El-Sheikh, che entusiasma tutti i turisti. \u00c8 possibile combinare molti tipi di intrattenimento in Egitto in una sola escursione.<\/p>\n<p>Non solo vedrete la colorata (rossa) canyon di Salala, ma potrete anche nuotare sulla barriera corallina vicino alla costa, cavalcare cammelli, guidare quad (a partire da circa 15 anni \u00e8 possibile guidare) e acquistare souvenir dall&#8217;Egitto per familiari e amici.[\/vc_column_text][\/vc_column][vc_column width=&#8221;1\/2&#8243;][vc_single_image image=&#8221;579&#8243; img_size=&#8221;full&#8221;][\/vc_column][\/vc_row][vc_row][vc_column][\/vc_column][\/vc_row][vc_row][vc_column width=&#8221;1\/2&#8243;][vc_column_text]<\/p>\n<h3 data-sourcepos=\"5:1-5:28\">Cosa \u00e8 incluso nel tour:<\/h3>\n<ul data-sourcepos=\"7:1-16:0\">\n<li data-sourcepos=\"7:1-7:203\"><strong>Prelievo dall&#8217;hotel:<\/strong> Circa alle 8:00 AM (l&#8217;orario esatto verr\u00e0 confermato dopo la prenotazione) dal tuo hotel a Sharm El Sheikh. Il viaggio per Dahab dura circa 2 ore a seconda della tua posizione.<\/li>\n<li data-sourcepos=\"8:1-8:123\"><strong>Fermata per il noleggio dell&#8217;attrezzatura da snorkeling:<\/strong> Una breve sosta per noleggiare l&#8217;attrezzatura da snorkeling.<\/li>\n<li data-sourcepos=\"9:1-9:96\"><strong>Giro in cammello:<\/strong> Goditi un giro in cammello di 5-10 minuti lungo la spiaggia per le foto.<\/li>\n<li data-sourcepos=\"10:1-10:72\"><strong>Quad biking:<\/strong> Circa 20 minuti di quad biking (nelle opzioni 2 e 4).<\/li>\n<li data-sourcepos=\"11:1-11:239\"><strong>Snorkeling:<\/strong> Nella Riserva Naturale delle Tre Piscine (opzioni 1 e 2) o nel Blue Hole (opzioni 3 e 4). Nota: I giubbotti di salvataggio e le pinne sono obbligatori per lo snorkeling in queste aree. Possono essere noleggiati sul posto.<\/li>\n<li data-sourcepos=\"12:1-12:81\"><strong>Pranzo:<\/strong> Goditi un pasto in un caff\u00e8 sulla spiaggia (pollo, riso, insalata).<\/li>\n<li data-sourcepos=\"13:1-13:89\"><strong>Visita al Colorato Canyon di Salala:<\/strong> Circa 45-60 minuti di esplorazione del canyon.<\/li>\n<li data-sourcepos=\"14:1-14:110\"><strong>Fermata per lo shopping:<\/strong> Opportunit\u00e0 di acquistare souvenir, oli o gioielli (a discrezione della guida).<\/li>\n<li data-sourcepos=\"15:1-16:0\"><strong>Ritorno in hotel:<\/strong> Circa alle 6:00 PM (5:00 PM in inverno).<\/li>\n<\/ul>\n<h5 data-sourcepos=\"17:1-17:135\">Si prega di notare che l&#8217;ordine delle attivit\u00e0 pu\u00f2 variare a seconda della decisione della guida e del numero di turisti in ogni luogo.<\/h5>\n<h5 data-sourcepos=\"19:1-19:205\"><strong>Importante:<\/strong> Come da regolamento della polizia turistica, i giubbotti di salvataggio e le pinne sono obbligatori per lo snorkeling. Se scegli di non usarli, dovrai firmare una dichiarazione di rinuncia<\/h5>\n<p>[\/vc_column_text][\/vc_column][vc_column width=&#8221;1\/2&#8243;][vc_column_text]<\/p>\n<h3 data-sourcepos=\"5:1-5:57\">Offriamo quattro programmi di tour tra cui scegliere:<\/h3>\n<p data-sourcepos=\"7:1-10:89\">Programma #1, Canyon di Salala: $18 per adulti, $9 per bambini. Programma #2, Canyon di Salala + Quad Bikes: $22 per adulti, $11 per bambini. Programma #3, Canyon di Salala + Blue Hole: $27 per adulti, $14 per bambini. Programma #4, Canyon di Salala + Quad Bikes + Blue Hole: $32 per adulti, $16 per bambini.<\/p>\n<p data-sourcepos=\"12:1-12:59\"><strong>Giorni del tour:<\/strong> Marted\u00ec, Mercoled\u00ec, Venerd\u00ec, Domenica.<\/p>\n<h3 data-sourcepos=\"14:1-14:43\">Cosa non \u00e8 incluso nel prezzo del tour:<\/h3>\n<p data-sourcepos=\"16:1-16:325\">Attrezzatura per lo snorkeling: Maschera e boccaglio ($2-3), pinne ($3), giubbotto di salvataggio ($4), muta ($5). \u00c8 possibile noleggiare questi articoli in loco. I prezzi esatti possono variare. Se le guide insistono sul noleggio di una muta, si prega di contattare il nostro reparto prenotazioni per informare la direzione.<\/p>\n<p data-sourcepos=\"18:1-18:36\"><strong>Bevande durante il pranzo:<\/strong> $1-3<\/p>\n<p>[\/vc_column_text][\/vc_column][\/vc_row][vc_row][vc_column width=&#8221;1\/2&#8243;][vc_column_text]<\/p>\n<h3 data-sourcepos=\"1:1-1:27\">Il prezzo del tour include:<\/h3>\n<ul data-sourcepos=\"3:1-7:35\">\n<li data-sourcepos=\"3:1-3:11\">Trasporto<\/li>\n<li data-sourcepos=\"4:1-4:38\">Servizi di una guida di lingua russa<\/li>\n<li data-sourcepos=\"5:1-5:12\">Cammellata<\/li>\n<li data-sourcepos=\"6:1-6:20\">Ingresso al canyon<\/li>\n<li data-sourcepos=\"7:1-7:35\">Pranzo in un caff\u00e8 sulla spiaggia<\/li>\n<\/ul>\n<p>[\/vc_column_text][\/vc_column][vc_column width=&#8221;1\/2&#8243;][vc_column_text]<\/p>\n<h3 data-sourcepos=\"5:1-5:25\">Informazioni aggiuntive<\/h3>\n<p data-sourcepos=\"7:1-7:154\">Importante! Si prega di portare l&#8217;originale e una copia del passaporto durante il tour (spesso richiesto dalla polizia quando si lascia Sharm El-Sheikh)<\/p>\n<p data-sourcepos=\"9:1-9:74\">Il trasferimento viene effettuato in comodi minibus con aria condizionata;<\/p>\n<p data-sourcepos=\"11:1-11:120\">Si consiglia di portare caramelle e piccole monete per i bambini beduini che vendono artigianato fatto a mano per $ 1-2;<\/p>\n<p data-sourcepos=\"13:1-13:57\">Gli adolescenti di circa 15 anni possono guidare un quad<\/p>\n<p>[\/vc_column_text][\/vc_column][\/vc_row][\/vc_section][vc_section][vc_row][vc_column]<div id=\"kapee-header-32572\" class=\"kapee-element kapee-heading text-left kapee-width-100 separator-none separator-between-heading\">\t\n\t\t\t\n\t\t\t<div class=\"heading-wrap\">\n\t\t\t<span class=\"separator-left\"><\/span>\n\t\t\t<h2 class=\"heading-title\">Domande frequenti (FAQ): <\/h2>\t\t\t<span class=\"separator-right\"><\/span>\n\t\t\t\t\t<\/div>\n\t\t\n    <\/div>[vc_toggle title=&#8221;Il vostro prezzo \u00e8 cos\u00ec basso&#8230; Probabilmente state facendo un servizio di bassa qualit\u00e0?&#8221; style=&#8221;square_outline&#8221; color=&#8221;sky&#8221;]Offriamo davvero alcuni dei prezzi pi\u00f9 bassi mantenendo un alto livello di servizio. Il motivo \u00e8 che siamo una societ\u00e0 di prenotazioni online per grandi operatori turistici in Egitto, il che ci consente di offrire prezzi molto competitivi grazie al nostro ampio volume di turisti. Prenotando con noi, ricevi un servizio di alta qualit\u00e0 senza pagare eccessivamente gli intermediari.[\/vc_toggle][vc_toggle title=&#8221;Che tipo di autobus e trasferimenti avete?&#8221; style=&#8221;square_outline&#8221; color=&#8221;sky&#8221;]Una variet\u00e0 di trasporti \u00e8 disponibile per l&#8217;uso degli organizzatori dell&#8217;evento all&#8217;interno del parco, tra cui auto, minivan e comodi autobus. Tutti i veicoli sono dotati di aria condizionata e sistemi di sicurezza. Per viaggi pi\u00f9 lunghi, vengono forniti autobus con servizi igienici. Inoltre, tutti i veicoli vengono sottoposti a regolari controlli di manutenzione e sanificazione, e possiedono le necessarie autorizzazioni turistiche. Inoltre, i conducenti vengono sottoposti a ispezioni dalla polizia turistica prima di ogni lungo viaggio.[\/vc_toggle][vc_toggle title=&#8221;Come e quando pago per il tour?&#8221; style=&#8221;square_outline&#8221; color=&#8221;sky&#8221;]Lavoriamo senza pagamento anticipato. Tutti i tour di gruppo vengono pagati sull&#8217;autobus o durante il tour stesso. Le eccezioni sono i pagamenti anticipati per i tour privati e i tour che richiedono l&#8217;acquisto di biglietti aerei o l&#8217;elaborazione di documenti. I nostri programmi principali vengono pagati direttamente durante il trasferimento o all&#8217;inizio del tour. Non \u00e8 necessario cercare qualcuno per pagare il tour. Un dipendente dell&#8217;organizzatore si avviciner\u00e0 a te. Puoi pagare in contanti in dollari USA, euro o sterline egiziane. Per la tua comodit\u00e0, offriamo anche la possibilit\u00e0 di trasferire fondi su una carta bancaria in rubli, grivnie ed euro al tasso di cambio o su un portafoglio di criptovaluta in USDT, prima del tour. Per informazioni pi\u00f9 dettagliate sui metodi di pagamento e sui rimborsi, consulta qui.[\/vc_toggle][vc_toggle title=&#8221;Hai una licenza turistica?&#8221; style=&#8221;square_outline&#8221; color=&#8221;sky&#8221;]L&#8217;Egitto \u00e8 un paese altamente regolamentato, specialmente quando si tratta di turismo. Affinch\u00e9 qualsiasi veicolo o yacht possa partire per un&#8217;escursione, \u00e8 necessario ottenere permessi giornalieri sia dalla polizia che dai militari. Se gli operatori turistici non hanno una valida licenza turistica, naturalmente non gli verranno concessi questi permessi. Ecco perch\u00e9 per alcune escursioni, potremmo richiedere copie dei vostri voucher e passaporti (questo vale per le escursioni marine a Sharm El-Sheikh, i tour privati e alcuni tour di gruppo se coinvolgono l&#8217;uscita dalla citt\u00e0. Per altre escursioni, i permessi vengono semplicemente rilasciati in base al numero di persone e non sono necessari i dettagli del passaporto).[\/vc_toggle][vc_toggle title=&#8221;Siamo assicurati durante l&#8217;escursione?&#8221; style=&#8221;square_outline&#8221; color=&#8221;sky&#8221;]<\/p>\n<p data-sourcepos=\"3:1-3:250\">Sfortunatamente, alcune guide degli hotel cercano di convincere i turisti che la loro assicurazione di viaggio \u00e8 presumibilmente invalida se prenotano escursioni con operatori turistici esterni, invece della loro stessa compagnia. Questo non \u00e8 vero.<\/p>\n<p data-sourcepos=\"5:1-5:148\">Innanzitutto, la tua assicurazione di viaggio \u00e8 valida in tutto l&#8217;Egitto, proprio come lo sarebbe se prenotassi con la compagnia di tour dell&#8217;hotel.<\/p>\n<p data-sourcepos=\"7:1-7:381\">In secondo luogo, se sei su una barca, un autobus o un altro mezzo di trasporto, l&#8217;organizzatore si assume la piena responsabilit\u00e0 assicurativa nei confronti dei passeggeri. Altrimenti, semplicemente non sarebbero in grado di ottenere un permesso per condurre attivit\u00e0 turistiche. L&#8217;Egitto ha regolamenti turistici piuttosto rigidi e sono necessari permessi prima di ogni viaggio.<\/p>\n<p>[\/vc_toggle][vc_toggle title=&#8221;Come posso recuperare un oggetto perso durante un tour?&#8221; style=&#8221;square_outline&#8221; color=&#8221;sky&#8221;]Ricordiamo sempre ai nostri ospiti di controllare attentamente di avere con s\u00e9 tutti i loro effetti personali prima di uscire dall&#8217;autobus o dallo yacht alla fine del tour. Sfortunatamente, recuperare oggetti smarriti pu\u00f2 essere piuttosto difficile a causa della partenza immediata dei veicoli per la pulizia e le complessit\u00e0 della logistica egiziana. Sebbene faremo il possibile per aiutarti a ritrovare i tuoi effetti personali, non possiamo garantire un tasso di recupero del 100%. Se riusciamo a trovare il tuo oggetto, ci sar\u00e0 una tassa di consegna di $5-10. Si prega di prestare attenzione ai propri effetti personali![\/vc_toggle][vc_toggle title=&#8221;Dovrei modificare i miei piani o aspettare per il tour?&#8221; style=&#8221;square_outline&#8221; color=&#8221;sky&#8221;]Abbiamo un significativo afflusso giornaliero di richieste di prenotazione per i nostri programmi da parte dei turisti. Di conseguenza, la maggior parte delle escursioni vengono organizzate quotidianamente o in specifici giorni della settimana seguendo un programma dettagliato fornito nella descrizione di ciascun programma. Dopo la prenotazione, ti invieremo l&#8217;ora esatta del prelievo dal tuo hotel. Molti tour saranno condotti con piccoli gruppi provenienti da vari hotel che hanno acquistato escursioni attraverso gli operatori turistici. L&#8217;unica differenza \u00e8 che i nostri prezzi sono del 40-60% pi\u00f9 bassi (i nostri organizzatori conducono tutte le principali escursioni a Hurghada e Sharm El-Sheikh per turisti di lingua russa).[\/vc_toggle][vc_toggle title=&#8221;Dove posso trovare il fotografo che ha scattato le foto durante il tour?&#8221; style=&#8221;square_outline&#8221; color=&#8221;sky&#8221;]Vorremmo informarvi che i fotografi che vi accompagnano durante le escursioni agiscono come rappresentanti indipendenti dei loro studi fotografici. Non fanno parte del nostro servizio online o del team organizzatore del programma. Tutti i termini e le condizioni relativi al servizio fotografico e al suo pagamento vengono discussi e concordati direttamente tra voi e il fotografo. Consigliamo di avvicinarsi ai pagamenti anticipati con cautela e di assicurarsi l&#8217;affidabilit\u00e0 dei servizi, nonch\u00e9 di ottenere tutte le informazioni di contatto del fotografo prima di effettuare qualsiasi pagamento.[\/vc_toggle][\/vc_column][\/vc_row][\/vc_section]<\/p>\n<\/section>","protected":false},"excerpt":{"rendered":"<p>Prezzo \u2013 Adulti (12 anni e pi\u00f9): A partire da $18<br \/>\nPrezzo \u2013 Bambini (6-11 anni): $9<br \/>\nDurata approssimativa: 9 ore<br \/>\nGiorni della settimana: Marted\u00ec, Mercoled\u00ec, Venerd\u00ec, Domenica<\/p>\n<ul>\n<li>Prenota in 3 minuti<\/li>\n<li>Nessun pagamento anticipato<\/li>\n<li>Ritiro dall&#8217;hotel<\/li>\n<li>Assicurazione inclusa<\/li>\n<li>Guida di lingua russa<\/li>\n<li>Nessuna tassa o commissione aggiuntiva<\/li>\n<li>Foto e recensioni reali<\/li>\n<li>Gestore personale<\/li>\n<\/ul>\n","protected":false},"featured_media":536,"template":"","meta":[],"product_cat":[30],"product_tag":[],"class_list":{"0":"post-535","1":"product","2":"type-product","3":"status-publish","4":"has-post-thumbnail","6":"product_cat-sharm-safari","8":"first","9":"instock","10":"shipping-taxable","11":"purchasable","12":"product-type-simple"},"_links":{"self":[{"href":"https:\/\/www.starkhattabychtours.com\/it\/wp-json\/wp\/v2\/product\/535","targetHints":{"allow":["GET"]}}],"collection":[{"href":"https:\/\/www.starkhattabychtours.com\/it\/wp-json\/wp\/v2\/product"}],"about":[{"href":"https:\/\/www.starkhattabychtours.com\/it\/wp-json\/wp\/v2\/types\/product"}],"wp:featuredmedia":[{"embeddable":true,"href":"https:\/\/www.starkhattabychtours.com\/it\/wp-json\/wp\/v2\/media\/536"}],"wp:attachment":[{"href":"https:\/\/www.starkhattabychtours.com\/it\/wp-json\/wp\/v2\/media?parent=535"}],"wp:term":[{"taxonomy":"product_cat","embeddable":true,"href":"https:\/\/www.starkhattabychtours.com\/it\/wp-json\/wp\/v2\/product_cat?post=535"},{"taxonomy":"product_tag","embeddable":true,"href":"https:\/\/www.starkhattabychtours.com\/it\/wp-json\/wp\/v2\/product_tag?post=535"}],"curies":[{"name":"wp","href":"https:\/\/api.w.org\/{rel}","templated":true}]}}