{"id":543,"date":"2024-09-28T09:41:16","date_gmt":"2024-09-28T09:41:16","guid":{"rendered":"https:\/\/www.starkhattabychtours.com\/it\/?post_type=product&#038;p=543"},"modified":"2024-10-05T16:47:06","modified_gmt":"2024-10-05T16:47:06","slug":"parasailing-in-sharm-parasailing-behind-a-boat","status":"publish","type":"product","link":"https:\/\/www.starkhattabychtours.com\/it\/tour\/parasailing-in-sharm-parasailing-behind-a-boat","title":{"rendered":"Parasailing a Sharm el Sheikh (con un&#8217;imbarcazione)"},"content":{"rendered":"<section class=\"wpb-content-wrapper\"><p>[vc_section][vc_row][vc_column width=&#8221;1\/2&#8243;][vc_column_text]<\/p>\n<h2 data-sourcepos=\"1:1-1:58\">Parasailing a Sharm El-Sheikh: Un&#8217;avventura Emozionante<\/h2>\n<p data-sourcepos=\"3:1-3:195\">Una delle attivit\u00e0 pi\u00f9 entusiasmanti a Sharm El-Sheikh \u00e8 il parasailing! Questa avventura \u00e8 perfetta per i cercatori di emozioni forti e chiunque desideri un modo divertente di essere attivo.<\/p>\n<p data-sourcepos=\"5:1-5:399\">Il parasailing a Sharm El-Sheikh \u00e8 uno sport acquatico che si svolge al largo della costa del Mar Rosso, vicino a El Gharkana. Anche se pu\u00f2 sembrare estremo, \u00e8 in realt\u00e0 molto sicuro. Sei imbraccato a un paracadute che viene trainato da uno speedboat, sollevandoti dolcemente in cielo. \u00c8 un modo fantastico per rilassarsi e godere di una vista mozzafiato di Sharm El-Sheikh da una prospettiva unica.<\/p>\n<p data-sourcepos=\"7:1-7:188\">Non appena il conducente dell&#8217;imbarcazione riceve il segnale, il motore accelera e inizierai a salire dolcemente in aria. Immagina di sentirti come un uccello, volando alto sopra la citt\u00e0!<\/p>\n<p>[\/vc_column_text][\/vc_column][vc_column width=&#8221;1\/2&#8243;][vc_single_image image=&#8221;545&#8243; img_size=&#8221;full&#8221;][\/vc_column][\/vc_row][vc_row][vc_column][vc_column_text]<\/p>\n<p data-sourcepos=\"9:1-9:240\">Anche se non hai mai praticato il parasailing prima, o se hai bambini piccoli (dai 3 anni in su), puoi goderti questa avventura. Istruttore esperti sono sempre a disposizione per fornire briefing di sicurezza e garantire un volo tranquillo.<\/p>\n<p data-sourcepos=\"11:1-11:263\">Durante il tuo volo, sarai ad un&#8217;altezza considerevole, permettendoti di ammirare splendide viste panoramiche del mare e della costa. Se ti senti avventuroso, puoi anche chiedere al tuo istruttore di eseguire alcune manovre aeree per una dose extra di adrenalina.<\/p>\n<p data-sourcepos=\"13:1-13:285\">Che tu sia un viaggiatore solitario o voglia condividere l&#8217;esperienza con un amico, il parasailing \u00e8 un&#8217;attivit\u00e0 da non perdere a Sharm El-Sheikh. \u00c8 un modo fantastico per aggiungere un tocco di eccitazione alla tua vacanza. Basta assicurarsi che il peso combinato non superi i 150 kg<\/p>\n<p>[\/vc_column_text][\/vc_column][\/vc_row][vc_row][vc_column width=&#8221;1\/2&#8243;][vc_column_text]<\/p>\n<h3 data-sourcepos=\"5:1-5:11\">Prezzi:<\/h3>\n<ul data-sourcepos=\"7:1-11:0\">\n<li data-sourcepos=\"7:1-7:169\"><strong>\u20ac30:<\/strong> Prezzo totale per due persone su un volo, con un peso combinato fino a 150 kg (il prezzo elencato nella descrizione \u00e8 per una persona su un volo a due posti).<\/li>\n<li data-sourcepos=\"8:1-8:123\"><strong>\u20ac20:<\/strong> Costo di un volo per una persona (richiesto se il peso combinato di due persone supera i 150 kg o su richiesta).<\/li>\n<li data-sourcepos=\"9:1-9:60\"><strong>\u20ac25:<\/strong> Una persona che vola da sola sul tour dall&#8217;hotel.<\/li>\n<li data-sourcepos=\"10:1-11:0\"><strong>\u20ac5:<\/strong> Tassa aggiuntiva per accompagnare qualcuno sulla barca senza volare (a persona).<\/li>\n<\/ul>\n<p data-sourcepos=\"12:1-12:64\">Nessuno sconto per i bambini. I bambini pagano il prezzo intero.<\/p>\n<h3 data-sourcepos=\"14:1-14:28\">Cosa \u00e8 incluso nel tour:<\/h3>\n<ul data-sourcepos=\"16:1-19:44\">\n<li data-sourcepos=\"16:1-16:217\"><strong>Prelievo dall&#8217;hotel:<\/strong> Approssimativamente alle 10:00 o alle 13:00 (l&#8217;ora esatta verr\u00e0 confermata dopo la prenotazione). Il viaggio verso il porto dura dai 15 ai 50 minuti, a seconda della posizione del tuo hotel.<\/li>\n<li data-sourcepos=\"17:1-17:61\"><strong>Briefing di sicurezza:<\/strong> All&#8217;arrivo al punto di partenza.<\/li>\n<li data-sourcepos=\"18:1-18:108\"><strong>Parasailing:<\/strong> Un volo di 4-6 minuti dietro una barca (durata standard per tutti gli operatori a Sharm).<\/li>\n<li data-sourcepos=\"19:1-19:44\"><strong>Trasferimento di ritorno al tuo hotel<\/strong><\/li>\n<\/ul>\n<p>[\/vc_column_text][\/vc_column][vc_column width=&#8221;1\/2&#8243;][vc_column_text]<\/p>\n<h3 data-sourcepos=\"5:1-5:32\">Incluso nel prezzo del tour:<\/h3>\n<ul data-sourcepos=\"7:1-9:0\">\n<li data-sourcepos=\"7:1-7:105\"><strong>Servizi di istruttore e guida:<\/strong> Un istruttore qualificato vi accompagner\u00e0 durante l&#8217;intera attivit\u00e0.<\/li>\n<li data-sourcepos=\"8:1-9:0\"><strong>Trasporto:<\/strong> \u00c8 previsto il trasporto di andata e ritorno all&#8217;interno di Sharm El-Sheikh.<\/li>\n<\/ul>\n<h3 data-sourcepos=\"10:1-10:28\">Informazioni aggiuntive:<\/h3>\n<p data-sourcepos=\"12:1-12:327\">Il tempo di volo indicato \u00e8 standard per tutti gli operatori turistici che offrono il parasailing a Sharm El Sheikh. Ci sono solo due operatori di questo tipo e lavoriamo con entrambi. Sfortunatamente, non c&#8217;\u00e8 scelta tra loro. Il tempo di volo pu\u00f2 essere esteso solo con un costo aggiuntivo, che pu\u00f2 essere organizzato in loco<\/p>\n<p>[\/vc_column_text][\/vc_column][\/vc_row][\/vc_section][vc_section][vc_row][vc_column]<div id=\"kapee-header-92879\" class=\"kapee-element kapee-heading text-left kapee-width-100 separator-none separator-between-heading\">\t\n\t\t\t\n\t\t\t<div class=\"heading-wrap\">\n\t\t\t<span class=\"separator-left\"><\/span>\n\t\t\t<h2 class=\"heading-title\">Domande frequenti (FAQ): <\/h2>\t\t\t<span class=\"separator-right\"><\/span>\n\t\t\t\t\t<\/div>\n\t\t\n    <\/div>[vc_toggle title=&#8221;Il vostro prezzo \u00e8 cos\u00ec basso&#8230; Probabilmente state facendo un servizio di bassa qualit\u00e0?&#8221; style=&#8221;square_outline&#8221; color=&#8221;sky&#8221;]Offriamo davvero alcuni dei prezzi pi\u00f9 bassi mantenendo un alto livello di servizio. Il motivo \u00e8 che siamo una societ\u00e0 di prenotazioni online per grandi operatori turistici in Egitto, il che ci consente di offrire prezzi molto competitivi grazie al nostro ampio volume di turisti. Prenotando con noi, ricevi un servizio di alta qualit\u00e0 senza pagare eccessivamente gli intermediari.[\/vc_toggle][vc_toggle title=&#8221;Che tipo di autobus e trasferimenti avete?&#8221; style=&#8221;square_outline&#8221; color=&#8221;sky&#8221;]Una variet\u00e0 di trasporti \u00e8 disponibile per l&#8217;uso degli organizzatori dell&#8217;evento all&#8217;interno del parco, tra cui auto, minivan e comodi autobus. Tutti i veicoli sono dotati di aria condizionata e sistemi di sicurezza. Per viaggi pi\u00f9 lunghi, vengono forniti autobus con servizi igienici. Inoltre, tutti i veicoli vengono sottoposti a regolari controlli di manutenzione e sanificazione, e possiedono le necessarie autorizzazioni turistiche. Inoltre, i conducenti vengono sottoposti a ispezioni dalla polizia turistica prima di ogni lungo viaggio.[\/vc_toggle][vc_toggle title=&#8221;Come e quando pago per il tour?&#8221; style=&#8221;square_outline&#8221; color=&#8221;sky&#8221;]Lavoriamo senza pagamento anticipato. Tutti i tour di gruppo vengono pagati sull&#8217;autobus o durante il tour stesso. Le eccezioni sono i pagamenti anticipati per i tour privati e i tour che richiedono l&#8217;acquisto di biglietti aerei o l&#8217;elaborazione di documenti. I nostri programmi principali vengono pagati direttamente durante il trasferimento o all&#8217;inizio del tour. Non \u00e8 necessario cercare qualcuno per pagare il tour. Un dipendente dell&#8217;organizzatore si avviciner\u00e0 a te. Puoi pagare in contanti in dollari USA, euro o sterline egiziane. Per la tua comodit\u00e0, offriamo anche la possibilit\u00e0 di trasferire fondi su una carta bancaria in rubli, grivnie ed euro al tasso di cambio o su un portafoglio di criptovaluta in USDT, prima del tour. Per informazioni pi\u00f9 dettagliate sui metodi di pagamento e sui rimborsi, consulta qui.[\/vc_toggle][vc_toggle title=&#8221;Hai una licenza turistica?&#8221; style=&#8221;square_outline&#8221; color=&#8221;sky&#8221;]L&#8217;Egitto \u00e8 un paese altamente regolamentato, specialmente quando si tratta di turismo. Affinch\u00e9 qualsiasi veicolo o yacht possa partire per un&#8217;escursione, \u00e8 necessario ottenere permessi giornalieri sia dalla polizia che dai militari. Se gli operatori turistici non hanno una valida licenza turistica, naturalmente non gli verranno concessi questi permessi. Ecco perch\u00e9 per alcune escursioni, potremmo richiedere copie dei vostri voucher e passaporti (questo vale per le escursioni marine a Sharm El-Sheikh, i tour privati e alcuni tour di gruppo se coinvolgono l&#8217;uscita dalla citt\u00e0. Per altre escursioni, i permessi vengono semplicemente rilasciati in base al numero di persone e non sono necessari i dettagli del passaporto).[\/vc_toggle][vc_toggle title=&#8221;Siamo assicurati durante l&#8217;escursione?&#8221; style=&#8221;square_outline&#8221; color=&#8221;sky&#8221;]<\/p>\n<p data-sourcepos=\"3:1-3:250\">Sfortunatamente, alcune guide degli hotel cercano di convincere i turisti che la loro assicurazione di viaggio \u00e8 presumibilmente invalida se prenotano escursioni con operatori turistici esterni, invece della loro stessa compagnia. Questo non \u00e8 vero.<\/p>\n<p data-sourcepos=\"5:1-5:148\">Innanzitutto, la tua assicurazione di viaggio \u00e8 valida in tutto l&#8217;Egitto, proprio come lo sarebbe se prenotassi con la compagnia di tour dell&#8217;hotel.<\/p>\n<p data-sourcepos=\"7:1-7:381\">In secondo luogo, se sei su una barca, un autobus o un altro mezzo di trasporto, l&#8217;organizzatore si assume la piena responsabilit\u00e0 assicurativa nei confronti dei passeggeri. Altrimenti, semplicemente non sarebbero in grado di ottenere un permesso per condurre attivit\u00e0 turistiche. L&#8217;Egitto ha regolamenti turistici piuttosto rigidi e sono necessari permessi prima di ogni viaggio.<\/p>\n<p>[\/vc_toggle][vc_toggle title=&#8221;Come posso recuperare un oggetto perso durante un tour?&#8221; style=&#8221;square_outline&#8221; color=&#8221;sky&#8221;]Ricordiamo sempre ai nostri ospiti di controllare attentamente di avere con s\u00e9 tutti i loro effetti personali prima di uscire dall&#8217;autobus o dallo yacht alla fine del tour. Sfortunatamente, recuperare oggetti smarriti pu\u00f2 essere piuttosto difficile a causa della partenza immediata dei veicoli per la pulizia e le complessit\u00e0 della logistica egiziana. Sebbene faremo il possibile per aiutarti a ritrovare i tuoi effetti personali, non possiamo garantire un tasso di recupero del 100%. Se riusciamo a trovare il tuo oggetto, ci sar\u00e0 una tassa di consegna di $5-10. Si prega di prestare attenzione ai propri effetti personali![\/vc_toggle][vc_toggle title=&#8221;Dovrei modificare i miei piani o aspettare per il tour?&#8221; style=&#8221;square_outline&#8221; color=&#8221;sky&#8221;]Abbiamo un significativo afflusso giornaliero di richieste di prenotazione per i nostri programmi da parte dei turisti. Di conseguenza, la maggior parte delle escursioni vengono organizzate quotidianamente o in specifici giorni della settimana seguendo un programma dettagliato fornito nella descrizione di ciascun programma. Dopo la prenotazione, ti invieremo l&#8217;ora esatta del prelievo dal tuo hotel. Molti tour saranno condotti con piccoli gruppi provenienti da vari hotel che hanno acquistato escursioni attraverso gli operatori turistici. L&#8217;unica differenza \u00e8 che i nostri prezzi sono del 40-60% pi\u00f9 bassi (i nostri organizzatori conducono tutte le principali escursioni a Hurghada e Sharm El-Sheikh per turisti di lingua russa).[\/vc_toggle][vc_toggle title=&#8221;Dove posso trovare il fotografo che ha scattato le foto durante il tour?&#8221; style=&#8221;square_outline&#8221; color=&#8221;sky&#8221;]Vorremmo informarvi che i fotografi che vi accompagnano durante le escursioni agiscono come rappresentanti indipendenti dei loro studi fotografici. Non fanno parte del nostro servizio online o del team organizzatore del programma. Tutti i termini e le condizioni relativi al servizio fotografico e al suo pagamento vengono discussi e concordati direttamente tra voi e il fotografo. Consigliamo di avvicinarsi ai pagamenti anticipati con cautela e di assicurarsi l&#8217;affidabilit\u00e0 dei servizi, nonch\u00e9 di ottenere tutte le informazioni di contatto del fotografo prima di effettuare qualsiasi pagamento.[\/vc_toggle][\/vc_column][\/vc_row][\/vc_section]<\/p>\n<\/section>","protected":false},"excerpt":{"rendered":"<p>Prezzo per adulto (volo a due posti): $15<br \/>\nPrezzo per adulto (volo a un posto): $20<br \/>\nDurata stimata: 1,5 ore<br \/>\nGiorni della settimana: Quotidiano<\/p>\n<ul>\n<li>Prenota in 3 minuti<\/li>\n<li>Nessun pagamento anticipato richiesto<\/li>\n<li>Trasferimento in hotel incluso<\/li>\n<li>Assicurazione in vigore<\/li>\n<li>Nessuna tassa o commissione aggiuntiva<\/li>\n<li>Foto e recensioni reali<\/li>\n<li>Gestore personale<\/li>\n<\/ul>\n","protected":false},"featured_media":544,"template":"","meta":[],"product_cat":[30],"product_tag":[],"class_list":{"0":"post-543","1":"product","2":"type-product","3":"status-publish","4":"has-post-thumbnail","6":"product_cat-sharm-safari","8":"first","9":"instock","10":"shipping-taxable","11":"purchasable","12":"product-type-simple"},"_links":{"self":[{"href":"https:\/\/www.starkhattabychtours.com\/it\/wp-json\/wp\/v2\/product\/543","targetHints":{"allow":["GET"]}}],"collection":[{"href":"https:\/\/www.starkhattabychtours.com\/it\/wp-json\/wp\/v2\/product"}],"about":[{"href":"https:\/\/www.starkhattabychtours.com\/it\/wp-json\/wp\/v2\/types\/product"}],"wp:featuredmedia":[{"embeddable":true,"href":"https:\/\/www.starkhattabychtours.com\/it\/wp-json\/wp\/v2\/media\/544"}],"wp:attachment":[{"href":"https:\/\/www.starkhattabychtours.com\/it\/wp-json\/wp\/v2\/media?parent=543"}],"wp:term":[{"taxonomy":"product_cat","embeddable":true,"href":"https:\/\/www.starkhattabychtours.com\/it\/wp-json\/wp\/v2\/product_cat?post=543"},{"taxonomy":"product_tag","embeddable":true,"href":"https:\/\/www.starkhattabychtours.com\/it\/wp-json\/wp\/v2\/product_tag?post=543"}],"curies":[{"name":"wp","href":"https:\/\/api.w.org\/{rel}","templated":true}]}}