{"id":56,"date":"2024-09-03T09:18:30","date_gmt":"2024-09-03T09:18:30","guid":{"rendered":"https:\/\/www.starkhattabychtours.com\/it\/?post_type=product&#038;p=56"},"modified":"2024-10-05T16:53:38","modified_gmt":"2024-10-05T16:53:38","slug":"super-luxor-and-dendera-no-shops","status":"publish","type":"product","link":"https:\/\/www.starkhattabychtours.com\/it\/tour\/super-luxor-and-dendera-no-shops","title":{"rendered":"Super Luxor e Dendera (senza negozi)"},"content":{"rendered":"<section class=\"wpb-content-wrapper\"><p>[vc_row][vc_column width=&#8221;1\/2&#8243;][vc_column_text]<\/p>\n<p data-sourcepos=\"5:1-5:417\"><strong>L&#8217;escursione &#8220;Super Luxor e Dendera&#8221;<\/strong> offre un&#8217;opportunit\u00e0 unica di immergersi nella storia e nella cultura dell&#8217;Antico Egitto senza distrazioni da negozi e a un prezzo super! Visiterai due famosi siti archeologici in Egitto: Luxor e Dendera. Questo programma si svolge su un nuovo autobus confortevole da Hurghada e include numerose attrazioni e un programma avvincente a cura di una guida egittologa professionista.<\/p>\n<p data-sourcepos=\"5:1-5:224\"><strong>Questa escursione \u00e8 molto pi\u00f9 richiesta dai turisti rispetto al classico tour di Luxor ed \u00e8 la pi\u00f9 ricca, grazie all&#8217;esclusione dei negozi e all&#8217;opportunit\u00e0 di ampliare il programma in loco, su suggerimento della guida.<\/strong><\/p>\n<p data-sourcepos=\"7:1-7:383\"><strong>Il viaggio inizia con una visita a Dendera, vicino alla citt\u00e0 di Kena. Il luogo \u00e8 famoso per il tempio della dea dell&#8217;amore e della bellezza, Hathor. Questo tempio \u00e8 uno dei pi\u00f9 impressionanti e meglio conservati in Egitto. Qui potrai vedere l&#8217;unica &#8220;stanza del parto&#8221; e le eleganti pareti con iscrizioni geroglifiche e immagini di divinit\u00e0, ancora adornate dagli antichi colori.<\/strong><\/p>\n<p data-sourcepos=\"7:1-7:383\"><strong>Dopo Dendera, ti dirigerai verso Luxor, considerata il pi\u00f9 grande museo a cielo aperto del mondo. Qui potrai ammirare il famoso Tempio di Karnak. \u00c8 una magnifica struttura architettonica, costruita dai faraoni durante il periodo dell&#8217;antico Egitto. Ti verr\u00e0 offerto un affascinante racconto della sua storia e del suo significato. Presenta colonne e sculture maestose che suscitano ammirazione in tutti i visitatori.<\/strong><\/p>\n<p>[\/vc_column_text][\/vc_column][vc_column width=&#8221;1\/2&#8243;][vc_images_carousel images=&#8221;602,603,604&#8243; img_size=&#8221;full&#8221;][\/vc_column][\/vc_row][vc_section][vc_row][vc_column][vc_column_text]<\/p>\n<p data-sourcepos=\"11:1-11:125\"><strong>Successivamente, visiterai la Valle dei Re, dove potrai ammirare il Tempio della regina Hatshepsut e i colossi di Memnon.<\/strong><\/p>\n<p data-sourcepos=\"13:1-13:268\"><strong>Opzionalmente, a pagamento, potrai fare un giro in barca fino alla Banana Island e visitare la Valle dei Re o delle Regine (il prezzo sar\u00e0 definito in loco). Puoi prenotare e pagare questa parte dell&#8217;escursione direttamente alla guida sull&#8217;autobus, previo accordo.<\/strong><\/p>\n<p data-sourcepos=\"15:1-15:122\"><strong>Il tuo viaggio include anche un pranzo in un ristorante locale, dove potrai assaggiare i piatti tradizionali egiziani.<\/strong><\/p>\n<p data-sourcepos=\"17:1-17:301\"><strong>Alla fine della giornata, tornerai in autobus a Hurghada, ricco di emozioni e nuove conoscenze sulla ricca storia e cultura dell&#8217;antico Egitto. Questa escursione offre un&#8217;opportunit\u00e0 unica di vedere alcune delle pi\u00f9 famose attrazioni dell&#8217;Egitto e di scoprire le grandi opere dei nostri antenati.<\/strong><\/p>\n<p>[\/vc_column_text][\/vc_column][\/vc_row][\/vc_section][vc_section][vc_row][vc_column width=&#8221;1\/2&#8243;][vc_column_text]<\/p>\n<p data-sourcepos=\"5:1-5:30\"><strong>Cosa include l&#8217;escursione:<\/strong><\/p>\n<ul data-sourcepos=\"7:1-17:0\">\n<li data-sourcepos=\"7:1-7:204\"><strong>Partenza dall&#8217;hotel:<\/strong> intorno alle 04:00 (l&#8217;orario esatto verr\u00e0 comunicato dopo la prenotazione; il viaggio per Dendera dura circa 4 ore, con una sosta per riposarsi e utilizzare i servizi igienici);<\/li>\n<li data-sourcepos=\"8:1-8:106\"><strong>Visita al Tempio di Hathor a Dendera:<\/strong> un tempio unico dedicato alla dea dell&#8217;amore e della bellezza;<\/li>\n<li data-sourcepos=\"9:1-9:110\"><strong>Arrivo a Luxor, la &#8220;Valle dei Vivi&#8221;:<\/strong> visita al Tempio di Karnak (scarabeo sacro, lago sacro, obelischi);<\/li>\n<li data-sourcepos=\"10:1-10:63\"><strong>Traversata del Nilo in barca:<\/strong> verso la &#8220;Valle dei Morti&#8221;;<\/li>\n<li data-sourcepos=\"11:1-11:42\"><strong>Pranzo in un caff\u00e8 sul Nilo:<\/strong> buffet;<\/li>\n<li data-sourcepos=\"12:1-12:100\"><strong>Valle dei Morti:<\/strong> visita al Tempio della regina Hatshepsut e alle statue dei Colossi di Memnon;<\/li>\n<li data-sourcepos=\"13:1-13:206\"><strong>Gita in barca all&#8217;Isola delle Banane e\/o alle Valle dei Re o delle Regine:<\/strong> facoltativa, a pagamento e soggetta a disponibilit\u00e0 (per maggiori dettagli, consultare la sezione &#8220;Informazioni aggiuntive&#8221;);<\/li>\n<li data-sourcepos=\"14:1-14:50\"><strong>Partenza da Luxor:<\/strong> intorno alle 17:00-17:30;<\/li>\n<li data-sourcepos=\"15:1-15:51\"><strong>Arrivo in hotel:<\/strong> previsto per le 22:00 circa.<\/li>\n<li data-sourcepos=\"16:1-17:0\"><strong>Nota:<\/strong> L&#8217;ordine delle visite pu\u00f2 variare in base alle decisioni della guida e al flusso turistico nei siti.<\/li>\n<\/ul>\n<p>[\/vc_column_text][\/vc_column][vc_column width=&#8221;1\/2&#8243;][vc_column_text]<\/p>\n<p data-sourcepos=\"3:1-3:41\"><strong>Nel costo dell&#8217;escursione \u00e8 incluso:<\/strong><\/p>\n<ul data-sourcepos=\"5:1-11:0\">\n<li data-sourcepos=\"5:1-5:60\"><strong>Ingressi:<\/strong> ai siti archeologici previsti dal programma;<\/li>\n<li data-sourcepos=\"6:1-6:46\"><strong>Trasporto:<\/strong> traversata del Nilo in barca;<\/li>\n<li data-sourcepos=\"7:1-7:23\"><strong>Pranzo:<\/strong> a buffet;<\/li>\n<li data-sourcepos=\"8:1-8:62\"><strong>Guida:<\/strong> assistenza di una guida turistica parlante russo;<\/li>\n<li data-sourcepos=\"9:1-11:0\"><strong>Trasporto:<\/strong> servizio di trasporto a Hurghada (aree: El Gouna e Sahl Hasheesh con supplemento di $10 a tratta per auto fino a 6 persone (per singola prenotazione, il trasferimento pu\u00f2 essere condiviso).<\/li>\n<\/ul>\n<p>[\/vc_column_text][\/vc_column][\/vc_row][\/vc_section][vc_section][vc_row][vc_column][vc_column_text]<\/p>\n<h3 data-sourcepos=\"11:1-11:54\"><strong>Cosa non \u00e8 incluso nel prezzo dell&#8217;escursione:<\/strong><\/h3>\n<ul data-sourcepos=\"13:1-16:0\">\n<li data-sourcepos=\"13:1-13:108\"><strong>Isola di Banana:<\/strong> Visita facoltativa (prenotazione e pagamento in loco con la guida, +10$ in contanti).<\/li>\n<li data-sourcepos=\"14:1-14:216\"><strong>Valle dei Re o delle Regine:<\/strong> Visita facoltativa (prenotazione e prezzo da definire con la guida a bordo del bus, costo variabile tra 10$ e 20$, a seconda del numero di partecipanti e dell&#8217;accordo con la guida).<\/li>\n<li data-sourcepos=\"15:1-16:0\"><strong>Bevande durante il pranzo.<\/strong> L&#8217;ingresso \u00e8 gratuito per i bambini fino a 5 anni.<\/li>\n<\/ul>\n<h3 data-sourcepos=\"17:1-17:32\"><strong>Informazioni aggiuntive:<\/strong><\/h3>\n<ul data-sourcepos=\"19:1-25:0\">\n<li data-sourcepos=\"19:1-19:148\"><strong>Trasporto:<\/strong> Viaggio a bordo di un comodo autobus dotato di due autisti, servizio di sicurezza, aria condizionata, prese di corrente e toilette.<\/li>\n<li data-sourcepos=\"20:1-20:125\"><strong>Isola di Banana:<\/strong> I turisti che non prenotano la visita all&#8217;isola aspetteranno a bordo del bus durante il trasferimento.<\/li>\n<li data-sourcepos=\"21:1-21:280\"><strong>Visite opzionali:<\/strong> Se un numero sufficiente di turisti prenota la visita alla Valle dei Re o delle Regine, gli altri potranno attendere a bordo del bus all&#8217;ingresso del sito o visitare il mercato locale e scattare foto. Si consiglia di portare con s\u00e9 dei dollari in contanti.<\/li>\n<li data-sourcepos=\"22:1-22:198\"><strong>Vendita di souvenir:<\/strong> \u00c8 consuetudine in Egitto che le guide offrano souvenir in vendita. Si prega di notare che il nostro servizio online non controlla la qualit\u00e0 e i prezzi di questi prodotti.<\/li>\n<li data-sourcepos=\"23:1-23:407\"><strong>Servizi igienici:<\/strong> Per motivi igienici, il bagno del bus potrebbe essere chiuso dall&#8217;autista. Si consiglia di utilizzare i servizi igienici disponibili nelle aree di sosta e nei siti turistici (costo circa 10 sterline egiziane); a pranzo e sull&#8217;Isola di Banana i servizi igienici sono gratuiti. In caso di emergenza e se il bagno del bus \u00e8 chiuso, si prega di contattare il nostro ufficio prenotazioni.<\/li>\n<li data-sourcepos=\"24:1-25:0\"><strong>Programma esclusivo:<\/strong> Questo \u00e8 il programma pi\u00f9 completo per Luxor e viene offerto solo dalla nostra agenzia a Hurghada. Se si desidera partecipare a tutte le attivit\u00e0 opzionali, il costo totale pu\u00f2 raggiungere fino a 80$ per gli adulti e 40$ per i bambini.<\/li>\n<\/ul>\n<p>[\/vc_column_text][\/vc_column][\/vc_row][\/vc_section][vc_row][vc_column][vc_column_text]<br \/>\n[\/vc_column_text][\/vc_column][\/vc_row][vc_section][vc_row][vc_column]<div id=\"kapee-header-41601\" class=\"kapee-element kapee-heading text-left kapee-width-100 separator-none separator-between-heading\">\t\n\t\t\t\n\t\t\t<div class=\"heading-wrap\">\n\t\t\t<span class=\"separator-left\"><\/span>\n\t\t\t<h2 class=\"heading-title\">Domande frequenti (FAQ): <\/h2>\t\t\t<span class=\"separator-right\"><\/span>\n\t\t\t\t\t<\/div>\n\t\t\n    <\/div>[vc_toggle title=&#8221;Il vostro prezzo \u00e8 cos\u00ec basso&#8230; Probabilmente state facendo un servizio di bassa qualit\u00e0?&#8221; style=&#8221;square_outline&#8221; color=&#8221;sky&#8221;]Offriamo davvero alcuni dei prezzi pi\u00f9 bassi mantenendo un alto livello di servizio. Il motivo \u00e8 che siamo una societ\u00e0 di prenotazioni online per grandi operatori turistici in Egitto, il che ci consente di offrire prezzi molto competitivi grazie al nostro ampio volume di turisti. Prenotando con noi, ricevi un servizio di alta qualit\u00e0 senza pagare eccessivamente gli intermediari.[\/vc_toggle][vc_toggle title=&#8221;Che tipo di autobus e trasferimenti avete?&#8221; style=&#8221;square_outline&#8221; color=&#8221;sky&#8221;]Una variet\u00e0 di trasporti \u00e8 disponibile per l&#8217;uso degli organizzatori dell&#8217;evento all&#8217;interno del parco, tra cui auto, minivan e comodi autobus. Tutti i veicoli sono dotati di aria condizionata e sistemi di sicurezza. Per viaggi pi\u00f9 lunghi, vengono forniti autobus con servizi igienici. Inoltre, tutti i veicoli vengono sottoposti a regolari controlli di manutenzione e sanificazione, e possiedono le necessarie autorizzazioni turistiche. Inoltre, i conducenti vengono sottoposti a ispezioni dalla polizia turistica prima di ogni lungo viaggio.[\/vc_toggle][vc_toggle title=&#8221;Come e quando pago per il tour?&#8221; style=&#8221;square_outline&#8221; color=&#8221;sky&#8221;]Lavoriamo senza pagamento anticipato. Tutti i tour di gruppo vengono pagati sull&#8217;autobus o durante il tour stesso. Le eccezioni sono i pagamenti anticipati per i tour privati e i tour che richiedono l&#8217;acquisto di biglietti aerei o l&#8217;elaborazione di documenti. I nostri programmi principali vengono pagati direttamente durante il trasferimento o all&#8217;inizio del tour. Non \u00e8 necessario cercare qualcuno per pagare il tour. Un dipendente dell&#8217;organizzatore si avviciner\u00e0 a te. Puoi pagare in contanti in dollari USA, euro o sterline egiziane. Per la tua comodit\u00e0, offriamo anche la possibilit\u00e0 di trasferire fondi su una carta bancaria in rubli, grivnie ed euro al tasso di cambio o su un portafoglio di criptovaluta in USDT, prima del tour. Per informazioni pi\u00f9 dettagliate sui metodi di pagamento e sui rimborsi, consulta qui.[\/vc_toggle][vc_toggle title=&#8221;Hai una licenza turistica?&#8221; style=&#8221;square_outline&#8221; color=&#8221;sky&#8221;]L&#8217;Egitto \u00e8 un paese altamente regolamentato, specialmente quando si tratta di turismo. Affinch\u00e9 qualsiasi veicolo o yacht possa partire per un&#8217;escursione, \u00e8 necessario ottenere permessi giornalieri sia dalla polizia che dai militari. Se gli operatori turistici non hanno una valida licenza turistica, naturalmente non gli verranno concessi questi permessi. Ecco perch\u00e9 per alcune escursioni, potremmo richiedere copie dei vostri voucher e passaporti (questo vale per le escursioni marine a Sharm El-Sheikh, i tour privati e alcuni tour di gruppo se coinvolgono l&#8217;uscita dalla citt\u00e0. Per altre escursioni, i permessi vengono semplicemente rilasciati in base al numero di persone e non sono necessari i dettagli del passaporto).[\/vc_toggle][vc_toggle title=&#8221;Siamo assicurati durante l&#8217;escursione?&#8221; style=&#8221;square_outline&#8221; color=&#8221;sky&#8221;]<\/p>\n<p data-sourcepos=\"3:1-3:250\">Sfortunatamente, alcune guide degli hotel cercano di convincere i turisti che la loro assicurazione di viaggio \u00e8 presumibilmente invalida se prenotano escursioni con operatori turistici esterni, invece della loro stessa compagnia. Questo non \u00e8 vero.<\/p>\n<p data-sourcepos=\"5:1-5:148\">Innanzitutto, la tua assicurazione di viaggio \u00e8 valida in tutto l&#8217;Egitto, proprio come lo sarebbe se prenotassi con la compagnia di tour dell&#8217;hotel.<\/p>\n<p data-sourcepos=\"7:1-7:381\">In secondo luogo, se sei su una barca, un autobus o un altro mezzo di trasporto, l&#8217;organizzatore si assume la piena responsabilit\u00e0 assicurativa nei confronti dei passeggeri. Altrimenti, semplicemente non sarebbero in grado di ottenere un permesso per condurre attivit\u00e0 turistiche. L&#8217;Egitto ha regolamenti turistici piuttosto rigidi e sono necessari permessi prima di ogni viaggio.<\/p>\n<p>[\/vc_toggle][vc_toggle title=&#8221;Come posso recuperare un oggetto perso durante un tour?&#8221; style=&#8221;square_outline&#8221; color=&#8221;sky&#8221;]Ricordiamo sempre ai nostri ospiti di controllare attentamente di avere con s\u00e9 tutti i loro effetti personali prima di uscire dall&#8217;autobus o dallo yacht alla fine del tour. Sfortunatamente, recuperare oggetti smarriti pu\u00f2 essere piuttosto difficile a causa della partenza immediata dei veicoli per la pulizia e le complessit\u00e0 della logistica egiziana. Sebbene faremo il possibile per aiutarti a ritrovare i tuoi effetti personali, non possiamo garantire un tasso di recupero del 100%. Se riusciamo a trovare il tuo oggetto, ci sar\u00e0 una tassa di consegna di $5-10. Si prega di prestare attenzione ai propri effetti personali![\/vc_toggle][vc_toggle title=&#8221;Dovrei modificare i miei piani o aspettare per il tour?&#8221; style=&#8221;square_outline&#8221; color=&#8221;sky&#8221;]Abbiamo un significativo afflusso giornaliero di richieste di prenotazione per i nostri programmi da parte dei turisti. Di conseguenza, la maggior parte delle escursioni vengono organizzate quotidianamente o in specifici giorni della settimana seguendo un programma dettagliato fornito nella descrizione di ciascun programma. Dopo la prenotazione, ti invieremo l&#8217;ora esatta del prelievo dal tuo hotel. Molti tour saranno condotti con piccoli gruppi provenienti da vari hotel che hanno acquistato escursioni attraverso gli operatori turistici. L&#8217;unica differenza \u00e8 che i nostri prezzi sono del 40-60% pi\u00f9 bassi (i nostri organizzatori conducono tutte le principali escursioni a Hurghada e Sharm El-Sheikh per turisti di lingua russa).[\/vc_toggle][vc_toggle title=&#8221;Dove posso trovare il fotografo che ha scattato le foto durante il tour?&#8221; style=&#8221;square_outline&#8221; color=&#8221;sky&#8221;]Vorremmo informarvi che i fotografi che vi accompagnano durante le escursioni agiscono come rappresentanti indipendenti dei loro studi fotografici. Non fanno parte del nostro servizio online o del team organizzatore del programma. Tutti i termini e le condizioni relativi al servizio fotografico e al suo pagamento vengono discussi e concordati direttamente tra voi e il fotografo. Consigliamo di avvicinarsi ai pagamenti anticipati con cautela e di assicurarsi l&#8217;affidabilit\u00e0 dei servizi, nonch\u00e9 di ottenere tutte le informazioni di contatto del fotografo prima di effettuare qualsiasi pagamento.[\/vc_toggle][\/vc_column][\/vc_row][\/vc_section]<\/p>\n<\/section>","protected":false},"excerpt":{"rendered":"<ul>\n<li data-sourcepos=\"3:1-3:44\"><strong>Prezzo: Adulti (dai 13 anni in su)<\/strong> $50<\/li>\n<li data-sourcepos=\"4:1-4:44\"><strong>Prezzo: Bambini (dai 6 ai 12 anni)<\/strong> $25<\/li>\n<li data-sourcepos=\"5:1-5:28\"><strong>Durata stimata:<\/strong> 18 ore<\/li>\n<li data-sourcepos=\"6:1-6:49\"><strong>Giorni della settimana:<\/strong> Mercoled\u00ec, Domenica<\/li>\n<\/ul>\n<p>&nbsp;<\/p>\n<ul data-sourcepos=\"7:1-15:0\">\n<li data-sourcepos=\"7:1-7:30\"><strong>Prenotazione in 3 minuti<\/strong><\/li>\n<li data-sourcepos=\"8:1-8:26\"><strong>Nessuna prepagamento<\/strong><\/li>\n<li data-sourcepos=\"9:1-9:25\"><strong>Transfer dall&#8217;hotel<\/strong><\/li>\n<li data-sourcepos=\"10:1-10:26\"><strong>Assicurazione valida<\/strong><\/li>\n<li data-sourcepos=\"11:1-11:26\"><strong>Guida parlante russo<\/strong><\/li>\n<li data-sourcepos=\"12:1-12:46\"><strong>Nessun supplemento e nessuna commissione<\/strong><\/li>\n<li data-sourcepos=\"13:1-13:29\"><strong>Foto e recensioni reali<\/strong><\/li>\n<li data-sourcepos=\"14:1-15:0\"><strong>Gestore personale<\/strong><\/li>\n<\/ul>\n","protected":false},"featured_media":215,"template":"","meta":[],"product_cat":[16],"product_tag":[],"class_list":{"0":"post-56","1":"product","2":"type-product","3":"status-publish","4":"has-post-thumbnail","6":"product_cat-historical-from-hurghada","8":"first","9":"instock","10":"shipping-taxable","11":"purchasable","12":"product-type-simple"},"_links":{"self":[{"href":"https:\/\/www.starkhattabychtours.com\/it\/wp-json\/wp\/v2\/product\/56","targetHints":{"allow":["GET"]}}],"collection":[{"href":"https:\/\/www.starkhattabychtours.com\/it\/wp-json\/wp\/v2\/product"}],"about":[{"href":"https:\/\/www.starkhattabychtours.com\/it\/wp-json\/wp\/v2\/types\/product"}],"wp:featuredmedia":[{"embeddable":true,"href":"https:\/\/www.starkhattabychtours.com\/it\/wp-json\/wp\/v2\/media\/215"}],"wp:attachment":[{"href":"https:\/\/www.starkhattabychtours.com\/it\/wp-json\/wp\/v2\/media?parent=56"}],"wp:term":[{"taxonomy":"product_cat","embeddable":true,"href":"https:\/\/www.starkhattabychtours.com\/it\/wp-json\/wp\/v2\/product_cat?post=56"},{"taxonomy":"product_tag","embeddable":true,"href":"https:\/\/www.starkhattabychtours.com\/it\/wp-json\/wp\/v2\/product_tag?post=56"}],"curies":[{"name":"wp","href":"https:\/\/api.w.org\/{rel}","templated":true}]}}