{"id":59,"date":"2024-09-03T09:41:30","date_gmt":"2024-09-03T09:41:30","guid":{"rendered":"https:\/\/www.starkhattabychtours.com\/it\/?post_type=product&#038;p=59"},"modified":"2024-10-05T16:58:27","modified_gmt":"2024-10-05T16:58:27","slug":"super-new-luxor-and-dendera-theres-a-hot-air-ballon","status":"publish","type":"product","link":"https:\/\/www.starkhattabychtours.com\/it\/tour\/super-new-luxor-and-dendera-theres-a-hot-air-ballon","title":{"rendered":"Super Nuovo Luxor e Dendera (c&#8217;\u00e8 un pallone aerostatico)"},"content":{"rendered":"<section class=\"wpb-content-wrapper\"><p>[vc_section][vc_row][vc_column width=&#8221;1\/2&#8243;][vc_column_text]<\/p>\n<p data-sourcepos=\"5:1-5:230\">Siamo lieti di presentare un nuovo programma di due giorni per i viaggiatori che desiderano sperimentare tutto lo splendore dell&#8217;antica civilt\u00e0 egizia nelle Valli dei Re e delle Regine in un tour di gruppo a un prezzo favorevole.<\/p>\n<p data-sourcepos=\"7:1-7:324\">Preparati per un itinerario intenso dove vedrai numerosi siti storici, ti immergerai nella cultura egizia e sperimenterai l&#8217;energia unica dell&#8217;architettura antica. Nel mezzo del tuo tour, passerai la notte in un hotel vicino al fiume Nilo, dandoti l&#8217;opportunit\u00e0 di fare una passeggiata serale e cenare nei ristoranti locali.<\/p>\n<p data-sourcepos=\"9:1-9:243\">Per i viaggiatori pi\u00f9 avventurosi, c&#8217;\u00e8 un&#8217;opzione di volo in mongolfiera disponibile la mattina successiva per $50. Questo ti dar\u00e0 una vista dall&#8217;alto dell&#8217;intera Valle di Luxor all&#8217;alba (pi\u00f9 dettagli di seguito nelle Informazioni aggiuntive)!<\/p>\n<p>[\/vc_column_text][\/vc_column][vc_column width=&#8221;1\/2&#8243;][vc_single_image image=&#8221;661&#8243; img_size=&#8221;full&#8221;][\/vc_column][\/vc_row][\/vc_section][vc_section][vc_row][vc_column][vc_column_text]<\/p>\n<p data-sourcepos=\"11:1-11:66\">Abbiamo combinato tutte le principali attrazioni in un unico tour:<\/p>\n<p data-sourcepos=\"13:1-21:107\">Templi di Karnak e Luxor La misteriosa Dendera e il Tempio di Hathor L&#8217;Avenida delle Sfingi Il Tempio della Regina Hatshepsut Il Tempio di Ramesse III &#8211; Medinet Habu I Colossi di Memnon Le tombe della necropoli della nobilt\u00e0 Una gita in barca sul Nilo Una visita all&#8217;Isola delle Banane per vedere come vengono coltivati i frutti e assaggiarne alcuni da soli.<\/p>\n<p>[\/vc_column_text][\/vc_column][\/vc_row][\/vc_section][vc_section][vc_row][vc_column]<div id=\"kapee-header-28399\" class=\"kapee-element kapee-heading text-left kapee-width-100 separator-none separator-between-heading\">\t\n\t\t\t\n\t\t\t<div class=\"heading-wrap\">\n\t\t\t<span class=\"separator-left\"><\/span>\n\t\t\t<h2 class=\"heading-title\">Cosa \u00e8 incluso nel programma del tour: <\/h2>\t\t\t<span class=\"separator-right\"><\/span>\n\t\t\t\t\t<\/div>\n\t\t\n    <\/div>[vc_row_inner][vc_column_inner width=&#8221;1\/2&#8243;][vc_column_text]<\/p>\n<h2 data-sourcepos=\"5:1-5:53\"><strong>Giorno 1 (Super Luxor e Dendera, senza shopping):<\/strong><\/h2>\n<ul data-sourcepos=\"7:1-15:41\">\n<li data-sourcepos=\"7:1-7:135\">Partenza dall&#8217;hotel intorno alle 4:00 AM (l&#8217;ora esatta verr\u00e0 confermata dopo la prenotazione; il viaggio a Dendera dura circa 4 ore);<\/li>\n<li data-sourcepos=\"8:1-8:79\">Visita all&#8217;unico tempio di Hathor, dea dell&#8217;amore e della bellezza (Dendera);<\/li>\n<li data-sourcepos=\"9:1-9:84\">Arrivo a Luxor, Valle dei Vivi: visita al Tempio di Karnak (scarabeo, lago sacro);<\/li>\n<li data-sourcepos=\"10:1-10:36\">Attraversamento del Nilo in barca;<\/li>\n<li data-sourcepos=\"11:1-11:52\">Pranzo in un caff\u00e8 sulle rive del Nilo (a buffet);<\/li>\n<li data-sourcepos=\"12:1-12:81\">Valle dei Morti: visita al Tempio della Regina Hatshepsut; i Colossi di Memnon;<\/li>\n<li data-sourcepos=\"13:1-13:135\">Gita in barca all&#8217;Isola delle Banane (opzionale, con un costo aggiuntivo. Prenota e paga direttamente dalla guida sull&#8217;autobus +$10);<\/li>\n<li data-sourcepos=\"14:1-14:59\">Trasferimento all&#8217;hotel di Luxor tra le 17:00 e le 18:00;<\/li>\n<li data-sourcepos=\"15:1-15:41\">Passeggiata serale indipendente e cena.<\/li>\n<\/ul>\n<p>[\/vc_column_text][\/vc_column_inner][vc_column_inner width=&#8221;1\/2&#8243;][vc_column_text]<\/p>\n<h2 data-sourcepos=\"5:1-5:48\"><strong>Giorno 2 (Nuovo Luxor + Isola delle Banane):<\/strong><\/h2>\n<ul data-sourcepos=\"7:1-19:38\">\n<li data-sourcepos=\"7:1-7:115\">Partenza dall&#8217;hotel intorno alle 5:00 AM per coloro che desiderano fare un volo in mongolfiera (+ $50 a persona);<\/li>\n<li data-sourcepos=\"8:1-8:43\">Colazione all&#8217;hotel intorno alle 8:00 AM;<\/li>\n<li data-sourcepos=\"9:1-9:55\">Visita all&#8217;unico Tempio di Luxor (il cuore di Luxor);<\/li>\n<li data-sourcepos=\"10:1-10:137\">Passeggiata lungo l&#8217;Avenida delle Sfingi &#8211; creata durante il regno della XXX dinastia dei faraoni. A quel tempo, c&#8217;erano 1350 sculture;<\/li>\n<li data-sourcepos=\"11:1-11:40\">Attraversamento del Nilo in motoscafo;<\/li>\n<li data-sourcepos=\"12:1-12:52\">Pranzo in un caff\u00e8 sulle rive del Nilo (a buffet);<\/li>\n<li data-sourcepos=\"13:1-13:54\">Possibile visita a fabbriche di alabastro e profumi;<\/li>\n<li data-sourcepos=\"14:1-14:175\">Trasferimento al piuttosto grande tempio funebre di Ramesse III a Medinet Habu &#8211; un esempio luminoso e ben conservato di un tempio commemorativo dei faraoni del Nuovo Regno;<\/li>\n<li data-sourcepos=\"15:1-15:91\">Colossi di Memnon (due enormi statue di pietra che raffigurano il faraone Amenhotep III);<\/li>\n<li data-sourcepos=\"16:1-16:135\">Gita in barca all&#8217;Isola delle Banane, dove puoi passeggiare in un frutteto di banane e gustare frutta fresca (inclusa nel programma);<\/li>\n<li data-sourcepos=\"17:1-17:133\">Visita alle Tombe dei Nobili (necropoli). Sono meno conosciute della Valle dei Re, ma suscitano anche l&#8217;interesse di molti turisti;<\/li>\n<li data-sourcepos=\"18:1-18:45\">Partenza da Luxor intorno alle 17:00-18:00;<\/li>\n<li data-sourcepos=\"19:1-19:38\">Arrivo all&#8217;hotel intorno alle 22:00.<\/li>\n<\/ul>\n<p>[\/vc_column_text][\/vc_column_inner][\/vc_row_inner][\/vc_column][\/vc_row][\/vc_section][vc_section][vc_row][vc_column][vc_column_text]<\/p>\n<h2 data-sourcepos=\"5:1-5:32\"><strong>Incluso nel prezzo del tour:<\/strong><\/h2>\n<ul data-sourcepos=\"7:1-16:0\">\n<li data-sourcepos=\"7:1-7:47\">Tutti i biglietti d&#8217;ingresso alle attrazioni;<\/li>\n<li data-sourcepos=\"8:1-8:20\">Crociera sul Nilo;<\/li>\n<li data-sourcepos=\"9:1-9:55\">Isola delle Banane (solo il secondo giorno del tour);<\/li>\n<li data-sourcepos=\"10:1-10:47\">Due pranzi a buffet e una colazione in hotel;<\/li>\n<li data-sourcepos=\"11:1-11:72\">Alloggio in hotel a 3 stelle (la scelta dell&#8217;hotel non \u00e8 disponibile);<\/li>\n<li data-sourcepos=\"12:1-12:39\">Servizi di una guida di lingua russa;<\/li>\n<li data-sourcepos=\"13:1-16:0\">Trasporto all&#8217;interno di Hurghada (Aree El Gouna, Sahl Hasheesh e Makadi Bay: sovrapprezzo di $10* andata e ritorno per auto fino a 6 persone. Aree Soma Bay e Safaga: sovrapprezzo di $20* andata e ritorno. *Il prezzo \u00e8 indicato per una prenotazione andata e ritorno, fino a 6 persone. Il trasferimento pu\u00f2 essere di gruppo).<\/li>\n<\/ul>\n<h2 data-sourcepos=\"17:1-17:36\"><strong>Non incluso nel prezzo del tour:<\/strong><\/h2>\n<ul data-sourcepos=\"19:1-23:0\">\n<li data-sourcepos=\"19:1-19:41\">Bevande durante i pasti e la colazione;<\/li>\n<li data-sourcepos=\"20:1-20:51\">Cena in un hotel o ristorante a Luxor (circa $5);<\/li>\n<li data-sourcepos=\"21:1-21:49\">Volo in mongolfiera ($50 a persona, opzionale);<\/li>\n<li data-sourcepos=\"22:1-23:0\">Bambini fino a 5 anni &#8211; Gratuito.<\/li>\n<\/ul>\n<h2 data-sourcepos=\"24:1-24:28\"><strong>Informazioni aggiuntive:<\/strong><\/h2>\n<ul data-sourcepos=\"26:1-30:329\">\n<li data-sourcepos=\"26:1-26:128\">Trasporto: un autobus confortevole con due conducenti, sicurezza, aria condizionata e una toilette ti trasporter\u00e0 da Hurghada.<\/li>\n<li data-sourcepos=\"27:1-27:235\">Vendite da parte delle guide: si prega di notare che le guide turistiche potrebbero offrire prodotti in vendita. Questa \u00e8 una pratica comune in Egitto. Il nostro servizio online non controlla la qualit\u00e0 o i prezzi di questi articoli.<\/li>\n<li data-sourcepos=\"28:1-28:462\">Toilette dell&#8217;autobus: per evitare possibili odori, la toilette dell&#8217;autobus pu\u00f2 essere chiusa dall&#8217;autista sotto il pretesto di un malfunzionamento. Consigliamo di utilizzare i servizi igienici alle fermate e vicino alle attrazioni. Il costo \u00e8 di circa 10-20 sterline egiziane; la toilette \u00e8 gratuita alle fermate per il pranzo. In caso di necessit\u00e0 urgente e toilette chiusa sull&#8217;autobus, si prega di contattare il nostro reparto prenotazioni per assistenza.<\/li>\n<li data-sourcepos=\"29:1-29:209\">Piramide di Khufu: l&#8217;ingresso alla Piramide di Khufu non \u00e8 incluso nel prezzo. Se desideri entrare (e se il tempo lo permette), puoi acquistare un biglietto all&#8217;ingresso per 1000 sterline egiziane (~$30-35).<\/li>\n<li data-sourcepos=\"30:1-30:329\">Attenzione! Il volo in mongolfiera dura circa 30-40 minuti. Puoi prenotare in anticipo o in loco dalla guida, ma non possiamo garantire il volo al 100%, poich\u00e9 pu\u00f2 essere annullato a causa delle condizioni meteorologiche o di altri motivi al di fuori del nostro controllo. In caso di volo annullato, il denaro verr\u00e0 rimborsato<\/li>\n<\/ul>\n<p>[\/vc_column_text][\/vc_column][\/vc_row][\/vc_section][vc_section][vc_row][vc_column]<div id=\"kapee-header-46256\" class=\"kapee-element kapee-heading text-left kapee-width-100 separator-none separator-between-heading\">\t\n\t\t\t\n\t\t\t<div class=\"heading-wrap\">\n\t\t\t<span class=\"separator-left\"><\/span>\n\t\t\t<h2 class=\"heading-title\">Domande frequenti (FAQ): <\/h2>\t\t\t<span class=\"separator-right\"><\/span>\n\t\t\t\t\t<\/div>\n\t\t\n    <\/div>[vc_toggle title=&#8221;Il vostro prezzo \u00e8 cos\u00ec basso&#8230; Probabilmente state facendo un servizio di bassa qualit\u00e0?&#8221; style=&#8221;square_outline&#8221; color=&#8221;sky&#8221;]Offriamo davvero alcuni dei prezzi pi\u00f9 bassi mantenendo un alto livello di servizio. Il motivo \u00e8 che siamo una societ\u00e0 di prenotazioni online per grandi operatori turistici in Egitto, il che ci consente di offrire prezzi molto competitivi grazie al nostro ampio volume di turisti. Prenotando con noi, ricevi un servizio di alta qualit\u00e0 senza pagare eccessivamente gli intermediari.[\/vc_toggle][vc_toggle title=&#8221;Che tipo di autobus e trasferimenti avete?&#8221; style=&#8221;square_outline&#8221; color=&#8221;sky&#8221;]Una variet\u00e0 di trasporti \u00e8 disponibile per l&#8217;uso degli organizzatori dell&#8217;evento all&#8217;interno del parco, tra cui auto, minivan e comodi autobus. Tutti i veicoli sono dotati di aria condizionata e sistemi di sicurezza. Per viaggi pi\u00f9 lunghi, vengono forniti autobus con servizi igienici. Inoltre, tutti i veicoli vengono sottoposti a regolari controlli di manutenzione e sanificazione, e possiedono le necessarie autorizzazioni turistiche. Inoltre, i conducenti vengono sottoposti a ispezioni dalla polizia turistica prima di ogni lungo viaggio.[\/vc_toggle][vc_toggle title=&#8221;Come e quando pago per il tour?&#8221; style=&#8221;square_outline&#8221; color=&#8221;sky&#8221;]Lavoriamo senza pagamento anticipato. Tutti i tour di gruppo vengono pagati sull&#8217;autobus o durante il tour stesso. Le eccezioni sono i pagamenti anticipati per i tour privati e i tour che richiedono l&#8217;acquisto di biglietti aerei o l&#8217;elaborazione di documenti. I nostri programmi principali vengono pagati direttamente durante il trasferimento o all&#8217;inizio del tour. Non \u00e8 necessario cercare qualcuno per pagare il tour. Un dipendente dell&#8217;organizzatore si avviciner\u00e0 a te. Puoi pagare in contanti in dollari USA, euro o sterline egiziane. Per la tua comodit\u00e0, offriamo anche la possibilit\u00e0 di trasferire fondi su una carta bancaria in rubli, grivnie ed euro al tasso di cambio o su un portafoglio di criptovaluta in USDT, prima del tour. Per informazioni pi\u00f9 dettagliate sui metodi di pagamento e sui rimborsi, consulta qui.[\/vc_toggle][vc_toggle title=&#8221;Hai una licenza turistica?&#8221; style=&#8221;square_outline&#8221; color=&#8221;sky&#8221;]L&#8217;Egitto \u00e8 un paese altamente regolamentato, specialmente quando si tratta di turismo. Affinch\u00e9 qualsiasi veicolo o yacht possa partire per un&#8217;escursione, \u00e8 necessario ottenere permessi giornalieri sia dalla polizia che dai militari. Se gli operatori turistici non hanno una valida licenza turistica, naturalmente non gli verranno concessi questi permessi. Ecco perch\u00e9 per alcune escursioni, potremmo richiedere copie dei vostri voucher e passaporti (questo vale per le escursioni marine a Sharm El-Sheikh, i tour privati e alcuni tour di gruppo se coinvolgono l&#8217;uscita dalla citt\u00e0. Per altre escursioni, i permessi vengono semplicemente rilasciati in base al numero di persone e non sono necessari i dettagli del passaporto).[\/vc_toggle][vc_toggle title=&#8221;Siamo assicurati durante l&#8217;escursione?&#8221; style=&#8221;square_outline&#8221; color=&#8221;sky&#8221;]<\/p>\n<p data-sourcepos=\"3:1-3:250\">Sfortunatamente, alcune guide degli hotel cercano di convincere i turisti che la loro assicurazione di viaggio \u00e8 presumibilmente invalida se prenotano escursioni con operatori turistici esterni, invece della loro stessa compagnia. Questo non \u00e8 vero.<\/p>\n<p data-sourcepos=\"5:1-5:148\">Innanzitutto, la tua assicurazione di viaggio \u00e8 valida in tutto l&#8217;Egitto, proprio come lo sarebbe se prenotassi con la compagnia di tour dell&#8217;hotel.<\/p>\n<p data-sourcepos=\"7:1-7:381\">In secondo luogo, se sei su una barca, un autobus o un altro mezzo di trasporto, l&#8217;organizzatore si assume la piena responsabilit\u00e0 assicurativa nei confronti dei passeggeri. Altrimenti, semplicemente non sarebbero in grado di ottenere un permesso per condurre attivit\u00e0 turistiche. L&#8217;Egitto ha regolamenti turistici piuttosto rigidi e sono necessari permessi prima di ogni viaggio.<\/p>\n<p>[\/vc_toggle][vc_toggle title=&#8221;Come posso recuperare un oggetto perso durante un tour?&#8221; style=&#8221;square_outline&#8221; color=&#8221;sky&#8221;]Ricordiamo sempre ai nostri ospiti di controllare attentamente di avere con s\u00e9 tutti i loro effetti personali prima di uscire dall&#8217;autobus o dallo yacht alla fine del tour. Sfortunatamente, recuperare oggetti smarriti pu\u00f2 essere piuttosto difficile a causa della partenza immediata dei veicoli per la pulizia e le complessit\u00e0 della logistica egiziana. Sebbene faremo il possibile per aiutarti a ritrovare i tuoi effetti personali, non possiamo garantire un tasso di recupero del 100%. Se riusciamo a trovare il tuo oggetto, ci sar\u00e0 una tassa di consegna di $5-10. Si prega di prestare attenzione ai propri effetti personali![\/vc_toggle][vc_toggle title=&#8221;Dovrei modificare i miei piani o aspettare per il tour?&#8221; style=&#8221;square_outline&#8221; color=&#8221;sky&#8221;]Abbiamo un significativo afflusso giornaliero di richieste di prenotazione per i nostri programmi da parte dei turisti. Di conseguenza, la maggior parte delle escursioni vengono organizzate quotidianamente o in specifici giorni della settimana seguendo un programma dettagliato fornito nella descrizione di ciascun programma. Dopo la prenotazione, ti invieremo l&#8217;ora esatta del prelievo dal tuo hotel. Molti tour saranno condotti con piccoli gruppi provenienti da vari hotel che hanno acquistato escursioni attraverso gli operatori turistici. L&#8217;unica differenza \u00e8 che i nostri prezzi sono del 40-60% pi\u00f9 bassi (i nostri organizzatori conducono tutte le principali escursioni a Hurghada e Sharm El-Sheikh per turisti di lingua russa).[\/vc_toggle][vc_toggle title=&#8221;Dove posso trovare il fotografo che ha scattato le foto durante il tour?&#8221; style=&#8221;square_outline&#8221; color=&#8221;sky&#8221;]Vorremmo informarvi che i fotografi che vi accompagnano durante le escursioni agiscono come rappresentanti indipendenti dei loro studi fotografici. Non fanno parte del nostro servizio online o del team organizzatore del programma. Tutti i termini e le condizioni relativi al servizio fotografico e al suo pagamento vengono discussi e concordati direttamente tra voi e il fotografo. Consigliamo di avvicinarsi ai pagamenti anticipati con cautela e di assicurarsi l&#8217;affidabilit\u00e0 dei servizi, nonch\u00e9 di ottenere tutte le informazioni di contatto del fotografo prima di effettuare qualsiasi pagamento.[\/vc_toggle][\/vc_column][\/vc_row][\/vc_section]<\/p>\n<\/section>","protected":false},"excerpt":{"rendered":"<ul>\n<li data-sourcepos=\"3:1-3:45\"><strong>Prezzo:<\/strong> <strong>Adulti (dai 13 anni in su)<\/strong> $100<\/li>\n<li data-sourcepos=\"4:1-4:44\"><strong>Prezzo: Bambini (dai 6 ai 12 anni)<\/strong> $50<\/li>\n<li data-sourcepos=\"5:1-5:30\"><strong>Durata stimata:<\/strong> 2 giorni<\/li>\n<li data-sourcepos=\"6:1-6:49\"><strong>Giorni della settimana:<\/strong> Mercoled\u00ec, Domenica<\/li>\n<\/ul>\n<p>&nbsp;<\/p>\n<ul>\n<li data-sourcepos=\"7:1-14:18\">Prenota in 3 minuti<\/li>\n<li data-sourcepos=\"7:1-14:18\">Nessun pagamento anticipato richiesto<\/li>\n<li data-sourcepos=\"7:1-14:18\">Trasferimento dall&#8217;hotel incluso<\/li>\n<li data-sourcepos=\"7:1-14:18\">Assicurazione in vigore<\/li>\n<li data-sourcepos=\"7:1-14:18\">Guida di lingua russa<\/li>\n<li data-sourcepos=\"7:1-14:18\">Nessuna tassa o commissione aggiuntiva<\/li>\n<li data-sourcepos=\"7:1-14:18\">Foto e recensioni reali<\/li>\n<li data-sourcepos=\"7:1-14:18\">Gestore personale<\/li>\n<\/ul>\n","protected":false},"featured_media":217,"template":"","meta":[],"product_cat":[16],"product_tag":[],"class_list":{"0":"post-59","1":"product","2":"type-product","3":"status-publish","4":"has-post-thumbnail","6":"product_cat-historical-from-hurghada","8":"first","9":"instock","10":"shipping-taxable","11":"purchasable","12":"product-type-simple"},"_links":{"self":[{"href":"https:\/\/www.starkhattabychtours.com\/it\/wp-json\/wp\/v2\/product\/59","targetHints":{"allow":["GET"]}}],"collection":[{"href":"https:\/\/www.starkhattabychtours.com\/it\/wp-json\/wp\/v2\/product"}],"about":[{"href":"https:\/\/www.starkhattabychtours.com\/it\/wp-json\/wp\/v2\/types\/product"}],"wp:featuredmedia":[{"embeddable":true,"href":"https:\/\/www.starkhattabychtours.com\/it\/wp-json\/wp\/v2\/media\/217"}],"wp:attachment":[{"href":"https:\/\/www.starkhattabychtours.com\/it\/wp-json\/wp\/v2\/media?parent=59"}],"wp:term":[{"taxonomy":"product_cat","embeddable":true,"href":"https:\/\/www.starkhattabychtours.com\/it\/wp-json\/wp\/v2\/product_cat?post=59"},{"taxonomy":"product_tag","embeddable":true,"href":"https:\/\/www.starkhattabychtours.com\/it\/wp-json\/wp\/v2\/product_tag?post=59"}],"curies":[{"name":"wp","href":"https:\/\/api.w.org\/{rel}","templated":true}]}}