{"id":60,"date":"2024-09-03T09:50:02","date_gmt":"2024-09-03T09:50:02","guid":{"rendered":"https:\/\/www.starkhattabychtours.com\/it\/?post_type=product&#038;p=60"},"modified":"2024-10-05T17:02:48","modified_gmt":"2024-10-05T17:02:48","slug":"super-cairo-no-shops-nile","status":"publish","type":"product","link":"https:\/\/www.starkhattabychtours.com\/it\/tour\/super-cairo-no-shops-nile","title":{"rendered":"Super Cairo (senza negozi + Nilo)"},"content":{"rendered":"<section class=\"wpb-content-wrapper\"><p>[vc_section][vc_row][vc_column width=&#8221;1\/2&#8243;][vc_column_text]<\/p>\n<h3 data-sourcepos=\"3:1-4:155\">Un programma unico del Cairo a un prezzo imbattibile!<\/h3>\n<p data-sourcepos=\"3:1-4:155\">Abbiamo eliminato tutte le fermate per lo shopping e inserito tutte le attrazioni da non perdere, inclusa una crociera sul Nilo &#8211; tutto incluso nel prezzo!<\/p>\n<p data-sourcepos=\"5:1-5:172\">Non solo le famose Piramidi, la Sfinge e il Museo Nazionale ti aspettano, ma anche l&#8217;architettura cristiana unica, costruita in vari periodi storici di questo antico paese.<\/p>\n<p data-sourcepos=\"7:1-7:358\">La parte cristiana include diversi luoghi collegati al volo della Sacra Famiglia. Puoi entrare in tutti. Passerai anche dalla parte musulmana &#8211; una moschea, attualmente in fase di ricostruzione, originariamente costruita nel 642, come centro cultuale della prima capitale araba dell&#8217;Egitto ed \u00e8 la prima moschea di tutta l&#8217;Africa (puoi vederla dall&#8217;autobus).<\/p>\n<p data-sourcepos=\"9:1-9:83\">Puoi visitare l&#8217;escursione in aereo &#8211; per $190, senza un lungo viaggio in autobus.<\/p>\n<p>[\/vc_column_text][\/vc_column][vc_column width=&#8221;1\/2&#8243;][vc_images_carousel images=&#8221;665,664,663,662&#8243; img_size=&#8221;full&#8221; onclick=&#8221;link_no&#8221; autoplay=&#8221;yes&#8221; wrap=&#8221;yes&#8221;][\/vc_column][\/vc_row][\/vc_section][vc_section][vc_row][vc_column][\/vc_column][\/vc_row][\/vc_section][vc_section][vc_row][vc_column width=&#8221;1\/2&#8243;][vc_column_text]<\/p>\n<h2 data-sourcepos=\"5:1-5:42\"><strong>Cosa \u00e8 incluso nel programma del tour:<\/strong><\/h2>\n<ul data-sourcepos=\"7:1-15:0\">\n<li data-sourcepos=\"7:1-7:150\">Partenza: intorno all&#8217;1:00 AM, a seconda della posizione del tuo hotel (il viaggio al Cairo dura circa 8 ore, a seconda delle scorte della polizia);<\/li>\n<li data-sourcepos=\"8:1-8:47\">Piramidi di Giza: Cheope, Chefren e Micerino;<\/li>\n<li data-sourcepos=\"9:1-9:16\">Grande Sfinge;<\/li>\n<li data-sourcepos=\"10:1-10:137\">Museo Egizio: il pi\u00f9 grande museo di antichi artefatti egizi al mondo, con circa 160.000 mostre di tutti i periodi della storia egizia;<\/li>\n<li data-sourcepos=\"11:1-11:46\">Crociera sul Nilo in barca: circa 25 minuti;<\/li>\n<li data-sourcepos=\"12:1-12:271\">Passeggiata nella vecchia parte cristiana del Cairo: inclusa la &#8220;Chiesa Sospesa&#8221;, la Chiesa di Abu Serga, la moschea di Amr o altre (possono variare leggermente a seconda del tempo disponibile; ci sono oltre 30 chiese in questa parte del Cairo, e 2-3 vengono visitate);<\/li>\n<li data-sourcepos=\"13:1-13:19\">Pranzo: a buffet;<\/li>\n<li data-sourcepos=\"14:1-15:0\">Ritorno all&#8217;hotel intorno alle 23:00 (partenza dal Cairo intorno alle 16:00-17:00. A volte il ritorno potrebbe essere pi\u00f9 tardi, a seconda della situazione stradale e dei controlli della polizia).<\/li>\n<\/ul>\n<p data-sourcepos=\"16:1-16:120\">Si prega di notare che l&#8217;ordine del programma pu\u00f2 variare a seconda della guida e del flusso turistico nelle attrazioni.<\/p>\n<h2 data-sourcepos=\"18:1-18:20\"><strong>Note aggiuntive:<\/strong><\/h2>\n<ul data-sourcepos=\"20:1-24:90\">\n<li data-sourcepos=\"20:1-20:134\">Il tour include uno sguardo completo all&#8217;antico Egitto, dalle iconiche piramidi e la sfinge alle ricche collezioni del Museo Egizio.<\/li>\n<li data-sourcepos=\"21:1-21:118\">Il tour offre anche uno sguardo alla ricca storia del Cairo con una visita alla vecchia parte cristiana della citt\u00e0.<\/li>\n<li data-sourcepos=\"22:1-22:39\">La durata del tour \u00e8 di circa 20 ore.<\/li>\n<li data-sourcepos=\"23:1-23:28\">Il tour include il pranzo.<\/li>\n<li data-sourcepos=\"24:1-24:90\">Il tour \u00e8 soggetto a modifiche a seconda del traffico e di altre circostanze impreviste.<\/li>\n<\/ul>\n<p>[\/vc_column_text][\/vc_column][vc_column width=&#8221;1\/2&#8243;][vc_column_text]<\/p>\n<div class=\"presented-response-container ng-tns-c1254682528-856\">\n<div class=\"response-container-content ng-tns-c1254682528-856 tunable-selection-with-avatar\">\n<div class=\"response-content ng-tns-c1254682528-856\">\n<div class=\"markdown markdown-main-panel\" dir=\"ltr\">\n<h2 data-sourcepos=\"3:1-3:32\"><strong>Incluso nel prezzo del tour:<\/strong><\/h2>\n<ul data-sourcepos=\"5:1-12:0\">\n<li data-sourcepos=\"5:1-5:47\">Tutti i biglietti d&#8217;ingresso alle attrazioni;<\/li>\n<li data-sourcepos=\"6:1-6:20\">Pranzo (a buffet);<\/li>\n<li data-sourcepos=\"7:1-7:39\">Servizi di una guida di lingua russa;<\/li>\n<li data-sourcepos=\"8:1-8:20\">Crociera sul Nilo;<\/li>\n<li data-sourcepos=\"9:1-12:0\">Trasporto all&#8217;interno di Hurghada (Aree El Gouna, Sahl Hasheesh e Makadi Bay: sovrapprezzo di $10* andata e ritorno per auto fino a 6 persone. Aree Soma Bay e Safaga: sovrapprezzo di $20* andata e ritorno. *Il prezzo \u00e8 indicato per una prenotazione andata e ritorno, fino a 6 persone. Il trasferimento pu\u00f2 essere di gruppo).<\/li>\n<\/ul>\n<h2 data-sourcepos=\"13:1-13:36\"><strong>Non incluso nel prezzo del tour:<\/strong><\/h2>\n<ul data-sourcepos=\"15:1-16:35\">\n<li data-sourcepos=\"15:1-15:28\">Bevande durante il pranzo.<\/li>\n<li data-sourcepos=\"16:1-16:35\">Bambini fino a 5 anni &#8211; Gratuito.<\/li>\n<\/ul>\n<\/div>\n<div class=\"skeleton-loader-container\"><\/div>\n<div class=\"response-footer gap complete\"><\/div>\n<\/div>\n<\/div>\n<\/div>\n<div class=\"response-container-footer ng-tns-c1254682528-856\">\n<div class=\"actions-container-v2 ng-star-inserted\">\n<div class=\"buttons-container-v2 ng-star-inserted\">\n<div class=\"thumbs-up-animation-container\" hidden=\"\"><\/div>\n<div class=\"thumbs-down-animation-container\" hidden=\"\"><\/div>\n<div class=\"menu-button-wrapper ng-star-inserted\"><\/div>\n<p>&nbsp;<\/p>\n<div class=\"menu-button-wrapper ng-star-inserted\">\n<div class=\"more-menu-button-container ng-star-inserted\"><\/div>\n<\/div>\n<div class=\"spacer ng-star-inserted\"><\/div>\n<\/div>\n<\/div>\n<\/div>\n<p>[\/vc_column_text][\/vc_column][\/vc_row][vc_row][vc_column][vc_column_text]<\/p>\n<div class=\"presented-response-container ng-tns-c1254682528-864\">\n<div class=\"response-container-content ng-tns-c1254682528-864 tunable-selection-with-avatar\">\n<div class=\"response-content ng-tns-c1254682528-864\">\n<div class=\"markdown markdown-main-panel\" dir=\"ltr\">\n<h2 data-sourcepos=\"5:1-5:28\"><strong>Informazioni aggiuntive:<\/strong><\/h2>\n<ul data-sourcepos=\"7:1-10:209\">\n<li data-sourcepos=\"7:1-7:128\">Trasporto: un autobus confortevole con due conducenti, sicurezza, aria condizionata e una toilette ti trasporter\u00e0 da Hurghada.<\/li>\n<li data-sourcepos=\"8:1-8:235\">Vendite da parte delle guide: si prega di notare che le guide turistiche potrebbero offrire prodotti in vendita. Questa \u00e8 una pratica comune in Egitto. Il nostro servizio online non controlla la qualit\u00e0 o i prezzi di questi articoli.<\/li>\n<li data-sourcepos=\"9:1-9:462\">Toilette dell&#8217;autobus: per evitare possibili odori, la toilette dell&#8217;autobus pu\u00f2 essere chiusa dall&#8217;autista sotto il pretesto di un malfunzionamento. Consigliamo di utilizzare i servizi igienici alle fermate e vicino alle attrazioni. Il costo \u00e8 di circa 10-20 sterline egiziane; la toilette \u00e8 gratuita alle fermate per il pranzo. In caso di necessit\u00e0 urgente e toilette chiusa sull&#8217;autobus, si prega di contattare il nostro reparto prenotazioni per assistenza.<\/li>\n<li data-sourcepos=\"10:1-10:209\">Piramide di Khufu: l&#8217;ingresso alla Piramide di Khufu non \u00e8 incluso nel prezzo. Se desideri entrare (e se il tempo lo permette), puoi acquistare un biglietto all&#8217;ingresso per 1000 sterline egiziane (~$30-35).<\/li>\n<\/ul>\n<\/div>\n<div class=\"skeleton-loader-container\"><\/div>\n<div class=\"response-footer gap complete\"><\/div>\n<\/div>\n<\/div>\n<\/div>\n<div class=\"response-container-footer ng-tns-c1254682528-864\">\n<div class=\"actions-container-v2 ng-star-inserted\">\n<div class=\"buttons-container-v2 ng-star-inserted\">\n<div class=\"thumbs-up-animation-container\" hidden=\"\"><\/div>\n<div class=\"thumbs-down-animation-container\" hidden=\"\"><\/div>\n<div class=\"menu-button-wrapper ng-star-inserted\"><\/div>\n<div class=\"menu-button-wrapper ng-star-inserted\">\n<div class=\"more-menu-button-container ng-star-inserted\"><\/div>\n<\/div>\n<div class=\"spacer ng-star-inserted\"><\/div>\n<\/div>\n<\/div>\n<\/div>\n<p>[\/vc_column_text][\/vc_column][\/vc_row][\/vc_section][vc_section][vc_row][vc_column]<div id=\"kapee-header-31720\" class=\"kapee-element kapee-heading text-left kapee-width-100 separator-none separator-between-heading\">\t\n\t\t\t\n\t\t\t<div class=\"heading-wrap\">\n\t\t\t<span class=\"separator-left\"><\/span>\n\t\t\t<h2 class=\"heading-title\">Domande frequenti (FAQ): <\/h2>\t\t\t<span class=\"separator-right\"><\/span>\n\t\t\t\t\t<\/div>\n\t\t\n    <\/div>[vc_toggle title=&#8221;Il vostro prezzo \u00e8 cos\u00ec basso&#8230; Probabilmente state facendo un servizio di bassa qualit\u00e0?&#8221; style=&#8221;square_outline&#8221; color=&#8221;sky&#8221;]Offriamo davvero alcuni dei prezzi pi\u00f9 bassi mantenendo un alto livello di servizio. Il motivo \u00e8 che siamo una societ\u00e0 di prenotazioni online per grandi operatori turistici in Egitto, il che ci consente di offrire prezzi molto competitivi grazie al nostro ampio volume di turisti. Prenotando con noi, ricevi un servizio di alta qualit\u00e0 senza pagare eccessivamente gli intermediari.[\/vc_toggle][vc_toggle title=&#8221;Che tipo di autobus e trasferimenti avete?&#8221; style=&#8221;square_outline&#8221; color=&#8221;sky&#8221;]Una variet\u00e0 di trasporti \u00e8 disponibile per l&#8217;uso degli organizzatori dell&#8217;evento all&#8217;interno del parco, tra cui auto, minivan e comodi autobus. Tutti i veicoli sono dotati di aria condizionata e sistemi di sicurezza. Per viaggi pi\u00f9 lunghi, vengono forniti autobus con servizi igienici. Inoltre, tutti i veicoli vengono sottoposti a regolari controlli di manutenzione e sanificazione, e possiedono le necessarie autorizzazioni turistiche. Inoltre, i conducenti vengono sottoposti a ispezioni dalla polizia turistica prima di ogni lungo viaggio.[\/vc_toggle][vc_toggle title=&#8221;Come e quando pago per il tour?&#8221; style=&#8221;square_outline&#8221; color=&#8221;sky&#8221;]Lavoriamo senza pagamento anticipato. Tutti i tour di gruppo vengono pagati sull&#8217;autobus o durante il tour stesso. Le eccezioni sono i pagamenti anticipati per i tour privati e i tour che richiedono l&#8217;acquisto di biglietti aerei o l&#8217;elaborazione di documenti. I nostri programmi principali vengono pagati direttamente durante il trasferimento o all&#8217;inizio del tour. Non \u00e8 necessario cercare qualcuno per pagare il tour. Un dipendente dell&#8217;organizzatore si avviciner\u00e0 a te. Puoi pagare in contanti in dollari USA, euro o sterline egiziane. Per la tua comodit\u00e0, offriamo anche la possibilit\u00e0 di trasferire fondi su una carta bancaria in rubli, grivnie ed euro al tasso di cambio o su un portafoglio di criptovaluta in USDT, prima del tour. Per informazioni pi\u00f9 dettagliate sui metodi di pagamento e sui rimborsi, consulta qui.[\/vc_toggle][vc_toggle title=&#8221;Hai una licenza turistica?&#8221; style=&#8221;square_outline&#8221; color=&#8221;sky&#8221;]L&#8217;Egitto \u00e8 un paese altamente regolamentato, specialmente quando si tratta di turismo. Affinch\u00e9 qualsiasi veicolo o yacht possa partire per un&#8217;escursione, \u00e8 necessario ottenere permessi giornalieri sia dalla polizia che dai militari. Se gli operatori turistici non hanno una valida licenza turistica, naturalmente non gli verranno concessi questi permessi. Ecco perch\u00e9 per alcune escursioni, potremmo richiedere copie dei vostri voucher e passaporti (questo vale per le escursioni marine a Sharm El-Sheikh, i tour privati e alcuni tour di gruppo se coinvolgono l&#8217;uscita dalla citt\u00e0. Per altre escursioni, i permessi vengono semplicemente rilasciati in base al numero di persone e non sono necessari i dettagli del passaporto).[\/vc_toggle][vc_toggle title=&#8221;Siamo assicurati durante l&#8217;escursione?&#8221; style=&#8221;square_outline&#8221; color=&#8221;sky&#8221;]<\/p>\n<p data-sourcepos=\"3:1-3:250\">Sfortunatamente, alcune guide degli hotel cercano di convincere i turisti che la loro assicurazione di viaggio \u00e8 presumibilmente invalida se prenotano escursioni con operatori turistici esterni, invece della loro stessa compagnia. Questo non \u00e8 vero.<\/p>\n<p data-sourcepos=\"5:1-5:148\">Innanzitutto, la tua assicurazione di viaggio \u00e8 valida in tutto l&#8217;Egitto, proprio come lo sarebbe se prenotassi con la compagnia di tour dell&#8217;hotel.<\/p>\n<p data-sourcepos=\"7:1-7:381\">In secondo luogo, se sei su una barca, un autobus o un altro mezzo di trasporto, l&#8217;organizzatore si assume la piena responsabilit\u00e0 assicurativa nei confronti dei passeggeri. Altrimenti, semplicemente non sarebbero in grado di ottenere un permesso per condurre attivit\u00e0 turistiche. L&#8217;Egitto ha regolamenti turistici piuttosto rigidi e sono necessari permessi prima di ogni viaggio.<\/p>\n<p>[\/vc_toggle][vc_toggle title=&#8221;Come posso recuperare un oggetto perso durante un tour?&#8221; style=&#8221;square_outline&#8221; color=&#8221;sky&#8221;]Ricordiamo sempre ai nostri ospiti di controllare attentamente di avere con s\u00e9 tutti i loro effetti personali prima di uscire dall&#8217;autobus o dallo yacht alla fine del tour. Sfortunatamente, recuperare oggetti smarriti pu\u00f2 essere piuttosto difficile a causa della partenza immediata dei veicoli per la pulizia e le complessit\u00e0 della logistica egiziana. Sebbene faremo il possibile per aiutarti a ritrovare i tuoi effetti personali, non possiamo garantire un tasso di recupero del 100%. Se riusciamo a trovare il tuo oggetto, ci sar\u00e0 una tassa di consegna di $5-10. Si prega di prestare attenzione ai propri effetti personali![\/vc_toggle][vc_toggle title=&#8221;Dovrei modificare i miei piani o aspettare per il tour?&#8221; style=&#8221;square_outline&#8221; color=&#8221;sky&#8221;]Abbiamo un significativo afflusso giornaliero di richieste di prenotazione per i nostri programmi da parte dei turisti. Di conseguenza, la maggior parte delle escursioni vengono organizzate quotidianamente o in specifici giorni della settimana seguendo un programma dettagliato fornito nella descrizione di ciascun programma. Dopo la prenotazione, ti invieremo l&#8217;ora esatta del prelievo dal tuo hotel. Molti tour saranno condotti con piccoli gruppi provenienti da vari hotel che hanno acquistato escursioni attraverso gli operatori turistici. L&#8217;unica differenza \u00e8 che i nostri prezzi sono del 40-60% pi\u00f9 bassi (i nostri organizzatori conducono tutte le principali escursioni a Hurghada e Sharm El-Sheikh per turisti di lingua russa).[\/vc_toggle][vc_toggle title=&#8221;Dove posso trovare il fotografo che ha scattato le foto durante il tour?&#8221; style=&#8221;square_outline&#8221; color=&#8221;sky&#8221;]Vorremmo informarvi che i fotografi che vi accompagnano durante le escursioni agiscono come rappresentanti indipendenti dei loro studi fotografici. Non fanno parte del nostro servizio online o del team organizzatore del programma. Tutti i termini e le condizioni relativi al servizio fotografico e al suo pagamento vengono discussi e concordati direttamente tra voi e il fotografo. Consigliamo di avvicinarsi ai pagamenti anticipati con cautela e di assicurarsi l&#8217;affidabilit\u00e0 dei servizi, nonch\u00e9 di ottenere tutte le informazioni di contatto del fotografo prima di effettuare qualsiasi pagamento.[\/vc_toggle][\/vc_column][\/vc_row][\/vc_section]<\/p>\n<\/section>","protected":false},"excerpt":{"rendered":"<ul>\n<li data-sourcepos=\"3:1-3:44\"><strong>Prezzo:<\/strong> <strong>Adulti (dai 13 anni in su)<\/strong> $45<\/li>\n<li data-sourcepos=\"4:1-4:44\"><strong>Prezzo:<\/strong> <strong>Bambini (dai 6 ai 12 anni)<\/strong> $23<\/li>\n<li data-sourcepos=\"5:1-5:35\"><strong>Durata approssimativa:<\/strong> 22 ore<\/li>\n<li data-sourcepos=\"6:1-6:56\"><strong>Giorni della settimana:<\/strong> Marted\u00ec, Mercoled\u00ec, Sabato<\/li>\n<\/ul>\n<p>&nbsp;<\/p>\n<ul>\n<li data-sourcepos=\"6:1-13:18\">Prenota in 3 minuti<\/li>\n<li data-sourcepos=\"6:1-13:18\">Nessun pagamento anticipato<\/li>\n<li data-sourcepos=\"6:1-13:18\">Pick-up dall&#8217;hotel<\/li>\n<li data-sourcepos=\"6:1-13:18\">Assicurazione inclusa<\/li>\n<li data-sourcepos=\"6:1-13:18\">Guida di lingua inglese<\/li>\n<li data-sourcepos=\"6:1-13:18\">Nessuna tassa o commissione aggiuntiva<\/li>\n<li data-sourcepos=\"6:1-13:18\">Foto e recensioni reali<\/li>\n<li data-sourcepos=\"6:1-13:18\">Gestore personale<\/li>\n<\/ul>\n","protected":false},"featured_media":219,"template":"","meta":[],"product_cat":[16],"product_tag":[],"class_list":{"0":"post-60","1":"product","2":"type-product","3":"status-publish","4":"has-post-thumbnail","6":"product_cat-historical-from-hurghada","8":"first","9":"instock","10":"shipping-taxable","11":"purchasable","12":"product-type-simple"},"_links":{"self":[{"href":"https:\/\/www.starkhattabychtours.com\/it\/wp-json\/wp\/v2\/product\/60","targetHints":{"allow":["GET"]}}],"collection":[{"href":"https:\/\/www.starkhattabychtours.com\/it\/wp-json\/wp\/v2\/product"}],"about":[{"href":"https:\/\/www.starkhattabychtours.com\/it\/wp-json\/wp\/v2\/types\/product"}],"wp:featuredmedia":[{"embeddable":true,"href":"https:\/\/www.starkhattabychtours.com\/it\/wp-json\/wp\/v2\/media\/219"}],"wp:attachment":[{"href":"https:\/\/www.starkhattabychtours.com\/it\/wp-json\/wp\/v2\/media?parent=60"}],"wp:term":[{"taxonomy":"product_cat","embeddable":true,"href":"https:\/\/www.starkhattabychtours.com\/it\/wp-json\/wp\/v2\/product_cat?post=60"},{"taxonomy":"product_tag","embeddable":true,"href":"https:\/\/www.starkhattabychtours.com\/it\/wp-json\/wp\/v2\/product_tag?post=60"}],"curies":[{"name":"wp","href":"https:\/\/api.w.org\/{rel}","templated":true}]}}