{"id":61,"date":"2024-09-03T09:57:55","date_gmt":"2024-09-03T09:57:55","guid":{"rendered":"https:\/\/www.starkhattabychtours.com\/it\/?post_type=product&#038;p=61"},"modified":"2024-10-05T17:08:03","modified_gmt":"2024-10-05T17:08:03","slug":"cairo-pyramids-nile-walk-free","status":"publish","type":"product","link":"https:\/\/www.starkhattabychtours.com\/it\/tour\/cairo-pyramids-nile-walk-free","title":{"rendered":"Il Cairo + Piramidi (Passeggiata sul Nilo &#8211; gratuita)"},"content":{"rendered":"<section class=\"wpb-content-wrapper\"><p>[vc_section][vc_row][vc_column width=&#8221;1\/2&#8243;][vc_column_text]<\/p>\n<p data-sourcepos=\"3:1-3:334\">Il Cairo, le Piramidi, il Museo Egizio \u00e8 un&#8217;escursione popolare che ti permetter\u00e0 di conoscere la cultura e la storia dell&#8217;antico Egitto, vedere le sorprendenti piramidi e visitare il Museo Egizio o le parti islamica e cristiana della citt\u00e0 vecchia. Questo \u00e8 un percorso turistico molto popolare offerto da molti operatori turistici.<\/p>\n<p data-sourcepos=\"7:1-7:107\">Testimone della grandiosit\u00e0 dell&#8217;architettura antica e sentiti sminuito da queste impressionanti strutture.<\/p>\n<p data-sourcepos=\"9:1-9:235\">Il Museo Egizio, situato nel cuore del Cairo, ospita oltre 120.000 artefatti, tra cui il famoso tesoro di Tutankhamon. Approfondisci l&#8217;affascinante storia dell&#8217;antico Egitto, imparando sulle vite, i rituali e le tradizioni dei faraoni.<\/p>\n<p data-sourcepos=\"11:1-11:317\">Il Cairo, la capitale dell&#8217;Egitto situata sulle rive del fiume Nilo, \u00e8 la citt\u00e0 pi\u00f9 grande dell&#8217;Africa e la tredicesima pi\u00f9 popolata al mondo. Il suo paesaggio urbano \u00e8 una splendida combinazione di antiche strutture faraoniche, antichi monumenti cristiani egizi e magnifici esempi di architettura islamica medievale.<\/p>\n<p>[\/vc_column_text][\/vc_column][vc_column width=&#8221;1\/2&#8243;][vc_images_carousel images=&#8221;668,667,666&#8243; img_size=&#8221;full&#8221; onclick=&#8221;link_no&#8221; autoplay=&#8221;yes&#8221; wrap=&#8221;yes&#8221;][\/vc_column][\/vc_row][vc_row][vc_column][vc_column_text]Scegli tra un programma che presenta il Museo Egizio Nazionale o uno che include visite a luoghi di interesse cristiani come la Chiesa Sospesa e la Chiesa di Abu Serga.[\/vc_column_text][\/vc_column][\/vc_row][vc_row][vc_column width=&#8221;1\/2&#8243;][vc_column_text]<\/p>\n<h3 data-sourcepos=\"5:1-5:45\">Ti offriamo due programmi tra cui scegliere:<\/h3>\n<ul data-sourcepos=\"7:1-13:114\">\n<li data-sourcepos=\"7:1-7:98\">Programma #1, Economy = $35, bambini $18 (Nessun museo, ma include la parte cristiana del Cairo)<\/li>\n<li data-sourcepos=\"8:1-8:48\">Giorni del viaggio: Marted\u00ec, Mercoled\u00ec, Sabato<\/li>\n<li data-sourcepos=\"9:1-9:93\">Programma #2, Standard = $40, bambini $20 (Con museo, ma nessuna parte cristiana del Cairo)<\/li>\n<li data-sourcepos=\"10:1-10:32\">Giorni del viaggio: Quotidiano<\/li>\n<li data-sourcepos=\"11:1-11:157\">Inoltre, puoi combinare entrambi i programmi sopra e fare un tour senza visitare negozi, che include una crociera sul Nilo &#8211; per soli $45. Descrizione qui.<\/li>\n<li data-sourcepos=\"12:1-12:106\">\u00c8 possibile un tour privato a partire da $47. Vedi i dettagli nella sezione &#8220;Individuale&#8221;. O clicca qui.<\/li>\n<li data-sourcepos=\"13:1-13:114\">C&#8217;\u00e8 anche l&#8217;opportunit\u00e0 di fare un tour in aereo &#8211; per $190, senza un lungo viaggio in autobus, descrizione qui<\/li>\n<\/ul>\n<p>[\/vc_column_text][\/vc_column][vc_column width=&#8221;1\/2&#8243;][vc_column_text]<\/p>\n<p data-sourcepos=\"5:1-5:42\"><strong>Cosa \u00e8 incluso nel programma del tour:<\/strong><\/p>\n<ul data-sourcepos=\"7:1-14:194\">\n<li data-sourcepos=\"7:1-7:149\">Partenza intorno all&#8217;1:00 AM, a seconda della posizione del tuo hotel (il viaggio al Cairo dura circa 8 ore, a seconda delle scorte della polizia);<\/li>\n<li data-sourcepos=\"8:1-8:86\">Parti islamica e cristiana del Cairo (Punto #1) \/ Museo Egizio Nazionale (Punto #2);<\/li>\n<li data-sourcepos=\"9:1-9:19\">La Grande Sfinge;<\/li>\n<li data-sourcepos=\"10:1-10:48\">Le Piramidi di Giza (Khufu, Khafre, Menkaure);<\/li>\n<li data-sourcepos=\"11:1-11:60\">Istituto del Papiro e fabbrica di olio (area commerciale);<\/li>\n<li data-sourcepos=\"12:1-12:181\">Crociera sul Nilo in motoscafo (opzionale, tariffa aggiuntiva di $10, pagabile direttamente alla guida sull&#8217;autobus \u2013 Gratuito durante la promozione menzionata sopra al Punto #1);<\/li>\n<li data-sourcepos=\"13:1-13:20\">Pranzo (a buffet);<\/li>\n<li data-sourcepos=\"14:1-14:194\">Ritorno all&#8217;hotel entro le 23:00 (partenza dal Cairo intorno alle 16:00-17:00. A volte il ritorno potrebbe essere pi\u00f9 tardi, a seconda della situazione stradale e dei controlli della polizia).<\/li>\n<\/ul>\n<p>[\/vc_column_text][\/vc_column][\/vc_row][vc_row][vc_column][vc_column_text]<\/p>\n<h2 data-sourcepos=\"3:1-3:32\"><strong>Incluso nel prezzo del tour:<\/strong><\/h2>\n<ul data-sourcepos=\"5:1-11:0\">\n<li data-sourcepos=\"5:1-5:47\">Tutti i biglietti d&#8217;ingresso alle attrazioni;<\/li>\n<li data-sourcepos=\"6:1-6:20\">Pranzo (a buffet);<\/li>\n<li data-sourcepos=\"7:1-7:39\">Servizi di una guida di lingua russa;<\/li>\n<li data-sourcepos=\"8:1-11:0\">Trasporto all&#8217;interno di Hurghada (Aree El Gouna, Sahl Hasheesh e Makadi Bay: sovrapprezzo di $10* andata e ritorno per auto fino a 6 persone. Aree Soma Bay e Safaga: sovrapprezzo di $20* andata e ritorno. *Il prezzo \u00e8 indicato per una prenotazione andata e ritorno, fino a 6 persone. Il trasferimento pu\u00f2 essere di gruppo).<\/li>\n<\/ul>\n<h2 data-sourcepos=\"12:1-12:36\"><strong>Non incluso nel prezzo del tour:<\/strong><\/h2>\n<ul data-sourcepos=\"14:1-16:35\">\n<li data-sourcepos=\"14:1-14:103\">Crociera sul Nilo (opzionale in loco per $10 &#8211; gratuita durante la promozione menzionata al punto 1);<\/li>\n<li data-sourcepos=\"15:1-15:28\">Bevande durante il pranzo.<\/li>\n<li data-sourcepos=\"16:1-16:35\">Bambini fino a 5 anni &#8211; Gratuito.<\/li>\n<\/ul>\n<p>[\/vc_column_text][vc_column_text]<\/p>\n<h2 data-sourcepos=\"5:1-5:28\"><strong>Informazioni aggiuntive:<\/strong><\/h2>\n<ul data-sourcepos=\"7:1-14:301\">\n<li data-sourcepos=\"7:1-7:128\">Trasporto: un autobus confortevole con due conducenti, sicurezza, aria condizionata e una toilette ti trasporter\u00e0 da Hurghada.<\/li>\n<li data-sourcepos=\"8:1-8:218\">Ingresso alla Piramide: l&#8217;ingresso alla Grande Piramide di Khufu non \u00e8 incluso nel prezzo. Se desideri entrare (e se il tempo lo permette), puoi acquistare un biglietto all&#8217;ingresso per 1000 sterline egiziane (~$20).<\/li>\n<li data-sourcepos=\"9:1-9:271\">Crociera sul Nilo: i turisti che non prenotano una crociera sul Nilo con la guida aspetteranno sull&#8217;autobus durante questo periodo (secondo i regolamenti turistici locali). Le crociere sul Nilo possono essere acquistate in loco con un supplemento, pagabile in contanti.<\/li>\n<li data-sourcepos=\"10:1-10:235\">Vendite da parte delle guide: si prega di notare che le guide turistiche potrebbero offrire articoli in vendita. Questa \u00e8 una pratica comune in Egitto. Il nostro servizio online non controlla la qualit\u00e0 o i prezzi di questi articoli.<\/li>\n<li data-sourcepos=\"11:1-11:421\">Toilette: per evitare odori, la toilette sull&#8217;autobus pu\u00f2 essere chiusa dall&#8217;autista per motivi tecnici. Consigliamo di utilizzare i servizi igienici alle fermate e vicino alle attrazioni (costo: circa 10-20 sterline egiziane). I servizi igienici sono gratuiti alle fermate per il pranzo. In caso di necessit\u00e0 urgente e toilette chiusa sull&#8217;autobus, si prega di contattare il nostro reparto prenotazioni per assistenza.<\/li>\n<li data-sourcepos=\"12:1-12:591\">Giorni raccomandati: i marted\u00ec, i mercoled\u00ec e i sabati sono raccomandati per entrambi i programmi (1 e 2). In questi giorni, i gruppi sono principalmente di lingua russa e la crociera sul Nilo per il Programma 1 \u00e8 gratuita. Si prega di notare che se il Programma 1 non ha un gruppo completo (il che \u00e8 raro), i turisti di entrambi i programmi potrebbero essere combinati in un unico autobus e potrebbero aspettare i partecipanti al Programma 2 nel caff\u00e8 del Museo Nazionale. In alternativa, potrebbe essere necessario pagare alla guida un supplemento di $10 per il museo e $1 per le cuffie.<\/li>\n<li data-sourcepos=\"13:1-13:329\">Altri giorni: luned\u00ec, gioved\u00ec, venerd\u00ec e domenica potrebbero esserci turisti europei con la propria guida. La crociera sul Nilo per il Programma 1 \u00e8 a pagamento extra e l&#8217;organizzazione generale del tour potrebbe essere leggermente inferiore. La guida per i gruppi di lingua russa \u00e8 di lingua russa. Il prezzo rimane invariato.<\/li>\n<li data-sourcepos=\"14:1-14:301\">Importante: ci sono solo tre operatori turistici in Egitto che offrono escursioni al Cairo, ma operano in giorni diversi della settimana. Collaboriamo con tutti loro e non possiamo sempre scegliere. Ti informiamo in anticipo sui giorni raccomandati affinch\u00e9 tu possa godere al massimo del programma.<\/li>\n<\/ul>\n<p>[\/vc_column_text][\/vc_column][\/vc_row][\/vc_section][vc_section][vc_row][vc_column]<div id=\"kapee-header-95883\" class=\"kapee-element kapee-heading text-left kapee-width-100 separator-none separator-between-heading\">\t\n\t\t\t\n\t\t\t<div class=\"heading-wrap\">\n\t\t\t<span class=\"separator-left\"><\/span>\n\t\t\t<h2 class=\"heading-title\">Domande frequenti (FAQ): <\/h2>\t\t\t<span class=\"separator-right\"><\/span>\n\t\t\t\t\t<\/div>\n\t\t\n    <\/div>[vc_toggle title=&#8221;Il vostro prezzo \u00e8 cos\u00ec basso&#8230; Probabilmente state facendo un servizio di bassa qualit\u00e0?&#8221; style=&#8221;square_outline&#8221; color=&#8221;sky&#8221;]Offriamo davvero alcuni dei prezzi pi\u00f9 bassi mantenendo un alto livello di servizio. Il motivo \u00e8 che siamo una societ\u00e0 di prenotazioni online per grandi operatori turistici in Egitto, il che ci consente di offrire prezzi molto competitivi grazie al nostro ampio volume di turisti. Prenotando con noi, ricevi un servizio di alta qualit\u00e0 senza pagare eccessivamente gli intermediari.[\/vc_toggle][vc_toggle title=&#8221;Che tipo di autobus e trasferimenti avete?&#8221; style=&#8221;square_outline&#8221; color=&#8221;sky&#8221;]Una variet\u00e0 di trasporti \u00e8 disponibile per l&#8217;uso degli organizzatori dell&#8217;evento all&#8217;interno del parco, tra cui auto, minivan e comodi autobus. Tutti i veicoli sono dotati di aria condizionata e sistemi di sicurezza. Per viaggi pi\u00f9 lunghi, vengono forniti autobus con servizi igienici. Inoltre, tutti i veicoli vengono sottoposti a regolari controlli di manutenzione e sanificazione, e possiedono le necessarie autorizzazioni turistiche. Inoltre, i conducenti vengono sottoposti a ispezioni dalla polizia turistica prima di ogni lungo viaggio.[\/vc_toggle][vc_toggle title=&#8221;Come e quando pago per il tour?&#8221; style=&#8221;square_outline&#8221; color=&#8221;sky&#8221;]Lavoriamo senza pagamento anticipato. Tutti i tour di gruppo vengono pagati sull&#8217;autobus o durante il tour stesso. Le eccezioni sono i pagamenti anticipati per i tour privati e i tour che richiedono l&#8217;acquisto di biglietti aerei o l&#8217;elaborazione di documenti. I nostri programmi principali vengono pagati direttamente durante il trasferimento o all&#8217;inizio del tour. Non \u00e8 necessario cercare qualcuno per pagare il tour. Un dipendente dell&#8217;organizzatore si avviciner\u00e0 a te. Puoi pagare in contanti in dollari USA, euro o sterline egiziane. Per la tua comodit\u00e0, offriamo anche la possibilit\u00e0 di trasferire fondi su una carta bancaria in rubli, grivnie ed euro al tasso di cambio o su un portafoglio di criptovaluta in USDT, prima del tour. Per informazioni pi\u00f9 dettagliate sui metodi di pagamento e sui rimborsi, consulta qui.[\/vc_toggle][vc_toggle title=&#8221;Hai una licenza turistica?&#8221; style=&#8221;square_outline&#8221; color=&#8221;sky&#8221;]L&#8217;Egitto \u00e8 un paese altamente regolamentato, specialmente quando si tratta di turismo. Affinch\u00e9 qualsiasi veicolo o yacht possa partire per un&#8217;escursione, \u00e8 necessario ottenere permessi giornalieri sia dalla polizia che dai militari. Se gli operatori turistici non hanno una valida licenza turistica, naturalmente non gli verranno concessi questi permessi. Ecco perch\u00e9 per alcune escursioni, potremmo richiedere copie dei vostri voucher e passaporti (questo vale per le escursioni marine a Sharm El-Sheikh, i tour privati e alcuni tour di gruppo se coinvolgono l&#8217;uscita dalla citt\u00e0. Per altre escursioni, i permessi vengono semplicemente rilasciati in base al numero di persone e non sono necessari i dettagli del passaporto).[\/vc_toggle][vc_toggle title=&#8221;Siamo assicurati durante l&#8217;escursione?&#8221; style=&#8221;square_outline&#8221; color=&#8221;sky&#8221;]<\/p>\n<p data-sourcepos=\"3:1-3:250\">Sfortunatamente, alcune guide degli hotel cercano di convincere i turisti che la loro assicurazione di viaggio \u00e8 presumibilmente invalida se prenotano escursioni con operatori turistici esterni, invece della loro stessa compagnia. Questo non \u00e8 vero.<\/p>\n<p data-sourcepos=\"5:1-5:148\">Innanzitutto, la tua assicurazione di viaggio \u00e8 valida in tutto l&#8217;Egitto, proprio come lo sarebbe se prenotassi con la compagnia di tour dell&#8217;hotel.<\/p>\n<p data-sourcepos=\"7:1-7:381\">In secondo luogo, se sei su una barca, un autobus o un altro mezzo di trasporto, l&#8217;organizzatore si assume la piena responsabilit\u00e0 assicurativa nei confronti dei passeggeri. Altrimenti, semplicemente non sarebbero in grado di ottenere un permesso per condurre attivit\u00e0 turistiche. L&#8217;Egitto ha regolamenti turistici piuttosto rigidi e sono necessari permessi prima di ogni viaggio.<\/p>\n<p>[\/vc_toggle][vc_toggle title=&#8221;Come posso recuperare un oggetto perso durante un tour?&#8221; style=&#8221;square_outline&#8221; color=&#8221;sky&#8221;]Ricordiamo sempre ai nostri ospiti di controllare attentamente di avere con s\u00e9 tutti i loro effetti personali prima di uscire dall&#8217;autobus o dallo yacht alla fine del tour. Sfortunatamente, recuperare oggetti smarriti pu\u00f2 essere piuttosto difficile a causa della partenza immediata dei veicoli per la pulizia e le complessit\u00e0 della logistica egiziana. Sebbene faremo il possibile per aiutarti a ritrovare i tuoi effetti personali, non possiamo garantire un tasso di recupero del 100%. Se riusciamo a trovare il tuo oggetto, ci sar\u00e0 una tassa di consegna di $5-10. Si prega di prestare attenzione ai propri effetti personali![\/vc_toggle][vc_toggle title=&#8221;Dovrei modificare i miei piani o aspettare per il tour?&#8221; style=&#8221;square_outline&#8221; color=&#8221;sky&#8221;]Abbiamo un significativo afflusso giornaliero di richieste di prenotazione per i nostri programmi da parte dei turisti. Di conseguenza, la maggior parte delle escursioni vengono organizzate quotidianamente o in specifici giorni della settimana seguendo un programma dettagliato fornito nella descrizione di ciascun programma. Dopo la prenotazione, ti invieremo l&#8217;ora esatta del prelievo dal tuo hotel. Molti tour saranno condotti con piccoli gruppi provenienti da vari hotel che hanno acquistato escursioni attraverso gli operatori turistici. L&#8217;unica differenza \u00e8 che i nostri prezzi sono del 40-60% pi\u00f9 bassi (i nostri organizzatori conducono tutte le principali escursioni a Hurghada e Sharm El-Sheikh per turisti di lingua russa).[\/vc_toggle][vc_toggle title=&#8221;Dove posso trovare il fotografo che ha scattato le foto durante il tour?&#8221; style=&#8221;square_outline&#8221; color=&#8221;sky&#8221;]Vorremmo informarvi che i fotografi che vi accompagnano durante le escursioni agiscono come rappresentanti indipendenti dei loro studi fotografici. Non fanno parte del nostro servizio online o del team organizzatore del programma. Tutti i termini e le condizioni relativi al servizio fotografico e al suo pagamento vengono discussi e concordati direttamente tra voi e il fotografo. Consigliamo di avvicinarsi ai pagamenti anticipati con cautela e di assicurarsi l&#8217;affidabilit\u00e0 dei servizi, nonch\u00e9 di ottenere tutte le informazioni di contatto del fotografo prima di effettuare qualsiasi pagamento.[\/vc_toggle][\/vc_column][\/vc_row][\/vc_section]<\/p>\n<\/section>","protected":false},"excerpt":{"rendered":"<ul>\n<li data-sourcepos=\"3:1-3:47\"><strong>Prezzo: Adulti (dai 13 anni in su) <\/strong>da $35<\/li>\n<li data-sourcepos=\"4:1-4:47\"><strong>Prezzo: Bambini (dai 6 ai 12 anni)<\/strong> da $18<\/li>\n<li data-sourcepos=\"5:1-5:35\"><strong>Durata approssimativa:<\/strong> 22 ore<\/li>\n<li data-sourcepos=\"6:1-6:40\"><strong>Giorni della settimana:<\/strong> Quotidiano<\/li>\n<\/ul>\n<p>&nbsp;<\/p>\n<ul>\n<li data-sourcepos=\"5:1-12:18\">Prenota in 3 minuti<\/li>\n<li data-sourcepos=\"5:1-12:18\">Nessun pagamento anticipato<\/li>\n<li data-sourcepos=\"5:1-12:18\">Trasferimento dall&#8217;hotel<\/li>\n<li data-sourcepos=\"5:1-12:18\">Assicurazione inclusa<\/li>\n<li data-sourcepos=\"5:1-12:18\">Guida di lingua russa<\/li>\n<li data-sourcepos=\"5:1-12:18\">Nessuna tassa o commissione aggiuntiva<\/li>\n<li data-sourcepos=\"5:1-12:18\">Foto e recensioni reali<\/li>\n<li data-sourcepos=\"5:1-12:18\">Gestore personale<\/li>\n<\/ul>\n","protected":false},"featured_media":220,"template":"","meta":[],"product_cat":[16],"product_tag":[],"class_list":{"0":"post-61","1":"product","2":"type-product","3":"status-publish","4":"has-post-thumbnail","6":"product_cat-historical-from-hurghada","8":"first","9":"instock","10":"shipping-taxable","11":"purchasable","12":"product-type-simple"},"_links":{"self":[{"href":"https:\/\/www.starkhattabychtours.com\/it\/wp-json\/wp\/v2\/product\/61","targetHints":{"allow":["GET"]}}],"collection":[{"href":"https:\/\/www.starkhattabychtours.com\/it\/wp-json\/wp\/v2\/product"}],"about":[{"href":"https:\/\/www.starkhattabychtours.com\/it\/wp-json\/wp\/v2\/types\/product"}],"wp:featuredmedia":[{"embeddable":true,"href":"https:\/\/www.starkhattabychtours.com\/it\/wp-json\/wp\/v2\/media\/220"}],"wp:attachment":[{"href":"https:\/\/www.starkhattabychtours.com\/it\/wp-json\/wp\/v2\/media?parent=61"}],"wp:term":[{"taxonomy":"product_cat","embeddable":true,"href":"https:\/\/www.starkhattabychtours.com\/it\/wp-json\/wp\/v2\/product_cat?post=61"},{"taxonomy":"product_tag","embeddable":true,"href":"https:\/\/www.starkhattabychtours.com\/it\/wp-json\/wp\/v2\/product_tag?post=61"}],"curies":[{"name":"wp","href":"https:\/\/api.w.org\/{rel}","templated":true}]}}