{"id":618,"date":"2024-09-29T20:07:27","date_gmt":"2024-09-29T20:07:27","guid":{"rendered":"https:\/\/www.starkhattabychtours.com\/it\/?post_type=product&#038;p=618"},"modified":"2024-10-05T10:55:22","modified_gmt":"2024-10-05T10:55:22","slug":"cairo-pyramids-from-marsa-alam","status":"publish","type":"product","link":"https:\/\/www.starkhattabychtours.com\/it\/tour\/cairo-pyramids-from-marsa-alam","title":{"rendered":"Cairo, Piramidi da Marsa Alam"},"content":{"rendered":"<section class=\"wpb-content-wrapper\"><p>[vc_section][vc_row][vc_column width=&#8221;1\/2&#8243;][vc_column_text]Il Cairo \u00e8 la capitale dell&#8217;Egitto, situata sulle rive del fiume Nilo. \u00c8 la citt\u00e0 pi\u00f9 grande d&#8217;Africa e la tredicesima citt\u00e0 pi\u00f9 popolata al mondo. Il Cairo \u00e8 famoso per la sua storia. Il suo paesaggio urbano conserva strutture dell&#8217;antica era dei faraoni, monumenti del cristianesimo egizio antico e magnifici esempi di architettura islamica medievale.<\/p>\n<h3 data-sourcepos=\"5:1-5:25\">Cosa include il tour:<\/h3>\n<ul data-sourcepos=\"7:1-15:0\">\n<li data-sourcepos=\"7:1-7:157\"><strong>Partenza:<\/strong> Intorno alla mezzanotte, a seconda della posizione del tuo hotel (circa 10 ore di guida fino al Cairo, a seconda delle scorte della polizia);<\/li>\n<li data-sourcepos=\"8:1-8:75\"><strong>Museo Egizio:<\/strong> Esplora la vasta collezione di antichi artefatti egizi.<\/li>\n<li data-sourcepos=\"9:1-9:45\"><strong>Grande Sfinge:<\/strong> Ammira l&#8217;iconica statua.<\/li>\n<li data-sourcepos=\"10:1-10:58\"><strong>Piramidi di Giza:<\/strong> Visita le famose piramidi antiche.<\/li>\n<li data-sourcepos=\"11:1-11:90\"><strong>Istituto del Papiro e Fabbrica di Olio:<\/strong> Scopri le tradizionali artigianato egiziano.<\/li>\n<\/ul>\n<p>[\/vc_column_text][\/vc_column][vc_column width=&#8221;1\/2&#8243;][vc_single_image image=&#8221;620&#8243; img_size=&#8221;full&#8221;][\/vc_column][\/vc_row][vc_row][vc_column][vc_column_text]<\/p>\n<ul data-sourcepos=\"7:1-15:0\">\n<li data-sourcepos=\"12:1-12:117\"><strong>Crociera sul Nilo:<\/strong> Goditi un giro in barca sul Nilo (facoltativo, $10 extra, pagabili alla guida sull&#8217;autobus);<\/li>\n<li data-sourcepos=\"13:1-13:21\"><strong>Pranzo:<\/strong> Buffet.<\/li>\n<li data-sourcepos=\"14:1-15:0\"><strong>Ritorno:<\/strong> Trasferimento di ritorno al tuo hotel intorno all&#8217;1:00 del mattino successivo.<\/li>\n<\/ul>\n<h4 data-sourcepos=\"16:1-16:114\"><strong>Nota:<\/strong> L&#8217;itinerario del tour pu\u00f2 variare a seconda della guida e delle condizioni della folla nelle attrazioni.<\/h4>\n<p>[\/vc_column_text][\/vc_column][\/vc_row][vc_row][vc_column width=&#8221;1\/2&#8243;][vc_column_text]<\/p>\n<h3 data-sourcepos=\"18:1-18:31\">Il prezzo del tour include:<\/h3>\n<ul data-sourcepos=\"20:1-23:58\">\n<li data-sourcepos=\"20:1-20:52\"><strong>Ingressi:<\/strong> Tutti i biglietti per le attrazioni.<\/li>\n<li data-sourcepos=\"21:1-21:21\"><strong>Pranzo:<\/strong> Buffet.<\/li>\n<li data-sourcepos=\"22:1-22:50\"><strong>Guida:<\/strong> Servizi di una guida di lingua russa.<\/li>\n<li data-sourcepos=\"23:1-23:58\"><strong>Trasporto:<\/strong> Trasporto andata e ritorno da Marsa Alam<\/li>\n<\/ul>\n<p>[\/vc_column_text][\/vc_column][vc_column width=&#8221;1\/2&#8243;][vc_column_text]<\/p>\n<h3 data-sourcepos=\"3:1-3:43\">Cosa non \u00e8 incluso nel prezzo del tour:<\/h3>\n<ul data-sourcepos=\"5:1-9:0\">\n<li data-sourcepos=\"5:1-5:106\">\n<p data-sourcepos=\"5:3-5:106\"><strong>Crociera sul Nilo:<\/strong> Giro in barca facoltativo sul Nilo ($10 extra, pagabile alla guida sull&#8217;autobus).<\/p>\n<\/li>\n<li data-sourcepos=\"6:1-7:0\">\n<p data-sourcepos=\"6:3-6:41\"><strong>Bevande:<\/strong> Bevande durante il pranzo.<\/p>\n<\/li>\n<li data-sourcepos=\"8:1-9:0\">\n<p data-sourcepos=\"8:3-8:39\"><strong>Bambini sotto i 5 anni:<\/strong> Gratuito.<\/p>\n<\/li>\n<\/ul>\n<h3 data-sourcepos=\"10:1-10:28\">Informazioni aggiuntive:<\/h3>\n<ul data-sourcepos=\"12:1-13:206\">\n<li data-sourcepos=\"12:1-12:55\"><strong>Trasporto:<\/strong> Autobus con aria condizionata e bagno.<\/li>\n<li data-sourcepos=\"13:1-13:206\"><strong>Piramide di Cheope:<\/strong> L&#8217;ingresso alla Piramide di Cheope non \u00e8 incluso nel prezzo del tour. Se il tempo lo permette, i biglietti possono essere acquistati all&#8217;ingresso per 1000 sterline egiziane (~$20).<\/li>\n<\/ul>\n<p>[\/vc_column_text][\/vc_column][\/vc_row][\/vc_section][vc_section][vc_row][vc_column]<div id=\"kapee-header-40592\" class=\"kapee-element kapee-heading text-left kapee-width-100 separator-none separator-between-heading\">\t\n\t\t\t\n\t\t\t<div class=\"heading-wrap\">\n\t\t\t<span class=\"separator-left\"><\/span>\n\t\t\t<h2 class=\"heading-title\">Domande frequenti (FAQ): <\/h2>\t\t\t<span class=\"separator-right\"><\/span>\n\t\t\t\t\t<\/div>\n\t\t\n    <\/div>[vc_toggle title=&#8221;Il vostro prezzo \u00e8 cos\u00ec basso&#8230; Probabilmente state facendo un servizio di bassa qualit\u00e0?&#8221; style=&#8221;square_outline&#8221; color=&#8221;sky&#8221;]Offriamo davvero alcuni dei prezzi pi\u00f9 bassi mantenendo un alto livello di servizio. Il motivo \u00e8 che siamo una societ\u00e0 di prenotazioni online per grandi operatori turistici in Egitto, il che ci consente di offrire prezzi molto competitivi grazie al nostro ampio volume di turisti. Prenotando con noi, ricevi un servizio di alta qualit\u00e0 senza pagare eccessivamente gli intermediari.[\/vc_toggle][vc_toggle title=&#8221;Che tipo di autobus e trasferimenti avete?&#8221; style=&#8221;square_outline&#8221; color=&#8221;sky&#8221;]Una variet\u00e0 di trasporti \u00e8 disponibile per l&#8217;uso degli organizzatori dell&#8217;evento all&#8217;interno del parco, tra cui auto, minivan e comodi autobus. Tutti i veicoli sono dotati di aria condizionata e sistemi di sicurezza. Per viaggi pi\u00f9 lunghi, vengono forniti autobus con servizi igienici. Inoltre, tutti i veicoli vengono sottoposti a regolari controlli di manutenzione e sanificazione, e possiedono le necessarie autorizzazioni turistiche. Inoltre, i conducenti vengono sottoposti a ispezioni dalla polizia turistica prima di ogni lungo viaggio.[\/vc_toggle][vc_toggle title=&#8221;Come e quando pago per il tour?&#8221; style=&#8221;square_outline&#8221; color=&#8221;sky&#8221;]Lavoriamo senza pagamento anticipato. Tutti i tour di gruppo vengono pagati sull&#8217;autobus o durante il tour stesso. Le eccezioni sono i pagamenti anticipati per i tour privati e i tour che richiedono l&#8217;acquisto di biglietti aerei o l&#8217;elaborazione di documenti. I nostri programmi principali vengono pagati direttamente durante il trasferimento o all&#8217;inizio del tour. Non \u00e8 necessario cercare qualcuno per pagare il tour. Un dipendente dell&#8217;organizzatore si avviciner\u00e0 a te. Puoi pagare in contanti in dollari USA, euro o sterline egiziane. Per la tua comodit\u00e0, offriamo anche la possibilit\u00e0 di trasferire fondi su una carta bancaria in rubli, grivnie ed euro al tasso di cambio o su un portafoglio di criptovaluta in USDT, prima del tour. Per informazioni pi\u00f9 dettagliate sui metodi di pagamento e sui rimborsi, consulta qui.[\/vc_toggle][vc_toggle title=&#8221;Hai una licenza turistica?&#8221; style=&#8221;square_outline&#8221; color=&#8221;sky&#8221;]L&#8217;Egitto \u00e8 un paese altamente regolamentato, specialmente quando si tratta di turismo. Affinch\u00e9 qualsiasi veicolo o yacht possa partire per un&#8217;escursione, \u00e8 necessario ottenere permessi giornalieri sia dalla polizia che dai militari. Se gli operatori turistici non hanno una valida licenza turistica, naturalmente non gli verranno concessi questi permessi. Ecco perch\u00e9 per alcune escursioni, potremmo richiedere copie dei vostri voucher e passaporti (questo vale per le escursioni marine a Sharm El-Sheikh, i tour privati e alcuni tour di gruppo se coinvolgono l&#8217;uscita dalla citt\u00e0. Per altre escursioni, i permessi vengono semplicemente rilasciati in base al numero di persone e non sono necessari i dettagli del passaporto).[\/vc_toggle][vc_toggle title=&#8221;Siamo assicurati durante l&#8217;escursione?&#8221; style=&#8221;square_outline&#8221; color=&#8221;sky&#8221;]<\/p>\n<p data-sourcepos=\"3:1-3:250\">Sfortunatamente, alcune guide degli hotel cercano di convincere i turisti che la loro assicurazione di viaggio \u00e8 presumibilmente invalida se prenotano escursioni con operatori turistici esterni, invece della loro stessa compagnia. Questo non \u00e8 vero.<\/p>\n<p data-sourcepos=\"5:1-5:148\">Innanzitutto, la tua assicurazione di viaggio \u00e8 valida in tutto l&#8217;Egitto, proprio come lo sarebbe se prenotassi con la compagnia di tour dell&#8217;hotel.<\/p>\n<p data-sourcepos=\"7:1-7:381\">In secondo luogo, se sei su una barca, un autobus o un altro mezzo di trasporto, l&#8217;organizzatore si assume la piena responsabilit\u00e0 assicurativa nei confronti dei passeggeri. Altrimenti, semplicemente non sarebbero in grado di ottenere un permesso per condurre attivit\u00e0 turistiche. L&#8217;Egitto ha regolamenti turistici piuttosto rigidi e sono necessari permessi prima di ogni viaggio.<\/p>\n<p>[\/vc_toggle][vc_toggle title=&#8221;Come posso recuperare un oggetto perso durante un tour?&#8221; style=&#8221;square_outline&#8221; color=&#8221;sky&#8221;]Ricordiamo sempre ai nostri ospiti di controllare attentamente di avere con s\u00e9 tutti i loro effetti personali prima di uscire dall&#8217;autobus o dallo yacht alla fine del tour. Sfortunatamente, recuperare oggetti smarriti pu\u00f2 essere piuttosto difficile a causa della partenza immediata dei veicoli per la pulizia e le complessit\u00e0 della logistica egiziana. Sebbene faremo il possibile per aiutarti a ritrovare i tuoi effetti personali, non possiamo garantire un tasso di recupero del 100%. Se riusciamo a trovare il tuo oggetto, ci sar\u00e0 una tassa di consegna di $5-10. Si prega di prestare attenzione ai propri effetti personali![\/vc_toggle][vc_toggle title=&#8221;Dovrei modificare i miei piani o aspettare per il tour?&#8221; style=&#8221;square_outline&#8221; color=&#8221;sky&#8221;]Abbiamo un significativo afflusso giornaliero di richieste di prenotazione per i nostri programmi da parte dei turisti. Di conseguenza, la maggior parte delle escursioni vengono organizzate quotidianamente o in specifici giorni della settimana seguendo un programma dettagliato fornito nella descrizione di ciascun programma. Dopo la prenotazione, ti invieremo l&#8217;ora esatta del prelievo dal tuo hotel. Molti tour saranno condotti con piccoli gruppi provenienti da vari hotel che hanno acquistato escursioni attraverso gli operatori turistici. L&#8217;unica differenza \u00e8 che i nostri prezzi sono del 40-60% pi\u00f9 bassi (i nostri organizzatori conducono tutte le principali escursioni a Hurghada e Sharm El-Sheikh per turisti di lingua russa).[\/vc_toggle][vc_toggle title=&#8221;Dove posso trovare il fotografo che ha scattato le foto durante il tour?&#8221; style=&#8221;square_outline&#8221; color=&#8221;sky&#8221;]Vorremmo informarvi che i fotografi che vi accompagnano durante le escursioni agiscono come rappresentanti indipendenti dei loro studi fotografici. Non fanno parte del nostro servizio online o del team organizzatore del programma. Tutti i termini e le condizioni relativi al servizio fotografico e al suo pagamento vengono discussi e concordati direttamente tra voi e il fotografo. Consigliamo di avvicinarsi ai pagamenti anticipati con cautela e di assicurarsi l&#8217;affidabilit\u00e0 dei servizi, nonch\u00e9 di ottenere tutte le informazioni di contatto del fotografo prima di effettuare qualsiasi pagamento.[\/vc_toggle][\/vc_column][\/vc_row][\/vc_section]<\/p>\n<\/section>","protected":false},"excerpt":{"rendered":"<p>Prezzo &#8211; adulti (13+) $95<br \/>\nPrezzo &#8211; bambini (6-12) $48<br \/>\nDurata stimata 26 ore<br \/>\nGiorni della settimana mercoled\u00ec, sabato<\/p>\n<ul>\n<li>Prenota in 3 minuti<\/li>\n<li>Nessun pagamento anticipato richiesto<\/li>\n<li>Trasferimento in hotel incluso<\/li>\n<li>Assicurazione valida<\/li>\n<li>Guida di lingua russa<\/li>\n<li>Nessuna spesa aggiuntiva o commissioni<\/li>\n<li>Foto e recensioni reali<\/li>\n<li>Manager personale<\/li>\n<\/ul>\n","protected":false},"featured_media":619,"template":"","meta":[],"product_cat":[35],"product_tag":[],"class_list":{"0":"post-618","1":"product","2":"type-product","3":"status-publish","4":"has-post-thumbnail","6":"product_cat-historical-from-marsa-alam","8":"first","9":"instock","10":"shipping-taxable","11":"purchasable","12":"product-type-simple"},"_links":{"self":[{"href":"https:\/\/www.starkhattabychtours.com\/it\/wp-json\/wp\/v2\/product\/618","targetHints":{"allow":["GET"]}}],"collection":[{"href":"https:\/\/www.starkhattabychtours.com\/it\/wp-json\/wp\/v2\/product"}],"about":[{"href":"https:\/\/www.starkhattabychtours.com\/it\/wp-json\/wp\/v2\/types\/product"}],"wp:featuredmedia":[{"embeddable":true,"href":"https:\/\/www.starkhattabychtours.com\/it\/wp-json\/wp\/v2\/media\/619"}],"wp:attachment":[{"href":"https:\/\/www.starkhattabychtours.com\/it\/wp-json\/wp\/v2\/media?parent=618"}],"wp:term":[{"taxonomy":"product_cat","embeddable":true,"href":"https:\/\/www.starkhattabychtours.com\/it\/wp-json\/wp\/v2\/product_cat?post=618"},{"taxonomy":"product_tag","embeddable":true,"href":"https:\/\/www.starkhattabychtours.com\/it\/wp-json\/wp\/v2\/product_tag?post=618"}],"curies":[{"name":"wp","href":"https:\/\/api.w.org\/{rel}","templated":true}]}}