{"id":62,"date":"2024-09-03T10:20:42","date_gmt":"2024-09-03T10:20:42","guid":{"rendered":"https:\/\/www.starkhattabychtours.com\/it\/?post_type=product&#038;p=62"},"modified":"2024-10-05T17:09:45","modified_gmt":"2024-10-05T17:09:45","slug":"cairo-pyramids-by-plane","status":"publish","type":"product","link":"https:\/\/www.starkhattabychtours.com\/it\/tour\/cairo-pyramids-by-plane","title":{"rendered":"Piramidi del Cairo in aereo"},"content":{"rendered":"<section class=\"wpb-content-wrapper\"><p>[vc_section][vc_row][vc_column width=&#8221;1\/2&#8243;][vc_column_text]<\/p>\n<p data-sourcepos=\"3:1-4:229\">Offriamo un programma quasi personalizzato a un prezzo di gruppo (o un piccolo gruppo)! Un&#8217;escursione in aereo da Hurghada al Cairo per visitare le piramidi \u00e8 un&#8217;opzione popolare tra i turisti. Questo ti consente di risparmiare tempo sull&#8217;autobus e raggiungere rapidamente una delle principali attrazioni dell&#8217;Egitto.<\/p>\n<p data-sourcepos=\"5:1-5:414\">Questa \u00e8 un&#8217;opportunit\u00e0 unica di visitare la capitale dell&#8217;Egitto da Hurghada senza la fretta di un tour di gruppo numeroso e un viaggio in autobus di otto ore &#8211; a un prezzo super-accessibile con la nostra compagnia! Una guida, il trasferimento aeroportuale e un&#8217;auto per l&#8217;escursione sono solo per te o per un piccolo gruppo, solitamente non superiore a 6-8 persone, se ci sono altre prenotazioni in quel giorno.<\/p>\n<p data-sourcepos=\"7:1-7:153\">Il prezzo include: biglietto aereo, tutti i biglietti per le attrazioni, trasferimento andata e ritorno, pranzo e i servizi di una guida di lingua russa.<\/p>\n<p data-sourcepos=\"9:1-9:180\">Non solo vedrai le famose Piramidi, la Sfinge e il Museo Nazionale, ma anche l&#8217;architettura cristiana e musulmana unica costruita in diversi periodi storici in questo antico paese.<\/p>\n<p>[\/vc_column_text][\/vc_column][vc_column width=&#8221;1\/2&#8243;][vc_images_carousel images=&#8221;672,671,670&#8243; img_size=&#8221;full&#8221; onclick=&#8221;link_no&#8221; autoplay=&#8221;yes&#8221; wrap=&#8221;yes&#8221;][\/vc_column][\/vc_row][\/vc_section][vc_section][vc_row][vc_column][vc_column_text]<\/p>\n<p data-sourcepos=\"11:1-11:338\">La parte cristiana include diversi luoghi associati al volo della Sacra Famiglia. Puoi entrare ovunque. Nella parte musulmana &#8211; una moschea (attualmente in fase di restauro, puoi vederla dall&#8217;autobus), originariamente costruita nel 642, come centro cultuale della prima capitale araba dell&#8217;Egitto ed \u00e8 la prima moschea di tutta l&#8217;Africa.<\/p>\n<p>[\/vc_column_text][\/vc_column][\/vc_row][\/vc_section][vc_section][vc_row][vc_column width=&#8221;1\/2&#8243;][vc_column_text]<\/p>\n<h2 data-sourcepos=\"5:1-5:45\">Ti offriamo due programmi tra cui scegliere:<\/h2>\n<ul data-sourcepos=\"7:1-12:0\">\n<li data-sourcepos=\"7:1-7:75\">Programma #1 = $190 (con il museo, ma SENZA la parte cristiana del Cairo)<\/li>\n<li data-sourcepos=\"8:1-8:32\">Giorni di partenza: Quotidiano<\/li>\n<li data-sourcepos=\"9:1-9:87\">Programma #2 (massimo) = $200 (Sia con il museo che con la parte cristiana del Cairo)<\/li>\n<li data-sourcepos=\"10:1-10:32\">Giorni di partenza: Quotidiano<\/li>\n<li data-sourcepos=\"11:1-12:0\">\u00c8 possibile organizzare un viaggio completamente individuale: +$20 a persona; se ci sono 4 o pi\u00f9 persone nel tuo gruppo, il prezzo \u00e8 lo stesso del gruppo sopra (il prezzo \u00e8 indicato per persone dai 3 anni in su).<\/li>\n<\/ul>\n<h2 data-sourcepos=\"13:1-13:39\">Cosa non \u00e8 incluso nel prezzo del tour:<\/h2>\n<ul data-sourcepos=\"15:1-17:166\">\n<li data-sourcepos=\"15:1-15:110\">Crociera sul Nilo (opzionale, pagamento aggiuntivo varia da $10 a $20, acquistato direttamente dalla guida);<\/li>\n<li data-sourcepos=\"16:1-16:35\">Bevande durante il pranzo ($1-2).<\/li>\n<li data-sourcepos=\"17:1-17:166\">Bambini fino a 2 anni inclusi (se non occupano un posto a sedere separato sull&#8217;aereo) &#8211; Gratuito. Bambini pi\u00f9 grandi &#8211; il costo \u00e8 lo stesso di quello per un adulto<\/li>\n<\/ul>\n<p>[\/vc_column_text][\/vc_column][vc_column width=&#8221;1\/2&#8243;][vc_column_text]<\/p>\n<h2 data-sourcepos=\"5:1-5:28\"><strong>Cosa \u00e8 incluso nel tour:<\/strong><\/h2>\n<ul data-sourcepos=\"7:1-17:119\">\n<li data-sourcepos=\"7:1-7:182\">Partenza: intorno alle 5:00 AM, a seconda della posizione del tuo hotel e dell&#8217;orario del volo charter (il volo per il Cairo dura circa 1 ora + trasferimento da e per l&#8217;aeroporto);<\/li>\n<li data-sourcepos=\"8:1-8:49\">Inizio del programma: circa 9:00 AM &#8211; 10:00 AM;<\/li>\n<li data-sourcepos=\"9:1-9:73\">Museo Egizio Nazionale (Opzione #1) \/ Tutte le attrazioni (Opzione #2);<\/li>\n<li data-sourcepos=\"10:1-10:16\">Grande Sfinge;<\/li>\n<li data-sourcepos=\"11:1-11:45\">Piramidi di Giza (Khufu, Khafre, Menkaure);<\/li>\n<li data-sourcepos=\"12:1-12:41\">Istituto del Papiro e fabbrica di olio;<\/li>\n<li data-sourcepos=\"13:1-13:104\">Giro in barca sul Nilo (opzionale, tariffa aggiuntiva da $10 a $20, pagabile direttamente alla guida);<\/li>\n<li data-sourcepos=\"14:1-14:20\">Pranzo (a buffet);<\/li>\n<li data-sourcepos=\"15:1-15:47\">Fine del programma: intorno alle 16:00-17:00;<\/li>\n<li data-sourcepos=\"16:1-16:236\">Trasferimento all&#8217;aeroporto. Arrivo al tuo hotel di Hurghada intorno alle 22:00 (l&#8217;orario pu\u00f2 variare a seconda della disponibilit\u00e0 dei biglietti e delle possibili modifiche all&#8217;orario del volo charter da parte della compagnia aerea).<\/li>\n<li data-sourcepos=\"17:1-17:119\">Si prega di notare: l&#8217;ordine del programma pu\u00f2 variare a seconda della guida e del flusso turistico nelle attrazion<\/li>\n<\/ul>\n<p>[\/vc_column_text][\/vc_column][\/vc_row][vc_row][vc_column][vc_column_text]<\/p>\n<div class=\"presented-response-container ng-tns-c1254682528-744\">\n<div class=\"response-container-content ng-tns-c1254682528-744 tunable-selection-with-avatar\">\n<div class=\"response-content ng-tns-c1254682528-744\">\n<div class=\"markdown markdown-main-panel\" dir=\"ltr\">\n<h2 data-sourcepos=\"5:1-5:28\"><strong>Informazioni aggiuntive:<\/strong><\/h2>\n<ul data-sourcepos=\"7:1-15:0\">\n<li data-sourcepos=\"7:1-7:140\">Prenotazione in anticipo: si prega di prenotare il tour almeno 2 giorni in anticipo per assicurarci di poter acquistare i biglietti aerei.<\/li>\n<li data-sourcepos=\"8:1-8:215\">Deposito: \u00e8 richiesto un deposito di $50 per acquistare il biglietto aereo. Questo deposito non \u00e8 rimborsabile se annulli il tour. Il saldo rimanente per il tour pu\u00f2 essere pagato nel trasferimento prima del volo.<\/li>\n<li data-sourcepos=\"9:1-9:199\">Foto dei passaporti: si prega di inviarci foto dei passaporti di tutti i partecipanti per facilitare l&#8217;elaborazione dei visti turistici presso la polizia turistica e l&#8217;acquisto dei biglietti aerei.<\/li>\n<li data-sourcepos=\"10:1-10:180\">Disponibilit\u00e0 dei voli: i biglietti aerei saranno acquistati su voli charter disponibili. Si prega di notare che potrebbero esserci ritardi al Cairo, soprattutto sui voli serali.<\/li>\n<li data-sourcepos=\"11:1-11:218\">Modifiche al programma: se prenoti il Programma #2 e ci sono pochi partecipanti, e il gruppo principale \u00e8 sul Programma #1, il Programma #2 potrebbe essere annullato. Qualsiasi differenza nel prezzo verr\u00e0 rimborsata.<\/li>\n<li data-sourcepos=\"12:1-12:201\">Cibo in aeroporto: si prega di notare che non ci sono caffetterie a servizio completo all&#8217;aeroporto del Cairo. Si consiglia di portare snack in caso di ritardi o se il tuo volo \u00e8 previsto in ritardo.<\/li>\n<li data-sourcepos=\"13:1-13:242\">Vendita di souvenir: si prega di notare che le nostre guide potrebbero offrire souvenir in vendita. Questa \u00e8 una pratica comune in Egitto. Si prega di notare che il nostro servizio online non controlla la qualit\u00e0 o il prezzo di questi beni.<\/li>\n<li data-sourcepos=\"14:1-15:0\">Ingresso alla Piramide di Khufu: l&#8217;ingresso alla Piramide di Khufu non \u00e8 incluso nel prezzo del tour. Se desideri visitare la piramide (tempo permettendo), i biglietti possono essere acquistati all&#8217;ingresso per 1000 sterline egiziane (~$20).<\/li>\n<\/ul>\n<p data-sourcepos=\"16:1-16:241\">In sostanza, questo testo fornisce dettagli aggiuntivi sul tour, inclusi i requisiti di prenotazione, le condizioni di pagamento, le informazioni sui voli, le possibili modifiche al programma, le strutture aeroportuali e gli extra opzionali.<\/p>\n<\/div>\n<div class=\"skeleton-loader-container\"><\/div>\n<div class=\"response-footer gap complete\"><\/div>\n<\/div>\n<\/div>\n<\/div>\n<div class=\"response-container-footer ng-tns-c1254682528-744\">\n<div class=\"actions-container-v2 ng-star-inserted\">\n<div class=\"buttons-container-v2 ng-star-inserted\">\n<div class=\"thumbs-up-animation-container\" hidden=\"\"><\/div>\n<div class=\"thumbs-down-animation-container\" hidden=\"\"><\/div>\n<div class=\"menu-button-wrapper ng-star-inserted\"><\/div>\n<div class=\"menu-button-wrapper ng-star-inserted\">\n<div class=\"more-menu-button-container ng-star-inserted\"><\/div>\n<\/div>\n<div class=\"spacer ng-star-inserted\"><\/div>\n<\/div>\n<\/div>\n<\/div>\n<p>[\/vc_column_text][\/vc_column][\/vc_row][\/vc_section][vc_section][vc_row][vc_column]<div id=\"kapee-header-72951\" class=\"kapee-element kapee-heading text-left kapee-width-100 separator-none separator-between-heading\">\t\n\t\t\t\n\t\t\t<div class=\"heading-wrap\">\n\t\t\t<span class=\"separator-left\"><\/span>\n\t\t\t<h2 class=\"heading-title\">Domande frequenti (FAQ): <\/h2>\t\t\t<span class=\"separator-right\"><\/span>\n\t\t\t\t\t<\/div>\n\t\t\n    <\/div>[vc_toggle title=&#8221;Il vostro prezzo \u00e8 cos\u00ec basso&#8230; Probabilmente state facendo un servizio di bassa qualit\u00e0?&#8221; style=&#8221;square_outline&#8221; color=&#8221;sky&#8221;]Offriamo davvero alcuni dei prezzi pi\u00f9 bassi mantenendo un alto livello di servizio. Il motivo \u00e8 che siamo una societ\u00e0 di prenotazioni online per grandi operatori turistici in Egitto, il che ci consente di offrire prezzi molto competitivi grazie al nostro ampio volume di turisti. Prenotando con noi, ricevi un servizio di alta qualit\u00e0 senza pagare eccessivamente gli intermediari.[\/vc_toggle][vc_toggle title=&#8221;Che tipo di autobus e trasferimenti avete?&#8221; style=&#8221;square_outline&#8221; color=&#8221;sky&#8221;]Una variet\u00e0 di trasporti \u00e8 disponibile per l&#8217;uso degli organizzatori dell&#8217;evento all&#8217;interno del parco, tra cui auto, minivan e comodi autobus. Tutti i veicoli sono dotati di aria condizionata e sistemi di sicurezza. Per viaggi pi\u00f9 lunghi, vengono forniti autobus con servizi igienici. Inoltre, tutti i veicoli vengono sottoposti a regolari controlli di manutenzione e sanificazione, e possiedono le necessarie autorizzazioni turistiche. Inoltre, i conducenti vengono sottoposti a ispezioni dalla polizia turistica prima di ogni lungo viaggio.[\/vc_toggle][vc_toggle title=&#8221;Come e quando pago per il tour?&#8221; style=&#8221;square_outline&#8221; color=&#8221;sky&#8221;]Lavoriamo senza pagamento anticipato. Tutti i tour di gruppo vengono pagati sull&#8217;autobus o durante il tour stesso. Le eccezioni sono i pagamenti anticipati per i tour privati e i tour che richiedono l&#8217;acquisto di biglietti aerei o l&#8217;elaborazione di documenti. I nostri programmi principali vengono pagati direttamente durante il trasferimento o all&#8217;inizio del tour. Non \u00e8 necessario cercare qualcuno per pagare il tour. Un dipendente dell&#8217;organizzatore si avviciner\u00e0 a te. Puoi pagare in contanti in dollari USA, euro o sterline egiziane. Per la tua comodit\u00e0, offriamo anche la possibilit\u00e0 di trasferire fondi su una carta bancaria in rubli, grivnie ed euro al tasso di cambio o su un portafoglio di criptovaluta in USDT, prima del tour. Per informazioni pi\u00f9 dettagliate sui metodi di pagamento e sui rimborsi, consulta qui.[\/vc_toggle][vc_toggle title=&#8221;Hai una licenza turistica?&#8221; style=&#8221;square_outline&#8221; color=&#8221;sky&#8221;]L&#8217;Egitto \u00e8 un paese altamente regolamentato, specialmente quando si tratta di turismo. Affinch\u00e9 qualsiasi veicolo o yacht possa partire per un&#8217;escursione, \u00e8 necessario ottenere permessi giornalieri sia dalla polizia che dai militari. Se gli operatori turistici non hanno una valida licenza turistica, naturalmente non gli verranno concessi questi permessi. Ecco perch\u00e9 per alcune escursioni, potremmo richiedere copie dei vostri voucher e passaporti (questo vale per le escursioni marine a Sharm El-Sheikh, i tour privati e alcuni tour di gruppo se coinvolgono l&#8217;uscita dalla citt\u00e0. Per altre escursioni, i permessi vengono semplicemente rilasciati in base al numero di persone e non sono necessari i dettagli del passaporto).[\/vc_toggle][vc_toggle title=&#8221;Siamo assicurati durante l&#8217;escursione?&#8221; style=&#8221;square_outline&#8221; color=&#8221;sky&#8221;]<\/p>\n<p data-sourcepos=\"3:1-3:250\">Sfortunatamente, alcune guide degli hotel cercano di convincere i turisti che la loro assicurazione di viaggio \u00e8 presumibilmente invalida se prenotano escursioni con operatori turistici esterni, invece della loro stessa compagnia. Questo non \u00e8 vero.<\/p>\n<p data-sourcepos=\"5:1-5:148\">Innanzitutto, la tua assicurazione di viaggio \u00e8 valida in tutto l&#8217;Egitto, proprio come lo sarebbe se prenotassi con la compagnia di tour dell&#8217;hotel.<\/p>\n<p data-sourcepos=\"7:1-7:381\">In secondo luogo, se sei su una barca, un autobus o un altro mezzo di trasporto, l&#8217;organizzatore si assume la piena responsabilit\u00e0 assicurativa nei confronti dei passeggeri. Altrimenti, semplicemente non sarebbero in grado di ottenere un permesso per condurre attivit\u00e0 turistiche. L&#8217;Egitto ha regolamenti turistici piuttosto rigidi e sono necessari permessi prima di ogni viaggio.<\/p>\n<p>[\/vc_toggle][vc_toggle title=&#8221;Come posso recuperare un oggetto perso durante un tour?&#8221; style=&#8221;square_outline&#8221; color=&#8221;sky&#8221;]Ricordiamo sempre ai nostri ospiti di controllare attentamente di avere con s\u00e9 tutti i loro effetti personali prima di uscire dall&#8217;autobus o dallo yacht alla fine del tour. Sfortunatamente, recuperare oggetti smarriti pu\u00f2 essere piuttosto difficile a causa della partenza immediata dei veicoli per la pulizia e le complessit\u00e0 della logistica egiziana. Sebbene faremo il possibile per aiutarti a ritrovare i tuoi effetti personali, non possiamo garantire un tasso di recupero del 100%. Se riusciamo a trovare il tuo oggetto, ci sar\u00e0 una tassa di consegna di $5-10. Si prega di prestare attenzione ai propri effetti personali![\/vc_toggle][vc_toggle title=&#8221;Dovrei modificare i miei piani o aspettare per il tour?&#8221; style=&#8221;square_outline&#8221; color=&#8221;sky&#8221;]Abbiamo un significativo afflusso giornaliero di richieste di prenotazione per i nostri programmi da parte dei turisti. Di conseguenza, la maggior parte delle escursioni vengono organizzate quotidianamente o in specifici giorni della settimana seguendo un programma dettagliato fornito nella descrizione di ciascun programma. Dopo la prenotazione, ti invieremo l&#8217;ora esatta del prelievo dal tuo hotel. Molti tour saranno condotti con piccoli gruppi provenienti da vari hotel che hanno acquistato escursioni attraverso gli operatori turistici. L&#8217;unica differenza \u00e8 che i nostri prezzi sono del 40-60% pi\u00f9 bassi (i nostri organizzatori conducono tutte le principali escursioni a Hurghada e Sharm El-Sheikh per turisti di lingua russa).[\/vc_toggle][vc_toggle title=&#8221;Dove posso trovare il fotografo che ha scattato le foto durante il tour?&#8221; style=&#8221;square_outline&#8221; color=&#8221;sky&#8221;]Vorremmo informarvi che i fotografi che vi accompagnano durante le escursioni agiscono come rappresentanti indipendenti dei loro studi fotografici. Non fanno parte del nostro servizio online o del team organizzatore del programma. Tutti i termini e le condizioni relativi al servizio fotografico e al suo pagamento vengono discussi e concordati direttamente tra voi e il fotografo. Consigliamo di avvicinarsi ai pagamenti anticipati con cautela e di assicurarsi l&#8217;affidabilit\u00e0 dei servizi, nonch\u00e9 di ottenere tutte le informazioni di contatto del fotografo prima di effettuare qualsiasi pagamento.[\/vc_toggle][\/vc_column][\/vc_row][\/vc_section]<\/p>\n<\/section>","protected":false},"excerpt":{"rendered":"<ul>\n<li data-sourcepos=\"3:1-3:44\"><strong>Prezzo:<\/strong> <strong>Adulti (dai 3 anni in su)<\/strong> $190<\/li>\n<li data-sourcepos=\"4:1-4:61\"><strong>Pagamento anticipato:<\/strong> <strong>(per riscattare il biglietto)<\/strong> $50<\/li>\n<li data-sourcepos=\"5:1-5:35\"><strong>Durata approssimativa:<\/strong> 17 ore<\/li>\n<li data-sourcepos=\"6:1-6:40\"><strong>Giorni della settimana:<\/strong> Quotidiano<\/li>\n<\/ul>\n<p>&nbsp;<\/p>\n<ul>\n<li data-sourcepos=\"6:1-12:18\">Prenota in 3 minuti<\/li>\n<li data-sourcepos=\"6:1-12:18\">Trasferimento dall&#8217;hotel<\/li>\n<li data-sourcepos=\"6:1-12:18\">Assicurazione valida<\/li>\n<li data-sourcepos=\"6:1-12:18\">Guida di lingua russa<\/li>\n<li data-sourcepos=\"6:1-12:18\">Nessuna tassa o commissione aggiuntiva<\/li>\n<li data-sourcepos=\"6:1-12:18\">Foto e recensioni reali<\/li>\n<li data-sourcepos=\"6:1-12:18\">Gestore personale<\/li>\n<\/ul>\n","protected":false},"featured_media":222,"template":"","meta":[],"product_cat":[16],"product_tag":[],"class_list":{"0":"post-62","1":"product","2":"type-product","3":"status-publish","4":"has-post-thumbnail","6":"product_cat-historical-from-hurghada","8":"first","9":"instock","10":"shipping-taxable","11":"purchasable","12":"product-type-simple"},"_links":{"self":[{"href":"https:\/\/www.starkhattabychtours.com\/it\/wp-json\/wp\/v2\/product\/62","targetHints":{"allow":["GET"]}}],"collection":[{"href":"https:\/\/www.starkhattabychtours.com\/it\/wp-json\/wp\/v2\/product"}],"about":[{"href":"https:\/\/www.starkhattabychtours.com\/it\/wp-json\/wp\/v2\/types\/product"}],"wp:featuredmedia":[{"embeddable":true,"href":"https:\/\/www.starkhattabychtours.com\/it\/wp-json\/wp\/v2\/media\/222"}],"wp:attachment":[{"href":"https:\/\/www.starkhattabychtours.com\/it\/wp-json\/wp\/v2\/media?parent=62"}],"wp:term":[{"taxonomy":"product_cat","embeddable":true,"href":"https:\/\/www.starkhattabychtours.com\/it\/wp-json\/wp\/v2\/product_cat?post=62"},{"taxonomy":"product_tag","embeddable":true,"href":"https:\/\/www.starkhattabychtours.com\/it\/wp-json\/wp\/v2\/product_tag?post=62"}],"curies":[{"name":"wp","href":"https:\/\/api.w.org\/{rel}","templated":true}]}}