{"id":623,"date":"2024-09-30T04:13:51","date_gmt":"2024-09-30T04:13:51","guid":{"rendered":"https:\/\/www.starkhattabychtours.com\/it\/?post_type=product&#038;p=623"},"modified":"2024-10-05T10:40:33","modified_gmt":"2024-10-05T10:40:33","slug":"marsa-mubarak-reserve-in-marsa-alam","status":"publish","type":"product","link":"https:\/\/www.starkhattabychtours.com\/it\/tour\/marsa-mubarak-reserve-in-marsa-alam","title":{"rendered":"La Riserva di Marsa Mubarak (a Marsa Alam)"},"content":{"rendered":"<section class=\"wpb-content-wrapper\"><p>[vc_section][vc_row][vc_column width=&#8221;1\/2&#8243;][vc_column_text]<\/p>\n<p data-sourcepos=\"1:1-1:327\">Una gita unica nella riserva di Marsa Mubarak nella baia di Abu Dabbab, vicino alla nuova citt\u00e0 turistica di Marsa Alam, dove c&#8217;\u00e8 l&#8217;opportunit\u00e0 di vedere e nuotare con grandi tartarughe verdi. La probabilit\u00e0 di incontrarli \u00e8 vicina al 100%, poich\u00e9 questo \u00e8 uno dei luoghi del Mar Rosso dove vivono questi incredibili mammiferi.<\/p>\n<p data-sourcepos=\"3:1-3:384\">La diversit\u00e0 della flora e della fauna marina in questa baia attrae anche spesso altri rari mammiferi a prendere il sole nelle acque poco profonde: il Dugongo, o pi\u00f9 comunemente noto come la vacca marina. La probabilit\u00e0 di incontrare questi animali \u00e8 inferiore a quella delle tartarughe, ma \u00e8 anche molto alta e molti turisti riescono a nuotare vicino a loro a distanza di un braccio.<\/p>\n<p data-sourcepos=\"5:1-5:217\">Inoltre, i delfini spesso nuotano in questi luoghi. L&#8217;acqua e le barriere coralline di questa laguna non lasceranno nessuno indifferente e l&#8217;incontro con gli animali marini illuminer\u00e0 per sempre i ricordi del viaggio.<\/p>\n<p>[\/vc_column_text][\/vc_column][vc_column width=&#8221;1\/2&#8243;][vc_single_image image=&#8221;625&#8243; img_size=&#8221;full&#8221;][\/vc_column][\/vc_row][vc_row][vc_column][vc_column_text]<\/p>\n<h4>ATTENZIONE! \u00c8 possibile immergersi in questo programma. Maggiori dettagli di seguito nella sezione Informazioni aggiuntive<\/h4>\n<p>[\/vc_column_text][\/vc_column][\/vc_row][vc_row][vc_column width=&#8221;1\/2&#8243;][vc_column_text]<\/p>\n<h3 data-sourcepos=\"3:1-3:38\">Cosa \u00e8 incluso nel programma del tour:<\/h3>\n<ul data-sourcepos=\"4:1-8:84\">\n<li data-sourcepos=\"4:1-4:181\">Trasferimento dall&#8217;hotel intorno alle 08:00 (l&#8217;ora esatta verr\u00e0 comunicata dopo la prenotazione; il viaggio fino al porto dura 15-30 minuti, a seconda della posizione dell&#8217;hotel);<\/li>\n<li data-sourcepos=\"5:1-5:80\">Partenza dello yacht verso la baia di Marsa Mubarak, intorno alle 08:30-09:00;<\/li>\n<li data-sourcepos=\"6:1-6:159\">Una o due (a seconda della decisione della guida sul posto e delle condizioni meteorologiche) soste per lo snorkeling, ciascuna della durata di circa un&#8217;ora;<\/li>\n<li data-sourcepos=\"7:1-7:102\">Pranzo sullo yacht (buffet) + bevande analcoliche per tutta la giornata (t\u00e8, caff\u00e8, bibite gassate);<\/li>\n<li data-sourcepos=\"8:1-8:84\">Ritorno al porto di Galib e trasferimento di ritorno all&#8217;hotel intorno alle 16:00.<\/li>\n<\/ul>\n<p>[\/vc_column_text][\/vc_column][vc_column width=&#8221;1\/2&#8243;][vc_column_text]<\/p>\n<h3>Incluso nel prezzo del tour:<\/h3>\n<ul data-sourcepos=\"4:1-8:0\">\n<li data-sourcepos=\"4:1-4:31\">Pranzo e bevande sullo yacht;<\/li>\n<li data-sourcepos=\"5:1-5:33\">Attrezzatura per lo snorkeling;<\/li>\n<li data-sourcepos=\"6:1-6:60\">Servizi di una guida per lo snorkeling e l&#8217;intero viaggio;<\/li>\n<li data-sourcepos=\"7:1-8:0\">Trasporto a Marsa Alam.<\/li>\n<\/ul>\n<p data-sourcepos=\"9:1-9:33\">Bambini fino a 5 anni &#8211; gratuito!<\/p>\n<div class=\"container\"><\/div>\n<p>[\/vc_column_text][\/vc_column][\/vc_row][vc_row][vc_column][vc_column_text]<\/p>\n<h2 data-sourcepos=\"5:1-5:24\">Informazioni aggiuntive:<\/h2>\n<ul>\n<li data-sourcepos=\"7:1-7:152\">Importante! A causa dei requisiti del parco nazionale, \u00e8 necessario inviare una foto del proprio passaporto al momento della prenotazione del programma;<\/li>\n<li data-sourcepos=\"7:1-7:152\">Le immersioni possono essere organizzate con un costo aggiuntivo: +$30 per una immersione, +$40 per due immersioni &#8211; il prezzo \u00e8 valido se prenotato in anticipo dal sito web. Se si dispone di un certificato Padi, il prezzo del tour con immersioni sar\u00e0 di $130;<\/li>\n<li data-sourcepos=\"7:1-7:152\">\u00c8 possibile organizzare questo tour da Hurghada, il pagamento aggiuntivo per il trasferimento sar\u00e0 di +$80 (\u00e8 richiesto un acconto di $50) in entrambe le direzioni per un&#8217;auto fino a 4 persone. La partenza \u00e8 prevista intorno alle 06:00, il ritorno intorno alle 19:00, il viaggio dura circa 2,5 ore a tratta;<\/li>\n<li data-sourcepos=\"7:1-7:152\">Una guida di lingua russa potrebbe essere assente, poich\u00e9 il programma \u00e8 frequentato da pochi turisti di lingua russa. Marsa Alam non \u00e8 generalmente popolare tra loro, e l&#8217;organizzatore di questo programma \u00e8 l&#8217;unico;<\/li>\n<li data-sourcepos=\"7:1-7:152\">La capacit\u00e0 degli yacht \u00e8 da 20 a 40 persone, gli yacht sono spaziosi, ci sar\u00e0 spazio sufficiente per tutti, esiste un limite di capacit\u00e0 stabilito dalla polizia turistica<\/li>\n<\/ul>\n<p>[\/vc_column_text][\/vc_column][\/vc_row][\/vc_section][vc_section][vc_row][vc_column]<div id=\"kapee-header-33849\" class=\"kapee-element kapee-heading text-left kapee-width-100 separator-none separator-between-heading\">\t\n\t\t\t\n\t\t\t<div class=\"heading-wrap\">\n\t\t\t<span class=\"separator-left\"><\/span>\n\t\t\t<h2 class=\"heading-title\">Domande frequenti (FAQ): <\/h2>\t\t\t<span class=\"separator-right\"><\/span>\n\t\t\t\t\t<\/div>\n\t\t\n    <\/div>[vc_toggle title=&#8221;Il vostro prezzo \u00e8 cos\u00ec basso&#8230; Probabilmente state facendo un servizio di bassa qualit\u00e0?&#8221; style=&#8221;square_outline&#8221; color=&#8221;sky&#8221;]Offriamo davvero alcuni dei prezzi pi\u00f9 bassi mantenendo un alto livello di servizio. Il motivo \u00e8 che siamo una societ\u00e0 di prenotazioni online per grandi operatori turistici in Egitto, il che ci consente di offrire prezzi molto competitivi grazie al nostro ampio volume di turisti. Prenotando con noi, ricevi un servizio di alta qualit\u00e0 senza pagare eccessivamente gli intermediari.[\/vc_toggle][vc_toggle title=&#8221;Che tipo di autobus e trasferimenti avete?&#8221; style=&#8221;square_outline&#8221; color=&#8221;sky&#8221;]Una variet\u00e0 di trasporti \u00e8 disponibile per l&#8217;uso degli organizzatori dell&#8217;evento all&#8217;interno del parco, tra cui auto, minivan e comodi autobus. Tutti i veicoli sono dotati di aria condizionata e sistemi di sicurezza. Per viaggi pi\u00f9 lunghi, vengono forniti autobus con servizi igienici. Inoltre, tutti i veicoli vengono sottoposti a regolari controlli di manutenzione e sanificazione, e possiedono le necessarie autorizzazioni turistiche. Inoltre, i conducenti vengono sottoposti a ispezioni dalla polizia turistica prima di ogni lungo viaggio.[\/vc_toggle][vc_toggle title=&#8221;Come e quando pago per il tour?&#8221; style=&#8221;square_outline&#8221; color=&#8221;sky&#8221;]Lavoriamo senza pagamento anticipato. Tutti i tour di gruppo vengono pagati sull&#8217;autobus o durante il tour stesso. Le eccezioni sono i pagamenti anticipati per i tour privati e i tour che richiedono l&#8217;acquisto di biglietti aerei o l&#8217;elaborazione di documenti. I nostri programmi principali vengono pagati direttamente durante il trasferimento o all&#8217;inizio del tour. Non \u00e8 necessario cercare qualcuno per pagare il tour. Un dipendente dell&#8217;organizzatore si avviciner\u00e0 a te. Puoi pagare in contanti in dollari USA, euro o sterline egiziane. Per la tua comodit\u00e0, offriamo anche la possibilit\u00e0 di trasferire fondi su una carta bancaria in rubli, grivnie ed euro al tasso di cambio o su un portafoglio di criptovaluta in USDT, prima del tour. Per informazioni pi\u00f9 dettagliate sui metodi di pagamento e sui rimborsi, consulta qui.[\/vc_toggle][vc_toggle title=&#8221;Hai una licenza turistica?&#8221; style=&#8221;square_outline&#8221; color=&#8221;sky&#8221;]L&#8217;Egitto \u00e8 un paese altamente regolamentato, specialmente quando si tratta di turismo. Affinch\u00e9 qualsiasi veicolo o yacht possa partire per un&#8217;escursione, \u00e8 necessario ottenere permessi giornalieri sia dalla polizia che dai militari. Se gli operatori turistici non hanno una valida licenza turistica, naturalmente non gli verranno concessi questi permessi. Ecco perch\u00e9 per alcune escursioni, potremmo richiedere copie dei vostri voucher e passaporti (questo vale per le escursioni marine a Sharm El-Sheikh, i tour privati e alcuni tour di gruppo se coinvolgono l&#8217;uscita dalla citt\u00e0. Per altre escursioni, i permessi vengono semplicemente rilasciati in base al numero di persone e non sono necessari i dettagli del passaporto).[\/vc_toggle][vc_toggle title=&#8221;Siamo assicurati durante l&#8217;escursione?&#8221; style=&#8221;square_outline&#8221; color=&#8221;sky&#8221;]<\/p>\n<p data-sourcepos=\"3:1-3:250\">Sfortunatamente, alcune guide degli hotel cercano di convincere i turisti che la loro assicurazione di viaggio \u00e8 presumibilmente invalida se prenotano escursioni con operatori turistici esterni, invece della loro stessa compagnia. Questo non \u00e8 vero.<\/p>\n<p data-sourcepos=\"5:1-5:148\">Innanzitutto, la tua assicurazione di viaggio \u00e8 valida in tutto l&#8217;Egitto, proprio come lo sarebbe se prenotassi con la compagnia di tour dell&#8217;hotel.<\/p>\n<p data-sourcepos=\"7:1-7:381\">In secondo luogo, se sei su una barca, un autobus o un altro mezzo di trasporto, l&#8217;organizzatore si assume la piena responsabilit\u00e0 assicurativa nei confronti dei passeggeri. Altrimenti, semplicemente non sarebbero in grado di ottenere un permesso per condurre attivit\u00e0 turistiche. L&#8217;Egitto ha regolamenti turistici piuttosto rigidi e sono necessari permessi prima di ogni viaggio.<\/p>\n<p>[\/vc_toggle][vc_toggle title=&#8221;Come posso recuperare un oggetto perso durante un tour?&#8221; style=&#8221;square_outline&#8221; color=&#8221;sky&#8221;]Ricordiamo sempre ai nostri ospiti di controllare attentamente di avere con s\u00e9 tutti i loro effetti personali prima di uscire dall&#8217;autobus o dallo yacht alla fine del tour. Sfortunatamente, recuperare oggetti smarriti pu\u00f2 essere piuttosto difficile a causa della partenza immediata dei veicoli per la pulizia e le complessit\u00e0 della logistica egiziana. Sebbene faremo il possibile per aiutarti a ritrovare i tuoi effetti personali, non possiamo garantire un tasso di recupero del 100%. Se riusciamo a trovare il tuo oggetto, ci sar\u00e0 una tassa di consegna di $5-10. Si prega di prestare attenzione ai propri effetti personali![\/vc_toggle][vc_toggle title=&#8221;Dovrei modificare i miei piani o aspettare per il tour?&#8221; style=&#8221;square_outline&#8221; color=&#8221;sky&#8221;]Abbiamo un significativo afflusso giornaliero di richieste di prenotazione per i nostri programmi da parte dei turisti. Di conseguenza, la maggior parte delle escursioni vengono organizzate quotidianamente o in specifici giorni della settimana seguendo un programma dettagliato fornito nella descrizione di ciascun programma. Dopo la prenotazione, ti invieremo l&#8217;ora esatta del prelievo dal tuo hotel. Molti tour saranno condotti con piccoli gruppi provenienti da vari hotel che hanno acquistato escursioni attraverso gli operatori turistici. L&#8217;unica differenza \u00e8 che i nostri prezzi sono del 40-60% pi\u00f9 bassi (i nostri organizzatori conducono tutte le principali escursioni a Hurghada e Sharm El-Sheikh per turisti di lingua russa).[\/vc_toggle][vc_toggle title=&#8221;Dove posso trovare il fotografo che ha scattato le foto durante il tour?&#8221; style=&#8221;square_outline&#8221; color=&#8221;sky&#8221;]Vorremmo informarvi che i fotografi che vi accompagnano durante le escursioni agiscono come rappresentanti indipendenti dei loro studi fotografici. Non fanno parte del nostro servizio online o del team organizzatore del programma. Tutti i termini e le condizioni relativi al servizio fotografico e al suo pagamento vengono discussi e concordati direttamente tra voi e il fotografo. Consigliamo di avvicinarsi ai pagamenti anticipati con cautela e di assicurarsi l&#8217;affidabilit\u00e0 dei servizi, nonch\u00e9 di ottenere tutte le informazioni di contatto del fotografo prima di effettuare qualsiasi pagamento.[\/vc_toggle][\/vc_column][\/vc_row][\/vc_section]<\/p>\n<\/section>","protected":false},"excerpt":{"rendered":"<p>Prezzo per adulti (13 anni e pi\u00f9) $40.<br \/>\nPrezzo per bambini (da 6 a 12 anni) $20.<br \/>\nDurata stimata 8 ore.<br \/>\nGiorni della settimana luned\u00ec, mercoled\u00ec e venerd\u00ec.<\/p>\n<ul>\n<li>Prenota in 3 minuti.<\/li>\n<li>Nessun pagamento anticipato richiesto.<\/li>\n<li>Trasferimento dall&#8217;hotel.<\/li>\n<li>Assicurazione valida.<\/li>\n<li>Guida accompagnatrice.<\/li>\n<li>Nessun pagamento o commissione aggiuntivo.<\/li>\n<li>Foto e recensioni reali.<\/li>\n<li>Gestore personale.<\/li>\n<\/ul>\n","protected":false},"featured_media":624,"template":"","meta":[],"product_cat":[34],"product_tag":[],"class_list":{"0":"post-623","1":"product","2":"type-product","3":"status-publish","4":"has-post-thumbnail","6":"product_cat-marsa-alam-sea-excursions","8":"first","9":"instock","10":"shipping-taxable","11":"purchasable","12":"product-type-simple"},"_links":{"self":[{"href":"https:\/\/www.starkhattabychtours.com\/it\/wp-json\/wp\/v2\/product\/623","targetHints":{"allow":["GET"]}}],"collection":[{"href":"https:\/\/www.starkhattabychtours.com\/it\/wp-json\/wp\/v2\/product"}],"about":[{"href":"https:\/\/www.starkhattabychtours.com\/it\/wp-json\/wp\/v2\/types\/product"}],"wp:featuredmedia":[{"embeddable":true,"href":"https:\/\/www.starkhattabychtours.com\/it\/wp-json\/wp\/v2\/media\/624"}],"wp:attachment":[{"href":"https:\/\/www.starkhattabychtours.com\/it\/wp-json\/wp\/v2\/media?parent=623"}],"wp:term":[{"taxonomy":"product_cat","embeddable":true,"href":"https:\/\/www.starkhattabychtours.com\/it\/wp-json\/wp\/v2\/product_cat?post=623"},{"taxonomy":"product_tag","embeddable":true,"href":"https:\/\/www.starkhattabychtours.com\/it\/wp-json\/wp\/v2\/product_tag?post=623"}],"curies":[{"name":"wp","href":"https:\/\/api.w.org\/{rel}","templated":true}]}}