{"id":627,"date":"2024-09-30T04:31:41","date_gmt":"2024-09-30T04:31:41","guid":{"rendered":"https:\/\/www.starkhattabychtours.com\/it\/?post_type=product&#038;p=627"},"modified":"2024-10-05T10:43:06","modified_gmt":"2024-10-05T10:43:06","slug":"dolphin-house-sataya-reef-in-marsa-alam","status":"publish","type":"product","link":"https:\/\/www.starkhattabychtours.com\/it\/tour\/dolphin-house-sataya-reef-in-marsa-alam","title":{"rendered":"La casa dei delfini (Sataya Reef) a Marsa Alam"},"content":{"rendered":"<section class=\"wpb-content-wrapper\"><p>[vc_section][vc_row][vc_column width=&#8221;1\/2&#8243;][vc_column_text]Questa barriera corallina \u00e8 anche chiamata &#8220;Dolphin Reef&#8221;, ha la forma di una U, dove vivono intere famiglie di questi bellissimi mammiferi. Questa riserva senza recinzioni \u00e8 abitata da molti altri abitanti del Mar Rosso: tartarughe, serpenti marini, nudibranchi, pesci pappagallo e molte altre creature interessanti. Inoltre, qui ci sono grotte e tunnel sottomarini.<\/p>\n<p>Avrete l&#8217;opportunit\u00e0 di nuotare con questi incredibili animali in mare aperto, ascoltarli &#8220;parlare&#8221; e provare molte emozioni positive. La probabilit\u00e0 di vedere i delfini \u00e8 fino al 90% (nuotare con i delfini \u00e8 assolutamente sicuro, sarete accompagnati da un istruttore).<\/p>\n<h5>ATTENZIONE! \u00c8 possibile effettuare immersioni con questo programma, ulteriori dettagli di seguito nella sezione Informazioni aggiuntive<\/h5>\n<p>[\/vc_column_text][\/vc_column][vc_column width=&#8221;1\/2&#8243;][vc_single_image image=&#8221;629&#8243; img_size=&#8221;full&#8221;][\/vc_column][\/vc_row][vc_row][vc_column width=&#8221;1\/2&#8243;][vc_column_text]<\/p>\n<h3 data-sourcepos=\"1:1-1:48\">Ecco una descrizione di ci\u00f2 che include il tour:<\/h3>\n<p data-sourcepos=\"3:1-3:229\"><strong>Prelievo dall&#8217;hotel:<\/strong> Il tour verr\u00e0 a prenderti dal tuo hotel intorno alle 5:00 AM (l&#8217;ora esatta verr\u00e0 confermata dopo la prenotazione). Il viaggio dall&#8217;hotel al porto dura circa 2 ore, a seconda della posizione del tuo hotel.<\/p>\n<p data-sourcepos=\"5:1-5:81\"><strong>Partenza:<\/strong> Lo yacht partir\u00e0 verso la baia di Sataya Reef intorno alle 8:30 AM.<\/p>\n<p data-sourcepos=\"7:1-7:259\"><strong>Snorkeling e nuoto con i delfini:<\/strong> Ci saranno due soste alla barriera corallina per lo snorkeling in acque poco profonde e il nuoto con i delfini. La profondit\u00e0 varia da 3 a 18 metri e ogni tappa durer\u00e0 circa un&#8217;ora (a seconda della decisione della guida).<\/p>\n<p data-sourcepos=\"9:1-9:156\"><strong>Pranzo e rinfreschi:<\/strong> A bordo dello yacht, durante tutta la giornata, verr\u00e0 servito un pranzo a buffet e bevande analcoliche (t\u00e8, caff\u00e8, bibite gassate).<\/p>\n<p data-sourcepos=\"11:1-11:104\"><strong>Ritorno:<\/strong> Il tour torner\u00e0 al porto di Hamata e ti riporter\u00e0 al tuo hotel tra le 6:30 PM e le 7:00 PM<\/p>\n<p>[\/vc_column_text][\/vc_column][vc_column width=&#8221;1\/2&#8243;][vc_column_text]<\/p>\n<h3 data-sourcepos=\"3:1-3:29\">Incluso nel prezzo del tour:<\/h3>\n<p data-sourcepos=\"5:1-8:36\">Pranzo e bevande sullo yacht; Attrezzatura per lo snorkeling; Servizi di guide accompagnatrici per lo snorkeling e il viaggio stesso; Trasporto all&#8217;interno di Marsa Alam.<\/p>\n<p data-sourcepos=\"10:1-10:34\">Bambini fino a 5 anni &#8211; Gratuito!<\/p>\n<p>[\/vc_column_text][\/vc_column][\/vc_row][vc_row][vc_column][vc_column_text]<\/p>\n<h2 data-sourcepos=\"3:1-3:28\">Informazioni Aggiuntive:<\/h2>\n<ul data-sourcepos=\"5:1-10:223\">\n<li data-sourcepos=\"5:1-5:174\"><strong>Requisito della foto del passaporto:<\/strong> A causa delle normative del parco nazionale, \u00e8 richiesta una copia del tuo passaporto al momento della prenotazione di questo tour.<\/li>\n<li data-sourcepos=\"6:1-6:175\"><strong>Capacit\u00e0 dello yacht:<\/strong> Gli yacht possono ospitare tra le 20 e le 40 persone. Sono spaziosi e c&#8217;\u00e8 molto spazio per tutti. La capacit\u00e0 \u00e8 limitata dalla polizia del turismo.<\/li>\n<li data-sourcepos=\"7:1-7:321\"><strong>Partenza da Hurghada:<\/strong> Questo tour pu\u00f2 essere organizzato da Hurghada con un supplemento di $80 per auto (fino a 13 persone) per il trasporto di andata e ritorno. \u00c8 richiesto un pagamento anticipato di $50. La partenza \u00e8 intorno alle 6:00 AM, il ritorno intorno alle 7:00 PM e il viaggio dura circa 2,5 ore a tratta.<\/li>\n<li data-sourcepos=\"8:1-8:306\"><strong>Guida di lingua russa:<\/strong> Una guida di lingua russa potrebbe non essere sempre disponibile poich\u00e9 ci sono pochi turisti di lingua russa in questo programma. Marsa Alam generalmente non \u00e8 una destinazione popolare per i turisti russi e questo tour operator \u00e8 l&#8217;unico a offrire questo programma specifico.<\/li>\n<li data-sourcepos=\"9:1-9:169\"><strong>Incontro con i delfini:<\/strong> La probabilit\u00e0 di vedere i delfini \u00e8 di circa il 90%, ma la possibilit\u00e0 di nuotare con loro \u00e8 inferiore. La natura non pu\u00f2 essere prevista.<\/li>\n<li data-sourcepos=\"10:1-10:223\"><strong>Misura di sicurezza:<\/strong> Si prega di non salire sul ponte superiore bagnati. \u00c8 importante asciugarsi accuratamente con un asciugamano prima di salire. Questa \u00e8 una misura di sicurezza per evitare di scivolare sulle scale<\/li>\n<\/ul>\n<p>[\/vc_column_text][\/vc_column][\/vc_row][\/vc_section][vc_section][vc_row][vc_column]<div id=\"kapee-header-97793\" class=\"kapee-element kapee-heading text-left kapee-width-100 separator-none separator-between-heading\">\t\n\t\t\t\n\t\t\t<div class=\"heading-wrap\">\n\t\t\t<span class=\"separator-left\"><\/span>\n\t\t\t<h2 class=\"heading-title\">Domande frequenti (FAQ): <\/h2>\t\t\t<span class=\"separator-right\"><\/span>\n\t\t\t\t\t<\/div>\n\t\t\n    <\/div>[vc_toggle title=&#8221;Il vostro prezzo \u00e8 cos\u00ec basso&#8230; Probabilmente state facendo un servizio di bassa qualit\u00e0?&#8221; style=&#8221;square_outline&#8221; color=&#8221;sky&#8221;]Offriamo davvero alcuni dei prezzi pi\u00f9 bassi mantenendo un alto livello di servizio. Il motivo \u00e8 che siamo una societ\u00e0 di prenotazioni online per grandi operatori turistici in Egitto, il che ci consente di offrire prezzi molto competitivi grazie al nostro ampio volume di turisti. Prenotando con noi, ricevi un servizio di alta qualit\u00e0 senza pagare eccessivamente gli intermediari.[\/vc_toggle][vc_toggle title=&#8221;Che tipo di autobus e trasferimenti avete?&#8221; style=&#8221;square_outline&#8221; color=&#8221;sky&#8221;]Una variet\u00e0 di trasporti \u00e8 disponibile per l&#8217;uso degli organizzatori dell&#8217;evento all&#8217;interno del parco, tra cui auto, minivan e comodi autobus. Tutti i veicoli sono dotati di aria condizionata e sistemi di sicurezza. Per viaggi pi\u00f9 lunghi, vengono forniti autobus con servizi igienici. Inoltre, tutti i veicoli vengono sottoposti a regolari controlli di manutenzione e sanificazione, e possiedono le necessarie autorizzazioni turistiche. Inoltre, i conducenti vengono sottoposti a ispezioni dalla polizia turistica prima di ogni lungo viaggio.[\/vc_toggle][vc_toggle title=&#8221;Come e quando pago per il tour?&#8221; style=&#8221;square_outline&#8221; color=&#8221;sky&#8221;]Lavoriamo senza pagamento anticipato. Tutti i tour di gruppo vengono pagati sull&#8217;autobus o durante il tour stesso. Le eccezioni sono i pagamenti anticipati per i tour privati e i tour che richiedono l&#8217;acquisto di biglietti aerei o l&#8217;elaborazione di documenti. I nostri programmi principali vengono pagati direttamente durante il trasferimento o all&#8217;inizio del tour. Non \u00e8 necessario cercare qualcuno per pagare il tour. Un dipendente dell&#8217;organizzatore si avviciner\u00e0 a te. Puoi pagare in contanti in dollari USA, euro o sterline egiziane. Per la tua comodit\u00e0, offriamo anche la possibilit\u00e0 di trasferire fondi su una carta bancaria in rubli, grivnie ed euro al tasso di cambio o su un portafoglio di criptovaluta in USDT, prima del tour. Per informazioni pi\u00f9 dettagliate sui metodi di pagamento e sui rimborsi, consulta qui.[\/vc_toggle][vc_toggle title=&#8221;Hai una licenza turistica?&#8221; style=&#8221;square_outline&#8221; color=&#8221;sky&#8221;]L&#8217;Egitto \u00e8 un paese altamente regolamentato, specialmente quando si tratta di turismo. Affinch\u00e9 qualsiasi veicolo o yacht possa partire per un&#8217;escursione, \u00e8 necessario ottenere permessi giornalieri sia dalla polizia che dai militari. Se gli operatori turistici non hanno una valida licenza turistica, naturalmente non gli verranno concessi questi permessi. Ecco perch\u00e9 per alcune escursioni, potremmo richiedere copie dei vostri voucher e passaporti (questo vale per le escursioni marine a Sharm El-Sheikh, i tour privati e alcuni tour di gruppo se coinvolgono l&#8217;uscita dalla citt\u00e0. Per altre escursioni, i permessi vengono semplicemente rilasciati in base al numero di persone e non sono necessari i dettagli del passaporto).[\/vc_toggle][vc_toggle title=&#8221;Siamo assicurati durante l&#8217;escursione?&#8221; style=&#8221;square_outline&#8221; color=&#8221;sky&#8221;]<\/p>\n<p data-sourcepos=\"3:1-3:250\">Sfortunatamente, alcune guide degli hotel cercano di convincere i turisti che la loro assicurazione di viaggio \u00e8 presumibilmente invalida se prenotano escursioni con operatori turistici esterni, invece della loro stessa compagnia. Questo non \u00e8 vero.<\/p>\n<p data-sourcepos=\"5:1-5:148\">Innanzitutto, la tua assicurazione di viaggio \u00e8 valida in tutto l&#8217;Egitto, proprio come lo sarebbe se prenotassi con la compagnia di tour dell&#8217;hotel.<\/p>\n<p data-sourcepos=\"7:1-7:381\">In secondo luogo, se sei su una barca, un autobus o un altro mezzo di trasporto, l&#8217;organizzatore si assume la piena responsabilit\u00e0 assicurativa nei confronti dei passeggeri. Altrimenti, semplicemente non sarebbero in grado di ottenere un permesso per condurre attivit\u00e0 turistiche. L&#8217;Egitto ha regolamenti turistici piuttosto rigidi e sono necessari permessi prima di ogni viaggio.<\/p>\n<p>[\/vc_toggle][vc_toggle title=&#8221;Come posso recuperare un oggetto perso durante un tour?&#8221; style=&#8221;square_outline&#8221; color=&#8221;sky&#8221;]Ricordiamo sempre ai nostri ospiti di controllare attentamente di avere con s\u00e9 tutti i loro effetti personali prima di uscire dall&#8217;autobus o dallo yacht alla fine del tour. Sfortunatamente, recuperare oggetti smarriti pu\u00f2 essere piuttosto difficile a causa della partenza immediata dei veicoli per la pulizia e le complessit\u00e0 della logistica egiziana. Sebbene faremo il possibile per aiutarti a ritrovare i tuoi effetti personali, non possiamo garantire un tasso di recupero del 100%. Se riusciamo a trovare il tuo oggetto, ci sar\u00e0 una tassa di consegna di $5-10. Si prega di prestare attenzione ai propri effetti personali![\/vc_toggle][vc_toggle title=&#8221;Dovrei modificare i miei piani o aspettare per il tour?&#8221; style=&#8221;square_outline&#8221; color=&#8221;sky&#8221;]Abbiamo un significativo afflusso giornaliero di richieste di prenotazione per i nostri programmi da parte dei turisti. Di conseguenza, la maggior parte delle escursioni vengono organizzate quotidianamente o in specifici giorni della settimana seguendo un programma dettagliato fornito nella descrizione di ciascun programma. Dopo la prenotazione, ti invieremo l&#8217;ora esatta del prelievo dal tuo hotel. Molti tour saranno condotti con piccoli gruppi provenienti da vari hotel che hanno acquistato escursioni attraverso gli operatori turistici. L&#8217;unica differenza \u00e8 che i nostri prezzi sono del 40-60% pi\u00f9 bassi (i nostri organizzatori conducono tutte le principali escursioni a Hurghada e Sharm El-Sheikh per turisti di lingua russa).[\/vc_toggle][vc_toggle title=&#8221;Dove posso trovare il fotografo che ha scattato le foto durante il tour?&#8221; style=&#8221;square_outline&#8221; color=&#8221;sky&#8221;]Vorremmo informarvi che i fotografi che vi accompagnano durante le escursioni agiscono come rappresentanti indipendenti dei loro studi fotografici. Non fanno parte del nostro servizio online o del team organizzatore del programma. Tutti i termini e le condizioni relativi al servizio fotografico e al suo pagamento vengono discussi e concordati direttamente tra voi e il fotografo. Consigliamo di avvicinarsi ai pagamenti anticipati con cautela e di assicurarsi l&#8217;affidabilit\u00e0 dei servizi, nonch\u00e9 di ottenere tutte le informazioni di contatto del fotografo prima di effettuare qualsiasi pagamento.[\/vc_toggle][\/vc_column][\/vc_row][\/vc_section]<\/p>\n<\/section>","protected":false},"excerpt":{"rendered":"<p>Prezzo &#8211; Adulti (13+) $55<br \/>\nPrezzo &#8211; Bambini (6-12) $28<br \/>\nDurata prevista 11 ore<br \/>\nGiorni della settimana Luned\u00ec, Mercoled\u00ec, Venerd\u00ec<\/p>\n<ul>\n<li>Prenotazione in 3 minuti<\/li>\n<li>Nessun pagamento anticipato<\/li>\n<li>Trasferimento in hotel<\/li>\n<li>Assicurazione valida<\/li>\n<li>Guida accompagnatrice<\/li>\n<li>Nessuna tassa o commissione aggiuntiva<\/li>\n<li>Foto e recensioni reali<\/li>\n<li>Gestore personale<\/li>\n<\/ul>\n","protected":false},"featured_media":628,"template":"","meta":[],"product_cat":[34],"product_tag":[],"class_list":{"0":"post-627","1":"product","2":"type-product","3":"status-publish","4":"has-post-thumbnail","6":"product_cat-marsa-alam-sea-excursions","8":"first","9":"instock","10":"shipping-taxable","11":"purchasable","12":"product-type-simple"},"_links":{"self":[{"href":"https:\/\/www.starkhattabychtours.com\/it\/wp-json\/wp\/v2\/product\/627","targetHints":{"allow":["GET"]}}],"collection":[{"href":"https:\/\/www.starkhattabychtours.com\/it\/wp-json\/wp\/v2\/product"}],"about":[{"href":"https:\/\/www.starkhattabychtours.com\/it\/wp-json\/wp\/v2\/types\/product"}],"wp:featuredmedia":[{"embeddable":true,"href":"https:\/\/www.starkhattabychtours.com\/it\/wp-json\/wp\/v2\/media\/628"}],"wp:attachment":[{"href":"https:\/\/www.starkhattabychtours.com\/it\/wp-json\/wp\/v2\/media?parent=627"}],"wp:term":[{"taxonomy":"product_cat","embeddable":true,"href":"https:\/\/www.starkhattabychtours.com\/it\/wp-json\/wp\/v2\/product_cat?post=627"},{"taxonomy":"product_tag","embeddable":true,"href":"https:\/\/www.starkhattabychtours.com\/it\/wp-json\/wp\/v2\/product_tag?post=627"}],"curies":[{"name":"wp","href":"https:\/\/api.w.org\/{rel}","templated":true}]}}