{"id":63,"date":"2024-09-03T10:23:30","date_gmt":"2024-09-03T10:23:30","guid":{"rendered":"https:\/\/www.starkhattabychtours.com\/it\/?post_type=product&#038;p=63"},"modified":"2024-10-05T17:13:02","modified_gmt":"2024-10-05T17:13:02","slug":"sightseeing-tour-of-hurghada-individual","status":"publish","type":"product","link":"https:\/\/www.starkhattabychtours.com\/it\/tour\/sightseeing-tour-of-hurghada-individual","title":{"rendered":"Tour Turistico di Hurghada (Individuale)"},"content":{"rendered":"<section class=\"wpb-content-wrapper\"><p>[vc_section][vc_row][vc_column width=&#8221;1\/2&#8243;][vc_column_text]<\/p>\n<p data-sourcepos=\"3:1-3:164\">Benvenuto a un tour completo di Hurghada, una delle localit\u00e0 turistiche pi\u00f9 popolari in Egitto! Vedrai i luoghi pi\u00f9 luminosi e significativi di questo posto unico.<\/p>\n<p data-sourcepos=\"5:1-5:210\">Il nostro tour include i luoghi pi\u00f9 interessanti della citt\u00e0: la moschea, il mercato dei frutti, la pasticceria e altri luoghi che la tua guida ti suggerir\u00e0 o che puoi scegliere tu stesso durante il programma.<\/p>\n<p data-sourcepos=\"7:1-7:385\">Il porto turistico \u00e8 anche un punto di sosta. Qui puoi goderti splendide viste sul mare, una piacevole passeggiata lungo la promenade e scoprire molti accoglienti ristoranti e caff\u00e8. Il porto turistico \u00e8 un luogo dove il mare, il sole e bellissimi yacht si combinano in una vista meravigliosa. E nelle vicinanze si trova il mercato centrale del pesce, importante per alcuni buongustai.<\/p>\n<p data-sourcepos=\"9:1-9:232\">Se desideri fare scorta di souvenir, regali unici, oli naturali o prodotti farmaceutici per te e i tuoi cari, una guida di lingua russa (su richiesta) ti indicher\u00e0 dove puoi farlo in modo pi\u00f9 conveniente e in un luogo non turistico.<\/p>\n<p>[\/vc_column_text][\/vc_column][vc_column width=&#8221;1\/2&#8243;][vc_images_carousel images=&#8221;675,674,673&#8243; img_size=&#8221;full&#8221; onclick=&#8221;link_no&#8221; autoplay=&#8221;yes&#8221; wrap=&#8221;yes&#8221;][\/vc_column][\/vc_row][vc_row][vc_column][vc_column_text]<\/p>\n<p data-sourcepos=\"11:1-11:334\">Un piacevole bonus sar\u00e0 il mercato dei frutti (spesso le persone visitano questo paese per il mare, la storia e i frutti) &#8211; una fiera cittadina con frutta e verdura fresca, dolci e spezie locali. Puoi provare e acquistare frutti di diverse variet\u00e0, acquistare deliziosi regali per gli amici e goderti gli aromi e i sapori dell&#8217;Egitto.<\/p>\n<p data-sourcepos=\"13:1-13:279\">Moschee, la Cattedrale Copta, una bella passeggiata, negozi di souvenir, mercati di frutta e pesce &#8211; tutte queste scoperte e immersione nella cultura e nella storia di questo incredibile paese puoi realizzare per soli $25 &#8211; per qualsiasi numero di persone nella tua prenotazione.<\/p>\n<p data-sourcepos=\"15:1-15:175\">Leggi le recensioni qui sotto. Il tuo viaggio a Hurghada sar\u00e0 davvero indimenticabile grazie al nostro tour turistico. Unisciti a noi e immergiti nel mondo unico di Hurghada!<\/p>\n<p>[\/vc_column_text][\/vc_column][\/vc_row][\/vc_section][vc_section][vc_row][vc_column width=&#8221;1\/2&#8243;][vc_column_text]<\/p>\n<h2 data-sourcepos=\"3:1-3:28\"><strong>Cosa \u00e8 incluso nel tour:<\/strong><\/h2>\n<ul data-sourcepos=\"5:1-10:28\">\n<li data-sourcepos=\"5:1-5:44\">La moschea pi\u00f9 grande e nuova di Hurghada;<\/li>\n<li data-sourcepos=\"6:1-6:40\">Mercati di frutta e pesce (opzionali);<\/li>\n<li data-sourcepos=\"7:1-7:83\">La bellissima passeggiata della Marina, dove si trovano yacht, navi e ristoranti;<\/li>\n<li data-sourcepos=\"8:1-8:38\">Farmacie affidabili (se necessario);<\/li>\n<li data-sourcepos=\"9:1-9:28\">Negozi di souvenir e olio;<\/li>\n<li data-sourcepos=\"10:1-10:28\">Una pasticceria orientale.<\/li>\n<\/ul>\n<p>[\/vc_column_text][\/vc_column][vc_column width=&#8221;1\/2&#8243;][vc_column_text]<\/p>\n<div class=\"presented-response-container ng-tns-c1254682528-680\">\n<div class=\"response-container-content ng-tns-c1254682528-680 tunable-selection-with-avatar\">\n<div class=\"response-content ng-tns-c1254682528-680\">\n<div class=\"markdown markdown-main-panel\" dir=\"ltr\">\n<h2 data-sourcepos=\"3:1-3:32\"><strong>Incluso nel prezzo del tour:<\/strong><\/h2>\n<ul data-sourcepos=\"5:1-6:326\">\n<li data-sourcepos=\"5:1-5:39\">Servizi di una guida di lingua russa;<\/li>\n<li data-sourcepos=\"6:1-6:326\">Trasporto all&#8217;interno di Hurghada (aree El Gouna, Sahl Hasheesh e Makadi Bay: sovrapprezzo di $10* andata e ritorno per auto fino a 6 persone. Aree Soma Bay e Safaga: sovrapprezzo di $20* andata e ritorno. *Il prezzo \u00e8 indicato per una prenotazione andata e ritorno, fino a 6 persone. Il trasferimento pu\u00f2 essere di gruppo).<\/li>\n<\/ul>\n<\/div>\n<div class=\"skeleton-loader-container\"><\/div>\n<div class=\"response-footer gap complete\"><\/div>\n<\/div>\n<\/div>\n<\/div>\n<div class=\"response-container-footer ng-tns-c1254682528-680\">\n<div class=\"actions-container-v2 ng-star-inserted\">\n<div class=\"buttons-container-v2 ng-star-inserted\">\n<div class=\"thumbs-up-animation-container\" hidden=\"\"><\/div>\n<div class=\"thumbs-down-animation-container\" hidden=\"\"><\/div>\n<div class=\"menu-button-wrapper ng-star-inserted\"><\/div>\n<p>&nbsp;<\/p>\n<div class=\"menu-button-wrapper ng-star-inserted\">\n<div class=\"more-menu-button-container ng-star-inserted\"><\/div>\n<\/div>\n<div class=\"spacer ng-star-inserted\"><\/div>\n<\/div>\n<\/div>\n<\/div>\n<p>[\/vc_column_text][\/vc_column][\/vc_row][\/vc_section][vc_section][vc_row][vc_column]<div id=\"kapee-header-23562\" class=\"kapee-element kapee-heading text-left kapee-width-100 separator-none separator-between-heading\">\t\n\t\t\t\n\t\t\t<div class=\"heading-wrap\">\n\t\t\t<span class=\"separator-left\"><\/span>\n\t\t\t<h2 class=\"heading-title\">Domande frequenti (FAQ): <\/h2>\t\t\t<span class=\"separator-right\"><\/span>\n\t\t\t\t\t<\/div>\n\t\t\n    <\/div>[vc_toggle title=&#8221;Il vostro prezzo \u00e8 cos\u00ec basso&#8230; Probabilmente state facendo un servizio di bassa qualit\u00e0?&#8221; style=&#8221;square_outline&#8221; color=&#8221;sky&#8221;]Offriamo davvero alcuni dei prezzi pi\u00f9 bassi mantenendo un alto livello di servizio. Il motivo \u00e8 che siamo una societ\u00e0 di prenotazioni online per grandi operatori turistici in Egitto, il che ci consente di offrire prezzi molto competitivi grazie al nostro ampio volume di turisti. Prenotando con noi, ricevi un servizio di alta qualit\u00e0 senza pagare eccessivamente gli intermediari.[\/vc_toggle][vc_toggle title=&#8221;Che tipo di autobus e trasferimenti avete?&#8221; style=&#8221;square_outline&#8221; color=&#8221;sky&#8221;]Una variet\u00e0 di trasporti \u00e8 disponibile per l&#8217;uso degli organizzatori dell&#8217;evento all&#8217;interno del parco, tra cui auto, minivan e comodi autobus. Tutti i veicoli sono dotati di aria condizionata e sistemi di sicurezza. Per viaggi pi\u00f9 lunghi, vengono forniti autobus con servizi igienici. Inoltre, tutti i veicoli vengono sottoposti a regolari controlli di manutenzione e sanificazione, e possiedono le necessarie autorizzazioni turistiche. Inoltre, i conducenti vengono sottoposti a ispezioni dalla polizia turistica prima di ogni lungo viaggio.[\/vc_toggle][vc_toggle title=&#8221;Come e quando pago per il tour?&#8221; style=&#8221;square_outline&#8221; color=&#8221;sky&#8221;]Lavoriamo senza pagamento anticipato. Tutti i tour di gruppo vengono pagati sull&#8217;autobus o durante il tour stesso. Le eccezioni sono i pagamenti anticipati per i tour privati e i tour che richiedono l&#8217;acquisto di biglietti aerei o l&#8217;elaborazione di documenti. I nostri programmi principali vengono pagati direttamente durante il trasferimento o all&#8217;inizio del tour. Non \u00e8 necessario cercare qualcuno per pagare il tour. Un dipendente dell&#8217;organizzatore si avviciner\u00e0 a te. Puoi pagare in contanti in dollari USA, euro o sterline egiziane. Per la tua comodit\u00e0, offriamo anche la possibilit\u00e0 di trasferire fondi su una carta bancaria in rubli, grivnie ed euro al tasso di cambio o su un portafoglio di criptovaluta in USDT, prima del tour. Per informazioni pi\u00f9 dettagliate sui metodi di pagamento e sui rimborsi, consulta qui.[\/vc_toggle][vc_toggle title=&#8221;Hai una licenza turistica?&#8221; style=&#8221;square_outline&#8221; color=&#8221;sky&#8221;]L&#8217;Egitto \u00e8 un paese altamente regolamentato, specialmente quando si tratta di turismo. Affinch\u00e9 qualsiasi veicolo o yacht possa partire per un&#8217;escursione, \u00e8 necessario ottenere permessi giornalieri sia dalla polizia che dai militari. Se gli operatori turistici non hanno una valida licenza turistica, naturalmente non gli verranno concessi questi permessi. Ecco perch\u00e9 per alcune escursioni, potremmo richiedere copie dei vostri voucher e passaporti (questo vale per le escursioni marine a Sharm El-Sheikh, i tour privati e alcuni tour di gruppo se coinvolgono l&#8217;uscita dalla citt\u00e0. Per altre escursioni, i permessi vengono semplicemente rilasciati in base al numero di persone e non sono necessari i dettagli del passaporto).[\/vc_toggle][vc_toggle title=&#8221;Siamo assicurati durante l&#8217;escursione?&#8221; style=&#8221;square_outline&#8221; color=&#8221;sky&#8221;]<\/p>\n<p data-sourcepos=\"3:1-3:250\">Sfortunatamente, alcune guide degli hotel cercano di convincere i turisti che la loro assicurazione di viaggio \u00e8 presumibilmente invalida se prenotano escursioni con operatori turistici esterni, invece della loro stessa compagnia. Questo non \u00e8 vero.<\/p>\n<p data-sourcepos=\"5:1-5:148\">Innanzitutto, la tua assicurazione di viaggio \u00e8 valida in tutto l&#8217;Egitto, proprio come lo sarebbe se prenotassi con la compagnia di tour dell&#8217;hotel.<\/p>\n<p data-sourcepos=\"7:1-7:381\">In secondo luogo, se sei su una barca, un autobus o un altro mezzo di trasporto, l&#8217;organizzatore si assume la piena responsabilit\u00e0 assicurativa nei confronti dei passeggeri. Altrimenti, semplicemente non sarebbero in grado di ottenere un permesso per condurre attivit\u00e0 turistiche. L&#8217;Egitto ha regolamenti turistici piuttosto rigidi e sono necessari permessi prima di ogni viaggio.<\/p>\n<p>[\/vc_toggle][vc_toggle title=&#8221;Come posso recuperare un oggetto perso durante un tour?&#8221; style=&#8221;square_outline&#8221; color=&#8221;sky&#8221;]Ricordiamo sempre ai nostri ospiti di controllare attentamente di avere con s\u00e9 tutti i loro effetti personali prima di uscire dall&#8217;autobus o dallo yacht alla fine del tour. Sfortunatamente, recuperare oggetti smarriti pu\u00f2 essere piuttosto difficile a causa della partenza immediata dei veicoli per la pulizia e le complessit\u00e0 della logistica egiziana. Sebbene faremo il possibile per aiutarti a ritrovare i tuoi effetti personali, non possiamo garantire un tasso di recupero del 100%. Se riusciamo a trovare il tuo oggetto, ci sar\u00e0 una tassa di consegna di $5-10. Si prega di prestare attenzione ai propri effetti personali![\/vc_toggle][vc_toggle title=&#8221;Dovrei modificare i miei piani o aspettare per il tour?&#8221; style=&#8221;square_outline&#8221; color=&#8221;sky&#8221;]Abbiamo un significativo afflusso giornaliero di richieste di prenotazione per i nostri programmi da parte dei turisti. Di conseguenza, la maggior parte delle escursioni vengono organizzate quotidianamente o in specifici giorni della settimana seguendo un programma dettagliato fornito nella descrizione di ciascun programma. Dopo la prenotazione, ti invieremo l&#8217;ora esatta del prelievo dal tuo hotel. Molti tour saranno condotti con piccoli gruppi provenienti da vari hotel che hanno acquistato escursioni attraverso gli operatori turistici. L&#8217;unica differenza \u00e8 che i nostri prezzi sono del 40-60% pi\u00f9 bassi (i nostri organizzatori conducono tutte le principali escursioni a Hurghada e Sharm El-Sheikh per turisti di lingua russa).[\/vc_toggle][vc_toggle title=&#8221;Dove posso trovare il fotografo che ha scattato le foto durante il tour?&#8221; style=&#8221;square_outline&#8221; color=&#8221;sky&#8221;]Vorremmo informarvi che i fotografi che vi accompagnano durante le escursioni agiscono come rappresentanti indipendenti dei loro studi fotografici. Non fanno parte del nostro servizio online o del team organizzatore del programma. Tutti i termini e le condizioni relativi al servizio fotografico e al suo pagamento vengono discussi e concordati direttamente tra voi e il fotografo. Consigliamo di avvicinarsi ai pagamenti anticipati con cautela e di assicurarsi l&#8217;affidabilit\u00e0 dei servizi, nonch\u00e9 di ottenere tutte le informazioni di contatto del fotografo prima di effettuare qualsiasi pagamento.[\/vc_toggle][\/vc_column][\/vc_row][\/vc_section]<\/p>\n<\/section>","protected":false},"excerpt":{"rendered":"<ul>\n<li data-sourcepos=\"3:1-3:47\"><strong>Prezzo:<\/strong> Adulti (dai 13 anni in su) da $5<\/li>\n<li data-sourcepos=\"4:1-4:45\"><strong>Prezzo:<\/strong> Bambini (dai 6 ai 12 anni) $2,5<\/li>\n<li data-sourcepos=\"5:1-5:27\"><strong>Durata stimata:<\/strong> 3 ore<\/li>\n<li data-sourcepos=\"6:1-6:24\"><strong>Giorni:<\/strong> Quotidiano<\/li>\n<\/ul>\n<p>&nbsp;<\/p>\n<ul>\n<li data-sourcepos=\"5:1-12:18\">Prenota in 3 minuti<\/li>\n<li data-sourcepos=\"5:1-12:18\">Nessun pagamento anticipato richiesto<\/li>\n<li data-sourcepos=\"5:1-12:18\">Trasferimento dall&#8217;hotel<\/li>\n<li data-sourcepos=\"5:1-12:18\">incluso Assicurazione in vigore<\/li>\n<li data-sourcepos=\"5:1-12:18\">Guida di lingua russa<\/li>\n<li data-sourcepos=\"5:1-12:18\">Nessuna tassa o commissione aggiuntiva<\/li>\n<li data-sourcepos=\"5:1-12:18\">Foto e recensioni reali<\/li>\n<li data-sourcepos=\"5:1-12:18\">Gestore personale<\/li>\n<\/ul>\n","protected":false},"featured_media":224,"template":"","meta":[],"product_cat":[16],"product_tag":[],"class_list":{"0":"post-63","1":"product","2":"type-product","3":"status-publish","4":"has-post-thumbnail","6":"product_cat-historical-from-hurghada","8":"first","9":"instock","10":"shipping-taxable","11":"purchasable","12":"product-type-simple"},"_links":{"self":[{"href":"https:\/\/www.starkhattabychtours.com\/it\/wp-json\/wp\/v2\/product\/63","targetHints":{"allow":["GET"]}}],"collection":[{"href":"https:\/\/www.starkhattabychtours.com\/it\/wp-json\/wp\/v2\/product"}],"about":[{"href":"https:\/\/www.starkhattabychtours.com\/it\/wp-json\/wp\/v2\/types\/product"}],"wp:featuredmedia":[{"embeddable":true,"href":"https:\/\/www.starkhattabychtours.com\/it\/wp-json\/wp\/v2\/media\/224"}],"wp:attachment":[{"href":"https:\/\/www.starkhattabychtours.com\/it\/wp-json\/wp\/v2\/media?parent=63"}],"wp:term":[{"taxonomy":"product_cat","embeddable":true,"href":"https:\/\/www.starkhattabychtours.com\/it\/wp-json\/wp\/v2\/product_cat?post=63"},{"taxonomy":"product_tag","embeddable":true,"href":"https:\/\/www.starkhattabychtours.com\/it\/wp-json\/wp\/v2\/product_tag?post=63"}],"curies":[{"name":"wp","href":"https:\/\/api.w.org\/{rel}","templated":true}]}}