{"id":631,"date":"2024-09-30T04:47:41","date_gmt":"2024-09-30T04:47:41","guid":{"rendered":"https:\/\/www.starkhattabychtours.com\/it\/?post_type=product&#038;p=631"},"modified":"2024-10-05T10:30:49","modified_gmt":"2024-10-05T10:30:49","slug":"motorcycle-safari-quad-bikes-in-marsa-alam","status":"publish","type":"product","link":"https:\/\/www.starkhattabychtours.com\/it\/tour\/motorcycle-safari-quad-bikes-in-marsa-alam","title":{"rendered":"Safari in moto (quad) a Marsa Alam"},"content":{"rendered":"<section class=\"wpb-content-wrapper\"><p>[vc_section][vc_row][vc_column width=&#8221;1\/2&#8243;][vc_column_text]Programma di quad biking a Marsa Alam al mattino all&#8217;alba, al mattino o al pomeriggio pi\u00f9 vicino al tramonto.<br \/>\nUn ottimo programma per coloro che vogliono &#8220;guidare&#8221; quad bike nel deserto arabo.<br \/>\nCosto dell&#8217;escursione per un ATV per due persone = $40.<br \/>\nCosto dell&#8217;escursione per un ATV per una persona = $32.<br \/>\n\u00c8 possibile organizzare un&#8217;escursione individuale + $32 (vedi sotto per ulteriori informazioni)[\/vc_column_text][\/vc_column][vc_column width=&#8221;1\/2&#8243;][vc_single_image image=&#8221;634&#8243; img_size=&#8221;700&#215;400&#8243;][\/vc_column][\/vc_row][vc_row][vc_column width=&#8221;1\/2&#8243;][vc_column_text]<\/p>\n<h3 data-sourcepos=\"5:1-5:28\">Cosa \u00e8 incluso nel tour:<\/h3>\n<ul data-sourcepos=\"7:1-14:0\">\n<li data-sourcepos=\"7:1-7:279\"><strong>Trasferimento:<\/strong> Pick-up dal tuo hotel alla base dei quad bike alle circa 4:00 AM per l&#8217;alba, 8:00 AM per la mattina o 3:00 PM per il tramonto (l&#8217;orario esatto verr\u00e0 confermato dopo la prenotazione, il viaggio dura circa 15-30 minuti a seconda della posizione del tuo hotel);<\/li>\n<li data-sourcepos=\"8:1-8:80\"><strong>Istruzione:<\/strong> Una breve sessione di formazione su come operare un quad bike;<\/li>\n<li data-sourcepos=\"9:1-9:103\"><strong>Quad biking:<\/strong> Circa 2 ore di quad biking (andata e ritorno con una tappa in un villaggio beduino);<\/li>\n<li data-sourcepos=\"10:1-10:112\"><strong>Giro in cammello:<\/strong> Un breve giro in cammello e opportunit\u00e0 fotografica (non disponibile nei tour all&#8217;alba);<\/li>\n<li data-sourcepos=\"11:1-11:88\"><strong>T\u00e8 beduino:<\/strong> Goditi un tradizionale t\u00e8 beduino (non disponibile nei tour all&#8217;alba);<\/li>\n<li data-sourcepos=\"12:1-12:59\"><strong>Viaggio di ritorno:<\/strong> Giro in quad bike fino alla base;<\/li>\n<li data-sourcepos=\"13:1-14:0\"><strong>Drop-off:<\/strong> Ritorno al tuo hotel alle circa 8:00 AM, 12:00 PM o 8:00 PM.<\/li>\n<\/ul>\n<h3 data-sourcepos=\"15:1-15:31\">Il prezzo del tour include:<\/h3>\n<ul data-sourcepos=\"17:1-19:62\">\n<li data-sourcepos=\"17:1-17:68\"><strong>Tutte le attivit\u00e0:<\/strong> Quad biking, giro in cammello e t\u00e8 beduino;<\/li>\n<li data-sourcepos=\"18:1-18:89\"><strong>Servizi della guida:<\/strong> Una guida professionale ti accompagner\u00e0 durante tutto il tour;<\/li>\n<li data-sourcepos=\"19:1-19:62\"><strong>Trasporto:<\/strong> Tutto il trasporto all&#8217;interno di Marsa Alam<\/li>\n<\/ul>\n<p>[\/vc_column_text][\/vc_column][vc_column width=&#8221;1\/2&#8243;][vc_column_text]<\/p>\n<h3 data-sourcepos=\"5:1-5:43\">Cosa non \u00e8 incluso nel prezzo del tour:<\/h3>\n<ul data-sourcepos=\"7:1-9:0\">\n<li data-sourcepos=\"7:1-7:108\"><strong>Sciarpa (arafatka):<\/strong> Puoi acquistare una sciarpa per coprire la testa e il viso in loco per circa $2-3.<\/li>\n<li data-sourcepos=\"8:1-9:0\"><strong>Occhiali protettivi:<\/strong> Gli occhiali protettivi per proteggere gli occhi dalla polvere possono essere noleggiati o acquistati in loco per circa $2-5.<\/li>\n<\/ul>\n<h3 data-sourcepos=\"10:1-10:28\">Informazioni aggiuntive:<\/h3>\n<ul data-sourcepos=\"12:1-16:278\">\n<li data-sourcepos=\"12:1-12:74\"><strong>Dimensione del gruppo:<\/strong> I tour di solito consistono di 10-20 veicoli.<\/li>\n<li data-sourcepos=\"13:1-13:186\"><strong>Requisiti di et\u00e0:<\/strong> Chiunque abbia compiuto 15 anni pu\u00f2 partecipare, anche senza esperienza di guida precedente. I bambini sotto gli 11 anni non sono ammessi per motivi di sicurezza.<\/li>\n<li data-sourcepos=\"14:1-14:176\"><strong>Lingua:<\/strong> Si prega di notare che ci potrebbe essere personale di lingua inglese limitato a Marsa Alam a causa del numero relativamente piccolo di turisti di lingua inglese.<\/li>\n<li data-sourcepos=\"15:1-15:199\"><strong>Tipo di veicolo:<\/strong> Tutti i quad bike in Egitto sono standardizzati e non sono divisi in modelli monoposto o biposto. Il prezzo \u00e8 indicato per chiarezza e include il trasporto di andata e ritorno.<\/li>\n<li data-sourcepos=\"16:1-16:278\"><strong>Tour privati:<\/strong> Puoi organizzare un tour privato per una tassa aggiuntiva di $32, indipendentemente dal numero di persone. Una guida privata ti accompagner\u00e0 e potrai impostare il tuo ritmo. Il trasporto condiviso fino al punto di partenza del tour sar\u00e0 comunque applicabile.<\/li>\n<\/ul>\n<p>[\/vc_column_text][\/vc_column][\/vc_row][\/vc_section][vc_section][vc_row][vc_column]<div id=\"kapee-header-26960\" class=\"kapee-element kapee-heading text-left kapee-width-100 separator-none separator-between-heading\">\t\n\t\t\t\n\t\t\t<div class=\"heading-wrap\">\n\t\t\t<span class=\"separator-left\"><\/span>\n\t\t\t<h2 class=\"heading-title\">Domande frequenti (FAQ): <\/h2>\t\t\t<span class=\"separator-right\"><\/span>\n\t\t\t\t\t<\/div>\n\t\t\n    <\/div>[vc_toggle title=&#8221;Il vostro prezzo \u00e8 cos\u00ec basso&#8230; Probabilmente state facendo un servizio di bassa qualit\u00e0?&#8221; style=&#8221;square_outline&#8221; color=&#8221;sky&#8221;]Offriamo davvero alcuni dei prezzi pi\u00f9 bassi mantenendo un alto livello di servizio. Il motivo \u00e8 che siamo una societ\u00e0 di prenotazioni online per grandi operatori turistici in Egitto, il che ci consente di offrire prezzi molto competitivi grazie al nostro ampio volume di turisti. Prenotando con noi, ricevi un servizio di alta qualit\u00e0 senza pagare eccessivamente gli intermediari.[\/vc_toggle][vc_toggle title=&#8221;Che tipo di autobus e trasferimenti avete?&#8221; style=&#8221;square_outline&#8221; color=&#8221;sky&#8221;]Una variet\u00e0 di trasporti \u00e8 disponibile per l&#8217;uso degli organizzatori dell&#8217;evento all&#8217;interno del parco, tra cui auto, minivan e comodi autobus. Tutti i veicoli sono dotati di aria condizionata e sistemi di sicurezza. Per viaggi pi\u00f9 lunghi, vengono forniti autobus con servizi igienici. Inoltre, tutti i veicoli vengono sottoposti a regolari controlli di manutenzione e sanificazione, e possiedono le necessarie autorizzazioni turistiche. Inoltre, i conducenti vengono sottoposti a ispezioni dalla polizia turistica prima di ogni lungo viaggio.[\/vc_toggle][vc_toggle title=&#8221;Come e quando pago per il tour?&#8221; style=&#8221;square_outline&#8221; color=&#8221;sky&#8221;]Lavoriamo senza pagamento anticipato. Tutti i tour di gruppo vengono pagati sull&#8217;autobus o durante il tour stesso. Le eccezioni sono i pagamenti anticipati per i tour privati e i tour che richiedono l&#8217;acquisto di biglietti aerei o l&#8217;elaborazione di documenti. I nostri programmi principali vengono pagati direttamente durante il trasferimento o all&#8217;inizio del tour. Non \u00e8 necessario cercare qualcuno per pagare il tour. Un dipendente dell&#8217;organizzatore si avviciner\u00e0 a te. Puoi pagare in contanti in dollari USA, euro o sterline egiziane. Per la tua comodit\u00e0, offriamo anche la possibilit\u00e0 di trasferire fondi su una carta bancaria in rubli, grivnie ed euro al tasso di cambio o su un portafoglio di criptovaluta in USDT, prima del tour. Per informazioni pi\u00f9 dettagliate sui metodi di pagamento e sui rimborsi, consulta qui.[\/vc_toggle][vc_toggle title=&#8221;Hai una licenza turistica?&#8221; style=&#8221;square_outline&#8221; color=&#8221;sky&#8221;]L&#8217;Egitto \u00e8 un paese altamente regolamentato, specialmente quando si tratta di turismo. Affinch\u00e9 qualsiasi veicolo o yacht possa partire per un&#8217;escursione, \u00e8 necessario ottenere permessi giornalieri sia dalla polizia che dai militari. Se gli operatori turistici non hanno una valida licenza turistica, naturalmente non gli verranno concessi questi permessi. Ecco perch\u00e9 per alcune escursioni, potremmo richiedere copie dei vostri voucher e passaporti (questo vale per le escursioni marine a Sharm El-Sheikh, i tour privati e alcuni tour di gruppo se coinvolgono l&#8217;uscita dalla citt\u00e0. Per altre escursioni, i permessi vengono semplicemente rilasciati in base al numero di persone e non sono necessari i dettagli del passaporto).[\/vc_toggle][vc_toggle title=&#8221;Siamo assicurati durante l&#8217;escursione?&#8221; style=&#8221;square_outline&#8221; color=&#8221;sky&#8221;]<\/p>\n<p data-sourcepos=\"3:1-3:250\">Sfortunatamente, alcune guide degli hotel cercano di convincere i turisti che la loro assicurazione di viaggio \u00e8 presumibilmente invalida se prenotano escursioni con operatori turistici esterni, invece della loro stessa compagnia. Questo non \u00e8 vero.<\/p>\n<p data-sourcepos=\"5:1-5:148\">Innanzitutto, la tua assicurazione di viaggio \u00e8 valida in tutto l&#8217;Egitto, proprio come lo sarebbe se prenotassi con la compagnia di tour dell&#8217;hotel.<\/p>\n<p data-sourcepos=\"7:1-7:381\">In secondo luogo, se sei su una barca, un autobus o un altro mezzo di trasporto, l&#8217;organizzatore si assume la piena responsabilit\u00e0 assicurativa nei confronti dei passeggeri. Altrimenti, semplicemente non sarebbero in grado di ottenere un permesso per condurre attivit\u00e0 turistiche. L&#8217;Egitto ha regolamenti turistici piuttosto rigidi e sono necessari permessi prima di ogni viaggio.<\/p>\n<p>[\/vc_toggle][vc_toggle title=&#8221;Come posso recuperare un oggetto perso durante un tour?&#8221; style=&#8221;square_outline&#8221; color=&#8221;sky&#8221;]Ricordiamo sempre ai nostri ospiti di controllare attentamente di avere con s\u00e9 tutti i loro effetti personali prima di uscire dall&#8217;autobus o dallo yacht alla fine del tour. Sfortunatamente, recuperare oggetti smarriti pu\u00f2 essere piuttosto difficile a causa della partenza immediata dei veicoli per la pulizia e le complessit\u00e0 della logistica egiziana. Sebbene faremo il possibile per aiutarti a ritrovare i tuoi effetti personali, non possiamo garantire un tasso di recupero del 100%. Se riusciamo a trovare il tuo oggetto, ci sar\u00e0 una tassa di consegna di $5-10. Si prega di prestare attenzione ai propri effetti personali![\/vc_toggle][vc_toggle title=&#8221;Dovrei modificare i miei piani o aspettare per il tour?&#8221; style=&#8221;square_outline&#8221; color=&#8221;sky&#8221;]Abbiamo un significativo afflusso giornaliero di richieste di prenotazione per i nostri programmi da parte dei turisti. Di conseguenza, la maggior parte delle escursioni vengono organizzate quotidianamente o in specifici giorni della settimana seguendo un programma dettagliato fornito nella descrizione di ciascun programma. Dopo la prenotazione, ti invieremo l&#8217;ora esatta del prelievo dal tuo hotel. Molti tour saranno condotti con piccoli gruppi provenienti da vari hotel che hanno acquistato escursioni attraverso gli operatori turistici. L&#8217;unica differenza \u00e8 che i nostri prezzi sono del 40-60% pi\u00f9 bassi (i nostri organizzatori conducono tutte le principali escursioni a Hurghada e Sharm El-Sheikh per turisti di lingua russa).[\/vc_toggle][vc_toggle title=&#8221;Dove posso trovare il fotografo che ha scattato le foto durante il tour?&#8221; style=&#8221;square_outline&#8221; color=&#8221;sky&#8221;]Vorremmo informarvi che i fotografi che vi accompagnano durante le escursioni agiscono come rappresentanti indipendenti dei loro studi fotografici. Non fanno parte del nostro servizio online o del team organizzatore del programma. Tutti i termini e le condizioni relativi al servizio fotografico e al suo pagamento vengono discussi e concordati direttamente tra voi e il fotografo. Consigliamo di avvicinarsi ai pagamenti anticipati con cautela e di assicurarsi l&#8217;affidabilit\u00e0 dei servizi, nonch\u00e9 di ottenere tutte le informazioni di contatto del fotografo prima di effettuare qualsiasi pagamento.[\/vc_toggle][\/vc_column][\/vc_row][\/vc_section]<\/p>\n<\/section>","protected":false},"excerpt":{"rendered":"<p>Prezzo &#8211; Adulti (13+ anni): $32<br \/>\nPrezzo &#8211; Bambini (6-12 anni): $16<br \/>\nDurata stimata: 4-5 ore<br \/>\nGiorni di operazione: Quotidiano<\/p>\n<ul>\n<li>Prenota in 3 minuti<\/li>\n<li>Nessun pagamento anticipato richiesto<\/li>\n<li>Trasferimento in hotel incluso<\/li>\n<li>Assicurazione valida<\/li>\n<li>Servizio di guida fornito<\/li>\n<li>Nessuna tassa o commissione aggiuntiva<\/li>\n<li>Foto e recensioni reali<\/li>\n<li>Gestore personale<\/li>\n<\/ul>\n","protected":false},"featured_media":632,"template":"","meta":[],"product_cat":[36],"product_tag":[],"class_list":{"0":"post-631","1":"product","2":"type-product","3":"status-publish","4":"has-post-thumbnail","6":"product_cat-marsa-alam-safari","8":"first","9":"instock","10":"shipping-taxable","11":"purchasable","12":"product-type-simple"},"_links":{"self":[{"href":"https:\/\/www.starkhattabychtours.com\/it\/wp-json\/wp\/v2\/product\/631","targetHints":{"allow":["GET"]}}],"collection":[{"href":"https:\/\/www.starkhattabychtours.com\/it\/wp-json\/wp\/v2\/product"}],"about":[{"href":"https:\/\/www.starkhattabychtours.com\/it\/wp-json\/wp\/v2\/types\/product"}],"wp:featuredmedia":[{"embeddable":true,"href":"https:\/\/www.starkhattabychtours.com\/it\/wp-json\/wp\/v2\/media\/632"}],"wp:attachment":[{"href":"https:\/\/www.starkhattabychtours.com\/it\/wp-json\/wp\/v2\/media?parent=631"}],"wp:term":[{"taxonomy":"product_cat","embeddable":true,"href":"https:\/\/www.starkhattabychtours.com\/it\/wp-json\/wp\/v2\/product_cat?post=631"},{"taxonomy":"product_tag","embeddable":true,"href":"https:\/\/www.starkhattabychtours.com\/it\/wp-json\/wp\/v2\/product_tag?post=631"}],"curies":[{"name":"wp","href":"https:\/\/api.w.org\/{rel}","templated":true}]}}