{"id":66,"date":"2024-09-03T10:42:32","date_gmt":"2024-09-03T10:42:32","guid":{"rendered":"https:\/\/www.starkhattabychtours.com\/it\/?post_type=product&#038;p=66"},"modified":"2024-10-05T17:21:26","modified_gmt":"2024-10-05T17:21:26","slug":"cairo-and-alexandria-by-bus-2-days","status":"publish","type":"product","link":"https:\/\/www.starkhattabychtours.com\/it\/tour\/cairo-and-alexandria-by-bus-2-days","title":{"rendered":"Cairo e Alessandria (in autobus) 2 giorni"},"content":{"rendered":"<section class=\"wpb-content-wrapper\"><p>[vc_section][vc_row][vc_column width=&#8221;1\/2&#8243;][vc_column_text]<\/p>\n<p data-sourcepos=\"3:1-3:115\">Scopri le meraviglie dell&#8217;antico Egitto in un affascinante tour di 2 giorni da Hurghada al Cairo e ad Alessandria.<\/p>\n<p data-sourcepos=\"7:1-7:140\">Durante questo tour, visiterai le due citt\u00e0 pi\u00f9 significative del paese: la capitale, il Cairo, e la pi\u00f9 grande citt\u00e0 portuale, Alessandria.<\/p>\n<p data-sourcepos=\"9:1-9:412\">Al Cairo, con l&#8217;aiuto di una guida professionale, intraprenderai un viaggio alla scoperta della principale attrazione dell&#8217;Egitto: le Piramidi di Giza. Queste maestose strutture, costruite nell&#8217;antico mondo, attirano giustamente l&#8217;attenzione di molti turisti da tutto il mondo. Inoltre, al Cairo, visiterai il Museo Egizio, dove vedrai mostre uniche che ti faranno conoscere la storia del pi\u00f9 grande paese arabo.<\/p>\n<p>[\/vc_column_text][\/vc_column][vc_column width=&#8221;1\/2&#8243;][vc_images_carousel images=&#8221;691,690,689,688&#8243; img_size=&#8221;full&#8221; onclick=&#8221;link_no&#8221; autoplay=&#8221;yes&#8221; wrap=&#8221;yes&#8221;][\/vc_column][\/vc_row][vc_row][vc_column][vc_column_text]<\/p>\n<p data-sourcepos=\"11:1-11:441\">Uno dei luoghi pi\u00f9 interessanti di Alessandria \u00e8 la Cittadella di Qaitbay (Catacombe di Kom el-Shuqafa). Inoltre, durante il tour, visiterai la biblioteca di Alessandria, il teatro romano, la magnifica moschea di Abu-al-Abbas e una serie di strade fiancheggiate da capolavori architettonici e luoghi preferiti dagli egittologi. Sentirai l&#8217;atmosfera delle citt\u00e0 antiche, godrai della cucina locale e sentirai lo spirito di questa terra sacra.<\/p>\n<p data-sourcepos=\"13:1-13:156\">Un&#8217;escursione ad Alessandria da Hurghada sar\u00e0 un viaggio indimenticabile che ti lascer\u00e0 ricordi indimenticabili dell&#8217;antica e misteriosa terra dei faraoni.<\/p>\n<p>[\/vc_column_text][\/vc_column][\/vc_row][\/vc_section][vc_section][vc_row][vc_column]<div id=\"kapee-header-30459\" class=\"kapee-element kapee-heading text-left kapee-width-100 separator-none separator-between-heading\">\t\n\t\t\t\n\t\t\t<div class=\"heading-wrap\">\n\t\t\t<span class=\"separator-left\"><\/span>\n\t\t\t<h2 class=\"heading-title\">Cosa \u00e8 incluso nel programma del tour? <\/h2>\t\t\t<span class=\"separator-right\"><\/span>\n\t\t\t\t\t<\/div>\n\t\t\n    <\/div>[vc_row_inner][vc_column_inner width=&#8221;1\/2&#8243;][vc_column_text]<\/p>\n<div class=\"presented-response-container ng-tns-c1254682528-472\">\n<div class=\"response-container-content ng-tns-c1254682528-472 tunable-selection-with-avatar\">\n<div class=\"response-content ng-tns-c1254682528-472\">\n<div class=\"markdown markdown-main-panel\" dir=\"ltr\">\n<h2 data-sourcepos=\"5:1-5:21\"><strong>Giorno 1 &#8211; Cairo:<\/strong><\/h2>\n<ul data-sourcepos=\"7:1-14:53\">\n<li data-sourcepos=\"7:1-7:162\">Partenza da Hurghada: intorno all&#8217;1:00 AM, a seconda della posizione del tuo hotel (il viaggio al Cairo dura circa 8 ore, a seconda delle scorte della polizia);<\/li>\n<li data-sourcepos=\"8:1-8:48\">Museo Egizio: visita al rinomato Museo Egizio.<\/li>\n<li data-sourcepos=\"9:1-9:39\">Grande Sfinge: vedi la Grande Sfinge.<\/li>\n<li data-sourcepos=\"10:1-10:59\">Piramidi di Giza: esplora le magnifiche Piramidi di Giza.<\/li>\n<li data-sourcepos=\"11:1-11:94\">Istituto del Papiro e Fabbrica di Olio: visita l&#8217;Istituto del Papiro e una fabbrica di olio.<\/li>\n<li data-sourcepos=\"12:1-12:124\">Crociera sul Nilo: crociera opzionale sul Nilo (tariffa aggiuntiva di $10, pagabile direttamente alla guida sull&#8217;autobus).<\/li>\n<li data-sourcepos=\"13:1-13:36\">Pranzo: goditi un pranzo a buffet.<\/li>\n<li data-sourcepos=\"14:1-14:53\">Check-in e cena: trasferimento al tuo hotel e cena.<\/li>\n<\/ul>\n<\/div>\n<div class=\"skeleton-loader-container\"><\/div>\n<div class=\"response-footer gap complete\"><\/div>\n<\/div>\n<\/div>\n<\/div>\n<div class=\"response-container-footer ng-tns-c1254682528-472\">\n<div class=\"actions-container-v2 ng-star-inserted\">\n<div class=\"buttons-container-v2 ng-star-inserted\">\n<div class=\"thumbs-up-animation-container\" hidden=\"\"><\/div>\n<div class=\"thumbs-down-animation-container\" hidden=\"\"><\/div>\n<div class=\"menu-button-wrapper ng-star-inserted\"><\/div>\n<p>&nbsp;<\/p>\n<div class=\"menu-button-wrapper ng-star-inserted\">\n<div class=\"more-menu-button-container ng-star-inserted\"><\/div>\n<\/div>\n<div class=\"spacer ng-star-inserted\"><\/div>\n<\/div>\n<\/div>\n<\/div>\n<p>[\/vc_column_text][\/vc_column_inner][vc_column_inner width=&#8221;1\/2&#8243;][vc_column_text]<\/p>\n<h2 data-sourcepos=\"5:1-5:27\"><strong>Giorno 2 \u2013 Alessandria:<\/strong><\/h2>\n<ul data-sourcepos=\"7:1-16:0\">\n<li data-sourcepos=\"7:1-7:28\">Prima colazione all&#8217;hotel;<\/li>\n<li data-sourcepos=\"8:1-8:53\">Trasferimento ad Alessandria, intorno alle 5:00 AM;<\/li>\n<li data-sourcepos=\"9:1-9:16\">Forte Qaitbay;<\/li>\n<li data-sourcepos=\"10:1-10:26\">Moschea di Abu al-Abbas;<\/li>\n<li data-sourcepos=\"11:1-11:26\">Bibliotheca Alexandrina;<\/li>\n<li data-sourcepos=\"12:1-12:165\">Altri luoghi di interesse potrebbero essere visitati senza costi aggiuntivi, a seconda del tempo disponibile e dell&#8217;accordo con la guida (acquario, teatro romano);<\/li>\n<li data-sourcepos=\"13:1-13:35\">Pranzo in un ristorante di pesce;<\/li>\n<li data-sourcepos=\"14:1-14:46\">Partenza da Alessandria, intorno alle 14:30;<\/li>\n<li data-sourcepos=\"15:1-16:0\">Ritorno a Hurghada, intorno alle 23:00.<\/li>\n<\/ul>\n<p data-sourcepos=\"17:1-17:137\">Si prega di notare che l&#8217;ordine del programma pu\u00f2 variare a seconda della decisione della guida e del flusso di turisti nelle attrazioni.<\/p>\n<p>[\/vc_column_text][\/vc_column_inner][\/vc_row_inner][\/vc_column][\/vc_row][vc_row][vc_column][vc_column_text]<\/p>\n<h2 data-sourcepos=\"5:1-5:32\"><strong>Incluso nel prezzo del tour:<\/strong><\/h2>\n<ul data-sourcepos=\"7:1-13:0\">\n<li data-sourcepos=\"7:1-7:47\">Tutti i biglietti d&#8217;ingresso alle attrazioni;<\/li>\n<li data-sourcepos=\"8:1-8:39\">Servizi di una guida di lingua russa;<\/li>\n<li data-sourcepos=\"9:1-9:44\">Sono inclusi colazione, cena e due pranzi;<\/li>\n<li data-sourcepos=\"10:1-13:0\">Trasporto all&#8217;interno di Hurghada (Aree El Gouna, Sahl Hasheesh e Makadi Bay: sovrapprezzo di $10* andata e ritorno per auto fino a 6 persone. Aree Soma Bay e Safaga: sovrapprezzo di $20* andata e ritorno. *Il prezzo \u00e8 indicato per una prenotazione andata e ritorno, fino a 6 persone. Il trasferimento pu\u00f2 essere di gruppo).<\/li>\n<\/ul>\n<h2 data-sourcepos=\"14:1-14:36\"><strong>Non incluso nel prezzo del tour:<\/strong><\/h2>\n<ul data-sourcepos=\"16:1-18:0\">\n<li data-sourcepos=\"16:1-16:31\">Bevande durante il programma;<\/li>\n<li data-sourcepos=\"17:1-18:0\">Crociera sul Nilo (opzionale, sovrapprezzo di $10, acquistabile direttamente dalla guida sull&#8217;autobus).<\/li>\n<\/ul>\n<h2 data-sourcepos=\"19:1-19:28\"><strong>Informazioni aggiuntive:<\/strong><\/h2>\n<ul data-sourcepos=\"21:1-25:247\">\n<li data-sourcepos=\"21:1-21:161\">Trasferimento da Hurghada e ritorno in autobus con aria condizionata e toilette (pu\u00f2 essere sostituito da un minibus se non viene raccolto un gruppo numeroso);<\/li>\n<li data-sourcepos=\"22:1-22:463\">Per evitare possibili odori, la toilette sull&#8217;autobus pu\u00f2 essere chiusa dall&#8217;autista sotto il pretesto di un malfunzionamento. Consigliamo di utilizzare i servizi igienici alle fermate e vicino alle attrazioni, il costo \u00e8 di circa 10 sterline egiziane; i servizi igienici sono gratuiti durante il pranzo e sull&#8217;Isola delle Banane. In caso di necessit\u00e0 urgente e toilette chiusa sull&#8217;autobus, si prega di contattare il nostro reparto prenotazioni per assistenza;<\/li>\n<li data-sourcepos=\"23:1-23:120\">Il trasferimento da Il Cairo ad Alessandria e ritorno \u00e8 possibile in minibus se non viene raccolto un gruppo numeroso;<\/li>\n<li data-sourcepos=\"24:1-24:90\">Il Palazzo di Montaza ad Alessandria \u00e8 chiuso per restauri, non \u00e8 incluso nel programma;<\/li>\n<li data-sourcepos=\"25:1-25:247\">L&#8217;ingresso all&#8217;interno della Piramide di Khufu non \u00e8 incluso nel prezzo, se desiderato (se c&#8217;\u00e8 tempo rimanente nel programma), un biglietto viene acquistato al botteghino all&#8217;ingresso della piramide, il prezzo \u00e8 di 1000 sterline egiziane (~$20).<\/li>\n<\/ul>\n<p>[\/vc_column_text][\/vc_column][\/vc_row][\/vc_section][vc_section][vc_row][vc_column]<div id=\"kapee-header-48322\" class=\"kapee-element kapee-heading text-left kapee-width-100 separator-none separator-between-heading\">\t\n\t\t\t\n\t\t\t<div class=\"heading-wrap\">\n\t\t\t<span class=\"separator-left\"><\/span>\n\t\t\t<h2 class=\"heading-title\">Domande frequenti (FAQ): <\/h2>\t\t\t<span class=\"separator-right\"><\/span>\n\t\t\t\t\t<\/div>\n\t\t\n    <\/div>[vc_toggle title=&#8221;Il vostro prezzo \u00e8 cos\u00ec basso&#8230; Probabilmente state facendo un servizio di bassa qualit\u00e0?&#8221; style=&#8221;square_outline&#8221; color=&#8221;sky&#8221;]Offriamo davvero alcuni dei prezzi pi\u00f9 bassi mantenendo un alto livello di servizio. Il motivo \u00e8 che siamo una societ\u00e0 di prenotazioni online per grandi operatori turistici in Egitto, il che ci consente di offrire prezzi molto competitivi grazie al nostro ampio volume di turisti. Prenotando con noi, ricevi un servizio di alta qualit\u00e0 senza pagare eccessivamente gli intermediari.[\/vc_toggle][vc_toggle title=&#8221;Che tipo di autobus e trasferimenti avete?&#8221; style=&#8221;square_outline&#8221; color=&#8221;sky&#8221;]Una variet\u00e0 di trasporti \u00e8 disponibile per l&#8217;uso degli organizzatori dell&#8217;evento all&#8217;interno del parco, tra cui auto, minivan e comodi autobus. Tutti i veicoli sono dotati di aria condizionata e sistemi di sicurezza. Per viaggi pi\u00f9 lunghi, vengono forniti autobus con servizi igienici. Inoltre, tutti i veicoli vengono sottoposti a regolari controlli di manutenzione e sanificazione, e possiedono le necessarie autorizzazioni turistiche. Inoltre, i conducenti vengono sottoposti a ispezioni dalla polizia turistica prima di ogni lungo viaggio.[\/vc_toggle][vc_toggle title=&#8221;Come e quando pago per il tour?&#8221; style=&#8221;square_outline&#8221; color=&#8221;sky&#8221;]Lavoriamo senza pagamento anticipato. Tutti i tour di gruppo vengono pagati sull&#8217;autobus o durante il tour stesso. Le eccezioni sono i pagamenti anticipati per i tour privati e i tour che richiedono l&#8217;acquisto di biglietti aerei o l&#8217;elaborazione di documenti. I nostri programmi principali vengono pagati direttamente durante il trasferimento o all&#8217;inizio del tour. Non \u00e8 necessario cercare qualcuno per pagare il tour. Un dipendente dell&#8217;organizzatore si avviciner\u00e0 a te. Puoi pagare in contanti in dollari USA, euro o sterline egiziane. Per la tua comodit\u00e0, offriamo anche la possibilit\u00e0 di trasferire fondi su una carta bancaria in rubli, grivnie ed euro al tasso di cambio o su un portafoglio di criptovaluta in USDT, prima del tour. Per informazioni pi\u00f9 dettagliate sui metodi di pagamento e sui rimborsi, consulta qui.[\/vc_toggle][vc_toggle title=&#8221;Hai una licenza turistica?&#8221; style=&#8221;square_outline&#8221; color=&#8221;sky&#8221;]L&#8217;Egitto \u00e8 un paese altamente regolamentato, specialmente quando si tratta di turismo. Affinch\u00e9 qualsiasi veicolo o yacht possa partire per un&#8217;escursione, \u00e8 necessario ottenere permessi giornalieri sia dalla polizia che dai militari. Se gli operatori turistici non hanno una valida licenza turistica, naturalmente non gli verranno concessi questi permessi. Ecco perch\u00e9 per alcune escursioni, potremmo richiedere copie dei vostri voucher e passaporti (questo vale per le escursioni marine a Sharm El-Sheikh, i tour privati e alcuni tour di gruppo se coinvolgono l&#8217;uscita dalla citt\u00e0. Per altre escursioni, i permessi vengono semplicemente rilasciati in base al numero di persone e non sono necessari i dettagli del passaporto).[\/vc_toggle][vc_toggle title=&#8221;Siamo assicurati durante l&#8217;escursione?&#8221; style=&#8221;square_outline&#8221; color=&#8221;sky&#8221;]<\/p>\n<p data-sourcepos=\"3:1-3:250\">Sfortunatamente, alcune guide degli hotel cercano di convincere i turisti che la loro assicurazione di viaggio \u00e8 presumibilmente invalida se prenotano escursioni con operatori turistici esterni, invece della loro stessa compagnia. Questo non \u00e8 vero.<\/p>\n<p data-sourcepos=\"5:1-5:148\">Innanzitutto, la tua assicurazione di viaggio \u00e8 valida in tutto l&#8217;Egitto, proprio come lo sarebbe se prenotassi con la compagnia di tour dell&#8217;hotel.<\/p>\n<p data-sourcepos=\"7:1-7:381\">In secondo luogo, se sei su una barca, un autobus o un altro mezzo di trasporto, l&#8217;organizzatore si assume la piena responsabilit\u00e0 assicurativa nei confronti dei passeggeri. Altrimenti, semplicemente non sarebbero in grado di ottenere un permesso per condurre attivit\u00e0 turistiche. L&#8217;Egitto ha regolamenti turistici piuttosto rigidi e sono necessari permessi prima di ogni viaggio.<\/p>\n<p>[\/vc_toggle][vc_toggle title=&#8221;Come posso recuperare un oggetto perso durante un tour?&#8221; style=&#8221;square_outline&#8221; color=&#8221;sky&#8221;]Ricordiamo sempre ai nostri ospiti di controllare attentamente di avere con s\u00e9 tutti i loro effetti personali prima di uscire dall&#8217;autobus o dallo yacht alla fine del tour. Sfortunatamente, recuperare oggetti smarriti pu\u00f2 essere piuttosto difficile a causa della partenza immediata dei veicoli per la pulizia e le complessit\u00e0 della logistica egiziana. Sebbene faremo il possibile per aiutarti a ritrovare i tuoi effetti personali, non possiamo garantire un tasso di recupero del 100%. Se riusciamo a trovare il tuo oggetto, ci sar\u00e0 una tassa di consegna di $5-10. Si prega di prestare attenzione ai propri effetti personali![\/vc_toggle][vc_toggle title=&#8221;Dovrei modificare i miei piani o aspettare per il tour?&#8221; style=&#8221;square_outline&#8221; color=&#8221;sky&#8221;]Abbiamo un significativo afflusso giornaliero di richieste di prenotazione per i nostri programmi da parte dei turisti. Di conseguenza, la maggior parte delle escursioni vengono organizzate quotidianamente o in specifici giorni della settimana seguendo un programma dettagliato fornito nella descrizione di ciascun programma. Dopo la prenotazione, ti invieremo l&#8217;ora esatta del prelievo dal tuo hotel. Molti tour saranno condotti con piccoli gruppi provenienti da vari hotel che hanno acquistato escursioni attraverso gli operatori turistici. L&#8217;unica differenza \u00e8 che i nostri prezzi sono del 40-60% pi\u00f9 bassi (i nostri organizzatori conducono tutte le principali escursioni a Hurghada e Sharm El-Sheikh per turisti di lingua russa).[\/vc_toggle][vc_toggle title=&#8221;Dove posso trovare il fotografo che ha scattato le foto durante il tour?&#8221; style=&#8221;square_outline&#8221; color=&#8221;sky&#8221;]Vorremmo informarvi che i fotografi che vi accompagnano durante le escursioni agiscono come rappresentanti indipendenti dei loro studi fotografici. Non fanno parte del nostro servizio online o del team organizzatore del programma. Tutti i termini e le condizioni relativi al servizio fotografico e al suo pagamento vengono discussi e concordati direttamente tra voi e il fotografo. Consigliamo di avvicinarsi ai pagamenti anticipati con cautela e di assicurarsi l&#8217;affidabilit\u00e0 dei servizi, nonch\u00e9 di ottenere tutte le informazioni di contatto del fotografo prima di effettuare qualsiasi pagamento.[\/vc_toggle][\/vc_column][\/vc_row][\/vc_section]<\/p>\n<\/section>","protected":false},"excerpt":{"rendered":"<ul>\n<li data-sourcepos=\"3:1-3:45\"><strong>Prezzo: Adulti (dai 13 anni in su)<\/strong> $130<\/li>\n<li data-sourcepos=\"4:1-4:44\"><strong>Prezzo:<\/strong> <strong>Bambini (dai 6 ai 12 anni) <\/strong>$65<\/li>\n<li data-sourcepos=\"5:1-5:30\"><strong>Durata stimata:<\/strong> 2 giorni<\/li>\n<li data-sourcepos=\"6:1-6:39\"><strong>Giorni della settimana:<\/strong> Mercoled\u00ec<\/li>\n<\/ul>\n<p>&nbsp;<\/p>\n<ul>\n<li data-sourcepos=\"7:1-14:51\">Prenotazione istantanea in soli 3 minuti<\/li>\n<li data-sourcepos=\"7:1-14:51\">Nessun pagamento anticipato richiesto<\/li>\n<li data-sourcepos=\"7:1-14:51\">Comodo prelievo e riconsegna dall&#8217;hotel<\/li>\n<li data-sourcepos=\"7:1-14:51\">Assicurazione di viaggio completa<\/li>\n<li data-sourcepos=\"7:1-14:51\">Guide esperte di lingua russa<\/li>\n<li data-sourcepos=\"7:1-14:51\">Prezzi all-inclusive senza costi nascosti<\/li>\n<li data-sourcepos=\"7:1-14:51\">Foto autentiche e recensioni genuine dei clienti<\/li>\n<li data-sourcepos=\"7:1-14:51\">Supporto personale dedicato durante il tuo viaggio<\/li>\n<\/ul>\n","protected":false},"featured_media":230,"template":"","meta":[],"product_cat":[16],"product_tag":[],"class_list":{"0":"post-66","1":"product","2":"type-product","3":"status-publish","4":"has-post-thumbnail","6":"product_cat-historical-from-hurghada","8":"first","9":"instock","10":"shipping-taxable","11":"purchasable","12":"product-type-simple"},"_links":{"self":[{"href":"https:\/\/www.starkhattabychtours.com\/it\/wp-json\/wp\/v2\/product\/66","targetHints":{"allow":["GET"]}}],"collection":[{"href":"https:\/\/www.starkhattabychtours.com\/it\/wp-json\/wp\/v2\/product"}],"about":[{"href":"https:\/\/www.starkhattabychtours.com\/it\/wp-json\/wp\/v2\/types\/product"}],"wp:featuredmedia":[{"embeddable":true,"href":"https:\/\/www.starkhattabychtours.com\/it\/wp-json\/wp\/v2\/media\/230"}],"wp:attachment":[{"href":"https:\/\/www.starkhattabychtours.com\/it\/wp-json\/wp\/v2\/media?parent=66"}],"wp:term":[{"taxonomy":"product_cat","embeddable":true,"href":"https:\/\/www.starkhattabychtours.com\/it\/wp-json\/wp\/v2\/product_cat?post=66"},{"taxonomy":"product_tag","embeddable":true,"href":"https:\/\/www.starkhattabychtours.com\/it\/wp-json\/wp\/v2\/product_tag?post=66"}],"curies":[{"name":"wp","href":"https:\/\/api.w.org\/{rel}","templated":true}]}}