{"id":69,"date":"2024-09-03T11:08:16","date_gmt":"2024-09-03T11:08:16","guid":{"rendered":"https:\/\/www.starkhattabychtours.com\/it\/?post_type=product&#038;p=69"},"modified":"2024-10-05T10:09:31","modified_gmt":"2024-10-05T10:09:31","slug":"excursions-to-cairo-individual","status":"publish","type":"product","link":"https:\/\/www.starkhattabychtours.com\/it\/tour\/excursions-to-cairo-individual","title":{"rendered":"Escursioni al Cairo (Individuali)"},"content":{"rendered":"<section class=\"wpb-content-wrapper\"><p>[vc_section][vc_row][vc_column width=&#8221;1\/2&#8243;][vc_column_text]<\/p>\n<p data-sourcepos=\"5:1-5:215\">Viaggiare individualmente consente ai turisti di visitare famose attrazioni turistiche senza le fretta e l&#8217;attesa di un gruppo. Viene fornita una guida personale di lingua russa e un&#8217;auto o un minibus confortevole.<\/p>\n<p data-sourcepos=\"7:1-7:360\">Il Cairo, la capitale dell&#8217;Egitto, si trova sulle rive del Nilo. \u00c8 la citt\u00e0 pi\u00f9 grande dell&#8217;Africa e la tredicesima citt\u00e0 pi\u00f9 popolata del mondo. Il Cairo \u00e8 famoso per la sua ricca storia. Il suo paesaggio urbano conserva ancora le tracce degli antichi faraoni, i monumenti del cristianesimo egizio antico e splendidi esempi di architettura islamica medievale.<\/p>\n<p data-sourcepos=\"9:1-9:43\">Qui \u00e8 disponibile anche un tour di gruppo.<\/p>\n<p>[\/vc_column_text][\/vc_column][vc_column width=&#8221;1\/2&#8243;][vc_images_carousel images=&#8221;708,709,710,711&#8243; img_size=&#8221;full&#8221; onclick=&#8221;link_no&#8221;][\/vc_column][\/vc_row][vc_row][vc_column][vc_column_text]<\/p>\n<h2 data-sourcepos=\"5:1-5:28\"><strong>Cosa \u00e8 incluso nel tour:<\/strong><\/h2>\n<ul data-sourcepos=\"7:1-13:0\">\n<li data-sourcepos=\"7:1-7:162\">Partenza: intorno alle 2:30 AM, a seconda della posizione del tuo hotel (il viaggio al Cairo dura circa 5-6 ore, con una sosta per il riposo e una pausa bagno).<\/li>\n<li data-sourcepos=\"8:1-8:97\">Museo Egizio al Cairo: una visita per esplorare la vasta collezione di antichi artefatti egizi.<\/li>\n<li data-sourcepos=\"9:1-9:77\">Piramidi di Giza: esplora le iconiche piramidi di Khufu, Khafre e Menkaure.<\/li>\n<li data-sourcepos=\"10:1-10:80\">Grande Sfinge: ammira la magnifica Grande Sfinge, una colossale statua antica.<\/li>\n<li data-sourcepos=\"11:1-11:36\">Pranzo: goditi un pranzo a buffet.<\/li>\n<li data-sourcepos=\"12:1-13:0\">Ritorno: trasferimento di ritorno al tuo hotel intorno alle 21:00 (la partenza dal Cairo \u00e8 stimata intorno alle 16:00-17:00).<\/li>\n<\/ul>\n<p data-sourcepos=\"14:1-14:194\">Si prega di notare: l&#8217;ordine e i tempi del programma possono variare a seconda del flusso turistico nelle attrazioni, degli accordi con la guida e di eventuali elementi aggiuntivi del programma.<\/p>\n<h2 data-sourcepos=\"16:1-16:68\"><strong>Costo (costo totale, pi\u00f9 persone, pi\u00f9 basso il costo a persona):<\/strong><\/h2>\n<ul data-sourcepos=\"18:1-24:114\">\n<li data-sourcepos=\"18:1-18:54\">2 persone (auto): $200 (costo minimo per il viaggio)<\/li>\n<li data-sourcepos=\"19:1-19:55\">3 persone (auto): $220 (per bambini dai 6 anni in su)<\/li>\n<li data-sourcepos=\"20:1-20:58\">4 persone (minibus): $300 (per bambini dai 6 anni in su)<\/li>\n<li data-sourcepos=\"21:1-21:116\">5 o pi\u00f9 persone (fino a 8): Aggiungi $20 a persona (bambini dai 6 ai 12 anni aggiungi $10) al costo per 4 persone.<\/li>\n<li data-sourcepos=\"22:1-22:53\">Se viaggiano 8 adulti, il costo a persona \u00e8 di $47.<\/li>\n<li data-sourcepos=\"23:1-23:80\">Se il numero di persone \u00e8 superiore a 8, il prezzo \u00e8 disponibile su richiesta.<\/li>\n<li data-sourcepos=\"24:1-24:114\">I bambini fino a 5 anni non sono inclusi nel calcolo del costo se non influiscono sulla fornitura di un minibus.<\/li>\n<\/ul>\n<p>[\/vc_column_text][\/vc_column][\/vc_row][vc_row][vc_column width=&#8221;1\/2&#8243;][vc_column_text]<\/p>\n<h2 data-sourcepos=\"5:1-5:32\"><strong>Incluso nel prezzo del tour:<\/strong><\/h2>\n<ul data-sourcepos=\"7:1-13:0\">\n<li data-sourcepos=\"7:1-7:41\">Ingressi a tutti i siti dell&#8217;itinerario<\/li>\n<li data-sourcepos=\"8:1-8:19\">Pranzo (a buffet)<\/li>\n<li data-sourcepos=\"9:1-9:46\">Servizi di una guida privata di lingua russa<\/li>\n<li data-sourcepos=\"10:1-10:19\">Trasporto privato<\/li>\n<li data-sourcepos=\"11:1-11:287\">Nota: Per gli ospiti che alloggiano a El Gouna, Sahl Hasheesh e Makadi, \u00e8 prevista una tariffa aggiuntiva di $10 per prenotazione (andata e ritorno) fino a 6 persone. Per gli ospiti che alloggiano a Soma Bay e Safaga, la tariffa aggiuntiva \u00e8 di $20 per prenotazione (andata e ritorno).<\/li>\n<li data-sourcepos=\"12:1-13:0\">Si prega di notare che il trasporto pu\u00f2 essere condiviso con altri ospiti.<\/li>\n<\/ul>\n<h2 data-sourcepos=\"14:1-14:36\"><strong>Non incluso nel prezzo del tour:<\/strong><\/h2>\n<ul data-sourcepos=\"16:1-17:89\">\n<li data-sourcepos=\"16:1-16:27\">Bevande durante il pranzo<\/li>\n<li data-sourcepos=\"17:1-17:89\">Crociera sul fiume Nilo (opzionale, pagabile in loco, accordi da prendere con la guida)<\/li>\n<\/ul>\n<p>[\/vc_column_text][\/vc_column][vc_column width=&#8221;1\/2&#8243;][vc_column_text]<\/p>\n<h2 data-sourcepos=\"5:1-5:47\"><strong>Ecco le possibili estensioni del programma:<\/strong><\/h2>\n<ul data-sourcepos=\"7:1-10:0\">\n<li data-sourcepos=\"7:1-7:176\">Cairo Cristiana (Vecchio Cairo): +$10\/persona (+ $5\/bambino). Deve essere prenotato in anticipo presso l&#8217;ufficio prenotazioni; \u00e8 pi\u00f9 costoso prenotare con la guida sul posto.<\/li>\n<li data-sourcepos=\"8:1-8:117\">Crociera sul fiume Nilo: prenotata e pagata direttamente alla guida, il costo pu\u00f2 variare da $10 a $20 per persona.<\/li>\n<li data-sourcepos=\"9:1-10:0\">Possiamo personalizzare il programma standard secondo le tue preferenze. Si prega di contattare l&#8217;ufficio prenotazioni per i prezzi.<\/li>\n<\/ul>\n<h2 data-sourcepos=\"11:1-11:28\"><strong>Informazioni aggiuntive:<\/strong><\/h2>\n<ul data-sourcepos=\"13:1-16:166\">\n<li data-sourcepos=\"13:1-13:150\">Foto dei passaporti: si prega di inviare foto dei passaporti di tutti i partecipanti per organizzare un visto turistico presso la polizia turistica.<\/li>\n<li data-sourcepos=\"14:1-14:169\">Pagamento anticipato: \u00e8 richiesto un acconto di $50 per organizzare il visto, l&#8217;auto e la guida. Sar\u00e0 rimborsato se annulli almeno 24 ore prima della data di partenza.<\/li>\n<li data-sourcepos=\"15:1-15:285\">Fermate per lo shopping: a volte, le guide possono portarti in centri commerciali come fabbriche di alabastro o di olio per guadagni aggiuntivi. Se desideri evitare completamente questi luoghi, c&#8217;\u00e8 una tariffa aggiuntiva di $15. Puoi anche provare a negoziare con la guida sul posto.<\/li>\n<li data-sourcepos=\"16:1-16:166\">Piramide di Khufu: l&#8217;ingresso alla Piramide di Khufu non \u00e8 incluso nel prezzo. I biglietti possono essere acquistati all&#8217;ingresso per 1000 sterline egiziane (~$20).<\/li>\n<\/ul>\n<p>[\/vc_column_text][\/vc_column][\/vc_row][\/vc_section][vc_section][vc_row][vc_column]<div id=\"kapee-header-54784\" class=\"kapee-element kapee-heading text-left kapee-width-100 separator-none separator-between-heading\">\t\n\t\t\t\n\t\t\t<div class=\"heading-wrap\">\n\t\t\t<span class=\"separator-left\"><\/span>\n\t\t\t<h2 class=\"heading-title\">Domande frequenti (FAQ): <\/h2>\t\t\t<span class=\"separator-right\"><\/span>\n\t\t\t\t\t<\/div>\n\t\t\n    <\/div>[vc_toggle title=&#8221;Il vostro prezzo \u00e8 cos\u00ec basso&#8230; Probabilmente state facendo un servizio di bassa qualit\u00e0?&#8221; style=&#8221;square_outline&#8221; color=&#8221;sky&#8221;]Offriamo davvero alcuni dei prezzi pi\u00f9 bassi mantenendo un alto livello di servizio. Il motivo \u00e8 che siamo una societ\u00e0 di prenotazioni online per grandi operatori turistici in Egitto, il che ci consente di offrire prezzi molto competitivi grazie al nostro ampio volume di turisti. Prenotando con noi, ricevi un servizio di alta qualit\u00e0 senza pagare eccessivamente gli intermediari.[\/vc_toggle][vc_toggle title=&#8221;Che tipo di autobus e trasferimenti avete?&#8221; style=&#8221;square_outline&#8221; color=&#8221;sky&#8221;]Una variet\u00e0 di trasporti \u00e8 disponibile per l&#8217;uso degli organizzatori dell&#8217;evento all&#8217;interno del parco, tra cui auto, minivan e comodi autobus. Tutti i veicoli sono dotati di aria condizionata e sistemi di sicurezza. Per viaggi pi\u00f9 lunghi, vengono forniti autobus con servizi igienici. Inoltre, tutti i veicoli vengono sottoposti a regolari controlli di manutenzione e sanificazione, e possiedono le necessarie autorizzazioni turistiche. Inoltre, i conducenti vengono sottoposti a ispezioni dalla polizia turistica prima di ogni lungo viaggio.[\/vc_toggle][vc_toggle title=&#8221;Come e quando pago per il tour?&#8221; style=&#8221;square_outline&#8221; color=&#8221;sky&#8221;]Lavoriamo senza pagamento anticipato. Tutti i tour di gruppo vengono pagati sull&#8217;autobus o durante il tour stesso. Le eccezioni sono i pagamenti anticipati per i tour privati e i tour che richiedono l&#8217;acquisto di biglietti aerei o l&#8217;elaborazione di documenti. I nostri programmi principali vengono pagati direttamente durante il trasferimento o all&#8217;inizio del tour. Non \u00e8 necessario cercare qualcuno per pagare il tour. Un dipendente dell&#8217;organizzatore si avviciner\u00e0 a te. Puoi pagare in contanti in dollari USA, euro o sterline egiziane. Per la tua comodit\u00e0, offriamo anche la possibilit\u00e0 di trasferire fondi su una carta bancaria in rubli, grivnie ed euro al tasso di cambio o su un portafoglio di criptovaluta in USDT, prima del tour. Per informazioni pi\u00f9 dettagliate sui metodi di pagamento e sui rimborsi, consulta qui.[\/vc_toggle][vc_toggle title=&#8221;Hai una licenza turistica?&#8221; style=&#8221;square_outline&#8221; color=&#8221;sky&#8221;]L&#8217;Egitto \u00e8 un paese altamente regolamentato, specialmente quando si tratta di turismo. Affinch\u00e9 qualsiasi veicolo o yacht possa partire per un&#8217;escursione, \u00e8 necessario ottenere permessi giornalieri sia dalla polizia che dai militari. Se gli operatori turistici non hanno una valida licenza turistica, naturalmente non gli verranno concessi questi permessi. Ecco perch\u00e9 per alcune escursioni, potremmo richiedere copie dei vostri voucher e passaporti (questo vale per le escursioni marine a Sharm El-Sheikh, i tour privati e alcuni tour di gruppo se coinvolgono l&#8217;uscita dalla citt\u00e0. Per altre escursioni, i permessi vengono semplicemente rilasciati in base al numero di persone e non sono necessari i dettagli del passaporto).[\/vc_toggle][vc_toggle title=&#8221;Siamo assicurati durante l&#8217;escursione?&#8221; style=&#8221;square_outline&#8221; color=&#8221;sky&#8221;]<\/p>\n<p data-sourcepos=\"3:1-3:250\">Sfortunatamente, alcune guide degli hotel cercano di convincere i turisti che la loro assicurazione di viaggio \u00e8 presumibilmente invalida se prenotano escursioni con operatori turistici esterni, invece della loro stessa compagnia. Questo non \u00e8 vero.<\/p>\n<p data-sourcepos=\"5:1-5:148\">Innanzitutto, la tua assicurazione di viaggio \u00e8 valida in tutto l&#8217;Egitto, proprio come lo sarebbe se prenotassi con la compagnia di tour dell&#8217;hotel.<\/p>\n<p data-sourcepos=\"7:1-7:381\">In secondo luogo, se sei su una barca, un autobus o un altro mezzo di trasporto, l&#8217;organizzatore si assume la piena responsabilit\u00e0 assicurativa nei confronti dei passeggeri. Altrimenti, semplicemente non sarebbero in grado di ottenere un permesso per condurre attivit\u00e0 turistiche. L&#8217;Egitto ha regolamenti turistici piuttosto rigidi e sono necessari permessi prima di ogni viaggio.<\/p>\n<p>[\/vc_toggle][vc_toggle title=&#8221;Come posso recuperare un oggetto perso durante un tour?&#8221; style=&#8221;square_outline&#8221; color=&#8221;sky&#8221;]Ricordiamo sempre ai nostri ospiti di controllare attentamente di avere con s\u00e9 tutti i loro effetti personali prima di uscire dall&#8217;autobus o dallo yacht alla fine del tour. Sfortunatamente, recuperare oggetti smarriti pu\u00f2 essere piuttosto difficile a causa della partenza immediata dei veicoli per la pulizia e le complessit\u00e0 della logistica egiziana. Sebbene faremo il possibile per aiutarti a ritrovare i tuoi effetti personali, non possiamo garantire un tasso di recupero del 100%. Se riusciamo a trovare il tuo oggetto, ci sar\u00e0 una tassa di consegna di $5-10. Si prega di prestare attenzione ai propri effetti personali![\/vc_toggle][vc_toggle title=&#8221;Dovrei modificare i miei piani o aspettare per il tour?&#8221; style=&#8221;square_outline&#8221; color=&#8221;sky&#8221;]Abbiamo un significativo afflusso giornaliero di richieste di prenotazione per i nostri programmi da parte dei turisti. Di conseguenza, la maggior parte delle escursioni vengono organizzate quotidianamente o in specifici giorni della settimana seguendo un programma dettagliato fornito nella descrizione di ciascun programma. Dopo la prenotazione, ti invieremo l&#8217;ora esatta del prelievo dal tuo hotel. Molti tour saranno condotti con piccoli gruppi provenienti da vari hotel che hanno acquistato escursioni attraverso gli operatori turistici. L&#8217;unica differenza \u00e8 che i nostri prezzi sono del 40-60% pi\u00f9 bassi (i nostri organizzatori conducono tutte le principali escursioni a Hurghada e Sharm El-Sheikh per turisti di lingua russa).[\/vc_toggle][vc_toggle title=&#8221;Dove posso trovare il fotografo che ha scattato le foto durante il tour?&#8221; style=&#8221;square_outline&#8221; color=&#8221;sky&#8221;]Vorremmo informarvi che i fotografi che vi accompagnano durante le escursioni agiscono come rappresentanti indipendenti dei loro studi fotografici. Non fanno parte del nostro servizio online o del team organizzatore del programma. Tutti i termini e le condizioni relativi al servizio fotografico e al suo pagamento vengono discussi e concordati direttamente tra voi e il fotografo. Consigliamo di avvicinarsi ai pagamenti anticipati con cautela e di assicurarsi l&#8217;affidabilit\u00e0 dei servizi, nonch\u00e9 di ottenere tutte le informazioni di contatto del fotografo prima di effettuare qualsiasi pagamento.[\/vc_toggle][\/vc_column][\/vc_row][\/vc_section]<\/p>\n<\/section>","protected":false},"excerpt":{"rendered":"<ul>\n<li data-sourcepos=\"3:1-3:46\"><strong>Prezzo:<\/strong> Adulti (dai 6 anni in su) da $47<\/li>\n<li data-sourcepos=\"4:1-4:53\"><strong>Pagamento anticipato:<\/strong> (per veicolo e guida) $50<\/li>\n<li data-sourcepos=\"5:1-5:35\"><strong>Durata approssimativa:<\/strong> 22 ore<\/li>\n<li data-sourcepos=\"6:1-6:40\"><strong>Giorni della settimana:<\/strong> Quotidiano<\/li>\n<\/ul>\n<p>&nbsp;<\/p>\n<ul>\n<li data-sourcepos=\"5:1-11:18\">Prenota in 3 minuti<\/li>\n<li data-sourcepos=\"5:1-11:18\">Pick-up dall&#8217;hotel<\/li>\n<li data-sourcepos=\"5:1-11:18\">Assicurazione inclusa<\/li>\n<li data-sourcepos=\"5:1-11:18\">Guida di lingua russa<\/li>\n<li data-sourcepos=\"5:1-11:18\">Nessuna tassa o commissione aggiuntiva<\/li>\n<li data-sourcepos=\"5:1-11:18\">Foto e recensioni reali<\/li>\n<li data-sourcepos=\"5:1-11:18\">Gestore personale<\/li>\n<\/ul>\n","protected":false},"featured_media":236,"template":"","meta":[],"product_cat":[20,16],"product_tag":[],"class_list":{"0":"post-69","1":"product","2":"type-product","3":"status-publish","4":"has-post-thumbnail","6":"product_cat-hurghada-individual-excursions","7":"product_cat-historical-from-hurghada","9":"first","10":"instock","11":"shipping-taxable","12":"purchasable","13":"product-type-simple"},"_links":{"self":[{"href":"https:\/\/www.starkhattabychtours.com\/it\/wp-json\/wp\/v2\/product\/69","targetHints":{"allow":["GET"]}}],"collection":[{"href":"https:\/\/www.starkhattabychtours.com\/it\/wp-json\/wp\/v2\/product"}],"about":[{"href":"https:\/\/www.starkhattabychtours.com\/it\/wp-json\/wp\/v2\/types\/product"}],"wp:featuredmedia":[{"embeddable":true,"href":"https:\/\/www.starkhattabychtours.com\/it\/wp-json\/wp\/v2\/media\/236"}],"wp:attachment":[{"href":"https:\/\/www.starkhattabychtours.com\/it\/wp-json\/wp\/v2\/media?parent=69"}],"wp:term":[{"taxonomy":"product_cat","embeddable":true,"href":"https:\/\/www.starkhattabychtours.com\/it\/wp-json\/wp\/v2\/product_cat?post=69"},{"taxonomy":"product_tag","embeddable":true,"href":"https:\/\/www.starkhattabychtours.com\/it\/wp-json\/wp\/v2\/product_tag?post=69"}],"curies":[{"name":"wp","href":"https:\/\/api.w.org\/{rel}","templated":true}]}}