{"id":700,"date":"2024-10-01T08:06:12","date_gmt":"2024-10-01T08:06:12","guid":{"rendered":"https:\/\/www.starkhattabychtours.com\/it\/?post_type=product&#038;p=700"},"modified":"2024-10-07T09:01:16","modified_gmt":"2024-10-07T09:01:16","slug":"cairo-pyramidsby-plane","status":"publish","type":"product","link":"https:\/\/www.starkhattabychtours.com\/it\/tour\/cairo-pyramidsby-plane","title":{"rendered":"Piramidi di Giza (in aereo)"},"content":{"rendered":"<section class=\"wpb-content-wrapper\"><p>[vc_row][vc_column width=&#8221;1\/2&#8243;][vc_column_text]<\/p>\n<h2>Quasi-privato Tour delle Piramidi di Giza da Hurghada<\/h2>\n<h3>Goditi un tour quasi privato delle Piramidi di Giza a un prezzo di gruppo!<\/h3>\n<ul>\n<li>Volare da Hurghada al Cairo per un tour delle piramidi \u00e8 una scelta popolare per i turisti. Ti fa risparmiare tempo sull&#8217;autobus e ti porta rapidamente a una delle principali attrazioni dell&#8217;Egitto.<\/li>\n<li>Questa \u00e8 un&#8217;opportunit\u00e0 unica per visitare la capitale dell&#8217;Egitto da Hurghada senza la frenesia di un tour di gruppo numeroso e un viaggio in autobus di otto ore, a un prezzo super conveniente con la nostra compagnia! Una guida, il trasferimento aeroportuale e un&#8217;auto per l&#8217;escursione sono solo per te o un piccolo gruppo, solitamente non pi\u00f9 di 6-8 persone, se ci sono altre prenotazioni in quel giorno.<\/li>\n<\/ul>\n<p>[\/vc_column_text][\/vc_column][vc_column width=&#8221;1\/2&#8243;][vc_single_image image=&#8221;702&#8243; img_size=&#8221;full&#8221;][\/vc_column][\/vc_row][vc_row][vc_column][vc_column_text]<\/p>\n<h3>Incluso nel prezzo:<\/h3>\n<ul>\n<li>volo, tutti i biglietti d&#8217;ingresso, trasferimento andata e ritorno, pranzo e una guida di lingua russa.<\/li>\n<li>Non solo vedrai le famose Piramidi, la Sfinge e il Museo Nazionale, ma anche l&#8217;unica architettura cristiana e musulmana costruita in diversi periodi storici di questo antico paese.<\/li>\n<li>Nella parte cristiana ci sono diversi luoghi associati al volo della Sacra Famiglia. Puoi visitarli tutti. E nella parte musulmana &#8211; una moschea (attualmente in fase di restauro, si pu\u00f2 vedere dall&#8217;autobus), originariamente costruita nel 642, come centro religioso della prima capitale araba dell&#8217;Egitto ed \u00e8 la prima moschea di tutta l&#8217;Africa.<\/li>\n<\/ul>\n<h3>Offriamo due programmi tra cui scegliere:<\/h3>\n<ul>\n<li>Programma #1 = $190 (Con il museo, ma SENZA la parte cristiana del Cairo)<\/li>\n<li>Programma #2 (massimo) = $200 (Sia con il museo che con la parte cristiana del Cairo)<\/li>\n<li>Partenze giornaliere.<\/li>\n<li>\u00c8 possibile organizzare un viaggio completamente individuale: +$20 a persona; se ci sono 4 o pi\u00f9 persone nel tuo gruppo &#8211; il prezzo \u00e8 lo stesso del gruppo sopra (il prezzo \u00e8 indicato per persone dai 3 anni in su).<\/li>\n<\/ul>\n<h3>Cosa \u00e8 incluso nel programma del tour:<\/h3>\n<ul>\n<li>Partenza intorno alle 5:00 AM, a seconda della posizione dell&#8217;hotel e dell&#8217;orario del volo charter (il volo per il Cairo dura circa un&#8217;ora + viaggio da e per l&#8217;aeroporto);<\/li>\n<li>Inizio del programma intorno alle 9:00-10:00 AM;<\/li>\n<li>Museo Nazionale del Cairo (Programma #1) \/ Tutte le attrazioni (Programma #2);<\/li>\n<li>Grande Sfinge;<\/li>\n<li>Piramidi di Giza (Khufu, Khafre, Menkaure);<\/li>\n<li>Istituto del papiro e fabbrica di olio;<\/li>\n<li>Una gita in barca sul Nilo (facoltativa, il costo aggiuntivo varia da $10 a $20, acquistato direttamente dalla guida);<\/li>\n<li>Pranzo (buffet);<\/li>\n<li>Fine del programma intorno alle 16:00-17:00;<\/li>\n<li>Trasferimento all&#8217;aeroporto. Arrivo all&#8217;hotel di Hurghada intorno alle 22:00 (i tempi possono variare a seconda della disponibilit\u00e0 dei biglietti e del possibile rinvio del volo charter da parte della compagnia aerea).<\/li>\n<li>La sequenza dei programmi pu\u00f2 variare, a seconda della guida e del flusso turistico nelle attrazioni.<\/li>\n<\/ul>\n<h3>Incluso nel prezzo del tour:<\/h3>\n<ul>\n<li>Tutti i biglietti d&#8217;ingresso<\/li>\n<li>Servizi di una guida di lingua russa<\/li>\n<li>Volo andata e ritorno<\/li>\n<li>Pranzo (buffet)<\/li>\n<li>Trasporto (le aree di El Gouna, Sahl Hasheesh e Makadi hanno un costo aggiuntivo di $10* in entrambe le direzioni.<\/li>\n<li>Le aree di Soma Bay e Safaga hanno un costo aggiuntivo di $20* in entrambe le direzioni. *Il prezzo \u00e8 indicato per una prenotazione in entrambe le direzioni, fino a 6 persone. Il trasferimento pu\u00f2 essere di gruppo).<\/li>\n<\/ul>\n<h3>Non incluso nel prezzo del tour:<\/h3>\n<ul>\n<li>Una gita in barca sul Nilo (facoltativa, il costo aggiuntivo varia da $10 a $20, acquistato direttamente dalla guida);<\/li>\n<li>Bevande durante il pranzo ($1-2).<\/li>\n<li>Bambini fino a 2 anni inclusi (se non occupano un posto a parte sull&#8217;aereo) &#8211; Gratuito. Bambini pi\u00f9 grandi &#8211; stesso prezzo di un adulto.<\/li>\n<\/ul>\n<h2>Informazioni aggiuntive:<\/h2>\n<ul>\n<li>\u00c8 necessario prenotare il tour almeno 2 giorni in anticipo per acquistare i biglietti aerei.<\/li>\n<li>\u00c8 richiesto un deposito di $50 per acquistare il biglietto aereo, in caso di annullamento del tour, il deposito non \u00e8 rimborsabile (l&#8217;importo rimanente per il tour viene pagato nel trasferimento prima del volo).<\/li>\n<li>\u00c8 necessario inviare foto dei passaporti di tutte le persone per organizzare un visto turistico per viaggiare nella polizia turistica e acquistare i biglietti aerei.<\/li>\n<li>I biglietti vengono acquistati per i voli disponibili forniti dalle compagnie aeree charter (la sera potrebbero esserci ritardi al Cairo).<\/li>\n<li>Si prega di notare che se si ordina il Programma #2, ma ci sono poche persone sul programma e il gruppo principale \u00e8 sul Programma #1, allora il Programma #2 potrebbe non aver luogo, la differenza di denaro viene restituita.<\/li>\n<li>Si prega di notare che non ci sono caff\u00e8 a pieno titolo all&#8217;aeroporto del Cairo, si consiglia di prendersi cura di uno spuntino in anticipo in caso di ritardi o quando si acquista un biglietto per un volo in partenza successivo.<\/li>\n<li>Si prega di notare che le guide turistiche possono offrire beni in vendita &#8211; questa \u00e8 una pratica comune in Egitto. Si ricorda che il nostro servizio online non controlla la qualit\u00e0 e i prezzi di questi beni.<\/li>\n<li>L&#8217;ingresso all&#8217;interno della Piramide di Khufu non \u00e8 incluso nel prezzo, se desiderato (se rimane tempo nel programma) un biglietto viene acquistato presso la biglietteria all&#8217;ingresso della piramide, il prezzo \u00e8 di 1000 sterline egiziane (~$20).<\/li>\n<\/ul>\n<h3>Materiali sull&#8217;argomento:<\/h3>\n<p>Scopri la storia delle Piramidi dell&#8217;Antico Egitto nel nostro articolo.<br \/>\nPer prenotare un tour, clicca sull&#8217;icona del messenger che ti \u00e8 pi\u00f9 comodo sul lato destro dello schermo e scrivici.<\/p>\n<h3>Porta con te:<\/h3>\n<p>Passaporto, razioni secche (ordinare in anticipo presso la reception dell&#8217;hotel), vestiti caldi (aria condizionata nell&#8217;autobus e nell&#8217;aereo, e in inverno), scarpe comode, copricapo, occhiali da sole, crema solare, denaro per il tour e piccole spese, power bank per caricare il telefono. Non portare acqua e liquidi, potrebbero essere confiscati all&#8217;aeroporto![\/vc_column_text][\/vc_column][\/vc_row][vc_section][vc_row][vc_column]<div id=\"kapee-header-13656\" class=\"kapee-element kapee-heading text-left kapee-width-100 separator-none separator-between-heading\">\t\n\t\t\t\n\t\t\t<div class=\"heading-wrap\">\n\t\t\t<span class=\"separator-left\"><\/span>\n\t\t\t<h2 class=\"heading-title\">Domande frequenti (FAQ): <\/h2>\t\t\t<span class=\"separator-right\"><\/span>\n\t\t\t\t\t<\/div>\n\t\t\n    <\/div>[vc_toggle title=&#8221;Il vostro prezzo \u00e8 cos\u00ec basso&#8230; Probabilmente state facendo un servizio di bassa qualit\u00e0?&#8221; style=&#8221;square_outline&#8221; color=&#8221;sky&#8221;]Offriamo davvero alcuni dei prezzi pi\u00f9 bassi mantenendo un alto livello di servizio. Il motivo \u00e8 che siamo una societ\u00e0 di prenotazioni online per grandi operatori turistici in Egitto, il che ci consente di offrire prezzi molto competitivi grazie al nostro ampio volume di turisti. Prenotando con noi, ricevi un servizio di alta qualit\u00e0 senza pagare eccessivamente gli intermediari.[\/vc_toggle][vc_toggle title=&#8221;Che tipo di autobus e trasferimenti avete?&#8221; style=&#8221;square_outline&#8221; color=&#8221;sky&#8221;]Una variet\u00e0 di trasporti \u00e8 disponibile per l&#8217;uso degli organizzatori dell&#8217;evento all&#8217;interno del parco, tra cui auto, minivan e comodi autobus. Tutti i veicoli sono dotati di aria condizionata e sistemi di sicurezza. Per viaggi pi\u00f9 lunghi, vengono forniti autobus con servizi igienici. Inoltre, tutti i veicoli vengono sottoposti a regolari controlli di manutenzione e sanificazione, e possiedono le necessarie autorizzazioni turistiche. Inoltre, i conducenti vengono sottoposti a ispezioni dalla polizia turistica prima di ogni lungo viaggio.[\/vc_toggle][vc_toggle title=&#8221;Come e quando pago per il tour?&#8221; style=&#8221;square_outline&#8221; color=&#8221;sky&#8221;]Lavoriamo senza pagamento anticipato. Tutti i tour di gruppo vengono pagati sull&#8217;autobus o durante il tour stesso. Le eccezioni sono i pagamenti anticipati per i tour privati e i tour che richiedono l&#8217;acquisto di biglietti aerei o l&#8217;elaborazione di documenti. I nostri programmi principali vengono pagati direttamente durante il trasferimento o all&#8217;inizio del tour. Non \u00e8 necessario cercare qualcuno per pagare il tour. Un dipendente dell&#8217;organizzatore si avviciner\u00e0 a te. Puoi pagare in contanti in dollari USA, euro o sterline egiziane. Per la tua comodit\u00e0, offriamo anche la possibilit\u00e0 di trasferire fondi su una carta bancaria in rubli, grivnie ed euro al tasso di cambio o su un portafoglio di criptovaluta in USDT, prima del tour. Per informazioni pi\u00f9 dettagliate sui metodi di pagamento e sui rimborsi, consulta qui.[\/vc_toggle][vc_toggle title=&#8221;Hai una licenza turistica?&#8221; style=&#8221;square_outline&#8221; color=&#8221;sky&#8221;]L&#8217;Egitto \u00e8 un paese altamente regolamentato, specialmente quando si tratta di turismo. Affinch\u00e9 qualsiasi veicolo o yacht possa partire per un&#8217;escursione, \u00e8 necessario ottenere permessi giornalieri sia dalla polizia che dai militari. Se gli operatori turistici non hanno una valida licenza turistica, naturalmente non gli verranno concessi questi permessi. Ecco perch\u00e9 per alcune escursioni, potremmo richiedere copie dei vostri voucher e passaporti (questo vale per le escursioni marine a Sharm El-Sheikh, i tour privati e alcuni tour di gruppo se coinvolgono l&#8217;uscita dalla citt\u00e0. Per altre escursioni, i permessi vengono semplicemente rilasciati in base al numero di persone e non sono necessari i dettagli del passaporto).[\/vc_toggle][vc_toggle title=&#8221;Siamo assicurati durante l&#8217;escursione?&#8221; style=&#8221;square_outline&#8221; color=&#8221;sky&#8221;]<\/p>\n<p data-sourcepos=\"3:1-3:250\">Sfortunatamente, alcune guide degli hotel cercano di convincere i turisti che la loro assicurazione di viaggio \u00e8 presumibilmente invalida se prenotano escursioni con operatori turistici esterni, invece della loro stessa compagnia. Questo non \u00e8 vero.<\/p>\n<p data-sourcepos=\"5:1-5:148\">Innanzitutto, la tua assicurazione di viaggio \u00e8 valida in tutto l&#8217;Egitto, proprio come lo sarebbe se prenotassi con la compagnia di tour dell&#8217;hotel.<\/p>\n<p data-sourcepos=\"7:1-7:381\">In secondo luogo, se sei su una barca, un autobus o un altro mezzo di trasporto, l&#8217;organizzatore si assume la piena responsabilit\u00e0 assicurativa nei confronti dei passeggeri. Altrimenti, semplicemente non sarebbero in grado di ottenere un permesso per condurre attivit\u00e0 turistiche. L&#8217;Egitto ha regolamenti turistici piuttosto rigidi e sono necessari permessi prima di ogni viaggio.<\/p>\n<p>[\/vc_toggle][vc_toggle title=&#8221;Come posso recuperare un oggetto perso durante un tour?&#8221; style=&#8221;square_outline&#8221; color=&#8221;sky&#8221;]Ricordiamo sempre ai nostri ospiti di controllare attentamente di avere con s\u00e9 tutti i loro effetti personali prima di uscire dall&#8217;autobus o dallo yacht alla fine del tour. Sfortunatamente, recuperare oggetti smarriti pu\u00f2 essere piuttosto difficile a causa della partenza immediata dei veicoli per la pulizia e le complessit\u00e0 della logistica egiziana. Sebbene faremo il possibile per aiutarti a ritrovare i tuoi effetti personali, non possiamo garantire un tasso di recupero del 100%. Se riusciamo a trovare il tuo oggetto, ci sar\u00e0 una tassa di consegna di $5-10. Si prega di prestare attenzione ai propri effetti personali![\/vc_toggle][vc_toggle title=&#8221;Dovrei modificare i miei piani o aspettare per il tour?&#8221; style=&#8221;square_outline&#8221; color=&#8221;sky&#8221;]Abbiamo un significativo afflusso giornaliero di richieste di prenotazione per i nostri programmi da parte dei turisti. Di conseguenza, la maggior parte delle escursioni vengono organizzate quotidianamente o in specifici giorni della settimana seguendo un programma dettagliato fornito nella descrizione di ciascun programma. Dopo la prenotazione, ti invieremo l&#8217;ora esatta del prelievo dal tuo hotel. Molti tour saranno condotti con piccoli gruppi provenienti da vari hotel che hanno acquistato escursioni attraverso gli operatori turistici. L&#8217;unica differenza \u00e8 che i nostri prezzi sono del 40-60% pi\u00f9 bassi (i nostri organizzatori conducono tutte le principali escursioni a Hurghada e Sharm El-Sheikh per turisti di lingua russa).[\/vc_toggle][vc_toggle title=&#8221;Dove posso trovare il fotografo che ha scattato le foto durante il tour?&#8221; style=&#8221;square_outline&#8221; color=&#8221;sky&#8221;]Vorremmo informarvi che i fotografi che vi accompagnano durante le escursioni agiscono come rappresentanti indipendenti dei loro studi fotografici. Non fanno parte del nostro servizio online o del team organizzatore del programma. Tutti i termini e le condizioni relativi al servizio fotografico e al suo pagamento vengono discussi e concordati direttamente tra voi e il fotografo. Consigliamo di avvicinarsi ai pagamenti anticipati con cautela e di assicurarsi l&#8217;affidabilit\u00e0 dei servizi, nonch\u00e9 di ottenere tutte le informazioni di contatto del fotografo prima di effettuare qualsiasi pagamento.[\/vc_toggle][\/vc_column][\/vc_row][\/vc_section]<\/p>\n<\/section>","protected":false},"excerpt":{"rendered":"<p>Prezzo per adulti (da 3 anni): $190<br \/>\nDeposito (per acquistare un biglietto): $50<br \/>\nDurata approssimativa: 17 ore<br \/>\nGiorni della settimana: Quotidiano<\/p>\n<ul>\n<li>Prenotazione in 3 minuti<\/li>\n<li>Trasferimento dall&#8217;hotel<\/li>\n<li>Assicurazione valida<\/li>\n<li>Guida di lingua russa<\/li>\n<li>Nessuna tassa o commissione aggiuntiva<\/li>\n<li>Foto e recensioni reali<\/li>\n<li>Gestore personale<\/li>\n<\/ul>\n","protected":false},"featured_media":701,"template":"","meta":[],"product_cat":[20],"product_tag":[],"class_list":{"0":"post-700","1":"product","2":"type-product","3":"status-publish","4":"has-post-thumbnail","6":"product_cat-hurghada-individual-excursions","8":"first","9":"instock","10":"shipping-taxable","11":"purchasable","12":"product-type-simple"},"_links":{"self":[{"href":"https:\/\/www.starkhattabychtours.com\/it\/wp-json\/wp\/v2\/product\/700","targetHints":{"allow":["GET"]}}],"collection":[{"href":"https:\/\/www.starkhattabychtours.com\/it\/wp-json\/wp\/v2\/product"}],"about":[{"href":"https:\/\/www.starkhattabychtours.com\/it\/wp-json\/wp\/v2\/types\/product"}],"wp:featuredmedia":[{"embeddable":true,"href":"https:\/\/www.starkhattabychtours.com\/it\/wp-json\/wp\/v2\/media\/701"}],"wp:attachment":[{"href":"https:\/\/www.starkhattabychtours.com\/it\/wp-json\/wp\/v2\/media?parent=700"}],"wp:term":[{"taxonomy":"product_cat","embeddable":true,"href":"https:\/\/www.starkhattabychtours.com\/it\/wp-json\/wp\/v2\/product_cat?post=700"},{"taxonomy":"product_tag","embeddable":true,"href":"https:\/\/www.starkhattabychtours.com\/it\/wp-json\/wp\/v2\/product_tag?post=700"}],"curies":[{"name":"wp","href":"https:\/\/api.w.org\/{rel}","templated":true}]}}