{"id":71,"date":"2024-09-03T11:31:07","date_gmt":"2024-09-03T11:31:07","guid":{"rendered":"https:\/\/www.starkhattabychtours.com\/it\/?post_type=product&#038;p=71"},"modified":"2024-10-05T10:23:23","modified_gmt":"2024-10-05T10:23:23","slug":"nile-cruise-from-hurghada-4-or-5-days","status":"publish","type":"product","link":"https:\/\/www.starkhattabychtours.com\/it\/tour\/nile-cruise-from-hurghada-4-or-5-days","title":{"rendered":"Crociera sul Nilo da Hurghada (4 o 5 giorni)"},"content":{"rendered":"<section class=\"wpb-content-wrapper\"><p>[vc_section][vc_row][vc_column width=&#8221;1\/2&#8243;][vc_column_text]<\/p>\n<p data-sourcepos=\"3:1-3:237\">Presentazione di crociere di 4 giorni sul fiume Nilo da Hurghada. Questo \u00e8 un viaggio indimenticabile pieno di avventura e storia. Collaboriamo con alcune delle migliori navi da crociera per offrire ai nostri ospiti la vacanza perfetta.<\/p>\n<p data-sourcepos=\"5:1-5:85\">Intraprendi un viaggio a bordo di una lussuosa nave da crociera come Princess Sarah, Nile Plaza PNC, Radamis,<span class=\"animating\"> Royal Ruby,<\/span> Nile Ruby, Magic, Blue Shadow, Queen of Hanza, Emilio, Tamr Henna o altre, tutte rinomate per l&#8217;eccezionale servizio e comfort.<\/p>\n<p data-sourcepos=\"7:1-7:68\">La tua avventura inizia a Hurghada, da dove viaggerai fino a Luxor e salirerai a bordo della tua nave. Dal primo giorno, navighi lungo il maestoso fiume Nilo fino ad arrivare alla storica citt\u00e0 di Assuan. Qui, puoi esplorare antichi templi e siti storici.<\/p>\n<p data-sourcepos=\"9:1-9:232\">Successivamente, viaggerai ad Abu Simbel, dove incontrerai l&#8217;impressionante complesso templare scavato nella roccia. Questo luogo \u00e8 una vera meraviglia architettonica, dove ogni elemento ha la sua propria storia e significato unici.<\/p>\n<p>[\/vc_column_text][\/vc_column][vc_column width=&#8221;1\/2&#8243;][vc_images_carousel images=&#8221;721,722,723,724&#8243; img_size=&#8221;full&#8221; onclick=&#8221;link_no&#8221; autoplay=&#8221;yes&#8221; wrap=&#8221;yes&#8221;][\/vc_column][\/vc_row][vc_row][vc_column][vc_column_text]Mentre la tua crociera continua, visiterai numerosi altri siti storici, come Edfu e Kom Ombo, dove puoi immergerti completamente nell&#8217;antica cultura e storia dell&#8217;Egitto.<\/p>\n<p>Ogni giorno della tua crociera sar\u00e0 pieno di escursioni entusiasmanti, viste mozzafiato e autentiche esperienze culturali. La sera, puoi goderti una variet\u00e0 di intrattenimento a bordo, tra cui spettacoli folkloristici, balli e musica.<\/p>\n<p>Ogni ospite godr\u00e0 di un servizio e un&#8217;assistenza di prima classe da parte dell&#8217;amichevole e professionale equipaggio della nave. Siamo orgogliosi della nostra reputazione come uno dei migliori fornitori di crociere sul Nilo da Hurghada.<\/p>\n<p data-sourcepos=\"17:1-17:276\">Non perdere questa opportunit\u00e0 di immergerti nella storia e nella cultura dell&#8217;antico Egitto durante una lussuosa crociera sul fiume Nilo da Hurghada. Prenota il tuo posto sulla nostra crociera e preparati per una delle avventure pi\u00f9 entusiasmanti e memorabili della tua vita.<\/p>\n<p data-sourcepos=\"19:1-19:392\">Importante: Il prezzo della crociera \u00e8 a persona, basato su occupazione doppia in una cabina. Le tariffe per i bambini sono valide solo quando due adulti condividono una cabina con un bambino di et\u00e0 compresa tra 6 e 12 anni (i bambini fino a 5 anni sono gratuiti). Se un adulto viaggia con un bambino di et\u00e0 compresa tra 6 e 12 anni, il prezzo sar\u00e0 lo stesso di quello per due adulti &#8211; $900.<\/p>\n<p>[\/vc_column_text][\/vc_column][\/vc_row][vc_row][vc_column]<div id=\"kapee-header-28294\" class=\"kapee-element kapee-heading text-left kapee-width-100 separator-none separator-between-heading\">\t\n\t\t\t\n\t\t\t<div class=\"heading-wrap\">\n\t\t\t<span class=\"separator-left\"><\/span>\n\t\t\t<h2 class=\"heading-title\">Cosa \u00e8 incluso nel programma dell'escursione: <\/h2>\t\t\t<span class=\"separator-right\"><\/span>\n\t\t\t\t\t<\/div>\n\t\t\n    <\/div>[vc_row_inner][vc_column_inner width=&#8221;1\/2&#8243;][vc_column_text]<\/p>\n<p data-sourcepos=\"5:1-5:13\"><strong>Giorno 1:<\/strong><\/p>\n<ul data-sourcepos=\"7:1-12:0\">\n<li data-sourcepos=\"7:1-7:134\">Partenza dall&#8217;hotel: intorno alle 4:00 AM (l&#8217;ora esatta verr\u00e0 confermata dopo la prenotazione; il viaggio a Luxor dura circa 4 ore).<\/li>\n<li data-sourcepos=\"8:1-8:111\">Arrivo a Luxor: visita alla &#8220;Valle dei Vivi&#8221;: il Tempio di Karnak (scarabeo, lago sacro, viale delle sfingi).<\/li>\n<li data-sourcepos=\"9:1-9:73\">Trasferimento e imbarco sulla nave: pranzo (buffet) intorno alle 13:00.<\/li>\n<li data-sourcepos=\"10:1-10:111\">Partenza: la nave salpa verso la citt\u00e0 di Esna intorno alle 14:00 (passando attraverso la chiusa alle 18:00).<\/li>\n<li data-sourcepos=\"11:1-12:0\">Sera: cena alle 20:00, musica e balli nel bar, tempo libero.<\/li>\n<\/ul>\n<p data-sourcepos=\"13:1-13:13\"><strong>Giorno 2:<\/strong><\/p>\n<ul data-sourcepos=\"15:1-19:117\">\n<li data-sourcepos=\"15:1-15:34\">Mattina: colazione alle 8:00 AM.<\/li>\n<li data-sourcepos=\"16:1-16:108\">Edfu: arrivo a Edfu e visita al Tempio di Horus, costruito tra il 237 e il 57 a.C. (intorno alle 9:00 AM).<\/li>\n<li data-sourcepos=\"17:1-17:69\">Kom Ombo: partenza verso Kom Ombo alle 11:00 AM. Pranzo alle 13:00.<\/li>\n<li data-sourcepos=\"18:1-18:146\">Pomeriggio: visita al Tempio di Kom Ombo alle 17:00 &#8211; l&#8217;unica struttura preservata dell&#8217;antica citt\u00e0 di Nubet, costruita tra il 180 e il 47 a.C.<\/li>\n<li data-sourcepos=\"19:1-19:117\">Assuan: partenza verso Assuan intorno alle 19:00. Cena alle 20:00 e programma di intrattenimento (carnivalo arabo).<\/li>\n<\/ul>\n<p>[\/vc_column_text][\/vc_column_inner][vc_column_inner width=&#8221;1\/2&#8243;][vc_column_text]<\/p>\n<p data-sourcepos=\"3:1-3:13\"><strong>Giorno 3:<\/strong><\/p>\n<ul data-sourcepos=\"5:1-11:0\">\n<li data-sourcepos=\"5:1-5:434\">Prima mattina: all&#8217;arrivo ad Assuan intorno alle 5:00 AM, \u00e8 disponibile un&#8217;escursione a pagamento opzionale al tempio di Abu Simbel (+ $50 per adulti, + $25 per bambini &#8211; questo prezzo \u00e8 valido quando si prenota tramite noi, sar\u00e0 pi\u00f9 costoso sul posto, circa il 50% in pi\u00f9). Il viaggio al tempio dura circa 3 ore in comodo minibus con aria condizionata. La visita al tempio dura 2 ore. Ritorno sulla nave da crociera entro le 13:00.<\/li>\n<li data-sourcepos=\"6:1-6:15\">Pranzo: 13:00<\/li>\n<li data-sourcepos=\"7:1-7:187\">Pomeriggio: intorno alle 15:00, una gita alla diga alta di Assuan e al monumento del loto (costruito per commemorare l&#8217;amicizia egiziano-sovietica) che offre splendide viste del bacino.<\/li>\n<li data-sourcepos=\"8:1-8:100\">Visita: all&#8217;obelisco incompiuto in granito rosa iniziato durante il regno della regina Hatshepsut.<\/li>\n<li data-sourcepos=\"9:1-9:230\">Opzionale: escursione a pagamento all&#8217;isola di Philae per visitare il tempio della dea Iside (+ $20 per adulti, + $10 per bambini &#8211; questo prezzo \u00e8 valido quando si prenota tramite noi, sar\u00e0 pi\u00f9 costoso sul posto, circa il 50%).<\/li>\n<li data-sourcepos=\"10:1-11:0\">Cena: 20:00 sulla nave da crociera, seguita da un programma di intrattenimento (danza nubiana, danza Tanoura, danza del ventre).<\/li>\n<\/ul>\n<p data-sourcepos=\"12:1-12:13\"><strong>Giorno 4:<\/strong><\/p>\n<ul data-sourcepos=\"14:1-18:0\">\n<li data-sourcepos=\"14:1-14:80\">Prima mattina: colazione anticipata (o pranzo al sacco), intorno alle 5:00 AM.<\/li>\n<li data-sourcepos=\"15:1-15:169\">Trasferimento: in treno (prima classe) a Luxor (partenza intorno alle 9:00 AM, soggetta a modifiche; occasionalmente, pu\u00f2 essere organizzato un trasferimento in auto).<\/li>\n<li data-sourcepos=\"16:1-16:261\">Visita: la Valle dei Re: il tempio della Regina Hatshepsut, i Colossi di Memnon con un tour in autobus di gruppo. Visite a pagamento opzionali alla Valle dei Re o delle Regine, una crociera sul Nilo verso un&#8217;isola di banane (acquistabile in loco dalla guida).<\/li>\n<li data-sourcepos=\"17:1-18:0\">Ritorno: in autobus a Hurghada alle 16:00 (arrivo previsto all&#8217;hotel intorno alle 22:00, soggetto a modifiche).<\/li>\n<\/ul>\n<p data-sourcepos=\"19:1-19:118\"><strong>Nota:<\/strong> L&#8217;ordine del programma pu\u00f2 variare a seconda del giorno della settimana. Informazioni aggiuntive di seguito.<\/p>\n<p>[\/vc_column_text][\/vc_column_inner][\/vc_row_inner][\/vc_column][\/vc_row][vc_row][vc_column][vc_column_text]<\/p>\n<h2 data-sourcepos=\"3:1-3:32\">Incluso nel prezzo del tour:<\/h2>\n<ul data-sourcepos=\"5:1-10:0\">\n<li data-sourcepos=\"5:1-5:60\">Colazione (bevande analcoliche), pranzo e cena (a buffet);<\/li>\n<li data-sourcepos=\"6:1-6:32\">Ingressi secondo il programma;<\/li>\n<li data-sourcepos=\"7:1-7:39\">Servizi di una guida di lingua russa;<\/li>\n<li data-sourcepos=\"8:1-8:33\">Biglietti per crociera e treno;<\/li>\n<li data-sourcepos=\"9:1-10:0\">Trasporto.<\/li>\n<\/ul>\n<p data-sourcepos=\"11:1-11:81\"><strong>Nota:<\/strong> Si applicano tariffe aggiuntive per i trasferimenti da specifiche aree:<\/p>\n<ul data-sourcepos=\"13:1-15:0\">\n<li data-sourcepos=\"13:1-13:95\">El Gouna, Sahl Hasheesh e Makadi: $10* per prenotazione (andata e ritorno, fino a 6 persone).<\/li>\n<li data-sourcepos=\"14:1-15:0\">Soma Bay e Safaga: $20* per prenotazione (andata e ritorno, fino a 6 persone).<\/li>\n<\/ul>\n<p data-sourcepos=\"16:1-16:116\">*Il costo \u00e8 indicato per una prenotazione andata e ritorno, fino a 6 persone. Il trasferimento pu\u00f2 essere di gruppo.<\/p>\n<h3 data-sourcepos=\"18:1-18:36\">Non incluso nel prezzo del tour:<\/h3>\n<ul data-sourcepos=\"20:1-24:0\">\n<li data-sourcepos=\"20:1-20:38\">Bevande durante il pranzo e la cena;<\/li>\n<li data-sourcepos=\"21:1-21:201\">Escursioni aggiuntive: Abu Simbel e Isola di Philae (se si visita, c&#8217;\u00e8 la possibilit\u00e0 di non avere tempo per vedere l&#8217;Obelisco Incompiuto il terzo giorno; i dettagli possono essere chiariti in loco);<\/li>\n<li data-sourcepos=\"22:1-22:33\">Tutte le escursioni aggiuntive;<\/li>\n<li data-sourcepos=\"23:1-24:0\">Mance per il servizio sulla nave ($20 a persona per l&#8217;intera crociera).<\/li>\n<\/ul>\n<h3 data-sourcepos=\"25:1-25:12\">Bambini:<\/h3>\n<ul data-sourcepos=\"27:1-28:0\">\n<li data-sourcepos=\"27:1-28:0\">Bambini fino a 5 anni &#8211; gratuiti.<\/li>\n<\/ul>\n<h2 data-sourcepos=\"29:1-29:28\">Informazioni aggiuntive:<\/h2>\n<ul data-sourcepos=\"31:1-38:102\">\n<li data-sourcepos=\"31:1-31:138\">Offriamo anche un programma di 5 giorni, giorni di partenza: Luned\u00ec e Sabato; costo per adulto $550 (dettagli nel reparto prenotazioni);<\/li>\n<li data-sourcepos=\"32:1-32:93\">La prenotazione del tour \u00e8 necessaria almeno 2-4 giorni in anticipo, preferibilmente prima;<\/li>\n<li data-sourcepos=\"33:1-33:184\">Importante! Partenza da Hurghada domenica e marted\u00ec &#8211; la sequenza del programma \u00e8 come indicato sopra; partenza mercoled\u00ec e venerd\u00ec &#8211; il programma inizia da Assuan in ordine inverso;<\/li>\n<li data-sourcepos=\"34:1-34:125\">Il trasferimento di ritorno da Assuan pu\u00f2 essere in treno o in auto, a seconda della disponibilit\u00e0 dei biglietti del treno;<\/li>\n<li data-sourcepos=\"35:1-35:353\">Importante! Se il programma da Hurghada inizia gioved\u00ec, allora la nave da Luxor parte venerd\u00ec (pernottamento sulla nave), intorno alle 13:00. La differenza \u00e8 che il primo giorno ci sar\u00e0 un&#8217;escursione a pieno titolo a Luxor, che \u00e8 prevista per il 4\u00b0 giorno del programma standard della crociera (si consiglia di scegliere altri giorni della settimana);<\/li>\n<li data-sourcepos=\"36:1-36:125\">\u00c8 richiesto un acconto di $50 a persona, rimborsabile se si annulla il tour almeno tre giorni prima della data di partenza;<\/li>\n<li data-sourcepos=\"37:1-37:97\">Se una persona viaggia da sola e soggiorna in una cabina singola, il prezzo del tour \u00e8 di $550;<\/li>\n<li data-sourcepos=\"38:1-38:102\">\u00c8 possibile organizzare una crociera per un periodo pi\u00f9 lungo, su richiesta al reparto prenotazioni.<\/li>\n<\/ul>\n<p>[\/vc_column_text][\/vc_column][\/vc_row][\/vc_section][vc_section][vc_row][vc_column]<div id=\"kapee-header-97731\" class=\"kapee-element kapee-heading text-left kapee-width-100 separator-none separator-between-heading\">\t\n\t\t\t\n\t\t\t<div class=\"heading-wrap\">\n\t\t\t<span class=\"separator-left\"><\/span>\n\t\t\t<h2 class=\"heading-title\">Domande frequenti (FAQ): <\/h2>\t\t\t<span class=\"separator-right\"><\/span>\n\t\t\t\t\t<\/div>\n\t\t\n    <\/div>[vc_toggle title=&#8221;Il vostro prezzo \u00e8 cos\u00ec basso&#8230; Probabilmente state facendo un servizio di bassa qualit\u00e0?&#8221; style=&#8221;square_outline&#8221; color=&#8221;sky&#8221;]Offriamo davvero alcuni dei prezzi pi\u00f9 bassi mantenendo un alto livello di servizio. Il motivo \u00e8 che siamo una societ\u00e0 di prenotazioni online per grandi operatori turistici in Egitto, il che ci consente di offrire prezzi molto competitivi grazie al nostro ampio volume di turisti. Prenotando con noi, ricevi un servizio di alta qualit\u00e0 senza pagare eccessivamente gli intermediari.[\/vc_toggle][vc_toggle title=&#8221;Che tipo di autobus e trasferimenti avete?&#8221; style=&#8221;square_outline&#8221; color=&#8221;sky&#8221;]Una variet\u00e0 di trasporti \u00e8 disponibile per l&#8217;uso degli organizzatori dell&#8217;evento all&#8217;interno del parco, tra cui auto, minivan e comodi autobus. Tutti i veicoli sono dotati di aria condizionata e sistemi di sicurezza. Per viaggi pi\u00f9 lunghi, vengono forniti autobus con servizi igienici. Inoltre, tutti i veicoli vengono sottoposti a regolari controlli di manutenzione e sanificazione, e possiedono le necessarie autorizzazioni turistiche. Inoltre, i conducenti vengono sottoposti a ispezioni dalla polizia turistica prima di ogni lungo viaggio.[\/vc_toggle][vc_toggle title=&#8221;Come e quando pago per il tour?&#8221; style=&#8221;square_outline&#8221; color=&#8221;sky&#8221;]Lavoriamo senza pagamento anticipato. Tutti i tour di gruppo vengono pagati sull&#8217;autobus o durante il tour stesso. Le eccezioni sono i pagamenti anticipati per i tour privati e i tour che richiedono l&#8217;acquisto di biglietti aerei o l&#8217;elaborazione di documenti. I nostri programmi principali vengono pagati direttamente durante il trasferimento o all&#8217;inizio del tour. Non \u00e8 necessario cercare qualcuno per pagare il tour. Un dipendente dell&#8217;organizzatore si avviciner\u00e0 a te. Puoi pagare in contanti in dollari USA, euro o sterline egiziane. Per la tua comodit\u00e0, offriamo anche la possibilit\u00e0 di trasferire fondi su una carta bancaria in rubli, grivnie ed euro al tasso di cambio o su un portafoglio di criptovaluta in USDT, prima del tour. Per informazioni pi\u00f9 dettagliate sui metodi di pagamento e sui rimborsi, consulta qui.[\/vc_toggle][vc_toggle title=&#8221;Hai una licenza turistica?&#8221; style=&#8221;square_outline&#8221; color=&#8221;sky&#8221;]L&#8217;Egitto \u00e8 un paese altamente regolamentato, specialmente quando si tratta di turismo. Affinch\u00e9 qualsiasi veicolo o yacht possa partire per un&#8217;escursione, \u00e8 necessario ottenere permessi giornalieri sia dalla polizia che dai militari. Se gli operatori turistici non hanno una valida licenza turistica, naturalmente non gli verranno concessi questi permessi. Ecco perch\u00e9 per alcune escursioni, potremmo richiedere copie dei vostri voucher e passaporti (questo vale per le escursioni marine a Sharm El-Sheikh, i tour privati e alcuni tour di gruppo se coinvolgono l&#8217;uscita dalla citt\u00e0. Per altre escursioni, i permessi vengono semplicemente rilasciati in base al numero di persone e non sono necessari i dettagli del passaporto).[\/vc_toggle][vc_toggle title=&#8221;Siamo assicurati durante l&#8217;escursione?&#8221; style=&#8221;square_outline&#8221; color=&#8221;sky&#8221;]<\/p>\n<p data-sourcepos=\"3:1-3:250\">Sfortunatamente, alcune guide degli hotel cercano di convincere i turisti che la loro assicurazione di viaggio \u00e8 presumibilmente invalida se prenotano escursioni con operatori turistici esterni, invece della loro stessa compagnia. Questo non \u00e8 vero.<\/p>\n<p data-sourcepos=\"5:1-5:148\">Innanzitutto, la tua assicurazione di viaggio \u00e8 valida in tutto l&#8217;Egitto, proprio come lo sarebbe se prenotassi con la compagnia di tour dell&#8217;hotel.<\/p>\n<p data-sourcepos=\"7:1-7:381\">In secondo luogo, se sei su una barca, un autobus o un altro mezzo di trasporto, l&#8217;organizzatore si assume la piena responsabilit\u00e0 assicurativa nei confronti dei passeggeri. Altrimenti, semplicemente non sarebbero in grado di ottenere un permesso per condurre attivit\u00e0 turistiche. L&#8217;Egitto ha regolamenti turistici piuttosto rigidi e sono necessari permessi prima di ogni viaggio.<\/p>\n<p>[\/vc_toggle][vc_toggle title=&#8221;Come posso recuperare un oggetto perso durante un tour?&#8221; style=&#8221;square_outline&#8221; color=&#8221;sky&#8221;]Ricordiamo sempre ai nostri ospiti di controllare attentamente di avere con s\u00e9 tutti i loro effetti personali prima di uscire dall&#8217;autobus o dallo yacht alla fine del tour. Sfortunatamente, recuperare oggetti smarriti pu\u00f2 essere piuttosto difficile a causa della partenza immediata dei veicoli per la pulizia e le complessit\u00e0 della logistica egiziana. Sebbene faremo il possibile per aiutarti a ritrovare i tuoi effetti personali, non possiamo garantire un tasso di recupero del 100%. Se riusciamo a trovare il tuo oggetto, ci sar\u00e0 una tassa di consegna di $5-10. Si prega di prestare attenzione ai propri effetti personali![\/vc_toggle][vc_toggle title=&#8221;Dovrei modificare i miei piani o aspettare per il tour?&#8221; style=&#8221;square_outline&#8221; color=&#8221;sky&#8221;]Abbiamo un significativo afflusso giornaliero di richieste di prenotazione per i nostri programmi da parte dei turisti. Di conseguenza, la maggior parte delle escursioni vengono organizzate quotidianamente o in specifici giorni della settimana seguendo un programma dettagliato fornito nella descrizione di ciascun programma. Dopo la prenotazione, ti invieremo l&#8217;ora esatta del prelievo dal tuo hotel. Molti tour saranno condotti con piccoli gruppi provenienti da vari hotel che hanno acquistato escursioni attraverso gli operatori turistici. L&#8217;unica differenza \u00e8 che i nostri prezzi sono del 40-60% pi\u00f9 bassi (i nostri organizzatori conducono tutte le principali escursioni a Hurghada e Sharm El-Sheikh per turisti di lingua russa).[\/vc_toggle][vc_toggle title=&#8221;Dove posso trovare il fotografo che ha scattato le foto durante il tour?&#8221; style=&#8221;square_outline&#8221; color=&#8221;sky&#8221;]Vorremmo informarvi che i fotografi che vi accompagnano durante le escursioni agiscono come rappresentanti indipendenti dei loro studi fotografici. Non fanno parte del nostro servizio online o del team organizzatore del programma. Tutti i termini e le condizioni relativi al servizio fotografico e al suo pagamento vengono discussi e concordati direttamente tra voi e il fotografo. Consigliamo di avvicinarsi ai pagamenti anticipati con cautela e di assicurarsi l&#8217;affidabilit\u00e0 dei servizi, nonch\u00e9 di ottenere tutte le informazioni di contatto del fotografo prima di effettuare qualsiasi pagamento.[\/vc_toggle][\/vc_column][\/vc_row][\/vc_section]<\/p>\n<\/section>","protected":false},"excerpt":{"rendered":"<ul>\n<li data-sourcepos=\"3:1-3:45\"><strong>Prezzo: Adulti (dai 13 anni in su)<\/strong> $450<\/li>\n<li data-sourcepos=\"4:1-4:45\"><strong>Prezzo: Bambini (dai 6 ai 12 anni)<\/strong> $225<\/li>\n<li data-sourcepos=\"5:1-5:39\"><strong>Durata approssimativa:<\/strong> 4-5 giorni<\/li>\n<li data-sourcepos=\"6:1-6:42\"><strong>Giorni della settimana:<\/strong> Su richiesta<\/li>\n<\/ul>\n<p>&nbsp;<\/p>\n<ul>\n<li data-sourcepos=\"5:1-11:18\">Prenota in 3 minuti<\/li>\n<li data-sourcepos=\"5:1-11:18\">Trasferimento in hotel<\/li>\n<li data-sourcepos=\"5:1-11:18\">Assicurazione inclusa<\/li>\n<li data-sourcepos=\"5:1-11:18\">Guida di lingua russa<\/li>\n<li data-sourcepos=\"5:1-11:18\">Nessuna tassa o commissione aggiuntiva<\/li>\n<li data-sourcepos=\"5:1-11:18\">Foto e recensioni reali<\/li>\n<li data-sourcepos=\"5:1-11:18\">Gestore personale<\/li>\n<\/ul>\n","protected":false},"featured_media":239,"template":"","meta":[],"product_cat":[20,16],"product_tag":[],"class_list":{"0":"post-71","1":"product","2":"type-product","3":"status-publish","4":"has-post-thumbnail","6":"product_cat-hurghada-individual-excursions","7":"product_cat-historical-from-hurghada","9":"first","10":"instock","11":"shipping-taxable","12":"purchasable","13":"product-type-simple"},"_links":{"self":[{"href":"https:\/\/www.starkhattabychtours.com\/it\/wp-json\/wp\/v2\/product\/71","targetHints":{"allow":["GET"]}}],"collection":[{"href":"https:\/\/www.starkhattabychtours.com\/it\/wp-json\/wp\/v2\/product"}],"about":[{"href":"https:\/\/www.starkhattabychtours.com\/it\/wp-json\/wp\/v2\/types\/product"}],"wp:featuredmedia":[{"embeddable":true,"href":"https:\/\/www.starkhattabychtours.com\/it\/wp-json\/wp\/v2\/media\/239"}],"wp:attachment":[{"href":"https:\/\/www.starkhattabychtours.com\/it\/wp-json\/wp\/v2\/media?parent=71"}],"wp:term":[{"taxonomy":"product_cat","embeddable":true,"href":"https:\/\/www.starkhattabychtours.com\/it\/wp-json\/wp\/v2\/product_cat?post=71"},{"taxonomy":"product_tag","embeddable":true,"href":"https:\/\/www.starkhattabychtours.com\/it\/wp-json\/wp\/v2\/product_tag?post=71"}],"curies":[{"name":"wp","href":"https:\/\/api.w.org\/{rel}","templated":true}]}}