{"id":72,"date":"2024-09-03T11:42:57","date_gmt":"2024-09-03T11:42:57","guid":{"rendered":"https:\/\/www.starkhattabychtours.com\/it\/?post_type=product&#038;p=72"},"modified":"2024-10-05T17:31:46","modified_gmt":"2024-10-05T17:31:46","slug":"sea-trip-all-in-one","status":"publish","type":"product","link":"https:\/\/www.starkhattabychtours.com\/it\/tour\/sea-trip-all-in-one","title":{"rendered":"Escursione marina &#8220;tutto incluso&#8221;"},"content":{"rendered":"<section class=\"wpb-content-wrapper\"><p>[vc_section][vc_row][vc_column width=&#8221;1\/2&#8243;][vc_column_text]<\/p>\n<p data-sourcepos=\"1:1-1:184\">Ti invitiamo a immergerti in un&#8217;atmosfera di completo relax e armonia con la natura! Il nostro esclusivo programma &#8220;5 in 1&#8221; \u00e8 progettato per offrirti un&#8217;esperienza indimenticabile.<\/p>\n<div class=\"presented-response-container ng-tns-c1254682528-339\">\n<div class=\"response-container-content ng-tns-c1254682528-339 tunable-selection-with-avatar\">\n<div class=\"response-content ng-tns-c1254682528-339\">\n<div class=\"markdown markdown-main-panel\" dir=\"ltr\">\n<p data-sourcepos=\"3:1-3:651\">Per tutta la giornata, sarai immerso nella bellezza del paesaggio marino, prendendo il sole e nuotando nel magnifico Mar Rosso. Le sue acque curative e l&#8217;aria fresca avranno un effetto benefico sul tuo benessere. Un leggero e rilassante massaggio ti aiuter\u00e0 ad alleviare la fatica e a rigenerarti. L&#8217;entusiasmante immersioni e snorkeling ti permetteranno di esplorare il mondo sottomarino. E passando attraverso l&#8217;habitat dei delfini, potresti persino incontrare questi graziosi mammiferi nel loro ambiente naturale! Inoltre, ti divertirai con attivit\u00e0 acquatiche divertenti, come cavalcare una banana gonfiabile e una &#8220;tavoletta&#8221; dietro un motoscafo.<\/p>\n<p data-sourcepos=\"5:1-5:172\">Gli organizzatori hanno incluso nel programma il comodo trasferimento dal tuo hotel allo yacht e ritorno, affinch\u00e9 la tua giornata trascorra spensierata e confortevolmente.<\/p>\n<\/div>\n<\/div>\n<\/div>\n<\/div>\n<div class=\"response-container-footer ng-tns-c1254682528-339\">\n<div class=\"actions-container-v2 ng-star-inserted\">\n<div class=\"buttons-container-v2 ng-star-inserted\">\n<div class=\"spacer ng-star-inserted\"><\/div>\n<\/div>\n<\/div>\n<\/div>\n<h3 data-sourcepos=\"1:1-1:31\"><strong>Il prezzo del tour include:<\/strong><\/h3>\n<ul data-sourcepos=\"3:1-10:0\">\n<li data-sourcepos=\"3:1-3:31\">Pranzo e bevande sullo yacht;<\/li>\n<li data-sourcepos=\"4:1-4:45\">Gite in banana boat e ciambelle gonfiabili;<\/li>\n<li data-sourcepos=\"5:1-5:49\">Attrezzatura per le immersioni e lo snorkeling;<\/li>\n<li data-sourcepos=\"6:1-6:39\">Servizi di una guida di lingua russa;<\/li>\n<li data-sourcepos=\"7:1-7:329\">Trasporto all&#8217;interno di Hurghada. (Per le aree di El Gouna, Sahl Hasheesh e Makadi, c&#8217;\u00e8 un supplemento di $10* andata e ritorno. Per le aree di Soma Bay e Safaga, c&#8217;\u00e8 un supplemento di $20* andata e ritorno. *Il prezzo indicato \u00e8 per una prenotazione andata e ritorno, fino a 6 persone. Il trasferimento pu\u00f2 essere di gruppo.)<\/li>\n<\/ul>\n<p>[\/vc_column_text][\/vc_column][vc_column width=&#8221;1\/2&#8243;][vc_images_carousel images=&#8221;341,340,381&#8243; img_size=&#8221;full&#8221; autoplay=&#8221;yes&#8221; wrap=&#8221;yes&#8221;][\/vc_column][\/vc_row][vc_row][vc_column][vc_column_text]<\/p>\n<ul data-sourcepos=\"3:1-10:0\">\n<li data-sourcepos=\"8:1-8:73\">I BAMBINI FINO A 10 ANNI NON SONO AUTORIZZATI A FARE LE IMMERSIONI.<\/li>\n<li data-sourcepos=\"9:1-10:0\">Bambini fino a 5 anni inclusi &#8211; Gratuito.<\/li>\n<\/ul>\n<p>[\/vc_column_text][\/vc_column][\/vc_row][vc_row][vc_column width=&#8221;1\/2&#8243;][vc_column_text]<\/p>\n<div class=\"presented-response-container ng-tns-c1254682528-347\">\n<div class=\"response-container-content ng-tns-c1254682528-347 tunable-selection-with-avatar\">\n<div class=\"response-content ng-tns-c1254682528-347\">\n<div class=\"markdown markdown-main-panel\" dir=\"ltr\">\n<h3 data-sourcepos=\"11:1-11:55\"><strong>In termini pi\u00f9 semplici, il pacchetto tour include:<\/strong><\/h3>\n<ul data-sourcepos=\"13:1-18:0\">\n<li data-sourcepos=\"13:1-13:28\">Cibo e bevande sulla barca<\/li>\n<li data-sourcepos=\"14:1-14:48\">Attivit\u00e0 divertenti come i giri su banana boat<\/li>\n<li data-sourcepos=\"15:1-15:49\">Attrezzatura per esplorare il mondo sottomarino<\/li>\n<li data-sourcepos=\"16:1-16:27\">Una guida che parla russo<\/li>\n<li data-sourcepos=\"17:1-18:0\">Trasporto da e per il tuo hotel ad Hurghada<\/li>\n<\/ul>\n<h3 data-sourcepos=\"19:1-19:21\"><strong>Costi aggiuntivi:<\/strong><\/h3>\n<ul data-sourcepos=\"21:1-23:52\">\n<li data-sourcepos=\"21:1-21:132\">Se il tuo hotel si trova in alcune aree (El Gouna, Sahl Hasheesh, Makadi, Soma Bay o Safaga), c&#8217;\u00e8 un supplemento per il trasporto.<\/li>\n<li data-sourcepos=\"22:1-22:61\">Il supplemento \u00e8 per prenotazione e copre fino a 6 persone.<\/li>\n<li data-sourcepos=\"23:1-23:52\">Potresti condividere il viaggio con altri turisti.<\/li>\n<\/ul>\n<\/div>\n<div class=\"skeleton-loader-container\"><\/div>\n<div class=\"response-footer gap complete\"><\/div>\n<\/div>\n<\/div>\n<\/div>\n<div class=\"response-container-footer ng-tns-c1254682528-347\">\n<div class=\"actions-container-v2 ng-star-inserted\">\n<div class=\"buttons-container-v2 ng-star-inserted\">\n<div class=\"thumbs-up-animation-container\" hidden=\"\"><\/div>\n<div class=\"thumbs-down-animation-container\" hidden=\"\"><\/div>\n<div class=\"menu-button-wrapper ng-star-inserted\"><\/div>\n<p>&nbsp;<\/p>\n<div class=\"menu-button-wrapper ng-star-inserted\">\n<div class=\"more-menu-button-container ng-star-inserted\"><\/div>\n<\/div>\n<div class=\"spacer ng-star-inserted\"><\/div>\n<\/div>\n<\/div>\n<\/div>\n<p>[\/vc_column_text][\/vc_column][vc_column width=&#8221;1\/2&#8243;][vc_column_text]<\/p>\n<div class=\"presented-response-container ng-tns-c1254682528-355\">\n<div class=\"response-container-content ng-tns-c1254682528-355 tunable-selection-with-avatar\">\n<div class=\"response-content ng-tns-c1254682528-355\">\n<div class=\"markdown markdown-main-panel\" dir=\"ltr\">\n<h2 data-sourcepos=\"1:1-1:28\"><strong>Cosa \u00e8 incluso nel tour:<\/strong><\/h2>\n<ul data-sourcepos=\"3:1-11:116\">\n<li data-sourcepos=\"3:1-3:181\"><strong>Trasferimento:<\/strong> Circa alle 8:30 AM (l&#8217;orario esatto verr\u00e0 confermato dopo la prenotazione; il viaggio fino al porto dura 15-40 minuti, a seconda della posizione del tuo hotel).<\/li>\n<li data-sourcepos=\"4:1-4:112\"><strong>Imbarco sullo yacht e partenza:<\/strong> Intorno alle 9:30-10:00 AM (dipende dal permesso della polizia turistica).<\/li>\n<li data-sourcepos=\"5:1-5:173\"><strong>Osservazione dei delfini:<\/strong> Passeremo attraverso aree dove vivono i delfini (70-80% di possibilit\u00e0 di avvistarli e, se sei fortunato, potresti persino nuotare con loro).<\/li>\n<li data-sourcepos=\"6:1-6:142\"><strong>Immersioni:<\/strong> Una immersione con un istruttore, fino a 15 minuti a persona (compresa la preparazione) e una profondit\u00e0 massima di 7 metri.<\/li>\n<li data-sourcepos=\"7:1-7:137\"><strong>Due fermate per lo snorkeling:<\/strong> Circa un&#8217;ora ciascuna in diverse barriere coralline (dipende dalla decisione della guida sul posto).<\/li>\n<li data-sourcepos=\"8:1-8:77\"><strong>Massaggio alla schiena:<\/strong> Sullo yacht, della durata di circa 7-10 minuti.<\/li>\n<li data-sourcepos=\"9:1-9:164\"><strong>Pranzo:<\/strong> Sullo yacht (calamari, pesce, gamberi, riso, patate, pasta, varie insalate) + bibite gassate illimitate durante il giorno (t\u00e8, caff\u00e8, bibite gassate).<\/li>\n<li data-sourcepos=\"10:1-10:113\"><strong>Giro su banana boat e ciambelle gonfiabili:<\/strong> Un giro standard per tutti i tour marini di gruppo ad Hurghada.<\/li>\n<li data-sourcepos=\"11:1-11:116\"><strong>Ritorno al porto e trasferimento di ritorno in hotel:<\/strong> Intorno alle 4:00 PM (il tempo pu\u00f2 variare leggermente).<\/li>\n<\/ul>\n<\/div>\n<div class=\"skeleton-loader-container\"><\/div>\n<div class=\"response-footer gap complete\"><\/div>\n<\/div>\n<\/div>\n<\/div>\n<div class=\"response-container-footer ng-tns-c1254682528-355\">\n<div class=\"actions-container-v2 ng-star-inserted\">\n<div class=\"buttons-container-v2 ng-star-inserted\">\n<div class=\"thumbs-up-animation-container\" hidden=\"\"><\/div>\n<div class=\"thumbs-down-animation-container\" hidden=\"\"><\/div>\n<div class=\"menu-button-wrapper ng-star-inserted\"><\/div>\n<p>&nbsp;<\/p>\n<div class=\"menu-button-wrapper ng-star-inserted\">\n<div class=\"more-menu-button-container ng-star-inserted\"><\/div>\n<\/div>\n<div class=\"spacer ng-star-inserted\"><\/div>\n<\/div>\n<\/div>\n<\/div>\n<p>[\/vc_column_text][\/vc_column][\/vc_row][vc_row][vc_column][vc_column_text]<\/p>\n<h2 data-sourcepos=\"1:1-1:28\"><strong>Informazioni aggiuntive:<\/strong><\/h2>\n<ul data-sourcepos=\"3:1-8:225\">\n<li data-sourcepos=\"3:1-3:161\"><strong>Foto dei passaporti:<\/strong> \u00c8 necessario inviare foto dei passaporti di tutti i partecipanti alla polizia turistica per l&#8217;elaborazione dei permessi di immersione.<\/li>\n<li data-sourcepos=\"4:1-4:204\"><strong>Tour personalizzati:<\/strong> Questo programma o qualsiasi altra escursione marittima pu\u00f2 essere prenotato individualmente noleggiando uno yacht a partire da $120 per un giorno intero. Maggiori dettagli qui.<\/li>\n<li data-sourcepos=\"5:1-5:200\"><strong>Capacit\u00e0 dello yacht:<\/strong> Gli yacht possono ospitare da 20 a 40 persone. Sono spaziosi e ci sar\u00e0 spazio sufficiente per tutti. Tuttavia, ci sono limiti di capacit\u00e0 stabiliti dalla polizia turistica.<\/li>\n<li data-sourcepos=\"6:1-6:208\"><strong>Snorkeling:<\/strong> A volte, pi\u00f9 fermate per lo snorkeling potrebbero essere sostituite con una fermata pi\u00f9 lunga, della durata di circa 1,5-2 ore (a seconda delle condizioni meteorologiche e di altri fattori).<\/li>\n<li data-sourcepos=\"7:1-7:192\"><strong>Attivit\u00e0 acquatiche:<\/strong> I giri su banani o ciambelle gonfiabili potrebbero essere annullati a causa delle condizioni meteorologiche, ma ci\u00f2 non influir\u00e0 sul costo complessivo del programma.<\/li>\n<li data-sourcepos=\"8:1-8:225\"><strong>Importante!<\/strong> Si prega di non salire sul ponte superiore mentre si \u00e8 bagnati. \u00c8 necessario asciugarsi completamente con un asciugamano prima di farlo. Questa \u00e8 una misura di sicurezza per evitare di scivolare sulle scale.<\/li>\n<\/ul>\n<p>[\/vc_column_text][\/vc_column][\/vc_row][\/vc_section][vc_section][vc_row][vc_column]<div id=\"kapee-header-12197\" class=\"kapee-element kapee-heading text-left kapee-width-100 separator-none separator-between-heading\">\t\n\t\t\t\n\t\t\t<div class=\"heading-wrap\">\n\t\t\t<span class=\"separator-left\"><\/span>\n\t\t\t<h2 class=\"heading-title\">Domande frequenti (FAQ): <\/h2>\t\t\t<span class=\"separator-right\"><\/span>\n\t\t\t\t\t<\/div>\n\t\t\n    <\/div>[vc_toggle title=&#8221;Il vostro prezzo \u00e8 cos\u00ec basso&#8230; Probabilmente state facendo un servizio di bassa qualit\u00e0?&#8221; style=&#8221;square_outline&#8221; color=&#8221;sky&#8221;]Offriamo davvero alcuni dei prezzi pi\u00f9 bassi mantenendo un alto livello di servizio. Il motivo \u00e8 che siamo una societ\u00e0 di prenotazioni online per grandi operatori turistici in Egitto, il che ci consente di offrire prezzi molto competitivi grazie al nostro ampio volume di turisti. Prenotando con noi, ricevi un servizio di alta qualit\u00e0 senza pagare eccessivamente gli intermediari.[\/vc_toggle][vc_toggle title=&#8221;Che tipo di autobus e trasferimenti avete?&#8221; style=&#8221;square_outline&#8221; color=&#8221;sky&#8221;]Una variet\u00e0 di trasporti \u00e8 disponibile per l&#8217;uso degli organizzatori dell&#8217;evento all&#8217;interno del parco, tra cui auto, minivan e comodi autobus. Tutti i veicoli sono dotati di aria condizionata e sistemi di sicurezza. Per viaggi pi\u00f9 lunghi, vengono forniti autobus con servizi igienici. Inoltre, tutti i veicoli vengono sottoposti a regolari controlli di manutenzione e sanificazione, e possiedono le necessarie autorizzazioni turistiche. Inoltre, i conducenti vengono sottoposti a ispezioni dalla polizia turistica prima di ogni lungo viaggio.[\/vc_toggle][vc_toggle title=&#8221;Come e quando pago per il tour?&#8221; style=&#8221;square_outline&#8221; color=&#8221;sky&#8221;]Lavoriamo senza pagamento anticipato. Tutti i tour di gruppo vengono pagati sull&#8217;autobus o durante il tour stesso. Le eccezioni sono i pagamenti anticipati per i tour privati e i tour che richiedono l&#8217;acquisto di biglietti aerei o l&#8217;elaborazione di documenti. I nostri programmi principali vengono pagati direttamente durante il trasferimento o all&#8217;inizio del tour. Non \u00e8 necessario cercare qualcuno per pagare il tour. Un dipendente dell&#8217;organizzatore si avviciner\u00e0 a te. Puoi pagare in contanti in dollari USA, euro o sterline egiziane. Per la tua comodit\u00e0, offriamo anche la possibilit\u00e0 di trasferire fondi su una carta bancaria in rubli, grivnie ed euro al tasso di cambio o su un portafoglio di criptovaluta in USDT, prima del tour. Per informazioni pi\u00f9 dettagliate sui metodi di pagamento e sui rimborsi, consulta qui.[\/vc_toggle][vc_toggle title=&#8221;Hai una licenza turistica?&#8221; style=&#8221;square_outline&#8221; color=&#8221;sky&#8221;]L&#8217;Egitto \u00e8 un paese altamente regolamentato, specialmente quando si tratta di turismo. Affinch\u00e9 qualsiasi veicolo o yacht possa partire per un&#8217;escursione, \u00e8 necessario ottenere permessi giornalieri sia dalla polizia che dai militari. Se gli operatori turistici non hanno una valida licenza turistica, naturalmente non gli verranno concessi questi permessi. Ecco perch\u00e9 per alcune escursioni, potremmo richiedere copie dei vostri voucher e passaporti (questo vale per le escursioni marine a Sharm El-Sheikh, i tour privati e alcuni tour di gruppo se coinvolgono l&#8217;uscita dalla citt\u00e0. Per altre escursioni, i permessi vengono semplicemente rilasciati in base al numero di persone e non sono necessari i dettagli del passaporto).[\/vc_toggle][vc_toggle title=&#8221;Siamo assicurati durante l&#8217;escursione?&#8221; style=&#8221;square_outline&#8221; color=&#8221;sky&#8221;]<\/p>\n<p data-sourcepos=\"3:1-3:250\">Sfortunatamente, alcune guide degli hotel cercano di convincere i turisti che la loro assicurazione di viaggio \u00e8 presumibilmente invalida se prenotano escursioni con operatori turistici esterni, invece della loro stessa compagnia. Questo non \u00e8 vero.<\/p>\n<p data-sourcepos=\"5:1-5:148\">Innanzitutto, la tua assicurazione di viaggio \u00e8 valida in tutto l&#8217;Egitto, proprio come lo sarebbe se prenotassi con la compagnia di tour dell&#8217;hotel.<\/p>\n<p data-sourcepos=\"7:1-7:381\">In secondo luogo, se sei su una barca, un autobus o un altro mezzo di trasporto, l&#8217;organizzatore si assume la piena responsabilit\u00e0 assicurativa nei confronti dei passeggeri. Altrimenti, semplicemente non sarebbero in grado di ottenere un permesso per condurre attivit\u00e0 turistiche. L&#8217;Egitto ha regolamenti turistici piuttosto rigidi e sono necessari permessi prima di ogni viaggio.<\/p>\n<p>[\/vc_toggle][vc_toggle title=&#8221;Come posso recuperare un oggetto perso durante un tour?&#8221; style=&#8221;square_outline&#8221; color=&#8221;sky&#8221;]Ricordiamo sempre ai nostri ospiti di controllare attentamente di avere con s\u00e9 tutti i loro effetti personali prima di uscire dall&#8217;autobus o dallo yacht alla fine del tour. Sfortunatamente, recuperare oggetti smarriti pu\u00f2 essere piuttosto difficile a causa della partenza immediata dei veicoli per la pulizia e le complessit\u00e0 della logistica egiziana. Sebbene faremo il possibile per aiutarti a ritrovare i tuoi effetti personali, non possiamo garantire un tasso di recupero del 100%. Se riusciamo a trovare il tuo oggetto, ci sar\u00e0 una tassa di consegna di $5-10. Si prega di prestare attenzione ai propri effetti personali![\/vc_toggle][vc_toggle title=&#8221;Dovrei modificare i miei piani o aspettare per il tour?&#8221; style=&#8221;square_outline&#8221; color=&#8221;sky&#8221;]Abbiamo un significativo afflusso giornaliero di richieste di prenotazione per i nostri programmi da parte dei turisti. Di conseguenza, la maggior parte delle escursioni vengono organizzate quotidianamente o in specifici giorni della settimana seguendo un programma dettagliato fornito nella descrizione di ciascun programma. Dopo la prenotazione, ti invieremo l&#8217;ora esatta del prelievo dal tuo hotel. Molti tour saranno condotti con piccoli gruppi provenienti da vari hotel che hanno acquistato escursioni attraverso gli operatori turistici. L&#8217;unica differenza \u00e8 che i nostri prezzi sono del 40-60% pi\u00f9 bassi (i nostri organizzatori conducono tutte le principali escursioni a Hurghada e Sharm El-Sheikh per turisti di lingua russa).[\/vc_toggle][vc_toggle title=&#8221;Dove posso trovare il fotografo che ha scattato le foto durante il tour?&#8221; style=&#8221;square_outline&#8221; color=&#8221;sky&#8221;]Vorremmo informarvi che i fotografi che vi accompagnano durante le escursioni agiscono come rappresentanti indipendenti dei loro studi fotografici. Non fanno parte del nostro servizio online o del team organizzatore del programma. Tutti i termini e le condizioni relativi al servizio fotografico e al suo pagamento vengono discussi e concordati direttamente tra voi e il fotografo. Consigliamo di avvicinarsi ai pagamenti anticipati con cautela e di assicurarsi l&#8217;affidabilit\u00e0 dei servizi, nonch\u00e9 di ottenere tutte le informazioni di contatto del fotografo prima di effettuare qualsiasi pagamento.[\/vc_toggle][\/vc_column][\/vc_row][\/vc_section]<\/p>\n<\/section>","protected":false},"excerpt":{"rendered":"<ul>\n<li><strong>Prezzo &#8211; Adulti (13+ anni) <\/strong>$20<\/li>\n<li><strong>Prezzo &#8211; Bambini (6-12 anni) <\/strong>$10<\/li>\n<li><strong>Durata approssimativa <\/strong>8 ore<\/li>\n<li><strong>Giorni della settimana<\/strong> Mar, Gio, Ven, Dom<\/li>\n<\/ul>\n<p>&nbsp;<\/p>\n<ul data-sourcepos=\"3:1-10:23\">\n<li data-sourcepos=\"3:1-3:30\">Prenotazione in 3 minuti<\/li>\n<li data-sourcepos=\"4:1-4:33\">Nessun pagamento anticipato<\/li>\n<li data-sourcepos=\"5:1-5:30\">Trasferimento dall&#8217;hotel<\/li>\n<li data-sourcepos=\"6:1-6:27\">Assicurazione inclusa<\/li>\n<li data-sourcepos=\"7:1-7:27\">Guida di lingua russa<\/li>\n<li data-sourcepos=\"8:1-8:44\">Nessuna tassa o commissione aggiuntiva<\/li>\n<li data-sourcepos=\"9:1-9:29\">Foto e recensioni reali<\/li>\n<li data-sourcepos=\"10:1-10:23\">Gestore personale<\/li>\n<\/ul>\n","protected":false},"featured_media":317,"template":"","meta":[],"product_cat":[17],"product_tag":[],"class_list":{"0":"post-72","1":"product","2":"type-product","3":"status-publish","4":"has-post-thumbnail","6":"product_cat-hurghada-sea-excursions","8":"first","9":"instock","10":"shipping-taxable","11":"purchasable","12":"product-type-simple"},"_links":{"self":[{"href":"https:\/\/www.starkhattabychtours.com\/it\/wp-json\/wp\/v2\/product\/72","targetHints":{"allow":["GET"]}}],"collection":[{"href":"https:\/\/www.starkhattabychtours.com\/it\/wp-json\/wp\/v2\/product"}],"about":[{"href":"https:\/\/www.starkhattabychtours.com\/it\/wp-json\/wp\/v2\/types\/product"}],"wp:featuredmedia":[{"embeddable":true,"href":"https:\/\/www.starkhattabychtours.com\/it\/wp-json\/wp\/v2\/media\/317"}],"wp:attachment":[{"href":"https:\/\/www.starkhattabychtours.com\/it\/wp-json\/wp\/v2\/media?parent=72"}],"wp:term":[{"taxonomy":"product_cat","embeddable":true,"href":"https:\/\/www.starkhattabychtours.com\/it\/wp-json\/wp\/v2\/product_cat?post=72"},{"taxonomy":"product_tag","embeddable":true,"href":"https:\/\/www.starkhattabychtours.com\/it\/wp-json\/wp\/v2\/product_tag?post=72"}],"curies":[{"name":"wp","href":"https:\/\/api.w.org\/{rel}","templated":true}]}}