{"id":73,"date":"2024-09-03T11:50:11","date_gmt":"2024-09-03T11:50:11","guid":{"rendered":"https:\/\/www.starkhattabychtours.com\/it\/?post_type=product&#038;p=73"},"modified":"2024-10-05T17:33:41","modified_gmt":"2024-10-05T17:33:41","slug":"bathyscaphe-snorkling-semi-submarine","status":"publish","type":"product","link":"https:\/\/www.starkhattabychtours.com\/it\/tour\/bathyscaphe-snorkling-semi-submarine","title":{"rendered":"Battiscafo + Snorkeling (Semi &#8211; Sottomarino)."},"content":{"rendered":"<section class=\"wpb-content-wrapper\"><p>[vc_section][vc_row][vc_column width=&#8221;1\/2&#8243;][vc_column_text]<\/p>\n<p data-sourcepos=\"1:1-1:293\">Un battiscafo \u00e8 un semi-sottomarino ad Hurghada. \u00c8 una delle escursioni pi\u00f9 insolite e popolari del Mar Rosso. Le finestre panoramiche si trovano a una profondit\u00e0 di circa 2-3 metri, quindi puoi vedere il magnifico mondo sottomarino che i subacquei amano cos\u00ec tanto in queste acque locali.<\/p>\n<p data-sourcepos=\"3:1-3:430\">Il nostro battello \u00e8 completamente sicuro e presenta un ponte inferiore dotato di aria condizionata e speciali sedili rotondi vicino alle finestre panoramiche, offrendo un ambiente confortevole per esplorare la flora e la fauna marina. Questo viaggio \u00e8 particolarmente piacevole per i bambini di tutte le et\u00e0, e anche gli adulti sono spesso entusiasti, in particolare quelli che non hanno mai immerso nelle profondit\u00e0 dell&#8217;oceano.<\/p>\n<p data-sourcepos=\"5:1-5:296\">A bordo, un fotografo si immerge in mare con l&#8217;attrezzatura subacquea per scattare foto uniche di te e del tuo gruppo fuori dai portelli del battiscafo. Una spaziosa cabina al primo piano pu\u00f2 accogliere fino a 80 persone, dove puoi gustare bevande, snack venduti a bordo e fuggire dal caldo sole.<\/p>\n<p>[\/vc_column_text][\/vc_column][vc_column width=&#8221;1\/2&#8243;][vc_images_carousel images=&#8221;727,728&#8243; img_size=&#8221;full&#8221; onclick=&#8221;link_no&#8221; autoplay=&#8221;yes&#8221; wrap=&#8221;yes&#8221;][\/vc_column][\/vc_row][\/vc_section][vc_section][vc_row][vc_column][vc_column_text]<\/p>\n<div class=\"presented-response-container ng-tns-c1254682528-283\">\n<div class=\"response-container-content ng-tns-c1254682528-283 tunable-selection-with-avatar\">\n<div class=\"response-content ng-tns-c1254682528-283\">\n<div class=\"markdown markdown-main-panel\" dir=\"ltr\">\n<p data-sourcepos=\"7:1-7:201\">Dopo l&#8217;immersione, puoi goderti il nuoto e lo snorkeling tra le barriere coralline, permettendoti di rinfrescarti e concludere la tua avventura di mezza giornata in battiscafo in un&#8217;atmosfera vibrante.<\/p>\n<\/div>\n<div class=\"skeleton-loader-container\"><\/div>\n<div class=\"response-footer gap complete\"><\/div>\n<\/div>\n<\/div>\n<\/div>\n<div class=\"response-container-footer ng-tns-c1254682528-283\">\n<div class=\"actions-container-v2 ng-star-inserted\">\n<div class=\"buttons-container-v2 ng-star-inserted\">\n<div class=\"thumbs-up-animation-container\" hidden=\"\"><\/div>\n<div class=\"thumbs-down-animation-container\" hidden=\"\"><\/div>\n<div class=\"menu-button-wrapper ng-star-inserted\"><\/div>\n<p>&nbsp;<\/p>\n<div class=\"menu-button-wrapper ng-star-inserted\">\n<div class=\"more-menu-button-container ng-star-inserted\"><\/div>\n<\/div>\n<div class=\"spacer ng-star-inserted\"><\/div>\n<\/div>\n<\/div>\n<\/div>\n<p>[\/vc_column_text][\/vc_column][\/vc_row][\/vc_section][vc_section][vc_row][vc_column width=&#8221;1\/2&#8243;][vc_column_text]<\/p>\n<h3 data-sourcepos=\"1:1-1:28\"><strong>Cosa \u00e8 incluso nel tour:<\/strong><\/h3>\n<ul data-sourcepos=\"3:1-8:82\">\n<li data-sourcepos=\"3:1-3:310\"><strong>Prelievo dall&#8217;hotel:<\/strong> Circa alle 10:30 AM, 11:30 AM o 2:30 PM, a seconda della tua scelta (gli orari possono variare leggermente; l&#8217;orario esatto verr\u00e0 confermato dopo la prenotazione). Il viaggio fino al porto dura 15-40 minuti, a seconda della posizione del tuo hotel e del prelievo degli altri turisti.<\/li>\n<li data-sourcepos=\"4:1-4:100\"><strong>Imbarco sul semi-sottomarino:<\/strong> Imbarco e partenza verso le barriere coralline, circa 20 minuti.<\/li>\n<li data-sourcepos=\"5:1-5:131\"><strong>Discesa sul ponte inferiore:<\/strong> Inizia la tua avventura sottomarina (la barca NON si immerge completamente), circa 40-60 minuti.<\/li>\n<li data-sourcepos=\"6:1-6:107\"><strong>Ascesa sul ponte superiore:<\/strong> Durante il viaggio verso il luogo di snorkeling e nuoto, circa 10 minuti.<\/li>\n<li data-sourcepos=\"7:1-7:101\"><strong>Snorkeling:<\/strong> Goditi lo snorkeling alla barriera corallina con maschera e pinne, circa 40 minuti.<\/li>\n<li data-sourcepos=\"8:1-8:82\"><strong>Ritorno al marina e rientro in hotel:<\/strong> Circa alle 2:00 PM, 3:00 PM o 6:00 PM.<\/li>\n<\/ul>\n<p>[\/vc_column_text][\/vc_column][vc_column width=&#8221;1\/2&#8243;][vc_column_text]<\/p>\n<div class=\"response-container ng-tns-c1254682528-299 ng-star-inserted response-container-has-multiple-responses\">\n<div class=\"presented-response-container ng-tns-c1254682528-299\">\n<div class=\"response-container-content ng-tns-c1254682528-299 tunable-selection-with-avatar\">\n<div class=\"response-content ng-tns-c1254682528-299\">\n<div class=\"markdown markdown-main-panel\" dir=\"ltr\">\n<h3 data-sourcepos=\"1:1-1:31\"><strong>Il prezzo del tour include:<\/strong><\/h3>\n<ul data-sourcepos=\"3:1-8:0\">\n<li data-sourcepos=\"3:1-3:81\">Servizi di una guida di lingua russa per incontrarti e accompagnarti sulla nave<\/li>\n<li data-sourcepos=\"4:1-4:110\">Attrezzatura per lo snorkeling (pinne e maschera con boccaglio, ma consigliamo sempre di portare la propria)<\/li>\n<li data-sourcepos=\"5:1-5:25\">Bevande gassate a bordo<\/li>\n<li data-sourcepos=\"6:1-6:34\">Servizi di trasporto ad Hurghada<\/li>\n<li data-sourcepos=\"7:1-8:0\">(Gli hotel nelle aree El Gouna, Sahl Hasheesh e Makadi Bay hanno un supplemento di $10* andata e ritorno. Le aree Soma Bay e Safaga hanno un supplemento di $20* andata e ritorno. *Il prezzo indicato \u00e8 per una prenotazione andata e ritorno, fino a 6 persone. Il trasferimento pu\u00f2 essere di gruppo)<\/li>\n<\/ul>\n<h3 data-sourcepos=\"9:1-9:36\"><strong>Non incluso nel prezzo del tour:<\/strong><\/h3>\n<ul data-sourcepos=\"11:1-12:42\">\n<li data-sourcepos=\"11:1-11:66\">T\u00e8, caff\u00e8 e altri prodotti a bordo (da $2-3 per bevanda o snack)<\/li>\n<\/ul>\n<p><strong>Bambini fino a 5 anni inclusi &#8211; Gratuito<\/strong><\/p>\n<\/div>\n<div class=\"skeleton-loader-container\"><\/div>\n<div class=\"response-footer gap complete\"><\/div>\n<\/div>\n<\/div>\n<\/div>\n<div class=\"response-container-footer ng-tns-c1254682528-299\">\n<div class=\"actions-container-v2 ng-star-inserted\">\n<div class=\"buttons-container-v2 ng-star-inserted\">\n<div class=\"thumbs-up-animation-container\" hidden=\"\"><\/div>\n<div class=\"thumbs-down-animation-container\" hidden=\"\"><\/div>\n<div class=\"menu-button-wrapper ng-star-inserted\"><\/div>\n<p>&nbsp;<\/p>\n<div class=\"menu-button-wrapper ng-star-inserted\">\n<div class=\"more-menu-button-container ng-star-inserted\"><\/div>\n<\/div>\n<div class=\"spacer ng-star-inserted\"><\/div>\n<\/div>\n<\/div>\n<\/div>\n<\/div>\n<div id=\"feedback-form-34\" class=\"feedback-form-turn-index\"><\/div>\n<p>[\/vc_column_text][\/vc_column][\/vc_row][\/vc_section][vc_section][vc_row][vc_column][vc_column_text]<\/p>\n<h2 data-sourcepos=\"1:1-1:28\"><strong>Informazioni aggiuntive:<\/strong><\/h2>\n<p data-sourcepos=\"3:1-3:744\">Hurghada ha solo due grandi e confortevoli sommergibili, con cabine spaziose. Uno di essi ha un ponte superiore aperto al secondo piano, oltre a una cabina chiusa e un ponte inferiore per osservare il mondo marino. Il nuoto avviene dalla nave; il secondo non ha un ponte aperto (solo uno chiuso), ma porta per nuotare su una piattaforma speciale in mare. Entrambe le imbarcazioni sono aggiornate e molto pi\u00f9 interessanti dei sommergibili gialli che gli operatori turistici portano a prezzi gonfiati, inoltre non hanno una cabina chiusa per il riposo. Le foto di entrambi i sommergibili possono essere viste sopra (non c&#8217;\u00e8 scelta di nave; la distribuzione dei turisti avviene in loco e dipende dai posti disponibili o da un programma variabile);<\/p>\n<p data-sourcepos=\"5:1-5:384\">Tutti i sommergibili di Hurghada vanno negli stessi luoghi specifici designati dal governo, non lontano dal marina centrale. A questo proposito, le barriere coralline non sono le pi\u00f9 belle e vivaci in questa zona, ma tuttavia, molti turisti sono deliziati dalle impressioni, specialmente i bambini. A seconda delle condizioni meteorologiche, ci potrebbe essere pi\u00f9 o meno vita marina.<\/p>\n<p data-sourcepos=\"7:1-7:450\">Per prenotare un tour &#8211; clicca sull&#8217;icona del messaggero che ti \u00e8 comodo sul lato destro dello schermo e scrivici. Porta con te: Acqua, asciugamano, costume da bagno, copricapo, protezione solare, occhiali da sole, macchina fotografica, vestiti caldi in inverno, soldi per piccole spese. Consigliamo anche di portare la propria maschera e boccaglio (sono anche disponibili sullo yacht, ma se ci sono molti turisti, potrebbero non essere sufficienti).<\/p>\n<p>[\/vc_column_text][\/vc_column][\/vc_row][\/vc_section][vc_section][vc_row][vc_column]<div id=\"kapee-header-40778\" class=\"kapee-element kapee-heading text-left kapee-width-100 separator-none separator-between-heading\">\t\n\t\t\t\n\t\t\t<div class=\"heading-wrap\">\n\t\t\t<span class=\"separator-left\"><\/span>\n\t\t\t<h2 class=\"heading-title\">Domande frequenti (FAQ): <\/h2>\t\t\t<span class=\"separator-right\"><\/span>\n\t\t\t\t\t<\/div>\n\t\t\n    <\/div>[vc_toggle title=&#8221;Il vostro prezzo \u00e8 cos\u00ec basso&#8230; Probabilmente state facendo un servizio di bassa qualit\u00e0?&#8221; style=&#8221;square_outline&#8221; color=&#8221;sky&#8221;]Offriamo davvero alcuni dei prezzi pi\u00f9 bassi mantenendo un alto livello di servizio. Il motivo \u00e8 che siamo una societ\u00e0 di prenotazioni online per grandi operatori turistici in Egitto, il che ci consente di offrire prezzi molto competitivi grazie al nostro ampio volume di turisti. Prenotando con noi, ricevi un servizio di alta qualit\u00e0 senza pagare eccessivamente gli intermediari.[\/vc_toggle][vc_toggle title=&#8221;Che tipo di autobus e trasferimenti avete?&#8221; style=&#8221;square_outline&#8221; color=&#8221;sky&#8221;]Una variet\u00e0 di trasporti \u00e8 disponibile per l&#8217;uso degli organizzatori dell&#8217;evento all&#8217;interno del parco, tra cui auto, minivan e comodi autobus. Tutti i veicoli sono dotati di aria condizionata e sistemi di sicurezza. Per viaggi pi\u00f9 lunghi, vengono forniti autobus con servizi igienici. Inoltre, tutti i veicoli vengono sottoposti a regolari controlli di manutenzione e sanificazione, e possiedono le necessarie autorizzazioni turistiche. Inoltre, i conducenti vengono sottoposti a ispezioni dalla polizia turistica prima di ogni lungo viaggio.[\/vc_toggle][vc_toggle title=&#8221;Come e quando pago per il tour?&#8221; style=&#8221;square_outline&#8221; color=&#8221;sky&#8221;]Lavoriamo senza pagamento anticipato. Tutti i tour di gruppo vengono pagati sull&#8217;autobus o durante il tour stesso. Le eccezioni sono i pagamenti anticipati per i tour privati e i tour che richiedono l&#8217;acquisto di biglietti aerei o l&#8217;elaborazione di documenti. I nostri programmi principali vengono pagati direttamente durante il trasferimento o all&#8217;inizio del tour. Non \u00e8 necessario cercare qualcuno per pagare il tour. Un dipendente dell&#8217;organizzatore si avviciner\u00e0 a te. Puoi pagare in contanti in dollari USA, euro o sterline egiziane. Per la tua comodit\u00e0, offriamo anche la possibilit\u00e0 di trasferire fondi su una carta bancaria in rubli, grivnie ed euro al tasso di cambio o su un portafoglio di criptovaluta in USDT, prima del tour. Per informazioni pi\u00f9 dettagliate sui metodi di pagamento e sui rimborsi, consulta qui.[\/vc_toggle][vc_toggle title=&#8221;Hai una licenza turistica?&#8221; style=&#8221;square_outline&#8221; color=&#8221;sky&#8221;]L&#8217;Egitto \u00e8 un paese altamente regolamentato, specialmente quando si tratta di turismo. Affinch\u00e9 qualsiasi veicolo o yacht possa partire per un&#8217;escursione, \u00e8 necessario ottenere permessi giornalieri sia dalla polizia che dai militari. Se gli operatori turistici non hanno una valida licenza turistica, naturalmente non gli verranno concessi questi permessi. Ecco perch\u00e9 per alcune escursioni, potremmo richiedere copie dei vostri voucher e passaporti (questo vale per le escursioni marine a Sharm El-Sheikh, i tour privati e alcuni tour di gruppo se coinvolgono l&#8217;uscita dalla citt\u00e0. Per altre escursioni, i permessi vengono semplicemente rilasciati in base al numero di persone e non sono necessari i dettagli del passaporto).[\/vc_toggle][vc_toggle title=&#8221;Siamo assicurati durante l&#8217;escursione?&#8221; style=&#8221;square_outline&#8221; color=&#8221;sky&#8221;]<\/p>\n<p data-sourcepos=\"3:1-3:250\">Sfortunatamente, alcune guide degli hotel cercano di convincere i turisti che la loro assicurazione di viaggio \u00e8 presumibilmente invalida se prenotano escursioni con operatori turistici esterni, invece della loro stessa compagnia. Questo non \u00e8 vero.<\/p>\n<p data-sourcepos=\"5:1-5:148\">Innanzitutto, la tua assicurazione di viaggio \u00e8 valida in tutto l&#8217;Egitto, proprio come lo sarebbe se prenotassi con la compagnia di tour dell&#8217;hotel.<\/p>\n<p data-sourcepos=\"7:1-7:381\">In secondo luogo, se sei su una barca, un autobus o un altro mezzo di trasporto, l&#8217;organizzatore si assume la piena responsabilit\u00e0 assicurativa nei confronti dei passeggeri. Altrimenti, semplicemente non sarebbero in grado di ottenere un permesso per condurre attivit\u00e0 turistiche. L&#8217;Egitto ha regolamenti turistici piuttosto rigidi e sono necessari permessi prima di ogni viaggio.<\/p>\n<p>[\/vc_toggle][vc_toggle title=&#8221;Come posso recuperare un oggetto perso durante un tour?&#8221; style=&#8221;square_outline&#8221; color=&#8221;sky&#8221;]Ricordiamo sempre ai nostri ospiti di controllare attentamente di avere con s\u00e9 tutti i loro effetti personali prima di uscire dall&#8217;autobus o dallo yacht alla fine del tour. Sfortunatamente, recuperare oggetti smarriti pu\u00f2 essere piuttosto difficile a causa della partenza immediata dei veicoli per la pulizia e le complessit\u00e0 della logistica egiziana. Sebbene faremo il possibile per aiutarti a ritrovare i tuoi effetti personali, non possiamo garantire un tasso di recupero del 100%. Se riusciamo a trovare il tuo oggetto, ci sar\u00e0 una tassa di consegna di $5-10. Si prega di prestare attenzione ai propri effetti personali![\/vc_toggle][vc_toggle title=&#8221;Dovrei modificare i miei piani o aspettare per il tour?&#8221; style=&#8221;square_outline&#8221; color=&#8221;sky&#8221;]Abbiamo un significativo afflusso giornaliero di richieste di prenotazione per i nostri programmi da parte dei turisti. Di conseguenza, la maggior parte delle escursioni vengono organizzate quotidianamente o in specifici giorni della settimana seguendo un programma dettagliato fornito nella descrizione di ciascun programma. Dopo la prenotazione, ti invieremo l&#8217;ora esatta del prelievo dal tuo hotel. Molti tour saranno condotti con piccoli gruppi provenienti da vari hotel che hanno acquistato escursioni attraverso gli operatori turistici. L&#8217;unica differenza \u00e8 che i nostri prezzi sono del 40-60% pi\u00f9 bassi (i nostri organizzatori conducono tutte le principali escursioni a Hurghada e Sharm El-Sheikh per turisti di lingua russa).[\/vc_toggle][vc_toggle title=&#8221;Dove posso trovare il fotografo che ha scattato le foto durante il tour?&#8221; style=&#8221;square_outline&#8221; color=&#8221;sky&#8221;]Vorremmo informarvi che i fotografi che vi accompagnano durante le escursioni agiscono come rappresentanti indipendenti dei loro studi fotografici. Non fanno parte del nostro servizio online o del team organizzatore del programma. Tutti i termini e le condizioni relativi al servizio fotografico e al suo pagamento vengono discussi e concordati direttamente tra voi e il fotografo. Consigliamo di avvicinarsi ai pagamenti anticipati con cautela e di assicurarsi l&#8217;affidabilit\u00e0 dei servizi, nonch\u00e9 di ottenere tutte le informazioni di contatto del fotografo prima di effettuare qualsiasi pagamento.[\/vc_toggle][\/vc_column][\/vc_row][\/vc_section]<\/p>\n<\/section>","protected":false},"excerpt":{"rendered":"<ul>\n<li><strong>Prezzo &#8211; Adulti (13+ anni) <\/strong>$10<\/li>\n<li><strong>Prezzo &#8211; Bambini (6-12 anni)<\/strong> $5<\/li>\n<li><strong>Durata approssimativa<\/strong> 3-4 ore<\/li>\n<li><strong>Giorni della settimana <\/strong>Quotidiano<\/li>\n<\/ul>\n<p>&nbsp;<\/p>\n<ul>\n<li data-sourcepos=\"3:1-10:21\">Prenotazione in 3 minuti<\/li>\n<li data-sourcepos=\"3:1-10:21\">Nessun pagamento anticipato<\/li>\n<li data-sourcepos=\"3:1-10:21\">Trasferimento dall&#8217;hotel<\/li>\n<li data-sourcepos=\"3:1-10:21\">Assicurazione valida<\/li>\n<li data-sourcepos=\"3:1-10:21\">Guida di lingua russa<\/li>\n<li data-sourcepos=\"3:1-10:21\">Nessuna tassa o commissione aggiuntiva<\/li>\n<li data-sourcepos=\"3:1-10:21\">Foto e recensioni reali<\/li>\n<li data-sourcepos=\"3:1-10:21\">Gestore personale<\/li>\n<\/ul>\n","protected":false},"featured_media":319,"template":"","meta":[],"product_cat":[17],"product_tag":[],"class_list":{"0":"post-73","1":"product","2":"type-product","3":"status-publish","4":"has-post-thumbnail","6":"product_cat-hurghada-sea-excursions","8":"first","9":"instock","10":"shipping-taxable","11":"purchasable","12":"product-type-simple"},"_links":{"self":[{"href":"https:\/\/www.starkhattabychtours.com\/it\/wp-json\/wp\/v2\/product\/73","targetHints":{"allow":["GET"]}}],"collection":[{"href":"https:\/\/www.starkhattabychtours.com\/it\/wp-json\/wp\/v2\/product"}],"about":[{"href":"https:\/\/www.starkhattabychtours.com\/it\/wp-json\/wp\/v2\/types\/product"}],"wp:featuredmedia":[{"embeddable":true,"href":"https:\/\/www.starkhattabychtours.com\/it\/wp-json\/wp\/v2\/media\/319"}],"wp:attachment":[{"href":"https:\/\/www.starkhattabychtours.com\/it\/wp-json\/wp\/v2\/media?parent=73"}],"wp:term":[{"taxonomy":"product_cat","embeddable":true,"href":"https:\/\/www.starkhattabychtours.com\/it\/wp-json\/wp\/v2\/product_cat?post=73"},{"taxonomy":"product_tag","embeddable":true,"href":"https:\/\/www.starkhattabychtours.com\/it\/wp-json\/wp\/v2\/product_tag?post=73"}],"curies":[{"name":"wp","href":"https:\/\/api.w.org\/{rel}","templated":true}]}}