{"id":74,"date":"2024-09-03T11:56:43","date_gmt":"2024-09-03T11:56:43","guid":{"rendered":"https:\/\/www.starkhattabychtours.com\/it\/?post_type=product&#038;p=74"},"modified":"2024-10-05T17:35:47","modified_gmt":"2024-10-05T17:35:47","slug":"full-day-diving-2-dives-up-to-15","status":"publish","type":"product","link":"https:\/\/www.starkhattabychtours.com\/it\/tour\/full-day-diving-2-dives-up-to-15","title":{"rendered":"Immersioni per tutta la giornata (2 immersioni fino a 15)"},"content":{"rendered":"<section class=\"wpb-content-wrapper\"><p>[vc_section][vc_row][vc_column width=&#8221;1\/2&#8243;][vc_column_text]<\/p>\n<div class=\"presented-response-container ng-tns-c1254682528-219\">\n<div class=\"response-container-content ng-tns-c1254682528-219 tunable-selection-with-avatar\">\n<div class=\"response-content ng-tns-c1254682528-219\">\n<div class=\"markdown markdown-main-panel\" dir=\"ltr\">\n<p data-sourcepos=\"1:1-1:210\">Immersioni ad Hurghada: \u00e8 facile! Anche senza esperienza, puoi immergerti e vedere la bellezza del Mar Rosso. Sotto la guida dei nostri istruttori, la tua prima immersione sar\u00e0 un&#8217;avventura indimenticabile.<\/p>\n<p data-sourcepos=\"3:1-3:318\">Le immersioni ad Hurghada, in Egitto, offrono incredibili opportunit\u00e0 per esplorare sotto l&#8217;acqua e scoprire la ricca vita marina del Mar Rosso. Hurghada \u00e8 una delle destinazioni di immersione pi\u00f9 popolari dell&#8217;Egitto, rinomata per le sue vibranti barriere coralline, le diverse specie di pesci e le acque cristalline.<\/p>\n<\/div>\n<div class=\"response-footer gap complete\"><\/div>\n<\/div>\n<\/div>\n<\/div>\n<div class=\"response-container-footer ng-tns-c1254682528-219\">\n<div class=\"actions-container-v2 ng-star-inserted\">\n<div class=\"buttons-container-v2 ng-star-inserted\">\n<div class=\"thumbs-up-animation-container\" hidden=\"\"><\/div>\n<div class=\"thumbs-down-animation-container\" hidden=\"\"><\/div>\n<div class=\"menu-button-wrapper ng-star-inserted\"><\/div>\n<p>&nbsp;<\/p>\n<div class=\"menu-button-wrapper ng-star-inserted\">\n<div class=\"more-menu-button-container ng-star-inserted\"><\/div>\n<\/div>\n<div class=\"spacer ng-star-inserted\"><\/div>\n<\/div>\n<\/div>\n<\/div>\n<p>[\/vc_column_text][vc_column_text]<\/p>\n<p data-sourcepos=\"5:1-5:296\">L&#8217;acqua calda ad Hurghada e l&#8217;eccellente visibilit\u00e0 creano condizioni ideali per le immersioni. Il Mar Rosso \u00e8 famoso per la sua abbondante vita sottomarina, che include una variet\u00e0 di pesci tropicali, coralli, razze, tartarughe marine e la possibilit\u00e0 di incontrare delfini e squali di barriera.<\/p>\n<p data-sourcepos=\"7:1-7:71\"><strong>Costo dell&#8217;accompagnamento di un non-subacqueo: $15, bambino: $10<\/strong><\/p>\n<p>[\/vc_column_text][\/vc_column][vc_column width=&#8221;1\/2&#8243;][vc_images_carousel images=&#8221;732,733,734&#8243; img_size=&#8221;full&#8221; onclick=&#8221;link_no&#8221; autoplay=&#8221;yes&#8221; wrap=&#8221;yes&#8221;][\/vc_column][\/vc_row][\/vc_section][vc_section][vc_row][vc_column][\/vc_column][\/vc_row][\/vc_section][vc_section][vc_row][vc_column width=&#8221;1\/2&#8243;][vc_column_text]<\/p>\n<div class=\"presented-response-container ng-tns-c1254682528-235\">\n<div class=\"response-container-content ng-tns-c1254682528-235 tunable-selection-with-avatar\">\n<div class=\"response-content ng-tns-c1254682528-235\">\n<div class=\"markdown markdown-main-panel\" dir=\"ltr\">\n<h3 data-sourcepos=\"1:1-1:28\"><strong>Cosa \u00e8 incluso nel tour:<\/strong><\/h3>\n<ul data-sourcepos=\"3:1-9:71\">\n<li data-sourcepos=\"3:1-3:181\"><strong>Trasferimento:<\/strong> Circa alle 8:30 AM (l&#8217;orario esatto verr\u00e0 confermato dopo la prenotazione; il viaggio fino al porto dura 10-40 minuti, a seconda della posizione del tuo hotel);<\/li>\n<li data-sourcepos=\"4:1-4:100\"><strong>Imbarco e partenza:<\/strong> Intorno alle 9:30-10:00 AM (dipende dal permesso della polizia turistica);<\/li>\n<li data-sourcepos=\"5:1-5:102\"><strong>Briefing di sicurezza:<\/strong> Istruzioni su come utilizzare l&#8217;attrezzatura e le procedure di sicurezza;<\/li>\n<li data-sourcepos=\"6:1-6:157\"><strong>Due immersioni:<\/strong> In due diverse localit\u00e0 di barriera corallina (fino a 15 minuti a persona, compresa la preparazione, fino a una profondit\u00e0 di 7 metri);<\/li>\n<li data-sourcepos=\"7:1-7:129\"><strong>Pranzo e bevande sullo yacht:<\/strong> Varie insalate, riso, pasta, nuggets, salsicce di pesce\/carne; cola, pepsi, acqua, t\u00e8, caff\u00e8;<\/li>\n<li data-sourcepos=\"8:1-8:41\"><strong>Navigazione e relax con snorkeling;<\/strong><\/li>\n<li data-sourcepos=\"9:1-9:71\"><strong>Ritorno:<\/strong> Intorno alle 4:00 PM (il tempo pu\u00f2 variare leggermente).<\/li>\n<\/ul>\n<\/div>\n<div class=\"skeleton-loader-container\"><\/div>\n<div class=\"response-footer gap complete\"><\/div>\n<\/div>\n<\/div>\n<\/div>\n<div class=\"response-container-footer ng-tns-c1254682528-235\">\n<div class=\"actions-container-v2 ng-star-inserted\">\n<div class=\"buttons-container-v2 ng-star-inserted\">\n<div class=\"thumbs-up-animation-container\" hidden=\"\"><\/div>\n<div class=\"thumbs-down-animation-container\" hidden=\"\"><\/div>\n<div class=\"menu-button-wrapper ng-star-inserted\"><\/div>\n<p>&nbsp;<\/p>\n<div class=\"menu-button-wrapper ng-star-inserted\">\n<div class=\"more-menu-button-container ng-star-inserted\"><\/div>\n<\/div>\n<div class=\"spacer ng-star-inserted\"><\/div>\n<\/div>\n<\/div>\n<\/div>\n<p>[\/vc_column_text][\/vc_column][vc_column width=&#8221;1\/2&#8243;][vc_column_text]<\/p>\n<h3 data-sourcepos=\"1:1-1:31\"><strong>Il prezzo del tour include:<\/strong><\/h3>\n<ul data-sourcepos=\"3:1-8:43\">\n<li data-sourcepos=\"3:1-3:49\">Attrezzatura per le immersioni e lo snorkeling;<\/li>\n<li data-sourcepos=\"4:1-4:31\">Pranzo e bevande sullo yacht;<\/li>\n<li data-sourcepos=\"5:1-5:43\">Servizi di un istruttore di lingua russa;<\/li>\n<li data-sourcepos=\"6:1-6:314\">Trasporto ad Hurghada (Per le seguenti aree: El Gouna, Sahl Hasheesh e Makadi, c&#8217;\u00e8 un supplemento di +$10* andata e ritorno. Per Soma Bay e Safaga, c&#8217;\u00e8 un supplemento di +$20* andata e ritorno. *Il prezzo indicato \u00e8 per una prenotazione andata e ritorno, fino a 6 persone. Il trasferimento pu\u00f2 essere di gruppo.)<\/li>\n<li data-sourcepos=\"7:1-7:73\"><strong>I BAMBINI FINO A 10 ANNI NON SONO AUTORIZZATI A FARE LE IMMERSIONI.<\/strong><\/li>\n<li data-sourcepos=\"8:1-8:43\">Bambini fino a 5 anni inclusi &#8211; Gratuito.<\/li>\n<\/ul>\n<p>[\/vc_column_text][\/vc_column][\/vc_row][vc_row][vc_column][vc_column_text]<\/p>\n<h2 data-sourcepos=\"1:1-1:28\"><strong>Informazioni aggiuntive:<\/strong><\/h2>\n<ul data-sourcepos=\"3:1-9:298\">\n<li data-sourcepos=\"3:1-3:205\"><strong>Giorni consigliati per la visita:<\/strong> Marted\u00ec, gioved\u00ec, domenica (in questi giorni durante la stagione alta, la maggior parte dei gruppi sono di lingua russa; gli altri giorni ci sono turisti stranieri).<\/li>\n<li data-sourcepos=\"4:1-4:145\"><strong>\u00c8 necessario inviare una foto di tutti i passaporti dei partecipanti per organizzare un permesso di immersione presso la polizia turistica.<\/strong><\/li>\n<li data-sourcepos=\"5:1-5:179\"><strong>\u00c8 possibile prenotare questo programma o qualsiasi altra escursione marittima individualmente noleggiando uno yacht a partire da $120 per un giorno intero &#8211; descrizione qui.<\/strong><\/li>\n<li data-sourcepos=\"6:1-6:481\"><strong>Costo per i titolari del certificato PADI (due immersioni fino a 30 minuti e fino a 18 metri ciascuna) &#8211; $25 (prezzo valido al momento della prenotazione dal sito web).<\/strong> Importante! Il tempo di immersione potrebbe essere ridotto se in un determinato giorno gli istruttori non hanno abbastanza tempo per immergere tutti i subacquei principianti. In caso di tale situazione, \u00e8 necessario contattarci immediatamente affinch\u00e9 l&#8217;organizzatore possa fornire una riduzione di prezzo.<\/li>\n<li data-sourcepos=\"7:1-7:248\"><strong>Importante!<\/strong> Vi preghiamo gentilmente di non salire sul ponte superiore mentre siete ancora bagnati. Si prega di asciugarsi completamente con un asciugamano prima di farlo. Questa \u00e8 una misura di sicurezza per evitare di scivolare sulle scale.<\/li>\n<li data-sourcepos=\"8:1-8:125\"><strong>Per prenotare un&#8217;escursione, clicca sull&#8217;icona del messaggero che ti \u00e8 comodo sul lato destro dello schermo e scrivici.<\/strong><\/li>\n<li data-sourcepos=\"9:1-9:298\"><strong>Porta con te:<\/strong> ASCIUGAMANO, COSTUME DA BAGNO, OCCHIALI DA SOLE, PROTEZIONE SOLARE, CAPPELLO, POWER BANK PER CARICARE IL TELEFONO. CONSIGLIAMO ANCHE DI PORTARE LA PROPRIA MASCHERA E TUBO PER LO SNORKELING (SONO DISPONIBILI ANCHE SULLA BARCA). ABBIGLIAMENTO CALDO IN INVERNO, PU\u00d2 ESSERE VENTOSO.<\/li>\n<\/ul>\n<p>[\/vc_column_text][\/vc_column][\/vc_row][\/vc_section][vc_section][vc_row][vc_column]<div id=\"kapee-header-57894\" class=\"kapee-element kapee-heading text-left kapee-width-100 separator-none separator-between-heading\">\t\n\t\t\t\n\t\t\t<div class=\"heading-wrap\">\n\t\t\t<span class=\"separator-left\"><\/span>\n\t\t\t<h2 class=\"heading-title\">Domande frequenti (FAQ): <\/h2>\t\t\t<span class=\"separator-right\"><\/span>\n\t\t\t\t\t<\/div>\n\t\t\n    <\/div>[vc_toggle title=&#8221;Il vostro prezzo \u00e8 cos\u00ec basso&#8230; Probabilmente state facendo un servizio di bassa qualit\u00e0?&#8221; style=&#8221;square_outline&#8221; color=&#8221;sky&#8221;]Offriamo davvero alcuni dei prezzi pi\u00f9 bassi mantenendo un alto livello di servizio. Il motivo \u00e8 che siamo una societ\u00e0 di prenotazioni online per grandi operatori turistici in Egitto, il che ci consente di offrire prezzi molto competitivi grazie al nostro ampio volume di turisti. Prenotando con noi, ricevi un servizio di alta qualit\u00e0 senza pagare eccessivamente gli intermediari.[\/vc_toggle][vc_toggle title=&#8221;Che tipo di autobus e trasferimenti avete?&#8221; style=&#8221;square_outline&#8221; color=&#8221;sky&#8221;]Una variet\u00e0 di trasporti \u00e8 disponibile per l&#8217;uso degli organizzatori dell&#8217;evento all&#8217;interno del parco, tra cui auto, minivan e comodi autobus. Tutti i veicoli sono dotati di aria condizionata e sistemi di sicurezza. Per viaggi pi\u00f9 lunghi, vengono forniti autobus con servizi igienici. Inoltre, tutti i veicoli vengono sottoposti a regolari controlli di manutenzione e sanificazione, e possiedono le necessarie autorizzazioni turistiche. Inoltre, i conducenti vengono sottoposti a ispezioni dalla polizia turistica prima di ogni lungo viaggio.[\/vc_toggle][vc_toggle title=&#8221;Come e quando pago per il tour?&#8221; style=&#8221;square_outline&#8221; color=&#8221;sky&#8221;]Lavoriamo senza pagamento anticipato. Tutti i tour di gruppo vengono pagati sull&#8217;autobus o durante il tour stesso. Le eccezioni sono i pagamenti anticipati per i tour privati e i tour che richiedono l&#8217;acquisto di biglietti aerei o l&#8217;elaborazione di documenti. I nostri programmi principali vengono pagati direttamente durante il trasferimento o all&#8217;inizio del tour. Non \u00e8 necessario cercare qualcuno per pagare il tour. Un dipendente dell&#8217;organizzatore si avviciner\u00e0 a te. Puoi pagare in contanti in dollari USA, euro o sterline egiziane. Per la tua comodit\u00e0, offriamo anche la possibilit\u00e0 di trasferire fondi su una carta bancaria in rubli, grivnie ed euro al tasso di cambio o su un portafoglio di criptovaluta in USDT, prima del tour. Per informazioni pi\u00f9 dettagliate sui metodi di pagamento e sui rimborsi, consulta qui.[\/vc_toggle][vc_toggle title=&#8221;Hai una licenza turistica?&#8221; style=&#8221;square_outline&#8221; color=&#8221;sky&#8221;]L&#8217;Egitto \u00e8 un paese altamente regolamentato, specialmente quando si tratta di turismo. Affinch\u00e9 qualsiasi veicolo o yacht possa partire per un&#8217;escursione, \u00e8 necessario ottenere permessi giornalieri sia dalla polizia che dai militari. Se gli operatori turistici non hanno una valida licenza turistica, naturalmente non gli verranno concessi questi permessi. Ecco perch\u00e9 per alcune escursioni, potremmo richiedere copie dei vostri voucher e passaporti (questo vale per le escursioni marine a Sharm El-Sheikh, i tour privati e alcuni tour di gruppo se coinvolgono l&#8217;uscita dalla citt\u00e0. Per altre escursioni, i permessi vengono semplicemente rilasciati in base al numero di persone e non sono necessari i dettagli del passaporto).[\/vc_toggle][vc_toggle title=&#8221;Siamo assicurati durante l&#8217;escursione?&#8221; style=&#8221;square_outline&#8221; color=&#8221;sky&#8221;]<\/p>\n<p data-sourcepos=\"3:1-3:250\">Sfortunatamente, alcune guide degli hotel cercano di convincere i turisti che la loro assicurazione di viaggio \u00e8 presumibilmente invalida se prenotano escursioni con operatori turistici esterni, invece della loro stessa compagnia. Questo non \u00e8 vero.<\/p>\n<p data-sourcepos=\"5:1-5:148\">Innanzitutto, la tua assicurazione di viaggio \u00e8 valida in tutto l&#8217;Egitto, proprio come lo sarebbe se prenotassi con la compagnia di tour dell&#8217;hotel.<\/p>\n<p data-sourcepos=\"7:1-7:381\">In secondo luogo, se sei su una barca, un autobus o un altro mezzo di trasporto, l&#8217;organizzatore si assume la piena responsabilit\u00e0 assicurativa nei confronti dei passeggeri. Altrimenti, semplicemente non sarebbero in grado di ottenere un permesso per condurre attivit\u00e0 turistiche. L&#8217;Egitto ha regolamenti turistici piuttosto rigidi e sono necessari permessi prima di ogni viaggio.<\/p>\n<p>[\/vc_toggle][vc_toggle title=&#8221;Come posso recuperare un oggetto perso durante un tour?&#8221; style=&#8221;square_outline&#8221; color=&#8221;sky&#8221;]Ricordiamo sempre ai nostri ospiti di controllare attentamente di avere con s\u00e9 tutti i loro effetti personali prima di uscire dall&#8217;autobus o dallo yacht alla fine del tour. Sfortunatamente, recuperare oggetti smarriti pu\u00f2 essere piuttosto difficile a causa della partenza immediata dei veicoli per la pulizia e le complessit\u00e0 della logistica egiziana. Sebbene faremo il possibile per aiutarti a ritrovare i tuoi effetti personali, non possiamo garantire un tasso di recupero del 100%. Se riusciamo a trovare il tuo oggetto, ci sar\u00e0 una tassa di consegna di $5-10. Si prega di prestare attenzione ai propri effetti personali![\/vc_toggle][vc_toggle title=&#8221;Dovrei modificare i miei piani o aspettare per il tour?&#8221; style=&#8221;square_outline&#8221; color=&#8221;sky&#8221;]Abbiamo un significativo afflusso giornaliero di richieste di prenotazione per i nostri programmi da parte dei turisti. Di conseguenza, la maggior parte delle escursioni vengono organizzate quotidianamente o in specifici giorni della settimana seguendo un programma dettagliato fornito nella descrizione di ciascun programma. Dopo la prenotazione, ti invieremo l&#8217;ora esatta del prelievo dal tuo hotel. Molti tour saranno condotti con piccoli gruppi provenienti da vari hotel che hanno acquistato escursioni attraverso gli operatori turistici. L&#8217;unica differenza \u00e8 che i nostri prezzi sono del 40-60% pi\u00f9 bassi (i nostri organizzatori conducono tutte le principali escursioni a Hurghada e Sharm El-Sheikh per turisti di lingua russa).[\/vc_toggle][vc_toggle title=&#8221;Dove posso trovare il fotografo che ha scattato le foto durante il tour?&#8221; style=&#8221;square_outline&#8221; color=&#8221;sky&#8221;]Vorremmo informarvi che i fotografi che vi accompagnano durante le escursioni agiscono come rappresentanti indipendenti dei loro studi fotografici. Non fanno parte del nostro servizio online o del team organizzatore del programma. Tutti i termini e le condizioni relativi al servizio fotografico e al suo pagamento vengono discussi e concordati direttamente tra voi e il fotografo. Consigliamo di avvicinarsi ai pagamenti anticipati con cautela e di assicurarsi l&#8217;affidabilit\u00e0 dei servizi, nonch\u00e9 di ottenere tutte le informazioni di contatto del fotografo prima di effettuare qualsiasi pagamento.[\/vc_toggle][\/vc_column][\/vc_row][\/vc_section]<\/p>\n<\/section>","protected":false},"excerpt":{"rendered":"<ul>\n<li><strong>Prezzo &#8211; Adulti (13+ anni) <\/strong>$20<\/li>\n<li><strong>Prezzo &#8211; Bambini (6-12 anni) <\/strong>$10<\/li>\n<li><strong>Durata approssimativa <\/strong>8 ore<\/li>\n<li><strong>Giorni della settimana <\/strong>Quotidiano<\/li>\n<\/ul>\n<p>&nbsp;<\/p>\n<ul>\n<li data-sourcepos=\"3:1-10:21\">Prenotazione in 3 minuti<\/li>\n<li data-sourcepos=\"3:1-10:21\">Nessun pagamento anticipato richiesto<\/li>\n<li data-sourcepos=\"3:1-10:21\">Trasferimento dall&#8217;hotel incluso<\/li>\n<li data-sourcepos=\"3:1-10:21\">Assicurazione coperta<\/li>\n<li data-sourcepos=\"3:1-10:21\">Guida di lingua russa<\/li>\n<li data-sourcepos=\"3:1-10:21\">Nessuna tassa nascosta o commissioni<\/li>\n<li data-sourcepos=\"3:1-10:21\">Foto e recensioni reali<\/li>\n<li data-sourcepos=\"3:1-10:21\">Gestore personale<\/li>\n<\/ul>\n","protected":false},"featured_media":321,"template":"","meta":[],"product_cat":[17],"product_tag":[],"class_list":{"0":"post-74","1":"product","2":"type-product","3":"status-publish","4":"has-post-thumbnail","6":"product_cat-hurghada-sea-excursions","8":"first","9":"instock","10":"shipping-taxable","11":"purchasable","12":"product-type-simple"},"_links":{"self":[{"href":"https:\/\/www.starkhattabychtours.com\/it\/wp-json\/wp\/v2\/product\/74","targetHints":{"allow":["GET"]}}],"collection":[{"href":"https:\/\/www.starkhattabychtours.com\/it\/wp-json\/wp\/v2\/product"}],"about":[{"href":"https:\/\/www.starkhattabychtours.com\/it\/wp-json\/wp\/v2\/types\/product"}],"wp:featuredmedia":[{"embeddable":true,"href":"https:\/\/www.starkhattabychtours.com\/it\/wp-json\/wp\/v2\/media\/321"}],"wp:attachment":[{"href":"https:\/\/www.starkhattabychtours.com\/it\/wp-json\/wp\/v2\/media?parent=74"}],"wp:term":[{"taxonomy":"product_cat","embeddable":true,"href":"https:\/\/www.starkhattabychtours.com\/it\/wp-json\/wp\/v2\/product_cat?post=74"},{"taxonomy":"product_tag","embeddable":true,"href":"https:\/\/www.starkhattabychtours.com\/it\/wp-json\/wp\/v2\/product_tag?post=74"}],"curies":[{"name":"wp","href":"https:\/\/api.w.org\/{rel}","templated":true}]}}