{"id":75,"date":"2024-09-03T12:09:27","date_gmt":"2024-09-03T12:09:27","guid":{"rendered":"https:\/\/www.starkhattabychtours.com\/it\/?post_type=product&#038;p=75"},"modified":"2024-10-05T17:37:49","modified_gmt":"2024-10-05T17:37:49","slug":"orange-bay-diving-availabe","status":"publish","type":"product","link":"https:\/\/www.starkhattabychtours.com\/it\/tour\/orange-bay-diving-availabe","title":{"rendered":"Orange Bay (immersioni disponibili)."},"content":{"rendered":"<section class=\"wpb-content-wrapper\"><p>[vc_section][vc_row][vc_column width=&#8221;1\/2&#8243;][vc_column_text]<\/p>\n<div class=\"presented-response-container ng-tns-c1254682528-155\">\n<div class=\"response-container-content ng-tns-c1254682528-155 tunable-selection-with-avatar\">\n<div class=\"response-content ng-tns-c1254682528-155\">\n<div class=\"markdown markdown-main-panel\" dir=\"ltr\">\n<p data-sourcepos=\"1:1-1:312\">Una gita marina a Orange Bay ad Hurghada \u00e8 un&#8217;avventura indimenticabile per tutti gli amanti delle attivit\u00e0 ricreative marine. Orange Island si trova a pochi chilometri dal mare di Hurghada. Questa localit\u00e0 ha preso il nome dal bellissimo colore dell&#8217;acqua, e alla luce del sole della sera diventa arancione.<\/p>\n<\/div>\n<div class=\"skeleton-loader-container\">\n<p data-sourcepos=\"3:1-3:222\">La tua avventura inizia con un comodo trasferimento che ti preleva e ti porta al molo. Una volta l\u00ec, il nostro cordiale personale ti accompagner\u00e0 allo yacht, ti assister\u00e0 nell&#8217;imbarco e ti fornir\u00e0 un briefing di sicurezza.<\/p>\n<p data-sourcepos=\"5:1-5:340\">Mentre navighi verso l&#8217;isola, avrai l&#8217;opportunit\u00e0 di ammirare la straordinaria bellezza del Mar Rosso, respirare l&#8217;aria fresca e fare qualche sosta presso le splendide barriere coralline per fare snorkeling o immersioni. Al tuo arrivo sull&#8217;isola di Orange, scoprirai un paradiso tropicale perfetto per attivit\u00e0 sia terrestri che acquatiche.<\/p>\n<p data-sourcepos=\"7:1-7:273\">L&#8217;isola \u00e8 circondata da acque cristalline, ideali per nuotare o fare stand-up paddleboarding. Esplora varie zone fotografiche e cattura ricordi indimenticabili. Le sabbie dorate di Orange Island sono dotate di comode sedie a sacco, passerelle in legno e accoglienti cabine.<\/p>\n<\/div>\n<div class=\"response-footer gap complete\"><\/div>\n<\/div>\n<\/div>\n<\/div>\n<div class=\"response-container-footer ng-tns-c1254682528-155\">\n<div class=\"actions-container-v2 ng-star-inserted\">\n<div class=\"buttons-container-v2 ng-star-inserted\">\n<div class=\"thumbs-up-animation-container\" hidden=\"\"><\/div>\n<div class=\"thumbs-down-animation-container\" hidden=\"\"><\/div>\n<div class=\"menu-button-wrapper ng-star-inserted\"><\/div>\n<p>&nbsp;<\/p>\n<div class=\"menu-button-wrapper ng-star-inserted\">\n<div class=\"more-menu-button-container ng-star-inserted\"><\/div>\n<\/div>\n<div class=\"spacer ng-star-inserted\"><\/div>\n<\/div>\n<\/div>\n<\/div>\n<p>[\/vc_column_text][\/vc_column][vc_column width=&#8221;1\/2&#8243;][vc_images_carousel images=&#8221;736,737,738&#8243; img_size=&#8221;full&#8221; onclick=&#8221;link_no&#8221; autoplay=&#8221;yes&#8221; wrap=&#8221;yes&#8221;][\/vc_column][\/vc_row][\/vc_section][vc_section][vc_row][vc_column][vc_column_text]<\/p>\n<div class=\"presented-response-container ng-tns-c1254682528-163\">\n<div class=\"response-container-content ng-tns-c1254682528-163 tunable-selection-with-avatar\">\n<div class=\"response-content ng-tns-c1254682528-163\">\n<div class=\"markdown markdown-main-panel\" dir=\"ltr\">\n<p data-sourcepos=\"9:1-9:183\">Ad Orange Bay, puoi anche gustare deliziosa cucina locale, fare un tuffo rinfrescante nelle piscine cristalline o semplicemente rilassarti sulla spiaggia e goderti le splendide viste.<\/p>\n<p data-sourcepos=\"11:1-11:321\">Dopo circa due ore sull&#8217;isola, le nostre guide ti accompagneranno di nuovo sulla barca per il viaggio di ritorno ad Hurghada. Un viaggio in barca sull&#8217;isola di Orange \u00e8 il modo perfetto per trascorrere una giornata godendo della bellezza del Mar Rosso, partecipando a attivit\u00e0 entusiasmanti e rilassandoti sulla spiaggia.<\/p>\n<\/div>\n<div class=\"skeleton-loader-container\"><\/div>\n<div class=\"response-footer gap complete\"><\/div>\n<\/div>\n<\/div>\n<\/div>\n<div class=\"response-container-footer ng-tns-c1254682528-163\">\n<div class=\"actions-container-v2 ng-star-inserted\">\n<div class=\"buttons-container-v2 ng-star-inserted\">\n<div class=\"thumbs-up-animation-container\" hidden=\"\"><\/div>\n<div class=\"thumbs-down-animation-container\" hidden=\"\"><\/div>\n<div class=\"menu-button-wrapper ng-star-inserted\"><\/div>\n<p>&nbsp;<\/p>\n<div class=\"menu-button-wrapper ng-star-inserted\">\n<div class=\"more-menu-button-container ng-star-inserted\"><\/div>\n<\/div>\n<div class=\"spacer ng-star-inserted\"><\/div>\n<\/div>\n<\/div>\n<\/div>\n<p>[\/vc_column_text][\/vc_column][\/vc_row][\/vc_section][vc_section][vc_row][vc_column width=&#8221;1\/2&#8243;][vc_column_text]<\/p>\n<div class=\"presented-response-container ng-tns-c1254682528-171\">\n<div class=\"response-container-content ng-tns-c1254682528-171 tunable-selection-with-avatar\">\n<div class=\"response-content ng-tns-c1254682528-171\">\n<div class=\"markdown markdown-main-panel\" dir=\"ltr\">\n<h3 data-sourcepos=\"1:1-1:28\"><strong>Ecco due opzioni per te:<\/strong><\/h3>\n<ul data-sourcepos=\"3:1-5:0\">\n<li data-sourcepos=\"3:1-3:47\"><strong>Senza immersioni:<\/strong> Adulti $18, Bambini $9;<\/li>\n<li data-sourcepos=\"4:1-5:0\"><strong>Con immersioni (1 immersione):<\/strong> Adulti $23, Bambini $12.<\/li>\n<\/ul>\n<h3 data-sourcepos=\"6:1-6:28\"><strong>Cosa \u00e8 incluso nel tour:<\/strong><\/h3>\n<ul data-sourcepos=\"8:1-14:80\">\n<li data-sourcepos=\"8:1-8:181\"><strong>Trasferimento:<\/strong> Circa alle 8:30 AM (l&#8217;orario esatto verr\u00e0 confermato dopo la prenotazione; il viaggio fino al porto dura 10-40 minuti, a seconda della posizione del tuo hotel).<\/li>\n<li data-sourcepos=\"9:1-9:112\"><strong>Imbarco sullo yacht e partenza:<\/strong> Intorno alle 9:30-10:00 AM (dipende dal permesso della polizia turistica).<\/li>\n<li data-sourcepos=\"10:1-10:123\"><strong>Due fermate per lo snorkeling\/immersioni sulle barriere coralline:<\/strong> Circa un&#8217;ora ciascuna (a discrezione della guida).<\/li>\n<li data-sourcepos=\"11:1-11:98\"><strong>Sbarco su un&#8217;isola per relax e nuoto:<\/strong> Circa 1,5-2 ore (tempo standard per i tour di gruppo).<\/li>\n<li data-sourcepos=\"12:1-12:137\"><strong>Pranzo e bevande sullo yacht:<\/strong> Varie insalate, riso, pasta, patate, nuggets, salsicce di pesce\/carne; cola, pepsi, acqua, t\u00e8, caff\u00e8.<\/li>\n<li data-sourcepos=\"13:1-13:113\"><strong>Giro su banana boat e ciambelle gonfiabili:<\/strong> Un giro standard per tutti i tour marini di gruppo ad Hurghada.<\/li>\n<li data-sourcepos=\"14:1-14:80\"><strong>Ritorno in hotel:<\/strong> Intorno alle 5:00 PM (il tempo pu\u00f2 variare leggermente).<\/li>\n<\/ul>\n<\/div>\n<div class=\"skeleton-loader-container\"><\/div>\n<div class=\"response-footer gap complete\"><\/div>\n<\/div>\n<\/div>\n<\/div>\n<div class=\"response-container-footer ng-tns-c1254682528-171\">\n<div class=\"actions-container-v2 ng-star-inserted\">\n<div class=\"buttons-container-v2 ng-star-inserted\">\n<div class=\"thumbs-up-animation-container\" hidden=\"\"><\/div>\n<div class=\"thumbs-down-animation-container\" hidden=\"\"><\/div>\n<div class=\"menu-button-wrapper ng-star-inserted\"><\/div>\n<p>&nbsp;<\/p>\n<div class=\"menu-button-wrapper ng-star-inserted\">\n<div class=\"more-menu-button-container ng-star-inserted\"><\/div>\n<\/div>\n<div class=\"spacer ng-star-inserted\"><\/div>\n<\/div>\n<\/div>\n<\/div>\n<p>[\/vc_column_text][\/vc_column][vc_column width=&#8221;1\/2&#8243;][vc_column_text]<\/p>\n<div class=\"presented-response-container ng-tns-c1254682528-179\">\n<div class=\"response-container-content ng-tns-c1254682528-179 tunable-selection-with-avatar\">\n<div class=\"response-content ng-tns-c1254682528-179\">\n<div class=\"markdown markdown-main-panel\" dir=\"ltr\">\n<h3 data-sourcepos=\"1:1-1:31\"><strong>Il prezzo del tour include:<\/strong><\/h3>\n<ul data-sourcepos=\"3:1-8:43\">\n<li data-sourcepos=\"3:1-3:31\">Pranzo e bevande sullo yacht;<\/li>\n<li data-sourcepos=\"4:1-4:45\">Gite in banana boat e ciambelle gonfiabili;<\/li>\n<li data-sourcepos=\"5:1-5:44\">Attrezzatura per lo snorkeling\/immersioni;<\/li>\n<li data-sourcepos=\"6:1-6:39\">Servizi di una guida di lingua russa;<\/li>\n<li data-sourcepos=\"7:1-7:315\">Trasporto all&#8217;interno di Hurghada (Aree: El Gouna, Sahl Hasheesh e Makadi &#8211; supplemento di $10* andata e ritorno. Aree Soma Bay e Safaga &#8211; supplemento di $20* andata e ritorno. *Il prezzo \u00e8 indicato per una prenotazione, andata e ritorno, fino a 6 persone. Il trasferimento pu\u00f2 essere un trasferimento di gruppo.)<\/li>\n<li data-sourcepos=\"8:1-8:43\">Bambini fino a 5 anni inclusi &#8211; Gratuito.<\/li>\n<\/ul>\n<\/div>\n<div class=\"skeleton-loader-container\"><\/div>\n<div class=\"response-footer gap complete\"><\/div>\n<\/div>\n<\/div>\n<\/div>\n<div class=\"response-container-footer ng-tns-c1254682528-179\">\n<div class=\"actions-container-v2 ng-star-inserted\">\n<div class=\"buttons-container-v2 ng-star-inserted\">\n<div class=\"thumbs-up-animation-container\" hidden=\"\"><\/div>\n<div class=\"thumbs-down-animation-container\" hidden=\"\"><\/div>\n<div class=\"menu-button-wrapper ng-star-inserted\"><\/div>\n<p>&nbsp;<\/p>\n<div class=\"menu-button-wrapper ng-star-inserted\">\n<div class=\"more-menu-button-container ng-star-inserted\"><\/div>\n<\/div>\n<div class=\"spacer ng-star-inserted\"><\/div>\n<\/div>\n<\/div>\n<\/div>\n<p>[\/vc_column_text][\/vc_column][\/vc_row][\/vc_section][vc_row][vc_column][vc_column_text]<\/p>\n<div class=\"presented-response-container ng-tns-c1254682528-187\">\n<div class=\"response-container-content ng-tns-c1254682528-187 tunable-selection-with-avatar\">\n<div class=\"response-content ng-tns-c1254682528-187\">\n<div class=\"markdown markdown-main-panel\" dir=\"ltr\">\n<h2 data-sourcepos=\"1:1-1:28\"><strong>Informazioni aggiuntive:<\/strong><\/h2>\n<ul data-sourcepos=\"3:1-26:298\">\n<li data-sourcepos=\"3:1-3:205\"><strong>Giorni consigliati per la visita:<\/strong> Marted\u00ec, gioved\u00ec, domenica (in questi giorni durante la stagione alta, la maggior parte dei gruppi sono di lingua russa; gli altri giorni ci sono turisti stranieri).<\/li>\n<li data-sourcepos=\"4:1-4:213\"><strong>Fermate per lo snorkeling:<\/strong> A volte, pi\u00f9 fermate per lo snorkeling vengono sostituite con una fermata pi\u00f9 lunga, della durata di circa 1,5-2 ore (a seconda delle condizioni meteorologiche e di altri fattori).<\/li>\n<li data-sourcepos=\"5:1-5:231\"><strong>Immersioni:<\/strong> Una immersione a persona, fino a 15 minuti (compresa la preparazione) e una profondit\u00e0 massima di 7 metri. A volte le immersioni si svolgono su uno yacht vicino quando si ormeggia in mare sulle barriere coralline.<\/li>\n<li data-sourcepos=\"6:1-6:613\"><strong>Importante!<\/strong> L&#8217;immersione potrebbe essere annullata a causa di un numero elevato di persone che desiderano immergersi o se il gruppo non \u00e8 completo il giorno del viaggio. \u00c8 necessario richiedere un rimborso sul posto e informare il nostro reparto prenotazioni. Le immersioni si svolgono su barriere coralline lungo il percorso verso le isole &#8211; queste non sono le migliori barriere coralline per le immersioni. Se per te \u00e8 importante fare immersioni in luoghi interessanti con una garanzia del 100% di condurre lezioni, ti consigliamo di scegliere il programma Full Day Diving (2 immersioni fino a 15 minuti).<\/li>\n<li data-sourcepos=\"7:1-7:127\">\u00c8 necessario inviare foto di tutti i passaporti per organizzare un permesso di immersione turistico con la polizia turistica.<\/li>\n<li data-sourcepos=\"8:1-8:202\"><strong>Importante!<\/strong> Si prega di non salire sul ponte superiore mentre si \u00e8 bagnati. \u00c8 necessario asciugarsi prima con un asciugamano. Questa \u00e8 una misura di sicurezza per evitare di scivolare sulle scale.<\/li>\n<li data-sourcepos=\"9:1-9:167\"><strong>Capacit\u00e0 dello yacht:<\/strong> da 20 a 40 persone. Gli yacht sono spaziosi, c&#8217;\u00e8 spazio sufficiente per tutti, c&#8217;\u00e8 un limite di capacit\u00e0 stabilito dalla polizia turistica.<\/li>\n<li data-sourcepos=\"10:1-10:179\"><strong>Giochi gonfiabili:<\/strong> I giri su banani o ciambelle gonfiabili potrebbero essere annullati a causa delle condizioni meteorologiche, ma ci\u00f2 non influisce sul costo del programma.<\/li>\n<li data-sourcepos=\"11:1-11:179\"><strong>\u00c8 possibile prenotare questo programma o qualsiasi altra escursione marittima individualmente noleggiando uno yacht a partire da $120 per un giorno intero &#8211; descrizione qui.<\/strong><\/li>\n<li data-sourcepos=\"12:1-12:66\"><strong>P.S.:<\/strong> Qual \u00e8 la differenza tra Orange Bay e Paradise Island?<\/li>\n<li data-sourcepos=\"13:1-13:124\">In realt\u00e0, entrambe le aree ricreative si trovano sulla stessa isola di Big Giftun, a 15 minuti di yacht l&#8217;una dall&#8217;altra.<\/li>\n<li data-sourcepos=\"14:1-14:59\"><strong>Spiaggia e area per nuotare:<\/strong> pi\u00f9 grande a Orange Bay.<\/li>\n<li data-sourcepos=\"15:1-15:97\"><strong>Profondit\u00e0 per nuotare:<\/strong> maggiore a Paradise (Orange \u00e8 poco profonda, ideale per i bambini).<\/li>\n<li data-sourcepos=\"16:1-16:45\">Paradise \u00e8 pi\u00f9 tranquilla e meno affollata.<\/li>\n<li data-sourcepos=\"17:1-17:59\">A Orange Bay \u00e8 possibile noleggiare una tavola da paddle.<\/li>\n<li data-sourcepos=\"18:1-18:133\">L&#8217;area ricreativa per tutti \u00e8 sotto lo stesso tetto a Orange, mentre a Paradise \u00e8 separata sotto gli ombrelloni di foglie di palma.<\/li>\n<li data-sourcepos=\"19:1-19:89\">Ci sono pi\u00f9 zone fotografiche a Orange, anche se sono presenti anche a Paradise Island.<\/li>\n<li data-sourcepos=\"20:1-20:91\">Il colore dell&#8217;acqua \u00e8 pi\u00f9 interessante a Orange Bay, ma \u00e8 anche bello a Paradise Island.<\/li>\n<li data-sourcepos=\"21:1-21:105\"><strong>Tempo a Orange:<\/strong> circa 1,5-2 ore, a Paradise: circa 1-1,5 ore (a discrezione delle guide sul posto).<\/li>\n<li data-sourcepos=\"22:1-22:157\">In entrambe le baie, \u00e8 possibile acquistare bevande sul posto, con prezzi medi da $3 a $7 per bevanda. Il cibo \u00e8 sicuramente disponibile a Paradise Island.<\/li>\n<li data-sourcepos=\"23:1-23:138\">E, non meno importante, non \u00e8 possibile portare i propri snack e bevande a Orange Bay, mentre a Paradise Island non vengono controllati.<\/li>\n<li data-sourcepos=\"24:1-24:379\">C&#8217;\u00e8 anche un&#8217;altra area ricreativa sull&#8217;isola &#8211; Mahmeya, ma non offriamo questo tour, poich\u00e9 ha un proprietario diverso. Non vediamo alcun motivo per inviare turisti l\u00ec, poich\u00e9 il territorio \u00e8 simile e il tempo l\u00ec \u00e8 lo stesso di Orange Bay, mentre il prezzo del programma \u00e8 almeno 2 volte superiore. Questa isola \u00e8 principalmente visitata dai turisti degli operatori turistici.<\/li>\n<li data-sourcepos=\"25:1-25:119\"><strong>Per prenotare un tour, clicca sull&#8217;icona del messaggero che ti \u00e8 comodo sul lato destro dello schermo e scrivici.<\/strong><\/li>\n<li data-sourcepos=\"26:1-26:298\"><strong>Porta con te:<\/strong> ASCIUGAMANO, COSTUME DA BAGNO, OCCHIALI DA SOLE, PROTEZIONE SOLARE, CAPPELLO, POWER BANK PER CARICARE IL TELEFONO. CONSIGLIAMO ANCHE DI PORTARE LA PROPRIA MASCHERA E TUBO PER LO SNORKELING (SONO DISPONIBILI ANCHE SULLA BARCA). ABBIGLIAMENTO CALDO IN INVERNO, PU\u00d2 ESSERE VENTOSO.<\/li>\n<\/ul>\n<\/div>\n<div class=\"skeleton-loader-container\"><\/div>\n<div class=\"response-footer gap complete\"><\/div>\n<\/div>\n<\/div>\n<\/div>\n<div class=\"response-container-footer ng-tns-c1254682528-187\">\n<div class=\"actions-container-v2 ng-star-inserted\">\n<div class=\"buttons-container-v2 ng-star-inserted\">\n<div class=\"thumbs-up-animation-container\" hidden=\"\"><\/div>\n<div class=\"thumbs-down-animation-container\" hidden=\"\"><\/div>\n<div class=\"menu-button-wrapper ng-star-inserted\"><\/div>\n<p>&nbsp;<\/p>\n<div class=\"menu-button-wrapper ng-star-inserted\">\n<div class=\"more-menu-button-container ng-star-inserted\"><\/div>\n<\/div>\n<div class=\"spacer ng-star-inserted\"><\/div>\n<\/div>\n<\/div>\n<\/div>\n<p>[\/vc_column_text][\/vc_column][\/vc_row][vc_section][vc_row][vc_column]<div id=\"kapee-header-92031\" class=\"kapee-element kapee-heading text-left kapee-width-100 separator-none separator-between-heading\">\t\n\t\t\t\n\t\t\t<div class=\"heading-wrap\">\n\t\t\t<span class=\"separator-left\"><\/span>\n\t\t\t<h2 class=\"heading-title\">Domande frequenti (FAQ): <\/h2>\t\t\t<span class=\"separator-right\"><\/span>\n\t\t\t\t\t<\/div>\n\t\t\n    <\/div>[vc_toggle title=&#8221;Il vostro prezzo \u00e8 cos\u00ec basso&#8230; Probabilmente state facendo un servizio di bassa qualit\u00e0?&#8221; style=&#8221;square_outline&#8221; color=&#8221;sky&#8221;]Offriamo davvero alcuni dei prezzi pi\u00f9 bassi mantenendo un alto livello di servizio. Il motivo \u00e8 che siamo una societ\u00e0 di prenotazioni online per grandi operatori turistici in Egitto, il che ci consente di offrire prezzi molto competitivi grazie al nostro ampio volume di turisti. Prenotando con noi, ricevi un servizio di alta qualit\u00e0 senza pagare eccessivamente gli intermediari.[\/vc_toggle][vc_toggle title=&#8221;Che tipo di autobus e trasferimenti avete?&#8221; style=&#8221;square_outline&#8221; color=&#8221;sky&#8221;]Una variet\u00e0 di trasporti \u00e8 disponibile per l&#8217;uso degli organizzatori dell&#8217;evento all&#8217;interno del parco, tra cui auto, minivan e comodi autobus. Tutti i veicoli sono dotati di aria condizionata e sistemi di sicurezza. Per viaggi pi\u00f9 lunghi, vengono forniti autobus con servizi igienici. Inoltre, tutti i veicoli vengono sottoposti a regolari controlli di manutenzione e sanificazione, e possiedono le necessarie autorizzazioni turistiche. Inoltre, i conducenti vengono sottoposti a ispezioni dalla polizia turistica prima di ogni lungo viaggio.[\/vc_toggle][vc_toggle title=&#8221;Come e quando pago per il tour?&#8221; style=&#8221;square_outline&#8221; color=&#8221;sky&#8221;]Lavoriamo senza pagamento anticipato. Tutti i tour di gruppo vengono pagati sull&#8217;autobus o durante il tour stesso. Le eccezioni sono i pagamenti anticipati per i tour privati e i tour che richiedono l&#8217;acquisto di biglietti aerei o l&#8217;elaborazione di documenti. I nostri programmi principali vengono pagati direttamente durante il trasferimento o all&#8217;inizio del tour. Non \u00e8 necessario cercare qualcuno per pagare il tour. Un dipendente dell&#8217;organizzatore si avviciner\u00e0 a te. Puoi pagare in contanti in dollari USA, euro o sterline egiziane. Per la tua comodit\u00e0, offriamo anche la possibilit\u00e0 di trasferire fondi su una carta bancaria in rubli, grivnie ed euro al tasso di cambio o su un portafoglio di criptovaluta in USDT, prima del tour. Per informazioni pi\u00f9 dettagliate sui metodi di pagamento e sui rimborsi, consulta qui.[\/vc_toggle][vc_toggle title=&#8221;Hai una licenza turistica?&#8221; style=&#8221;square_outline&#8221; color=&#8221;sky&#8221;]L&#8217;Egitto \u00e8 un paese altamente regolamentato, specialmente quando si tratta di turismo. Affinch\u00e9 qualsiasi veicolo o yacht possa partire per un&#8217;escursione, \u00e8 necessario ottenere permessi giornalieri sia dalla polizia che dai militari. Se gli operatori turistici non hanno una valida licenza turistica, naturalmente non gli verranno concessi questi permessi. Ecco perch\u00e9 per alcune escursioni, potremmo richiedere copie dei vostri voucher e passaporti (questo vale per le escursioni marine a Sharm El-Sheikh, i tour privati e alcuni tour di gruppo se coinvolgono l&#8217;uscita dalla citt\u00e0. Per altre escursioni, i permessi vengono semplicemente rilasciati in base al numero di persone e non sono necessari i dettagli del passaporto).[\/vc_toggle][vc_toggle title=&#8221;Siamo assicurati durante l&#8217;escursione?&#8221; style=&#8221;square_outline&#8221; color=&#8221;sky&#8221;]<\/p>\n<p data-sourcepos=\"3:1-3:250\">Sfortunatamente, alcune guide degli hotel cercano di convincere i turisti che la loro assicurazione di viaggio \u00e8 presumibilmente invalida se prenotano escursioni con operatori turistici esterni, invece della loro stessa compagnia. Questo non \u00e8 vero.<\/p>\n<p data-sourcepos=\"5:1-5:148\">Innanzitutto, la tua assicurazione di viaggio \u00e8 valida in tutto l&#8217;Egitto, proprio come lo sarebbe se prenotassi con la compagnia di tour dell&#8217;hotel.<\/p>\n<p data-sourcepos=\"7:1-7:381\">In secondo luogo, se sei su una barca, un autobus o un altro mezzo di trasporto, l&#8217;organizzatore si assume la piena responsabilit\u00e0 assicurativa nei confronti dei passeggeri. Altrimenti, semplicemente non sarebbero in grado di ottenere un permesso per condurre attivit\u00e0 turistiche. L&#8217;Egitto ha regolamenti turistici piuttosto rigidi e sono necessari permessi prima di ogni viaggio.<\/p>\n<p>[\/vc_toggle][vc_toggle title=&#8221;Come posso recuperare un oggetto perso durante un tour?&#8221; style=&#8221;square_outline&#8221; color=&#8221;sky&#8221;]Ricordiamo sempre ai nostri ospiti di controllare attentamente di avere con s\u00e9 tutti i loro effetti personali prima di uscire dall&#8217;autobus o dallo yacht alla fine del tour. Sfortunatamente, recuperare oggetti smarriti pu\u00f2 essere piuttosto difficile a causa della partenza immediata dei veicoli per la pulizia e le complessit\u00e0 della logistica egiziana. Sebbene faremo il possibile per aiutarti a ritrovare i tuoi effetti personali, non possiamo garantire un tasso di recupero del 100%. Se riusciamo a trovare il tuo oggetto, ci sar\u00e0 una tassa di consegna di $5-10. Si prega di prestare attenzione ai propri effetti personali![\/vc_toggle][vc_toggle title=&#8221;Dovrei modificare i miei piani o aspettare per il tour?&#8221; style=&#8221;square_outline&#8221; color=&#8221;sky&#8221;]Abbiamo un significativo afflusso giornaliero di richieste di prenotazione per i nostri programmi da parte dei turisti. Di conseguenza, la maggior parte delle escursioni vengono organizzate quotidianamente o in specifici giorni della settimana seguendo un programma dettagliato fornito nella descrizione di ciascun programma. Dopo la prenotazione, ti invieremo l&#8217;ora esatta del prelievo dal tuo hotel. Molti tour saranno condotti con piccoli gruppi provenienti da vari hotel che hanno acquistato escursioni attraverso gli operatori turistici. L&#8217;unica differenza \u00e8 che i nostri prezzi sono del 40-60% pi\u00f9 bassi (i nostri organizzatori conducono tutte le principali escursioni a Hurghada e Sharm El-Sheikh per turisti di lingua russa).[\/vc_toggle][vc_toggle title=&#8221;Dove posso trovare il fotografo che ha scattato le foto durante il tour?&#8221; style=&#8221;square_outline&#8221; color=&#8221;sky&#8221;]Vorremmo informarvi che i fotografi che vi accompagnano durante le escursioni agiscono come rappresentanti indipendenti dei loro studi fotografici. Non fanno parte del nostro servizio online o del team organizzatore del programma. Tutti i termini e le condizioni relativi al servizio fotografico e al suo pagamento vengono discussi e concordati direttamente tra voi e il fotografo. Consigliamo di avvicinarsi ai pagamenti anticipati con cautela e di assicurarsi l&#8217;affidabilit\u00e0 dei servizi, nonch\u00e9 di ottenere tutte le informazioni di contatto del fotografo prima di effettuare qualsiasi pagamento.[\/vc_toggle][\/vc_column][\/vc_row][\/vc_section]<\/p>\n<\/section>","protected":false},"excerpt":{"rendered":"<ul>\n<li><strong>Nessuna immersione :Adulti $<\/strong>18 , <strong>Bambini<\/strong> $9<\/li>\n<li><strong>Con immersioni (1 immersione):<\/strong> <strong>Adulti<\/strong> $23\u00a0,<strong>Bambini<\/strong> $12<\/li>\n<\/ul>\n<p>&nbsp;<\/p>\n<ul>\n<li data-sourcepos=\"3:1-10:21\">Prenotazione in 3 minuti<\/li>\n<li data-sourcepos=\"3:1-10:21\">Nessun pagamento anticipato<\/li>\n<li data-sourcepos=\"3:1-10:21\">Trasferimento dall&#8217;hotel<\/li>\n<li data-sourcepos=\"3:1-10:21\">Assicurazione valida<\/li>\n<li data-sourcepos=\"3:1-10:21\">Guida di lingua russa<\/li>\n<li data-sourcepos=\"3:1-10:21\">Nessuna tassa o commissione aggiuntiva<\/li>\n<li data-sourcepos=\"3:1-10:21\">Foto e recensioni reali<\/li>\n<li data-sourcepos=\"3:1-10:21\">Gestore personale<\/li>\n<\/ul>\n","protected":false},"featured_media":323,"template":"","meta":[],"product_cat":[17],"product_tag":[],"class_list":{"0":"post-75","1":"product","2":"type-product","3":"status-publish","4":"has-post-thumbnail","6":"product_cat-hurghada-sea-excursions","8":"first","9":"instock","10":"shipping-taxable","11":"purchasable","12":"product-type-simple"},"_links":{"self":[{"href":"https:\/\/www.starkhattabychtours.com\/it\/wp-json\/wp\/v2\/product\/75","targetHints":{"allow":["GET"]}}],"collection":[{"href":"https:\/\/www.starkhattabychtours.com\/it\/wp-json\/wp\/v2\/product"}],"about":[{"href":"https:\/\/www.starkhattabychtours.com\/it\/wp-json\/wp\/v2\/types\/product"}],"wp:featuredmedia":[{"embeddable":true,"href":"https:\/\/www.starkhattabychtours.com\/it\/wp-json\/wp\/v2\/media\/323"}],"wp:attachment":[{"href":"https:\/\/www.starkhattabychtours.com\/it\/wp-json\/wp\/v2\/media?parent=75"}],"wp:term":[{"taxonomy":"product_cat","embeddable":true,"href":"https:\/\/www.starkhattabychtours.com\/it\/wp-json\/wp\/v2\/product_cat?post=75"},{"taxonomy":"product_tag","embeddable":true,"href":"https:\/\/www.starkhattabychtours.com\/it\/wp-json\/wp\/v2\/product_tag?post=75"}],"curies":[{"name":"wp","href":"https:\/\/api.w.org\/{rel}","templated":true}]}}