{"id":78,"date":"2024-09-04T06:33:24","date_gmt":"2024-09-04T06:33:24","guid":{"rendered":"https:\/\/www.starkhattabychtours.com\/it\/?post_type=product&#038;p=78"},"modified":"2024-10-05T17:53:06","modified_gmt":"2024-10-05T17:53:06","slug":"nemo-island-and-sunset","status":"publish","type":"product","link":"https:\/\/www.starkhattabychtours.com\/it\/tour\/nemo-island-and-sunset","title":{"rendered":"Isola di Nemo e Tramonto"},"content":{"rendered":"<section class=\"wpb-content-wrapper\"><p>[vc_section][vc_row][vc_column width=&#8221;1\/2&#8243;][vc_column_text]<\/p>\n<p data-sourcepos=\"3:1-3:239\">L&#8217;escursione pi\u00f9 nuova all&#8217;Isola di Nemo a Hurghada \u00e8 una nuova, unica avventura per tutti gli amanti del divertimento marino attivo. La zona ricreativa di Nemo si trova a pochi chilometri da Hurghada via mare sull&#8217;isola di Big Giftun.<\/p>\n<p data-sourcepos=\"5:1-5:490\">Durante questa escursione, intraprenderai un viaggio in nave verso questa nuova destinazione. Lungo il percorso, avrai soste per lo snorkeling, il pranzo, giri su banane e tablet gonfiabili, e una crociera al tramonto, permettendoti di trascorrere l&#8217;intera giornata in pura beatitudine. All&#8217;arrivo sull&#8217;isola, potrai rilassarti sulla morbida sabbia per circa 2 ore, prendere il sole e scattare foto uniche nelle nuovissime location appositamente progettate per questo scopo dai proprietari.<\/p>\n<p data-sourcepos=\"7:1-7:146\">Ogni ospite ha l&#8217;opportunit\u00e0 di fare snorkeling e osservare la bellissima vita sottomarina durante le soste presso le barriere coralline del mare.<\/p>\n<p>[\/vc_column_text][\/vc_column][vc_column width=&#8221;1\/2&#8243;][vc_images_carousel images=&#8221;745,743,744&#8243; img_size=&#8221;full&#8221; onclick=&#8221;link_no&#8221; autoplay=&#8221;yes&#8221; wrap=&#8221;yes&#8221;][\/vc_column][\/vc_row][vc_row][vc_column][vc_column_text]<\/p>\n<p data-sourcepos=\"9:1-9:110\">Questo programma \u00e8 progettato per coloro che cercano un&#8217;esperienza pacifica e tranquilla nel mare di Hurghada.<\/p>\n<p data-sourcepos=\"11:1-11:278\">L&#8217;escursione all&#8217;Isola di Nemo \u00e8 un&#8217;avventura affascinante e informativa per tutte le et\u00e0, lasciandoti ricordi indimenticabili e una comprensione pi\u00f9 profonda della vita marina. Avrai anche la possibilit\u00e0 di assistere a un magnifico tramonto egiziano proprio nel mezzo del mare.<\/p>\n<p>[\/vc_column_text][\/vc_column][\/vc_row][vc_row][vc_column width=&#8221;1\/2&#8243;][vc_column_text]<\/p>\n<h3 data-sourcepos=\"3:1-3:28\"><strong>Cosa \u00e8 incluso nel tour:<\/strong><\/h3>\n<ul data-sourcepos=\"5:1-13:0\">\n<li data-sourcepos=\"5:1-5:205\"><strong>Trasporto:<\/strong> trasferimento dall&#8217;hotel intorno alle 10:00 AM (l&#8217;orario esatto verr\u00e0 confermato dopo la prenotazione; il viaggio fino al porto dura 10-40 minuti, a seconda della posizione del tuo hotel);<\/li>\n<li data-sourcepos=\"6:1-6:122\"><strong>Imbarco:<\/strong> imbarco sullo yacht e partenza, intorno alle 11:00-11:30 AM (dipende dal permesso della polizia turistica);<\/li>\n<li data-sourcepos=\"7:1-7:133\"><strong>Snorkeling:<\/strong> due soste per lo snorkeling presso le barriere coralline, della durata di circa un&#8217;ora ciascuna (decise sul posto);<\/li>\n<li data-sourcepos=\"8:1-8:137\"><strong>Sosta sull&#8217;isola:<\/strong> sosta sull&#8217;isola per rilassarsi e nuotare dalla riva, circa 2 ore (non \u00e8 un tempo standard per i tour di gruppo);<\/li>\n<li data-sourcepos=\"9:1-9:154\"><strong>Cibo e bevande:<\/strong> pranzo e bevande sullo yacht (varie insalate, riso, pasta, patate, nuggets, salsicce di pesce\/carne; cola, pepsi, acqua, t\u00e8, caff\u00e8);<\/li>\n<li data-sourcepos=\"10:1-10:148\"><strong>Attivit\u00e0 acquatiche:<\/strong> giri su una banana boat e una ciambella gonfiabile (un giro standard per tutti i programmi di gruppo in mare a Hurghada);<\/li>\n<li data-sourcepos=\"11:1-11:64\"><strong>Tramonto:<\/strong> ammirazione del tramonto egiziano nel Mar Rosso;<\/li>\n<li data-sourcepos=\"12:1-13:0\"><strong>Ritorno:<\/strong> ritorno in hotel intorno alle 7:00 PM (l&#8217;orario pu\u00f2 variare leggermente).<\/li>\n<\/ul>\n<p>[\/vc_column_text][\/vc_column][vc_column width=&#8221;1\/2&#8243;][vc_column_text]<\/p>\n<h3 data-sourcepos=\"5:1-5:29\"><em>Il prezzo del tour include:<\/em><\/h3>\n<ul data-sourcepos=\"7:1-12:43\">\n<li data-sourcepos=\"7:1-7:31\">Pranzo e bevande sullo yacht;<\/li>\n<li data-sourcepos=\"8:1-8:32\">Gite in banana boat e jet ski;<\/li>\n<li data-sourcepos=\"9:1-9:33\">Attrezzatura per lo snorkeling;<\/li>\n<li data-sourcepos=\"10:1-10:39\">Servizi di una guida di lingua russa;<\/li>\n<li data-sourcepos=\"11:1-11:362\">Trasporto all&#8217;interno di Hurghada (Aree: El Gouna, Sahl Hasheesh e Makadi &#8211; costo aggiuntivo di $10* per un viaggio di andata e ritorno. Aree Soma Bay e Safaga &#8211; costo aggiuntivo di $20* per un viaggio di andata e ritorno. <em>Il prezzo indicato \u00e8 per una prenotazione per un viaggio di andata e ritorno, fino a 6 persone. Il trasferimento pu\u00f2 essere di gruppo).<\/em><\/li>\n<\/ul>\n<p><strong>Bambini fino a 5 anni inclusi &#8211; Gratuito*<\/strong>[\/vc_column_text][\/vc_column][\/vc_row][vc_row][vc_column][vc_column_text]<\/p>\n<h2 data-sourcepos=\"3:1-3:28\"><strong>Informazioni aggiuntive:<\/strong><\/h2>\n<ul data-sourcepos=\"5:1-9:0\">\n<li data-sourcepos=\"5:1-5:213\"><strong>Fermate per lo snorkeling:<\/strong> A volte, pi\u00f9 fermate per lo snorkeling vengono sostituite con una fermata pi\u00f9 lunga, della durata di circa 1,5-2 ore (a seconda delle condizioni meteorologiche e di altri fattori);<\/li>\n<li data-sourcepos=\"6:1-6:248\"><strong>Importante!<\/strong> Vi preghiamo gentilmente di non salire sul ponte superiore mentre siete ancora bagnati. Si prega di asciugarsi completamente con un asciugamano prima di farlo. Questa \u00e8 una misura di sicurezza per evitare di scivolare sulle scale;<\/li>\n<li data-sourcepos=\"7:1-7:176\"><strong>Capacit\u00e0 dello yacht:<\/strong> I nostri yacht possono ospitare 20-30 persone. Sono spaziosi e ci sar\u00e0 spazio sufficiente per tutti. La capacit\u00e0 \u00e8 limitata dalla polizia turistica;<\/li>\n<li data-sourcepos=\"8:1-9:0\"><strong>Giochi gonfiabili:<\/strong> I giri sui banani o ciambelle gonfiabili potrebbero essere annullati a causa delle condizioni meteorologiche. Ci\u00f2 non influir\u00e0 sul costo complessivo del programma.<\/li>\n<\/ul>\n<p>[\/vc_column_text][\/vc_column][\/vc_row][\/vc_section][vc_section][vc_row][vc_column]<div id=\"kapee-header-26461\" class=\"kapee-element kapee-heading text-left kapee-width-100 separator-none separator-between-heading\">\t\n\t\t\t\n\t\t\t<div class=\"heading-wrap\">\n\t\t\t<span class=\"separator-left\"><\/span>\n\t\t\t<h2 class=\"heading-title\">Domande frequenti (FAQ): <\/h2>\t\t\t<span class=\"separator-right\"><\/span>\n\t\t\t\t\t<\/div>\n\t\t\n    <\/div>[vc_toggle title=&#8221;Il vostro prezzo \u00e8 cos\u00ec basso&#8230; Probabilmente state facendo un servizio di bassa qualit\u00e0?&#8221; style=&#8221;square_outline&#8221; color=&#8221;sky&#8221;]Offriamo davvero alcuni dei prezzi pi\u00f9 bassi mantenendo un alto livello di servizio. Il motivo \u00e8 che siamo una societ\u00e0 di prenotazioni online per grandi operatori turistici in Egitto, il che ci consente di offrire prezzi molto competitivi grazie al nostro ampio volume di turisti. Prenotando con noi, ricevi un servizio di alta qualit\u00e0 senza pagare eccessivamente gli intermediari.[\/vc_toggle][vc_toggle title=&#8221;Che tipo di autobus e trasferimenti avete?&#8221; style=&#8221;square_outline&#8221; color=&#8221;sky&#8221;]Una variet\u00e0 di trasporti \u00e8 disponibile per l&#8217;uso degli organizzatori dell&#8217;evento all&#8217;interno del parco, tra cui auto, minivan e comodi autobus. Tutti i veicoli sono dotati di aria condizionata e sistemi di sicurezza. Per viaggi pi\u00f9 lunghi, vengono forniti autobus con servizi igienici. Inoltre, tutti i veicoli vengono sottoposti a regolari controlli di manutenzione e sanificazione, e possiedono le necessarie autorizzazioni turistiche. Inoltre, i conducenti vengono sottoposti a ispezioni dalla polizia turistica prima di ogni lungo viaggio.[\/vc_toggle][vc_toggle title=&#8221;Come e quando pago per il tour?&#8221; style=&#8221;square_outline&#8221; color=&#8221;sky&#8221;]Lavoriamo senza pagamento anticipato. Tutti i tour di gruppo vengono pagati sull&#8217;autobus o durante il tour stesso. Le eccezioni sono i pagamenti anticipati per i tour privati e i tour che richiedono l&#8217;acquisto di biglietti aerei o l&#8217;elaborazione di documenti. I nostri programmi principali vengono pagati direttamente durante il trasferimento o all&#8217;inizio del tour. Non \u00e8 necessario cercare qualcuno per pagare il tour. Un dipendente dell&#8217;organizzatore si avviciner\u00e0 a te. Puoi pagare in contanti in dollari USA, euro o sterline egiziane. Per la tua comodit\u00e0, offriamo anche la possibilit\u00e0 di trasferire fondi su una carta bancaria in rubli, grivnie ed euro al tasso di cambio o su un portafoglio di criptovaluta in USDT, prima del tour. Per informazioni pi\u00f9 dettagliate sui metodi di pagamento e sui rimborsi, consulta qui.[\/vc_toggle][vc_toggle title=&#8221;Hai una licenza turistica?&#8221; style=&#8221;square_outline&#8221; color=&#8221;sky&#8221;]L&#8217;Egitto \u00e8 un paese altamente regolamentato, specialmente quando si tratta di turismo. Affinch\u00e9 qualsiasi veicolo o yacht possa partire per un&#8217;escursione, \u00e8 necessario ottenere permessi giornalieri sia dalla polizia che dai militari. Se gli operatori turistici non hanno una valida licenza turistica, naturalmente non gli verranno concessi questi permessi. Ecco perch\u00e9 per alcune escursioni, potremmo richiedere copie dei vostri voucher e passaporti (questo vale per le escursioni marine a Sharm El-Sheikh, i tour privati e alcuni tour di gruppo se coinvolgono l&#8217;uscita dalla citt\u00e0. Per altre escursioni, i permessi vengono semplicemente rilasciati in base al numero di persone e non sono necessari i dettagli del passaporto).[\/vc_toggle][vc_toggle title=&#8221;Siamo assicurati durante l&#8217;escursione?&#8221; style=&#8221;square_outline&#8221; color=&#8221;sky&#8221;]<\/p>\n<p data-sourcepos=\"3:1-3:250\">Sfortunatamente, alcune guide degli hotel cercano di convincere i turisti che la loro assicurazione di viaggio \u00e8 presumibilmente invalida se prenotano escursioni con operatori turistici esterni, invece della loro stessa compagnia. Questo non \u00e8 vero.<\/p>\n<p data-sourcepos=\"5:1-5:148\">Innanzitutto, la tua assicurazione di viaggio \u00e8 valida in tutto l&#8217;Egitto, proprio come lo sarebbe se prenotassi con la compagnia di tour dell&#8217;hotel.<\/p>\n<p data-sourcepos=\"7:1-7:381\">In secondo luogo, se sei su una barca, un autobus o un altro mezzo di trasporto, l&#8217;organizzatore si assume la piena responsabilit\u00e0 assicurativa nei confronti dei passeggeri. Altrimenti, semplicemente non sarebbero in grado di ottenere un permesso per condurre attivit\u00e0 turistiche. L&#8217;Egitto ha regolamenti turistici piuttosto rigidi e sono necessari permessi prima di ogni viaggio.<\/p>\n<p>[\/vc_toggle][vc_toggle title=&#8221;Come posso recuperare un oggetto perso durante un tour?&#8221; style=&#8221;square_outline&#8221; color=&#8221;sky&#8221;]Ricordiamo sempre ai nostri ospiti di controllare attentamente di avere con s\u00e9 tutti i loro effetti personali prima di uscire dall&#8217;autobus o dallo yacht alla fine del tour. Sfortunatamente, recuperare oggetti smarriti pu\u00f2 essere piuttosto difficile a causa della partenza immediata dei veicoli per la pulizia e le complessit\u00e0 della logistica egiziana. Sebbene faremo il possibile per aiutarti a ritrovare i tuoi effetti personali, non possiamo garantire un tasso di recupero del 100%. Se riusciamo a trovare il tuo oggetto, ci sar\u00e0 una tassa di consegna di $5-10. Si prega di prestare attenzione ai propri effetti personali![\/vc_toggle][vc_toggle title=&#8221;Dovrei modificare i miei piani o aspettare per il tour?&#8221; style=&#8221;square_outline&#8221; color=&#8221;sky&#8221;]Abbiamo un significativo afflusso giornaliero di richieste di prenotazione per i nostri programmi da parte dei turisti. Di conseguenza, la maggior parte delle escursioni vengono organizzate quotidianamente o in specifici giorni della settimana seguendo un programma dettagliato fornito nella descrizione di ciascun programma. Dopo la prenotazione, ti invieremo l&#8217;ora esatta del prelievo dal tuo hotel. Molti tour saranno condotti con piccoli gruppi provenienti da vari hotel che hanno acquistato escursioni attraverso gli operatori turistici. L&#8217;unica differenza \u00e8 che i nostri prezzi sono del 40-60% pi\u00f9 bassi (i nostri organizzatori conducono tutte le principali escursioni a Hurghada e Sharm El-Sheikh per turisti di lingua russa).[\/vc_toggle][vc_toggle title=&#8221;Dove posso trovare il fotografo che ha scattato le foto durante il tour?&#8221; style=&#8221;square_outline&#8221; color=&#8221;sky&#8221;]Vorremmo informarvi che i fotografi che vi accompagnano durante le escursioni agiscono come rappresentanti indipendenti dei loro studi fotografici. Non fanno parte del nostro servizio online o del team organizzatore del programma. Tutti i termini e le condizioni relativi al servizio fotografico e al suo pagamento vengono discussi e concordati direttamente tra voi e il fotografo. Consigliamo di avvicinarsi ai pagamenti anticipati con cautela e di assicurarsi l&#8217;affidabilit\u00e0 dei servizi, nonch\u00e9 di ottenere tutte le informazioni di contatto del fotografo prima di effettuare qualsiasi pagamento.[\/vc_toggle][\/vc_column][\/vc_row][\/vc_section]<\/p>\n<\/section>","protected":false},"excerpt":{"rendered":"<ul>\n<li><strong>Prezzo &#8211; Adulti (13+) <\/strong>$18<\/li>\n<li><strong>Prezzo &#8211; Bambini (6-12) <\/strong>$9<\/li>\n<li><strong>Durata stimata <\/strong>8 ore<\/li>\n<li><strong>Giorni della settimana <\/strong>Sabato<\/li>\n<\/ul>\n<p>&nbsp;<\/p>\n<ul>\n<li data-sourcepos=\"5:1-12:21\">Prenotazione in 3 minuti<\/li>\n<li data-sourcepos=\"5:1-12:21\">Nessun pagamento anticipato<\/li>\n<li data-sourcepos=\"5:1-12:21\">Trasferimento dall&#8217;hotel<\/li>\n<li data-sourcepos=\"5:1-12:21\">Assicurazione valida<\/li>\n<li data-sourcepos=\"5:1-12:21\">Guida parlante russo<\/li>\n<li data-sourcepos=\"5:1-12:21\">Nessun pagamento aggiuntivo o commissioni<\/li>\n<li data-sourcepos=\"5:1-12:21\">Foto e recensioni reali<\/li>\n<li data-sourcepos=\"5:1-12:21\">Gestore personale<\/li>\n<\/ul>\n","protected":false},"featured_media":328,"template":"","meta":[],"product_cat":[17],"product_tag":[],"class_list":{"0":"post-78","1":"product","2":"type-product","3":"status-publish","4":"has-post-thumbnail","6":"product_cat-hurghada-sea-excursions","8":"first","9":"instock","10":"shipping-taxable","11":"purchasable","12":"product-type-simple"},"_links":{"self":[{"href":"https:\/\/www.starkhattabychtours.com\/it\/wp-json\/wp\/v2\/product\/78","targetHints":{"allow":["GET"]}}],"collection":[{"href":"https:\/\/www.starkhattabychtours.com\/it\/wp-json\/wp\/v2\/product"}],"about":[{"href":"https:\/\/www.starkhattabychtours.com\/it\/wp-json\/wp\/v2\/types\/product"}],"wp:featuredmedia":[{"embeddable":true,"href":"https:\/\/www.starkhattabychtours.com\/it\/wp-json\/wp\/v2\/media\/328"}],"wp:attachment":[{"href":"https:\/\/www.starkhattabychtours.com\/it\/wp-json\/wp\/v2\/media?parent=78"}],"wp:term":[{"taxonomy":"product_cat","embeddable":true,"href":"https:\/\/www.starkhattabychtours.com\/it\/wp-json\/wp\/v2\/product_cat?post=78"},{"taxonomy":"product_tag","embeddable":true,"href":"https:\/\/www.starkhattabychtours.com\/it\/wp-json\/wp\/v2\/product_tag?post=78"}],"curies":[{"name":"wp","href":"https:\/\/api.w.org\/{rel}","templated":true}]}}