{"id":79,"date":"2024-09-04T06:38:16","date_gmt":"2024-09-04T06:38:16","guid":{"rendered":"https:\/\/www.starkhattabychtours.com\/it\/?post_type=product&#038;p=79"},"modified":"2024-10-05T17:57:07","modified_gmt":"2024-10-05T17:57:07","slug":"dolphine-bay-in-hurghada","status":"publish","type":"product","link":"https:\/\/www.starkhattabychtours.com\/it\/tour\/dolphine-bay-in-hurghada","title":{"rendered":"Baia dei Delfini a Hurghada"},"content":{"rendered":"<section class=\"wpb-content-wrapper\"><p>[vc_section][vc_row][vc_column width=&#8221;1\/2&#8243;][vc_column_text]<\/p>\n<p data-sourcepos=\"3:1-3:272\"><strong>Un&#8217;escursione marina alla Baia dei Delfini a Hurghada \u00e8 un viaggio incredibilmente emozionante e avventuroso che ti regaler\u00e0 molte impressioni indimenticabili. Potrai vedere i pi\u00f9 bei paesaggi dei fondali marini, ammirare gli incredibili coralli e i pesci da acquario.<\/strong><\/p>\n<p data-sourcepos=\"5:1-5:303\"><strong>Farai un viaggio in yacht in uno dei posti pi\u00f9 belli di Hurghada &#8211; la cosiddetta Baia dei Delfini. \u00c8 qui che puoi osservare i delfini nel loro habitat naturale. Con un&#8217;alta probabilit\u00e0, li vedrai mentre girano, nuotano e interagiscono tra loro. E se sei fortunato, potresti persino nuotare con loro.<\/strong><\/p>\n<p data-sourcepos=\"7:1-7:261\"><strong>Durante l&#8217;escursione, puoi anche goderti una nuotata nelle acque cristalline del Mar Rosso e fare snorkeling lungo le barriere coralline. Non dimenticare di portare una macchina fotografica subacquea per catturare i tuoi momenti pi\u00f9 luminosi ed emozionanti.<\/strong><\/p>\n<p>[\/vc_column_text][\/vc_column][vc_column width=&#8221;1\/2&#8243;][vc_single_image image=&#8221;751&#8243; img_size=&#8221;full&#8221;][\/vc_column][\/vc_row][vc_row][vc_column][vc_column_text]<\/p>\n<p data-sourcepos=\"9:1-9:285\"><strong>A bordo della nave, potrai gustare un delizioso pranzo e avere l&#8217;opportunit\u00e0 di scattare foto subacquee da un fotografo professionista. Questa escursione diventer\u00e0 un ricordo luminoso per tutta la vita e una meravigliosa vacanza per tutta la famiglia a un prezzo molto conveniente.<\/strong><\/p>\n<p data-sourcepos=\"11:1-11:101\"><strong>Non perdere l&#8217;occasione di visitare la Baia dei Delfini e goderti la bellezza marina di Hurghada!<\/strong><\/p>\n<p>[\/vc_column_text][\/vc_column][\/vc_row][vc_row][vc_column width=&#8221;1\/2&#8243;][vc_column_text]<\/p>\n<h3 data-sourcepos=\"3:1-3:49\"><strong>Cosa \u00e8 incluso nel programma dell&#8217;escursione:<\/strong><\/h3>\n<ul data-sourcepos=\"5:1-12:0\">\n<li data-sourcepos=\"5:1-5:204\"><strong>Trasporto:<\/strong> trasferimento dall&#8217;hotel intorno alle 8:30 AM (l&#8217;orario esatto verr\u00e0 comunicato dopo la prenotazione; il viaggio fino al porto dura 10-40 minuti, a seconda della posizione del tuo hotel);<\/li>\n<li data-sourcepos=\"6:1-6:121\"><strong>Imbarco:<\/strong> imbarco sullo yacht e partenza, intorno alle 9:30-10:00 AM (dipende dal permesso della polizia turistica);<\/li>\n<li data-sourcepos=\"7:1-7:48\"><strong>Crociera:<\/strong> crociera di una giornata intera;<\/li>\n<li data-sourcepos=\"8:1-8:133\"><strong>Snorkeling:<\/strong> due soste per lo snorkeling presso le barriere coralline, della durata di circa un&#8217;ora ciascuna (decise sul posto);<\/li>\n<li data-sourcepos=\"9:1-9:162\"><strong>Cibo e bevande:<\/strong> pranzo e bevande a bordo dello yacht (varie insalate, riso, pasta, patate, nuggets, salsicce di pesce\/carne; cola, pepsi, acqua, t\u00e8, caff\u00e8);<\/li>\n<li data-sourcepos=\"10:1-10:148\"><strong>Attivit\u00e0 acquatiche:<\/strong> giri su una banana boat e una ciambella gonfiabile (un giro standard per tutti i programmi di gruppo in mare a Hurghada);<\/li>\n<li data-sourcepos=\"11:1-12:0\"><strong>Ritorno:<\/strong> ritorno in hotel intorno alle 5:00 PM (l&#8217;orario pu\u00f2 variare leggermente).<\/li>\n<\/ul>\n<p>[\/vc_column_text][\/vc_column][vc_column width=&#8221;1\/2&#8243;][vc_column_text]<\/p>\n<h3 data-sourcepos=\"3:1-3:32\"><strong>Incluso nel prezzo del tour:<\/strong><\/h3>\n<ul data-sourcepos=\"5:1-11:0\">\n<li data-sourcepos=\"5:1-5:51\"><strong>Cibo e bevande:<\/strong> pranzo e bevande sullo yacht;<\/li>\n<li data-sourcepos=\"6:1-6:78\"><strong>Attivit\u00e0 acquatiche:<\/strong> giri su una banana boat e una ciambella gonfiabile;<\/li>\n<li data-sourcepos=\"7:1-7:51\"><strong>Attrezzatura:<\/strong> attrezzatura per lo snorkeling;<\/li>\n<li data-sourcepos=\"8:1-8:52\"><strong>Guida:<\/strong> assistenza di una guida parlante russo;<\/li>\n<li data-sourcepos=\"9:1-9:314\"><strong>Trasporto:<\/strong> servizio di trasporto a Hurghada (aree: El Gouna, Sahl Hasheesh e Makadi &#8211; supplemento di $10* andata e ritorno. Area di Soma Bay e Safaga &#8211; supplemento di $20* andata e ritorno. *Il prezzo \u00e8 indicato per una prenotazione andata e ritorno, fino a 6 persone. Il trasferimento pu\u00f2 essere condiviso).<\/li>\n<li data-sourcepos=\"10:1-11:0\"><strong>Bambini:<\/strong> bambini fino a 5 anni compresi &#8211; gratuito.<\/li>\n<\/ul>\n<p>[\/vc_column_text][\/vc_column][\/vc_row][vc_row][vc_column][vc_column_text]<\/p>\n<h2 data-sourcepos=\"3:1-3:28\"><strong>Informazioni aggiuntive:<\/strong><\/h2>\n<ul data-sourcepos=\"5:1-9:0\">\n<li data-sourcepos=\"5:1-5:158\"><strong>Avvistamento dei delfini:<\/strong> c&#8217;\u00e8 una probabilit\u00e0 di circa l&#8217;80% di vedere i delfini, a seconda delle condizioni meteorologiche e di altri fattori naturali.<\/li>\n<li data-sourcepos=\"6:1-6:202\"><strong>Importante:<\/strong> si prega di non salire sul ponte superiore bagnati. Prima di salire, si prega di asciugarsi con un asciugamano. Questo \u00e8 un requisito di sicurezza per evitare di scivolare sulle scale.<\/li>\n<li data-sourcepos=\"7:1-7:199\"><strong>Capacit\u00e0 dello yacht:<\/strong> gli yacht possono ospitare da 20 a 40 persone. Gli yacht sono spaziosi e ci sar\u00e0 spazio sufficiente per tutti. C&#8217;\u00e8 un limite di capacit\u00e0 stabilito dalla polizia turistica.<\/li>\n<li data-sourcepos=\"8:1-9:0\"><strong>Banana boat e tablet:<\/strong> i giri sulla banana boat e il tablet potrebbero essere cancellati a causa delle condizioni meteorologiche. Ci\u00f2 non influir\u00e0 sul costo del programma.<\/li>\n<\/ul>\n<p>[\/vc_column_text][\/vc_column][\/vc_row][\/vc_section][vc_section][vc_row][vc_column]<div id=\"kapee-header-43941\" class=\"kapee-element kapee-heading text-left kapee-width-100 separator-none separator-between-heading\">\t\n\t\t\t\n\t\t\t<div class=\"heading-wrap\">\n\t\t\t<span class=\"separator-left\"><\/span>\n\t\t\t<h2 class=\"heading-title\">Domande frequenti (FAQ): <\/h2>\t\t\t<span class=\"separator-right\"><\/span>\n\t\t\t\t\t<\/div>\n\t\t\n    <\/div>[vc_toggle title=&#8221;Il vostro prezzo \u00e8 cos\u00ec basso&#8230; Probabilmente state facendo un servizio di bassa qualit\u00e0?&#8221; style=&#8221;square_outline&#8221; color=&#8221;sky&#8221;]Offriamo davvero alcuni dei prezzi pi\u00f9 bassi mantenendo un alto livello di servizio. Il motivo \u00e8 che siamo una societ\u00e0 di prenotazioni online per grandi operatori turistici in Egitto, il che ci consente di offrire prezzi molto competitivi grazie al nostro ampio volume di turisti. Prenotando con noi, ricevi un servizio di alta qualit\u00e0 senza pagare eccessivamente gli intermediari.[\/vc_toggle][vc_toggle title=&#8221;Che tipo di autobus e trasferimenti avete?&#8221; style=&#8221;square_outline&#8221; color=&#8221;sky&#8221;]Una variet\u00e0 di trasporti \u00e8 disponibile per l&#8217;uso degli organizzatori dell&#8217;evento all&#8217;interno del parco, tra cui auto, minivan e comodi autobus. Tutti i veicoli sono dotati di aria condizionata e sistemi di sicurezza. Per viaggi pi\u00f9 lunghi, vengono forniti autobus con servizi igienici. Inoltre, tutti i veicoli vengono sottoposti a regolari controlli di manutenzione e sanificazione, e possiedono le necessarie autorizzazioni turistiche. Inoltre, i conducenti vengono sottoposti a ispezioni dalla polizia turistica prima di ogni lungo viaggio.[\/vc_toggle][vc_toggle title=&#8221;Come e quando pago per il tour?&#8221; style=&#8221;square_outline&#8221; color=&#8221;sky&#8221;]Lavoriamo senza pagamento anticipato. Tutti i tour di gruppo vengono pagati sull&#8217;autobus o durante il tour stesso. Le eccezioni sono i pagamenti anticipati per i tour privati e i tour che richiedono l&#8217;acquisto di biglietti aerei o l&#8217;elaborazione di documenti. I nostri programmi principali vengono pagati direttamente durante il trasferimento o all&#8217;inizio del tour. Non \u00e8 necessario cercare qualcuno per pagare il tour. Un dipendente dell&#8217;organizzatore si avviciner\u00e0 a te. Puoi pagare in contanti in dollari USA, euro o sterline egiziane. Per la tua comodit\u00e0, offriamo anche la possibilit\u00e0 di trasferire fondi su una carta bancaria in rubli, grivnie ed euro al tasso di cambio o su un portafoglio di criptovaluta in USDT, prima del tour. Per informazioni pi\u00f9 dettagliate sui metodi di pagamento e sui rimborsi, consulta qui.[\/vc_toggle][vc_toggle title=&#8221;Hai una licenza turistica?&#8221; style=&#8221;square_outline&#8221; color=&#8221;sky&#8221;]L&#8217;Egitto \u00e8 un paese altamente regolamentato, specialmente quando si tratta di turismo. Affinch\u00e9 qualsiasi veicolo o yacht possa partire per un&#8217;escursione, \u00e8 necessario ottenere permessi giornalieri sia dalla polizia che dai militari. Se gli operatori turistici non hanno una valida licenza turistica, naturalmente non gli verranno concessi questi permessi. Ecco perch\u00e9 per alcune escursioni, potremmo richiedere copie dei vostri voucher e passaporti (questo vale per le escursioni marine a Sharm El-Sheikh, i tour privati e alcuni tour di gruppo se coinvolgono l&#8217;uscita dalla citt\u00e0. Per altre escursioni, i permessi vengono semplicemente rilasciati in base al numero di persone e non sono necessari i dettagli del passaporto).[\/vc_toggle][vc_toggle title=&#8221;Siamo assicurati durante l&#8217;escursione?&#8221; style=&#8221;square_outline&#8221; color=&#8221;sky&#8221;]<\/p>\n<p data-sourcepos=\"3:1-3:250\">Sfortunatamente, alcune guide degli hotel cercano di convincere i turisti che la loro assicurazione di viaggio \u00e8 presumibilmente invalida se prenotano escursioni con operatori turistici esterni, invece della loro stessa compagnia. Questo non \u00e8 vero.<\/p>\n<p data-sourcepos=\"5:1-5:148\">Innanzitutto, la tua assicurazione di viaggio \u00e8 valida in tutto l&#8217;Egitto, proprio come lo sarebbe se prenotassi con la compagnia di tour dell&#8217;hotel.<\/p>\n<p data-sourcepos=\"7:1-7:381\">In secondo luogo, se sei su una barca, un autobus o un altro mezzo di trasporto, l&#8217;organizzatore si assume la piena responsabilit\u00e0 assicurativa nei confronti dei passeggeri. Altrimenti, semplicemente non sarebbero in grado di ottenere un permesso per condurre attivit\u00e0 turistiche. L&#8217;Egitto ha regolamenti turistici piuttosto rigidi e sono necessari permessi prima di ogni viaggio.<\/p>\n<p>[\/vc_toggle][vc_toggle title=&#8221;Come posso recuperare un oggetto perso durante un tour?&#8221; style=&#8221;square_outline&#8221; color=&#8221;sky&#8221;]Ricordiamo sempre ai nostri ospiti di controllare attentamente di avere con s\u00e9 tutti i loro effetti personali prima di uscire dall&#8217;autobus o dallo yacht alla fine del tour. Sfortunatamente, recuperare oggetti smarriti pu\u00f2 essere piuttosto difficile a causa della partenza immediata dei veicoli per la pulizia e le complessit\u00e0 della logistica egiziana. Sebbene faremo il possibile per aiutarti a ritrovare i tuoi effetti personali, non possiamo garantire un tasso di recupero del 100%. Se riusciamo a trovare il tuo oggetto, ci sar\u00e0 una tassa di consegna di $5-10. Si prega di prestare attenzione ai propri effetti personali![\/vc_toggle][vc_toggle title=&#8221;Dovrei modificare i miei piani o aspettare per il tour?&#8221; style=&#8221;square_outline&#8221; color=&#8221;sky&#8221;]Abbiamo un significativo afflusso giornaliero di richieste di prenotazione per i nostri programmi da parte dei turisti. Di conseguenza, la maggior parte delle escursioni vengono organizzate quotidianamente o in specifici giorni della settimana seguendo un programma dettagliato fornito nella descrizione di ciascun programma. Dopo la prenotazione, ti invieremo l&#8217;ora esatta del prelievo dal tuo hotel. Molti tour saranno condotti con piccoli gruppi provenienti da vari hotel che hanno acquistato escursioni attraverso gli operatori turistici. L&#8217;unica differenza \u00e8 che i nostri prezzi sono del 40-60% pi\u00f9 bassi (i nostri organizzatori conducono tutte le principali escursioni a Hurghada e Sharm El-Sheikh per turisti di lingua russa).[\/vc_toggle][vc_toggle title=&#8221;Dove posso trovare il fotografo che ha scattato le foto durante il tour?&#8221; style=&#8221;square_outline&#8221; color=&#8221;sky&#8221;]Vorremmo informarvi che i fotografi che vi accompagnano durante le escursioni agiscono come rappresentanti indipendenti dei loro studi fotografici. Non fanno parte del nostro servizio online o del team organizzatore del programma. Tutti i termini e le condizioni relativi al servizio fotografico e al suo pagamento vengono discussi e concordati direttamente tra voi e il fotografo. Consigliamo di avvicinarsi ai pagamenti anticipati con cautela e di assicurarsi l&#8217;affidabilit\u00e0 dei servizi, nonch\u00e9 di ottenere tutte le informazioni di contatto del fotografo prima di effettuare qualsiasi pagamento.[\/vc_toggle][\/vc_column][\/vc_row][\/vc_section]<\/p>\n<\/section>","protected":false},"excerpt":{"rendered":"<ul>\n<li><strong>Prezzo &#8211; Adulti (13+) <\/strong>$17<\/li>\n<li><strong>Prezzo &#8211; Bambini (6-12)\u00a0<\/strong><\/li>\n<li><strong>Durata stimata <\/strong>8 ore<\/li>\n<li><strong>Giorni della settimana <\/strong>Luned\u00ec, Mercoled\u00ec, Sabato<\/li>\n<\/ul>\n<p>&nbsp;<\/p>\n<ul>\n<li data-sourcepos=\"3:1-3:30\">Prenotazione in 3 minuti<\/li>\n<li data-sourcepos=\"4:1-4:33\">Nessun pagamento anticipato<\/li>\n<li data-sourcepos=\"5:1-5:30\">Trasferimento dall&#8217;hotel<\/li>\n<li data-sourcepos=\"6:1-6:26\">Assicurazione valida<\/li>\n<li data-sourcepos=\"7:1-7:26\">Guida parlante russo<\/li>\n<li data-sourcepos=\"8:1-8:47\">Nessun pagamento aggiuntivo o commissioni<\/li>\n<li data-sourcepos=\"9:1-9:29\">Foto e recensioni reali<\/li>\n<li data-sourcepos=\"10:1-11:0\">Gestore personale<\/li>\n<\/ul>\n","protected":false},"featured_media":330,"template":"","meta":[],"product_cat":[17],"product_tag":[],"class_list":{"0":"post-79","1":"product","2":"type-product","3":"status-publish","4":"has-post-thumbnail","6":"product_cat-hurghada-sea-excursions","8":"first","9":"instock","10":"shipping-taxable","11":"purchasable","12":"product-type-simple"},"_links":{"self":[{"href":"https:\/\/www.starkhattabychtours.com\/it\/wp-json\/wp\/v2\/product\/79","targetHints":{"allow":["GET"]}}],"collection":[{"href":"https:\/\/www.starkhattabychtours.com\/it\/wp-json\/wp\/v2\/product"}],"about":[{"href":"https:\/\/www.starkhattabychtours.com\/it\/wp-json\/wp\/v2\/types\/product"}],"wp:featuredmedia":[{"embeddable":true,"href":"https:\/\/www.starkhattabychtours.com\/it\/wp-json\/wp\/v2\/media\/330"}],"wp:attachment":[{"href":"https:\/\/www.starkhattabychtours.com\/it\/wp-json\/wp\/v2\/media?parent=79"}],"wp:term":[{"taxonomy":"product_cat","embeddable":true,"href":"https:\/\/www.starkhattabychtours.com\/it\/wp-json\/wp\/v2\/product_cat?post=79"},{"taxonomy":"product_tag","embeddable":true,"href":"https:\/\/www.starkhattabychtours.com\/it\/wp-json\/wp\/v2\/product_tag?post=79"}],"curies":[{"name":"wp","href":"https:\/\/api.w.org\/{rel}","templated":true}]}}