{"id":80,"date":"2024-09-04T06:42:48","date_gmt":"2024-09-04T06:42:48","guid":{"rendered":"https:\/\/www.starkhattabychtours.com\/it\/?post_type=product&#038;p=80"},"modified":"2024-10-05T18:05:19","modified_gmt":"2024-10-05T18:05:19","slug":"super-elgouna-by-yacht-egyption-venice","status":"publish","type":"product","link":"https:\/\/www.starkhattabychtours.com\/it\/tour\/super-elgouna-by-yacht-egyption-venice","title":{"rendered":"Super Elgouna in Yacht (Venezia Egizia)"},"content":{"rendered":"<section class=\"wpb-content-wrapper\"><p>[vc_section][vc_row][vc_column width=&#8221;1\/2&#8243;][vc_column_text]<\/p>\n<p data-sourcepos=\"3:1-3:239\">Un viaggio in yacht a El Gouna \u00e8 un viaggio unico e incredibilmente ricco di eventi da Hurghada. El Gouna \u00e8 un pezzo di paradiso artificiale, creato dagli sforzi di architetti e costruttori proprio nel deserto sulle rive del Mar Rosso.<\/p>\n<p data-sourcepos=\"3:1-3:103\">Un&#8217;escursione in yacht a El Gouna \u00e8 un viaggio indimenticabile e incredibilmente ricco da Hurghada.<\/p>\n<p data-sourcepos=\"5:1-5:368\">El Gouna \u00e8 un pezzo di paradiso artificiale, creato dagli sforzi di architetti e costruttori proprio nel deserto sulle rive del Mar Rosso. La citt\u00e0 si trova a 25 chilometri a nord di Hurghada ed \u00e8 costruita in uno stile architettonico unificato &#8211; mediterraneo con motivi orientali. Anche lo schema cromatico degli edifici qui \u00e8 sostenuto in toni sabbiosi-mostarda.<\/p>\n<p data-sourcepos=\"7:1-7:199\">Il milionario locale Sami Saviris ha realizzato il suo sogno: ha implementato un progetto di Venezia in Egitto. Sembra completamente incredibile. Ma oggi, chiunque pu\u00f2 vederlo con i propri occhi.<\/p>\n<p>[\/vc_column_text][\/vc_column][vc_column width=&#8221;1\/2&#8243;][vc_images_carousel images=&#8221;757,758,759&#8243; img_size=&#8221;full&#8221; onclick=&#8221;link_no&#8221; autoplay=&#8221;yes&#8221; wrap=&#8221;yes&#8221;][\/vc_column][\/vc_row][vc_row][vc_column][vc_column_text]<\/p>\n<p data-sourcepos=\"9:1-9:310\">El Gouna \u00e8 composta da pi\u00f9 di 20 isole. Inoltre, ci sono molte isole private con ville. Quasi tutte sono collegate alla terraferma da ponti. Alcune possono essere raggiunte solo in barca. Durante la costruzione del resort, sono stati scavati chilometri di canali, attraverso i quali scorre l&#8217;acqua di mare.<\/p>\n<p>[\/vc_column_text][\/vc_column][\/vc_row][vc_row][vc_column width=&#8221;1\/2&#8243;][vc_column_text]<\/p>\n<h3 data-sourcepos=\"3:1-3:28\"><strong>Cosa \u00e8 incluso nel tour:<\/strong><\/h3>\n<ul data-sourcepos=\"5:1-15:0\">\n<li data-sourcepos=\"5:1-5:204\"><strong>Trasporto:<\/strong> trasferimento dall&#8217;hotel intorno alle 8:00 AM (l&#8217;orario esatto verr\u00e0 confermato dopo la prenotazione; il viaggio fino al porto dura 20-60 minuti, a seconda della posizione del tuo hotel).<\/li>\n<li data-sourcepos=\"6:1-6:125\"><strong>Imbarco:<\/strong> imbarco su uno yacht o autobus vicino a El Gouna (il programma pu\u00f2 variare e iniziare dal mare o dalla citt\u00e0).<\/li>\n<li data-sourcepos=\"7:1-7:96\"><strong>Crociera:<\/strong> crociera sui canali d&#8217;acqua di El Gouna, conosciuta anche come &#8220;Venezia Egizia&#8221;.<\/li>\n<li data-sourcepos=\"8:1-8:100\"><strong>Escursione:<\/strong> breve passeggiata nella zona, inclusa una visita a un bar (bevande e gelato $2-5).<\/li>\n<li data-sourcepos=\"9:1-9:88\"><strong>Yacht e pranzo:<\/strong> trasferimento su uno yacht per un pranzo a base di pesce (buffet).<\/li>\n<li data-sourcepos=\"10:1-10:112\"><strong>Submarino:<\/strong> escursione in sottomarino lungo le barriere coralline per osservare la flora e la fauna marina.<\/li>\n<li data-sourcepos=\"11:1-11:74\"><strong>Sport acquatici:<\/strong> giri su una banana boat e una ciambella gonfiabile.<\/li>\n<li data-sourcepos=\"12:1-12:87\"><strong>Snorkeling:<\/strong> sosta in mare aperto per lo snorkeling presso una barriera corallina.<\/li>\n<li data-sourcepos=\"13:1-13:113\"><strong>Baia dei delfini:<\/strong> visita alla Baia dei Delfini, con un&#8217;alta probabilit\u00e0 di vedere queste graziose creature.<\/li>\n<li data-sourcepos=\"14:1-15:0\"><strong>Ritorno:<\/strong> ritorno al molo intorno alle 4:00 PM (l&#8217;orario pu\u00f2 variare leggermente).<\/li>\n<\/ul>\n<p data-sourcepos=\"16:1-16:125\"><strong>Si prega di notare che l&#8217;ordine delle attivit\u00e0 pu\u00f2 cambiare a seconda della decisione della guida e dei vincoli di tempo.<\/strong><\/p>\n<p>[\/vc_column_text][\/vc_column][vc_column width=&#8221;1\/2&#8243;][vc_column_text]<\/p>\n<h3 data-sourcepos=\"3:1-3:32\"><strong>Incluso nel prezzo del tour:<\/strong><\/h3>\n<ul data-sourcepos=\"5:1-10:0\">\n<li data-sourcepos=\"5:1-5:71\"><strong>Cibo e bevande:<\/strong> pranzo, bevande analcoliche e frutta sullo yacht;<\/li>\n<li data-sourcepos=\"6:1-6:106\"><strong>Attrezzatura:<\/strong> attrezzatura per lo snorkeling (maschera, pinne, boccaglio, giubbotto di salvataggio);<\/li>\n<li data-sourcepos=\"7:1-7:52\"><strong>Guida:<\/strong> assistenza di una guida parlante russo;<\/li>\n<li data-sourcepos=\"8:1-8:341\"><strong>Trasporto:<\/strong> servizio di trasporto da Hurghada al molo vicino a El Gouna (aree: El Gouna, Sahl Hasheesh e Makadi &#8211; supplemento di $10* andata e ritorno. Area di Soma Bay e Safaga &#8211; supplemento di $20* andata e ritorno. *Il prezzo \u00e8 indicato per una prenotazione andata e ritorno, fino a 6 persone. Il trasferimento pu\u00f2 essere condiviso).<\/li>\n<\/ul>\n<p><strong>Bambini: bambini fino a 5 anni compresi &#8211; gratuito.<\/strong>[\/vc_column_text][\/vc_column][\/vc_row][vc_row][vc_column][vc_column_text]<\/p>\n<h2 data-sourcepos=\"3:1-3:28\"><strong>Informazioni aggiuntive:<\/strong><\/h2>\n<ul data-sourcepos=\"5:1-9:0\">\n<li data-sourcepos=\"5:1-5:197\"><strong>Capacit\u00e0 dello yacht:<\/strong> la capacit\u00e0 dello yacht \u00e8 da 20 a 40 persone. Gli yacht sono spaziosi, ci sar\u00e0 spazio sufficiente per tutti. C&#8217;\u00e8 un limite di capacit\u00e0 stabilito dalla polizia turistica.<\/li>\n<li data-sourcepos=\"6:1-6:141\"><strong>Prenotazione:<\/strong> per prenotare un tour, clicca sull&#8217;icona del messenger che ti \u00e8 pi\u00f9 conveniente sul lato destro dello schermo e scrivici.<\/li>\n<li data-sourcepos=\"7:1-7:210\"><strong>Cosa portare:<\/strong> porta con te: un asciugamano, acqua, un costume da bagno, occhiali da sole, crema solare, un cappello, una power bank per caricare il telefono, vestiti caldi (in inverno pu\u00f2 essere ventoso).<\/li>\n<li data-sourcepos=\"8:1-9:0\"><strong>Attrezzatura:<\/strong> consigliamo di portare la tua maschera e tubo per lo snorkeling, anche se sono disponibili anche sullo yacht.<\/li>\n<\/ul>\n<p>[\/vc_column_text][\/vc_column][\/vc_row][\/vc_section][vc_section][vc_row][vc_column]<div id=\"kapee-header-69735\" class=\"kapee-element kapee-heading text-left kapee-width-100 separator-none separator-between-heading\">\t\n\t\t\t\n\t\t\t<div class=\"heading-wrap\">\n\t\t\t<span class=\"separator-left\"><\/span>\n\t\t\t<h2 class=\"heading-title\">Domande frequenti (FAQ): <\/h2>\t\t\t<span class=\"separator-right\"><\/span>\n\t\t\t\t\t<\/div>\n\t\t\n    <\/div>[vc_toggle title=&#8221;Il vostro prezzo \u00e8 cos\u00ec basso&#8230; Probabilmente state facendo un servizio di bassa qualit\u00e0?&#8221; style=&#8221;square_outline&#8221; color=&#8221;sky&#8221;]Offriamo davvero alcuni dei prezzi pi\u00f9 bassi mantenendo un alto livello di servizio. Il motivo \u00e8 che siamo una societ\u00e0 di prenotazioni online per grandi operatori turistici in Egitto, il che ci consente di offrire prezzi molto competitivi grazie al nostro ampio volume di turisti. Prenotando con noi, ricevi un servizio di alta qualit\u00e0 senza pagare eccessivamente gli intermediari.[\/vc_toggle][vc_toggle title=&#8221;Che tipo di autobus e trasferimenti avete?&#8221; style=&#8221;square_outline&#8221; color=&#8221;sky&#8221;]Una variet\u00e0 di trasporti \u00e8 disponibile per l&#8217;uso degli organizzatori dell&#8217;evento all&#8217;interno del parco, tra cui auto, minivan e comodi autobus. Tutti i veicoli sono dotati di aria condizionata e sistemi di sicurezza. Per viaggi pi\u00f9 lunghi, vengono forniti autobus con servizi igienici. Inoltre, tutti i veicoli vengono sottoposti a regolari controlli di manutenzione e sanificazione, e possiedono le necessarie autorizzazioni turistiche. Inoltre, i conducenti vengono sottoposti a ispezioni dalla polizia turistica prima di ogni lungo viaggio.[\/vc_toggle][vc_toggle title=&#8221;Come e quando pago per il tour?&#8221; style=&#8221;square_outline&#8221; color=&#8221;sky&#8221;]Lavoriamo senza pagamento anticipato. Tutti i tour di gruppo vengono pagati sull&#8217;autobus o durante il tour stesso. Le eccezioni sono i pagamenti anticipati per i tour privati e i tour che richiedono l&#8217;acquisto di biglietti aerei o l&#8217;elaborazione di documenti. I nostri programmi principali vengono pagati direttamente durante il trasferimento o all&#8217;inizio del tour. Non \u00e8 necessario cercare qualcuno per pagare il tour. Un dipendente dell&#8217;organizzatore si avviciner\u00e0 a te. Puoi pagare in contanti in dollari USA, euro o sterline egiziane. Per la tua comodit\u00e0, offriamo anche la possibilit\u00e0 di trasferire fondi su una carta bancaria in rubli, grivnie ed euro al tasso di cambio o su un portafoglio di criptovaluta in USDT, prima del tour. Per informazioni pi\u00f9 dettagliate sui metodi di pagamento e sui rimborsi, consulta qui.[\/vc_toggle][vc_toggle title=&#8221;Hai una licenza turistica?&#8221; style=&#8221;square_outline&#8221; color=&#8221;sky&#8221;]L&#8217;Egitto \u00e8 un paese altamente regolamentato, specialmente quando si tratta di turismo. Affinch\u00e9 qualsiasi veicolo o yacht possa partire per un&#8217;escursione, \u00e8 necessario ottenere permessi giornalieri sia dalla polizia che dai militari. Se gli operatori turistici non hanno una valida licenza turistica, naturalmente non gli verranno concessi questi permessi. Ecco perch\u00e9 per alcune escursioni, potremmo richiedere copie dei vostri voucher e passaporti (questo vale per le escursioni marine a Sharm El-Sheikh, i tour privati e alcuni tour di gruppo se coinvolgono l&#8217;uscita dalla citt\u00e0. Per altre escursioni, i permessi vengono semplicemente rilasciati in base al numero di persone e non sono necessari i dettagli del passaporto).[\/vc_toggle][vc_toggle title=&#8221;Siamo assicurati durante l&#8217;escursione?&#8221; style=&#8221;square_outline&#8221; color=&#8221;sky&#8221;]<\/p>\n<p data-sourcepos=\"3:1-3:250\">Sfortunatamente, alcune guide degli hotel cercano di convincere i turisti che la loro assicurazione di viaggio \u00e8 presumibilmente invalida se prenotano escursioni con operatori turistici esterni, invece della loro stessa compagnia. Questo non \u00e8 vero.<\/p>\n<p data-sourcepos=\"5:1-5:148\">Innanzitutto, la tua assicurazione di viaggio \u00e8 valida in tutto l&#8217;Egitto, proprio come lo sarebbe se prenotassi con la compagnia di tour dell&#8217;hotel.<\/p>\n<p data-sourcepos=\"7:1-7:381\">In secondo luogo, se sei su una barca, un autobus o un altro mezzo di trasporto, l&#8217;organizzatore si assume la piena responsabilit\u00e0 assicurativa nei confronti dei passeggeri. Altrimenti, semplicemente non sarebbero in grado di ottenere un permesso per condurre attivit\u00e0 turistiche. L&#8217;Egitto ha regolamenti turistici piuttosto rigidi e sono necessari permessi prima di ogni viaggio.<\/p>\n<p>[\/vc_toggle][vc_toggle title=&#8221;Come posso recuperare un oggetto perso durante un tour?&#8221; style=&#8221;square_outline&#8221; color=&#8221;sky&#8221;]Ricordiamo sempre ai nostri ospiti di controllare attentamente di avere con s\u00e9 tutti i loro effetti personali prima di uscire dall&#8217;autobus o dallo yacht alla fine del tour. Sfortunatamente, recuperare oggetti smarriti pu\u00f2 essere piuttosto difficile a causa della partenza immediata dei veicoli per la pulizia e le complessit\u00e0 della logistica egiziana. Sebbene faremo il possibile per aiutarti a ritrovare i tuoi effetti personali, non possiamo garantire un tasso di recupero del 100%. Se riusciamo a trovare il tuo oggetto, ci sar\u00e0 una tassa di consegna di $5-10. Si prega di prestare attenzione ai propri effetti personali![\/vc_toggle][vc_toggle title=&#8221;Dovrei modificare i miei piani o aspettare per il tour?&#8221; style=&#8221;square_outline&#8221; color=&#8221;sky&#8221;]Abbiamo un significativo afflusso giornaliero di richieste di prenotazione per i nostri programmi da parte dei turisti. Di conseguenza, la maggior parte delle escursioni vengono organizzate quotidianamente o in specifici giorni della settimana seguendo un programma dettagliato fornito nella descrizione di ciascun programma. Dopo la prenotazione, ti invieremo l&#8217;ora esatta del prelievo dal tuo hotel. Molti tour saranno condotti con piccoli gruppi provenienti da vari hotel che hanno acquistato escursioni attraverso gli operatori turistici. L&#8217;unica differenza \u00e8 che i nostri prezzi sono del 40-60% pi\u00f9 bassi (i nostri organizzatori conducono tutte le principali escursioni a Hurghada e Sharm El-Sheikh per turisti di lingua russa).[\/vc_toggle][vc_toggle title=&#8221;Dove posso trovare il fotografo che ha scattato le foto durante il tour?&#8221; style=&#8221;square_outline&#8221; color=&#8221;sky&#8221;]Vorremmo informarvi che i fotografi che vi accompagnano durante le escursioni agiscono come rappresentanti indipendenti dei loro studi fotografici. Non fanno parte del nostro servizio online o del team organizzatore del programma. Tutti i termini e le condizioni relativi al servizio fotografico e al suo pagamento vengono discussi e concordati direttamente tra voi e il fotografo. Consigliamo di avvicinarsi ai pagamenti anticipati con cautela e di assicurarsi l&#8217;affidabilit\u00e0 dei servizi, nonch\u00e9 di ottenere tutte le informazioni di contatto del fotografo prima di effettuare qualsiasi pagamento.[\/vc_toggle][\/vc_column][\/vc_row][\/vc_section]<\/p>\n<\/section>","protected":false},"excerpt":{"rendered":"<ul>\n<li><strong>Prezzo &#8211; Adulti (13+) <\/strong>$36<\/li>\n<li><strong>Prezzo &#8211; Bambini (6-12) <\/strong>$18<\/li>\n<li><strong>Durata stimata <\/strong>8 ore<\/li>\n<li><strong>Giorni della settimana <\/strong>Quotidiano<\/li>\n<\/ul>\n<p>&nbsp;<\/p>\n<ul>\n<li>Prenotazione in 3 minuti<\/li>\n<li>Nessun pagamento anticipato<\/li>\n<li>Trasferimento dall&#8217;hotel<\/li>\n<li>Assicurazione valida<\/li>\n<li>Guida parlante russo<\/li>\n<li>Nessun pagamento aggiuntivo o commissioni<\/li>\n<li>Foto e recensioni reali<\/li>\n<li>Gestore personale<\/li>\n<\/ul>\n","protected":false},"featured_media":332,"template":"","meta":[],"product_cat":[17],"product_tag":[],"class_list":{"0":"post-80","1":"product","2":"type-product","3":"status-publish","4":"has-post-thumbnail","6":"product_cat-hurghada-sea-excursions","8":"first","9":"instock","10":"shipping-taxable","11":"purchasable","12":"product-type-simple"},"_links":{"self":[{"href":"https:\/\/www.starkhattabychtours.com\/it\/wp-json\/wp\/v2\/product\/80","targetHints":{"allow":["GET"]}}],"collection":[{"href":"https:\/\/www.starkhattabychtours.com\/it\/wp-json\/wp\/v2\/product"}],"about":[{"href":"https:\/\/www.starkhattabychtours.com\/it\/wp-json\/wp\/v2\/types\/product"}],"wp:featuredmedia":[{"embeddable":true,"href":"https:\/\/www.starkhattabychtours.com\/it\/wp-json\/wp\/v2\/media\/332"}],"wp:attachment":[{"href":"https:\/\/www.starkhattabychtours.com\/it\/wp-json\/wp\/v2\/media?parent=80"}],"wp:term":[{"taxonomy":"product_cat","embeddable":true,"href":"https:\/\/www.starkhattabychtours.com\/it\/wp-json\/wp\/v2\/product_cat?post=80"},{"taxonomy":"product_tag","embeddable":true,"href":"https:\/\/www.starkhattabychtours.com\/it\/wp-json\/wp\/v2\/product_tag?post=80"}],"curies":[{"name":"wp","href":"https:\/\/api.w.org\/{rel}","templated":true}]}}