{"id":81,"date":"2024-09-04T06:48:51","date_gmt":"2024-09-04T06:48:51","guid":{"rendered":"https:\/\/www.starkhattabychtours.com\/it\/?post_type=product&#038;p=81"},"modified":"2024-10-05T18:12:44","modified_gmt":"2024-10-05T18:12:44","slug":"bathyscaphe-snorkling-parachute-behind-the-boat","status":"publish","type":"product","link":"https:\/\/www.starkhattabychtours.com\/it\/tour\/bathyscaphe-snorkling-parachute-behind-the-boat","title":{"rendered":"Battiscafo + Paracadute per snorkeling dietro la barca"},"content":{"rendered":"<section class=\"wpb-content-wrapper\"><p>[vc_section][vc_row][vc_column width=&#8221;1\/2&#8243;][vc_column_text]<\/p>\n<div class=\"presented-response-container ng-tns-c1254682528-400\">\n<div class=\"response-container-content ng-tns-c1254682528-400 tunable-selection-with-avatar\">\n<div class=\"response-content ng-tns-c1254682528-400\">\n<div class=\"markdown markdown-main-panel\" dir=\"ltr\">\n<p data-sourcepos=\"3:1-3:369\">L&#8217;escursione Submarino + Snorkeling + Paracadute \u00e8 un viaggio emozionante e ricco di azione, della durata di diverse ore, sia al mattino che al pomeriggio, dove puoi goderti la bellezza sia del mondo sottomarino che sopra l&#8217;acqua! Dopo attivit\u00e0 cos\u00ec emozionanti, \u00e8 fantastico fare un buon pasto &#8211; il nostro trasferimento ti riporter\u00e0 al tuo hotel per pranzo o cena!<\/p>\n<p data-sourcepos=\"5:1-5:120\">Questo programma non \u00e8 solo emozionante ma anche pi\u00f9 conveniente rispetto a prenotare queste attivit\u00e0 separatamente!<\/p>\n<p data-sourcepos=\"7:1-7:317\">Il sottomarino \u00e8 una barca semi-sommergibile a Hurghada. Una delle escursioni marine pi\u00f9 insolite. I portelli panoramici si trovano a una profondit\u00e0 di circa 3 metri, quindi puoi vedere tutto ci\u00f2 che i subacquei amano del Mar Rosso. E uno di loro dar\u00e0 da mangiare ai pesci proprio davanti ai tuoi obl\u00f2 panoramici.<\/p>\n<p data-sourcepos=\"9:1-9:229\">Lo snorkeling dallo yacht sottomarino \u00e8 una nuotata emozionante di 40 minuti in mare aperto su una barriera corallina per vedere la vita marina a distanza di un braccio (attrezzatura: pinne e maschere sono fornite sul posto).<\/p>\n<p data-sourcepos=\"11:1-11:108\">\n<\/div>\n<div class=\"skeleton-loader-container\"><\/div>\n<div class=\"response-footer gap complete\"><\/div>\n<\/div>\n<\/div>\n<\/div>\n<div class=\"response-container-footer ng-tns-c1254682528-400\">\n<div class=\"actions-container-v2 ng-star-inserted\">\n<div class=\"buttons-container-v2 ng-star-inserted\">\n<div class=\"thumbs-up-animation-container\" hidden=\"\"><\/div>\n<div class=\"thumbs-down-animation-container\" hidden=\"\"><\/div>\n<div class=\"menu-button-wrapper ng-star-inserted\"><\/div>\n<div class=\"menu-button-wrapper ng-star-inserted\">\n<div class=\"more-menu-button-container ng-star-inserted\"><\/div>\n<\/div>\n<div class=\"spacer ng-star-inserted\"><\/div>\n<\/div>\n<\/div>\n<\/div>\n<p>[\/vc_column_text][\/vc_column][vc_column width=&#8221;1\/2&#8243;][vc_images_carousel images=&#8221;760,761&#8243; img_size=&#8221;full&#8221; onclick=&#8221;link_no&#8221; autoplay=&#8221;yes&#8221; wrap=&#8221;yes&#8221;][\/vc_column][\/vc_row][vc_row][vc_column][vc_column_text]<\/p>\n<h4>Un volo in paracadute ti dar\u00e0 un&#8217;adrenalina e ti permetter\u00e0 di vedere la bellezza di Hurghada dall&#8217;alto.<\/h4>\n<p>[\/vc_column_text][\/vc_column][\/vc_row][vc_row][vc_column width=&#8221;1\/2&#8243;][vc_column_text]<\/p>\n<h3 data-sourcepos=\"3:1-3:28\"><strong>Cosa \u00e8 incluso nel tour:<\/strong><\/h3>\n<ul data-sourcepos=\"5:1-13:0\">\n<li data-sourcepos=\"5:1-5:269\"><strong>Trasporto:<\/strong> trasferimento dall&#8217;hotel intorno alle 10:30 AM o alle 1:30 PM (la scelta \u00e8 tua, l&#8217;orario esatto verr\u00e0 comunicato dopo la prenotazione; il viaggio fino al porto dura 15-40 minuti, a seconda della posizione del tuo hotel e del prelievo di altri turisti);<\/li>\n<li data-sourcepos=\"6:1-6:112\"><strong>Arrivo:<\/strong> arrivo al marina: imbarco sul sottomarino e partenza verso le barriere coralline, circa 20 minuti;<\/li>\n<li data-sourcepos=\"7:1-7:131\"><strong>Discesa:<\/strong> discesa al ponte inferiore: inizio del viaggio sottomarino (la barca NON si immerge sott&#8217;acqua), circa 40-60 minuti;<\/li>\n<li data-sourcepos=\"8:1-8:114\"><strong>Salita:<\/strong> salita al ponte superiore: durante il viaggio verso il luogo di snorkeling e nuoto, circa 10 minuti;<\/li>\n<li data-sourcepos=\"9:1-9:101\"><strong>Snorkeling:<\/strong> snorkeling nel mare sulla barriera corallina con maschera e pinne, circa 40 minuti;<\/li>\n<li data-sourcepos=\"10:1-10:113\"><strong>Ritorno:<\/strong> ritorno al marina: trasferimento su una barca per una gita in mare (\u00e8 possibile una breve attesa);<\/li>\n<li data-sourcepos=\"11:1-11:103\"><strong>Briefing e paracadutismo:<\/strong> briefing e paracadutismo per vedere la regione del Mar Rosso dall&#8217;alto;<\/li>\n<li data-sourcepos=\"12:1-13:0\"><strong>Ritorno in hotel:<\/strong> trasferimento di ritorno in hotel intorno alle 3:00 PM (pu\u00f2 variare).<\/li>\n<\/ul>\n<p data-sourcepos=\"14:1-14:193\"><strong>Si prega di notare:<\/strong> l&#8217;ordine e la durata totale del programma possono variare, a seconda dell&#8217;orario di partenza e di altri fattori (generalmente dopo pranzo, il paracadutismo viene prima).<\/p>\n<p>[\/vc_column_text][\/vc_column][vc_column width=&#8221;1\/2&#8243;][vc_column_text]<\/p>\n<h3 data-sourcepos=\"3:1-3:32\"><strong>Incluso nel prezzo del tour:<\/strong><\/h3>\n<ul data-sourcepos=\"5:1-10:0\">\n<li data-sourcepos=\"5:1-5:95\"><strong>Guida:<\/strong> assistenza di una guida parlante russo per incontrarti e accompagnarti sulla nave;<\/li>\n<li data-sourcepos=\"6:1-6:129\"><strong>Attrezzatura:<\/strong> attrezzatura per lo snorkeling (pinne e maschera con boccaglio, ma consigliamo sempre di portare la propria);<\/li>\n<li data-sourcepos=\"7:1-7:43\"><strong>Bevande:<\/strong> bevande analcoliche a bordo;<\/li>\n<li data-sourcepos=\"8:1-8:50\"><strong>Attivit\u00e0:<\/strong> gita in batiscafo e paracadutismo;<\/li>\n<li data-sourcepos=\"9:1-10:0\"><strong>Trasporto:<\/strong> servizio di trasporto a Hurghada (aree: El Gouna, Sahl Hasheesh e Makadi &#8211; supplemento di $10* andata e ritorno. Area di Soma Bay e Safaga &#8211; supplemento di $20* andata e ritorno. *Il prezzo \u00e8 indicato per una prenotazione andata e ritorno, fino a 6 persone. Il trasferimento pu\u00f2 essere condiviso).<\/li>\n<\/ul>\n<h3 data-sourcepos=\"11:1-11:36\"><strong>Non Incluso nel prezzo del tour:<\/strong><\/h3>\n<ul data-sourcepos=\"13:1-14:0\">\n<li data-sourcepos=\"13:1-14:0\"><strong>Bevande:<\/strong> t\u00e8, caff\u00e8 e altri prodotti a bordo (da $2-3 per bevanda o snack).<\/li>\n<\/ul>\n<h3 data-sourcepos=\"15:1-15:28\"><strong>Informazioni aggiuntive:<\/strong><\/h3>\n<ul data-sourcepos=\"17:1-18:0\">\n<li data-sourcepos=\"17:1-18:0\"><strong>Bambini:<\/strong> i bambini fino a 5 anni compresi &#8211; Batiscafo gratuito; Paracadutismo &#8211; supplemento di $5.<\/li>\n<\/ul>\n<p>[\/vc_column_text][\/vc_column][\/vc_row][vc_row][vc_column][vc_column_text]<\/p>\n<h2 data-sourcepos=\"3:1-3:28\"><strong>Informazioni aggiuntive:<\/strong><\/h2>\n<ul data-sourcepos=\"5:1-11:0\">\n<li data-sourcepos=\"5:1-5:160\"><strong>Paracadutismo:<\/strong> il peso combinato dei passeggeri per il paracadutismo non dovrebbe superare i 150 kg. Se il peso \u00e8 superiore, verranno effettuati due voli;<\/li>\n<li data-sourcepos=\"6:1-6:252\"><strong>Non-Paracadutismo:<\/strong> se una delle persone della prenotazione non vola con un paracadute (deve essere prenotato in anticipo) ma accompagna il gruppo in barca, il costo del programma sar\u00e0 di $13, bambini sotto i 12 anni $8, bambini sotto i 5 anni $3;<\/li>\n<li data-sourcepos=\"7:1-7:126\"><strong>Annullamento:<\/strong> se rifiuti di fare paracadutismo il giorno del viaggio, il costo iniziale della prenotazione non cambier\u00e0;<\/li>\n<li data-sourcepos=\"8:1-8:95\"><strong>Tempo di attesa:<\/strong> potrebbe esserci una breve attesa tra il sottomarino e il paracadutismo;<\/li>\n<li data-sourcepos=\"9:1-9:780\"><strong>Sottomarini:<\/strong> Hurghada ha due grandi e confortevoli sottomarini con cabine spaziose. Uno ha un ponte superiore aperto al secondo piano, oltre a una cabina coperta e un ponte inferiore per osservare il mondo marino. Si nuota dalla nave. L&#8217;altro non ha un ponte aperto (solo uno chiuso) ma porta i passeggeri su una piattaforma speciale in mare per nuotare. Entrambe le navi sono aggiornate e molto pi\u00f9 interessanti dei sottomarini gialli offerti dagli operatori turistici a prezzi gonfiati. Inoltre, non hanno una cabina chiusa per il riposo. Le foto dettagliate di entrambi i sottomarini possono essere trovate nel programma principale qui (non c&#8217;\u00e8 scelta di nave; la distribuzione dei turisti avviene in loco e dipende dai posti disponibili o da un programma in evoluzione);<\/li>\n<li data-sourcepos=\"10:1-11:0\"><strong>Siti di immersione:<\/strong> tutti i sottomarini di Hurghada vanno negli stessi luoghi specifici designati dal governo, non lontano dal marina centrale. Pertanto, le barriere coralline non sono le pi\u00f9 belle e vivaci di questa zona, ma molti turisti sono comunque entusiasti dell&#8217;esperienza, specialmente i bambini. A seconda delle condizioni meteorologiche, ci potrebbero essere pi\u00f9 o meno abitanti marini.<\/li>\n<\/ul>\n<p>[\/vc_column_text][\/vc_column][\/vc_row][\/vc_section][vc_section][vc_row][vc_column]<div id=\"kapee-header-14621\" class=\"kapee-element kapee-heading text-left kapee-width-100 separator-none separator-between-heading\">\t\n\t\t\t\n\t\t\t<div class=\"heading-wrap\">\n\t\t\t<span class=\"separator-left\"><\/span>\n\t\t\t<h2 class=\"heading-title\">Domande frequenti (FAQ): <\/h2>\t\t\t<span class=\"separator-right\"><\/span>\n\t\t\t\t\t<\/div>\n\t\t\n    <\/div>[vc_toggle title=&#8221;Il vostro prezzo \u00e8 cos\u00ec basso&#8230; Probabilmente state facendo un servizio di bassa qualit\u00e0?&#8221; style=&#8221;square_outline&#8221; color=&#8221;sky&#8221;]Offriamo davvero alcuni dei prezzi pi\u00f9 bassi mantenendo un alto livello di servizio. Il motivo \u00e8 che siamo una societ\u00e0 di prenotazioni online per grandi operatori turistici in Egitto, il che ci consente di offrire prezzi molto competitivi grazie al nostro ampio volume di turisti. Prenotando con noi, ricevi un servizio di alta qualit\u00e0 senza pagare eccessivamente gli intermediari.[\/vc_toggle][vc_toggle title=&#8221;Che tipo di autobus e trasferimenti avete?&#8221; style=&#8221;square_outline&#8221; color=&#8221;sky&#8221;]Una variet\u00e0 di trasporti \u00e8 disponibile per l&#8217;uso degli organizzatori dell&#8217;evento all&#8217;interno del parco, tra cui auto, minivan e comodi autobus. Tutti i veicoli sono dotati di aria condizionata e sistemi di sicurezza. Per viaggi pi\u00f9 lunghi, vengono forniti autobus con servizi igienici. Inoltre, tutti i veicoli vengono sottoposti a regolari controlli di manutenzione e sanificazione, e possiedono le necessarie autorizzazioni turistiche. Inoltre, i conducenti vengono sottoposti a ispezioni dalla polizia turistica prima di ogni lungo viaggio.[\/vc_toggle][vc_toggle title=&#8221;Come e quando pago per il tour?&#8221; style=&#8221;square_outline&#8221; color=&#8221;sky&#8221;]Lavoriamo senza pagamento anticipato. Tutti i tour di gruppo vengono pagati sull&#8217;autobus o durante il tour stesso. Le eccezioni sono i pagamenti anticipati per i tour privati e i tour che richiedono l&#8217;acquisto di biglietti aerei o l&#8217;elaborazione di documenti. I nostri programmi principali vengono pagati direttamente durante il trasferimento o all&#8217;inizio del tour. Non \u00e8 necessario cercare qualcuno per pagare il tour. Un dipendente dell&#8217;organizzatore si avviciner\u00e0 a te. Puoi pagare in contanti in dollari USA, euro o sterline egiziane. Per la tua comodit\u00e0, offriamo anche la possibilit\u00e0 di trasferire fondi su una carta bancaria in rubli, grivnie ed euro al tasso di cambio o su un portafoglio di criptovaluta in USDT, prima del tour. Per informazioni pi\u00f9 dettagliate sui metodi di pagamento e sui rimborsi, consulta qui.[\/vc_toggle][vc_toggle title=&#8221;Hai una licenza turistica?&#8221; style=&#8221;square_outline&#8221; color=&#8221;sky&#8221;]L&#8217;Egitto \u00e8 un paese altamente regolamentato, specialmente quando si tratta di turismo. Affinch\u00e9 qualsiasi veicolo o yacht possa partire per un&#8217;escursione, \u00e8 necessario ottenere permessi giornalieri sia dalla polizia che dai militari. Se gli operatori turistici non hanno una valida licenza turistica, naturalmente non gli verranno concessi questi permessi. Ecco perch\u00e9 per alcune escursioni, potremmo richiedere copie dei vostri voucher e passaporti (questo vale per le escursioni marine a Sharm El-Sheikh, i tour privati e alcuni tour di gruppo se coinvolgono l&#8217;uscita dalla citt\u00e0. Per altre escursioni, i permessi vengono semplicemente rilasciati in base al numero di persone e non sono necessari i dettagli del passaporto).[\/vc_toggle][vc_toggle title=&#8221;Siamo assicurati durante l&#8217;escursione?&#8221; style=&#8221;square_outline&#8221; color=&#8221;sky&#8221;]<\/p>\n<p data-sourcepos=\"3:1-3:250\">Sfortunatamente, alcune guide degli hotel cercano di convincere i turisti che la loro assicurazione di viaggio \u00e8 presumibilmente invalida se prenotano escursioni con operatori turistici esterni, invece della loro stessa compagnia. Questo non \u00e8 vero.<\/p>\n<p data-sourcepos=\"5:1-5:148\">Innanzitutto, la tua assicurazione di viaggio \u00e8 valida in tutto l&#8217;Egitto, proprio come lo sarebbe se prenotassi con la compagnia di tour dell&#8217;hotel.<\/p>\n<p data-sourcepos=\"7:1-7:381\">In secondo luogo, se sei su una barca, un autobus o un altro mezzo di trasporto, l&#8217;organizzatore si assume la piena responsabilit\u00e0 assicurativa nei confronti dei passeggeri. Altrimenti, semplicemente non sarebbero in grado di ottenere un permesso per condurre attivit\u00e0 turistiche. L&#8217;Egitto ha regolamenti turistici piuttosto rigidi e sono necessari permessi prima di ogni viaggio.<\/p>\n<p>[\/vc_toggle][vc_toggle title=&#8221;Come posso recuperare un oggetto perso durante un tour?&#8221; style=&#8221;square_outline&#8221; color=&#8221;sky&#8221;]Ricordiamo sempre ai nostri ospiti di controllare attentamente di avere con s\u00e9 tutti i loro effetti personali prima di uscire dall&#8217;autobus o dallo yacht alla fine del tour. Sfortunatamente, recuperare oggetti smarriti pu\u00f2 essere piuttosto difficile a causa della partenza immediata dei veicoli per la pulizia e le complessit\u00e0 della logistica egiziana. Sebbene faremo il possibile per aiutarti a ritrovare i tuoi effetti personali, non possiamo garantire un tasso di recupero del 100%. Se riusciamo a trovare il tuo oggetto, ci sar\u00e0 una tassa di consegna di $5-10. Si prega di prestare attenzione ai propri effetti personali![\/vc_toggle][vc_toggle title=&#8221;Dovrei modificare i miei piani o aspettare per il tour?&#8221; style=&#8221;square_outline&#8221; color=&#8221;sky&#8221;]Abbiamo un significativo afflusso giornaliero di richieste di prenotazione per i nostri programmi da parte dei turisti. Di conseguenza, la maggior parte delle escursioni vengono organizzate quotidianamente o in specifici giorni della settimana seguendo un programma dettagliato fornito nella descrizione di ciascun programma. Dopo la prenotazione, ti invieremo l&#8217;ora esatta del prelievo dal tuo hotel. Molti tour saranno condotti con piccoli gruppi provenienti da vari hotel che hanno acquistato escursioni attraverso gli operatori turistici. L&#8217;unica differenza \u00e8 che i nostri prezzi sono del 40-60% pi\u00f9 bassi (i nostri organizzatori conducono tutte le principali escursioni a Hurghada e Sharm El-Sheikh per turisti di lingua russa).[\/vc_toggle][vc_toggle title=&#8221;Dove posso trovare il fotografo che ha scattato le foto durante il tour?&#8221; style=&#8221;square_outline&#8221; color=&#8221;sky&#8221;]Vorremmo informarvi che i fotografi che vi accompagnano durante le escursioni agiscono come rappresentanti indipendenti dei loro studi fotografici. Non fanno parte del nostro servizio online o del team organizzatore del programma. Tutti i termini e le condizioni relativi al servizio fotografico e al suo pagamento vengono discussi e concordati direttamente tra voi e il fotografo. Consigliamo di avvicinarsi ai pagamenti anticipati con cautela e di assicurarsi l&#8217;affidabilit\u00e0 dei servizi, nonch\u00e9 di ottenere tutte le informazioni di contatto del fotografo prima di effettuare qualsiasi pagamento.[\/vc_toggle][\/vc_column][\/vc_row][\/vc_section]<\/p>\n<\/section>","protected":false},"excerpt":{"rendered":"<ul>\n<li><strong>Prezzo &#8211; Adulti (13 anni e pi\u00f9) <\/strong>$20<\/li>\n<li><strong>Prezzo &#8211; Bambini (6-12 anni) <\/strong>$12<\/li>\n<li><strong>Durata stimata <\/strong>4 ore<\/li>\n<li><strong>Giorni della settimana <\/strong>Quotidiano<\/li>\n<\/ul>\n<p>&nbsp;<\/p>\n<ul>\n<li data-sourcepos=\"3:1-3:30\">Prenotazione in 3 minuti<\/li>\n<li data-sourcepos=\"4:1-4:16\">Foto reali<\/li>\n<li data-sourcepos=\"5:1-5:33\">Nessun pagamento anticipato<\/li>\n<li data-sourcepos=\"6:1-6:30\">Trasferimento dall&#8217;hotel<\/li>\n<li data-sourcepos=\"7:1-7:11\">Guida<\/li>\n<li data-sourcepos=\"8:1-8:26\">Assicurazione valida<\/li>\n<li data-sourcepos=\"9:1-9:47\">Nessun pagamento aggiuntivo o commissioni<\/li>\n<li data-sourcepos=\"10:1-11:0\">Gestore personale<\/li>\n<\/ul>\n","protected":false},"featured_media":333,"template":"","meta":[],"product_cat":[17],"product_tag":[],"class_list":{"0":"post-81","1":"product","2":"type-product","3":"status-publish","4":"has-post-thumbnail","6":"product_cat-hurghada-sea-excursions","8":"first","9":"instock","10":"shipping-taxable","11":"purchasable","12":"product-type-simple"},"_links":{"self":[{"href":"https:\/\/www.starkhattabychtours.com\/it\/wp-json\/wp\/v2\/product\/81","targetHints":{"allow":["GET"]}}],"collection":[{"href":"https:\/\/www.starkhattabychtours.com\/it\/wp-json\/wp\/v2\/product"}],"about":[{"href":"https:\/\/www.starkhattabychtours.com\/it\/wp-json\/wp\/v2\/types\/product"}],"wp:featuredmedia":[{"embeddable":true,"href":"https:\/\/www.starkhattabychtours.com\/it\/wp-json\/wp\/v2\/media\/333"}],"wp:attachment":[{"href":"https:\/\/www.starkhattabychtours.com\/it\/wp-json\/wp\/v2\/media?parent=81"}],"wp:term":[{"taxonomy":"product_cat","embeddable":true,"href":"https:\/\/www.starkhattabychtours.com\/it\/wp-json\/wp\/v2\/product_cat?post=81"},{"taxonomy":"product_tag","embeddable":true,"href":"https:\/\/www.starkhattabychtours.com\/it\/wp-json\/wp\/v2\/product_tag?post=81"}],"curies":[{"name":"wp","href":"https:\/\/api.w.org\/{rel}","templated":true}]}}