{"id":815,"date":"2024-10-03T11:17:08","date_gmt":"2024-10-03T11:17:08","guid":{"rendered":"https:\/\/www.starkhattabychtours.com\/it\/?post_type=product&#038;p=815"},"modified":"2024-10-06T10:09:39","modified_gmt":"2024-10-06T10:09:39","slug":"jungle-aqua-park","status":"publish","type":"product","link":"https:\/\/www.starkhattabychtours.com\/it\/tour\/jungle-aqua-park","title":{"rendered":"Jungle Aqua Park"},"content":{"rendered":"<section class=\"wpb-content-wrapper\"><p>[vc_section][vc_row][vc_column width=&#8221;1\/2&#8243;][vc_column_text]<\/p>\n<p data-sourcepos=\"5:1-5:179\">Vorremmo informarti che il parco acquatico Jungle by Neverland ha modificato le sue regole. I biglietti possono ora essere acquistati solo direttamente presso il parco acquatico.<\/p>\n<p data-sourcepos=\"7:1-9:228\">Esiste la possibilit\u00e0 di visitare Makadi Water World nell&#8217;area di Makadi Bay per $30 a persona. Jungle by Neverland water park ad Hurghada si trova sul territorio del relativamente nuovo hotel Albatros Jungle Aqua Park. \u00c8 stato aperto nel 2009. Il 9 dicembre 2022, \u00e8 stato messo in funzione un nuovo complesso aggiuntivo di NeverLand City sul territorio. Attualmente, il complesso \u00e8 il pi\u00f9 grande in Egitto e in tutto il Medio Oriente. Su una superficie di quasi 3200 metri quadrati, ci sono 103 attrazioni acquatiche: 51 per adulti e 53 per bambini. C&#8217;\u00e8 un fiume lento lungo 1000 metri e scivoli d&#8217;acqua per bambini progettati secondo gli standard internazionali.<\/p>\n<p data-sourcepos=\"11:1-11:96\">L&#8217;acqua nelle piscine \u00e8 riscaldata, quindi anche in inverno non far\u00e0 freddo nel parco acquatico.<\/p>\n<p data-sourcepos=\"13:1-13:222\">L&#8217;hotel si trova a 15 km da Hurghada. Sul territorio ci sono molte piscine che formano un serpente d&#8217;acqua. Dalle rocce decorative si possono sentire le cascate. C&#8217;\u00e8 un lago artificiale. E anche un parco di corde d&#8217;acqua.<\/p>\n<p>[\/vc_column_text][\/vc_column][vc_column width=&#8221;1\/2&#8243;][vc_single_image image=&#8221;850&#8243; img_size=&#8221;full&#8221;][\/vc_column][\/vc_row][vc_row][vc_column][vc_column_text]<\/p>\n<div class=\"presented-response-container ng-tns-c2865513768-104\">\n<div class=\"response-container-content ng-tns-c2865513768-104 tunable-selection-with-avatar\">\n<div class=\"response-content ng-tns-c2865513768-104\">\n<div class=\"markdown markdown-main-panel\" dir=\"ltr\">\n<p data-sourcepos=\"3:1-3:327\">Il caff\u00e8 situato all&#8217;interno del parco acquatico \u00e8 aperto dalle 11:30 alle 14:30. Inclusi nel prezzo del biglietto per i visitatori sono solo pizza, involtini di carne, bevande fredde e t\u00e8. Se hai bisogno di un pasto completo, puoi utilizzare uno dei caff\u00e8 dell&#8217;hotel con un costo aggiuntivo (maggiori informazioni di seguito).<\/p>\n<p data-sourcepos=\"5:1-5:219\">\u00c8 possibile acquistare un biglietto a prezzo scontato attraverso il servizio Albatross Travel Egypt. Sul posto presso le biglietterie, il costo \u00e8 lo stesso, ma l&#8217;organizzatore del tour ti fornisce il trasporto gratuito.<\/p>\n<\/div>\n<\/div>\n<\/div>\n<\/div>\n<p>[\/vc_column_text][\/vc_column][\/vc_row][vc_row][vc_column width=&#8221;1\/2&#8243;][vc_column_text]<\/p>\n<h3>Cosa \u00e8 incluso nel tour:<\/h3>\n<ul>\n<li>Trasferimento dall&#8217;hotel alle circa 10:00 AM (l&#8217;orario esatto verr\u00e0 comunicato dopo la prenotazione);<\/li>\n<li>Utilizzo di tutte le strutture del parco acquatico;<\/li>\n<li>Pranzo (pizza, involtini di carne) e bevande analcoliche;<\/li>\n<li>Trasferimento di ritorno all&#8217;hotel intorno alle 5:00 PM.<\/li>\n<\/ul>\n<p>[\/vc_column_text][\/vc_column][vc_column width=&#8221;1\/2&#8243;][vc_column_text]<\/p>\n<h3 data-sourcepos=\"3:1-4:33\">Incluso nel prezzo del tour:<\/h3>\n<ul>\n<li data-sourcepos=\"3:1-4:33\">Trasporto all\u2019interno di Hurghada<\/li>\n<\/ul>\n<p data-sourcepos=\"6:1-9:67\">Costo aggiuntivo per El Gouna, Sahl Hasheesh e Makadi: +$10* andata e ritorno. Costo aggiuntivo per Soma Bay e Safaga: +$20* andata e ritorno. Il prezzo indicato \u00e8 per una prenotazione andata e ritorno, fino a 6 persone. Il trasferimento potrebbe essere di gruppo.<\/p>\n<ul>\n<li data-sourcepos=\"6:1-9:67\">I bambini sotto i 5 anni visitano il parco acquatico gratuitamente.<\/li>\n<\/ul>\n<p>[\/vc_column_text][\/vc_column][\/vc_row][vc_row][vc_column][vc_column_text]<\/p>\n<h2 data-sourcepos=\"5:1-5:28\">Informazioni Aggiuntive:<\/h2>\n<p data-sourcepos=\"7:1-7:100\"><strong>Cibo:<\/strong> Ci sono due caff\u00e8 nel parco acquatico dove puoi fare un pasto aggiuntivo a un costo extra:<\/p>\n<ul data-sourcepos=\"9:1-11:0\">\n<li data-sourcepos=\"9:1-9:35\"><strong>Burger caf\u00e9:<\/strong> $5 per un panino<\/li>\n<li data-sourcepos=\"10:1-11:0\"><strong>Buffet completo:<\/strong> $20<\/li>\n<\/ul>\n<p data-sourcepos=\"12:1-12:59\"><strong>Documenti:<\/strong> Si prega di portare il passaporto originale.<\/p>\n<p data-sourcepos=\"14:1-14:188\"><strong>Cassetta di Sicurezza:<\/strong> Il costo di una cassetta di sicurezza per i tuoi effetti personali \u00e8 di $2, con una cauzione rimborsabile di $5 (\u00e8 necessario prendere la chiave alla reception).<\/p>\n<p data-sourcepos=\"16:1-16:93\"><strong>Asciugamani:<\/strong> Si prega di portare il proprio asciugamano, poich\u00e9 non sono forniti in loco.<\/p>\n<p data-sourcepos=\"18:1-18:132\"><strong>Tour:<\/strong> Per prenotare un tour, clicca sull&#8217;icona del tuo messenger preferito sul lato destro dello schermo e inviaci un messaggio.<\/p>\n<p data-sourcepos=\"20:1-20:148\"><strong>Cosa portare:<\/strong> Asciugamano, costume da bagno, occhiali da sole, crema solare, cappello, copia o foto del passaporto, denaro per spese aggiuntive.<\/p>\n<p>[\/vc_column_text][\/vc_column][\/vc_row][\/vc_section][vc_section][vc_row][vc_column]<div id=\"kapee-header-74837\" class=\"kapee-element kapee-heading text-left kapee-width-100 separator-none separator-between-heading\">\t\n\t\t\t\n\t\t\t<div class=\"heading-wrap\">\n\t\t\t<span class=\"separator-left\"><\/span>\n\t\t\t<h2 class=\"heading-title\">Domande frequenti (FAQ): <\/h2>\t\t\t<span class=\"separator-right\"><\/span>\n\t\t\t\t\t<\/div>\n\t\t\n    <\/div>[vc_toggle title=&#8221;Il vostro prezzo \u00e8 cos\u00ec basso&#8230; Probabilmente state facendo un servizio di bassa qualit\u00e0?&#8221; style=&#8221;square_outline&#8221; color=&#8221;sky&#8221;]Offriamo davvero alcuni dei prezzi pi\u00f9 bassi mantenendo un alto livello di servizio. Il motivo \u00e8 che siamo una societ\u00e0 di prenotazioni online per grandi operatori turistici in Egitto, il che ci consente di offrire prezzi molto competitivi grazie al nostro ampio volume di turisti. Prenotando con noi, ricevi un servizio di alta qualit\u00e0 senza pagare eccessivamente gli intermediari.[\/vc_toggle][vc_toggle title=&#8221;Che tipo di autobus e trasferimenti avete?&#8221; style=&#8221;square_outline&#8221; color=&#8221;sky&#8221;]Una variet\u00e0 di trasporti \u00e8 disponibile per l&#8217;uso degli organizzatori dell&#8217;evento all&#8217;interno del parco, tra cui auto, minivan e comodi autobus. Tutti i veicoli sono dotati di aria condizionata e sistemi di sicurezza. Per viaggi pi\u00f9 lunghi, vengono forniti autobus con servizi igienici. Inoltre, tutti i veicoli vengono sottoposti a regolari controlli di manutenzione e sanificazione, e possiedono le necessarie autorizzazioni turistiche. Inoltre, i conducenti vengono sottoposti a ispezioni dalla polizia turistica prima di ogni lungo viaggio.[\/vc_toggle][vc_toggle title=&#8221;Come e quando pago per il tour?&#8221; style=&#8221;square_outline&#8221; color=&#8221;sky&#8221;]Lavoriamo senza pagamento anticipato. Tutti i tour di gruppo vengono pagati sull&#8217;autobus o durante il tour stesso. Le eccezioni sono i pagamenti anticipati per i tour privati e i tour che richiedono l&#8217;acquisto di biglietti aerei o l&#8217;elaborazione di documenti. I nostri programmi principali vengono pagati direttamente durante il trasferimento o all&#8217;inizio del tour. Non \u00e8 necessario cercare qualcuno per pagare il tour. Un dipendente dell&#8217;organizzatore si avviciner\u00e0 a te. Puoi pagare in contanti in dollari USA, euro o sterline egiziane. Per la tua comodit\u00e0, offriamo anche la possibilit\u00e0 di trasferire fondi su una carta bancaria in rubli, grivnie ed euro al tasso di cambio o su un portafoglio di criptovaluta in USDT, prima del tour. Per informazioni pi\u00f9 dettagliate sui metodi di pagamento e sui rimborsi, consulta qui.[\/vc_toggle][vc_toggle title=&#8221;Hai una licenza turistica?&#8221; style=&#8221;square_outline&#8221; color=&#8221;sky&#8221;]L&#8217;Egitto \u00e8 un paese altamente regolamentato, specialmente quando si tratta di turismo. Affinch\u00e9 qualsiasi veicolo o yacht possa partire per un&#8217;escursione, \u00e8 necessario ottenere permessi giornalieri sia dalla polizia che dai militari. Se gli operatori turistici non hanno una valida licenza turistica, naturalmente non gli verranno concessi questi permessi. Ecco perch\u00e9 per alcune escursioni, potremmo richiedere copie dei vostri voucher e passaporti (questo vale per le escursioni marine a Sharm El-Sheikh, i tour privati e alcuni tour di gruppo se coinvolgono l&#8217;uscita dalla citt\u00e0. Per altre escursioni, i permessi vengono semplicemente rilasciati in base al numero di persone e non sono necessari i dettagli del passaporto).[\/vc_toggle][vc_toggle title=&#8221;Siamo assicurati durante l&#8217;escursione?&#8221; style=&#8221;square_outline&#8221; color=&#8221;sky&#8221;]<\/p>\n<p data-sourcepos=\"3:1-3:250\">Sfortunatamente, alcune guide degli hotel cercano di convincere i turisti che la loro assicurazione di viaggio \u00e8 presumibilmente invalida se prenotano escursioni con operatori turistici esterni, invece della loro stessa compagnia. Questo non \u00e8 vero.<\/p>\n<p data-sourcepos=\"5:1-5:148\">Innanzitutto, la tua assicurazione di viaggio \u00e8 valida in tutto l&#8217;Egitto, proprio come lo sarebbe se prenotassi con la compagnia di tour dell&#8217;hotel.<\/p>\n<p data-sourcepos=\"7:1-7:381\">In secondo luogo, se sei su una barca, un autobus o un altro mezzo di trasporto, l&#8217;organizzatore si assume la piena responsabilit\u00e0 assicurativa nei confronti dei passeggeri. Altrimenti, semplicemente non sarebbero in grado di ottenere un permesso per condurre attivit\u00e0 turistiche. L&#8217;Egitto ha regolamenti turistici piuttosto rigidi e sono necessari permessi prima di ogni viaggio.<\/p>\n<p>[\/vc_toggle][vc_toggle title=&#8221;Come posso recuperare un oggetto perso durante un tour?&#8221; style=&#8221;square_outline&#8221; color=&#8221;sky&#8221;]Ricordiamo sempre ai nostri ospiti di controllare attentamente di avere con s\u00e9 tutti i loro effetti personali prima di uscire dall&#8217;autobus o dallo yacht alla fine del tour. Sfortunatamente, recuperare oggetti smarriti pu\u00f2 essere piuttosto difficile a causa della partenza immediata dei veicoli per la pulizia e le complessit\u00e0 della logistica egiziana. Sebbene faremo il possibile per aiutarti a ritrovare i tuoi effetti personali, non possiamo garantire un tasso di recupero del 100%. Se riusciamo a trovare il tuo oggetto, ci sar\u00e0 una tassa di consegna di $5-10. Si prega di prestare attenzione ai propri effetti personali![\/vc_toggle][vc_toggle title=&#8221;Dovrei modificare i miei piani o aspettare per il tour?&#8221; style=&#8221;square_outline&#8221; color=&#8221;sky&#8221;]Abbiamo un significativo afflusso giornaliero di richieste di prenotazione per i nostri programmi da parte dei turisti. Di conseguenza, la maggior parte delle escursioni vengono organizzate quotidianamente o in specifici giorni della settimana seguendo un programma dettagliato fornito nella descrizione di ciascun programma. Dopo la prenotazione, ti invieremo l&#8217;ora esatta del prelievo dal tuo hotel. Molti tour saranno condotti con piccoli gruppi provenienti da vari hotel che hanno acquistato escursioni attraverso gli operatori turistici. L&#8217;unica differenza \u00e8 che i nostri prezzi sono del 40-60% pi\u00f9 bassi (i nostri organizzatori conducono tutte le principali escursioni a Hurghada e Sharm El-Sheikh per turisti di lingua russa).[\/vc_toggle][vc_toggle title=&#8221;Dove posso trovare il fotografo che ha scattato le foto durante il tour?&#8221; style=&#8221;square_outline&#8221; color=&#8221;sky&#8221;]Vorremmo informarvi che i fotografi che vi accompagnano durante le escursioni agiscono come rappresentanti indipendenti dei loro studi fotografici. Non fanno parte del nostro servizio online o del team organizzatore del programma. Tutti i termini e le condizioni relativi al servizio fotografico e al suo pagamento vengono discussi e concordati direttamente tra voi e il fotografo. Consigliamo di avvicinarsi ai pagamenti anticipati con cautela e di assicurarsi l&#8217;affidabilit\u00e0 dei servizi, nonch\u00e9 di ottenere tutte le informazioni di contatto del fotografo prima di effettuare qualsiasi pagamento.[\/vc_toggle][\/vc_column][\/vc_row][\/vc_section]<\/p>\n<\/section>","protected":false},"excerpt":{"rendered":"<p><strong>Prezzo:<\/strong><br \/>\nAdulti (13+) &#8211; $50<br \/>\nBambini (5-12) &#8211; $25<br \/>\nDurata stimata: N\/A (o &#8220;Non applicabile&#8221;)<br \/>\nGiorni della settimana: Quotidiano<\/p>\n<ul>\n<li>Prenota entro 3 minuti<\/li>\n<li>Nessun pagamento anticipato richiesto<\/li>\n<li>Trasferimento in hotel incluso<\/li>\n<li>Assicurazione in vigore<\/li>\n<li>Nessuna tassa o commissione aggiuntiva<\/li>\n<li>Foto e recensioni reali<\/li>\n<li>Gestore personale<\/li>\n<\/ul>\n","protected":false},"featured_media":852,"template":"","meta":[],"product_cat":[19],"product_tag":[],"class_list":{"0":"post-815","1":"product","2":"type-product","3":"status-publish","4":"has-post-thumbnail","6":"product_cat-hurghada-entertainment","8":"first","9":"instock","10":"shipping-taxable","11":"purchasable","12":"product-type-simple"},"_links":{"self":[{"href":"https:\/\/www.starkhattabychtours.com\/it\/wp-json\/wp\/v2\/product\/815","targetHints":{"allow":["GET"]}}],"collection":[{"href":"https:\/\/www.starkhattabychtours.com\/it\/wp-json\/wp\/v2\/product"}],"about":[{"href":"https:\/\/www.starkhattabychtours.com\/it\/wp-json\/wp\/v2\/types\/product"}],"wp:featuredmedia":[{"embeddable":true,"href":"https:\/\/www.starkhattabychtours.com\/it\/wp-json\/wp\/v2\/media\/852"}],"wp:attachment":[{"href":"https:\/\/www.starkhattabychtours.com\/it\/wp-json\/wp\/v2\/media?parent=815"}],"wp:term":[{"taxonomy":"product_cat","embeddable":true,"href":"https:\/\/www.starkhattabychtours.com\/it\/wp-json\/wp\/v2\/product_cat?post=815"},{"taxonomy":"product_tag","embeddable":true,"href":"https:\/\/www.starkhattabychtours.com\/it\/wp-json\/wp\/v2\/product_tag?post=815"}],"curies":[{"name":"wp","href":"https:\/\/api.w.org\/{rel}","templated":true}]}}