{"id":823,"date":"2024-10-03T12:56:27","date_gmt":"2024-10-03T12:56:27","guid":{"rendered":"https:\/\/www.starkhattabychtours.com\/it\/?post_type=product&#038;p=823"},"modified":"2024-10-06T11:14:48","modified_gmt":"2024-10-06T11:14:48","slug":"israel-jerusalem-from-hurghada","status":"publish","type":"product","link":"https:\/\/www.starkhattabychtours.com\/it\/tour\/israel-jerusalem-from-hurghada","title":{"rendered":"Israel, Gerusalemme da Hurghada"},"content":{"rendered":"<section class=\"wpb-content-wrapper\"><p>[vc_section][vc_row][vc_column width=&#8221;1\/2&#8243;][vc_column_text]Escursione da Hurghada in aereo nel cuore di Israele &#8211; Gerusalemme.<\/p>\n<p>Questa \u00e8 un&#8217;opportunit\u00e0 unica di visitare la citt\u00e0 santa di tre religioni, un paese vicino e le sue principali attrazioni. Per partecipare all&#8217;escursione non \u00e8 richiesto il visto per russi, bielorussi e ucraini.<\/p>\n<p>Vogliamo subito informare sulla sicurezza del viaggio, in risposta alle domande frequenti: la strada \u00e8 completamente controllata dalla polizia e dall&#8217;esercito. Il viaggio \u00e8 assolutamente sicuro.<\/p>\n<p>Gerusalemme \u00e8 una delle citt\u00e0 pi\u00f9 antiche del mondo e sarebbe impensabile perderla trovandosi in Egitto. L&#8217;escursione a Gerusalemme da Hurghada \u00e8 un&#8217;opportunit\u00e0 per immergersi nella storia, passeggiare per le antiche strade, vedere i santuari delle tre religioni mondiali e sentire lo spirito speciale di questa citt\u00e0.<\/p>\n<p>Il viaggio a Gerusalemme inizia a tarda sera da Hurghada. Verrete prelevati dal transfer che vi porter\u00e0 in aeroporto e da l\u00ec vi attende un breve volo fino al confine con Israele.[\/vc_column_text][\/vc_column][vc_column width=&#8221;1\/2&#8243;][vc_images_carousel images=&#8221;841,840,842,843&#8243; img_size=&#8221;full&#8221; onclick=&#8221;link_no&#8221; autoplay=&#8221;yes&#8221; wrap=&#8221;yes&#8221;][\/vc_column][\/vc_row][vc_row][vc_column][vc_column_text]Dopo aver completato la documentazione necessaria e le procedure di controllo, sarete accolti da una guida in Israele che vi accompagner\u00e0 alla scoperta degli angoli pi\u00f9 affascinanti di questo paese.<\/p>\n<p>Visiterete Betlemme, luogo di nascita di Ges\u00f9 Cristo, e Betania, dove Ges\u00f9 risuscit\u00f2 Lazzaro. Successivamente, il tour proseguir\u00e0 verso Gerusalemme, dove visiterete il Muro Occidentale, uno dei luoghi pi\u00f9 sacri per gli ebrei.<\/p>\n<p>Durante la giornata, ammirerete splendide viste del Monte degli Ulivi, del luogo dove Giuda Iscariota trad\u00ec Ges\u00f9, del luogo della crocifissione di Ges\u00f9, e della leggendaria Piscina Probatica e della prigione di Giuda Iscariota.<\/p>\n<p>A Gerusalemme, visiterete anche il Muro del Pianto, chiamato anche il Muro del Lamento, il Quartiere Ebraico e la Chiesa del Santo Sepolcro. Le emozioni che proverai visitando questa citt\u00e0 rimarranno sicuramente indelebili nella tua memoria per tutta la vita.<\/p>\n<p>Un&#8217;escursione a Gerusalemme da Hurghada \u00e8 un&#8217;opportunit\u00e0 unica di essere testimoni di una grande storia in una delle citt\u00e0 pi\u00f9 antiche del mondo. Ne vale sicuramente la pena in termini di tempo e denaro.[\/vc_column_text][vc_column_text]<\/p>\n<h2 data-sourcepos=\"15:1-15:26\">osa include il tour:<\/h2>\n<ul>\n<li data-sourcepos=\"17:1-27:123\">Partenza dall&#8217;hotel intorno alle 22:00 (l&#8217;orario esatto verr\u00e0 comunicato dopo la prenotazione; volo per la citt\u00e0 di Taba di circa 45 minuti);<\/li>\n<li data-sourcepos=\"17:1-27:123\">Un rappresentante dell&#8217;organizzatore vi incontrer\u00e0 all&#8217;aeroporto e un transfer vi porter\u00e0 al confine (circa 15 minuti di viaggio.<\/li>\n<li data-sourcepos=\"17:1-27:123\">Al checkpoint vi verranno poste delle domande &#8211; dovete rispondere senza discutere o sorridere);<\/li>\n<li data-sourcepos=\"17:1-27:123\">Sul lato israeliano sarete accolti dai colleghi del nostro organizzatore e sistemati sugli autobus;<\/li>\n<li data-sourcepos=\"17:1-27:123\">Al mattino partirete verso il Mar Morto (circa 2 ore di viaggio), dove farete una sosta per fare il bagno o una sosta tecnica (da inizio aprile a fine ottobre i turisti fanno il bagno nel Mar Morto al mattino, in inverno (da novembre a marzo) il bagno \u00e8 previsto al ritorno;<\/li>\n<li data-sourcepos=\"17:1-27:123\">Vi dirigerete verso Gerusalemme (circa 1,5 ore). All&#8217;ingresso farete la prima sosta sul Monte degli Ulivi, da dove si gode di una vista panoramica su Gerusalemme: ai piedi della montagna si trova il vecchio cimitero ebraico, all&#8217;orizonte la citt\u00e0 vecchia con la sua antica moschea;<\/li>\n<li data-sourcepos=\"17:1-27:123\">Successivamente vi dirigerete verso il Muro del Pianto &#8211; un santuario esclusivamente ebraico che attira turisti da tutto il mondo.<\/li>\n<li data-sourcepos=\"17:1-27:123\">Ognuno cerca di lasciare un biglietto con un proprio desiderio, che, come assicurano le guide locali, si avverer\u00e0 sicuramente;<\/li>\n<li data-sourcepos=\"17:1-27:123\">Il luogo pi\u00f9 attraente e desiderato del tour rimane il Santo Sepolcro, al quale si accede attraverso il quartiere arabo, costruito sul luogo delle ultime tappe della Via Crucis di Ges\u00f9.<\/li>\n<li data-sourcepos=\"17:1-27:123\">All&#8217;interno della chiesa \u00e8 possibile toccare la Pietra dell&#8217;Unzione, appoggiare un crocifisso, un&#8217;icona, dell&#8217;olio o dell&#8217;acqua portati con s\u00e9, per consacrarli. \u00c8 anche possibile accendere mazzi di 33 candele dalla Luce Santa, scendere nella camera funeraria e toccare il Sepolcro, visitare il Golgota, seguire il percorso di Cristo dopo la sua resurrezione, visitare il Santo Sepolcro, dove tutte le confessioni cristiane celebrano i propri servizi religiosi; Dopo la visita al Santo Sepolcro vi aspetta un pranzo a Betlemme e una visita alla Basilica della Nativit\u00e0. Questo \u00e8 l&#8217;ultimo obiettivo del tour.<\/li>\n<li data-sourcepos=\"17:1-27:123\">La Basilica della Nativit\u00e0 fu costruita sopra la grotta dove nacque Ges\u00f9. In memoria di questo luogo fu posta una stella d&#8217;argento di Betlemme;<\/li>\n<li data-sourcepos=\"17:1-27:123\">Sulla via del ritorno sono previste delle soste presso negozi e caff\u00e8 (\u00e8 possibile fare uno spuntino); Il tour termina e vi dirigerete verso il confine, lo attraverserete abbastanza rapidamente e tornerete in hotel a Hurghada in aereo intorno alle 00:00 del giorno successivo (durata totale del tour circa 26 ore).<\/li>\n<\/ul>\n<h5>*L&#8217;ordine del programma pu\u00f2 variare, a seconda della decisione della guida e del flusso turistico nei luoghi di interesse.<\/h5>\n<p>[\/vc_column_text][vc_column_text]<\/p>\n<h3 data-sourcepos=\"3:1-3:41\">Nel costo dell&#8217;escursione \u00e8 incluso:<\/h3>\n<ul data-sourcepos=\"5:1-11:0\">\n<li data-sourcepos=\"5:1-5:44\">Biglietti d&#8217;ingresso secondo il programma;<\/li>\n<li data-sourcepos=\"6:1-6:38\">Pranzo in un ristorante di Betlemme;<\/li>\n<li data-sourcepos=\"7:1-7:58\">Servizio di guida turistica qualificata di lingua russa;<\/li>\n<li data-sourcepos=\"8:1-11:0\">Trasporto per tutta la durata del tour (Zone di Hurghada: El Gouna, Sahl Hasheesh e Makadi supplemento di +$10* a tratta. Zone di Soma Bay e Safaga supplemento di +$20* a tratta. *Il costo indicato \u00e8 per una prenotazione a tratta, fino a 6 persone. Il trasferimento pu\u00f2 essere di gruppo).<\/li>\n<\/ul>\n<h3 data-sourcepos=\"12:1-12:44\">Nel costo dell&#8217;escursione non \u00e8 incluso:<\/h3>\n<ul data-sourcepos=\"14:1-17:0\">\n<li data-sourcepos=\"14:1-14:31\">Bevande durante l&#8217;escursione;<\/li>\n<li data-sourcepos=\"15:1-15:45\">Spese aggiuntive non incluse nel programma.<\/li>\n<li data-sourcepos=\"16:1-17:0\">Bambini fino a 2 anni inclusi \u2013 Gratuito, se non occupano un posto separato in aereo e autobus.<\/li>\n<\/ul>\n<p>[\/vc_column_text][vc_column_text]<\/p>\n<h2>Ulteriori informazioni:<\/h2>\n<ul class=\"dop-info\">\n<li>Partenza mercoled\u00ec sera\u00a0\u00a0<strong>,<\/strong>\u00a0rientro\u00a0<strong>\u00a0gioved\u00ec\u00a0<\/strong>\u00a0entro fine giornata;<\/li>\n<li><strong>Non \u00e8 necessario il visto<\/strong>\u00a0\u00a0per visitare Israele in escursione (il visto egiziano\u00a0\u00a0<strong>non \u00e8<\/strong>\u00a0\u00a0invalidato; va bene il timbro del Sinai);<\/li>\n<li><strong>L&#8217;escursione pu\u00f2 essere prenotata<\/strong>\u00a0\u00a0almeno\u00a0\u00a0<strong>2-3 giorni prima dell&#8217;inizio dell&#8217;escursione<\/strong>\u00a0;<\/li>\n<li>\u00c8 necessario inviare le foto dei passaporti di tutte le persone per ottenere il permesso di viaggio dalla polizia turistica;<\/li>\n<li><strong>Il pagamento anticipato \u00e8\u00a0<\/strong>\u00a0<strong>di $ 100\u00a0<\/strong>\u00a0a persona (\u00a0<strong>non rimborsabile<\/strong>\u00a0in caso di rifiuto da parte delle guardie di frontiera israeliane al confine (possibili ragioni &#8211; lista nera o deportazione anticipata da Israele), cos\u00ec come se si rifiuta il viaggio (poich\u00e9 tutti i permessi sono pagati in anticipo e acquisto dei posti sull&#8217;aereo e trasferimento);\u00a0\u00a0<strong>l&#8217;\u00a0<\/strong>\u00a0<strong>intero costo<\/strong>\u00a0rimanente \u00a0viene pagato durante il trasferimento in aeroporto.<\/li>\n<li><strong>Le guardie di frontiera non segnalano il motivo del rifiuto<\/strong>\u00a0, la percentuale approssimativa dei respingimenti alla frontiera \u00e8 di circa il 15-20%.\u00a0\u00a0<strong>Secondo la nostra esperienza<\/strong>\u00a0\u00a0, molto spesso non sono ammessi uomini non sposati o persone che viaggiano da sole. Non possiamo sapere in anticipo chi viene rifiutato e chi no, non dipende da noi, possiamo solo condividere le nostre osservazioni e i feedback dei turisti.\u00a0\u00a0<strong>Importante! I turisti si assumono\u00a0<\/strong>\u00a0<strong>tutti i rischi<\/strong>\u00a0\u00a0di non essere ammessi in Israele dalle guardie di frontiera e capiscono che se non gli viene permesso di passare, si ritroveranno in un centro ricreativo, non lontano dal confine, o faranno un&#8217;altra escursione (informazioni sotto). Il rientro a Hurghada in aereo viene effettuato in serata con il gruppo principale, che arriver\u00e0 di ritorno da Israele;<\/li>\n<li><strong>IMPORTANTE!<\/strong>\u00a0\u00a0Se\u00a0\u00a0<strong>non ti \u00e8 permesso passare<\/strong>\u00a0\u00a0alla frontiera, ti accoglieranno in un centro ricreativo vicino al mare, dove avrai la possibilit\u00e0 di nuotare e rilassarti; verr\u00e0 nutrito una volta a pranzo. C&#8217;\u00e8 una caffetteria e un negozio in loco. Inoltre,\u00a0\u00a0<strong>se lo desideri<\/strong>\u00a0, verrai accompagnato in un&#8217;escursione\u00a0\u00a0<strong>al Monte Mos\u00e8 e al Monastero di Santa Caterina<\/strong>\u00a0\u00a0&#8211; i dettagli approssimativi del programma\u00a0\u00a0<strong>sono qui<\/strong>\u00a0\u00a0(eccezione: verrai portato non da Sharm El-Sheikh, ma da Taba).\u00a0\u00a0<strong>Non sono previsti supplementi aggiuntivi.<\/strong>\u00a0\u00a0Ma\u00a0\u00a0<strong>non ci sono nemmeno ritorni<\/strong>\u00a0\u00a0.\u00a0\u00a0<strong>L&#8217;importo versato per l&#8217;escursione non \u00e8 rimborsabile<\/strong>\u00a0per nessuna scelta (condizioni degli organizzatori, in quanto tutti i costi sono gi\u00e0 stati sostenuti, e non \u00e8 possibile prevedere il passaggio alla frontiera e questo non dipende dagli organizzatori);<\/li>\n<li>Se dopo un&#8217;escursione in Israele vuoi arrivare al Cairo (c&#8217;\u00e8 un visto egiziano a pagamento), devi avvisare il rappresentante del servizio di frontiera (e la guida) in modo che possano scriverti una lettera speciale &#8211; \u00e8 gratuita . Se vuoi visitare entrambi questi programmi, ti consigliamo di visitare inizialmente Il Cairo e poi Israele;<\/li>\n<li>Il trasferimento all&#8217;interno di Israele viene effettuato su un comodo autobus dotato di aria condizionata e toilette;<\/li>\n<li><strong>I cittadini<\/strong>\u00a0\u00a0del Kazakistan, Uzbekistan, Kirghizistan, Tagikistan e Armenia\u00a0\u00a0<strong>non sono ammessi<\/strong>\u00a0\u00a0al confine israeliano (\u00e8 necessario un visto, rilasciato in anticipo presso il consolato israeliano &#8211; dove e come farlo &#8211; non disponiamo di queste informazioni, si prega di contattare il proprio Ministero degli Esteri Ministero o consolato).<\/li>\n<\/ul>\n<h4 class=\"box_info\">Per prenotare un&#8217;escursione, clicca\u00a0\u00a0<strong>sull&#8217;icona\u00a0<\/strong><strong>del messenger<\/strong>\u00a0\u00a0a te comoda\u00a0 sul lato destro dello schermo\u00a0e scrivici<\/h4>\n<div class=\"box__right-withyou\">\n<div id=\"title_content_fields\" class=\"title_content_fields\">Porta con te:<\/div>\n<p>Passaporto, assicurazione di viaggio, acqua, pranzo al sacco (da ordinare in anticipo alla reception), snack (cioccolata, noci, ecc.), vestiti caldi (l&#8217;autobus \u00e8 dotato di aria condizionata), cuscino turistico, scarpe comode, recinti o ciabatte per nuotare nel lago salato, bagnoschiuma (dopo il lago salato), cappello, soldi per l&#8217;escursione e piccole spese.<\/p>\n<\/div>\n<p>[\/vc_column_text][\/vc_column][\/vc_row][\/vc_section][vc_section][vc_row][vc_column]<div id=\"kapee-header-98791\" class=\"kapee-element kapee-heading text-left kapee-width-100 separator-none separator-between-heading\">\t\n\t\t\t\n\t\t\t<div class=\"heading-wrap\">\n\t\t\t<span class=\"separator-left\"><\/span>\n\t\t\t<h2 class=\"heading-title\">Domande frequenti (FAQ): <\/h2>\t\t\t<span class=\"separator-right\"><\/span>\n\t\t\t\t\t<\/div>\n\t\t\n    <\/div>[vc_toggle title=&#8221;Il vostro prezzo \u00e8 cos\u00ec basso&#8230; Probabilmente state facendo un servizio di bassa qualit\u00e0?&#8221; style=&#8221;square_outline&#8221; color=&#8221;sky&#8221;]Offriamo davvero alcuni dei prezzi pi\u00f9 bassi mantenendo un alto livello di servizio. Il motivo \u00e8 che siamo una societ\u00e0 di prenotazioni online per grandi operatori turistici in Egitto, il che ci consente di offrire prezzi molto competitivi grazie al nostro ampio volume di turisti. Prenotando con noi, ricevi un servizio di alta qualit\u00e0 senza pagare eccessivamente gli intermediari.[\/vc_toggle][vc_toggle title=&#8221;Che tipo di autobus e trasferimenti avete?&#8221; style=&#8221;square_outline&#8221; color=&#8221;sky&#8221;]Una variet\u00e0 di trasporti \u00e8 disponibile per l&#8217;uso degli organizzatori dell&#8217;evento all&#8217;interno del parco, tra cui auto, minivan e comodi autobus. Tutti i veicoli sono dotati di aria condizionata e sistemi di sicurezza. Per viaggi pi\u00f9 lunghi, vengono forniti autobus con servizi igienici. Inoltre, tutti i veicoli vengono sottoposti a regolari controlli di manutenzione e sanificazione, e possiedono le necessarie autorizzazioni turistiche. Inoltre, i conducenti vengono sottoposti a ispezioni dalla polizia turistica prima di ogni lungo viaggio.[\/vc_toggle][vc_toggle title=&#8221;Come e quando pago per il tour?&#8221; style=&#8221;square_outline&#8221; color=&#8221;sky&#8221;]Lavoriamo senza pagamento anticipato. Tutti i tour di gruppo vengono pagati sull&#8217;autobus o durante il tour stesso. Le eccezioni sono i pagamenti anticipati per i tour privati e i tour che richiedono l&#8217;acquisto di biglietti aerei o l&#8217;elaborazione di documenti. I nostri programmi principali vengono pagati direttamente durante il trasferimento o all&#8217;inizio del tour. Non \u00e8 necessario cercare qualcuno per pagare il tour. Un dipendente dell&#8217;organizzatore si avviciner\u00e0 a te. Puoi pagare in contanti in dollari USA, euro o sterline egiziane. Per la tua comodit\u00e0, offriamo anche la possibilit\u00e0 di trasferire fondi su una carta bancaria in rubli, grivnie ed euro al tasso di cambio o su un portafoglio di criptovaluta in USDT, prima del tour. Per informazioni pi\u00f9 dettagliate sui metodi di pagamento e sui rimborsi, consulta qui.[\/vc_toggle][vc_toggle title=&#8221;Hai una licenza turistica?&#8221; style=&#8221;square_outline&#8221; color=&#8221;sky&#8221;]L&#8217;Egitto \u00e8 un paese altamente regolamentato, specialmente quando si tratta di turismo. Affinch\u00e9 qualsiasi veicolo o yacht possa partire per un&#8217;escursione, \u00e8 necessario ottenere permessi giornalieri sia dalla polizia che dai militari. Se gli operatori turistici non hanno una valida licenza turistica, naturalmente non gli verranno concessi questi permessi. Ecco perch\u00e9 per alcune escursioni, potremmo richiedere copie dei vostri voucher e passaporti (questo vale per le escursioni marine a Sharm El-Sheikh, i tour privati e alcuni tour di gruppo se coinvolgono l&#8217;uscita dalla citt\u00e0. Per altre escursioni, i permessi vengono semplicemente rilasciati in base al numero di persone e non sono necessari i dettagli del passaporto).[\/vc_toggle][vc_toggle title=&#8221;Siamo assicurati durante l&#8217;escursione?&#8221; style=&#8221;square_outline&#8221; color=&#8221;sky&#8221;]<\/p>\n<p data-sourcepos=\"3:1-3:250\">Sfortunatamente, alcune guide degli hotel cercano di convincere i turisti che la loro assicurazione di viaggio \u00e8 presumibilmente invalida se prenotano escursioni con operatori turistici esterni, invece della loro stessa compagnia. Questo non \u00e8 vero.<\/p>\n<p data-sourcepos=\"5:1-5:148\">Innanzitutto, la tua assicurazione di viaggio \u00e8 valida in tutto l&#8217;Egitto, proprio come lo sarebbe se prenotassi con la compagnia di tour dell&#8217;hotel.<\/p>\n<p data-sourcepos=\"7:1-7:381\">In secondo luogo, se sei su una barca, un autobus o un altro mezzo di trasporto, l&#8217;organizzatore si assume la piena responsabilit\u00e0 assicurativa nei confronti dei passeggeri. Altrimenti, semplicemente non sarebbero in grado di ottenere un permesso per condurre attivit\u00e0 turistiche. L&#8217;Egitto ha regolamenti turistici piuttosto rigidi e sono necessari permessi prima di ogni viaggio.<\/p>\n<p>[\/vc_toggle][vc_toggle title=&#8221;Come posso recuperare un oggetto perso durante un tour?&#8221; style=&#8221;square_outline&#8221; color=&#8221;sky&#8221;]Ricordiamo sempre ai nostri ospiti di controllare attentamente di avere con s\u00e9 tutti i loro effetti personali prima di uscire dall&#8217;autobus o dallo yacht alla fine del tour. Sfortunatamente, recuperare oggetti smarriti pu\u00f2 essere piuttosto difficile a causa della partenza immediata dei veicoli per la pulizia e le complessit\u00e0 della logistica egiziana. Sebbene faremo il possibile per aiutarti a ritrovare i tuoi effetti personali, non possiamo garantire un tasso di recupero del 100%. Se riusciamo a trovare il tuo oggetto, ci sar\u00e0 una tassa di consegna di $5-10. Si prega di prestare attenzione ai propri effetti personali![\/vc_toggle][vc_toggle title=&#8221;Dovrei modificare i miei piani o aspettare per il tour?&#8221; style=&#8221;square_outline&#8221; color=&#8221;sky&#8221;]Abbiamo un significativo afflusso giornaliero di richieste di prenotazione per i nostri programmi da parte dei turisti. Di conseguenza, la maggior parte delle escursioni vengono organizzate quotidianamente o in specifici giorni della settimana seguendo un programma dettagliato fornito nella descrizione di ciascun programma. Dopo la prenotazione, ti invieremo l&#8217;ora esatta del prelievo dal tuo hotel. Molti tour saranno condotti con piccoli gruppi provenienti da vari hotel che hanno acquistato escursioni attraverso gli operatori turistici. L&#8217;unica differenza \u00e8 che i nostri prezzi sono del 40-60% pi\u00f9 bassi (i nostri organizzatori conducono tutte le principali escursioni a Hurghada e Sharm El-Sheikh per turisti di lingua russa).[\/vc_toggle][vc_toggle title=&#8221;Dove posso trovare il fotografo che ha scattato le foto durante il tour?&#8221; style=&#8221;square_outline&#8221; color=&#8221;sky&#8221;]Vorremmo informarvi che i fotografi che vi accompagnano durante le escursioni agiscono come rappresentanti indipendenti dei loro studi fotografici. Non fanno parte del nostro servizio online o del team organizzatore del programma. Tutti i termini e le condizioni relativi al servizio fotografico e al suo pagamento vengono discussi e concordati direttamente tra voi e il fotografo. Consigliamo di avvicinarsi ai pagamenti anticipati con cautela e di assicurarsi l&#8217;affidabilit\u00e0 dei servizi, nonch\u00e9 di ottenere tutte le informazioni di contatto del fotografo prima di effettuare qualsiasi pagamento.[\/vc_toggle][\/vc_column][\/vc_row][\/vc_section]<\/p>\n<\/section>","protected":false},"excerpt":{"rendered":"<p>Prezzo &#8211; adulti (dai 3 anni) $310 -19%<br \/>\nAcconto (a persona) $100<br \/>\nDurata stimata<br \/>\nNON SI EFFETTUA Giorni della settimana Me<\/p>\n<ul>\n<li>Prenotazione in 3 minuti<\/li>\n<li>Trasferimento dall&#8217;hotel<\/li>\n<li>Guida parlante russo<\/li>\n<li>Assicurazione valida<\/li>\n<li>Nessun supplemento n\u00e9 commissioni<\/li>\n<li>Foto e recensioni reali<\/li>\n<li>Gestore personale<\/li>\n<\/ul>\n","protected":false},"featured_media":839,"template":"","meta":[],"product_cat":[16],"product_tag":[],"class_list":{"0":"post-823","1":"product","2":"type-product","3":"status-publish","4":"has-post-thumbnail","6":"product_cat-historical-from-hurghada","8":"first","9":"instock","10":"shipping-taxable","11":"purchasable","12":"product-type-simple"},"_links":{"self":[{"href":"https:\/\/www.starkhattabychtours.com\/it\/wp-json\/wp\/v2\/product\/823","targetHints":{"allow":["GET"]}}],"collection":[{"href":"https:\/\/www.starkhattabychtours.com\/it\/wp-json\/wp\/v2\/product"}],"about":[{"href":"https:\/\/www.starkhattabychtours.com\/it\/wp-json\/wp\/v2\/types\/product"}],"wp:featuredmedia":[{"embeddable":true,"href":"https:\/\/www.starkhattabychtours.com\/it\/wp-json\/wp\/v2\/media\/839"}],"wp:attachment":[{"href":"https:\/\/www.starkhattabychtours.com\/it\/wp-json\/wp\/v2\/media?parent=823"}],"wp:term":[{"taxonomy":"product_cat","embeddable":true,"href":"https:\/\/www.starkhattabychtours.com\/it\/wp-json\/wp\/v2\/product_cat?post=823"},{"taxonomy":"product_tag","embeddable":true,"href":"https:\/\/www.starkhattabychtours.com\/it\/wp-json\/wp\/v2\/product_tag?post=823"}],"curies":[{"name":"wp","href":"https:\/\/api.w.org\/{rel}","templated":true}]}}