{"id":827,"date":"2024-10-03T13:54:59","date_gmt":"2024-10-03T13:54:59","guid":{"rendered":"https:\/\/www.starkhattabychtours.com\/it\/?post_type=product&#038;p=827"},"modified":"2024-10-06T08:49:46","modified_gmt":"2024-10-06T08:49:46","slug":"utopia-island-entertainment","status":"publish","type":"product","link":"https:\/\/www.starkhattabychtours.com\/it\/tour\/utopia-island-entertainment","title":{"rendered":"Isola Utopia + Intrattenimento"},"content":{"rendered":"<section class=\"wpb-content-wrapper\"><p>[vc_section][vc_row][vc_column width=&#8221;1\/2&#8243;][vc_column_text]<\/p>\n<p data-sourcepos=\"17:1-17:272\">Attualmente l&#8217;escursione non \u00e8 disponibile, poich\u00e9 l&#8217;unico organizzatore a Hurghada collabora esclusivamente con tour operator. Inoltre, ci sono offerte da organizzatori la cui qualit\u00e0 dei servizi \u00e8 dubbia, e offrono un viaggio in una &#8220;Utopia&#8221; non reale vicino a Hurghada.<\/p>\n<p data-sourcepos=\"19:1-19:288\">L&#8217;escursione Utopia da Hurghada \u00e8 un viaggio nel mondo di paesaggi sottomarini incredibili e di una flora e fauna marina di straordinaria bellezza. La tua avventura inizier\u00e0 al mattino presto, quando verrai prelevato dal tuo hotel e portato in barca, che si diriger\u00e0 verso il mare aperto.<\/p>\n<p data-sourcepos=\"21:1-21:441\">L&#8217;obiettivo principale del viaggio \u00e8 raggiungere una piccola isola sabbiosa che un paio di volte all&#8217;anno viene sommersa durante le maree stagionali. Qui potrai prendere il sole e fare il bagno. Oltre all&#8217;isola, ti aspettano anche due soste per lo snorkeling vicino a splendide barriere coralline, dove potrai osservare la vita marina e gustare un pranzo a base di pesce, pescare e fare un giro su un banana boat e un ciambellone gonfiabile.<\/p>\n<h3 data-sourcepos=\"23:1-25:58\">Cosa include l&#8217;escursione:<\/h3>\n<ul>\n<li data-sourcepos=\"23:1-25:58\">Transfert circa alle 08:00 (l&#8217;orario esatto verr\u00e0 comunicato dopo la prenotazione; il viaggio per il porto dura dai 40 ai 60 minuti, a seconda della posizione dell&#8217;hotel, il porto si trova nella zona di Safaga);<\/li>\n<li data-sourcepos=\"23:1-25:58\">Sosta sull&#8217;isola di Utopia per nuotare e prendere il sole;<\/li>\n<\/ul>\n<p>[\/vc_column_text][\/vc_column][vc_column width=&#8221;1\/2&#8243;][vc_single_image image=&#8221;846&#8243; img_size=&#8221;full&#8221;][\/vc_column][\/vc_row][vc_row][vc_column][vc_column_text]<\/p>\n<ul>\n<li>Due sessioni di snorkeling di circa 45 minuti ciascuna per ammirare le splendide barriere coralline (la durata esatta verr\u00e0 decisa dall&#8217;istruttore in base alle condizioni del mare).<\/li>\n<li>Una divertente pausa per pescare con l&#8217;attrezzatura fornita a bordo.<\/li>\n<li>Un delizioso pranzo a buffet a base di freschissimi frutti di mare e bevande assortite, tutto da gustare comodamente sullo yacht.<\/li>\n<li>Un po&#8217; di adrenalina con un giro emozionante su banana boat e ciambella gonfiabile.<\/li>\n<li>Rientro in hotel previsto intorno alle 18:00.<\/li>\n<\/ul>\n<p>[\/vc_column_text][\/vc_column][\/vc_row][vc_row][vc_column width=&#8221;1\/2&#8243;][vc_column_text]<\/p>\n<h3 data-sourcepos=\"3:1-3:42\">Nel prezzo dell&#8217;escursione \u00e8 incluso:<\/h3>\n<ul data-sourcepos=\"5:1-12:0\">\n<li data-sourcepos=\"5:1-5:39\">Pranzo e bevande a bordo dello yacht;<\/li>\n<li data-sourcepos=\"6:1-6:33\">Attrezzatura per lo snorkeling;<\/li>\n<li data-sourcepos=\"7:1-7:50\">Assistenza di un accompagnatore di lingua russa;<\/li>\n<li data-sourcepos=\"8:1-12:0\">Trasporto da e per Hurghada (Aree: El Gouna, Sahl Hasheesh e Makadi con supplemento di $10* andata e ritorno. Aree Soma Bay e Safaga con supplemento di $20* andata e ritorno. *Il costo indicato \u00e8 per una prenotazione andata e ritorno, fino a 6 persone. Il trasferimento pu\u00f2 essere condiviso). Bambini fino a 5 anni compresi &#8211; Gratuito.<\/li>\n<\/ul>\n<p>[\/vc_column_text][\/vc_column][vc_column width=&#8221;1\/2&#8243;][vc_column_text]<\/p>\n<h3 data-sourcepos=\"5:1-5:25\">Informazioni aggiuntive:<\/h3>\n<p data-sourcepos=\"7:1-7:209\">Importante! Vi preghiamo vivamente di non salire sul ponte superiore bagnati. \u00c8 necessario asciugarsi completamente con un asciugamano prima. Questa \u00e8 una misura di sicurezza per evitare scivoloni sulle scale.<\/p>\n<p data-sourcepos=\"9:1-9:109\">Per prenotare un&#8217;escursione, clicca sull&#8217;icona del tuo messenger preferito a destra dello schermo e scrivici.<\/p>\n<h3 data-sourcepos=\"11:1-11:13\">Porta con te:<\/h3>\n<p data-sourcepos=\"13:1-13:292\">Asciugamano, costume da bagno, occhiali da sole, crema solare, cappello, power bank per ricaricare il telefono. Ti consigliamo inoltre di portare con te la tua maschera e boccaglio per lo snorkeling (ce ne sono anche sulla barca). Vestiti caldi durante i mesi invernali, potrebbe fare vento.<\/p>\n<p>[\/vc_column_text][\/vc_column][\/vc_row][\/vc_section][vc_section][vc_row][vc_column]<div id=\"kapee-header-10356\" class=\"kapee-element kapee-heading text-left kapee-width-100 separator-none separator-between-heading\">\t\n\t\t\t\n\t\t\t<div class=\"heading-wrap\">\n\t\t\t<span class=\"separator-left\"><\/span>\n\t\t\t<h2 class=\"heading-title\">Domande frequenti (FAQ): <\/h2>\t\t\t<span class=\"separator-right\"><\/span>\n\t\t\t\t\t<\/div>\n\t\t\n    <\/div>[vc_toggle title=&#8221;Il vostro prezzo \u00e8 cos\u00ec basso&#8230; Probabilmente state facendo un servizio di bassa qualit\u00e0?&#8221; style=&#8221;square_outline&#8221; color=&#8221;sky&#8221;]Offriamo davvero alcuni dei prezzi pi\u00f9 bassi mantenendo un alto livello di servizio. Il motivo \u00e8 che siamo una societ\u00e0 di prenotazioni online per grandi operatori turistici in Egitto, il che ci consente di offrire prezzi molto competitivi grazie al nostro ampio volume di turisti. Prenotando con noi, ricevi un servizio di alta qualit\u00e0 senza pagare eccessivamente gli intermediari.[\/vc_toggle][vc_toggle title=&#8221;Che tipo di autobus e trasferimenti avete?&#8221; style=&#8221;square_outline&#8221; color=&#8221;sky&#8221;]Una variet\u00e0 di trasporti \u00e8 disponibile per l&#8217;uso degli organizzatori dell&#8217;evento all&#8217;interno del parco, tra cui auto, minivan e comodi autobus. Tutti i veicoli sono dotati di aria condizionata e sistemi di sicurezza. Per viaggi pi\u00f9 lunghi, vengono forniti autobus con servizi igienici. Inoltre, tutti i veicoli vengono sottoposti a regolari controlli di manutenzione e sanificazione, e possiedono le necessarie autorizzazioni turistiche. Inoltre, i conducenti vengono sottoposti a ispezioni dalla polizia turistica prima di ogni lungo viaggio.[\/vc_toggle][vc_toggle title=&#8221;Come e quando pago per il tour?&#8221; style=&#8221;square_outline&#8221; color=&#8221;sky&#8221;]Lavoriamo senza pagamento anticipato. Tutti i tour di gruppo vengono pagati sull&#8217;autobus o durante il tour stesso. Le eccezioni sono i pagamenti anticipati per i tour privati e i tour che richiedono l&#8217;acquisto di biglietti aerei o l&#8217;elaborazione di documenti. I nostri programmi principali vengono pagati direttamente durante il trasferimento o all&#8217;inizio del tour. Non \u00e8 necessario cercare qualcuno per pagare il tour. Un dipendente dell&#8217;organizzatore si avviciner\u00e0 a te. Puoi pagare in contanti in dollari USA, euro o sterline egiziane. Per la tua comodit\u00e0, offriamo anche la possibilit\u00e0 di trasferire fondi su una carta bancaria in rubli, grivnie ed euro al tasso di cambio o su un portafoglio di criptovaluta in USDT, prima del tour. Per informazioni pi\u00f9 dettagliate sui metodi di pagamento e sui rimborsi, consulta qui.[\/vc_toggle][vc_toggle title=&#8221;Hai una licenza turistica?&#8221; style=&#8221;square_outline&#8221; color=&#8221;sky&#8221;]L&#8217;Egitto \u00e8 un paese altamente regolamentato, specialmente quando si tratta di turismo. Affinch\u00e9 qualsiasi veicolo o yacht possa partire per un&#8217;escursione, \u00e8 necessario ottenere permessi giornalieri sia dalla polizia che dai militari. Se gli operatori turistici non hanno una valida licenza turistica, naturalmente non gli verranno concessi questi permessi. Ecco perch\u00e9 per alcune escursioni, potremmo richiedere copie dei vostri voucher e passaporti (questo vale per le escursioni marine a Sharm El-Sheikh, i tour privati e alcuni tour di gruppo se coinvolgono l&#8217;uscita dalla citt\u00e0. Per altre escursioni, i permessi vengono semplicemente rilasciati in base al numero di persone e non sono necessari i dettagli del passaporto).[\/vc_toggle][vc_toggle title=&#8221;Siamo assicurati durante l&#8217;escursione?&#8221; style=&#8221;square_outline&#8221; color=&#8221;sky&#8221;]<\/p>\n<p data-sourcepos=\"3:1-3:250\">Sfortunatamente, alcune guide degli hotel cercano di convincere i turisti che la loro assicurazione di viaggio \u00e8 presumibilmente invalida se prenotano escursioni con operatori turistici esterni, invece della loro stessa compagnia. Questo non \u00e8 vero.<\/p>\n<p data-sourcepos=\"5:1-5:148\">Innanzitutto, la tua assicurazione di viaggio \u00e8 valida in tutto l&#8217;Egitto, proprio come lo sarebbe se prenotassi con la compagnia di tour dell&#8217;hotel.<\/p>\n<p data-sourcepos=\"7:1-7:381\">In secondo luogo, se sei su una barca, un autobus o un altro mezzo di trasporto, l&#8217;organizzatore si assume la piena responsabilit\u00e0 assicurativa nei confronti dei passeggeri. Altrimenti, semplicemente non sarebbero in grado di ottenere un permesso per condurre attivit\u00e0 turistiche. L&#8217;Egitto ha regolamenti turistici piuttosto rigidi e sono necessari permessi prima di ogni viaggio.<\/p>\n<p>[\/vc_toggle][vc_toggle title=&#8221;Come posso recuperare un oggetto perso durante un tour?&#8221; style=&#8221;square_outline&#8221; color=&#8221;sky&#8221;]Ricordiamo sempre ai nostri ospiti di controllare attentamente di avere con s\u00e9 tutti i loro effetti personali prima di uscire dall&#8217;autobus o dallo yacht alla fine del tour. Sfortunatamente, recuperare oggetti smarriti pu\u00f2 essere piuttosto difficile a causa della partenza immediata dei veicoli per la pulizia e le complessit\u00e0 della logistica egiziana. Sebbene faremo il possibile per aiutarti a ritrovare i tuoi effetti personali, non possiamo garantire un tasso di recupero del 100%. Se riusciamo a trovare il tuo oggetto, ci sar\u00e0 una tassa di consegna di $5-10. Si prega di prestare attenzione ai propri effetti personali![\/vc_toggle][vc_toggle title=&#8221;Dovrei modificare i miei piani o aspettare per il tour?&#8221; style=&#8221;square_outline&#8221; color=&#8221;sky&#8221;]Abbiamo un significativo afflusso giornaliero di richieste di prenotazione per i nostri programmi da parte dei turisti. Di conseguenza, la maggior parte delle escursioni vengono organizzate quotidianamente o in specifici giorni della settimana seguendo un programma dettagliato fornito nella descrizione di ciascun programma. Dopo la prenotazione, ti invieremo l&#8217;ora esatta del prelievo dal tuo hotel. Molti tour saranno condotti con piccoli gruppi provenienti da vari hotel che hanno acquistato escursioni attraverso gli operatori turistici. L&#8217;unica differenza \u00e8 che i nostri prezzi sono del 40-60% pi\u00f9 bassi (i nostri organizzatori conducono tutte le principali escursioni a Hurghada e Sharm El-Sheikh per turisti di lingua russa).[\/vc_toggle][vc_toggle title=&#8221;Dove posso trovare il fotografo che ha scattato le foto durante il tour?&#8221; style=&#8221;square_outline&#8221; color=&#8221;sky&#8221;]Vorremmo informarvi che i fotografi che vi accompagnano durante le escursioni agiscono come rappresentanti indipendenti dei loro studi fotografici. Non fanno parte del nostro servizio online o del team organizzatore del programma. Tutti i termini e le condizioni relativi al servizio fotografico e al suo pagamento vengono discussi e concordati direttamente tra voi e il fotografo. Consigliamo di avvicinarsi ai pagamenti anticipati con cautela e di assicurarsi l&#8217;affidabilit\u00e0 dei servizi, nonch\u00e9 di ottenere tutte le informazioni di contatto del fotografo prima di effettuare qualsiasi pagamento.[\/vc_toggle][\/vc_column][\/vc_row][\/vc_section]<\/p>\n<\/section>","protected":false},"excerpt":{"rendered":"<p>Prezzo: Adulti (dai 13 anni) $24<br \/>\nPrezzo: Bambini (dai 6 ai 12 anni) $11<br \/>\nDurata stimata: Non disponibile<br \/>\nGiorni della settimana: Su richiesta<\/p>\n<ul>\n<li>Prenotazione in 3 minuti<\/li>\n<li>Nessun pagamento anticipato<\/li>\n<li>Transfer dall&#8217;hotel<\/li>\n<li>Assicurazione inclusa<\/li>\n<li>Guida parlante russo<\/li>\n<li>Nessun costo aggiuntivo o commissione<\/li>\n<li>Foto e recensioni reali<\/li>\n<li>Assistente personale<\/li>\n<\/ul>\n","protected":false},"featured_media":847,"template":"","meta":[],"product_cat":[17],"product_tag":[],"class_list":{"0":"post-827","1":"product","2":"type-product","3":"status-publish","4":"has-post-thumbnail","6":"product_cat-hurghada-sea-excursions","8":"first","9":"instock","10":"shipping-taxable","11":"purchasable","12":"product-type-simple"},"_links":{"self":[{"href":"https:\/\/www.starkhattabychtours.com\/it\/wp-json\/wp\/v2\/product\/827","targetHints":{"allow":["GET"]}}],"collection":[{"href":"https:\/\/www.starkhattabychtours.com\/it\/wp-json\/wp\/v2\/product"}],"about":[{"href":"https:\/\/www.starkhattabychtours.com\/it\/wp-json\/wp\/v2\/types\/product"}],"wp:featuredmedia":[{"embeddable":true,"href":"https:\/\/www.starkhattabychtours.com\/it\/wp-json\/wp\/v2\/media\/847"}],"wp:attachment":[{"href":"https:\/\/www.starkhattabychtours.com\/it\/wp-json\/wp\/v2\/media?parent=827"}],"wp:term":[{"taxonomy":"product_cat","embeddable":true,"href":"https:\/\/www.starkhattabychtours.com\/it\/wp-json\/wp\/v2\/product_cat?post=827"},{"taxonomy":"product_tag","embeddable":true,"href":"https:\/\/www.starkhattabychtours.com\/it\/wp-json\/wp\/v2\/product_tag?post=827"}],"curies":[{"name":"wp","href":"https:\/\/api.w.org\/{rel}","templated":true}]}}