{"id":829,"date":"2024-10-03T15:13:33","date_gmt":"2024-10-03T15:13:33","guid":{"rendered":"https:\/\/www.starkhattabychtours.com\/it\/?post_type=product&#038;p=829"},"modified":"2024-10-06T09:16:40","modified_gmt":"2024-10-06T09:16:40","slug":"fishing-and-snorkeling-from-a-yacht-in-hurghada","status":"publish","type":"product","link":"https:\/\/www.starkhattabychtours.com\/it\/tour\/fishing-and-snorkeling-from-a-yacht-in-hurghada","title":{"rendered":"Pesca e snorkeling da uno yacht ad Hurghada"},"content":{"rendered":"<section class=\"wpb-content-wrapper\"><p>[vc_section][vc_row][vc_column width=&#8221;1\/2&#8243;][vc_column_text]<\/p>\n<p data-sourcepos=\"5:1-5:188\">La pesca a Hurghada \u00e8 un&#8217;opportunit\u00e0 unica per diversificare la vostra vacanza in Egitto, trascorrere il tempo in modo interessante e anche godervi lo snorkeling sulla barriera corallina.<\/p>\n<p data-sourcepos=\"7:1-7:305\">I principali luoghi di pesca si trovano a breve distanza dalla citt\u00e0. La pesca \u00e8 vietata sulle spiagge di Hurghada, nella zona delle barriere coralline e all&#8217;interno della riserva marina. Tuttavia, tutti gli altri luoghi sono aperti ai turisti che desiderano immergersi nell&#8217;emozionante mondo della pesca.<\/p>\n<p data-sourcepos=\"9:1-9:405\">Si noti che i viaggi di escursione per la pesca a Hurghada non includono il traino e non sono destinati ai professionisti. Ai turisti vengono forniti canne, tackle e esche. La pesca si svolge con un attrezzo da fondo e c&#8217;\u00e8 ogni possibilit\u00e0 di catturare sia piccoli che grandi rappresentanti dell&#8217;ittiofauna del Mar Rosso. Specie di pesci come la barracuda, il branzino, il tonno e molti altri vivono qui.<\/p>\n<p>[\/vc_column_text][vc_column_text]<\/p>\n<div class=\"presented-response-container ng-tns-c2865513768-64\">\n<div class=\"response-container-content ng-tns-c2865513768-64 tunable-selection-with-avatar\">\n<div class=\"response-content ng-tns-c2865513768-64\">\n<div class=\"markdown markdown-main-panel\" dir=\"ltr\">\n<h3 data-sourcepos=\"3:1-3:25\">Cosa include il tour:<\/h3>\n<ul data-sourcepos=\"5:1-10:79\">\n<li data-sourcepos=\"5:1-5:179\"><strong>Trasferimento:<\/strong> Circa le 8:30 AM (l&#8217;orario esatto verr\u00e0 comunicato dopo la prenotazione; il viaggio fino al porto dura 10-40 minuti, a seconda della posizione del tuo hotel);<\/li>\n<li data-sourcepos=\"6:1-6:112\"><strong>Imbarco sullo yacht e partenza:<\/strong> Intorno alle 9:30-10:00 AM (dipende dal permesso della polizia turistica);<\/li>\n<li data-sourcepos=\"7:1-7:141\"><strong>Due soste per la pesca:<\/strong> Utilizzando una canna da pesca (se il tempo lo permette, c&#8217;\u00e8 l&#8217;opportunit\u00e0 di cucinare il pescato sullo yacht);<\/li>\n<li data-sourcepos=\"8:1-8:59\"><strong>Una sosta per lo snorkeling:<\/strong> Alla barriera corallina;<\/li>\n<li data-sourcepos=\"9:1-9:137\"><strong>Pranzo e bevande sullo yacht:<\/strong> Varie insalate, riso, pasta, patate, nuggets, salsicce di pesce\/carne; cola, pepsi, acqua, t\u00e8, caff\u00e8;<\/li>\n<li data-sourcepos=\"10:1-10:79\"><strong>Ritorno al molo:<\/strong> Intorno alle 4:00 PM (l&#8217;orario pu\u00f2 variare leggermente).<\/li>\n<\/ul>\n<\/div>\n<\/div>\n<\/div>\n<\/div>\n<p>[\/vc_column_text][vc_column_text]<\/p>\n<div class=\"presented-response-container ng-tns-c2865513768-72\">\n<div class=\"response-container-content ng-tns-c2865513768-72 tunable-selection-with-avatar\">\n<div class=\"response-content ng-tns-c2865513768-72\">\n<div class=\"markdown markdown-main-panel\" dir=\"ltr\">\n<h3 data-sourcepos=\"3:1-3:31\">Il prezzo del tour include:<\/h3>\n<ul data-sourcepos=\"5:1-8:39\">\n<li data-sourcepos=\"5:1-5:31\">Pranzo e bevande analcoliche;<\/li>\n<li data-sourcepos=\"6:1-6:81\">Attrezzatura per lo snorkeling (maschera, boccaglio, giubbotto di salvataggio);<\/li>\n<li data-sourcepos=\"7:1-7:24\">Attrezzatura da pesca;<\/li>\n<li data-sourcepos=\"8:1-8:39\">Servizi di una guida di lingua russa.<\/li>\n<\/ul>\n<\/div>\n<\/div>\n<\/div>\n<\/div>\n<p>[\/vc_column_text][\/vc_column][vc_column width=&#8221;1\/2&#8243;][vc_single_image image=&#8221;849&#8243; img_size=&#8221;full&#8221;][\/vc_column][\/vc_row][vc_row][vc_column][vc_column_text]<\/p>\n<ul>\n<li>Hurghada Transportation Services (El Gouna, Sahl Hasheesh e Makadi Bay: supplemento di $10* andata e ritorno. Soma Bay e Safaga: supplemento di $20* andata e ritorno. *Il prezzo indicato \u00e8 per una prenotazione andata e ritorno, fino a 6 persone. Il trasferimento potrebbe essere di gruppo).<\/li>\n<\/ul>\n<h5>Bambini fino a 5 anni inclusi \u2013 Gratuito.<\/h5>\n<p>[\/vc_column_text][\/vc_column][\/vc_row][vc_row][vc_column][vc_column_text]<\/p>\n<h2 data-sourcepos=\"5:1-5:28\">Informazioni aggiuntive:<\/h2>\n<ul data-sourcepos=\"7:1-14:0\">\n<li data-sourcepos=\"7:1-7:156\">Puoi prenotare questa o qualsiasi altra escursione marina individualmente noleggiando uno yacht a partire da $120 per l&#8217;intera giornata &#8211; descrizione qui;<\/li>\n<li data-sourcepos=\"8:1-8:172\">Gli yacht possono ospitare da 20 a 40 persone, gli yacht sono spaziosi, ci sar\u00e0 spazio sufficiente per tutti, c&#8217;\u00e8 un limite di capacit\u00e0 stabilito dalla polizia turistica;<\/li>\n<li data-sourcepos=\"9:1-9:115\">Importante! Ti preghiamo di non salire sul ponte superiore bagnato. Prima di farlo, asciugati con un asciugamano.<\/li>\n<li data-sourcepos=\"10:1-10:72\">Questa \u00e8 una misura di sicurezza per evitare di scivolare sulle scale.<\/li>\n<li data-sourcepos=\"11:1-11:124\">Per prenotare un&#8217;escursione &#8211; clicca sull&#8217;icona del messenger che ti \u00e8 pi\u00f9 comodo sul lato destro dello schermo e scrivici<\/li>\n<li data-sourcepos=\"12:1-12:33\">Ti preghiamo di portare con te:<\/li>\n<li data-sourcepos=\"13:1-14:0\">Un asciugamano, costume da bagno, occhiali da sole, crema solare, cappello, power bank per caricare il tuo telefono. Consigliamo inoltre di portare la tua maschera e tubo per lo snorkeling (sono anche disponibili sulla barca). Abbigliamento caldo in inverno, pu\u00f2 essere ventoso.<\/li>\n<\/ul>\n<h5 data-sourcepos=\"15:1-15:260\"><strong>Note:<\/strong> The specific Italian terms for &#8220;sea excursion,&#8221; &#8220;yacht,&#8221; and &#8220;tourist police&#8221; might vary slightly depending on the regional dialect or specific context. However, the provided translation should be accurate and understandable in most regions of Italy.<\/h5>\n<p>[\/vc_column_text][\/vc_column][\/vc_row][\/vc_section][vc_section][vc_row][vc_column]<div id=\"kapee-header-90075\" class=\"kapee-element kapee-heading text-left kapee-width-100 separator-none separator-between-heading\">\t\n\t\t\t\n\t\t\t<div class=\"heading-wrap\">\n\t\t\t<span class=\"separator-left\"><\/span>\n\t\t\t<h2 class=\"heading-title\">Domande frequenti (FAQ): <\/h2>\t\t\t<span class=\"separator-right\"><\/span>\n\t\t\t\t\t<\/div>\n\t\t\n    <\/div>[vc_toggle title=&#8221;Il vostro prezzo \u00e8 cos\u00ec basso&#8230; Probabilmente state facendo un servizio di bassa qualit\u00e0?&#8221; style=&#8221;square_outline&#8221; color=&#8221;sky&#8221;]Offriamo davvero alcuni dei prezzi pi\u00f9 bassi mantenendo un alto livello di servizio. Il motivo \u00e8 che siamo una societ\u00e0 di prenotazioni online per grandi operatori turistici in Egitto, il che ci consente di offrire prezzi molto competitivi grazie al nostro ampio volume di turisti. Prenotando con noi, ricevi un servizio di alta qualit\u00e0 senza pagare eccessivamente gli intermediari.[\/vc_toggle][vc_toggle title=&#8221;Che tipo di autobus e trasferimenti avete?&#8221; style=&#8221;square_outline&#8221; color=&#8221;sky&#8221;]Una variet\u00e0 di trasporti \u00e8 disponibile per l&#8217;uso degli organizzatori dell&#8217;evento all&#8217;interno del parco, tra cui auto, minivan e comodi autobus. Tutti i veicoli sono dotati di aria condizionata e sistemi di sicurezza. Per viaggi pi\u00f9 lunghi, vengono forniti autobus con servizi igienici. Inoltre, tutti i veicoli vengono sottoposti a regolari controlli di manutenzione e sanificazione, e possiedono le necessarie autorizzazioni turistiche. Inoltre, i conducenti vengono sottoposti a ispezioni dalla polizia turistica prima di ogni lungo viaggio.[\/vc_toggle][vc_toggle title=&#8221;Come e quando pago per il tour?&#8221; style=&#8221;square_outline&#8221; color=&#8221;sky&#8221;]Lavoriamo senza pagamento anticipato. Tutti i tour di gruppo vengono pagati sull&#8217;autobus o durante il tour stesso. Le eccezioni sono i pagamenti anticipati per i tour privati e i tour che richiedono l&#8217;acquisto di biglietti aerei o l&#8217;elaborazione di documenti. I nostri programmi principali vengono pagati direttamente durante il trasferimento o all&#8217;inizio del tour. Non \u00e8 necessario cercare qualcuno per pagare il tour. Un dipendente dell&#8217;organizzatore si avviciner\u00e0 a te. Puoi pagare in contanti in dollari USA, euro o sterline egiziane. Per la tua comodit\u00e0, offriamo anche la possibilit\u00e0 di trasferire fondi su una carta bancaria in rubli, grivnie ed euro al tasso di cambio o su un portafoglio di criptovaluta in USDT, prima del tour. Per informazioni pi\u00f9 dettagliate sui metodi di pagamento e sui rimborsi, consulta qui.[\/vc_toggle][vc_toggle title=&#8221;Hai una licenza turistica?&#8221; style=&#8221;square_outline&#8221; color=&#8221;sky&#8221;]L&#8217;Egitto \u00e8 un paese altamente regolamentato, specialmente quando si tratta di turismo. Affinch\u00e9 qualsiasi veicolo o yacht possa partire per un&#8217;escursione, \u00e8 necessario ottenere permessi giornalieri sia dalla polizia che dai militari. Se gli operatori turistici non hanno una valida licenza turistica, naturalmente non gli verranno concessi questi permessi. Ecco perch\u00e9 per alcune escursioni, potremmo richiedere copie dei vostri voucher e passaporti (questo vale per le escursioni marine a Sharm El-Sheikh, i tour privati e alcuni tour di gruppo se coinvolgono l&#8217;uscita dalla citt\u00e0. Per altre escursioni, i permessi vengono semplicemente rilasciati in base al numero di persone e non sono necessari i dettagli del passaporto).[\/vc_toggle][vc_toggle title=&#8221;Siamo assicurati durante l&#8217;escursione?&#8221; style=&#8221;square_outline&#8221; color=&#8221;sky&#8221;]<\/p>\n<p data-sourcepos=\"3:1-3:250\">Sfortunatamente, alcune guide degli hotel cercano di convincere i turisti che la loro assicurazione di viaggio \u00e8 presumibilmente invalida se prenotano escursioni con operatori turistici esterni, invece della loro stessa compagnia. Questo non \u00e8 vero.<\/p>\n<p data-sourcepos=\"5:1-5:148\">Innanzitutto, la tua assicurazione di viaggio \u00e8 valida in tutto l&#8217;Egitto, proprio come lo sarebbe se prenotassi con la compagnia di tour dell&#8217;hotel.<\/p>\n<p data-sourcepos=\"7:1-7:381\">In secondo luogo, se sei su una barca, un autobus o un altro mezzo di trasporto, l&#8217;organizzatore si assume la piena responsabilit\u00e0 assicurativa nei confronti dei passeggeri. Altrimenti, semplicemente non sarebbero in grado di ottenere un permesso per condurre attivit\u00e0 turistiche. L&#8217;Egitto ha regolamenti turistici piuttosto rigidi e sono necessari permessi prima di ogni viaggio.<\/p>\n<p>[\/vc_toggle][vc_toggle title=&#8221;Come posso recuperare un oggetto perso durante un tour?&#8221; style=&#8221;square_outline&#8221; color=&#8221;sky&#8221;]Ricordiamo sempre ai nostri ospiti di controllare attentamente di avere con s\u00e9 tutti i loro effetti personali prima di uscire dall&#8217;autobus o dallo yacht alla fine del tour. Sfortunatamente, recuperare oggetti smarriti pu\u00f2 essere piuttosto difficile a causa della partenza immediata dei veicoli per la pulizia e le complessit\u00e0 della logistica egiziana. Sebbene faremo il possibile per aiutarti a ritrovare i tuoi effetti personali, non possiamo garantire un tasso di recupero del 100%. Se riusciamo a trovare il tuo oggetto, ci sar\u00e0 una tassa di consegna di $5-10. Si prega di prestare attenzione ai propri effetti personali![\/vc_toggle][vc_toggle title=&#8221;Dovrei modificare i miei piani o aspettare per il tour?&#8221; style=&#8221;square_outline&#8221; color=&#8221;sky&#8221;]Abbiamo un significativo afflusso giornaliero di richieste di prenotazione per i nostri programmi da parte dei turisti. Di conseguenza, la maggior parte delle escursioni vengono organizzate quotidianamente o in specifici giorni della settimana seguendo un programma dettagliato fornito nella descrizione di ciascun programma. Dopo la prenotazione, ti invieremo l&#8217;ora esatta del prelievo dal tuo hotel. Molti tour saranno condotti con piccoli gruppi provenienti da vari hotel che hanno acquistato escursioni attraverso gli operatori turistici. L&#8217;unica differenza \u00e8 che i nostri prezzi sono del 40-60% pi\u00f9 bassi (i nostri organizzatori conducono tutte le principali escursioni a Hurghada e Sharm El-Sheikh per turisti di lingua russa).[\/vc_toggle][vc_toggle title=&#8221;Dove posso trovare il fotografo che ha scattato le foto durante il tour?&#8221; style=&#8221;square_outline&#8221; color=&#8221;sky&#8221;]Vorremmo informarvi che i fotografi che vi accompagnano durante le escursioni agiscono come rappresentanti indipendenti dei loro studi fotografici. Non fanno parte del nostro servizio online o del team organizzatore del programma. Tutti i termini e le condizioni relativi al servizio fotografico e al suo pagamento vengono discussi e concordati direttamente tra voi e il fotografo. Consigliamo di avvicinarsi ai pagamenti anticipati con cautela e di assicurarsi l&#8217;affidabilit\u00e0 dei servizi, nonch\u00e9 di ottenere tutte le informazioni di contatto del fotografo prima di effettuare qualsiasi pagamento.[\/vc_toggle][\/vc_column][\/vc_row][\/vc_section]<\/p>\n<\/section>","protected":false},"excerpt":{"rendered":"<p>Prezzo &#8211; Adulti (13+) $30 -17%<br \/>\nPrezzo &#8211; Bambini (6-12) $13<br \/>\nDurata stimata 8 ore<br \/>\nGiorni venerd\u00ec<\/p>\n<ul>\n<li>Prenotazione in 3 minuti<\/li>\n<li>Nessun pagamento anticipato<\/li>\n<li>Trasferimento in hotel incluso<\/li>\n<li>Assicurazione valida<\/li>\n<li>Guida di lingua russa<\/li>\n<li>Nessuna tassa o commissione aggiuntiva<\/li>\n<li>Foto e recensioni reali<\/li>\n<li>Gestore personale<\/li>\n<\/ul>\n","protected":false},"featured_media":848,"template":"","meta":[],"product_cat":[17],"product_tag":[],"class_list":{"0":"post-829","1":"product","2":"type-product","3":"status-publish","4":"has-post-thumbnail","6":"product_cat-hurghada-sea-excursions","8":"first","9":"instock","10":"shipping-taxable","11":"purchasable","12":"product-type-simple"},"_links":{"self":[{"href":"https:\/\/www.starkhattabychtours.com\/it\/wp-json\/wp\/v2\/product\/829","targetHints":{"allow":["GET"]}}],"collection":[{"href":"https:\/\/www.starkhattabychtours.com\/it\/wp-json\/wp\/v2\/product"}],"about":[{"href":"https:\/\/www.starkhattabychtours.com\/it\/wp-json\/wp\/v2\/types\/product"}],"wp:featuredmedia":[{"embeddable":true,"href":"https:\/\/www.starkhattabychtours.com\/it\/wp-json\/wp\/v2\/media\/848"}],"wp:attachment":[{"href":"https:\/\/www.starkhattabychtours.com\/it\/wp-json\/wp\/v2\/media?parent=829"}],"wp:term":[{"taxonomy":"product_cat","embeddable":true,"href":"https:\/\/www.starkhattabychtours.com\/it\/wp-json\/wp\/v2\/product_cat?post=829"},{"taxonomy":"product_tag","embeddable":true,"href":"https:\/\/www.starkhattabychtours.com\/it\/wp-json\/wp\/v2\/product_tag?post=829"}],"curies":[{"name":"wp","href":"https:\/\/api.w.org\/{rel}","templated":true}]}}