{"id":831,"date":"2024-10-03T15:46:13","date_gmt":"2024-10-03T15:46:13","guid":{"rendered":"https:\/\/www.starkhattabychtours.com\/it\/?post_type=product&#038;p=831"},"modified":"2024-10-06T10:39:03","modified_gmt":"2024-10-06T10:39:03","slug":"israel-jerusalem-from-sharm-el-sheikh","status":"publish","type":"product","link":"https:\/\/www.starkhattabychtours.com\/it\/tour\/israel-jerusalem-from-sharm-el-sheikh","title":{"rendered":"Israel, Gerusalemme da Sharm El-Sheikh"},"content":{"rendered":"<section class=\"wpb-content-wrapper\"><p>[vc_section][vc_row][vc_column width=&#8221;1\/2&#8243;][vc_column_text]<\/p>\n<p data-sourcepos=\"5:1-5:269\">Escursione da Sharm el-Sheikh nel cuore di Israele &#8211; Gerusalemme. Un&#8217;opportunit\u00e0 unica di visitare la citt\u00e0 santa di tre religioni, un paese vicino e le sue principali attrazioni. Per partecipare all&#8217;escursione non \u00e8 richiesto il visto per russi, bielorussi e ucraini.<\/p>\n<p data-sourcepos=\"7:1-7:213\">Vogliamo subito rassicurarvi sulla sicurezza del viaggio, in risposta alle vostre domande frequenti: la strada \u00e8 completamente controllata dalla polizia e dall&#8217;esercito egiziani. Il viaggio \u00e8 assolutamente sicuro.<\/p>\n<p data-sourcepos=\"9:1-9:337\">Gerusalemme \u00e8 una delle citt\u00e0 pi\u00f9 antiche del mondo e sarebbe imperdonabile perdersela trovandosi a Sharm el-Sheikh. L&#8217;escursione a Gerusalemme da Sharm el-Sheikh \u00e8 un&#8217;opportunit\u00e0 per immergersi nella storia, passeggiare per le antiche strade, vedere i santuari delle tre religioni mondiali e sentire lo spirito speciale di questa citt\u00e0.<\/p>\n<p data-sourcepos=\"11:1-11:323\">Il viaggio a Gerusalemme inizia di sera da Sharm el-Sheikh. Sarete prelevati da un autobus che vi porter\u00e0 in un breve viaggio fino al confine con Israele. Dopo aver completato le formalit\u00e0 doganali e i controlli, sarete accolti da una guida in Israele che vi accompagner\u00e0 nei luoghi pi\u00f9 interessanti di questa citt\u00e0 santa.<\/p>\n<p data-sourcepos=\"11:1-11:323\">Visiterai Betlemme, dove nacque Ges\u00f9, e Betania, dove Ges\u00f9 risuscit\u00e0 Lazzaro. Successivamente, il viaggio proseguir\u00e0 per Gerusalemme, dove visiterai il Muro del Pianto, uno dei luoghi pi\u00f9 importanti per il giudaismo.<\/p>\n<p>[\/vc_column_text][\/vc_column][vc_column width=&#8221;1\/2&#8243;][vc_single_image image=&#8221;854&#8243; img_size=&#8221;full&#8221;][\/vc_column][\/vc_row][vc_row][vc_column][vc_column_text]<\/p>\n<p data-sourcepos=\"7:1-7:261\">Durante la giornata, ammirerai splendide viste del Monte degli Ulivi, del luogo dove Giuda Iscariota strinse un patto con il sommo sacerdote ebreo, del luogo della crocifissione di Ges\u00f9, e della leggendaria Piscina Probatica e della prigione di Giuda Iscariota.<\/p>\n<p data-sourcepos=\"9:1-9:225\">A Gerusalemme, visiterai anche il Muro Occidentale, chiamato anche Muro del Pianto, il Quartiere Ebraico e la Chiesa del Santo Sepolcro. Le emozioni che proverai visitando questa citt\u00e0 rimarranno indelebili nella tua memoria.<\/p>\n<p data-sourcepos=\"11:1-11:210\">L&#8217;escursione a Gerusalemme da Sharm el-Sheikh \u00e8 un&#8217;opportunit\u00e0 unica di essere testimoni di una grande storia in una delle citt\u00e0 pi\u00f9 antiche del mondo. Ne vale sicuramente la pena in termini di tempo e denaro.<\/p>\n<p>[\/vc_column_text][\/vc_column][\/vc_row][vc_row][vc_column][vc_column_text]<\/p>\n<h3 data-sourcepos=\"17:3-17:41\">Incluso nel prezzo dell&#8217;escursione:<\/h3>\n<ul data-sourcepos=\"18:3-22:1\">\n<li data-sourcepos=\"18:3-18:43\">Biglietti d&#8217;ingresso secondo programma;<\/li>\n<li data-sourcepos=\"19:3-19:39\">Pranzo in un ristorante a Betlemme;<\/li>\n<li data-sourcepos=\"20:3-20:48\">Servizio di guida turistica di lingua russa;<\/li>\n<li data-sourcepos=\"21:3-22:1\">Trasporto in auto confortevole.<\/li>\n<\/ul>\n<h3 data-sourcepos=\"23:3-23:45\">Non incluso nel prezzo dell&#8217;escursione:<\/h3>\n<ul data-sourcepos=\"24:3-26:37\">\n<li data-sourcepos=\"24:3-24:33\">Bevande durante l&#8217;escursione;<\/li>\n<li data-sourcepos=\"25:3-25:47\">Spese aggiuntive non incluse nel programma.<\/li>\n<li data-sourcepos=\"26:3-26:37\">Bambini fino a 2 anni &#8211; Gratuito.<\/li>\n<\/ul>\n<p>[\/vc_column_text][vc_column_text]<\/p>\n<h2>Informazioni aggiuntive:<\/h2>\n<ul>\n<li>Partenza nella notte tra luned\u00ec e marted\u00ec o tra gioved\u00ec e venerd\u00ec;<br \/>\nNon \u00e8 richiesta alcuna visa per visitare Israele con un&#8217;escursione (il visto egiziano rimane valido; \u00e8 sufficiente il timbro del Sinai);<\/li>\n<li>L&#8217;escursione deve essere prenotata almeno 1-2 giorni prima della partenza;<\/li>\n<li>\u00c8 necessario inviare una fotocopia del passaporto di tutti i partecipanti per richiedere l&#8217;autorizzazione di viaggio alla polizia turistica;<\/li>\n<li>\u00c8 richiesto un acconto di $10, esclusivamente tramite bonifico bancario (non rimborsabile in caso di rifiuto all&#8217;ingresso in Israele da parte delle autorit\u00e0 di frontiera (possibili motivi: lista nera o precedente espulsione da Israele), o in caso di cancellazione dell&#8217;escursione meno di 2 giorni prima della partenza (in quanto tutti i permessi vengono pagati in anticipo e i posti sul trasferimento vengono riservati); il saldo dovr\u00e0 essere pagato direttamente sul trasferimento;<\/li>\n<li>Le autorit\u00e0 di frontiera non comunicano i motivi del rifiuto; la percentuale stimata di rifiuti alla frontiera \u00e8 di circa il 15-20%.<\/li>\n<li>Secondo la nostra esperienza, i pi\u00f9 frequentemente respinti sono uomini single o che viaggiano da soli. Non possiamo prevedere chi verr\u00e0 ammesso e chi no, in quanto non dipende da noi; possiamo solo condividere le nostre osservazioni e i feedback dei turisti. In caso di rifiuto, il trasferimento vi riporter\u00e0 immediatamente in hotel.<\/li>\n<li>Importante! I turisti si assumono tutti i rischi connessi al possibile rifiuto all&#8217;ingresso in Israele da parte delle autorit\u00e0 di frontiera e sono consapevoli che, in caso di rifiuto, l&#8217;organizzatore rimborser\u00e0 solo $45 dell&#8217;importo totale del programma, in quanto la maggior parte dei costi saranno gi\u00e0 stati sostenuti (ci\u00f2 non dipende dal nostro servizio, ma dalle modalit\u00e0 di operazione degli unici organizzatori a Sharm el-<\/li>\n<li>Sheikh, non essendoci alternative).<\/li>\n<li>Se dopo l&#8217;escursione in Israele desiderate visitare il Cairo (\u00e8 necessaria una visa egiziana a pagamento), \u00e8 necessario informarne il rappresentante delle autorit\u00e0 di frontiera (e la guida) affinch\u00e9 vi rilascino un permesso speciale, che \u00e8 gratuito. Se desiderate partecipare ad entrambi i programmi, vi consigliamo sempre di visitare prima il Cairo e poi Israele;<\/li>\n<li>Potrebbe essere possibile fare un breve bagno nel fiume Giordano (la decisione spetta alla guida sul posto; in loco \u00e8 possibile acquistare camicie speciali, il prezzo non \u00e8 noto);<\/li>\n<li>Il trasferimento avverr\u00e0 su un confortevole autobus con aria condizionata e servizi igienici. Per evitare di raccogliere turisti da oltre 20 hotel e farvi risparmiare tempo, prima di partire da Sharm el-Sheikh sarete prelevati da un minibus, e poi salirete su un autobus pi\u00f9 grande;<\/li>\n<li>I cittadini del Kazakistan, Uzbekistan, Kirghizistan, Tagikistan e Armenia non sono ammessi alla frontiera israeliana (\u00e8 richiesto un visto ottenuto in precedenza presso il consolato israeliano &#8211; non disponiamo di informazioni su come e dove farlo, vi preghiamo di rivolgervi al vostro Ministero degli Affari Esteri o al consolato)<\/li>\n<\/ul>\n<p>Per prenotare l&#8217;escursione, clicca sull&#8217;icona del tuo messenger preferito a destra dello schermo e scrivici.<\/p>\n<h3>Porta con te:<\/h3>\n<p>Passaporto, assicurazione di viaggio, acqua, razione alimentare (da ordinare in anticipo alla reception), snack (cioccolato, noci, ecc.), vestiti caldi (in autobus c&#8217;\u00e8 l&#8217;aria condizionata), cuscino da viaggio, scarpe comode, scarpette da scoglio o ciabatte per nuotare nel lago salato, gel doccia (dopo il lago salato), cappello, denaro per l&#8217;escursione e spese extra.[\/vc_column_text][\/vc_column][\/vc_row][\/vc_section][vc_section][vc_row][vc_column]<div id=\"kapee-header-17310\" class=\"kapee-element kapee-heading text-left kapee-width-100 separator-none separator-between-heading\">\t\n\t\t\t\n\t\t\t<div class=\"heading-wrap\">\n\t\t\t<span class=\"separator-left\"><\/span>\n\t\t\t<h2 class=\"heading-title\">Domande frequenti (FAQ): <\/h2>\t\t\t<span class=\"separator-right\"><\/span>\n\t\t\t\t\t<\/div>\n\t\t\n    <\/div>[vc_toggle title=&#8221;Il vostro prezzo \u00e8 cos\u00ec basso&#8230; Probabilmente state facendo un servizio di bassa qualit\u00e0?&#8221; style=&#8221;square_outline&#8221; color=&#8221;sky&#8221;]Offriamo davvero alcuni dei prezzi pi\u00f9 bassi mantenendo un alto livello di servizio. Il motivo \u00e8 che siamo una societ\u00e0 di prenotazioni online per grandi operatori turistici in Egitto, il che ci consente di offrire prezzi molto competitivi grazie al nostro ampio volume di turisti. Prenotando con noi, ricevi un servizio di alta qualit\u00e0 senza pagare eccessivamente gli intermediari.[\/vc_toggle][vc_toggle title=&#8221;Che tipo di autobus e trasferimenti avete?&#8221; style=&#8221;square_outline&#8221; color=&#8221;sky&#8221;]Una variet\u00e0 di trasporti \u00e8 disponibile per l&#8217;uso degli organizzatori dell&#8217;evento all&#8217;interno del parco, tra cui auto, minivan e comodi autobus. Tutti i veicoli sono dotati di aria condizionata e sistemi di sicurezza. Per viaggi pi\u00f9 lunghi, vengono forniti autobus con servizi igienici. Inoltre, tutti i veicoli vengono sottoposti a regolari controlli di manutenzione e sanificazione, e possiedono le necessarie autorizzazioni turistiche. Inoltre, i conducenti vengono sottoposti a ispezioni dalla polizia turistica prima di ogni lungo viaggio.[\/vc_toggle][vc_toggle title=&#8221;Come e quando pago per il tour?&#8221; style=&#8221;square_outline&#8221; color=&#8221;sky&#8221;]Lavoriamo senza pagamento anticipato. Tutti i tour di gruppo vengono pagati sull&#8217;autobus o durante il tour stesso. Le eccezioni sono i pagamenti anticipati per i tour privati e i tour che richiedono l&#8217;acquisto di biglietti aerei o l&#8217;elaborazione di documenti. I nostri programmi principali vengono pagati direttamente durante il trasferimento o all&#8217;inizio del tour. Non \u00e8 necessario cercare qualcuno per pagare il tour. Un dipendente dell&#8217;organizzatore si avviciner\u00e0 a te. Puoi pagare in contanti in dollari USA, euro o sterline egiziane. Per la tua comodit\u00e0, offriamo anche la possibilit\u00e0 di trasferire fondi su una carta bancaria in rubli, grivnie ed euro al tasso di cambio o su un portafoglio di criptovaluta in USDT, prima del tour. Per informazioni pi\u00f9 dettagliate sui metodi di pagamento e sui rimborsi, consulta qui.[\/vc_toggle][vc_toggle title=&#8221;Hai una licenza turistica?&#8221; style=&#8221;square_outline&#8221; color=&#8221;sky&#8221;]L&#8217;Egitto \u00e8 un paese altamente regolamentato, specialmente quando si tratta di turismo. Affinch\u00e9 qualsiasi veicolo o yacht possa partire per un&#8217;escursione, \u00e8 necessario ottenere permessi giornalieri sia dalla polizia che dai militari. Se gli operatori turistici non hanno una valida licenza turistica, naturalmente non gli verranno concessi questi permessi. Ecco perch\u00e9 per alcune escursioni, potremmo richiedere copie dei vostri voucher e passaporti (questo vale per le escursioni marine a Sharm El-Sheikh, i tour privati e alcuni tour di gruppo se coinvolgono l&#8217;uscita dalla citt\u00e0. Per altre escursioni, i permessi vengono semplicemente rilasciati in base al numero di persone e non sono necessari i dettagli del passaporto).[\/vc_toggle][vc_toggle title=&#8221;Siamo assicurati durante l&#8217;escursione?&#8221; style=&#8221;square_outline&#8221; color=&#8221;sky&#8221;]<\/p>\n<p data-sourcepos=\"3:1-3:250\">Sfortunatamente, alcune guide degli hotel cercano di convincere i turisti che la loro assicurazione di viaggio \u00e8 presumibilmente invalida se prenotano escursioni con operatori turistici esterni, invece della loro stessa compagnia. Questo non \u00e8 vero.<\/p>\n<p data-sourcepos=\"5:1-5:148\">Innanzitutto, la tua assicurazione di viaggio \u00e8 valida in tutto l&#8217;Egitto, proprio come lo sarebbe se prenotassi con la compagnia di tour dell&#8217;hotel.<\/p>\n<p data-sourcepos=\"7:1-7:381\">In secondo luogo, se sei su una barca, un autobus o un altro mezzo di trasporto, l&#8217;organizzatore si assume la piena responsabilit\u00e0 assicurativa nei confronti dei passeggeri. Altrimenti, semplicemente non sarebbero in grado di ottenere un permesso per condurre attivit\u00e0 turistiche. L&#8217;Egitto ha regolamenti turistici piuttosto rigidi e sono necessari permessi prima di ogni viaggio.<\/p>\n<p>[\/vc_toggle][vc_toggle title=&#8221;Come posso recuperare un oggetto perso durante un tour?&#8221; style=&#8221;square_outline&#8221; color=&#8221;sky&#8221;]Ricordiamo sempre ai nostri ospiti di controllare attentamente di avere con s\u00e9 tutti i loro effetti personali prima di uscire dall&#8217;autobus o dallo yacht alla fine del tour. Sfortunatamente, recuperare oggetti smarriti pu\u00f2 essere piuttosto difficile a causa della partenza immediata dei veicoli per la pulizia e le complessit\u00e0 della logistica egiziana. Sebbene faremo il possibile per aiutarti a ritrovare i tuoi effetti personali, non possiamo garantire un tasso di recupero del 100%. Se riusciamo a trovare il tuo oggetto, ci sar\u00e0 una tassa di consegna di $5-10. Si prega di prestare attenzione ai propri effetti personali![\/vc_toggle][vc_toggle title=&#8221;Dovrei modificare i miei piani o aspettare per il tour?&#8221; style=&#8221;square_outline&#8221; color=&#8221;sky&#8221;]Abbiamo un significativo afflusso giornaliero di richieste di prenotazione per i nostri programmi da parte dei turisti. Di conseguenza, la maggior parte delle escursioni vengono organizzate quotidianamente o in specifici giorni della settimana seguendo un programma dettagliato fornito nella descrizione di ciascun programma. Dopo la prenotazione, ti invieremo l&#8217;ora esatta del prelievo dal tuo hotel. Molti tour saranno condotti con piccoli gruppi provenienti da vari hotel che hanno acquistato escursioni attraverso gli operatori turistici. L&#8217;unica differenza \u00e8 che i nostri prezzi sono del 40-60% pi\u00f9 bassi (i nostri organizzatori conducono tutte le principali escursioni a Hurghada e Sharm El-Sheikh per turisti di lingua russa).[\/vc_toggle][vc_toggle title=&#8221;Dove posso trovare il fotografo che ha scattato le foto durante il tour?&#8221; style=&#8221;square_outline&#8221; color=&#8221;sky&#8221;]Vorremmo informarvi che i fotografi che vi accompagnano durante le escursioni agiscono come rappresentanti indipendenti dei loro studi fotografici. Non fanno parte del nostro servizio online o del team organizzatore del programma. Tutti i termini e le condizioni relativi al servizio fotografico e al suo pagamento vengono discussi e concordati direttamente tra voi e il fotografo. Consigliamo di avvicinarsi ai pagamenti anticipati con cautela e di assicurarsi l&#8217;affidabilit\u00e0 dei servizi, nonch\u00e9 di ottenere tutte le informazioni di contatto del fotografo prima di effettuare qualsiasi pagamento.[\/vc_toggle][\/vc_column][\/vc_row][\/vc_section]<\/p>\n<\/section>","protected":false},"excerpt":{"rendered":"<p>Prezzo per adulti (da 2 anni in su): $140<br \/>\nPrezzo per bambini (a persona): $120<br \/>\nDurata stimata: [\u0423\u043a\u0430\u0436\u0438\u0442\u0435 \u043f\u0440\u043e\u0434\u043e\u043b\u0436\u0438\u0442\u0435\u043b\u044c\u043d\u043e\u0441\u0442\u044c]<br \/>\nGiorni della settimana: Marted\u00ec, Venerd\u00ec<\/p>\n<ul>\n<li>Prenotazione in 3 minuti<\/li>\n<li>Transfer dall&#8217;hotel<\/li>\n<li>Guida turistica di lingua russa<\/li>\n<li>Assicurazione inclusa<\/li>\n<li>Nessun costo aggiuntivo o commissione<\/li>\n<li>Recensioni con foto reali<\/li>\n<li>Assistenza di un responsabile personale<\/li>\n<\/ul>\n","protected":false},"featured_media":853,"template":"","meta":[],"product_cat":[28],"product_tag":[],"class_list":{"0":"post-831","1":"product","2":"type-product","3":"status-publish","4":"has-post-thumbnail","6":"product_cat-historical-from-sharm","8":"first","9":"instock","10":"shipping-taxable","11":"purchasable","12":"product-type-simple"},"_links":{"self":[{"href":"https:\/\/www.starkhattabychtours.com\/it\/wp-json\/wp\/v2\/product\/831","targetHints":{"allow":["GET"]}}],"collection":[{"href":"https:\/\/www.starkhattabychtours.com\/it\/wp-json\/wp\/v2\/product"}],"about":[{"href":"https:\/\/www.starkhattabychtours.com\/it\/wp-json\/wp\/v2\/types\/product"}],"wp:featuredmedia":[{"embeddable":true,"href":"https:\/\/www.starkhattabychtours.com\/it\/wp-json\/wp\/v2\/media\/853"}],"wp:attachment":[{"href":"https:\/\/www.starkhattabychtours.com\/it\/wp-json\/wp\/v2\/media?parent=831"}],"wp:term":[{"taxonomy":"product_cat","embeddable":true,"href":"https:\/\/www.starkhattabychtours.com\/it\/wp-json\/wp\/v2\/product_cat?post=831"},{"taxonomy":"product_tag","embeddable":true,"href":"https:\/\/www.starkhattabychtours.com\/it\/wp-json\/wp\/v2\/product_tag?post=831"}],"curies":[{"name":"wp","href":"https:\/\/api.w.org\/{rel}","templated":true}]}}