{"id":833,"date":"2024-10-03T16:15:41","date_gmt":"2024-10-03T16:15:41","guid":{"rendered":"https:\/\/www.starkhattabychtours.com\/it\/?post_type=product&#038;p=833"},"modified":"2024-10-06T11:05:49","modified_gmt":"2024-10-06T11:05:49","slug":"wadi-el-wehshwa-lost-land","status":"publish","type":"product","link":"https:\/\/www.starkhattabychtours.com\/it\/tour\/wadi-el-wehshwa-lost-land","title":{"rendered":"Wadi El-Wehshwa ha perso terreno"},"content":{"rendered":"<section class=\"wpb-content-wrapper\"><p>[vc_section][vc_row][vc_column width=&#8221;1\/2&#8243;][vc_column_text]<\/p>\n<p data-sourcepos=\"5:1-5:171\">L&#8217;escursione nel canyon \u00e8 temporaneamente sospesa a causa di una scala danneggiata. Fino a quando la scala non sar\u00e0 riparata, muoversi nella zona rappresenta un pericolo.<\/p>\n<p data-sourcepos=\"7:1-7:115\">Wadi-El-Weshwash \u00e8 una valle straordinaria, non lontano dalla citt\u00e0 di Nuweiba. Viene anche chiamata Terra Perduta.<\/p>\n<p data-sourcepos=\"9:1-9:229\">Nelle profondit\u00e0 delle montagne del Sinai si trova un interessante canyon, attraversando il quale si raggiunge uno straordinario lago d&#8217;acqua dolce che attira turisti da tutto il mondo per nuotare e scattare splendide fotografie.<\/p>\n<p data-sourcepos=\"11:1-11:308\">Wadi-El-Weshwash \u00e8 famosa per le sue gigantesche dune di sabbia, a forma di piramidi bianche e rosa. Queste dune si sono formate milioni di anni fa grazie all&#8217;accumulo di sabbia e all&#8217;azione del vento. Creano paesaggi mozzafiato, che cambiano dai toni chiari del rosa al dorato a seconda dell&#8217;ora del giorno.<\/p>\n<p data-sourcepos=\"13:1-13:300\">Circondata dal deserto, la Terra Perduta offre un&#8217;atmosfera unica di solitudine e tranquillit\u00e0. \u00c8 il luogo ideale per gli amanti della natura, i fotografi e gli esploratori. \u00c8 possibile passeggiare tra le dune di sabbia, ammirando la vista del deserto infinito e le sorprendenti sfumature di colore.<\/p>\n<p>[\/vc_column_text][vc_column_text]<\/p>\n<p data-sourcepos=\"3:1-3:229\">Oltre alle dune, Wadi El-Weswash \u00e8 famosa per le sue &#8220;marche&#8221;, ossia creste sabbiose modellate dal vento e adornate da forme trapezoidali. Questo \u00e8 un altro fenomeno naturale straordinario che lascia i visitatori a bocca aperta.<\/p>\n<p data-sourcepos=\"5:1-5:203\">Attenzione! Questa escursione \u00e8 piuttosto attiva, poich\u00e9 prevede un breve trekking nel canyon, per una distanza di 3 km a senso unico. L&#8217;escursione non \u00e8 sempre adatta ai bambini (a vostra discrezione).<\/p>\n<p>[\/vc_column_text][\/vc_column][vc_column width=&#8221;1\/2&#8243;][vc_images_carousel images=&#8221;857,856&#8243; img_size=&#8221;full&#8221; onclick=&#8221;link_no&#8221; autoplay=&#8221;yes&#8221; wrap=&#8221;yes&#8221;][\/vc_column][\/vc_row][vc_row][vc_column][vc_column_text]<\/p>\n<h2>Cosa include il tour*:<\/h2>\n<ul>\n<li>Trasferimento dall&#8217;hotel a Dahab intorno alle 07:00 (l&#8217;orario esatto verr\u00e0 comunicato dopo la prenotazione; il viaggio dura circa 3 ore con una sosta per il bagno e un caff\u00e8, a seconda della posizione dell&#8217;hotel);<\/li>\n<li>Arrivo al punto noleggio attrezzatura per snorkeling (nuoto con maschera e boccaglio);<\/li>\n<li>Arrivo sulla costa per una passeggiata e un servizio fotografico a dorso di cammello lungo il mare, circa 5-10 minuti;<\/li>\n<li>Snorkeling nella riserva naturale (\u00e8 obbligatorio avere con s\u00e9 un giubbotto salvagente, una muta e pinne &#8211; il nuoto in questo luogo \u00e8 vietato senza questi oggetti &#8211; \u00e8 possibile noleggiarli presso il punto di noleggio);<\/li>\n<li>Relax e pranzo in un caff\u00e8 sulla spiaggia (pollo, riso, insalata);<\/li>\n<li>Sulla strada per Nuweiba, sosta a Dahab per lo shopping, circa 30-40 minuti (\u00e8 possibile acquistare souvenir, oli, oli aromatici, gioielli);<\/li>\n<li>Partenza prevista da Nuweiba verso il canyon di Wadi El-Weswash in jeep alle 13:00 (circa 10 minuti di guida fuoristrada attiva in profondit\u00e0 nelle montagne);<\/li>\n<li>Passeggiata nel canyon fino al lago per 3 km, accompagnati da una guida e con viste magnifiche (alla fine \u00e8 necessario attraversare strette aperture nelle montagne);<\/li>\n<li>Nuotata nel lago e scatti fotografici mozzafiato;<\/li>\n<li>Intorno alle 16:00 partenza in jeep per tornare agli autobus;<\/li>\n<li>Rientro a Sharm el-Sheikh intorno alle 19:00-20:00.<\/li>\n<\/ul>\n<h5>*L&#8217;ORDINE DEL PROGRAMMA PU\u00d2 VARIARE IN BASE ALLA DECISIONE DELLA GUIDA SUL POSTO E AL FLUSSO TURISTICO AI LUOGHI DI INTERESSE.<br \/>\nREQUISITO DELLA POLIZIA TURISTICA. SE NON SI DESIDERANO QUESTI OGGETTI, \u00c8 NECESSARIO RIVOLGERSI ALLA GUIDA E FIRMARE UN DOCUMENTO IN CUI CI SI ASSUME LA RESPONSABILIT\u00c0 IN CASO DI EVENTUALI INCIDENTI<\/h5>\n<p>[\/vc_column_text][\/vc_column][\/vc_row][vc_row][vc_column][vc_column_text]<\/p>\n<h3 data-sourcepos=\"5:1-5:39\">Nel prezzo dell&#8217;escursione \u00e8 incluso:<\/h3>\n<ul data-sourcepos=\"6:1-11:0\">\n<li data-sourcepos=\"6:1-6:12\">Trasporto;<\/li>\n<li data-sourcepos=\"7:1-7:34\">Guida turistica di lingua russa;<\/li>\n<li data-sourcepos=\"8:1-8:26\">Passeggiata in cammello;<\/li>\n<li data-sourcepos=\"9:1-9:35\">Trasporto in jeep fino al canyon;<\/li>\n<li data-sourcepos=\"10:1-11:0\">Pranzo in un caff\u00e8 sul mare.<\/li>\n<\/ul>\n<h3 data-sourcepos=\"12:1-12:41\">Non incluso nel prezzo dell&#8217;escursione:<\/h3>\n<ul data-sourcepos=\"13:1-15:0\">\n<li data-sourcepos=\"13:1-13:162\">Maschera e boccaglio ($2), pinne ($3), giubbotto salvagente ($4), muta ($5) &#8211; noleggiabili in loco, il prezzo esatto va verificato in loco (non dipende da noi);<\/li>\n<li data-sourcepos=\"14:1-15:0\">Bevande durante il pranzo ($1-2).<\/li>\n<\/ul>\n<h6 data-sourcepos=\"16:1-16:44\">Bambini fino a 4 anni compresi &#8211; Gratuito!<\/h6>\n<p>[\/vc_column_text][vc_column_text]<\/p>\n<div class=\"presented-response-container ng-tns-c2865513768-120\">\n<div class=\"response-container-content ng-tns-c2865513768-120 tunable-selection-with-avatar\">\n<div class=\"response-content ng-tns-c2865513768-120\">\n<div class=\"markdown markdown-main-panel\" dir=\"ltr\">\n<h2 data-sourcepos=\"3:1-3:28\">Informazione aggiuntiva:<\/h2>\n<p data-sourcepos=\"5:1-10:123\">Importante! Per l&#8217;escursione \u00e8 necessario portare con s\u00e9 l&#8217;originale E una copia del passaporto (richiesta frequente della polizia in uscita da Sharm el-Sheikh); Il trasferimento viene effettuato su comodi minibus con aria condizionata; Alla guida del quad sono ammessi adolescenti a partire dai 15 anni circa; Si sconsiglia di portare bambini piccoli, la passeggiata fino al canyon richiede resistenza; A Sharm el-Sheikh \u00e8 disponibile solo un organizzatore di questo programma, quindi non possiamo influenzare la qualit\u00e0 dell&#8217;escursione e la qualificazione delle guide. Il noleggio dell&#8217;attrezzatura per lo snorkeling \u00e8 obbligatorio. Se le condizioni non ti soddisfano, puoi rinunciare a nuotare.<\/p>\n<h4 data-sourcepos=\"5:1-10:123\">PER PRENOTARE L&#8217;ESCURSIONE &#8211; CLICCA SULL&#8217;ICONA DEL MESSENGER CHE PREFERISCI SULLA PARTE DESTRA DELLO SCHERMO E SCRIVICI<\/h4>\n<h3 data-sourcepos=\"12:1-12:13\">Porta con te:<\/h3>\n<p data-sourcepos=\"14:1-14:327\">Passaporto originale E la sua copia (richiesto dalla polizia turistica), scarpe comode per il trekking, asciugamano, costume da bagno, occhiali da sole, salviette umidificate, crema solare, cappello, power bank per caricare il telefono, acqua, uno spuntino leggero per il viaggio (snack, noci, frutta), denaro per spese minori.<\/p>\n<\/div>\n<\/div>\n<\/div>\n<\/div>\n<p>[\/vc_column_text][\/vc_column][\/vc_row][\/vc_section][vc_section][vc_row][vc_column]<div id=\"kapee-header-69874\" class=\"kapee-element kapee-heading text-left kapee-width-100 separator-none separator-between-heading\">\t\n\t\t\t\n\t\t\t<div class=\"heading-wrap\">\n\t\t\t<span class=\"separator-left\"><\/span>\n\t\t\t<h2 class=\"heading-title\">Domande frequenti (FAQ): <\/h2>\t\t\t<span class=\"separator-right\"><\/span>\n\t\t\t\t\t<\/div>\n\t\t\n    <\/div>[vc_toggle title=&#8221;Il vostro prezzo \u00e8 cos\u00ec basso&#8230; Probabilmente state facendo un servizio di bassa qualit\u00e0?&#8221; style=&#8221;square_outline&#8221; color=&#8221;sky&#8221;]Offriamo davvero alcuni dei prezzi pi\u00f9 bassi mantenendo un alto livello di servizio. Il motivo \u00e8 che siamo una societ\u00e0 di prenotazioni online per grandi operatori turistici in Egitto, il che ci consente di offrire prezzi molto competitivi grazie al nostro ampio volume di turisti. Prenotando con noi, ricevi un servizio di alta qualit\u00e0 senza pagare eccessivamente gli intermediari.[\/vc_toggle][vc_toggle title=&#8221;Che tipo di autobus e trasferimenti avete?&#8221; style=&#8221;square_outline&#8221; color=&#8221;sky&#8221;]Una variet\u00e0 di trasporti \u00e8 disponibile per l&#8217;uso degli organizzatori dell&#8217;evento all&#8217;interno del parco, tra cui auto, minivan e comodi autobus. Tutti i veicoli sono dotati di aria condizionata e sistemi di sicurezza. Per viaggi pi\u00f9 lunghi, vengono forniti autobus con servizi igienici. Inoltre, tutti i veicoli vengono sottoposti a regolari controlli di manutenzione e sanificazione, e possiedono le necessarie autorizzazioni turistiche. Inoltre, i conducenti vengono sottoposti a ispezioni dalla polizia turistica prima di ogni lungo viaggio.[\/vc_toggle][vc_toggle title=&#8221;Come e quando pago per il tour?&#8221; style=&#8221;square_outline&#8221; color=&#8221;sky&#8221;]Lavoriamo senza pagamento anticipato. Tutti i tour di gruppo vengono pagati sull&#8217;autobus o durante il tour stesso. Le eccezioni sono i pagamenti anticipati per i tour privati e i tour che richiedono l&#8217;acquisto di biglietti aerei o l&#8217;elaborazione di documenti. I nostri programmi principali vengono pagati direttamente durante il trasferimento o all&#8217;inizio del tour. Non \u00e8 necessario cercare qualcuno per pagare il tour. Un dipendente dell&#8217;organizzatore si avviciner\u00e0 a te. Puoi pagare in contanti in dollari USA, euro o sterline egiziane. Per la tua comodit\u00e0, offriamo anche la possibilit\u00e0 di trasferire fondi su una carta bancaria in rubli, grivnie ed euro al tasso di cambio o su un portafoglio di criptovaluta in USDT, prima del tour. Per informazioni pi\u00f9 dettagliate sui metodi di pagamento e sui rimborsi, consulta qui.[\/vc_toggle][vc_toggle title=&#8221;Hai una licenza turistica?&#8221; style=&#8221;square_outline&#8221; color=&#8221;sky&#8221;]L&#8217;Egitto \u00e8 un paese altamente regolamentato, specialmente quando si tratta di turismo. Affinch\u00e9 qualsiasi veicolo o yacht possa partire per un&#8217;escursione, \u00e8 necessario ottenere permessi giornalieri sia dalla polizia che dai militari. Se gli operatori turistici non hanno una valida licenza turistica, naturalmente non gli verranno concessi questi permessi. Ecco perch\u00e9 per alcune escursioni, potremmo richiedere copie dei vostri voucher e passaporti (questo vale per le escursioni marine a Sharm El-Sheikh, i tour privati e alcuni tour di gruppo se coinvolgono l&#8217;uscita dalla citt\u00e0. Per altre escursioni, i permessi vengono semplicemente rilasciati in base al numero di persone e non sono necessari i dettagli del passaporto).[\/vc_toggle][vc_toggle title=&#8221;Siamo assicurati durante l&#8217;escursione?&#8221; style=&#8221;square_outline&#8221; color=&#8221;sky&#8221;]<\/p>\n<p data-sourcepos=\"3:1-3:250\">Sfortunatamente, alcune guide degli hotel cercano di convincere i turisti che la loro assicurazione di viaggio \u00e8 presumibilmente invalida se prenotano escursioni con operatori turistici esterni, invece della loro stessa compagnia. Questo non \u00e8 vero.<\/p>\n<p data-sourcepos=\"5:1-5:148\">Innanzitutto, la tua assicurazione di viaggio \u00e8 valida in tutto l&#8217;Egitto, proprio come lo sarebbe se prenotassi con la compagnia di tour dell&#8217;hotel.<\/p>\n<p data-sourcepos=\"7:1-7:381\">In secondo luogo, se sei su una barca, un autobus o un altro mezzo di trasporto, l&#8217;organizzatore si assume la piena responsabilit\u00e0 assicurativa nei confronti dei passeggeri. Altrimenti, semplicemente non sarebbero in grado di ottenere un permesso per condurre attivit\u00e0 turistiche. L&#8217;Egitto ha regolamenti turistici piuttosto rigidi e sono necessari permessi prima di ogni viaggio.<\/p>\n<p>[\/vc_toggle][vc_toggle title=&#8221;Come posso recuperare un oggetto perso durante un tour?&#8221; style=&#8221;square_outline&#8221; color=&#8221;sky&#8221;]Ricordiamo sempre ai nostri ospiti di controllare attentamente di avere con s\u00e9 tutti i loro effetti personali prima di uscire dall&#8217;autobus o dallo yacht alla fine del tour. Sfortunatamente, recuperare oggetti smarriti pu\u00f2 essere piuttosto difficile a causa della partenza immediata dei veicoli per la pulizia e le complessit\u00e0 della logistica egiziana. Sebbene faremo il possibile per aiutarti a ritrovare i tuoi effetti personali, non possiamo garantire un tasso di recupero del 100%. Se riusciamo a trovare il tuo oggetto, ci sar\u00e0 una tassa di consegna di $5-10. Si prega di prestare attenzione ai propri effetti personali![\/vc_toggle][vc_toggle title=&#8221;Dovrei modificare i miei piani o aspettare per il tour?&#8221; style=&#8221;square_outline&#8221; color=&#8221;sky&#8221;]Abbiamo un significativo afflusso giornaliero di richieste di prenotazione per i nostri programmi da parte dei turisti. Di conseguenza, la maggior parte delle escursioni vengono organizzate quotidianamente o in specifici giorni della settimana seguendo un programma dettagliato fornito nella descrizione di ciascun programma. Dopo la prenotazione, ti invieremo l&#8217;ora esatta del prelievo dal tuo hotel. Molti tour saranno condotti con piccoli gruppi provenienti da vari hotel che hanno acquistato escursioni attraverso gli operatori turistici. L&#8217;unica differenza \u00e8 che i nostri prezzi sono del 40-60% pi\u00f9 bassi (i nostri organizzatori conducono tutte le principali escursioni a Hurghada e Sharm El-Sheikh per turisti di lingua russa).[\/vc_toggle][vc_toggle title=&#8221;Dove posso trovare il fotografo che ha scattato le foto durante il tour?&#8221; style=&#8221;square_outline&#8221; color=&#8221;sky&#8221;]Vorremmo informarvi che i fotografi che vi accompagnano durante le escursioni agiscono come rappresentanti indipendenti dei loro studi fotografici. Non fanno parte del nostro servizio online o del team organizzatore del programma. Tutti i termini e le condizioni relativi al servizio fotografico e al suo pagamento vengono discussi e concordati direttamente tra voi e il fotografo. Consigliamo di avvicinarsi ai pagamenti anticipati con cautela e di assicurarsi l&#8217;affidabilit\u00e0 dei servizi, nonch\u00e9 di ottenere tutte le informazioni di contatto del fotografo prima di effettuare qualsiasi pagamento.[\/vc_toggle][\/vc_column][\/vc_row][\/vc_section]<\/p>\n<\/section>","protected":false},"excerpt":{"rendered":"<p>Prezzo &#8211; adulti (dai 12 anni) $35<br \/>\nPrezzo &#8211; bambini (dai 5 agli 11 anni) $15<br \/>\nDurata stimata 12 ore<br \/>\nGiorni della settimana: Marted\u00ec<\/p>\n<ul>\n<li>Prenotazione in 3 minuti<\/li>\n<li>Nessun pagamento anticipato<\/li>\n<li>Transfer dall&#8217;hotel<\/li>\n<li>Assicurazione inclusa<\/li>\n<li>Guida parlante russo<\/li>\n<li>Nessun costo aggiuntivo o commissioni<\/li>\n<li>Foto e recensioni autentiche<\/li>\n<li>Assistente personale<\/li>\n<\/ul>\n","protected":false},"featured_media":855,"template":"","meta":[],"product_cat":[31],"product_tag":[],"class_list":{"0":"post-833","1":"product","2":"type-product","3":"status-publish","4":"has-post-thumbnail","6":"product_cat-sharm-entertainment","8":"first","9":"instock","10":"shipping-taxable","11":"purchasable","12":"product-type-simple"},"_links":{"self":[{"href":"https:\/\/www.starkhattabychtours.com\/it\/wp-json\/wp\/v2\/product\/833","targetHints":{"allow":["GET"]}}],"collection":[{"href":"https:\/\/www.starkhattabychtours.com\/it\/wp-json\/wp\/v2\/product"}],"about":[{"href":"https:\/\/www.starkhattabychtours.com\/it\/wp-json\/wp\/v2\/types\/product"}],"wp:featuredmedia":[{"embeddable":true,"href":"https:\/\/www.starkhattabychtours.com\/it\/wp-json\/wp\/v2\/media\/855"}],"wp:attachment":[{"href":"https:\/\/www.starkhattabychtours.com\/it\/wp-json\/wp\/v2\/media?parent=833"}],"wp:term":[{"taxonomy":"product_cat","embeddable":true,"href":"https:\/\/www.starkhattabychtours.com\/it\/wp-json\/wp\/v2\/product_cat?post=833"},{"taxonomy":"product_tag","embeddable":true,"href":"https:\/\/www.starkhattabychtours.com\/it\/wp-json\/wp\/v2\/product_tag?post=833"}],"curies":[{"name":"wp","href":"https:\/\/api.w.org\/{rel}","templated":true}]}}