{"id":84,"date":"2024-09-04T07:03:15","date_gmt":"2024-09-04T07:03:15","guid":{"rendered":"https:\/\/www.starkhattabychtours.com\/it\/?post_type=product&#038;p=84"},"modified":"2024-10-06T05:22:18","modified_gmt":"2024-10-06T05:22:18","slug":"sharm-el-naga-coral-reserve-in-soma-bay","status":"publish","type":"product","link":"https:\/\/www.starkhattabychtours.com\/it\/tour\/sharm-el-naga-coral-reserve-in-soma-bay","title":{"rendered":"Riserva Corallina di Sharm El Naga a Soma Bay"},"content":{"rendered":"<section class=\"wpb-content-wrapper\"><p>[vc_section][vc_row][vc_column width=&#8221;1\/2&#8243;][vc_column_text]<\/p>\n<p data-sourcepos=\"3:1-3:434\"><strong>Un viaggio alla Riserva di Sharm El Naga da Hurghada \u00e8 un&#8217;incredibile avventura nel mondo sottomarino e un paradiso per gli appassionati di snorkeling.<\/strong> La riserva si trova a nord di Hurghada ed \u00e8 stata appositamente creata per proteggere la fauna e la flora locali, nonch\u00e9 per preservare le splendide barriere coralline vicino alla costa del Mar Rosso. Circondata da montagne, offre un&#8217;esperienza calma e senza vento tutto l&#8217;anno.<\/p>\n<p data-sourcepos=\"5:1-5:308\">I viaggiatori in cerca di nuove ed emozionanti avventure dovrebbero assolutamente provare un viaggio a Sharm El Naga, situato in un angolo bellissimo dell&#8217;Egitto! Questo entusiasmante tour offre un&#8217;esperienza indimenticabile, permettendoti di immergerti in tutti gli aspetti di questo luogo affascinante.<\/p>\n<p data-sourcepos=\"5:1-5:308\">Come parte del programma, potrai osservare la vita degli abitanti locali del mondo sottomarino nei giardini corallini, come pesci pagliaccio, pesci colorati, tartarughe, murene e molto altro. L&#8217;ingresso dalla spiaggia gentile e sabbiosa lo rende confortevole da trascorrere anche con bambini piccoli! Un mondo sottomarino veramente straordinario che prima potevi vedere solo sugli schermi televisivi.<\/p>\n<p>[\/vc_column_text][\/vc_column][vc_column width=&#8221;1\/2&#8243;][vc_images_carousel images=&#8221;772,773&#8243; img_size=&#8221;full&#8221; onclick=&#8221;link_no&#8221; autoplay=&#8221;yes&#8221; wrap=&#8221;yes&#8221;][\/vc_column][\/vc_row][vc_row][vc_column width=&#8221;1\/2&#8243;][vc_column_text]<\/p>\n<h3 data-sourcepos=\"3:1-3:28\"><strong>Cosa \u00e8 incluso nel tour:<\/strong><\/h3>\n<ul data-sourcepos=\"5:1-11:0\">\n<li data-sourcepos=\"5:1-5:220\"><strong>Partenza:<\/strong> partenza da Hurghada verso la zona di Soma Bay intorno alle 8:30 AM (l&#8217;orario esatto verr\u00e0 comunicato dopo la prenotazione, il tempo di viaggio approssimativo \u00e8 di circa un&#8217;ora in una comoda auto, 40 km);<\/li>\n<li data-sourcepos=\"6:1-6:61\"><strong>Accomodamento:<\/strong> sistemazione su una spiaggia attrezzata;<\/li>\n<li data-sourcepos=\"7:1-7:76\"><strong>Snorkeling e nuoto:<\/strong> snorkeling e nuoto vicino alle barriere coralline;<\/li>\n<li data-sourcepos=\"8:1-8:30\"><strong>Pranzo:<\/strong> pranzo a buffet;<\/li>\n<li data-sourcepos=\"9:1-9:61\"><strong>Ritorno:<\/strong> trasferimento di ritorno intorno alle 4:00 PM;<\/li>\n<li data-sourcepos=\"10:1-11:0\"><strong>Ritorno in hotel:<\/strong> ritorno in hotel intorno alle 5:00 PM.<\/li>\n<\/ul>\n<p>[\/vc_column_text][\/vc_column][vc_column width=&#8221;1\/2&#8243;][vc_column_text]<\/p>\n<h3 data-sourcepos=\"3:1-3:32\"><strong>Incluso nel prezzo del tour:<\/strong><\/h3>\n<ul data-sourcepos=\"5:1-11:0\">\n<li data-sourcepos=\"5:1-5:51\"><strong>Ingresso:<\/strong> biglietti d&#8217;ingresso alla spiaggia;<\/li>\n<li data-sourcepos=\"6:1-6:30\"><strong>Pranzo:<\/strong> pranzo a buffet;<\/li>\n<li data-sourcepos=\"7:1-7:51\"><strong>Guida:<\/strong> guida professionale per lo snorkeling;<\/li>\n<li data-sourcepos=\"8:1-8:87\"><strong>Servizi:<\/strong> tutti i servizi della spiaggia (piscina, ombrelloni, lettini, toilette);<\/li>\n<li data-sourcepos=\"9:1-9:106\"><strong>Attrezzatura:<\/strong> attrezzatura per lo snorkeling (maschera, boccaglio, pinne, giubbotto di salvataggio);<\/li>\n<li data-sourcepos=\"10:1-11:0\"><strong>Trasporto:<\/strong> trasporto alla riserva (aree: El Gouna, Sahl Hasheesh e Makadi &#8211; supplemento di $10* andata e ritorno. Area di Safaga &#8211; supplemento di $20* andata e ritorno. *Il prezzo \u00e8 indicato per una prenotazione andata e ritorno, fino a 6 persone. Il trasferimento pu\u00f2 essere condiviso.)<\/li>\n<\/ul>\n<p>[\/vc_column_text][\/vc_column][\/vc_row][vc_row][vc_column][vc_column_text]<\/p>\n<h2 data-sourcepos=\"3:1-3:43\"><strong>Cosa non \u00e8 incluso nel prezzo del tour:<\/strong><\/h2>\n<ul data-sourcepos=\"5:1-9:0\">\n<li data-sourcepos=\"5:1-5:32\"><strong>Mance:<\/strong> mance (facoltative)<\/li>\n<li data-sourcepos=\"6:1-6:40\"><strong>Bevande:<\/strong> bevande durante il pranzo<\/li>\n<li data-sourcepos=\"7:1-7:38\"><strong>Spese personali:<\/strong> spese personali<\/li>\n<\/ul>\n<p><strong>Bambini: bambini fino a 5 anni &#8211; gratuito<\/strong><\/p>\n<h2 data-sourcepos=\"10:1-10:28\"><strong>Informazioni aggiuntive:<\/strong><\/h2>\n<ul data-sourcepos=\"12:1-17:0\">\n<li data-sourcepos=\"12:1-12:99\"><strong>Importante:<\/strong> se una persona viaggia da sola, il prezzo sar\u00e0 di $50 (costo minimo del viaggio).<\/li>\n<li data-sourcepos=\"13:1-13:132\"><strong>Barriere:<\/strong> le barriere coralline sono recintate con boe ed \u00e8 vietato nuotare vicino ad esse, l&#8217;osservazione avviene a distanza.<\/li>\n<li data-sourcepos=\"14:1-14:115\"><strong>Guida:<\/strong> a volte potrebbe esserci solo una guida parlante inglese per lo snorkeling durante un turno di lavoro.<\/li>\n<li data-sourcepos=\"15:1-15:346\"><strong>Prezzi:<\/strong> alcuni turisti ritengono che il costo del tour sia elevato rispetto ai nostri tour marini a prezzi pi\u00f9 bassi. Tuttavia, i prezzi sono stabiliti dai proprietari del territorio e includono i biglietti per la riserva di Sharm El Naga e il trasferimento. Le visite individuali sono spesso pi\u00f9 costose a causa degli alti prezzi dei taxi.<\/li>\n<li data-sourcepos=\"16:1-17:0\"><strong>Prenotazione:<\/strong> per prenotare un tour, clicca sull&#8217;icona del messenger che ti \u00e8 pi\u00f9 conveniente sul lato destro dello schermo e scrivici.<\/li>\n<\/ul>\n<p>[\/vc_column_text][\/vc_column][\/vc_row][\/vc_section][vc_section][vc_row][vc_column]<div id=\"kapee-header-2590\" class=\"kapee-element kapee-heading text-left kapee-width-100 separator-none separator-between-heading\">\t\n\t\t\t\n\t\t\t<div class=\"heading-wrap\">\n\t\t\t<span class=\"separator-left\"><\/span>\n\t\t\t<h2 class=\"heading-title\">Domande frequenti (FAQ): <\/h2>\t\t\t<span class=\"separator-right\"><\/span>\n\t\t\t\t\t<\/div>\n\t\t\n    <\/div>[vc_toggle title=&#8221;Il vostro prezzo \u00e8 cos\u00ec basso&#8230; Probabilmente state facendo un servizio di bassa qualit\u00e0?&#8221; style=&#8221;square_outline&#8221; color=&#8221;sky&#8221;]Offriamo davvero alcuni dei prezzi pi\u00f9 bassi mantenendo un alto livello di servizio. Il motivo \u00e8 che siamo una societ\u00e0 di prenotazioni online per grandi operatori turistici in Egitto, il che ci consente di offrire prezzi molto competitivi grazie al nostro ampio volume di turisti. Prenotando con noi, ricevi un servizio di alta qualit\u00e0 senza pagare eccessivamente gli intermediari.[\/vc_toggle][vc_toggle title=&#8221;Che tipo di autobus e trasferimenti avete?&#8221; style=&#8221;square_outline&#8221; color=&#8221;sky&#8221;]Una variet\u00e0 di trasporti \u00e8 disponibile per l&#8217;uso degli organizzatori dell&#8217;evento all&#8217;interno del parco, tra cui auto, minivan e comodi autobus. Tutti i veicoli sono dotati di aria condizionata e sistemi di sicurezza. Per viaggi pi\u00f9 lunghi, vengono forniti autobus con servizi igienici. Inoltre, tutti i veicoli vengono sottoposti a regolari controlli di manutenzione e sanificazione, e possiedono le necessarie autorizzazioni turistiche. Inoltre, i conducenti vengono sottoposti a ispezioni dalla polizia turistica prima di ogni lungo viaggio.[\/vc_toggle][vc_toggle title=&#8221;Come e quando pago per il tour?&#8221; style=&#8221;square_outline&#8221; color=&#8221;sky&#8221;]Lavoriamo senza pagamento anticipato. Tutti i tour di gruppo vengono pagati sull&#8217;autobus o durante il tour stesso. Le eccezioni sono i pagamenti anticipati per i tour privati e i tour che richiedono l&#8217;acquisto di biglietti aerei o l&#8217;elaborazione di documenti. I nostri programmi principali vengono pagati direttamente durante il trasferimento o all&#8217;inizio del tour. Non \u00e8 necessario cercare qualcuno per pagare il tour. Un dipendente dell&#8217;organizzatore si avviciner\u00e0 a te. Puoi pagare in contanti in dollari USA, euro o sterline egiziane. Per la tua comodit\u00e0, offriamo anche la possibilit\u00e0 di trasferire fondi su una carta bancaria in rubli, grivnie ed euro al tasso di cambio o su un portafoglio di criptovaluta in USDT, prima del tour. Per informazioni pi\u00f9 dettagliate sui metodi di pagamento e sui rimborsi, consulta qui.[\/vc_toggle][vc_toggle title=&#8221;Hai una licenza turistica?&#8221; style=&#8221;square_outline&#8221; color=&#8221;sky&#8221;]L&#8217;Egitto \u00e8 un paese altamente regolamentato, specialmente quando si tratta di turismo. Affinch\u00e9 qualsiasi veicolo o yacht possa partire per un&#8217;escursione, \u00e8 necessario ottenere permessi giornalieri sia dalla polizia che dai militari. Se gli operatori turistici non hanno una valida licenza turistica, naturalmente non gli verranno concessi questi permessi. Ecco perch\u00e9 per alcune escursioni, potremmo richiedere copie dei vostri voucher e passaporti (questo vale per le escursioni marine a Sharm El-Sheikh, i tour privati e alcuni tour di gruppo se coinvolgono l&#8217;uscita dalla citt\u00e0. Per altre escursioni, i permessi vengono semplicemente rilasciati in base al numero di persone e non sono necessari i dettagli del passaporto).[\/vc_toggle][vc_toggle title=&#8221;Siamo assicurati durante l&#8217;escursione?&#8221; style=&#8221;square_outline&#8221; color=&#8221;sky&#8221;]<\/p>\n<p data-sourcepos=\"3:1-3:250\">Sfortunatamente, alcune guide degli hotel cercano di convincere i turisti che la loro assicurazione di viaggio \u00e8 presumibilmente invalida se prenotano escursioni con operatori turistici esterni, invece della loro stessa compagnia. Questo non \u00e8 vero.<\/p>\n<p data-sourcepos=\"5:1-5:148\">Innanzitutto, la tua assicurazione di viaggio \u00e8 valida in tutto l&#8217;Egitto, proprio come lo sarebbe se prenotassi con la compagnia di tour dell&#8217;hotel.<\/p>\n<p data-sourcepos=\"7:1-7:381\">In secondo luogo, se sei su una barca, un autobus o un altro mezzo di trasporto, l&#8217;organizzatore si assume la piena responsabilit\u00e0 assicurativa nei confronti dei passeggeri. Altrimenti, semplicemente non sarebbero in grado di ottenere un permesso per condurre attivit\u00e0 turistiche. L&#8217;Egitto ha regolamenti turistici piuttosto rigidi e sono necessari permessi prima di ogni viaggio.<\/p>\n<p>[\/vc_toggle][vc_toggle title=&#8221;Come posso recuperare un oggetto perso durante un tour?&#8221; style=&#8221;square_outline&#8221; color=&#8221;sky&#8221;]Ricordiamo sempre ai nostri ospiti di controllare attentamente di avere con s\u00e9 tutti i loro effetti personali prima di uscire dall&#8217;autobus o dallo yacht alla fine del tour. Sfortunatamente, recuperare oggetti smarriti pu\u00f2 essere piuttosto difficile a causa della partenza immediata dei veicoli per la pulizia e le complessit\u00e0 della logistica egiziana. Sebbene faremo il possibile per aiutarti a ritrovare i tuoi effetti personali, non possiamo garantire un tasso di recupero del 100%. Se riusciamo a trovare il tuo oggetto, ci sar\u00e0 una tassa di consegna di $5-10. Si prega di prestare attenzione ai propri effetti personali![\/vc_toggle][vc_toggle title=&#8221;Dovrei modificare i miei piani o aspettare per il tour?&#8221; style=&#8221;square_outline&#8221; color=&#8221;sky&#8221;]Abbiamo un significativo afflusso giornaliero di richieste di prenotazione per i nostri programmi da parte dei turisti. Di conseguenza, la maggior parte delle escursioni vengono organizzate quotidianamente o in specifici giorni della settimana seguendo un programma dettagliato fornito nella descrizione di ciascun programma. Dopo la prenotazione, ti invieremo l&#8217;ora esatta del prelievo dal tuo hotel. Molti tour saranno condotti con piccoli gruppi provenienti da vari hotel che hanno acquistato escursioni attraverso gli operatori turistici. L&#8217;unica differenza \u00e8 che i nostri prezzi sono del 40-60% pi\u00f9 bassi (i nostri organizzatori conducono tutte le principali escursioni a Hurghada e Sharm El-Sheikh per turisti di lingua russa).[\/vc_toggle][vc_toggle title=&#8221;Dove posso trovare il fotografo che ha scattato le foto durante il tour?&#8221; style=&#8221;square_outline&#8221; color=&#8221;sky&#8221;]Vorremmo informarvi che i fotografi che vi accompagnano durante le escursioni agiscono come rappresentanti indipendenti dei loro studi fotografici. Non fanno parte del nostro servizio online o del team organizzatore del programma. Tutti i termini e le condizioni relativi al servizio fotografico e al suo pagamento vengono discussi e concordati direttamente tra voi e il fotografo. Consigliamo di avvicinarsi ai pagamenti anticipati con cautela e di assicurarsi l&#8217;affidabilit\u00e0 dei servizi, nonch\u00e9 di ottenere tutte le informazioni di contatto del fotografo prima di effettuare qualsiasi pagamento.[\/vc_toggle][\/vc_column][\/vc_row][\/vc_section]<\/p>\n<\/section>","protected":false},"excerpt":{"rendered":"<ul>\n<li><strong>Prezzo &#8211; adulti (a persona) <\/strong>$35<\/li>\n<li><strong>Prezzo &#8211; bambini (et\u00e0 6-12)<\/strong> $18<\/li>\n<li><strong>Durata stimata <\/strong>8 ore<\/li>\n<li><strong>Giorni della settimana\u00a0 <\/strong>Quotidiano<\/li>\n<\/ul>\n<p>&nbsp;<\/p>\n<ul>\n<li data-sourcepos=\"4:1-4:30\">Prenotazione in 3 minuti<\/li>\n<li data-sourcepos=\"5:1-5:33\">Nessun pagamento anticipato<\/li>\n<li data-sourcepos=\"6:1-6:30\">Trasferimento dall&#8217;hotel<\/li>\n<li data-sourcepos=\"7:1-7:27\">Assicurazione inclusa<\/li>\n<li data-sourcepos=\"8:1-8:26\">Guida parlante russo<\/li>\n<li data-sourcepos=\"9:1-9:47\">Nessun pagamento aggiuntivo o commissioni<\/li>\n<li data-sourcepos=\"10:1-10:29\">Foto e recensioni reali<\/li>\n<li data-sourcepos=\"11:1-12:0\">Gestore personale<\/li>\n<\/ul>\n","protected":false},"featured_media":341,"template":"","meta":[],"product_cat":[17],"product_tag":[],"class_list":{"0":"post-84","1":"product","2":"type-product","3":"status-publish","4":"has-post-thumbnail","6":"product_cat-hurghada-sea-excursions","8":"first","9":"instock","10":"shipping-taxable","11":"purchasable","12":"product-type-simple"},"_links":{"self":[{"href":"https:\/\/www.starkhattabychtours.com\/it\/wp-json\/wp\/v2\/product\/84","targetHints":{"allow":["GET"]}}],"collection":[{"href":"https:\/\/www.starkhattabychtours.com\/it\/wp-json\/wp\/v2\/product"}],"about":[{"href":"https:\/\/www.starkhattabychtours.com\/it\/wp-json\/wp\/v2\/types\/product"}],"wp:featuredmedia":[{"embeddable":true,"href":"https:\/\/www.starkhattabychtours.com\/it\/wp-json\/wp\/v2\/media\/341"}],"wp:attachment":[{"href":"https:\/\/www.starkhattabychtours.com\/it\/wp-json\/wp\/v2\/media?parent=84"}],"wp:term":[{"taxonomy":"product_cat","embeddable":true,"href":"https:\/\/www.starkhattabychtours.com\/it\/wp-json\/wp\/v2\/product_cat?post=84"},{"taxonomy":"product_tag","embeddable":true,"href":"https:\/\/www.starkhattabychtours.com\/it\/wp-json\/wp\/v2\/product_tag?post=84"}],"curies":[{"name":"wp","href":"https:\/\/api.w.org\/{rel}","templated":true}]}}