{"id":85,"date":"2024-09-04T07:08:40","date_gmt":"2024-09-04T07:08:40","guid":{"rendered":"https:\/\/www.starkhattabychtours.com\/it\/?post_type=product&#038;p=85"},"modified":"2024-10-05T10:21:13","modified_gmt":"2024-10-05T10:21:13","slug":"kitesurfing-intro-in-hurghada-course-available","status":"publish","type":"product","link":"https:\/\/www.starkhattabychtours.com\/it\/tour\/kitesurfing-intro-in-hurghada-course-available","title":{"rendered":"Introduzione al kitesurfing a Hurghada (corso disponibile)"},"content":{"rendered":"<section class=\"wpb-content-wrapper\"><p>[vc_section][vc_row][vc_column width=&#8221;1\/2&#8243;][vc_column_text]<\/p>\n<div class=\"presented-response-container ng-tns-c1254682528-176\">\n<div class=\"response-container-content ng-tns-c1254682528-176 tunable-selection-with-avatar\">\n<div class=\"response-content ng-tns-c1254682528-176\">\n<div class=\"markdown markdown-main-panel\" dir=\"ltr\">\n<p data-sourcepos=\"3:1-3:206\">Il kitesurfing \u00e8 uno sport acquatico in cui si guida una tavola sull&#8217;acqua utilizzando un aquilone (un grande aquilone gonfiabile) che consente di muoversi con la forza del vento ed eseguire vari salti.<\/p>\n<p data-sourcepos=\"5:1-5:139\">Il kitesurfing \u00e8 uno sport estremo, quindi \u00e8 essenziale imparare da un istruttore esperto. Un corso completo di formazione dura 12 ore.<\/p>\n<p data-sourcepos=\"7:1-7:172\">L&#8217;Egitto \u00e8 il luogo perfetto per imparare il kitesurfing. L&#8217;acqua bassa e calda rende facile e sicuro imparare a controllare l&#8217;aquilone e alzarsi in piedi sulla tavola.<\/p>\n<p data-sourcepos=\"9:1-9:137\">Il nostro servizio offre un&#8217;esperienza unica nel mercato turistico egiziano e invita tutti a provare nuove ed emozionanti sensazioni!<\/p>\n<p data-sourcepos=\"11:1-11:96\">L&#8217;addestramento \u00e8 condotto da istruttori di lingua russa, sia individualmente che in gruppo.<\/p>\n<\/div>\n<\/div>\n<\/div>\n<\/div>\n<div class=\"response-container-footer ng-tns-c1254682528-176\">\n<div class=\"actions-container-v2 ng-star-inserted\">\n<div class=\"buttons-container-v2 ng-star-inserted\">\n<div class=\"spacer ng-star-inserted\"><\/div>\n<\/div>\n<\/div>\n<\/div>\n<p>[\/vc_column_text][\/vc_column][vc_column width=&#8221;1\/2&#8243;][vc_single_image image=&#8221;775&#8243; img_size=&#8221;full&#8221;][\/vc_column][\/vc_row][vc_row][vc_column width=&#8221;1\/2&#8243;][vc_column_text]<\/p>\n<div class=\"presented-response-container ng-tns-c1254682528-184\">\n<div class=\"response-container-content ng-tns-c1254682528-184 tunable-selection-with-avatar\">\n<div class=\"response-content ng-tns-c1254682528-184\">\n<div class=\"markdown markdown-main-panel\" dir=\"ltr\">\n<h3 data-sourcepos=\"3:1-3:22\"><strong>Costo per persona:<\/strong><\/h3>\n<ul data-sourcepos=\"5:1-14:0\">\n<li data-sourcepos=\"5:1-7:200\"><strong>Corso introduttivo: $90<\/strong>\n<ul data-sourcepos=\"6:5-7:200\">\n<li data-sourcepos=\"6:5-6:14\">1 giorno<\/li>\n<li data-sourcepos=\"7:5-7:200\">Include 2 ore di formazione, teoria e tecniche di sicurezza. Dopo aver completato il corso, sarai in grado di controllare con sicurezza l&#8217;aquilone (kiteboard) e comprendere il suo funzionamento.<\/li>\n<\/ul>\n<\/li>\n<li data-sourcepos=\"8:1-10:181\"><strong>Corso base: $300<\/strong>\n<ul data-sourcepos=\"9:5-10:181\">\n<li data-sourcepos=\"9:5-9:16\">2-3 giorni<\/li>\n<li data-sourcepos=\"10:5-10:181\">Include 7 ore di formazione. Il corso ti permetter\u00e0 di padroneggiare il controllo sicuro dell&#8217;aquilone, completare le tecniche di sicurezza e i movimenti di base della tavola.<\/li>\n<\/ul>\n<\/li>\n<li data-sourcepos=\"11:1-14:0\"><strong>Corso avanzato completo: $500<\/strong>\n<ul data-sourcepos=\"12:5-14:0\">\n<li data-sourcepos=\"12:5-12:16\">3-4 giorni<\/li>\n<li data-sourcepos=\"13:5-14:0\">Include 12 ore di formazione: un corso completo di formazione ti aprir\u00e0 il kitesurfing in tutta la sua bellezza. Imparerai non solo a controllare l&#8217;aquilone e a stare in piedi sulla tavola, ma anche a muoverti controvento e provare a saltare!<\/li>\n<\/ul>\n<\/li>\n<\/ul>\n<p data-sourcepos=\"15:1-15:78\"><strong>Se desideri partecipare a un corso introduttivo in gruppo (prezzo totale):<\/strong><\/p>\n<ul data-sourcepos=\"17:1-20:0\">\n<li data-sourcepos=\"17:1-17:17\">2 persone: $150<\/li>\n<li data-sourcepos=\"18:1-18:17\">3 persone: $220<\/li>\n<li data-sourcepos=\"19:1-20:0\">4 persone: $280<\/li>\n<\/ul>\n<p data-sourcepos=\"21:1-21:148\"><strong>Si prega di notare: in una sessione di allenamento di gruppo, avrai meno pratica nel controllare l&#8217;aquilone rispetto a una sessione individuale.<\/strong><\/p>\n<\/div>\n<div class=\"skeleton-loader-container\"><\/div>\n<div class=\"response-footer gap complete\"><\/div>\n<\/div>\n<\/div>\n<\/div>\n<div class=\"response-container-footer ng-tns-c1254682528-184\">\n<div class=\"actions-container-v2 ng-star-inserted\">\n<div class=\"buttons-container-v2 ng-star-inserted\">\n<div class=\"thumbs-up-animation-container\" hidden=\"\"><\/div>\n<div class=\"thumbs-down-animation-container\" hidden=\"\"><\/div>\n<div class=\"menu-button-wrapper ng-star-inserted\"><\/div>\n<p>&nbsp;<\/p>\n<div class=\"menu-button-wrapper ng-star-inserted\">\n<div class=\"more-menu-button-container ng-star-inserted\"><\/div>\n<\/div>\n<div class=\"spacer ng-star-inserted\"><\/div>\n<\/div>\n<\/div>\n<\/div>\n<p>[\/vc_column_text][\/vc_column][vc_column width=&#8221;1\/2&#8243;][vc_column_text]<\/p>\n<h3 data-sourcepos=\"3:1-3:49\"><strong>Cosa \u00e8 incluso nell&#8217;escursione di formazione:<\/strong><\/h3>\n<ul data-sourcepos=\"5:1-10:53\">\n<li data-sourcepos=\"5:1-5:199\"><strong>Trasporto:<\/strong> trasferimento dal tuo hotel intorno alle 8:00 AM (l&#8217;orario esatto verr\u00e0 fornito dopo la prenotazione; il tempo di viaggio \u00e8 di 15-40 minuti, a seconda della posizione del tuo hotel);<\/li>\n<li data-sourcepos=\"6:1-6:114\"><strong>Riscaldamento:<\/strong> riscaldamento (stretching o yoga) per rafforzare i muscoli prima dell&#8217;allenamento, 30 minuti;<\/li>\n<li data-sourcepos=\"7:1-7:190\"><strong>Istruzione e teoria:<\/strong> lezione teorica e pratica, 45 minuti. Istruttori esperti di lingua russa dimostreranno le finestre del vento, le tecniche di controllo e le procedure di sicurezza;<\/li>\n<li data-sourcepos=\"8:1-8:231\"><strong>Allenamento:<\/strong> allenamento con un istruttore certificato di lingua russa (1 ora \/ 1 persona; 2 ore \/ 2 persone; 3 ore \/ 3 persone). Otterrai il massimo dal controllo dell&#8217;aquilone sotto la supervisione diretta di un istruttore;<\/li>\n<li data-sourcepos=\"9:1-9:90\"><strong>Dopo l&#8217;allenamento:<\/strong> possibilit\u00e0 di fare colazione o pranzo (a pagamento aggiuntivo);<\/li>\n<li data-sourcepos=\"10:1-10:53\"><strong>Ritorno:<\/strong> trasferimento di ritorno al tuo hotel.<\/li>\n<\/ul>\n<p>[\/vc_column_text][\/vc_column][\/vc_row][vc_row][vc_column][vc_column_text]<\/p>\n<div class=\"presented-response-container ng-tns-c1254682528-200\">\n<div class=\"response-container-content ng-tns-c1254682528-200 tunable-selection-with-avatar\">\n<div class=\"response-content ng-tns-c1254682528-200\">\n<div class=\"markdown markdown-main-panel\" dir=\"ltr\">\n<h3 data-sourcepos=\"3:1-3:32\"><strong>Incluso nel prezzo del tour:<\/strong><\/h3>\n<ul data-sourcepos=\"5:1-10:0\">\n<li data-sourcepos=\"5:1-5:56\"><strong>Trasporto:<\/strong> servizio di trasporto da e per l&#8217;hotel.<\/li>\n<li data-sourcepos=\"6:1-6:61\"><strong>Istruttore:<\/strong> assistenza di un istruttore parlante russo.<\/li>\n<li data-sourcepos=\"7:1-7:80\"><strong>Noleggio:<\/strong> noleggio di un aquilone, muta e tutta l&#8217;attrezzatura necessaria.<\/li>\n<li data-sourcepos=\"8:1-8:63\"><strong>Ingresso:<\/strong> biglietto d&#8217;ingresso a una spiaggia attrezzata.<\/li>\n<li data-sourcepos=\"9:1-10:0\"><strong>Bevande:<\/strong> bevande durante la sessione di allenamento.<\/li>\n<\/ul>\n<h3 data-sourcepos=\"11:1-11:36\"><strong>Non incluso nel prezzo del tour:<\/strong><\/h3>\n<ul data-sourcepos=\"13:1-14:0\">\n<li data-sourcepos=\"13:1-14:0\"><strong>Colazione o pranzo.<\/strong><\/li>\n<\/ul>\n<h3 data-sourcepos=\"15:1-15:28\"><strong>Informazioni aggiuntive:<\/strong><\/h3>\n<ul data-sourcepos=\"17:1-17:79\">\n<li data-sourcepos=\"17:1-17:79\"><strong>Allenamento:<\/strong> l&#8217;allenamento si svolge sulla riva e in acque poco profonde.<\/li>\n<\/ul>\n<\/div>\n<div class=\"skeleton-loader-container\"><\/div>\n<div class=\"response-footer gap complete\"><\/div>\n<\/div>\n<\/div>\n<\/div>\n<div class=\"response-container-footer ng-tns-c1254682528-200\">\n<div class=\"actions-container-v2 ng-star-inserted\">\n<div class=\"buttons-container-v2 ng-star-inserted\">\n<div class=\"thumbs-up-animation-container\" hidden=\"\"><\/div>\n<div class=\"thumbs-down-animation-container\" hidden=\"\"><\/div>\n<div class=\"menu-button-wrapper ng-star-inserted\"><\/div>\n<p>&nbsp;<\/p>\n<div class=\"menu-button-wrapper ng-star-inserted\">\n<div class=\"more-menu-button-container ng-star-inserted\"><\/div>\n<\/div>\n<div class=\"spacer ng-star-inserted\"><\/div>\n<\/div>\n<\/div>\n<\/div>\n<p>[\/vc_column_text][\/vc_column][\/vc_row][\/vc_section][vc_section][vc_row][vc_column]<div id=\"kapee-header-35673\" class=\"kapee-element kapee-heading text-left kapee-width-100 separator-none separator-between-heading\">\t\n\t\t\t\n\t\t\t<div class=\"heading-wrap\">\n\t\t\t<span class=\"separator-left\"><\/span>\n\t\t\t<h2 class=\"heading-title\">Domande frequenti (FAQ): <\/h2>\t\t\t<span class=\"separator-right\"><\/span>\n\t\t\t\t\t<\/div>\n\t\t\n    <\/div>[vc_toggle title=&#8221;Il vostro prezzo \u00e8 cos\u00ec basso&#8230; Probabilmente state facendo un servizio di bassa qualit\u00e0?&#8221; style=&#8221;square_outline&#8221; color=&#8221;sky&#8221;]Offriamo davvero alcuni dei prezzi pi\u00f9 bassi mantenendo un alto livello di servizio. Il motivo \u00e8 che siamo una societ\u00e0 di prenotazioni online per grandi operatori turistici in Egitto, il che ci consente di offrire prezzi molto competitivi grazie al nostro ampio volume di turisti. Prenotando con noi, ricevi un servizio di alta qualit\u00e0 senza pagare eccessivamente gli intermediari.[\/vc_toggle][vc_toggle title=&#8221;Che tipo di autobus e trasferimenti avete?&#8221; style=&#8221;square_outline&#8221; color=&#8221;sky&#8221;]Una variet\u00e0 di trasporti \u00e8 disponibile per l&#8217;uso degli organizzatori dell&#8217;evento all&#8217;interno del parco, tra cui auto, minivan e comodi autobus. Tutti i veicoli sono dotati di aria condizionata e sistemi di sicurezza. Per viaggi pi\u00f9 lunghi, vengono forniti autobus con servizi igienici. Inoltre, tutti i veicoli vengono sottoposti a regolari controlli di manutenzione e sanificazione, e possiedono le necessarie autorizzazioni turistiche. Inoltre, i conducenti vengono sottoposti a ispezioni dalla polizia turistica prima di ogni lungo viaggio.[\/vc_toggle][vc_toggle title=&#8221;Come e quando pago per il tour?&#8221; style=&#8221;square_outline&#8221; color=&#8221;sky&#8221;]Lavoriamo senza pagamento anticipato. Tutti i tour di gruppo vengono pagati sull&#8217;autobus o durante il tour stesso. Le eccezioni sono i pagamenti anticipati per i tour privati e i tour che richiedono l&#8217;acquisto di biglietti aerei o l&#8217;elaborazione di documenti. I nostri programmi principali vengono pagati direttamente durante il trasferimento o all&#8217;inizio del tour. Non \u00e8 necessario cercare qualcuno per pagare il tour. Un dipendente dell&#8217;organizzatore si avviciner\u00e0 a te. Puoi pagare in contanti in dollari USA, euro o sterline egiziane. Per la tua comodit\u00e0, offriamo anche la possibilit\u00e0 di trasferire fondi su una carta bancaria in rubli, grivnie ed euro al tasso di cambio o su un portafoglio di criptovaluta in USDT, prima del tour. Per informazioni pi\u00f9 dettagliate sui metodi di pagamento e sui rimborsi, consulta qui.[\/vc_toggle][vc_toggle title=&#8221;Hai una licenza turistica?&#8221; style=&#8221;square_outline&#8221; color=&#8221;sky&#8221;]L&#8217;Egitto \u00e8 un paese altamente regolamentato, specialmente quando si tratta di turismo. Affinch\u00e9 qualsiasi veicolo o yacht possa partire per un&#8217;escursione, \u00e8 necessario ottenere permessi giornalieri sia dalla polizia che dai militari. Se gli operatori turistici non hanno una valida licenza turistica, naturalmente non gli verranno concessi questi permessi. Ecco perch\u00e9 per alcune escursioni, potremmo richiedere copie dei vostri voucher e passaporti (questo vale per le escursioni marine a Sharm El-Sheikh, i tour privati e alcuni tour di gruppo se coinvolgono l&#8217;uscita dalla citt\u00e0. Per altre escursioni, i permessi vengono semplicemente rilasciati in base al numero di persone e non sono necessari i dettagli del passaporto).[\/vc_toggle][vc_toggle title=&#8221;Siamo assicurati durante l&#8217;escursione?&#8221; style=&#8221;square_outline&#8221; color=&#8221;sky&#8221;]<\/p>\n<p data-sourcepos=\"3:1-3:250\">Sfortunatamente, alcune guide degli hotel cercano di convincere i turisti che la loro assicurazione di viaggio \u00e8 presumibilmente invalida se prenotano escursioni con operatori turistici esterni, invece della loro stessa compagnia. Questo non \u00e8 vero.<\/p>\n<p data-sourcepos=\"5:1-5:148\">Innanzitutto, la tua assicurazione di viaggio \u00e8 valida in tutto l&#8217;Egitto, proprio come lo sarebbe se prenotassi con la compagnia di tour dell&#8217;hotel.<\/p>\n<p data-sourcepos=\"7:1-7:381\">In secondo luogo, se sei su una barca, un autobus o un altro mezzo di trasporto, l&#8217;organizzatore si assume la piena responsabilit\u00e0 assicurativa nei confronti dei passeggeri. Altrimenti, semplicemente non sarebbero in grado di ottenere un permesso per condurre attivit\u00e0 turistiche. L&#8217;Egitto ha regolamenti turistici piuttosto rigidi e sono necessari permessi prima di ogni viaggio.<\/p>\n<p>[\/vc_toggle][vc_toggle title=&#8221;Come posso recuperare un oggetto perso durante un tour?&#8221; style=&#8221;square_outline&#8221; color=&#8221;sky&#8221;]Ricordiamo sempre ai nostri ospiti di controllare attentamente di avere con s\u00e9 tutti i loro effetti personali prima di uscire dall&#8217;autobus o dallo yacht alla fine del tour. Sfortunatamente, recuperare oggetti smarriti pu\u00f2 essere piuttosto difficile a causa della partenza immediata dei veicoli per la pulizia e le complessit\u00e0 della logistica egiziana. Sebbene faremo il possibile per aiutarti a ritrovare i tuoi effetti personali, non possiamo garantire un tasso di recupero del 100%. Se riusciamo a trovare il tuo oggetto, ci sar\u00e0 una tassa di consegna di $5-10. Si prega di prestare attenzione ai propri effetti personali![\/vc_toggle][vc_toggle title=&#8221;Dovrei modificare i miei piani o aspettare per il tour?&#8221; style=&#8221;square_outline&#8221; color=&#8221;sky&#8221;]Abbiamo un significativo afflusso giornaliero di richieste di prenotazione per i nostri programmi da parte dei turisti. Di conseguenza, la maggior parte delle escursioni vengono organizzate quotidianamente o in specifici giorni della settimana seguendo un programma dettagliato fornito nella descrizione di ciascun programma. Dopo la prenotazione, ti invieremo l&#8217;ora esatta del prelievo dal tuo hotel. Molti tour saranno condotti con piccoli gruppi provenienti da vari hotel che hanno acquistato escursioni attraverso gli operatori turistici. L&#8217;unica differenza \u00e8 che i nostri prezzi sono del 40-60% pi\u00f9 bassi (i nostri organizzatori conducono tutte le principali escursioni a Hurghada e Sharm El-Sheikh per turisti di lingua russa).[\/vc_toggle][vc_toggle title=&#8221;Dove posso trovare il fotografo che ha scattato le foto durante il tour?&#8221; style=&#8221;square_outline&#8221; color=&#8221;sky&#8221;]Vorremmo informarvi che i fotografi che vi accompagnano durante le escursioni agiscono come rappresentanti indipendenti dei loro studi fotografici. Non fanno parte del nostro servizio online o del team organizzatore del programma. Tutti i termini e le condizioni relativi al servizio fotografico e al suo pagamento vengono discussi e concordati direttamente tra voi e il fotografo. Consigliamo di avvicinarsi ai pagamenti anticipati con cautela e di assicurarsi l&#8217;affidabilit\u00e0 dei servizi, nonch\u00e9 di ottenere tutte le informazioni di contatto del fotografo prima di effettuare qualsiasi pagamento.[\/vc_toggle][\/vc_column][\/vc_row][\/vc_section]<\/p>\n<\/section>","protected":false},"excerpt":{"rendered":"<ul>\n<li><strong>Prezzo &#8211; adulti (da 1 persona) <\/strong>$90<\/li>\n<li><strong>Prezzo &#8211; adulti (da 2 persone) <\/strong>$75<\/li>\n<li><strong>Durata stimata <\/strong>5-7 ore<\/li>\n<li><strong>Giorni della settimana Su richiesta<\/strong><\/li>\n<\/ul>\n<p>&nbsp;<\/p>\n<ul>\n<li data-sourcepos=\"4:1-4:30\">Prenotazione in 3 minuti<\/li>\n<li data-sourcepos=\"5:1-5:33\">Nessun pagamento anticipato<\/li>\n<li data-sourcepos=\"6:1-6:30\">Trasferimento dall&#8217;hotel<\/li>\n<li data-sourcepos=\"7:1-7:27\">Assicurazione inclusa<\/li>\n<li data-sourcepos=\"8:1-8:26\">Guida parlante russo<\/li>\n<li data-sourcepos=\"9:1-9:47\">Nessun pagamento aggiuntivo o commissioni<\/li>\n<li data-sourcepos=\"10:1-10:29\">Foto e recensioni reali<\/li>\n<li data-sourcepos=\"11:1-12:0\">Gestore personale<\/li>\n<\/ul>\n","protected":false},"featured_media":343,"template":"","meta":[],"product_cat":[20,17],"product_tag":[],"class_list":{"0":"post-85","1":"product","2":"type-product","3":"status-publish","4":"has-post-thumbnail","6":"product_cat-hurghada-individual-excursions","7":"product_cat-hurghada-sea-excursions","9":"first","10":"instock","11":"shipping-taxable","12":"purchasable","13":"product-type-simple"},"_links":{"self":[{"href":"https:\/\/www.starkhattabychtours.com\/it\/wp-json\/wp\/v2\/product\/85","targetHints":{"allow":["GET"]}}],"collection":[{"href":"https:\/\/www.starkhattabychtours.com\/it\/wp-json\/wp\/v2\/product"}],"about":[{"href":"https:\/\/www.starkhattabychtours.com\/it\/wp-json\/wp\/v2\/types\/product"}],"wp:featuredmedia":[{"embeddable":true,"href":"https:\/\/www.starkhattabychtours.com\/it\/wp-json\/wp\/v2\/media\/343"}],"wp:attachment":[{"href":"https:\/\/www.starkhattabychtours.com\/it\/wp-json\/wp\/v2\/media?parent=85"}],"wp:term":[{"taxonomy":"product_cat","embeddable":true,"href":"https:\/\/www.starkhattabychtours.com\/it\/wp-json\/wp\/v2\/product_cat?post=85"},{"taxonomy":"product_tag","embeddable":true,"href":"https:\/\/www.starkhattabychtours.com\/it\/wp-json\/wp\/v2\/product_tag?post=85"}],"curies":[{"name":"wp","href":"https:\/\/api.w.org\/{rel}","templated":true}]}}